{"id":1629,"date":"2021-03-27T16:44:39","date_gmt":"2021-03-27T15:44:39","guid":{"rendered":"http:\/\/monperejeanmamy.fr\/?page_id=1629"},"modified":"2021-04-17T16:40:10","modified_gmt":"2021-04-17T14:40:10","slug":"les-noms-sont-connus-patience","status":"publish","type":"page","link":"https:\/\/monperejeanmamy.fr\/?page_id=1629","title":{"rendered":"Les noms sont connus, patience"},"content":{"rendered":"<h1 style=\"text-align: center;\">Article du 21 ao\u00fbt 1941 d\u00e9non\u00e7ant la Synarchie<\/h1>\n<h1 style=\"text-align: justify;\">Nous posons le probl\u00e8me au lecteur comme il s&rsquo;est pos\u00e9 pour nous.<\/h1>\n<p style=\"text-align: justify;\">II s&rsquo;agissait de savoir qui, parmi les amis de Coutrot, parmi le personnel au pouvoir, parmi les anciens polytechniciens, parmi le haut personnel administratif et financier, proc\u00e9dant avec la m\u00eame m\u00e9thode, servait les m\u00eames int\u00e9r\u00eats.<\/p>\n<p style=\"text-align: justify;\">Tout d&rsquo;abord des indications pr\u00e9cises nous ont aiguill\u00e9s vers l&rsquo;homme qui a certainement dirig\u00e9 le mouvement synarchique aux c\u00f4t\u00e9s de Coutrot et qui a permis l&rsquo;accession au pouvoir \u00e0 nombre d&rsquo;amis du m\u00eame clan.<\/p>\n<p style=\"text-align: justify;\">Ce personnage commen\u00e7a par s&rsquo;installer seul au pouvoir. Puis il prit toutes les places pour ses amis.<\/p>\n<h1 style=\"text-align: justify;\">Et ce n&rsquo;est pas tout&#8230;<\/h1>\n<p style=\"text-align: justify;\">Cette \u00e9quipe politique en cache une autre, l&rsquo;\u00e9quipe bancaire o\u00f9 on retrouve un directeur-administrateur de la Soci\u00e9t\u00e9 G\u00e9n\u00e9rale, un directeur g\u00e9n\u00e9ral des finances, un membre du Comit\u00e9 de l&rsquo;Union G\u00e9n\u00e9rale des Banques, Formery, charg\u00e9 de la question du ch\u00f4mage, de Peyherimoff, de Pharamond, etc.<\/p>\n<p style=\"text-align: justify;\">Dans les groupes commerciaux on trouve le baron de Nervo, administrateur d&rsquo;une quantit\u00e9 de grosses affaires industrielles, Marcel Marceron, ex-officier d&rsquo;ordonnance de Mandel, Robert Lemaignen, gendre du baron de Nervo et Robert Fossorier, mari de l&rsquo;actrice Morgan.<\/p>\n<p style=\"text-align: justify;\">Tous ces hauts requins sont acoquin\u00e9s avec Worms Hypolite qui dirige la man\u0153uvre.<\/p>\n<h1 style=\"text-align: justify;\">Contre qui est dirig\u00e9e cette man\u0153uvre ?<\/h1>\n<p style=\"text-align: justify;\">Contre le peuple fran\u00e7ais parbleu ! Contre qui voulez-vous que travaillent les banques et leurs hommes !<\/p>\n<p style=\"text-align: justify;\">Cette \u00e9quipe est constitu\u00e9e exactement sur le mod\u00e8le des bandes de \u00ab\u00a0gangsters\u00a0\u00bb am\u00e9ricains.<\/p>\n<p style=\"text-align: justify;\">II ne faut pas s&rsquo;\u00e9tonner de voir l&rsquo;amiral Leahy tourner autour d&rsquo;elle avec affairement.<\/p>\n<p style=\"text-align: justify;\">Aux derni\u00e8res nouvelles, l&rsquo;\u00e9quipe fran\u00e7aise de t\u00eate serait compos\u00e9e de sept membres et s&rsquo;intitulerait Comit\u00e9 synarchique ou Supr\u00eame Conseil synarchique pour la France et les pays eurafricains.<\/p>\n<p style=\"text-align: justify;\">Leur besogne depuis la d\u00e9faite fut des plus pr\u00e9cises. Elle tient en plusieurs points depuis dans une note confidentielle qui nous est parvenue et qui dit :<\/p>\n<ol>\n<li style=\"text-align: justify;\">\u00a0Faire \u00e9chec \u00e0 la politique du Mar\u00e9chal en ce qui concerne la R\u00e9volution nationale pour tout ce qui serait susceptible d&rsquo;instaurer un r\u00e9gime socialisant au sein du pays ;<\/li>\n<li style=\"text-align: justify;\">Saper \u00e0 la base tout effort social pouvant avoir pour r\u00e9sultats d&rsquo;affaiblir les positions des groupes financiers internationaux et chercher par tous les moyens \u00e0 renforcer la position de ces groupes jusqu&rsquo;\u00e0 ce qu&rsquo;ils d\u00e9tiennent tous les leviers essentiels de la production industrielle ;<\/li>\n<li style=\"text-align: justify;\">Sauvegarder les int\u00e9r\u00eats financiers juifs par tous les moyens et dans tous les domaines int\u00e9ressant l&rsquo;\u00e9conomie, ainsi que les int\u00e9r\u00eats anglo-saxons, li\u00e9s avec les groupes financiers int\u00e9ress\u00e9s au mouvement ;<\/li>\n<li style=\"text-align: justify;\">Faire \u00e9chec \u00e0 toute tentative d&rsquo;organisation \u00e9conomique et douani\u00e8re d&rsquo;inspiration exclusivement europ\u00e9enne et ayant pour cons\u00e9quence de rendre l&rsquo;Europe continentale ind\u00e9pendante des importations anglo-saxonnes.<\/li>\n<\/ol>\n<p style=\"text-align: justify;\">Ce groupe fut constitu\u00e9 d\u00e8s fin juillet et son programme imm\u00e9diat comprenait :<\/p>\n<ol>\n<li style=\"text-align: justify;\">Vote d&rsquo;une loi permettant la mainmise sur toute l&rsquo;industrie par le moyen des comit\u00e9s d&rsquo;organisation et de r\u00e9partition.<\/li>\n<li style=\"text-align: justify;\">\u00c9limination du gouvernement des personnalit\u00e9s \u00e0 tendance r\u00e9volutionnaire ou \u00e0 sympathies nationales-socialistes.<\/li>\n<\/ol>\n<p style=\"text-align: justify;\">Sur le plan de la collaboration franco-allemande, le mot d&rsquo;ordre est de rechercher avec les firmes allemandes une s\u00e9rie d&rsquo;accords apportant sur le plan financier des avantages r\u00e9els, et de cr\u00e9er avec les chefs de l&rsquo;industrie allemande une solidarit\u00e9 d&rsquo;int\u00e9r\u00eats tr\u00e8s \u00e9troite, pouvant s&rsquo;\u00e9tendre de l&rsquo;autre c\u00f4t\u00e9 de l&rsquo;Atlantique le cas \u00e9ch\u00e9ant, le tout fortement charpent\u00e9 et susceptible :<\/p>\n<ol>\n<li>de se souder aux groupes anglo-saxons d\u00e8s la fin de la guerre. M. P. E. Flandin serait le lien et le conseil de ces sortes d&rsquo;ententes ;<\/li>\n<li>de faire \u00e9chec \u00e0 toute tentative d&rsquo;extension du socialisme dans le programme hitl\u00e9rien ;<\/li>\n<li>d&#8217;emp\u00eacher une union douani\u00e8re europ\u00e9enne contraire aux int\u00e9r\u00eats anglo-saxons.<\/li>\n<\/ol>\n<p style=\"text-align: justify;\">Des mots d&rsquo;ordre ont \u00e9t\u00e9 donn\u00e9s pour que l&rsquo;on con\u00e7oive des accords financiers entre groupes fran\u00e7ais et allemands de telle fa\u00e7on que leurs int\u00e9r\u00eats les conduisent \u00e0 faire pression sur leur gouvernement pour que les int\u00e9r\u00eats jud\u00e9o-anglo-saxons soient int\u00e9gralement sauvegard\u00e9s.<\/p>\n<p style=\"text-align: justify;\">Comme on le voit, la bande ne recule devant rien. Elle est l&rsquo;expression la plus parfaite du gangst\u00e9risme juif, anglo-saxon et gaulliste. Car tous ces hommes ont \u00e9t\u00e9 plac\u00e9s pour piller l&rsquo;Empire fran\u00e7ais et le remettre intact aux mains du capitalisme international. Quelle que soit l&rsquo;issue du conflit, ils ont tout pr\u00e9vu. Le sol et le sous-sol de notre Afrique est d\u00e9j\u00e0 vendu au-del\u00e0 de l&rsquo;Oc\u00e9an. Il faudra que les Fran\u00e7ais reconqui\u00e8rent tous leurs biens.<\/p>\n<p style=\"text-align: justify;\">Cette haute \u00e9quipe de trahison a de nombreux petits complices dans l&rsquo;administration et l&rsquo;industrie. II faudra les d\u00e9pister un \u00e0 un. Comment les trouver ?<\/p>\n<p style=\"text-align: justify;\">Coutrot avait organis\u00e9 plusieurs groupements curieux : le premier, Centre d&rsquo;\u00e9tudes des probl\u00e8mes humains (CEPH.), comprenait un certain nombre de personnalit\u00e9s o\u00f9 l&rsquo;on retrouve pas mal de synarchistes connus et d&rsquo;autres moins marqu\u00e9s, qui ne fr\u00e9quentaient la bande que par arrivisme ou curiosit\u00e9.<\/p>\n<p style=\"text-align: justify;\">Un autre groupement \u00e9tait l&rsquo;Institut de psychologie appliqu\u00e9e (IPSA), un autre le Comit\u00e9 national de l&rsquo;organisation fran\u00e7aise (CNOF) qui se proposait simplement de \u00ab\u00a0noyauter\u00a0\u00bb nos administrations. On y retrouve \u00e0 peu pr\u00e8s les m\u00eames gens.<\/p>\n<p style=\"text-align: justify;\">Au point de vue politique, Coutrot s&rsquo;\u00e9tait beaucoup int\u00e9ress\u00e9 au Comit\u00e9 du plan, Coutrot figurait parmi les membres de ce Comit\u00e9. La doctrine du Comit\u00e9 du plan n&rsquo;\u00e9tait pas sans rapport avec la Synarchie. Mais les circonstances politiques \u00e9taient diff\u00e9rentes. Sous le d\u00e9funt r\u00e9gime r\u00e9publicain, l&rsquo;\u00e9quipe synarchique \u00e9tait sur le point d&rsquo;acc\u00e9der au pouvoir sans qu&rsquo;on en soup\u00e7onn\u00e2t l&rsquo;existence.<\/p>\n<h1 style=\"text-align: justify;\">Elle a profit\u00e9 impudemment de la d\u00e9faite.<\/h1>\n<p style=\"text-align: justify;\">Elle s&rsquo;est r\u00e9v\u00e9l\u00e9e comme une \u00e9quipe anti-fran\u00e7aise, pr\u00eate \u00e0 toutes les besognes de haute trahison en faveur des mandarins du capital.<\/p>\n<p style=\"text-align: justify;\">Il faut les d\u00e9loger du pouvoir co\u00fbte que co\u00fbte. Ce peuple vaincu a droit \u00e0 ce qu&rsquo;on le rel\u00e8ve et non \u00e0 ce qu&rsquo;on le livre aux gangsters. De plus en plus, il faut faire la R\u00e9volution nationale, contre l&rsquo;Intrusion de l&rsquo;\u00e9tranger, du Juif, contre la dictature de l&rsquo;argent.<\/p>\n<p style=\"text-align: justify;\">La France est abominablement trahie. Puisse-t-elle secouer ses bourreaux anglophiles, ses usuriers et ses gangsters !<\/p>\n<p style=\"text-align: right;\">Paul Riche<\/p>\n","protected":false},"excerpt":{"rendered":"<p>Article du 21 ao\u00fbt 1941 d\u00e9non\u00e7ant la Synarchie Nous posons le probl\u00e8me au lecteur comme il s&rsquo;est pos\u00e9 pour nous. II s&rsquo;agissait de savoir qui, parmi les amis de Coutrot, parmi le personnel au pouvoir, parmi les anciens polytechniciens, parmi &hellip; <a href=\"https:\/\/monperejeanmamy.fr\/?page_id=1629\">Continuer la lecture <span class=\"meta-nav\">&rarr;<\/span><\/a><\/p>\n","protected":false},"author":2,"featured_media":422,"parent":0,"menu_order":0,"comment_status":"closed","ping_status":"closed","template":"","meta":[],"folder":[],"_links":{"self":[{"href":"https:\/\/monperejeanmamy.fr\/index.php?rest_route=\/wp\/v2\/pages\/1629"}],"collection":[{"href":"https:\/\/monperejeanmamy.fr\/index.php?rest_route=\/wp\/v2\/pages"}],"about":[{"href":"https:\/\/monperejeanmamy.fr\/index.php?rest_route=\/wp\/v2\/types\/page"}],"author":[{"embeddable":true,"href":"https:\/\/monperejeanmamy.fr\/index.php?rest_route=\/wp\/v2\/users\/2"}],"replies":[{"embeddable":true,"href":"https:\/\/monperejeanmamy.fr\/index.php?rest_route=%2Fwp%2Fv2%2Fcomments&post=1629"}],"version-history":[{"count":4,"href":"https:\/\/monperejeanmamy.fr\/index.php?rest_route=\/wp\/v2\/pages\/1629\/revisions"}],"predecessor-version":[{"id":2141,"href":"https:\/\/monperejeanmamy.fr\/index.php?rest_route=\/wp\/v2\/pages\/1629\/revisions\/2141"}],"wp:featuredmedia":[{"embeddable":true,"href":"https:\/\/monperejeanmamy.fr\/index.php?rest_route=\/wp\/v2\/media\/422"}],"wp:attachment":[{"href":"https:\/\/monperejeanmamy.fr\/index.php?rest_route=%2Fwp%2Fv2%2Fmedia&parent=1629"}],"wp:term":[{"taxonomy":"folder","embeddable":true,"href":"https:\/\/monperejeanmamy.fr\/index.php?rest_route=%2Fwp%2Fv2%2Ffolder&post=1629"}],"curies":[{"name":"wp","href":"https:\/\/api.w.org\/{rel}","templated":true}]}}