{"id":1660,"date":"2021-03-30T12:34:02","date_gmt":"2021-03-30T10:34:02","guid":{"rendered":"http:\/\/monperejeanmamy.fr\/?page_id=1660"},"modified":"2021-03-31T06:28:10","modified_gmt":"2021-03-31T04:28:10","slug":"la-derniere-lettre","status":"publish","type":"page","link":"https:\/\/monperejeanmamy.fr\/?page_id=1660","title":{"rendered":"La derni\u00e8re lettre"},"content":{"rendered":"<h1>Mardi 29 mars 1949 &#8211; Prison de Fresnes<\/h1>\n<p>6h10 : La porte de la cellule 1\/46 du quartier des Condamn\u00e9s \u00e0 Mort s&rsquo;ouvre.<\/p>\n<ul>\n<li style=\"text-align: justify;\">Le Directeur de la Prison entre, accompagn\u00e9 de Ma\u00eetre Pierre Leroy et d&rsquo;un commissaire de Police.<\/li>\n<li style=\"text-align: justify;\">Il r\u00e9veille mon p\u00e8re et lui annonce que sa demande de gr\u00e2ce a \u00e9t\u00e9 rejet\u00e9 par le Pr\u00e9sident de la R\u00e9publique, Vincent Auriol.<\/li>\n<li style=\"text-align: justify;\">Il l&rsquo;informe que la sentence va \u00eatre ex\u00e9cut\u00e9e sans tarder.<\/li>\n<li style=\"text-align: justify;\">Jean Mamy demande a s&rsquo;entretenir avec le pasteur.<\/li>\n<li style=\"text-align: justify;\">On l&rsquo;autorise \u00e0 \u00e9crire UNE lettre, la derni\u00e8re, \u00e0 la personne de son choix.<\/li>\n<li>Il prend la lettre que sa m\u00e8re lui avait \u00e9crite quelques jours avant\u00a0 \u00ab <em>pour le matin du d\u00e9part<\/em> \u00bb :<\/li>\n<\/ul>\n<p><img loading=\"lazy\" class=\"aligncenter size-full wp-image-1662\" src=\"http:\/\/monperejeanmamy.fr\/wp-content\/uploads\/2021\/03\/1949-03-29-Jean-Mamy-a-sa-mere-verso-lettre-de-sa-mere.jpg\" alt=\"\" width=\"1272\" height=\"1754\" srcset=\"https:\/\/monperejeanmamy.fr\/wp-content\/uploads\/2021\/03\/1949-03-29-Jean-Mamy-a-sa-mere-verso-lettre-de-sa-mere.jpg 1272w, https:\/\/monperejeanmamy.fr\/wp-content\/uploads\/2021\/03\/1949-03-29-Jean-Mamy-a-sa-mere-verso-lettre-de-sa-mere-218x300.jpg 218w, https:\/\/monperejeanmamy.fr\/wp-content\/uploads\/2021\/03\/1949-03-29-Jean-Mamy-a-sa-mere-verso-lettre-de-sa-mere-743x1024.jpg 743w, https:\/\/monperejeanmamy.fr\/wp-content\/uploads\/2021\/03\/1949-03-29-Jean-Mamy-a-sa-mere-verso-lettre-de-sa-mere-768x1059.jpg 768w, https:\/\/monperejeanmamy.fr\/wp-content\/uploads\/2021\/03\/1949-03-29-Jean-Mamy-a-sa-mere-verso-lettre-de-sa-mere-1114x1536.jpg 1114w\" sizes=\"(max-width: 1272px) 100vw, 1272px\" \/><\/p>\n<p style=\"text-align: right;\"><em>Envoy\u00e9e pour le matin du d\u00e9part<\/em><\/p>\n<p style=\"padding-left: 40px;\"><em>Mon Jeannot ch\u00e9ri<\/em><\/p>\n<p style=\"padding-left: 40px;\"><em>Comme Dieu est bon de nous avoir appris par la Science Chr\u00e9tienne que nous vivons \u00e9ternellement par Lui et en Lui.<\/em><br \/>\n<em>Je suis heureuse de pouvoir m&rsquo;\u00e9lever dans cette grande voie, ce grand chemin de la V\u00e9rit\u00e9, de la Vie, de l&rsquo;Amour.<\/em><br \/>\n<em>Toujours unis nous sommes en Dieu. Ton \u00e9l\u00e9vation sera la mienne dans le grand plan de Dieu.<\/em><br \/>\n<em>Je suis bien en Dieu avec toi.<\/em><br \/>\n<em>Nous nous aimons pour l&rsquo;\u00e9ternit\u00e9.<\/em><\/p>\n<p style=\"padding-left: 40px; text-align: right;\"><em>Ta maman; Marie, +baiser<\/em><\/p>\n<p style=\"padding-left: 40px;\"><em>P.S. Je remercie Dieu de la compr\u00e9hension qu&rsquo;Il te donne dans son grand Amour. Enfant bien aim\u00e9 tu es b\u00e9ni pour toujours.<\/em><\/p>\n<hr \/>\n<p>Jean Mamy r\u00e9pond au verso ces quelques lignes qui seront remises \u00e0 sa m\u00e8re :<br \/>\n<img loading=\"lazy\" class=\"aligncenter size-full wp-image-1663\" src=\"http:\/\/monperejeanmamy.fr\/wp-content\/uploads\/2021\/03\/1949-03-29-Jean-Mamy-a-sa-mere.jpg\" alt=\"\" width=\"1272\" height=\"1754\" srcset=\"https:\/\/monperejeanmamy.fr\/wp-content\/uploads\/2021\/03\/1949-03-29-Jean-Mamy-a-sa-mere.jpg 1272w, https:\/\/monperejeanmamy.fr\/wp-content\/uploads\/2021\/03\/1949-03-29-Jean-Mamy-a-sa-mere-218x300.jpg 218w, https:\/\/monperejeanmamy.fr\/wp-content\/uploads\/2021\/03\/1949-03-29-Jean-Mamy-a-sa-mere-743x1024.jpg 743w, https:\/\/monperejeanmamy.fr\/wp-content\/uploads\/2021\/03\/1949-03-29-Jean-Mamy-a-sa-mere-768x1059.jpg 768w, https:\/\/monperejeanmamy.fr\/wp-content\/uploads\/2021\/03\/1949-03-29-Jean-Mamy-a-sa-mere-1114x1536.jpg 1114w\" sizes=\"(max-width: 1272px) 100vw, 1272px\" \/><\/p>\n<p style=\"padding-left: 80px; text-align: right;\"><em>Le matin du d\u00e9part<\/em><\/p>\n<p style=\"padding-left: 40px;\"><em>Ch\u00e8re petite maman<\/em><\/p>\n<p style=\"padding-left: 40px;\"><em>Je suis dans toute la paix et la j<span style=\"text-decoration: underline;\">oie<\/span>.<br \/>\n<\/em><em>J&rsquo;ai compris que l&rsquo;\u00e9preuve par o\u00f9 jje passais \u00e9tait <span style=\"text-decoration: underline;\">d\u00e9monstration<\/span>.<br \/>\n<\/em><em>Il \u00e9tait n\u00e9cessaire que je prouve pour beaucoup, qu j&rsquo;ouvre un chemin, que je suive le chemin vers <span style=\"text-decoration: underline;\">l&rsquo;ascension<\/span>\u00a0 par o\u00f9 nous devons tous passer, que je montre \u00e0 tous ceux qui regardent ce que peut la parole, l<span style=\"text-decoration: underline;\">a Parole<\/span>.<br \/>\n<\/em><em>Tu trouveras dans le petit cahier bleu mes derni\u00e8res notes m\u00e9taphysiques.<br \/>\n<\/em><em>Je n&rsquo;ai jamais eu de semaine plus belle. Et je vais vers la <span style=\"text-decoration: underline;\">Vie \u00e9blouissante \u00e9ternelle<\/span>. C&rsquo;est le mal qui ment. <span style=\"text-decoration: underline;\">Le Bien<\/span> ne ment pas.<br \/>\n<\/em><em>Je t&#8217;embrasse. Embrasse-les tous. Je reste avec vous pour toujours. <span style=\"text-decoration: underline;\">Le JE,<\/span> <span style=\"text-decoration: underline;\">le Moi<\/span>, <span style=\"text-decoration: underline;\">le Nous<\/span> est \u00e9ternel. Et apr\u00e8s avoir vaincu beaucoup, il nous faut vraiment vaincre le dernier ennemi, qui n&rsquo;est pas un ennemi.<\/em><\/p>\n<p style=\"padding-left: 40px; text-align: right;\"><em>Ton fils, J.<\/em><\/p>\n<p style=\"padding-left: 40px;\"><em>Mon Bernard sur mon c\u0153ur.<\/em><\/p>\n<hr \/>\n<p>6h48 : il quitte la prison de Fresnes.<br \/>\n7h05 : il est fusill\u00e9 dans les foss\u00e9s du Fort de Montrouge, on \u00ab ramasse ses restes \u00bb.<br \/>\n7h25 : il est inhum\u00e9 au cimeti\u00e8re parisien de Thiais.<\/p>\n","protected":false},"excerpt":{"rendered":"<p>Mardi 29 mars 1949 &#8211; Prison de Fresnes 6h10 : La porte de la cellule 1\/46 du quartier des Condamn\u00e9s \u00e0 Mort s&rsquo;ouvre. Le Directeur de la Prison entre, accompagn\u00e9 de Ma\u00eetre Pierre Leroy et d&rsquo;un commissaire de Police. Il &hellip; <a href=\"https:\/\/monperejeanmamy.fr\/?page_id=1660\">Continuer la lecture <span class=\"meta-nav\">&rarr;<\/span><\/a><\/p>\n","protected":false},"author":2,"featured_media":1672,"parent":0,"menu_order":0,"comment_status":"closed","ping_status":"closed","template":"","meta":[],"folder":[],"_links":{"self":[{"href":"https:\/\/monperejeanmamy.fr\/index.php?rest_route=\/wp\/v2\/pages\/1660"}],"collection":[{"href":"https:\/\/monperejeanmamy.fr\/index.php?rest_route=\/wp\/v2\/pages"}],"about":[{"href":"https:\/\/monperejeanmamy.fr\/index.php?rest_route=\/wp\/v2\/types\/page"}],"author":[{"embeddable":true,"href":"https:\/\/monperejeanmamy.fr\/index.php?rest_route=\/wp\/v2\/users\/2"}],"replies":[{"embeddable":true,"href":"https:\/\/monperejeanmamy.fr\/index.php?rest_route=%2Fwp%2Fv2%2Fcomments&post=1660"}],"version-history":[{"count":10,"href":"https:\/\/monperejeanmamy.fr\/index.php?rest_route=\/wp\/v2\/pages\/1660\/revisions"}],"predecessor-version":[{"id":1680,"href":"https:\/\/monperejeanmamy.fr\/index.php?rest_route=\/wp\/v2\/pages\/1660\/revisions\/1680"}],"wp:featuredmedia":[{"embeddable":true,"href":"https:\/\/monperejeanmamy.fr\/index.php?rest_route=\/wp\/v2\/media\/1672"}],"wp:attachment":[{"href":"https:\/\/monperejeanmamy.fr\/index.php?rest_route=%2Fwp%2Fv2%2Fmedia&parent=1660"}],"wp:term":[{"taxonomy":"folder","embeddable":true,"href":"https:\/\/monperejeanmamy.fr\/index.php?rest_route=%2Fwp%2Fv2%2Ffolder&post=1660"}],"curies":[{"name":"wp","href":"https:\/\/api.w.org\/{rel}","templated":true}]}}