{"id":167,"date":"2021-02-15T09:38:53","date_gmt":"2021-02-15T08:38:53","guid":{"rendered":"http:\/\/monperejeanmamy.fr\/?page_id=167"},"modified":"2021-03-06T11:18:37","modified_gmt":"2021-03-06T10:18:37","slug":"le-monde-dans-la-nuit","status":"publish","type":"page","link":"https:\/\/monperejeanmamy.fr\/?page_id=167","title":{"rendered":"Le Monde dans la nuit"},"content":{"rendered":"<p style=\"text-align: justify;\"><em>Le Monde dans la nuit<\/em>, sous-titr\u00e9 \u00ab <em>Fragments de carnets,(1939-1940) \u00bb <\/em>sign\u00e9 Paul Riche, pseudonyme que Jean Mamy utilise d\u00e9sormais, notamment quand il publie des articles dans les journaux tels que <em>L&rsquo;Appel<\/em> ou <em>Au Pilori<\/em>, contient dans la premi\u00e8re partie ses notes critiques de mobilis\u00e9 pendant la \u00ab <em>dr\u00f4le de guerre<\/em> \u00bb.<\/p>\n<p style=\"text-align: justify;\">La seconde partie, qui couvre la D\u00e9b\u00e2cle (mai-juin 1940), met en sc\u00e8ne la fuite des militaires et quelques comportements pitoyables des officiers.<\/p>\n<p style=\"text-align: justify;\">Sa troisi\u00e8me partie, \u00ab Retour \u00bb, permet de mieux comprendre les raisons de ses prises de position \u00e0 venir, anti-communistes, anti-s\u00e9mites, anti-francs-ma\u00e7ons et sa on futur engagement collaborationniste avec l&rsquo;Allemand<\/p>\n<a href=\"\/?pdfemb-serveurl=http%3A%2F%2Fmonperejeanmamy.fr%2Fwp-content%2Fuploads%2Fsecurepdfs%2F2021%2F02%2FMonde-dans-la-nuit-version-web.pdf\" class=\"pdfemb-viewer\" style=\"\" data-width=\"max\" data-height=\"max\" data-mobile-width=\"500\"  data-scrollbar=\"none\" data-download=\"off\" data-tracking=\"on\" data-newwindow=\"on\" data-pagetextbox=\"off\" data-scrolltotop=\"off\" data-startzoom=\"100\" data-startfpzoom=\"100\" data-download-nonce=\"221dcd6908\" data-disablerightclick=\"on\" data-toolbar=\"both\" data-toolbar-fixed=\"off\">Monde dans la nuit version web<br\/><\/a>\n<p><em>\u00a0<\/em><\/p>\n<p>&nbsp;<\/p>\n","protected":false},"excerpt":{"rendered":"<p>Le Monde dans la nuit, sous-titr\u00e9 \u00ab Fragments de carnets,(1939-1940) \u00bb sign\u00e9 Paul Riche, pseudonyme que Jean Mamy utilise d\u00e9sormais, notamment quand il publie des articles dans les journaux tels que L&rsquo;Appel ou Au Pilori, contient dans la premi\u00e8re partie &hellip; <a href=\"https:\/\/monperejeanmamy.fr\/?page_id=167\">Continuer la lecture <span class=\"meta-nav\">&rarr;<\/span><\/a><\/p>\n","protected":false},"author":1,"featured_media":1086,"parent":0,"menu_order":0,"comment_status":"closed","ping_status":"closed","template":"","meta":[],"folder":[],"_links":{"self":[{"href":"https:\/\/monperejeanmamy.fr\/index.php?rest_route=\/wp\/v2\/pages\/167"}],"collection":[{"href":"https:\/\/monperejeanmamy.fr\/index.php?rest_route=\/wp\/v2\/pages"}],"about":[{"href":"https:\/\/monperejeanmamy.fr\/index.php?rest_route=\/wp\/v2\/types\/page"}],"author":[{"embeddable":true,"href":"https:\/\/monperejeanmamy.fr\/index.php?rest_route=\/wp\/v2\/users\/1"}],"replies":[{"embeddable":true,"href":"https:\/\/monperejeanmamy.fr\/index.php?rest_route=%2Fwp%2Fv2%2Fcomments&post=167"}],"version-history":[{"count":9,"href":"https:\/\/monperejeanmamy.fr\/index.php?rest_route=\/wp\/v2\/pages\/167\/revisions"}],"predecessor-version":[{"id":756,"href":"https:\/\/monperejeanmamy.fr\/index.php?rest_route=\/wp\/v2\/pages\/167\/revisions\/756"}],"wp:featuredmedia":[{"embeddable":true,"href":"https:\/\/monperejeanmamy.fr\/index.php?rest_route=\/wp\/v2\/media\/1086"}],"wp:attachment":[{"href":"https:\/\/monperejeanmamy.fr\/index.php?rest_route=%2Fwp%2Fv2%2Fmedia&parent=167"}],"wp:term":[{"taxonomy":"folder","embeddable":true,"href":"https:\/\/monperejeanmamy.fr\/index.php?rest_route=%2Fwp%2Fv2%2Ffolder&post=167"}],"curies":[{"name":"wp","href":"https:\/\/api.w.org\/{rel}","templated":true}]}}