{"id":172,"date":"2021-02-15T11:10:11","date_gmt":"2021-02-15T10:10:11","guid":{"rendered":"http:\/\/monperejeanmamy.fr\/?page_id=172"},"modified":"2021-03-07T18:47:47","modified_gmt":"2021-03-07T17:47:47","slug":"vers-laltruisme-autoritaire","status":"publish","type":"page","link":"https:\/\/monperejeanmamy.fr\/?page_id=172","title":{"rendered":"Vers l&rsquo;altruisme autoritaire"},"content":{"rendered":"<p><em>Vers l&rsquo;altruisme autoritaire<\/em>, sous-titr\u00e9 \u00ab <em>Arri\u00e8re-plan d&rsquo;un proc\u00e8s ou les testament d&rsquo;un collabo,(1933-1944) \u00bb <\/em>est sign\u00e9 \u00e0 la fois Jean Mamy et Paul Riche, i, \u00e9crit en janvier 1949 dans sa cellule de Fresnes peu apr\u00e8s sa condamnation \u00e0 mort le 25 d\u00e9cembre 1948,est, sans nul dfoute l&rsquo;\u00e9crit le plus important pour comprendre le cheminement et les motivations de Jean Mamy.<\/p>\n<p>Il s&rsquo;agit bien, comme le sous-titre l&rsquo;indique, d&rsquo;une sorte de testament du personnage politique qu&rsquo;il fut et qui continue \u00e0 affirmer le bien fond\u00e9 de ses id\u00e9es et de ses actes.<\/p>\n<p style=\"text-align: justify;\">Ce texte comprend quatre parties principales:<\/p>\n<ol>\n<li>Une introduction avec des consid\u00e9rations politiques sur ce qui l&rsquo;a anim\u00e9<\/li>\n<li>sa description de son proc\u00e8s, vu du banc de l&rsquo;accus\u00e9<\/li>\n<li>des r\u00e9flexions au del\u00e0 de la sentence<\/li>\n<li>des notes et des extraits de lettres et d&rsquo;articles de presse<\/li>\n<\/ol>\n<a href=\"\/?pdfemb-serveurl=http%3A%2F%2Fmonperejeanmamy.fr%2Fwp-content%2Fuploads%2Fsecurepdfs%2F2021%2F02%2FVers-l-altruisme-autoritaire-version-web.pdf\" class=\"pdfemb-viewer\" style=\"\" data-width=\"max\" data-height=\"max\" data-mobile-width=\"500\"  data-scrollbar=\"none\" data-download=\"off\" data-tracking=\"on\" data-newwindow=\"on\" data-pagetextbox=\"off\" data-scrolltotop=\"off\" data-startzoom=\"100\" data-startfpzoom=\"100\" data-download-nonce=\"f3bd54504d\" data-disablerightclick=\"on\" data-toolbar=\"both\" data-toolbar-fixed=\"off\">Vers l altruisme autoritaire version web<br\/><\/a>\n","protected":false},"excerpt":{"rendered":"<p>Vers l&rsquo;altruisme autoritaire, sous-titr\u00e9 \u00ab Arri\u00e8re-plan d&rsquo;un proc\u00e8s ou les testament d&rsquo;un collabo,(1933-1944) \u00bb est sign\u00e9 \u00e0 la fois Jean Mamy et Paul Riche, i, \u00e9crit en janvier 1949 dans sa cellule de Fresnes peu apr\u00e8s sa condamnation \u00e0 mort &hellip; <a href=\"https:\/\/monperejeanmamy.fr\/?page_id=172\">Continuer la lecture <span class=\"meta-nav\">&rarr;<\/span><\/a><\/p>\n","protected":false},"author":1,"featured_media":1144,"parent":0,"menu_order":0,"comment_status":"closed","ping_status":"closed","template":"","meta":[],"folder":[],"_links":{"self":[{"href":"https:\/\/monperejeanmamy.fr\/index.php?rest_route=\/wp\/v2\/pages\/172"}],"collection":[{"href":"https:\/\/monperejeanmamy.fr\/index.php?rest_route=\/wp\/v2\/pages"}],"about":[{"href":"https:\/\/monperejeanmamy.fr\/index.php?rest_route=\/wp\/v2\/types\/page"}],"author":[{"embeddable":true,"href":"https:\/\/monperejeanmamy.fr\/index.php?rest_route=\/wp\/v2\/users\/1"}],"replies":[{"embeddable":true,"href":"https:\/\/monperejeanmamy.fr\/index.php?rest_route=%2Fwp%2Fv2%2Fcomments&post=172"}],"version-history":[{"count":7,"href":"https:\/\/monperejeanmamy.fr\/index.php?rest_route=\/wp\/v2\/pages\/172\/revisions"}],"predecessor-version":[{"id":758,"href":"https:\/\/monperejeanmamy.fr\/index.php?rest_route=\/wp\/v2\/pages\/172\/revisions\/758"}],"wp:featuredmedia":[{"embeddable":true,"href":"https:\/\/monperejeanmamy.fr\/index.php?rest_route=\/wp\/v2\/media\/1144"}],"wp:attachment":[{"href":"https:\/\/monperejeanmamy.fr\/index.php?rest_route=%2Fwp%2Fv2%2Fmedia&parent=172"}],"wp:term":[{"taxonomy":"folder","embeddable":true,"href":"https:\/\/monperejeanmamy.fr\/index.php?rest_route=%2Fwp%2Fv2%2Ffolder&post=172"}],"curies":[{"name":"wp","href":"https:\/\/api.w.org\/{rel}","templated":true}]}}