{"id":1811,"date":"2021-04-04T09:20:05","date_gmt":"2021-04-04T07:20:05","guid":{"rendered":"http:\/\/monperejeanmamy.fr\/?page_id=1811"},"modified":"2021-04-04T09:21:30","modified_gmt":"2021-04-04T07:21:30","slug":"rencontre-avec-vincent-auriol","status":"publish","type":"page","link":"https:\/\/monperejeanmamy.fr\/?page_id=1811","title":{"rendered":"Rencontre avec Vincent Auriol"},"content":{"rendered":"<h3 style=\"text-align: center;\">Extrait du blog de Pierre Sarlat publi\u00e9 le 26 f\u00e9vrier 2011<\/h3>\n<p style=\"text-align: justify;\"><em>Pour des raisons que j&rsquo;ignore, Vincent Auriol vint \u00e0 Bouloire en fin de soir\u00e9e dans l&rsquo;h\u00f4tel particulier de mon grand p\u00e8re Maire et m\u00e9decin, il resta sur le seuil, j&rsquo;\u00e9tais assis \u00e0 la grande table de la cuisine, et spontan\u00e9ment je lui demandai s&rsquo;il \u00e9tait \u00e9tait Mamy (ou mamie).<\/em><\/p>\n<p><em>Ce\u00a0mot me vint spontan\u00e9ment, peut \u00eatre avais-je prononc\u00e9\u00a0mamie,\u00a0ce qu&rsquo;il n&rsquo;appr\u00e9cia gu\u00e8re,\u00a0ayant compris qu&rsquo;il s&rsquo;agissait de Jean Mamy\u00a0qui avait\u00a0\u00e9t\u00e9\u00a0 le dernier fusill\u00e9 de l&rsquo;\u00e9puration, sous sa pr\u00e9sidence, franc-ma\u00e7on comme lui, et sous leur pression il ne fut pas graci\u00e9, Jean mamy avait r\u00e9alis\u00e9 \u00ab\u00a0<\/em>Forces Occultes<em>\u00a0\u00bb, film de propagande vichyste sous\u00a0le pseudonyme de Paul Riche.<\/em><\/p>\n<p><em>Il faut se souvenir qu&rsquo;un enfant n&rsquo;a pas de sens social ad\u00e9quat et donc le titre d&rsquo;ancien Pr\u00e9sident de la IV<sup>\u00e8me<\/sup>\u00a0R\u00e9publique ne lui dit rien du tout , il le prend pour un interlocuteur quelconque, une personne ordinaire sans position sociale particuli\u00e8re, cette derni\u00e8re jugeant cela d&rsquo;une fa\u00e7on tout aussi d\u00e9plac\u00e9e, dans un v\u00e9ritable dialogue de sourds . Je pensais que cette personne s&rsquo;\u00e9tait \u00e9gar\u00e9e.<\/em><\/p>\n<p><em>Le poids d&rsquo;une certaine culpabilit\u00e9 semblait peser sur Vincent Auriol du fait de cette condamnation \u00e0 mort, et je lui fis consid\u00e9rer que selon les Dix Commandements il est affirm\u00e9\u00a0\u00ab\u00a0<\/em>tu ne tueras point<em>\u00a0\u00bb, ce qui l&rsquo;aga\u00e7a et il tenta de justifier la mort de Jean Mamy en\u00a0affirmant que cela ne venait pas de lui, j&rsquo;en rajoutai en disant qu&rsquo;il en suffisait d&rsquo;un &#8230;<\/em><\/p>\n<p>\u00a9 Pierre Sarlat<\/p>\n","protected":false},"excerpt":{"rendered":"<p>Extrait du blog de Pierre Sarlat publi\u00e9 le 26 f\u00e9vrier 2011 Pour des raisons que j&rsquo;ignore, Vincent Auriol vint \u00e0 Bouloire en fin de soir\u00e9e dans l&rsquo;h\u00f4tel particulier de mon grand p\u00e8re Maire et m\u00e9decin, il resta sur le seuil, &hellip; <a href=\"https:\/\/monperejeanmamy.fr\/?page_id=1811\">Continuer la lecture <span class=\"meta-nav\">&rarr;<\/span><\/a><\/p>\n","protected":false},"author":2,"featured_media":0,"parent":0,"menu_order":0,"comment_status":"closed","ping_status":"closed","template":"","meta":[],"folder":[],"_links":{"self":[{"href":"https:\/\/monperejeanmamy.fr\/index.php?rest_route=\/wp\/v2\/pages\/1811"}],"collection":[{"href":"https:\/\/monperejeanmamy.fr\/index.php?rest_route=\/wp\/v2\/pages"}],"about":[{"href":"https:\/\/monperejeanmamy.fr\/index.php?rest_route=\/wp\/v2\/types\/page"}],"author":[{"embeddable":true,"href":"https:\/\/monperejeanmamy.fr\/index.php?rest_route=\/wp\/v2\/users\/2"}],"replies":[{"embeddable":true,"href":"https:\/\/monperejeanmamy.fr\/index.php?rest_route=%2Fwp%2Fv2%2Fcomments&post=1811"}],"version-history":[{"count":2,"href":"https:\/\/monperejeanmamy.fr\/index.php?rest_route=\/wp\/v2\/pages\/1811\/revisions"}],"predecessor-version":[{"id":1813,"href":"https:\/\/monperejeanmamy.fr\/index.php?rest_route=\/wp\/v2\/pages\/1811\/revisions\/1813"}],"wp:attachment":[{"href":"https:\/\/monperejeanmamy.fr\/index.php?rest_route=%2Fwp%2Fv2%2Fmedia&parent=1811"}],"wp:term":[{"taxonomy":"folder","embeddable":true,"href":"https:\/\/monperejeanmamy.fr\/index.php?rest_route=%2Fwp%2Fv2%2Ffolder&post=1811"}],"curies":[{"name":"wp","href":"https:\/\/api.w.org\/{rel}","templated":true}]}}