{"id":191,"date":"2021-02-15T18:06:32","date_gmt":"2021-02-15T17:06:32","guid":{"rendered":"http:\/\/monperejeanmamy.fr\/?page_id=191"},"modified":"2021-03-07T18:45:14","modified_gmt":"2021-03-07T17:45:14","slug":"forces-occultes-le-film","status":"publish","type":"page","link":"https:\/\/monperejeanmamy.fr\/?page_id=191","title":{"rendered":"Forces Occultes"},"content":{"rendered":"<p style=\"text-align: justify;\">Sous le pseudonyme de Paul Riche, Jean Mamy a r\u00e9alis\u00e9 un film de propagande antima\u00e7onnique, financ\u00e9 par l\u2019occupant ; <em>Forces occultes, <\/em>sous titr\u00e9<em> \u00ab\u00a0Les myst\u00e8res de la franc-ma\u00e7onnerie d\u00e9voil\u00e9s pour la premi\u00e8re fois \u00e0 l&rsquo;\u00e9cran\u00a0\u00bb.<\/em><\/p>\n<p><img loading=\"lazy\" class=\"aligncenter size-full wp-image-330\" src=\"http:\/\/monperejeanmamy.fr\/wp-content\/uploads\/2021\/02\/Affiche-Forces-occultes.jpg\" alt=\"\" width=\"459\" height=\"318\" srcset=\"https:\/\/monperejeanmamy.fr\/wp-content\/uploads\/2021\/02\/Affiche-Forces-occultes.jpg 459w, https:\/\/monperejeanmamy.fr\/wp-content\/uploads\/2021\/02\/Affiche-Forces-occultes-300x208.jpg 300w, https:\/\/monperejeanmamy.fr\/wp-content\/uploads\/2021\/02\/Affiche-Forces-occultes-433x300.jpg 433w\" sizes=\"(max-width: 459px) 100vw, 459px\" \/><\/p>\n<p style=\"text-align: justify;\">Ce film, fort bien document\u00e9, dont les principales sc\u00e8nes ont \u00e9t\u00e9 tourn\u00e9es au palais Bourbon et dans une loge reconstitu\u00e9e avec le mat\u00e9riel confisqu\u00e9 aux francs-ma\u00e7ons par la police de Vichy est un court m\u00e9trage sorti le 9 mars 1943.<\/p>\n<p style=\"text-align: justify;\">Le sc\u00e9nario est simple mais efficace, bien dans le style des films de cette \u00e9poque o\u00f9 l&rsquo;on montrait plus qu&rsquo;on ne sugg\u00e9rait\u00a0: un jeune d\u00e9put\u00e9, g\u00e9n\u00e9reux et enthousiaste, se fait recruter par une loge ma\u00e7onnique o\u00f9 des affairistes tentent de l&rsquo;utiliser\u2026 mais son honn\u00eatet\u00e9 le conduit rapidement \u00e0 s&rsquo;\u00e9loigner\u2026<\/p>\n<p style=\"text-align: justify;\">La diffusion \u00e0 la t\u00e9l\u00e9vision de ce film en noir et blanc, plusieurs fois programm\u00e9, a toujours \u00e9t\u00e9 annul\u00e9e en derni\u00e8re minute. La mise en sc\u00e8ne, les dialogues et les sc\u00e8nes paraissent aujourd&rsquo;hui \u00ab\u00a0forc\u00e9s\u00a0\u00bb, donc peu cr\u00e9dibles avec nos r\u00e9f\u00e9rences d&rsquo;aujourd&rsquo;hui, nourries du r\u00e9alisme des films et de la t\u00e9l\u00e9vision, mais nul doute qu&rsquo;\u00e0 l&rsquo;\u00e9poque il s&rsquo;agissait d&rsquo;une propagande tr\u00e8s efficace, dont la force vient avant tout d&rsquo;une r\u00e9alisation tr\u00e8s bien men\u00e9e par Jean Mamy.<\/p>\n<p>Pour d\u00e9couvrir le sc\u00e9nario illustr\u00e9 de <em>Forces Occultes<\/em>, <a href=\"http:\/\/monperejeanmamy.fr\/?page_id=333\">cliquez ici.<\/a><br \/>\nPour visualiser le film complet sous <em>Youtube<\/em>, <a href=\"https:\/\/www.youtube.com\/watch?v=StoiWZgOorI\" target=\"_blank\" rel=\"noopener noreferrer\">cliquez ici.<\/a><\/p>\n<a href=\"https:\/\/monperejeanmamy.fr\/wp-content\/uploads\/2021\/02\/Forces-occultes-commentaires-version-web.pdf\" class=\"pdfemb-viewer\" style=\"\" data-width=\"max\" data-height=\"max\" data-mobile-width=\"500\"  data-scrollbar=\"none\" data-download=\"off\" data-tracking=\"on\" data-newwindow=\"on\" data-pagetextbox=\"off\" data-scrolltotop=\"off\" data-startzoom=\"100\" data-startfpzoom=\"100\" data-toolbar=\"both\" data-toolbar-fixed=\"off\">Forces occultes commentaires version web<br\/><\/a>\n<p>&nbsp;<\/p>\n<p>&nbsp;<\/p>\n<p>&nbsp;<\/p>\n","protected":false},"excerpt":{"rendered":"<p>Sous le pseudonyme de Paul Riche, Jean Mamy a r\u00e9alis\u00e9 un film de propagande antima\u00e7onnique, financ\u00e9 par l\u2019occupant ; Forces occultes, sous titr\u00e9 \u00ab\u00a0Les myst\u00e8res de la franc-ma\u00e7onnerie d\u00e9voil\u00e9s pour la premi\u00e8re fois \u00e0 l&rsquo;\u00e9cran\u00a0\u00bb. Ce film, fort bien document\u00e9, &hellip; <a href=\"https:\/\/monperejeanmamy.fr\/?page_id=191\">Continuer la lecture <span class=\"meta-nav\">&rarr;<\/span><\/a><\/p>\n","protected":false},"author":1,"featured_media":1123,"parent":0,"menu_order":0,"comment_status":"closed","ping_status":"closed","template":"","meta":[],"folder":[],"_links":{"self":[{"href":"https:\/\/monperejeanmamy.fr\/index.php?rest_route=\/wp\/v2\/pages\/191"}],"collection":[{"href":"https:\/\/monperejeanmamy.fr\/index.php?rest_route=\/wp\/v2\/pages"}],"about":[{"href":"https:\/\/monperejeanmamy.fr\/index.php?rest_route=\/wp\/v2\/types\/page"}],"author":[{"embeddable":true,"href":"https:\/\/monperejeanmamy.fr\/index.php?rest_route=\/wp\/v2\/users\/1"}],"replies":[{"embeddable":true,"href":"https:\/\/monperejeanmamy.fr\/index.php?rest_route=%2Fwp%2Fv2%2Fcomments&post=191"}],"version-history":[{"count":9,"href":"https:\/\/monperejeanmamy.fr\/index.php?rest_route=\/wp\/v2\/pages\/191\/revisions"}],"predecessor-version":[{"id":342,"href":"https:\/\/monperejeanmamy.fr\/index.php?rest_route=\/wp\/v2\/pages\/191\/revisions\/342"}],"wp:featuredmedia":[{"embeddable":true,"href":"https:\/\/monperejeanmamy.fr\/index.php?rest_route=\/wp\/v2\/media\/1123"}],"wp:attachment":[{"href":"https:\/\/monperejeanmamy.fr\/index.php?rest_route=%2Fwp%2Fv2%2Fmedia&parent=191"}],"wp:term":[{"taxonomy":"folder","embeddable":true,"href":"https:\/\/monperejeanmamy.fr\/index.php?rest_route=%2Fwp%2Fv2%2Ffolder&post=191"}],"curies":[{"name":"wp","href":"https:\/\/api.w.org\/{rel}","templated":true}]}}