{"id":1966,"date":"2021-04-09T13:49:02","date_gmt":"2021-04-09T11:49:02","guid":{"rendered":"http:\/\/monperejeanmamy.fr\/?page_id=1966"},"modified":"2021-04-09T14:18:29","modified_gmt":"2021-04-09T12:18:29","slug":"jm-a-jr-fresnes-45-01-14","status":"publish","type":"page","link":"https:\/\/monperejeanmamy.fr\/?page_id=1966","title":{"rendered":"JM \u00e0 JR (Fresnes 46\/01\/14)"},"content":{"rendered":"<p><strong>\u00a0<\/strong><a href=\"http:\/\/monperejeanmamy.fr\/?page_id=1956\"><img loading=\"lazy\" class=\"wp-image-1352 alignleft\" src=\"http:\/\/monperejeanmamy.fr\/wp-content\/uploads\/2021\/03\/Lettre-precedente.jpg\" alt=\"\" width=\"143\" height=\"78\" \/><\/a><a href=\"http:\/\/monperejeanmamy.fr\/?page_id=1971\"><img loading=\"lazy\" class=\"alignright wp-image-1353\" src=\"http:\/\/monperejeanmamy.fr\/wp-content\/uploads\/2021\/03\/Lettre-suivante.jpg\" alt=\"\" width=\"139\" height=\"76\" \/><\/a><\/p>\n<p style=\"text-align: center;\"><strong>Lundi 14 janvier 1946<\/strong><\/p>\n<p style=\"text-align: center;\">Ma petite Jeannette ch\u00e9rie,<\/p>\n<p style=\"text-align: justify;\">Il me semble bien que je n\u2019ai pas eu mon compte de nouvelles cette semaine. J\u2019en attribue pour l\u2019instant la faute \u00e0 l\u2019Administration qui a sans doute du retenir des lettres un peu plus longtemps qu\u2019il le fallait. Pourtant les missives de Jeannette sont bien innocentes et ne contiennent gu\u00e8re que des baisers multipli\u00e9s par un adjectif souvent r\u00e9p\u00e9t\u00e9. J\u2019en ressens toute la tendresse, la gentillesse, la fougue, voire la violence, et s\u2019il est un moyen de v\u00e9rifier la passion \u00e0 la fois pure et d\u00e9cha\u00een\u00e9e, c\u2019est bien par le nombre, la quantit\u00e9, le volume et la qualit\u00e9 des embrassades. Le besoin qu\u2019on \u00e9prouve de cimenter l\u2019affection avec des gestes doux (Bien qu\u2019il ne faille jamais oublier que les gestes n\u2019ajoutent rien \u00e0 la chose, bien au contraire, et que le meilleur contact s\u2019exprime plut\u00f4t par les yeux, mais encore mieux par le souvenir, qui est pr\u00e9sence infiniment sup\u00e9rieure \u00e0 tout). Je te dis et r\u00e9p\u00e8te cela pour te faire patienter, m\u00eame si tu enrages un peu.<\/p>\n<p style=\"text-align: justify;\">J\u2019ai \u00e9t\u00e9 ravi de savoir que les socialistes s\u2019engueulent entre eux. Cela marque une \u00e9volution de la situation qui est favorable pour le pays. Toute cette aventure va finir par une formidable engueulade. Cela ne fera pas pousser les pommes de terre, et le budget n\u2019en sera pas r\u00e9tabli pour autant, mais le vent d\u00e9cha\u00een\u00e9 par autant de gueulements convaincus peut peut-\u00eatre pousser le bateau fameux \u2014tu sais \u00ab <em>fluctuat nec mergitur<\/em>\u00a0\u00bb \u2014du bon c\u00f4t\u00e9 o\u00f9 on risque de retrouver le calme, quoique celui-ci n\u2019existe que sur les hauteurs inhumaines, o\u00f9 nous penchons volontiers, mais que les petites filles d\u00e9testent parce qu\u2019elles veulent leur plaisir avant tout.<\/p>\n<p style=\"text-align: justify;\">Je ne te dirais pas que tes cheveux blonds me manquent dans le creux de l\u2019\u00e9paule, tu en concevrais peut-\u00eatre de l\u2019orgueil et de l\u2019impatience. Et si je commettais l\u2019imprudence de murmurer \u00e0 ton oreille quelques mots tendres, je crains de provoquer des cataclysmes dans un c\u0153ur trop pr\u00eat \u00e0 l\u2019aventure splendide des jours trop heureux et trop br\u00fblants des amours d\u2019\u00e9t\u00e9. Aussi ne le ferais-je point par respect de ta qui\u00e9tude quoiqu\u2019il faille quand m\u00eame, pour que tu ne sois pas triste et d\u00e9sol\u00e9e comme les \u00e2mes qui n\u2019arrivent point \u00e0 trouver seules la pr\u00e9sence de l\u2019amour dans le ciel gris, quoiqu\u2019il faille quand m\u00eame te les dire un peu, peu \u00e0 peu, mot par mot, ces tendresses qui ne sont pas du tison sur une flamme, mais de l\u2019eau fra\u00eeche sur ta soif. Voil\u00e0 je les ai dit, je les redit, et relis les, ils peuvent durer plus d\u2019une bonne huitaine car ils sont condens\u00e9s. Ce n\u2019est pas pour cela que je ne les renouvellerai pas. Et sois heureuse, si tu veux bien. Quelle magnifique chose que l\u2019amour qui passe \u00e0 travers les murs. Tu verras quand il n\u2019y aura plus de murs entre nous comme nous serons d\u00e9\u00e7us. Il faudra qu\u2019on s\u2019\u00e9crive pour se comprendre.<\/p>\n<p style=\"text-align: justify;\">Il me semble depuis quelques jours que l\u2019atmosph\u00e8re du dehors semble meilleure pour nous. On nous signale une campagne en faveur de l\u2019amnistie. Portera-t-elle ses fruits\u00a0? Est-ce man\u0153uvre \u00e9lectorale\u00a0? La situation ext\u00e9rieure et int\u00e9rieure commande-t-elle un pareil revirement\u00a0? Il me semble logique qu\u2019apr\u00e8s avoir tant \u00e9chou\u00e9, tout \u00e9chou\u00e9, l\u2019exp\u00e9rience actuelle se termine dans la confusion.<\/p>\n<p style=\"text-align: justify;\">D\u2019autre part si c\u2019est un gouvernement d\u2019extr\u00eame-gauche qui prend le pouvoir \u2014ce qui semble improbable, mais tout peut arriver\u2014 je ne donne pas cher de la peau de la plupart d\u2019entre-nous. Il ne nous restera que l\u2019honneur d\u2019avoir combattu pour une bonne cause \u2014la fran\u00e7aise nationale\u2014 et que la gloire de bien tomber apr\u00e8s avoir dit leur fait \u00e0 nos adversaires \u2014qui se sont d\u00e9clar\u00e9s des ennemis implacables de toute civilisation. Tu n\u2019imagines pas les horreurs qu\u2019on apprend une \u00e0 une sur tout ce qui s\u2019est pass\u00e9 en province. L\u2019histoire de cette ann\u00e9e derni\u00e8re sera dans l\u2019histoire fran\u00e7aise une honte ineffa\u00e7able pour les partis dits de gauche. La brutalit\u00e9, le pillage, le sadisme, la violence, la petitesse, la b\u00eatise, l\u2019ordure, tout y est. Restons dans notre pure po\u00e9sie. L\u00e0 nous ne risquons pas d\u2019\u00eatre atteints par la laideur.<\/p>\n<p style=\"text-align: justify;\">Je me doute bien que Fr\u00e9d\u00e9ric a du recevoir des compliments du monde entier. Une aussi superbe nature, un enfant aussi merveilleusement dou\u00e9, qui surpasse en beaut\u00e9, en \u00e9loquence, en gr\u00e2ce tout ce que la Terre a fait de meilleur ne peut que recueillir l\u2019approbation de tous les hommes dignes de ce nom et surtout de Dieu le P\u00e8re lui-m\u00eame qui l\u2019a combl\u00e9 de tous ses dons. Je me soumets respectueusement \u00e0 l\u2019unanimit\u00e9 de tant de louanges et je lui ai envoy\u00e9, moi aussi, mon cadeau de No\u00ebl et de Nouvel An\u00a0: un regard clair, un ton d\u00e9cid\u00e9, une intransigeance totale devant les erreurs humaines, une souplesse chaleureuse et bienfaisante devant les mis\u00e8res du monde, une \u00e9nergie que rien n\u2019arr\u00eate, un enthousiasme indescriptible et secret, une puissance d\u2019action sur lui-m\u00eame et sur les autres, in\u00e9galable, et surtout l\u2019humilit\u00e9 devant l\u2019harmonie, le don de la science humble et parfaite. Voil\u00e0 de quoi remplir une corbeille d\u00e9j\u00e0 combl\u00e9e par la nature la plus haute et la plus obligeante, car petite maman d\u00e9licieuse aux yeux candides, avant que d\u2019\u00eatre ton fils, cet enfant est celui de l\u2019infini et il faut le savoir pour l\u2019aimer, l\u2019adorer, le mettre \u00e0 sa v\u00e9ritable place. Voil\u00e0 qui va te donner le \u00ab\u00a0la\u00a0\u00bb pour diriger toute son \u00e9ducation. Il ne faut pas tellement lui apprendre \u00e0 conna\u00eetre une vie fausse dans quoi s\u2019enterrent les hommes, que de lui enseigner \u00e0 se d\u00e9couvrir et se respecter lui-m\u00eame et g\u00e9n\u00e9ralement la plus belle nature appara\u00eet \u00e0 travers les vestiges de l\u2019\u00e9ducation mat\u00e9rielle surann\u00e9e. Quoi faire de ses enfants. Mieux vaut un ing\u00e9nieur qu\u2019un prol\u00e9taire, mais mieux vaux encore un saint ou un po\u00e8te \u2014peut-\u00eatre les deux\u2014 car l\u2019ing\u00e9nieur est du c\u00f4t\u00e9 des bourreaux atomiques, tandis que le saint, s\u2019il traverse sans encombre les pers\u00e9cutions (et toutes les pers\u00e9cutions sont toujours travers\u00e9es sans encombre) gagne la vie \u00e9ternelle, c\u2019est-\u00e0-dire l\u2019\u00e9ternel et merveilleux \u00ab\u00a0maintenant\u00a0\u00bb, le sens du bienheureux \u00ab\u00a0aujourd\u2019hui\u00a0\u00bb.<\/p>\n<p style=\"text-align: justify;\">Je t\u2019embrasse encore, fille charmante, d\u00e9vou\u00e9e, sinc\u00e8re et digne de toutes les vertus. Tout \u00e0 l\u2019heure, j\u2019irai puiser dans le colis deux ou trois ch\u00e8res choses qui contiennent bien des pens\u00e9es d\u00e9licates. J\u2019esp\u00e8re que mes vers ne te font pas trop r\u00eaver\u00a0; les as tu lus seulement\u00a0? Peut-\u00eatre Jeannette n\u2019a-t-elle plus le temps de regarder la vie par toutes les fen\u00eatres. Il ne faut pas \u00eatre esclave de son jouet. Que Fr\u00e9d\u00e9ric ne soit pas absorbant au point d\u2019attirer \u00e0 lui toute la vie de sa maman. Tu as raison de penser \u00e0 fonder une nombreuse famille. Il faut beaucoup d\u2019enfants \u00e0 celui qui peut beaucoup aimer et qui d\u00e9sire faire partager son bonheur. Et le premier n\u2019est pas trop mal r\u00e9ussi.<\/p>\n<p style=\"text-align: justify;\">T\u00e2che de trouver de la poudre d\u2019\u0153ufs, si tu le peux. Et je dois te pr\u00e9venir humblement que je consomme plus de sucre qu\u2019il n\u2019est avouable. Mais que cela ne te prive pas. Ici nous pouvons patienter sans d\u00e9g\u00e2ts. Surtout que dehors, vous ne manquiez de rien, vous qui avez besoin de plus de calories que les penseurs de notre esp\u00e8ce. Faut-il rajouter de la tendresse \u00e0 la fin de ma lettre. \u00c0 la relire, j\u2019ai peur de ne pas en avoir mis assez. C\u2019est que s\u2019il est indispensable pour toi de la recevoir (mais peut-\u00eatre m\u2019imagine-je cela), il est \u00e9galement indispensable pour moi de la donner et je ne peux garder celle-l\u00e0 jusqu\u2019\u00e0 la semaine prochaine. Ici les stocks sont inutiles. Donc on t\u2019embrasse. Non, mieux, on t\u2019aime.<\/p>\n<p>J<\/p>\n<p>&nbsp;<\/p>\n<p>&nbsp;<\/p>\n<p>&nbsp;<\/p>\n<p>&nbsp;<\/p>\n","protected":false},"excerpt":{"rendered":"<p>\u00a0 Lundi 14 janvier 1946 Ma petite Jeannette ch\u00e9rie, Il me semble bien que je n\u2019ai pas eu mon compte de nouvelles cette semaine. J\u2019en attribue pour l\u2019instant la faute \u00e0 l\u2019Administration qui a sans doute du retenir des lettres &hellip; <a href=\"https:\/\/monperejeanmamy.fr\/?page_id=1966\">Continuer la lecture <span class=\"meta-nav\">&rarr;<\/span><\/a><\/p>\n","protected":false},"author":2,"featured_media":11,"parent":0,"menu_order":0,"comment_status":"closed","ping_status":"closed","template":"","meta":[],"folder":[],"_links":{"self":[{"href":"https:\/\/monperejeanmamy.fr\/index.php?rest_route=\/wp\/v2\/pages\/1966"}],"collection":[{"href":"https:\/\/monperejeanmamy.fr\/index.php?rest_route=\/wp\/v2\/pages"}],"about":[{"href":"https:\/\/monperejeanmamy.fr\/index.php?rest_route=\/wp\/v2\/types\/page"}],"author":[{"embeddable":true,"href":"https:\/\/monperejeanmamy.fr\/index.php?rest_route=\/wp\/v2\/users\/2"}],"replies":[{"embeddable":true,"href":"https:\/\/monperejeanmamy.fr\/index.php?rest_route=%2Fwp%2Fv2%2Fcomments&post=1966"}],"version-history":[{"count":7,"href":"https:\/\/monperejeanmamy.fr\/index.php?rest_route=\/wp\/v2\/pages\/1966\/revisions"}],"predecessor-version":[{"id":1980,"href":"https:\/\/monperejeanmamy.fr\/index.php?rest_route=\/wp\/v2\/pages\/1966\/revisions\/1980"}],"wp:featuredmedia":[{"embeddable":true,"href":"https:\/\/monperejeanmamy.fr\/index.php?rest_route=\/wp\/v2\/media\/11"}],"wp:attachment":[{"href":"https:\/\/monperejeanmamy.fr\/index.php?rest_route=%2Fwp%2Fv2%2Fmedia&parent=1966"}],"wp:term":[{"taxonomy":"folder","embeddable":true,"href":"https:\/\/monperejeanmamy.fr\/index.php?rest_route=%2Fwp%2Fv2%2Ffolder&post=1966"}],"curies":[{"name":"wp","href":"https:\/\/api.w.org\/{rel}","templated":true}]}}