{"id":1971,"date":"2021-04-09T13:56:08","date_gmt":"2021-04-09T11:56:08","guid":{"rendered":"http:\/\/monperejeanmamy.fr\/?page_id=1971"},"modified":"2021-04-09T14:51:09","modified_gmt":"2021-04-09T12:51:09","slug":"jm-a-jr-fresnes-46-01-21","status":"publish","type":"page","link":"https:\/\/monperejeanmamy.fr\/?page_id=1971","title":{"rendered":"JM \u00e0 JR (Fresnes 46\/01\/21)"},"content":{"rendered":"<p><strong>\u00a0<\/strong><a href=\"http:\/\/monperejeanmamy.fr\/?page_id=1966\"><img loading=\"lazy\" class=\"wp-image-1352 alignleft\" src=\"http:\/\/monperejeanmamy.fr\/wp-content\/uploads\/2021\/03\/Lettre-precedente.jpg\" alt=\"\" width=\"143\" height=\"78\" \/><\/a><a href=\"http:\/\/monperejeanmamy.fr\/?page_id=1982\"><img loading=\"lazy\" class=\"alignright wp-image-1353\" src=\"http:\/\/monperejeanmamy.fr\/wp-content\/uploads\/2021\/03\/Lettre-suivante.jpg\" alt=\"\" width=\"139\" height=\"76\" \/><\/a><\/p>\n<p style=\"text-align: center;\"><strong>Lundi 21 janvier 1946<\/strong><\/p>\n<p style=\"text-align: center;\">Petite Jeannette ch\u00e9rie,<\/p>\n<p style=\"text-align: justify;\">Alors quoi, les lettres\u00a0? On n\u2019\u00e9crit plus. Tu \u00e9tais bien jolie dans la cage aux moineaux l\u2019autre jour. Et tu as bougrement bien fait de venir. Mais j\u2019aime mieux te voir seule. Non pas parce que je cherche \u00e0 priver ma m\u00e8re du plaisir de me voir. Mais chacun son jour, sa place et son jardin. N\u2019emp\u00eache que c\u2019\u00e9tait tr\u00e8s bien.<\/p>\n<p style=\"text-align: justify;\">Je vois que la situation politique \u00e9volue rapidement. Des bruits fameux courent par ici mais nous sommes tant submerg\u00e9s de bobards depuis quelques mois que nous ne faisons plus gu\u00e8re attention aux esp\u00e9rances ni aux menaces. Nous savons seulement de source s\u00fbre et officielle que la situation catastrophique du pays d\u00e9passe toutes les pr\u00e9visions et toutes nos recommandations d\u2019hier. De sorte qu\u2019en relisant certains articles, je me dis \u00ab\u00a0<em>Comment \u00e9tions-nous au-dessous de la v\u00e9rit\u00e9\u00a0? Nous accusions nos adversaires de fort petites choses. Alors que les \u00e9v\u00e8nements prouvent qu\u2019ils avaient un esprit infiniment plus destructif que celui que nous leur attribuions\u00a0<\/em>\u00bb. Le Fran\u00e7ais moyen commence-t-il \u00e0 s\u2019apercevoir qu\u2019on s\u2019est jou\u00e9 de lui\u00a0? A-t-il oubli\u00e9 les fameuses promesses des bateaux de vivres et de tartines de confitures faites \u00e0 la radio\u00a0? Et cette \u00e9quipe qui s\u2019est engag\u00e9e si fortement ne risque-t-elle pas de subir \u00e0 son tour la d\u00e9faveur politique\u00a0? Les retournements d\u2019opinion sont vifs dans les p\u00e9riodes troubles. On se pr\u00e9cipite de tous c\u00f4t\u00e9s pour chercher une doctrine en m\u00eame temps que sa subsistance, et nous allons vivre sans doute des heures fort sombres. \u00c0 moins que\u2026<\/p>\n<p style=\"text-align: justify;\">Quant \u00e0 moi, j\u2019attends philosophiquement qu\u2019on me convoque la semaine prochaine ou l\u2019autre. Mais maintenant plus d\u2019\u00e9motions. Je suis blind\u00e9, archi-blind\u00e9. La situation est si lamentable que tout t\u00e9moigne en faveur de notre perspicacit\u00e9. Il nous suffit d\u2019avoir des juges (qui soient des juges) pour \u00eatre<\/p>\n<ol>\n<li style=\"text-align: justify;\">pardonn\u00e9s (et de quoi ? d\u2019avoir \u00e9t\u00e9 perspicaces ?)<\/li>\n<li style=\"text-align: justify;\">qui sait, acquitt\u00e9s ?<\/li>\n<li style=\"text-align: justify;\">Bient\u00f4t f\u00e9licit\u00e9s.<\/li>\n<\/ol>\n<p style=\"text-align: justify;\">\u00c0 moins que le contraire se produise, que l\u2019extr\u00eame-gauche s\u2019empare du pouvoir et que nous soyons purement et simplement supprim\u00e9s. Auquel cas on se retrouvera au Paradis. Auquel cas, c\u2019est la fin de la France (de la France royale, r\u00e9elle) avec nous. Commencerait l\u2019histoire de la quarante neuvi\u00e8me ou soixanti\u00e8me r\u00e9publique sovi\u00e9tique, dite fran\u00e7aise et nous deviendrions l\u2019ongle de pied de l\u2019ogre russe, \u00e0 moins que nous ne soyons le dernier poil du nez des USA. De toutes fa\u00e7ons la bagarre s\u2019amorce, se pr\u00e9cipite et devient br\u00fblante, le tout ponctu\u00e9 par les cris des consommateurs qui r\u00e9clament du pain. Apr\u00e8s les d\u00e9fil\u00e9s militaires, voici les d\u00e9fil\u00e9s utilitaires. Pr\u00e9vu. Pr\u00e9vu.<\/p>\n<p style=\"text-align: justify;\">Qu\u2019en pense Fr\u00e9d\u00e9ric\u00a0? Que dit-il, de sa fen\u00eatre de tout ce tohu-bohu\u00a0? Quel parti a-t-il pris\u00a0? Porte-t-il la raie \u00e0 droite ou \u00e0 gauche, ou bien le cheveu en arri\u00e8re. Tu ne m\u2019as m\u00eame pas dit qu\u2019il marchait tout seul. Du reste, je n\u2019en sais rien. Et tu ne me racontes rien de ce qu\u2019il casse et de la fa\u00e7on dont il t\u2019ennuie. Et tu ne me rapportes pas ses conversations. Quels sont les mots qu\u2019il a appris\u00a0: MRP\u00a0? SFIO\u00a0? Bon Dieu\u00a0! D\u00e9j\u00e0 un an \u00bd et ne pas avoir de pr\u00e9occupations politiques. Votre fils, Madame, serait-il un anarchiste\u00a0? Je soup\u00e7onne qu\u2019il est du parti de celui que lui d\u00e9laie son chocolat, opportuniste\u00a0!!<\/p>\n<p style=\"text-align: justify;\">Donc j\u2019attends ta prochaine lettre pour te dire ce que je pense de toi et de ta n\u00e9gligence. Aujourd\u2019hui, pas un mot tendre, pas une caresse ni du regard, ni de la main, pas un seul doigt dans les cheveux, pas un compliment, si froid soit-il, pas une attention, m\u00eame l\u00e9g\u00e8re. Tu n\u2019auras rien, puisque tu ne d\u00e9sires rien. On ne r\u00e9colte que ce qu\u2019on s\u00e8me. Pas un coin d\u2019\u00e9paule o\u00f9 nicher sa t\u00eate, pas de doigts entrelac\u00e9s, pas de projets d\u2019avenir, pas d\u2019esp\u00e9rances et pas de r\u00eaves, et pas du tout la chaleur d\u2019une affection qui cherche \u00e0 toucher plus profond\u00e9ment que la peau. Tu vois ce dont tu te prives en n\u2019\u00e9crivant pas. Mais pour ne pas \u00eatre la brute \u00e9paisse et sanguinaire, le tortionnaire sadique qui fait souffrir les petites filles sentimentales, je consens encore \u00e0 attendre jusqu\u2019\u00e0 aujourd\u2019hui midi pour d\u00e9clencher les hostilit\u00e9s, ou plut\u00f4t les froideurs. D\u2019ici l\u00e0, patientons encore et accordons \u00e0 Jeannette un certain cr\u00e9dit, mais un tout petit. Pourquoi en pensant \u00e0 toi revois-je ind\u00e9finiment la place de la Gare de Lyon, vue d\u2019en haut, avec son \u00e9chapp\u00e9e vers la Bastille, puis le Jardin des Plantes, puis des arbres tartes, sur un boulevard idiot. Ce quartier Diderot est lamentable, comme tous les quartiers. Il n\u2019est de grand chic que Fresnes. Je revois aussi de temps en temps beaucoup d\u2019autres coins du monde, entrevus ou trop vus. Mes souvenirs sont un album qu\u2019on feuillette, mais je n\u2019y \u00e9prouve plus de plaisir. Ce serait presque un vice que se promener continuellement dans sa mentalit\u00e9, au milieu des rues, parmi les \u00eatres qu\u2019on a connu et qu\u2019on ne peut plus toucher qu\u2019en pens\u00e9e. Plaisir et vice de romancier, stupide comme les d\u00e9vidages interminables de Marcel Proust dont le style prestigieux n\u2019efface pas l\u2019impression qu\u2019on a d\u2019un immense vers solitaire litt\u00e9raire qui n\u2019en finit jamais et dont chaque anneau pr\u00e9cieux et stupide en am\u00e8ne un autre sans qu\u2019on puisse imaginer que cela s\u2019arr\u00eatera un jour (tout cela parce que je viens de lire <em>Du c\u00f4t\u00e9 de chez Swan<\/em>).<\/p>\n<p style=\"text-align: justify;\">Il est midi pass\u00e9. Il n\u2019y a que quelques lettres au courrier m\u2019a dit le comptable et il pense \u00ad\u2013 il est m\u00eame s\u00fbr \u2013 qu\u2019il n\u2019y en n\u2019a pas pour moi. Je vais donc prendre mon air le plus s\u00e9v\u00e8re et demander les yeux dans les yeux \u00e0 Jeannette ce qui se passe pour que tant de silence soit venu tout \u00e0 coup interrompre l\u2019id\u00e9e joyeuse que je me faisais de sa conversation continuelle \u00e0 moi destin\u00e9e. Et bien que je n\u2019aie pas le courage de ternir ces beaux yeux, je vais protester v\u00e9h\u00e9mentement, non au nom de mon \u00e9go\u00efsme d\u00e9vastateur et d\u00e9vorant, mais parce que ce doit \u00eatre une fonction douce pour une personne aimante que d\u2019\u00e9crire \u00e0 l\u2019objet de ses affections, et qu\u2019il n\u2019y a pas de raison pour que Jeannette se prive de ce plaisir d\u2019autant plus qu\u2019elle sait bien qu\u2019il est partag\u00e9 et que les moindres miettes, les plus petites bribes, les menues arri\u00e8re-pens\u00e9es de son \u00e9panchement sont lues, savour\u00e9es, devin\u00e9es, appr\u00e9ci\u00e9es comme il convient. Ce n\u2019est donc pas mettre sa t\u00eate, ni ses yeux, ni son c\u0153ur en de mauvaises mains que de laisser lire ce que l\u2019on pense au fond de soi \u2013 et si l\u2019on n\u2019a pas compris \u00e0 quel point les conversations quotidiennes sont bonnes, il faut en \u00e9prouver l\u2019intime n\u00e9cessit\u00e9 pour savoir que les meilleures fonctions se d\u00e9veloppent en nous lentement, puissamment. J\u2019attends donc de Jeannette qu\u2019elle donne la pl\u00e9nitude de son affection \u00e0 intervalles r\u00e9guliers et crois bien que je ne manquerai pas d\u2019y r\u00e9pondre. Du reste, j\u2019y ai d\u00e9j\u00e0 r\u00e9pondu d\u2019avance. Sur ce, on t\u2019embrasse, on te r\u00e9-embrasse, on te souhaite de bons et doux r\u00eaves, d\u00e9licats et prometteurs et constructifs. Et puis on attend cet apr\u00e8s-midi pour d\u00e9faire dans le colis tous les petits paquets que tu as ficel\u00e9s. Ah\u00a0! Attention\u00a0! Des allumettes SVP. En quantit\u00e9 industrielle. Nous mendigotons tous le jour pour en avoir. Et d u m\u00e9ta + des pierres \u00e0 briquet + demande \u00e0 ma m\u00e8re de mettre 1 fois tous les 15 jours un pain d\u2019\u00e9pices. T\u00e2che de le faire passer en suppl\u00e9ment de poids. Sur ce je t\u2019embrasse en te r\u00e9affirmant tout ce que je t\u2019ai d\u00e9j\u00e0 dit et tout ce que je n\u2019ai pas encore dit. Si les \u00e9v\u00e8nements se pr\u00e9cipitent comme je le crois, je serai avec toi plus t\u00f4t que tu les penses.<\/p>\n<p style=\"text-align: justify;\">Bises<\/p>\n<p style=\"text-align: justify;\">J<\/p>\n<p style=\"text-align: justify;\">Bien re\u00e7u colis. Mille et mille fois merci. Que de merveilles et qu\u2019on sent des doigts de f\u00e9e, le c\u0153ur de f\u00e9e, l\u2019amour de f\u00e9e.<br \/>\nEnvoie moi une paire de lacets de souliers marron tr\u00e8s solides.<\/p>\n<p>&nbsp;<\/p>\n<p>&nbsp;<\/p>\n<p>&nbsp;<\/p>\n<p>&nbsp;<\/p>\n","protected":false},"excerpt":{"rendered":"<p>\u00a0 Lundi 21 janvier 1946 Petite Jeannette ch\u00e9rie, Alors quoi, les lettres\u00a0? On n\u2019\u00e9crit plus. Tu \u00e9tais bien jolie dans la cage aux moineaux l\u2019autre jour. Et tu as bougrement bien fait de venir. Mais j\u2019aime mieux te voir seule. &hellip; <a href=\"https:\/\/monperejeanmamy.fr\/?page_id=1971\">Continuer la lecture <span class=\"meta-nav\">&rarr;<\/span><\/a><\/p>\n","protected":false},"author":2,"featured_media":11,"parent":0,"menu_order":0,"comment_status":"closed","ping_status":"closed","template":"","meta":[],"folder":[],"_links":{"self":[{"href":"https:\/\/monperejeanmamy.fr\/index.php?rest_route=\/wp\/v2\/pages\/1971"}],"collection":[{"href":"https:\/\/monperejeanmamy.fr\/index.php?rest_route=\/wp\/v2\/pages"}],"about":[{"href":"https:\/\/monperejeanmamy.fr\/index.php?rest_route=\/wp\/v2\/types\/page"}],"author":[{"embeddable":true,"href":"https:\/\/monperejeanmamy.fr\/index.php?rest_route=\/wp\/v2\/users\/2"}],"replies":[{"embeddable":true,"href":"https:\/\/monperejeanmamy.fr\/index.php?rest_route=%2Fwp%2Fv2%2Fcomments&post=1971"}],"version-history":[{"count":4,"href":"https:\/\/monperejeanmamy.fr\/index.php?rest_route=\/wp\/v2\/pages\/1971\/revisions"}],"predecessor-version":[{"id":1986,"href":"https:\/\/monperejeanmamy.fr\/index.php?rest_route=\/wp\/v2\/pages\/1971\/revisions\/1986"}],"wp:featuredmedia":[{"embeddable":true,"href":"https:\/\/monperejeanmamy.fr\/index.php?rest_route=\/wp\/v2\/media\/11"}],"wp:attachment":[{"href":"https:\/\/monperejeanmamy.fr\/index.php?rest_route=%2Fwp%2Fv2%2Fmedia&parent=1971"}],"wp:term":[{"taxonomy":"folder","embeddable":true,"href":"https:\/\/monperejeanmamy.fr\/index.php?rest_route=%2Fwp%2Fv2%2Ffolder&post=1971"}],"curies":[{"name":"wp","href":"https:\/\/api.w.org\/{rel}","templated":true}]}}