{"id":1982,"date":"2021-04-09T14:42:21","date_gmt":"2021-04-09T12:42:21","guid":{"rendered":"http:\/\/monperejeanmamy.fr\/?page_id=1982"},"modified":"2024-01-20T16:21:16","modified_gmt":"2024-01-20T15:21:16","slug":"jm-a-jr-fresnes-46-01-28","status":"publish","type":"page","link":"https:\/\/monperejeanmamy.fr\/?page_id=1982","title":{"rendered":"JM \u00e0 JR (Fresnes 46\/01\/28)"},"content":{"rendered":"<p><strong>\u00a0<\/strong><a href=\"http:\/\/monperejeanmamy.fr\/?page_id=1971\"><img loading=\"lazy\" class=\"wp-image-1352 alignleft\" src=\"http:\/\/monperejeanmamy.fr\/wp-content\/uploads\/2021\/03\/Lettre-precedente.jpg\" alt=\"\" width=\"143\" height=\"78\" \/><\/a><a href=\"http:\/\/monperejeanmamy.fr\/?page_id=1988\"><img loading=\"lazy\" class=\"alignright wp-image-1353\" src=\"http:\/\/monperejeanmamy.fr\/wp-content\/uploads\/2021\/03\/Lettre-suivante.jpg\" alt=\"\" width=\"139\" height=\"76\" \/><\/a><\/p>\n<p style=\"text-align: center;\"><strong>Lundi 28 janvier 1946<\/strong><\/p>\n<p style=\"text-align: center;\">Ma petite fille ch\u00e9rie,<\/p>\n<p style=\"text-align: justify;\">Je viens de remonter du colis et me d\u00e9p\u00eache d\u2019\u00e9crire car cette semaine je n\u2019ai pas tenu de journal pour Jeannette. D\u2019heure en heure nous arrivent des nouvelles (qui ne sont peut-\u00eatre que des bobards) qui indiquent par-ci par-l\u00e0 le caract\u00e8re de la crise et les solutions que l\u2019on est en droit d\u2019esp\u00e9rer \u2013 et ceci m\u2019a forc\u00e9 \u00e0 travailler beaucoup ces jours derniers. Aussi Jeannette, sans s\u2019en trouver n\u00e9glig\u00e9e, ne b\u00e9n\u00e9ficiera pas d\u2019une lettre profonde et sentimentale comme elle le d\u00e9sirerait peut-\u00eatre, mais d\u2019une de ces brusques envol\u00e9es de tendresse concentr\u00e9e, qui pour \u00eatre vive et spontan\u00e9e n\u2019en n\u2019est pas plus mauvaise ni plus riche en \u00e9motions.<\/p>\n<p style=\"text-align: justify;\">Tout d\u2019abord le colis. Il est magnifique ton colis. Il est sup\u00e9rieur. Il est ahurissant. Il est passionnant. Il est \u00e9patant, savoureux, prometteur, distingu\u00e9, complet, extraordinairement nuanc\u00e9. Nous arrivons \u00e0 faire tenir dans 3 kgs une gamme de sensations culinaires prodigieuses, \u00e0 moins que je sois devenu compl\u00e8tement stupide et que je m\u2019extasie devant un hareng fum\u00e9 et un morceau de lard. Mais sais-tu que ton morceau de lard me fait 5 jours, que ta poudre d\u2019\u0153ufs me sert \u00e0 3 repas diff\u00e9rents et que je suis \u00e0 genoux devant un morceau de r\u00e9glisse et deux caramels. Voici pour les compliments. Pour les observations\u00a0:<\/p>\n<ol>\n<li style=\"text-align: justify;\">veux-tu dire \u00e0 ma m\u00e8re qu\u2019elle n\u2019oublie pas la r\u00e9guli\u00e8re douzaine de bouillons Kub qui servent \u00e0 augmenter la valeur nutritive des potages<\/li>\n<li style=\"text-align: justify;\">itou de l\u2019ail demand\u00e9<\/li>\n<li style=\"text-align: justify;\">si vous pouviez \u2013mais cela n\u2019est peut-\u00eatre pas possible ou trop cher \u2013 mettre par semaine une bo\u00eete de 50 m\u00e9ta, cela serait parfait ; sinon, tout va tr\u00e8s bien et merci, merci quand m\u00eame.<\/li>\n<\/ol>\n<p style=\"text-align: justify;\">Je me souhaite de sortir pour vous rendre tout cela au centuple en gentillesses, t\u00e9moignages et cadeaux \u2013 et baisers par dessus le march\u00e9 si vous y tenez, Madame la maman de Fr\u00e9d\u00e9ric, le plus beau des blonds aux yeux violets.<\/p>\n<p style=\"text-align: justify;\">Je crois que nos \u00e9preuves vont finir bient\u00f4t. Cette intuition n\u2019est pas personnelle. La crise fait son abc\u00e8s, et celui-ci va s\u2019amplifier jusqu\u2019au jour o\u00f9 il appara\u00eetra si volumineux que ceux qui l\u2019auront provoqu\u00e9 devront fuir avec pr\u00e9cipitation sous la fureur de l\u2019opinion publique enfin r\u00e9veill\u00e9e. Il aura fallu deux ans, disent d\u00e9j\u00e0 certains journaux pour consommer la ruine totale de l\u2019Empire. Comme r\u00e9sultat, c\u2019est joli \u2013 et nous, pour notre part, nous sommes coupables de l\u2019avoir pr\u00e9vu, pr\u00e9dit, d\u00e9nonc\u00e9, et d\u2019avoir essay\u00e9 de parer le coup. Maintenant, le mal est fait. Il faudra r\u00e9parer la France sur des ruines telles qu\u2019on ne sait gu\u00e8re par o\u00f9 commencer le d\u00e9blayage. Nous allons vers des jours tr\u00e8s durs pour, peut-\u00eatre, obtenir, selon nos possibilit\u00e9s et nos bonnes volont\u00e9s et la bonne tenue du peuple, un appui d\u2019un \u00e9tranger qui nous a d\u00e9j\u00e0 aval\u00e9 les meilleurs morceaux de notre domaine. Ainsi p\u00e9rirent Babylone et Ninive, Ath\u00e8nes et Rome, l\u2019Espagne et maintenant \u00e0 son tour la France. La vieille Europe n\u2019est plus qu\u2019un tremplin militaire entre le Nouveau-Monde (\u00e9migr\u00e9 de la veille) et l\u2019Asie mena\u00e7ante. Pour les gens d\u00e9licats, il vaut mieux ne pas se mettre dans la bagarre. Pour nous qui sommes maintenant blind\u00e9s, il vaut mieux au contraire que nous fassions notre m\u00e9tier de d\u00e9tecteurs de menaces prochaines. A renifler les mentalit\u00e9s, on arrive \u00e0 pr\u00e9ciser surement le mal latent et \u00e0 annoncer les dangers futurs.<\/p>\n<p style=\"text-align: justify;\">On ne peut pas pr\u00e9dire avec certitude quand tout cela finira\u00a0; mais il est certain que le mois de f\u00e9vrier 46 verra se produire en France de curieuses choses <a href=\"#_ftn1\" name=\"_ftnref1\">[1]<\/a> <a href=\"#_ftn2\" name=\"_ftnref2\">[2]<\/a>. Surtout, et je suis bien s\u00fbr que tu es prudente, ne te m\u00eale d\u2019aucune manifestation publique. On sent la poudre, d\u2019ici. Voil\u00e0 de bons conseils utiles. M\u00e9fie-toi du moment o\u00f9 les gens vont commencer vraiment \u00e0 prendre feu sous l\u2019empire d\u2019une famine qui menace car les stocks sont para\u00eet-il \u00e9puis\u00e9s et les bateaux de vivres am\u00e9ricains n\u2019arriveront pas avant que l\u2019ordre soit r\u00e9tabli <a href=\"#_ftn3\" name=\"_ftnref3\">[3]<\/a> (voil\u00e0 ce qu\u2019on chuchote de source s\u00fbre, mais tout cela n\u2019est-il pas du Radio-Fresnes\u00a0?).<\/p>\n<p style=\"text-align: justify;\">Sans vouloir pol\u00e9miquer ou devinetter davantage, je pr\u00e9f\u00e8re t\u2019embrasser tout cr\u00fbment avec ce bon gros c\u0153ur qui se fout du tiers comme du quart quand il est en pr\u00e9sence de la femme qu\u2019il a choisie pour amie. Je ne sais pas si nous aurons l\u2019occasion de nous voir la semaine prochaine. On m\u2019a dit que l\u2019on n\u2019\u00e9tait pas press\u00e9, mais il se peut. Tout cela est bien impr\u00e9visible, et ce que l\u2019on pourrait dire dans les prochaines conversations porte sur des choses si lointaines qu\u2019il vaut mieux ne plus en parler. D\u2019autant plus que maintenant le livre que nous avons \u00e9crit l\u00e0 n\u2019est que le pr\u00e9lude ou le premier chapitre du grand roman \u00e0 \u00e9pisodes que nous allons continuer, j\u2019esp\u00e8re. On ne s\u2019arr\u00eate pas en si bon chemin. Voil\u00e0 de quoi meubler un avenir d\u00e9j\u00e0 riche en souvenirs du pass\u00e9 qui constituent autant de promesses et de garanties.<\/p>\n<p style=\"text-align: justify;\">Ma petite fille, tr\u00e8s, toute petite fille, j\u2019ai ouvert tous les jours de la semaine ma poche gauche, et j\u2019ai vu que tu y \u00e9tais toujours, quand j\u2019ai envie d\u2019avoir ton b\u00e9cot, et ton sourire, et tes yeux limpides ou troubles, et ton silence, et ton bavardage.<\/p>\n<p style=\"text-align: justify;\">Est-ce que tu ne m\u2019\u00e9cris plus parce que tu vas bient\u00f4t me voir mieux que dans une cage \u00e0 poules ou es-tu devenue muette de joie ou d\u2019inqui\u00e9tude\u00a0? Surtout pas cela. Il n\u2019y a pas de crainte \u00e0 avoir pour ceux qui sont si cuirass\u00e9s par l\u2019exp\u00e9rience qu\u2019ils ne peuvent plus pr\u00eater le flanc aux attaques sournoises. La vie aura encore de beaux jours et des sourires tranquilles et \u2013 mon Dieu\u00a0! Pourquoi pas\u00a0! \u2013 quelques semaines de repos et de p\u00eache \u00e0 la ligne ne nous messi\u00e9raient pas.<\/p>\n<p style=\"text-align: justify;\">\u00c0 bient\u00f4t te lire, te lire, te lire, avant de te voir, te voir, te voir, et avec toi le Fr\u00e9di, Fr\u00e9do, Fr\u00e9d\u00e9, Fr\u00e9d\u00e9rico, Fr\u00e9d\u00e9 fris\u00e9, D\u00e9fririquiqui, fric, frac, froc, D\u00e9fr\u00e9dicquericquirit. Dis lui tout \u00e7\u00e0 et mange lui l\u2019oreille de ma part.<\/p>\n<p style=\"text-align: justify;\">Baisers x par plus l\u2019infini.<\/p>\n<p style=\"text-align: justify;\">J<\/p>\n<p style=\"text-align: justify;\"><a href=\"#_ftnref1\" name=\"_ftn1\">[1]<\/a> Le G\u00e9n\u00e9ral de Gaulle d\u00e9missionne du gouvernement le 20 janvier 1946 (Jean Mamy ne le savait probablement pas quand il \u00e9crit cette lettre le 28 janvier 1946, note FGR).<br \/>\n<a href=\"#_ftnref2\" name=\"_ftn2\">[2]<\/a> Le 5 mars 1946, lors d\u2019un discours prononc\u00e9 dans une universit\u00e9 am\u00e9ricaine, Winston Churchill utilise pour la premi\u00e8re fois l\u2019expression pass\u00e9e \u00e0 l\u2019histoire \u00ab\u00a0<em>Rideau de fer<\/em>\u00a0\u00bb pour d\u00e9signer les pays de l\u2019Est sous le r\u00e9gime communiste (note de FGR \u2013 voir le texte du discours\u00a0: <a href=\"http:\/\/mjp.univ-perp.fr\/textes\/churchill05031946.htm\" target=\"_blank\" rel=\"noopener noreferrer\">http:\/\/mjp.univ-perp.fr\/textes\/churchill05031946.htm<\/a>)<br \/>\n<a href=\"#_ftnref3\" name=\"_ftn3\">[3]<\/a> En mai et juin 1946 les difficult\u00e9s de ravitaillement provoquent de nombreuses gr\u00e8ves qui vont parfois jusqu\u2019\u00e0 l\u2019\u00e9meute (note FGR)<\/p>\n<p>&nbsp;<\/p>\n<p>&nbsp;<\/p>\n<p>&nbsp;<\/p>\n","protected":false},"excerpt":{"rendered":"<p>\u00a0 Lundi 28 janvier 1946 Ma petite fille ch\u00e9rie, Je viens de remonter du colis et me d\u00e9p\u00eache d\u2019\u00e9crire car cette semaine je n\u2019ai pas tenu de journal pour Jeannette. D\u2019heure en heure nous arrivent des nouvelles (qui ne sont &hellip; <a href=\"https:\/\/monperejeanmamy.fr\/?page_id=1982\">Continuer la lecture <span class=\"meta-nav\">&rarr;<\/span><\/a><\/p>\n","protected":false},"author":2,"featured_media":11,"parent":0,"menu_order":0,"comment_status":"closed","ping_status":"closed","template":"","meta":[],"folder":[],"_links":{"self":[{"href":"https:\/\/monperejeanmamy.fr\/index.php?rest_route=\/wp\/v2\/pages\/1982"}],"collection":[{"href":"https:\/\/monperejeanmamy.fr\/index.php?rest_route=\/wp\/v2\/pages"}],"about":[{"href":"https:\/\/monperejeanmamy.fr\/index.php?rest_route=\/wp\/v2\/types\/page"}],"author":[{"embeddable":true,"href":"https:\/\/monperejeanmamy.fr\/index.php?rest_route=\/wp\/v2\/users\/2"}],"replies":[{"embeddable":true,"href":"https:\/\/monperejeanmamy.fr\/index.php?rest_route=%2Fwp%2Fv2%2Fcomments&post=1982"}],"version-history":[{"count":6,"href":"https:\/\/monperejeanmamy.fr\/index.php?rest_route=\/wp\/v2\/pages\/1982\/revisions"}],"predecessor-version":[{"id":3218,"href":"https:\/\/monperejeanmamy.fr\/index.php?rest_route=\/wp\/v2\/pages\/1982\/revisions\/3218"}],"wp:featuredmedia":[{"embeddable":true,"href":"https:\/\/monperejeanmamy.fr\/index.php?rest_route=\/wp\/v2\/media\/11"}],"wp:attachment":[{"href":"https:\/\/monperejeanmamy.fr\/index.php?rest_route=%2Fwp%2Fv2%2Fmedia&parent=1982"}],"wp:term":[{"taxonomy":"folder","embeddable":true,"href":"https:\/\/monperejeanmamy.fr\/index.php?rest_route=%2Fwp%2Fv2%2Ffolder&post=1982"}],"curies":[{"name":"wp","href":"https:\/\/api.w.org\/{rel}","templated":true}]}}