{"id":1994,"date":"2021-04-09T15:09:57","date_gmt":"2021-04-09T13:09:57","guid":{"rendered":"http:\/\/monperejeanmamy.fr\/?page_id=1994"},"modified":"2021-04-10T10:02:00","modified_gmt":"2021-04-10T08:02:00","slug":"jm-a-jr-fresnes-46-02-11","status":"publish","type":"page","link":"https:\/\/monperejeanmamy.fr\/?page_id=1994","title":{"rendered":"JM \u00e0 JR (Fresnes 46\/02\/11)"},"content":{"rendered":"<p><strong>\u00a0<\/strong><a href=\"http:\/\/monperejeanmamy.fr\/?page_id=1988\"><img loading=\"lazy\" class=\"wp-image-1352 alignleft\" src=\"http:\/\/monperejeanmamy.fr\/wp-content\/uploads\/2021\/03\/Lettre-precedente.jpg\" alt=\"\" width=\"143\" height=\"78\" \/><\/a><a href=\"http:\/\/monperejeanmamy.fr\/?page_id=2003\"><img loading=\"lazy\" class=\"alignright wp-image-1353\" src=\"http:\/\/monperejeanmamy.fr\/wp-content\/uploads\/2021\/03\/Lettre-suivante.jpg\" alt=\"\" width=\"139\" height=\"76\" \/><\/a><\/p>\n<p style=\"text-align: center;\"><strong>Lundi 11 f\u00e9vrier 1946<\/strong><\/p>\n<p style=\"text-align: center;\">Petite Jeannette ch\u00e9rie,<\/p>\n<p style=\"text-align: justify;\">Pourquoi es-tu nerveuse et bouscul\u00e9e quand tu me vois le samedi\u00a0? Il est vrai que les instants sont si brefs, que le lieu est si mal choisi pour des confidences ou des conversations calmes. Mais il ne faut pas craindre ou s\u2019affoler parce que les \u00e9v\u00e8nements ont l\u2019air de s\u2019avancer. Je crois que j\u2019en ai encore pour un bout de temps avant que mon affaire soit \u00e9claircie. Il faut que certains aspects politiques de l\u2019affaire apparaissent en toute lumi\u00e8re pour qu\u2019on puisse la juger vraiment et je crois que cela demande encore un peu de travail. Donc le temps apportant \u00e0 la fois une plus grande s\u00e9r\u00e9nit\u00e9 et un examen plus consciencieux des faits et des motifs nous permettra de nous justifier compl\u00e8tement. Et puis, les \u00e9v\u00e8nements mondiaux sont tels qu\u2019il appara\u00eet que sur beaucoup de points nous n\u2019avons pas tout \u00e0 fait tort. Il se peut donc que la chance et la bonne foi se multipliant l\u2019une l\u2019autre nous permettent d\u2019esp\u00e9rer la fin de nos \u00e9preuves. Il para\u00eet qu\u2019on parle beaucoup d\u2019amnistie au dehors (Vigier, Paul Reynaud \u2013 on cite aussi Daladier).<\/p>\n<p style=\"text-align: justify;\">Naturellement puisque tu me vois trois minutes le samedi, tu en profites pour que je m\u2019\u00e9nerve, estimant sans doute qu\u2019un sandwich vaut bien une lettre et un morceau de chocolat une d\u00e9claration d\u2019amour (\u00c0 propos, ne mets plus trop de sardines \u00e0 la vinaigrette dans mon colis. Elles sont excellentes, mais je n\u2019en raffole plus. Par contre le hareng est toujours le bienvenu. Tu peux m\u00eame mettre un hareng saur ou te procurer des laitances \u2013 que j\u2019adore \u2013 ceci si possible et si pas trop cher bien entendu. Bravo pour les lentilles ou haricots blancs. Vari\u00e9t\u00e9s. Vari\u00e9t\u00e9s. Si tu trouve du p\u00e2t\u00e9 am\u00e9ricain\u2026 Enfin, tu sais bien et merci d\u2019avance). Si j\u2019\u00e9crivais aussi peu et aussi peu serr\u00e9 que toi, tu roulerais des yeux furibonds et d\u00e9sesp\u00e9r\u00e9s dans tous les coins de la chambre. Je t\u2019habitue \u00e0 trop de qui\u00e9tude. Il faut que je me f\u00e2che un peu. Au fond, l\u2019amour ne va bien que sous le fouet de la menace de privation. D\u00e8s qu\u2019on en a \u00e0 sati\u00e9t\u00e9, on n\u2019arrive plus \u00e0 le dig\u00e9rer et on s\u2019endort repu. Les bons coqs, comme les meilleures amoureuses sont les plus maigres. Je vais te sevrer\u2026 la prochaine fois\u2026 \u00e0 partir de\u2026 si\u2026 Fais attention, c\u2019est tr\u00e8s s\u00e9rieux. <u>Je veux,<\/u> <u>j\u2019exige<\/u> imp\u00e9rativement mes <u>trois<\/u> lettres par semaine, r\u00e9guli\u00e8res, compl\u00e8tes, bourr\u00e9es de choses int\u00e9ressantes et contenant une substance savoureuse appr\u00e9ciable, r\u00e9confortante. Bref\u2026 l\u2019\u00e9quivalent spirituel des colis. Moi, je ne suis pas mat\u00e9rialiste. Il me faut des mots et si les petits paquets me font plaisir, j\u2019attache encore plus de prix \u00e0 ce qu\u2019on me dit, \u00e0 la mani\u00e8re dont on le dit, \u00e0 l\u2019empressement, la spontan\u00e9it\u00e9, le touffu du sentiment. Je suis un touffu. Je veux du touffu, du dense, du concentr\u00e9, du vite et complet. Et ceci n\u2019est pas un caprice de m\u00f4me. Dans une cellule, nous ne devrions pas nous priver des meilleures amiti\u00e9s, des plus grandes affections qui doivent \u00eatre traduites en prose, avec de multiples p\u00e9riphrases. Notre t\u00e2che est de guider nos d\u00e9sirs et ceux de nos amies dans le meilleur sens pour qu\u2019il n\u2019y ait pas choc, d\u00e9sagr\u00e9gation atomique. Ce qui d\u00e9truit l\u2019amour c\u2019est la passion vulgaire qui aboutit soit \u00e0 la haine, soit au crime, soit \u00e0 l\u2019indiff\u00e9rence, \u00e0 l\u2019oubli. Mais pour purifier, anoblir, encourager, fortifier ce plus noble \u00e9lan du c\u0153ur, il faut non seulement la patience, mais l\u2019entretien quotidien. J\u2019ai remarqu\u00e9 aussi que tu m\u2019avais fourni du papier d\u2019un format plus r\u00e9duit. Je m\u2019en sers pour versifier, mais tu remarqueras que pour t\u2019\u00e9crire j\u2019emploie de grandes feuilles. Remarques tu ces d\u00e9tails\u00a0? Tu ne m\u2019en dis jamais rien. Si tu veux devenir laiti\u00e8re ou fermi\u00e8re, il faut commencer par apprendre le m\u00e9tier, l\u2019alphabet de l\u2019amour. La Bible dit \u00ab\u00a0Au commencement \u00e9tait le Verbe\u2026\u00a0\u00bb, donc \u00e9cris\u2026<\/p>\n<p style=\"text-align: justify;\">J\u2019ai lu cette semaine cinq ou six bouquins, \u00e9crit une dizaine de pages, \u00e9cout\u00e9 une centaine de gens et pens\u00e9 des milliers de choses. On fait son m\u00e9tier d\u2019homme, m\u00eame en prison. J\u2019ai eu l\u2019honneur d\u2019\u00eatre confront\u00e9 samedi avec le chef des FFI qui pille mon appartement et fit emporter de chez toi tous mes objets. Il n\u2019a pas chang\u00e9. Aussi ind\u00e9licat et b\u00eate que l\u2019ann\u00e9e derni\u00e8re. Tandis que nous, nous avons au moins profit\u00e9 de l\u2019exp\u00e9rience. Si c\u2019\u00e9tait \u00e0 recommencer\u00a0!&#8230;<\/p>\n<p style=\"text-align: justify;\">Cette nuit, j\u2019ai fort bien dormi, \u00e0 l\u2019encontre de l\u2019avant-derni\u00e8re nuit o\u00f9 je me suis un peu battu en r\u00eave avec mon t\u00e9moin. Mais depuis, ayant relu <em>L\u2019\u00c9ccl\u00e9siaste<\/em> <a href=\"#_ftn1\" name=\"_ftnref1\">[1]<\/a> et r\u00e9fl\u00e9chi aux vanit\u00e9s de ce monde, j\u2019ai cess\u00e9 d\u2019\u00e9prouver de l\u2019inqui\u00e9tude pour ma modeste personne et de l\u2019int\u00e9r\u00eat pour les affres de cette \u00e9poque, et j\u2019ai mis tout ceci dans le m\u00eame panier o\u00f9 le temps lui-m\u00eame flanque les ossements et les poussi\u00e8res d\u00e9funtes. \u00c0 relire l\u2019autre jour les \u0153uvres po\u00e9tiques de Ch\u00e9nier que la biblioth\u00e8que m\u2019avait coll\u00e9 par un de ces hasards qui choisi toujours bien son homme j\u2019ai retrouv\u00e9 quelques formules saisissantes qui s\u2019appliquent si bien \u00e0 nos jours qu\u2019on croirait encore entendre la voix de l\u2019homme. Et pourtant, Ch\u00e9nier est mort, et ses accusateurs aussi. Il y a longtemps que les cendres de Danton, de Robespierre, de Marat sont m\u00eal\u00e9es \u00e0 celles de Louis XVI et disparues dans le Cosmos, z\u00e9br\u00e9es par l\u2019\u00e9ternel mouvement du r\u00eave terrestre. Tout cela vous incite \u00e0 \u00eatre sage, de cette sagesse qui r\u00e9pugne \u00e0 la mod\u00e9ration comme \u00e0 la folie. Ne voir dans les actes des hommes que la contrefa\u00e7on de leur v\u00e9ritable destin nous apprend le calme immuable d\u2019une s\u00e9r\u00e9nit\u00e9 suprasensible. Si tu avais lu <em>L\u2019\u00c9ccl\u00e9siaste<\/em>, tu ne serais pas agit\u00e9e le samedi et Fr\u00e9d\u00e9ric n\u2019aurait pas la fi\u00e8vre. \u00c0 propos, qu\u2019a-t-il fait cette semaine\u00a0? Combien a-t-il cass\u00e9 d\u2019assiettes et d\u00e9chir\u00e9 de livres\u00a0? J\u2019esp\u00e8re que tu lui as offert un chat pour qu\u2019il puisse lui tirer la queue et se faire griffer. Il faut habituer les enfants \u00e0 dompter les animaux. Un chat est du reste tr\u00e8s utile pour la d\u00e9ratisation, bien que je ne sois pas d\u2019accord avec le proc\u00e9d\u00e9. On pourrait faire avec les rats d\u2019excellents p\u00e2t\u00e9s. Ce n\u2019est pas du tout r\u00e9pugnant. Question de propagande. M\u00eame race de rongeur que le lapin, et musqu\u00e9 ou pas, la peau peut faire de magnifiques gilets. Il suffit de lancer la mode. Je vois les Parisiens d\u00e9guis\u00e9s en trappeurs, posant des pi\u00e8ges dans leurs caves, ou s\u2019embauchant \u00e9goutiers.<\/p>\n<p style=\"text-align: justify;\">Utiliserai-je le restant de mon papier pour te prier encore une fois de m\u2019\u00e9crire\u00a0? Je crois avoir d\u00e9velopp\u00e9 suffisamment aujourd\u2019hui d\u2019arguments violents et invincibles pour que la le\u00e7on soit re\u00e7ue. Si la semaine prochaine j\u2019ai aussi peu de lettres, alors je prendrai des sanctions. Je d\u00e9ciderai de penser tout seul, de vivre le nez sur mon mur en me persuadant que le bonheur r\u00e9side dans la contemplation du blanc, que le seul grand amour de ma vie est le salp\u00eatre et qu\u2019on n\u2019est heureux qu\u2019\u00e0 Fresnes, derri\u00e8re les verrous qui vous prot\u00e8gent \u00e0 la fois des mitraillettes et des passions amoureuses. Sur ce, je te quitte bien gentiment, je passe la main dans tes cheveux orn\u00e9s de rubans coquets, je la referme sur ta nuque toute fine ou coule le sang plein d\u2019\u00e9motion pure et j\u2019embrasse tes r\u00eaves, tes soucis, ta joie, tes espoirs et tes d\u00e9sirs. Et puis quoi encore\u00a0: ta main qui fait des paquets, qui, quelquefois, prend un porte-plume, et puis tes yeux qui ont vu l\u2019autre soir un spectacle que tu ne m\u2019as pas racont\u00e9 (ce qui est int\u00e9ressant, ce n\u2019est pas la pi\u00e8ce elle-m\u00eame, mais la fa\u00e7on dont on l\u2019a vue).<\/p>\n<p style=\"text-align: justify;\">Tu pourrais me raconter <em>Britannicus<\/em> \u00e0 ta fa\u00e7on. Si tu as autant de talent que Racine, on t\u2019\u00e9coutera. Nous sommes tous les spectateurs de quelque chose. Ainsi, moi, je vois en ce moment la t\u00eate de Jeannette se d\u00e9couper dans le ciel. Elle sourit, comme sur la photo, elle ne saurait cacher ces yeux plus per\u00e7ants que le soleil. Elle se d\u00e9passe comme une maman et une femme attentive. Elle court la vie avec prudence et elle voudrait bien qu\u2019on la r\u00e9compense avec des mercis au moins litt\u00e9raires. Patience, le temps viendra. Elle sera meilleure l\u2019heure du renouveau. En attendant, on t\u2019embrasse, on te berce, on te taquine et on te c\u00e2line. Fais danser le Fr\u00e9d\u00e9ric pour moi.<\/p>\n<p style=\"text-align: justify;\">J.<\/p>\n<p style=\"text-align: justify;\">PS. Je n\u2019ai plus de fil, du solide, du lin SVP, noir ou blanc. Les encartements sont interdits<\/p>\n<p style=\"text-align: justify;\"><a href=\"#_ftnref1\" name=\"_ftn1\">[1]<\/a> <em>L&rsquo;Eccl\u00e9siaste<\/em> est un livre de la <em>Bible h\u00e9bra\u00efque<\/em>. Le contenu consiste en mat\u00e9riel personnel ou autobiographique, largement exprim\u00e9 en maximes et aphorismes, illumin\u00e9s en paragraphes laconiques avec des r\u00e9flexions sur le sens de la vie et le meilleur mode de vie. Il proclame avec emphase la \u00ab\u00a0futilit\u00e9\u00a0\u00bb et l&rsquo;obsolescence de toute action humaine, sage et fou connaissant le lot commun de la mort (note de FGR).<\/p>\n<p>&nbsp;<\/p>\n<p>&nbsp;<\/p>\n<p>&nbsp;<\/p>\n<p>&nbsp;<\/p>\n","protected":false},"excerpt":{"rendered":"<p>\u00a0 Lundi 11 f\u00e9vrier 1946 Petite Jeannette ch\u00e9rie, Pourquoi es-tu nerveuse et bouscul\u00e9e quand tu me vois le samedi\u00a0? Il est vrai que les instants sont si brefs, que le lieu est si mal choisi pour des confidences ou des &hellip; <a href=\"https:\/\/monperejeanmamy.fr\/?page_id=1994\">Continuer la lecture <span class=\"meta-nav\">&rarr;<\/span><\/a><\/p>\n","protected":false},"author":2,"featured_media":11,"parent":0,"menu_order":0,"comment_status":"closed","ping_status":"closed","template":"","meta":[],"folder":[],"_links":{"self":[{"href":"https:\/\/monperejeanmamy.fr\/index.php?rest_route=\/wp\/v2\/pages\/1994"}],"collection":[{"href":"https:\/\/monperejeanmamy.fr\/index.php?rest_route=\/wp\/v2\/pages"}],"about":[{"href":"https:\/\/monperejeanmamy.fr\/index.php?rest_route=\/wp\/v2\/types\/page"}],"author":[{"embeddable":true,"href":"https:\/\/monperejeanmamy.fr\/index.php?rest_route=\/wp\/v2\/users\/2"}],"replies":[{"embeddable":true,"href":"https:\/\/monperejeanmamy.fr\/index.php?rest_route=%2Fwp%2Fv2%2Fcomments&post=1994"}],"version-history":[{"count":3,"href":"https:\/\/monperejeanmamy.fr\/index.php?rest_route=\/wp\/v2\/pages\/1994\/revisions"}],"predecessor-version":[{"id":2006,"href":"https:\/\/monperejeanmamy.fr\/index.php?rest_route=\/wp\/v2\/pages\/1994\/revisions\/2006"}],"wp:featuredmedia":[{"embeddable":true,"href":"https:\/\/monperejeanmamy.fr\/index.php?rest_route=\/wp\/v2\/media\/11"}],"wp:attachment":[{"href":"https:\/\/monperejeanmamy.fr\/index.php?rest_route=%2Fwp%2Fv2%2Fmedia&parent=1994"}],"wp:term":[{"taxonomy":"folder","embeddable":true,"href":"https:\/\/monperejeanmamy.fr\/index.php?rest_route=%2Fwp%2Fv2%2Ffolder&post=1994"}],"curies":[{"name":"wp","href":"https:\/\/api.w.org\/{rel}","templated":true}]}}