{"id":2003,"date":"2021-04-10T09:47:03","date_gmt":"2021-04-10T07:47:03","guid":{"rendered":"http:\/\/monperejeanmamy.fr\/?page_id=2003"},"modified":"2021-04-10T10:12:49","modified_gmt":"2021-04-10T08:12:49","slug":"jm-a-jr-fresnes-46-02-18","status":"publish","type":"page","link":"https:\/\/monperejeanmamy.fr\/?page_id=2003","title":{"rendered":"JM \u00e0 JR (Fresnes 46\/02\/18)"},"content":{"rendered":"<p><strong>\u00a0<\/strong><a href=\"http:\/\/monperejeanmamy.fr\/?page_id=1994\"><img loading=\"lazy\" class=\"wp-image-1352 alignleft\" src=\"http:\/\/monperejeanmamy.fr\/wp-content\/uploads\/2021\/03\/Lettre-precedente.jpg\" alt=\"\" width=\"143\" height=\"78\" \/><\/a><a href=\"http:\/\/monperejeanmamy.fr\/?page_id=2007\"><img loading=\"lazy\" class=\"alignright wp-image-1353\" src=\"http:\/\/monperejeanmamy.fr\/wp-content\/uploads\/2021\/03\/Lettre-suivante.jpg\" alt=\"\" width=\"139\" height=\"76\" \/><\/a><\/p>\n<p style=\"text-align: center;\"><strong>Lundi 18 f\u00e9vrier 1946<\/strong><\/p>\n<p style=\"text-align: center;\">Petite Jeannette ch\u00e9rie,<\/p>\n<p style=\"text-align: justify;\">Chose fantastique ! Mes nouvelles fonctions de comptable m\u2019ont \u00e0 ce point absorb\u00e9 depuis 2 jours que je n\u2019ai pu trouver une minute pour r\u00e9diger la lettre hebdomadaire et qu\u2019il me faut moi-aussi \u2013surcharg\u00e9 de travail\u2013 exp\u00e9dier quelques mots tendres entre deux appels ou bordereaux. C\u2019est tant\u00f4t le coiffeur, tant\u00f4t les listes de cantine, tant\u00f4t la distribution du tabac ou du pain d\u2019\u00e9pice, tant\u00f4t les parloirs. Tout mon dimanche et mon lundi se sont pass\u00e9s en \u00e9critures comptables. Voici qui te vole ta part de pattes de mouches.<\/p>\n<p style=\"text-align: justify;\">Bien re\u00e7u ta lettre tout \u00e0 l\u2019heure qui contenait un s\u00e9rieux effort pour me raconter tes soir\u00e9es au th\u00e9\u00e2tre. Vous sortez beaucoup Mademoiselle, heureuse spectatrice de mondanit\u00e9s, qui pour nous autres ont perdu le sel puissant de la nouveaut\u00e9, comme de la puret\u00e9 qu\u2019on imagine toujours se d\u00e9gager d\u2019un spectacle \u00e0 la mode. Tout est vieux dans un monde mauvais qui tourne \u00e0 l\u2019horrible. Les temps apocalyptiques apparaissent. Des \u00e9crivains dits chr\u00e9tiens se jettent \u00e0 la t\u00eate des injures atomiques. Bernanos fulmine contre Rome qu\u2019il juge au-dessous de sa mission. Les mystiques (catholiques, protestants ou autres) sont effray\u00e9s par la vague de brutalit\u00e9 qui se d\u00e9chaine sur le monde bourgeois. Les petits litt\u00e9rateurs de tous poils font des mots comme les mouches bourdonnent par dessus les cadavres dont la d\u00e9composition s\u2019appr\u00eate. Bref, on pense que cette vieille plan\u00e8te va p\u00e9ter en mille morceaux, chacun de mauvaise humeur. On voit Jupiter se frotter les mains de son \u0153uvre explosive. N\u2019est-il pas responsable de Prom\u00e9th\u00e9e\u00a0?<\/p>\n<p style=\"text-align: justify;\">\u00c0 la suite de cette phrase brillante je fus mettre du caf\u00e9 dans mon eau et profiter de cette incidente pointe pour te signaler qu\u2019il me plairait, s\u2019il \u00e9tait possible, d\u2019avoir chaque semaine un peu plus de cette pr\u00e9cieuse et savoureuse denr\u00e9e (tu peux bien demander \u00e0 ma m\u00e8re de m\u2019en mettre le double). Cela ne p\u00e8se pas lourd, mais quel poids dans une semaine de prisonnier qui se distille de soupe en sandwich et en tasses de jus comme des grains en chapelet.<\/p>\n<p style=\"text-align: justify;\">Sur ce parlons de l\u2019avenir de la Terre. Je le vois peu brillant. Encore sem\u00e9 de guerres et de zizanies. La th\u00e9orie de Rousseau qui pr\u00e9tendait l\u2019Homme (humain, l\u2019animal terrestre) naturellement bon est infirm\u00e9e par les faits. Cette caricature de la bont\u00e9 divine, cet archange d\u00e9chu, ce diable pervers \u00e0 deux pattes, coiff\u00e9 de pr\u00e9tentions odieuses, bouffi d\u2019orgueil, \u00e9talant ses vanit\u00e9s et ses stupres est le pire imb\u00e9cile sanguinaire qu\u2019un d\u00e9miurge <a href=\"#_ftn1\" name=\"_ftnref1\">[1]<\/a> put imaginer dans ses t\u00e9n\u00e8bres.<\/p>\n<p style=\"text-align: justify;\">Le caf\u00e9 est excellent. Je ne vais peut-\u00eatre pas dormir beaucoup. Tant mieux. On pense plus fortement et avec lucidit\u00e9. Il faut beaucoup de nuits sans sommeil pour \u00e9veiller chez l\u2019individu le sens puissant de la po\u00e9sie.<\/p>\n<p style=\"text-align: justify;\">Tu avais l\u2019air peu tourment\u00e9e samedi. J\u2019esp\u00e8re que ta s\u00e9r\u00e9nit\u00e9 n\u2019est pas atteinte par les \u00e9v\u00e8nements mondiaux et qu\u2019au contraire, elle se renforce au fur et \u00e0 mesure que la lutte devient plus \u00e2pre. Il n\u2019est pas mauvais pour nos g\u00e9n\u00e9rations d\u2019avoir travers\u00e9 tant de p\u00e9rils. Ceux qui en r\u00e9chapperont seront les forts, ceux contre qui le mal n\u2019aura pas obtenu sa victoire. Pour moi, tous les jours \u00e0 tous les instants, je suis \u00e9merveill\u00e9 de voir combien en face de ces pr\u00e9tentions monstrueuses de la b\u00eatise, l\u2019Intelligence reste calme, sereine, \u00e9ternelle, vivante, omnipotente. Il semble que la rage de ne pas \u00eatre, de ne pas pouvoir \u00eatre d\u00e9pite d\u00e9sesp\u00e9r\u00e9ment la fourmili\u00e8re humaine, qui telle une ombre dansante sur un mur n\u2019est qu\u2019une pauvre fum\u00e9e d\u2019un feu imaginaire. Mais le vrai feu, la v\u00e9ritable lumi\u00e8re, reste stable. Personne, aucune force, ne peut la voiler, la troubler, l\u2019\u00e9teindre, la faire vaciller. Elle remplit de bonheur tous les hommes sages, prudents. Elle est immuablement pr\u00e9sente et il suffit de se d\u00e9tourner du monde pour la retrouver toujours \u00e0 la m\u00eame place, toujours bienfaisante, toujours rafraichissante, pleine de s\u00e8ve, g\u00e9n\u00e9reuse en bont\u00e9 et en id\u00e9es riches. Voici de quoi vivre. Voici de quoi ne plus mourir, ne plus s\u2019abimer dans des d\u00e9sespoirs \u00e9go\u00efstes. Voici la v\u00e9ritable paix de l\u2019esprit, la joie en marche.<\/p>\n<p style=\"text-align: justify;\">Voil\u00e0 un beau pr\u00eache pour des \u00e2mes sensibles. Deviendrai-je cur\u00e9 sur les beaux jours de la maturit\u00e9\u00a0? Il me souvient qu\u2019\u00e9tant gosse, mon grand-p\u00e8re avait r\u00eav\u00e9 pour moi le s\u00e9minaire. Belle profession. Je crois que j\u2019aurais fait un tr\u00e8s mauvais pr\u00e9lat. Mais la sagesse venant avec l\u2019exp\u00e9rience, il n\u2019est pas dit que nous ne finirons pas moine. L\u2019habitude se prend ici tous les jours.<\/p>\n<p style=\"text-align: justify;\">Il y a un demi-fou qui se balade quelque fois au rez-de-chauss\u00e9e et qui pr\u00e9tend conna\u00eetre l\u2019avenir d\u2019apr\u00e8s les indications des mediums. Voici ce que pronostique cet illumin\u00e9\u00a0: lib\u00e9ration de Fresnes dans 1 mois\u00a0; guerre contre l\u2019URSS en juin\u00a0; r\u00e9tablissement de la monarchie en France en 1947\u2026 Beau programme, aussi valable que tout autre. Inutile de te dire que nous sourions aimablement de ces fantaisies, mais l\u2019espoir aidant, il ne nous d\u00e9plairait pas d\u2019\u00eatre lib\u00e9r\u00e9s. \u00c0 condition de retrouver au dehors la libert\u00e9 et non les balles des mitraillettes. Nous n\u2019en sommes pas encore l\u00e0.<\/p>\n<p style=\"text-align: justify;\">J\u2019ai vu Mlle D. tout \u00e0 l\u2019heure et lui ai fait part de mon intention de demander ma libert\u00e9 provisoire dans un mois \u00bd. Elle est d\u2019accord sur la man\u0153uvre et elle en parlera \u00e0 Floriot.<\/p>\n<p style=\"text-align: justify;\">Bonnes grosses, grandes gentilles et tendres bises. Puisqu\u2019on n\u2019a pas le droit d\u2019\u00e9crire en travers, je t\u2019embrasse en long et en large. \u00c0 jeudi d\u2019abord. \u00c0 samedi ensuite. Dis au Fr\u00e9d\u00e9ric que plus il taquinera sa m\u00e8re avec ses questions plus elle s\u2019attachera \u00e0 lui, et que le r\u00f4le d\u2019un gar\u00e7on dans une famille particuli\u00e8rement f\u00e9minine c\u2019est de d\u00e9montrer d\u00e8s l\u2019enfance l\u2019autorit\u00e9 souveraine du m\u00e2le qui doit s\u2019exercer par les moyens les plus v\u00e9h\u00e9ments et bruyants. Veux-tu donc acc\u00e9der \u00e0 tous les d\u00e9sirs de ce Dieu qui te fut envoy\u00e9 pour que tu apprennes \u00e0 conna\u00eetre les hommes.<\/p>\n<p style=\"text-align: justify;\">Bises.<\/p>\n<p style=\"text-align: justify;\">J.<\/p>\n<p style=\"text-align: justify;\"><a href=\"#_ftnref1\" name=\"_ftn1\">[1]<\/a> Le d\u00e9miurge, ou le cr\u00e9ateur, est la d\u00e9it\u00e9 responsable de la cr\u00e9ation de l&rsquo;univers physique dans diverses cosmogonie (note de FGR).<\/p>\n<p>&nbsp;<\/p>\n","protected":false},"excerpt":{"rendered":"<p>\u00a0 Lundi 18 f\u00e9vrier 1946 Petite Jeannette ch\u00e9rie, Chose fantastique ! Mes nouvelles fonctions de comptable m\u2019ont \u00e0 ce point absorb\u00e9 depuis 2 jours que je n\u2019ai pu trouver une minute pour r\u00e9diger la lettre hebdomadaire et qu\u2019il me faut &hellip; <a href=\"https:\/\/monperejeanmamy.fr\/?page_id=2003\">Continuer la lecture <span class=\"meta-nav\">&rarr;<\/span><\/a><\/p>\n","protected":false},"author":2,"featured_media":11,"parent":0,"menu_order":0,"comment_status":"closed","ping_status":"closed","template":"","meta":[],"folder":[],"_links":{"self":[{"href":"https:\/\/monperejeanmamy.fr\/index.php?rest_route=\/wp\/v2\/pages\/2003"}],"collection":[{"href":"https:\/\/monperejeanmamy.fr\/index.php?rest_route=\/wp\/v2\/pages"}],"about":[{"href":"https:\/\/monperejeanmamy.fr\/index.php?rest_route=\/wp\/v2\/types\/page"}],"author":[{"embeddable":true,"href":"https:\/\/monperejeanmamy.fr\/index.php?rest_route=\/wp\/v2\/users\/2"}],"replies":[{"embeddable":true,"href":"https:\/\/monperejeanmamy.fr\/index.php?rest_route=%2Fwp%2Fv2%2Fcomments&post=2003"}],"version-history":[{"count":4,"href":"https:\/\/monperejeanmamy.fr\/index.php?rest_route=\/wp\/v2\/pages\/2003\/revisions"}],"predecessor-version":[{"id":2011,"href":"https:\/\/monperejeanmamy.fr\/index.php?rest_route=\/wp\/v2\/pages\/2003\/revisions\/2011"}],"wp:featuredmedia":[{"embeddable":true,"href":"https:\/\/monperejeanmamy.fr\/index.php?rest_route=\/wp\/v2\/media\/11"}],"wp:attachment":[{"href":"https:\/\/monperejeanmamy.fr\/index.php?rest_route=%2Fwp%2Fv2%2Fmedia&parent=2003"}],"wp:term":[{"taxonomy":"folder","embeddable":true,"href":"https:\/\/monperejeanmamy.fr\/index.php?rest_route=%2Fwp%2Fv2%2Ffolder&post=2003"}],"curies":[{"name":"wp","href":"https:\/\/api.w.org\/{rel}","templated":true}]}}