{"id":2007,"date":"2021-04-10T10:04:22","date_gmt":"2021-04-10T08:04:22","guid":{"rendered":"http:\/\/monperejeanmamy.fr\/?page_id=2007"},"modified":"2021-04-10T10:18:08","modified_gmt":"2021-04-10T08:18:08","slug":"jm-a-jr-fresnes-46-03-04","status":"publish","type":"page","link":"https:\/\/monperejeanmamy.fr\/?page_id=2007","title":{"rendered":"JM \u00e0 JR (Fresnes 46\/03\/04)"},"content":{"rendered":"<p><strong>\u00a0<\/strong><a href=\"http:\/\/monperejeanmamy.fr\/?page_id=2003\"><img loading=\"lazy\" class=\"wp-image-1352 alignleft\" src=\"http:\/\/monperejeanmamy.fr\/wp-content\/uploads\/2021\/03\/Lettre-precedente.jpg\" alt=\"\" width=\"143\" height=\"78\" \/><\/a><a href=\"http:\/\/monperejeanmamy.fr\/?page_id=2013\"><img loading=\"lazy\" class=\"alignright wp-image-1353\" src=\"http:\/\/monperejeanmamy.fr\/wp-content\/uploads\/2021\/03\/Lettre-suivante.jpg\" alt=\"\" width=\"139\" height=\"76\" \/><\/a><\/p>\n<p style=\"text-align: center;\"><strong>Lundi 4 mars 1946<\/strong><\/p>\n<p style=\"text-align: center;\">Petite Jeannette ch\u00e9rie,<\/p>\n<p style=\"text-align: justify;\">Je re\u00e7ois \u00e0 l\u2019instant ta bonne lettre de samedi, \u00e9crite apr\u00e8s cette journ\u00e9e transcendante. Mais oui bien s\u00fbr, tout cela finira un jour comme un mauvais r\u00eave. La situation se pr\u00e9cise peu \u00e0 peu. Je me d\u00e9bats vigoureusement et maintenant j\u2019ai la certitude de m\u2019en sortir car de nouveau \u00e9v\u00e8nements se pr\u00e9parent de tous c\u00f4t\u00e9s. Les confrontations sont ce qu\u2019elles doivent \u00eatre\u00a0: ni p\u00e9nibles, ni orageuses. Politiquement mes adversaires ont la bouche clou\u00e9e. Il ne s\u2019agit pour eux que d\u2019une puissance tr\u00e8s provisoire. Or, je pense que les enqu\u00eates ne sont pas encore au point et qu\u2019il faut encore quelques mois de travail avant d\u2019avoir parfaitement \u00e9clairci la chose. Il ne faut jamais se laisser gagner de vitesse par l\u2019erreur.<\/p>\n<p style=\"text-align: justify;\">Pour l\u2019instant attendons patiemment. Je ne sais si tu as eu l\u2019occasion de voir tes amis dans la semaine. Tu me le diras samedi (o\u00f9 j\u2019aurai une entrevue plus dure \u2013mais qui ne change rien \u00e0 l\u2019affaire). Si dans quelque temps nous voyons qu\u2019encore, on peut se d\u00e9fendre normalement sans avoir contre soi campagne de presse \u00e9hont\u00e9e, adversaires politiques intraitables et autres manifestations qui emp\u00eachent toutes explications logiques, sans pouvoir dire \u00e0 coup s\u00fbr que la partie est gagn\u00e9e et que notre sortie n\u2019est plus qu\u2019une question de temps. Tout d\u00e9pend des nouveaux jurys. Du reste nous n\u2019en sommes pas encore l\u00e0. Mon proc\u00e8s ne peut pas venir avant juin ou juillet au plus t\u00f4t, \u00e0 moins de rebondissements impr\u00e9vus ou de lenteurs.<\/p>\n<p style=\"text-align: justify;\">Mais c\u2019est trop parler de ces petites affaires. Il faut nous r\u00e9server \u00e0 des pens\u00e9es plus consistantes\u00a0: ne faisons pas de projets. Nous ne savons jamais de quoi demain sera fait. Les projets sont toujours d\u00e9cevants\u2026 Demain\u2026 Toujours demain\u2026 Pourquoi attendre\u00a0? Aujourd\u2019hui est au contraire le jour qui nous convient pour \u00eatre pleinement heureux. H\u00e9 oui\u00a0! Si nous ne comprenons pas que nous avons tout le bonheur d\u00e9sirable d\u00e8s maintenant, nous ne serons jamais heureux. Car le bonheur ne d\u00e9pend ni de la pr\u00e9sence physique d\u2019un autre, ni de notre vie ou de notre mort. Qu\u2019est-ce que l\u2019homme mortel\u00a0? Le grain de poussi\u00e8re qui s\u2019\u00e9vanouit presque aussit\u00f4t qu\u2019il est n\u00e9, vivant une existence stupide dans un monde stupide, toujours en lutte contre lui-m\u00eame, aussi bien que contre les autres, et que les choses, la vie de la plupart des gens est un long cauchemar qui, partant du n\u00e9ant, s\u2019en va au n\u00e9ant, apr\u00e8s avoir dans\u00e9 un peu de temps sur ce th\u00e9\u00e2tre des ombres\u00a0; c\u2019est pourquoi il ne faut attacher de prix qu\u2019\u00e0 la pens\u00e9e qui vous \u00e9l\u00e8ve au-dessus de ces mesquines impressions. Le bonheur n\u2019est pas acquis par des possessions charnelles ou tangibles selon le mode des sens. C\u2019est une illumination permanente, un sourire d\u00e9finitif, qui fait que les injures, les rebuffades, les brutalit\u00e9s, les menaces ne vous atteignent point. Je te jure que maintenant, la vie m\u2019appara\u00eet avec un tout autre sens. Plus d\u2019amiti\u00e9s factices, plus de r\u00e9alit\u00e9s professionnelles, plus de soucis d\u2019opinion, plus d\u2019inqui\u00e9tude \u00e0 propos des lois humaines \u00e9dict\u00e9es par des gouvernements transitoires. Une seule loi, un seul ordre, le plus haut\u00a0: celui qui commande \u00e0 l\u2019homme une stricte ob\u00e9issance et l\u2019oblige \u00e0 respecter en lui-m\u00eame et en autrui la v\u00e9ritable cr\u00e9ature, libre, heureuse, parfaite, celle qui a droit \u00e0 tous les hommages, parce qu\u2019elle est vivante de toute \u00e9ternit\u00e9 et que nul d\u00e9miurge ne l\u2019ensevelit dans la mati\u00e8re, r\u00eave de chair qui monte de la stupidit\u00e9 infernale.<\/p>\n<p style=\"text-align: justify;\">Nous voil\u00e0 lanc\u00e9 en pleine m\u00e9taphysique. Voil\u00e0 de quoi faire de grandes le\u00e7ons \u00e0 monsieur ton fils, dont toutes les photos montrent le regard autoritaire et l\u2019air souriant. Aurait-il h\u00e9rit\u00e9 de l\u2019esprit capricieux de sa m\u00e8re pour manifester d\u00e9j\u00e0 de si bonne heure une volont\u00e9 aussi imp\u00e9rative. Tant mieux, car la m\u00e8re \u00e0 l\u2019air de savoir bien ce qu\u2019elle veut. Fichtre\u00a0! Ta lettre de ce soir est bourr\u00e9e de sous-entendus et il m\u2019appara\u00eet que si nous avions \u00e9t\u00e9 laiss\u00e9 en libert\u00e9 par les hommes politiques de ce jour, tu aurais \u00e9t\u00e9 la plus passionn\u00e9e et tendre des amies, dont je ne sais si ma rigueur monacale aurait r\u00e9ussi \u00e0 calmer la fougue. Voil\u00e0 qui promet. Pourvu que la providence ne nous impose pas des \u00e9preuves qui te contrarieraient. Veux-tu bien supposer une minute que nous vivions dans un Moyen-\u00c2ge cl\u00e9rical et obscurantiste qui pratiquait couramment sur ceux qu\u2019ils appelaient des supp\u00f4ts du diable des supplices raffin\u00e9s. \u00d4 Ab\u00e9lard\u00a0! \u00d4 H\u00e9lo\u00efse\u00a0! Je te vois p\u00e2lir, fr\u00e9mir et courir \u00e0 tous les vents cherchant tes illusions perdues. Nous n\u2019en sommes heureusement plus l\u00e0, et la IV<sup>\u00e8me<\/sup> R\u00e9publique ne fait que fusiller (officiellement ou non). C\u2019est plus vite fait\u00a0: lib\u00e9r\u00e9\u00a0!&#8230; Voil\u00e0 les ailes qui nous poussent dans le dos.<\/p>\n<p style=\"text-align: justify;\">Sais-tu bien que je suis oblig\u00e9 de te faire les gros yeux pour ces enfantillages f\u00e9minins qui te paraissent tout naturels, mais, permets-moi de te le dire, ne sont pas \u00e0 la hauteur de la situation. Elle est corn\u00e9lienne la situation. Nous sommes des gens qui sacrifions tout \u00e0 des entit\u00e9s supra-humaines\u00a0: l\u2019\u00c9tat, la patrie, Dieu\u00a0; donc, il convient que nos femmes soient \u00e0 la hauteur des trag\u00e9dies dont nous sommes les acteurs et en aucun cas nous ne saurions souffrir que nos pr\u00e9occupations \u00e9thiques les plus hautes soient troubl\u00e9es par des vues sentimentales\u00a0!!! H\u00e9\u00a0! H\u00e9\u00a0! Cette tirade est jolie.<\/p>\n<p style=\"text-align: justify;\">Et bien non. Je t\u2019embrasse tendrement quand m\u00eame. Tu as droit \u00e0 toutes les attentions que m\u00e9ritent les petites filles fragiles et les mamans charmantes, et puisque tu pr\u00e9f\u00e8res \u00e0 mes pattes de mouches ou mes vaines paroles que je ne te dise rien du tout et que je t\u2019\u00e9coute vivre, assez pour ce soir. Nous finirons cette soir\u00e9e sans rien nous dire, toi dans la poche gauche et moi dans tes cheveux. Embrasse le Fr\u00e9d\u00e9ric.<\/p>\n<p>J.<\/p>\n<p>&nbsp;<\/p>\n","protected":false},"excerpt":{"rendered":"<p>\u00a0 Lundi 4 mars 1946 Petite Jeannette ch\u00e9rie, Je re\u00e7ois \u00e0 l\u2019instant ta bonne lettre de samedi, \u00e9crite apr\u00e8s cette journ\u00e9e transcendante. Mais oui bien s\u00fbr, tout cela finira un jour comme un mauvais r\u00eave. La situation se pr\u00e9cise peu &hellip; <a href=\"https:\/\/monperejeanmamy.fr\/?page_id=2007\">Continuer la lecture <span class=\"meta-nav\">&rarr;<\/span><\/a><\/p>\n","protected":false},"author":2,"featured_media":11,"parent":0,"menu_order":0,"comment_status":"closed","ping_status":"closed","template":"","meta":[],"folder":[],"_links":{"self":[{"href":"https:\/\/monperejeanmamy.fr\/index.php?rest_route=\/wp\/v2\/pages\/2007"}],"collection":[{"href":"https:\/\/monperejeanmamy.fr\/index.php?rest_route=\/wp\/v2\/pages"}],"about":[{"href":"https:\/\/monperejeanmamy.fr\/index.php?rest_route=\/wp\/v2\/types\/page"}],"author":[{"embeddable":true,"href":"https:\/\/monperejeanmamy.fr\/index.php?rest_route=\/wp\/v2\/users\/2"}],"replies":[{"embeddable":true,"href":"https:\/\/monperejeanmamy.fr\/index.php?rest_route=%2Fwp%2Fv2%2Fcomments&post=2007"}],"version-history":[{"count":4,"href":"https:\/\/monperejeanmamy.fr\/index.php?rest_route=\/wp\/v2\/pages\/2007\/revisions"}],"predecessor-version":[{"id":2016,"href":"https:\/\/monperejeanmamy.fr\/index.php?rest_route=\/wp\/v2\/pages\/2007\/revisions\/2016"}],"wp:featuredmedia":[{"embeddable":true,"href":"https:\/\/monperejeanmamy.fr\/index.php?rest_route=\/wp\/v2\/media\/11"}],"wp:attachment":[{"href":"https:\/\/monperejeanmamy.fr\/index.php?rest_route=%2Fwp%2Fv2%2Fmedia&parent=2007"}],"wp:term":[{"taxonomy":"folder","embeddable":true,"href":"https:\/\/monperejeanmamy.fr\/index.php?rest_route=%2Fwp%2Fv2%2Ffolder&post=2007"}],"curies":[{"name":"wp","href":"https:\/\/api.w.org\/{rel}","templated":true}]}}