{"id":2023,"date":"2021-04-10T10:34:13","date_gmt":"2021-04-10T08:34:13","guid":{"rendered":"http:\/\/monperejeanmamy.fr\/?page_id=2023"},"modified":"2021-04-10T10:49:05","modified_gmt":"2021-04-10T08:49:05","slug":"jm-a-jr-fresnes-46-04-08","status":"publish","type":"page","link":"https:\/\/monperejeanmamy.fr\/?page_id=2023","title":{"rendered":"JM \u00e0 JR (Fresnes 46\/04\/08)"},"content":{"rendered":"<p><strong>\u00a0<\/strong><a href=\"http:\/\/monperejeanmamy.fr\/?page_id=2018\"><img loading=\"lazy\" class=\"wp-image-1352 alignleft\" src=\"http:\/\/monperejeanmamy.fr\/wp-content\/uploads\/2021\/03\/Lettre-precedente.jpg\" alt=\"\" width=\"143\" height=\"78\" \/><\/a><a href=\"http:\/\/monperejeanmamy.fr\/?page_id=2027\"><img loading=\"lazy\" class=\"alignright wp-image-1353\" src=\"http:\/\/monperejeanmamy.fr\/wp-content\/uploads\/2021\/03\/Lettre-suivante.jpg\" alt=\"\" width=\"139\" height=\"76\" \/><\/a><\/p>\n<p style=\"text-align: center;\"><strong>Lundi 8 avril 1946<\/strong><\/p>\n<p style=\"text-align: center;\">Petite Jeannette,<\/p>\n<p style=\"text-align: justify;\">Si menue, si jolie, avec de si grands yeux violets\u2026 tout \u00e9tonn\u00e9s, et tout confiants, et puis des moues\u2026 inqui\u00e8tes ? Non. Pas de danger. Que voulais-tu savoir ? Si je\u2026 ? Si vraiment\u2026 oui\u2026 ? Tu me le demandes chaque fois. Naturellement, je suis content de te voir. Mieux : satisfait. Mieux : tr\u00e8s content. Mieux, m\u00eame mieux : indicible. Trop compliqu\u00e9. Trop simple \u00e0 dire. J\u2019aime tes yeux. Voil\u00e0. Tes moues. Voil\u00e0. Mettre ma main sur ton cou. Voil\u00e0. Te dire\u2026 des riens. Parler de n\u2019importe quoi. Voil\u00e0. \u00c9couter des riens. Recevoir des crayons rouges. Et bleus. Te demander la r\u00e9sistance de rechange. Et te complimenter du g\u00e2teau de riz. Toutes choses inutiles. \u00c0 c\u00f4t\u00e9 de l\u2019autre chose. Des autres\u2026 Enfin, je n\u2019en dirai rien. Tu ne sauras jamais (air connu, vieille romance). Indiscret. Cela ne te regarde pas, ces choses l\u00e0. Secrets d\u2019homme. D\u00e9fense d\u2019entrer, m\u00eame avec des pantoufles, \u00e0 patte menue. C\u2019est le sanctuaire, d\u2019o\u00f9 il sort seulement quelques flammes discr\u00e8tes, un peu l\u00e9cheuses, les jours de soleil.<\/p>\n<p style=\"text-align: justify;\">Tu \u00e9tais bien jolie. Tu es toujours bien jolie. Et pas vieille du tout. Seize, dix-huit ans. Toute menue. L\u2019air bien sage. Tu te cachais derri\u00e8re la porte en fer pour \u00eatre plus \u00e0 l\u2019aise, plus intime, plus chez nous. Nous avons eu dix minutes de feu doux. Il est vrai que mille ans comme un jour\u2026 enfin, devant nous l\u2019\u00e9ternit\u00e9\u2026 l\u2019\u00e9ternit\u00e9 d\u2019un jour ou d\u2019un instant.<\/p>\n<p style=\"text-align: justify;\">Mon samedi fut excellent. Je crois que nous passerons l\u2019\u00e9t\u00e9 tranquille. Pressentiment\u00a0? Vue objective des choses\u00a0? Tache de te renseigner aupr\u00e8s des cartomanciennes que tu connais.<\/p>\n<p style=\"text-align: justify;\">Le colis vient d\u2019arriver avec trois tulipes, les deux rouges et la rose. Je ne m\u2019extasierai pas sur les fleurs mais sur la barbe de Jupiter, cr\u00e9ateur des jardins, sur les doigts de f\u00e9e d\u2019Aurore qui jette sa ros\u00e9e sur les p\u00e9tales, sur les nymphes et les sylphides qui les poudrerisent de leurs baisers, et sur cette petite flamme, feu follet discret, mais n\u00e9anmoins universelle cr\u00e9ature qui prit soin de m\u2019envoyer ces tr\u00e9sors de gr\u00e2ce et de finesse, de l\u00e9g\u00e8ret\u00e9 et d\u2019\u00e9l\u00e9gance, de douceur et d\u2019\u00e9ternit\u00e9. Elles brillent sur ma table d\u2019une force lumineuse et nous communiquons par le t\u00e9l\u00e9phone secret des aspirations ferventes qui s\u2019en vont d\u2019un pistil \u00e0 l\u2019autre, car je soup\u00e7onne que sur ta propre table sont aussi leurs s\u0153urs. \u00ab\u00a0Allo\u00a0\u00bb, \u00ab\u00a0Comment vas-tu\u00a0?\u00a0\u00bb, \u00ab\u00a0Fort bien\u00a0\u00bb, \u00ab\u00a0Mon c\u0153ur est tout plein du soleil d\u2019aujourd\u2019hui. Et toi\u00a0?\u00a0\u00bb, \u00ab\u00a0Comme il se doit\u00a0!\u00a0Avec tant de bonheur dans les yeux que l\u2019air en est parfum\u00e9\u00a0!\u00a0\u00bb. \u00d4 \u00e9ternit\u00e9 de la fra\u00eecheur des herbes et des po\u00e8mes en rose et rouge. Il en est une qui se penche, trop lourde d\u2019affection. Je la redresse de temps en temps avec une s\u00e9v\u00e9rit\u00e9 bourgeoise\u00a0: \u00ab\u00a0Tiens toi donc convenablement\u2026 devant le monde\u2026 Manque de pudeur. L\u2019amour fait faire aux fleurs toutes les folies\u00a0\u00bb.<\/p>\n<p style=\"text-align: justify;\">Alors, vraiment le Fr\u00e9d\u00e9ric de tout le boulevard Diderot est le plus intelligent de tout le Paris d\u2019aujourd\u2019hui\u00a0? Il r\u00e9p\u00e8te, il comprend, il rumine, il m\u00e2chonne, il accepte, il reprend, il tr\u00e9pigne\u2026 Voil\u00e0 que sa volont\u00e9 s\u2019exerce d\u00e9j\u00e0 sur les gens et les choses. Et sa m\u00e8re est l\u00e0 pour lui apprendre les usages du monde, si petit, et la vie, toute la vie, tout le bonheur de vivre, si alerte, quand il brise les pr\u00e9toires, et qu\u2019il br\u00fble les donn\u00e9es des juges. Nous aurons un jour la joie de voir s\u2019\u00e9crouler les animosit\u00e9s, les barri\u00e8res, les \u00e9dits de justice et d\u2019injustice, tout ce qui emp\u00eache l\u2019homme d\u2019\u00eatre libre, libre, non de s\u2019\u00e9taler la face au ciel comme un ivrogne cuve son plaisir de s\u2019ab\u00eemer dans le n\u00e9ant de l\u2019azur, mais libre de se lib\u00e9rer, de monter\u00a0 en quittant ses entraves, ses bottines fangeuses, la poussi\u00e8re de ses principes vers des id\u00e9als vierges, avec la complicit\u00e9 des s\u00e9raphins. Point \u00e0 la ligne.<\/p>\n<p style=\"text-align: justify;\">Je t\u2019embrasse dans le cou. Point et virgule. Un quart d\u2019heure d\u2019arr\u00eat. Non. Trois secondes, et nous repartons. Point \u00e0 la ligne.<\/p>\n<p style=\"text-align: justify;\">Petit tour dans la maison. Lu quelques vers. Serr\u00e9 quelques mains. Fait quelques sourires. Retour \u00e0 la table. Les fleurs sont toujours l\u00e0. L\u2019amour aussi.<\/p>\n<p style=\"text-align: justify;\">Mon c\u0153ur est gonfl\u00e9 de pluie, comme l\u2019eau qui mouille le coton blanc \u00e0 la base des trois tiges. Je t\u2019embrasse encore une fois. Point d\u2019exclamation. Et encore il est inutile de ponctuer, c\u2019est si naturel. Tu es si menue entre mes mains contre moi.<\/p>\n<p style=\"text-align: justify;\">Je suis tr\u00e8s f\u00e2ch\u00e9 que tu ne trouves pas mon cr\u00e2ne joli. La verdeur, la sinc\u00e9rit\u00e9, la neuve audace de cette tonsure devrait te s\u00e9duire. Je ne comprendrai rien aux femmes.<\/p>\n<p style=\"text-align: justify;\">Je suis tr\u00e8s, tr\u00e8s, tr\u00e8s content. C\u2019est le printemps. C\u2019est un je ne sais quoi qui fait que la douceur est revenue sur les ruines, et que je n\u2019ai plus envie de prendre feu pour des riens, pour rien. Ah\u00a0! La grande sagesse\u00a0! Vivre sans prendre feu. Tu es tr\u00e8s jolie. Ferme tes yeux. Tais-toi, pas de moue. Je ne veux plus t\u2019entendre respirer, il faut beaucoup de silence pour qu\u2019on entende passer cette minute-l\u00e0.<\/p>\n<p style=\"text-align: justify;\">Il y a un p\u00e9tale rouge qui est \u00e0 moiti\u00e9 peint en vert. J\u2019ai v\u00e9rifi\u00e9 pour voir s\u2019il n\u2019\u00e9tait pas factice. C\u2019est une bizarrerie naturelle, une sorte de grain de beaut\u00e9. Les tulipes sont capricieuses. Voudrais-tu aller en Hollande\u00a0? Moulins \u00e0 vent, canaux, petits sabots et coiffes blanches.<\/p>\n<p style=\"text-align: justify;\">Je me souviens que tu as \u00e9t\u00e9 horriblement m\u00e9chante quand tu m\u2019as reproch\u00e9 de ne pas tenir un journal quotidien pour t\u2019\u00e9crire. J\u2019ai \u00e9t\u00e9 d\u00e9sar\u00e7onn\u00e9 pendant cinq minutes par cette accusation \u00e9pouvantable, me sentant coupable, diminu\u00e9, honteux, couvert de p\u00each\u00e9s d\u2019une laide grossi\u00e8ret\u00e9, puis souffrant des affres du repentir, essayant de me justifier. Ce que c\u2019est d\u2019accuser les gens \u00e0 tord. Il m\u2019a fallu un violent effort pour me r\u00e9tablir, m\u2019affirmer in petto que je n\u2019avais pas manqu\u00e9 \u00e0 mes devoirs, me sonder et me convaincre moi-m\u00eame que j\u2019avais regard\u00e9 ta photo tous les jours, regarder mes mains et me rassurer (\u00ab\u00a0Elles ne sont pas celles d\u2019une brute\u00a0\u00bb), regarder ma semaine pass\u00e9e et m\u2019apaiser (ce que c\u2019est qu\u2019une conscience amoureuse tranquille). J\u2019aurais pu tomber d\u2019une hauteur vertigineuse, me faire un mal affreux. Heureusement, mon ange gardien \u00e9tait l\u00e0 pour me prot\u00e9ger des tes suspicions, de tes accusations forcen\u00e9es. Oh\u00a0! la m\u00e9chante fille, si petite\u00a0! et si forte en malice. Quel poids capital que l\u2019inqui\u00e9tude. Nous pi\u00e9tinerons avec fureur et jalousie. Nous la ferons p\u00e9rir sur des tapis duvet\u00e9s. Nous la roulerons dans l\u2019\u00e2tre, \u00e0 la veill\u00e9 au coin du feu.<\/p>\n<p style=\"text-align: justify;\">Je ne t\u2019aime pas du tout, mais je t\u2019embrasse derri\u00e8re l\u2019oreille, l\u00e0 o\u00f9 les femmes cachent leurs secrets. Les hommes aussi pour que les femmes ne les trouvent pas.<\/p>\n<p style=\"text-align: justify;\">Ainsi donc, il va falloir clore ce roman du jour, ce chapitre \u00e9chevel\u00e9 o\u00f9 roulent des fantaisies qui s\u2019entrechoquent. Avons-nous le droit de nous pr\u00eater \u00e0 tant de gentillesses personnelles. Voici finies les attitudes trop sensibles. Permets que je me remette d\u2019aplomb sur les pieds d\u2019or de la s\u00e9r\u00e9nit\u00e9 et que je rajoute ma tunique toujours blanche et sangl\u00e9e de la ceinture des asc\u00e8tes. Il nous faut regravir \u00e0 nouveau les sommets familiers, nous coucher sur le sommet du mont aride, \u00e9couter le vent froid des cimes qui pousse dans l\u2019espace des mots gigantesques, et rire sans bouger, devant le flot des rayons qui descend sur cette terre brumeuse. En bas, apercevez-vous toute cette lumi\u00e8re qui br\u00fble, et le nuage, et la poussi\u00e8re qui monte\u00a0? Je le souhaite. Que ton c\u0153ur soit b\u00e9ni et tes l\u00e8vres radieuses.<\/p>\n<p>\u00c0 bient\u00f4t, ch\u00e9rie.<\/p>\n<p>J.<\/p>\n","protected":false},"excerpt":{"rendered":"<p>\u00a0 Lundi 8 avril 1946 Petite Jeannette, Si menue, si jolie, avec de si grands yeux violets\u2026 tout \u00e9tonn\u00e9s, et tout confiants, et puis des moues\u2026 inqui\u00e8tes ? Non. Pas de danger. Que voulais-tu savoir ? Si je\u2026 ? Si &hellip; <a href=\"https:\/\/monperejeanmamy.fr\/?page_id=2023\">Continuer la lecture <span class=\"meta-nav\">&rarr;<\/span><\/a><\/p>\n","protected":false},"author":2,"featured_media":11,"parent":0,"menu_order":0,"comment_status":"closed","ping_status":"closed","template":"","meta":[],"folder":[],"_links":{"self":[{"href":"https:\/\/monperejeanmamy.fr\/index.php?rest_route=\/wp\/v2\/pages\/2023"}],"collection":[{"href":"https:\/\/monperejeanmamy.fr\/index.php?rest_route=\/wp\/v2\/pages"}],"about":[{"href":"https:\/\/monperejeanmamy.fr\/index.php?rest_route=\/wp\/v2\/types\/page"}],"author":[{"embeddable":true,"href":"https:\/\/monperejeanmamy.fr\/index.php?rest_route=\/wp\/v2\/users\/2"}],"replies":[{"embeddable":true,"href":"https:\/\/monperejeanmamy.fr\/index.php?rest_route=%2Fwp%2Fv2%2Fcomments&post=2023"}],"version-history":[{"count":4,"href":"https:\/\/monperejeanmamy.fr\/index.php?rest_route=\/wp\/v2\/pages\/2023\/revisions"}],"predecessor-version":[{"id":2031,"href":"https:\/\/monperejeanmamy.fr\/index.php?rest_route=\/wp\/v2\/pages\/2023\/revisions\/2031"}],"wp:featuredmedia":[{"embeddable":true,"href":"https:\/\/monperejeanmamy.fr\/index.php?rest_route=\/wp\/v2\/media\/11"}],"wp:attachment":[{"href":"https:\/\/monperejeanmamy.fr\/index.php?rest_route=%2Fwp%2Fv2%2Fmedia&parent=2023"}],"wp:term":[{"taxonomy":"folder","embeddable":true,"href":"https:\/\/monperejeanmamy.fr\/index.php?rest_route=%2Fwp%2Fv2%2Ffolder&post=2023"}],"curies":[{"name":"wp","href":"https:\/\/api.w.org\/{rel}","templated":true}]}}