{"id":2027,"date":"2021-04-10T10:42:54","date_gmt":"2021-04-10T08:42:54","guid":{"rendered":"http:\/\/monperejeanmamy.fr\/?page_id=2027"},"modified":"2021-04-10T10:59:27","modified_gmt":"2021-04-10T08:59:27","slug":"jm-jr-fresnes-46-04-15","status":"publish","type":"page","link":"https:\/\/monperejeanmamy.fr\/?page_id=2027","title":{"rendered":"JM \u00e0 JR (Fresnes 46\/04\/15)"},"content":{"rendered":"<p><strong>\u00a0<\/strong><a href=\"http:\/\/monperejeanmamy.fr\/?page_id=2023\"><img loading=\"lazy\" class=\"wp-image-1352 alignleft\" src=\"http:\/\/monperejeanmamy.fr\/wp-content\/uploads\/2021\/03\/Lettre-precedente.jpg\" alt=\"\" width=\"143\" height=\"78\" \/><\/a><a href=\"http:\/\/monperejeanmamy.fr\/?page_id=2032\"><img loading=\"lazy\" class=\"alignright wp-image-1353\" src=\"http:\/\/monperejeanmamy.fr\/wp-content\/uploads\/2021\/03\/Lettre-suivante.jpg\" alt=\"\" width=\"139\" height=\"76\" \/><\/a><\/p>\n<p style=\"text-align: center;\"><strong>Lundi 15 avril 1946<\/strong><\/p>\n<p style=\"text-align: center;\">Fillette ch\u00e9rie,<\/p>\n<p style=\"text-align: justify;\">Alors vraiment, tu veux bien habiter avec moi\u00a0? Mais pour l\u2019instant je n\u2019ai que ma poche gauche \u00e0 t\u2019offrir. Pas tr\u00e8s grand, pas tr\u00e8s large. On n\u2019y voit gu\u00e8re. Par contre on entend de l\u00e0 le battement sourd de ce qu\u2019on appelle un c\u0153ur puissant, qui peut-\u00eatre bien l\u2019amour, ou bien la marche rythm\u00e9e d\u2019un Dieu qui s\u2019avance dans la nuit. Que va-t-il apporter au matin, cet inconnu\u00a0? Les mains pleines de pr\u00e9sents, les yeux charg\u00e9s d\u2019embruns\u00a0? Ce n\u2019est pas l\u2019heure des devinettes, mais de la patience. Pas de projets. Pour l\u2019instant, tu es l\u00e0 sur ma table emprisonn\u00e9e derri\u00e8re un papier mat, et tu souris \u00e0 gauche, dans le vide, avec des reflets de projecteur dans les yeux, la tempe mang\u00e9e par un phare \u00e9lectrique, et le cou plein de promesses d\u2019ombre. Pour l\u2019instant, je r\u00e9capitule sur mes doigts toutes les raisons qu\u2019on a d\u2019\u00eatre heureux de vivre, raisons immat\u00e9rielles, raisons d\u00e9raisonnables\u00a0; raisons de ciel pur, et j\u2019en trouve plus que mes doigts peuvent compter.<\/p>\n<p style=\"text-align: justify;\">As-tu commenc\u00e9 \u00e0 taper les <em>B. d\u2019O.<\/em> ????? Si je m\u2019\u00e9coutais, si je me laissais aller \u00e0 mon imp\u00e9tuosit\u00e9, je mettrai des points d\u2019interrogation jusqu\u2019au bout de la ligne ????? Tu vois que la chose est <u>tr\u00e8s<\/u>, <u>tr\u00e8s<\/u>, <u>tr\u00e8s<\/u> s\u00e9rieuse. Sais-tu ce que c\u2019est qu\u2019un d\u00e9sir de po\u00e8te\u00a0? Non\u00a0? Oui\u00a0? Ne bouge pas dans la poche gauche. L\u2019agitation est d\u00e9raisonnable. Je suis s\u00fbr que tu as d\u00e9j\u00e0 pens\u00e9 \u00e0 tout. Tu devines, toi. Pas besoin de t\u2019expliquer plus avant.<\/p>\n<p style=\"text-align: justify;\">J\u2019ai peur de t\u2019\u00e9crire des lettres trop nourries d\u2019une substance id\u00e9alis\u00e9e. Je m\u2019explique. Tu m\u2019as sembl\u00e9 si gourmande de prose amoureuse (j\u2019oserai dire maritale) que j\u2019ai un peu l\u2019impression d\u2019une jeune personne qui se gave de g\u00e2teaux. Mots en sucre. Miel d\u2019amour. Prose de candi. Me prendrais-tu pour un confiseur\u00a0? Dois-je \u00eatre le fournisseur de ton insatiable tendresse\u00a0? In\u00e9puisable don de soi-m\u00eame. Tu es beaucoup trop gentille pour qu\u2019on te fasse le moindre chagrin. Et puis, j\u2019aime beaucoup faire des sucreries. Vraiment, mes mots te font plaisir\u00a0? \u00c0 condition qu\u2019ils ne soient pas que des mots. Et si je ne disais plus rien\u00a0? Pour voir ta p\u00e2leur\u00a0? Ou ton \u0153il interrogatif\u00a0? La terre n\u2019en tournerait pas moins rond, et l\u2019univers n\u2019en serait pas moins complet. Est-ce que notre amour ajoute quelque chose \u00e0 quoi que ce soit\u00a0? \u00c9videmment non \u2014et oui\u2014 car il n\u2019y a pas de jardin sans fleurs, pas d\u2019arbre sans fruit. On ne peut pas se complaire dans la st\u00e9rilit\u00e9.<\/p>\n<p style=\"text-align: justify;\">Il est tr\u00e8s beau ton gosse \u2014le n\u00f4tre\u2014Fr\u00e9d\u00e9\u2014ton\u2014mon\u2014 Il est tr\u00e8s gentil \u2014mon\u2014ton\u2014 Tu ne regrettes rien, n\u2019est-ce pas\u00a0?<\/p>\n<p style=\"text-align: justify;\">J\u2019ai de grandes r\u00e9flexions philosophiques qui me montent au nez (et il est grand) depuis la s\u00e9ance de samedi. Mon Dieu ! Que les hommes sont m\u00e9chants et b\u00eates !!!!\u00a0 Mais comment peut-on \u00eatre si mauvais !! Je n\u2019ai jamais vu pareille d\u00e9go\u00fbtation. Je crois que le juge \u00e9tait\u00a0 \u00e9c\u0153ur\u00e9. Aussi, la t\u00eate sur mon coude, depuis, je savoure des textes bibliques ou fais des vers comme on boit de l\u2019eau pure. Tu es aussi mon eau pure. Tu fais partie de mon ciel \u2014\u00e0 condition que tu sois tout \u00e0 fait transparente. Toute simple. Ing\u00e9nue. Avec des moues. Voulant te cacher dans le placard. Ah ! qu\u2019on est bien derri\u00e8re la porte. Avec un chapeau. J\u2019aimais beaucoup ta robe grise, et ta t\u00eate douce. Tu sais que la prochaine confrontation est le 4 mai. Au train dont vont les choses, je ne pourrai gu\u00e8re passer avant d\u00e9cembre. De cette ann\u00e9e, ou de l\u2019autre ? D\u2019ici l\u00e0, la terre a le temps de changer de figure. Et les hommes d\u2019id\u00e9es.<\/p>\n<p style=\"text-align: justify;\">Tu as raison, viens sans ma m\u00e8re, au parloir. Et ne pense \u00e0 rien. Pas de jalousie. Il n\u2019y a personne dans ton ciel qui puisse te g\u00eaner. Les paradis n\u2019empi\u00e8tent pas les uns sur les autres. Chacun a toute la place chez soi. Et quand on est bien \u00e9lev\u00e9 (au sommet de tout), on a le sentiment de l\u2019illimit\u00e9. Ainsi, fort souvent \u2014voire toujours\u2014 je n\u2019ai plus l\u2019impression de vivre dans un espace \u00e9troitement clos, mais dans la plus totale libert\u00e9, celle qui prot\u00e8ge de tous les coups, et permet, au contraire, d\u2019ass\u00e9ner de terribles chocs aux monstres qui tente de vous empoisonner la vie (bien qu\u2019en r\u00e9alit\u00e9, il n\u2019y ait pas de monstres).<\/p>\n<p style=\"text-align: justify;\"><span style=\"text-decoration: underline;\">17h<\/span>\u00a0: Journ\u00e9e bien pass\u00e9e. Re\u00e7u colis. Magnifique. Les fleurs sont splendides. Je les couve. On est all\u00e9 me cherch\u00e9 de la terre. Deux immenses jardins dans deux vieilles bo\u00eetes de conserves.<\/p>\n<p style=\"text-align: justify;\">J\u2019ai d\u00e9fait tes petits paquets comme j\u2019ai d\u00e9fait ton amour qui est enclos dans chaque bout de ficelle. Tous les mots qui sont inscrits sur les papiers sulfuris\u00e9s sont autant d\u2019aveux\u00a0: lard de Bretagne, Saucisse, mouton, m\u00e9ta, crochets X\u2026 Tu m\u2019en as racont\u00e9 des choses cette semaine. Et tu fais bien les b\u00e2tons et les lettres majuscules.<\/p>\n<p style=\"text-align: justify;\">Comme les amours majuscules, comme les enfants majuscules. Fr\u00e9d\u00e9ric a l\u2019air napol\u00e9onien. C\u2019est un solarien de grande puissance.<\/p>\n<p style=\"text-align: justify;\">Je me prive violemment du plaisir de d\u00eener pour continuer cette lettre si pleine d\u2019un cr\u00e9puscule chaud, d\u2019une ti\u00e9deur de printemps qui accable les roses, et fait palpiter les pens\u00e9es (tu voudras bien \u00e0 chaque fois mettre une \u00e9tiquette sur les fleurs, car il en est que je ne connais pas\u00a0: primev\u00e8res\u00a0? Je crois que c\u2019est \u00e7a\u00a0? Faut-il beaucoup d\u2019eau\u00a0?).<\/p>\n<p style=\"text-align: justify;\">La porte vient d\u2019\u00eatre violemment heurt\u00e9 et le facteur a hurl\u00e9 mon nom. C\u2019est une lettre avec un attendu de jugement. La lettre vient d\u2019une personne folle\u2026 de joie, de printemps, d\u2019espoir, de patience. Elle contient des fantaisies mignardes. Elle proteste de son innocence absolue. Elle se d\u00e9fend de toute jalousie. J\u2019ai chauss\u00e9 ma barbe des grands jours radieux \u2014jupit\u00e9rienne\u2014invisible\u2014et mo\u00efsiaque\u2014\u00a0 Et j\u2019ai sentencieusement approuv\u00e9 in petto, sans bouger un cil, comme il sied \u00e0 un magistrat \u00e9prouv\u00e9.<\/p>\n<p style=\"text-align: justify;\">L\u2019apr\u00e8s-midi de samedi a \u00e9t\u00e9 tumultueuse, mais bonne. J\u2019ai eu en perspective d\u2019autres choses int\u00e9ressantes, car on vient de m\u2019annoncer de grandes choses \u00e0 d\u00e9charge, qui \u00e9clairent d\u2019un jour singulier la collaboration. Il appara\u00eet que les plus grands collabos \u00e9taient des agents doubles qui entra\u00eenaient de pauvres na\u00effs dans leur mouvement pour des besognes internationales. Bravo. Nous plaiderons notre cause de lampiste avec la meilleure humeur possible.<\/p>\n<p style=\"text-align: justify;\">Fillette, \u00d4 fillette pleine de fleurs, de promesses, de souvenirs, pr\u00e9sence devin\u00e9e, ressentie, guerri\u00e8re qu\u2019on voit de loin \u00e0 travers les pierres tendres et dont on sent la main sur le front, quand la cellule se remplit de lumi\u00e8re, je baise le bout de tes doigts pr\u00e9cieux derri\u00e8re l\u2019ambre et l\u2019ivoire des figurines asiates, comme les p\u00e9tales qu\u2019on effleure d\u2019un regard, et puis sans crainte de te casser trop, je t\u2019embrasse avec un ample mouvement respectueux, voire fraternel, en attendant le moment de tous les triomphes intimes.<\/p>\n<p style=\"text-align: justify;\">J.<\/p>\n<p style=\"text-align: justify;\">PS. Des plumes, des enveloppes. SVP. Et de longues lettres \u00e9crites menues.<\/p>\n<p style=\"text-align: justify;\"><a href=\"#_ftnref1\" name=\"_ftn1\"><\/a><\/p>\n","protected":false},"excerpt":{"rendered":"<p>\u00a0 Lundi 15 avril 1946 Fillette ch\u00e9rie, Alors vraiment, tu veux bien habiter avec moi\u00a0? Mais pour l\u2019instant je n\u2019ai que ma poche gauche \u00e0 t\u2019offrir. Pas tr\u00e8s grand, pas tr\u00e8s large. On n\u2019y voit gu\u00e8re. Par contre on entend &hellip; <a href=\"https:\/\/monperejeanmamy.fr\/?page_id=2027\">Continuer la lecture <span class=\"meta-nav\">&rarr;<\/span><\/a><\/p>\n","protected":false},"author":2,"featured_media":11,"parent":0,"menu_order":0,"comment_status":"closed","ping_status":"closed","template":"","meta":[],"folder":[],"_links":{"self":[{"href":"https:\/\/monperejeanmamy.fr\/index.php?rest_route=\/wp\/v2\/pages\/2027"}],"collection":[{"href":"https:\/\/monperejeanmamy.fr\/index.php?rest_route=\/wp\/v2\/pages"}],"about":[{"href":"https:\/\/monperejeanmamy.fr\/index.php?rest_route=\/wp\/v2\/types\/page"}],"author":[{"embeddable":true,"href":"https:\/\/monperejeanmamy.fr\/index.php?rest_route=\/wp\/v2\/users\/2"}],"replies":[{"embeddable":true,"href":"https:\/\/monperejeanmamy.fr\/index.php?rest_route=%2Fwp%2Fv2%2Fcomments&post=2027"}],"version-history":[{"count":4,"href":"https:\/\/monperejeanmamy.fr\/index.php?rest_route=\/wp\/v2\/pages\/2027\/revisions"}],"predecessor-version":[{"id":2036,"href":"https:\/\/monperejeanmamy.fr\/index.php?rest_route=\/wp\/v2\/pages\/2027\/revisions\/2036"}],"wp:featuredmedia":[{"embeddable":true,"href":"https:\/\/monperejeanmamy.fr\/index.php?rest_route=\/wp\/v2\/media\/11"}],"wp:attachment":[{"href":"https:\/\/monperejeanmamy.fr\/index.php?rest_route=%2Fwp%2Fv2%2Fmedia&parent=2027"}],"wp:term":[{"taxonomy":"folder","embeddable":true,"href":"https:\/\/monperejeanmamy.fr\/index.php?rest_route=%2Fwp%2Fv2%2Ffolder&post=2027"}],"curies":[{"name":"wp","href":"https:\/\/api.w.org\/{rel}","templated":true}]}}