{"id":2032,"date":"2021-04-10T10:50:27","date_gmt":"2021-04-10T08:50:27","guid":{"rendered":"http:\/\/monperejeanmamy.fr\/?page_id=2032"},"modified":"2021-04-10T11:09:04","modified_gmt":"2021-04-10T09:09:04","slug":"jm-a-jr-fresnes-46-04-22","status":"publish","type":"page","link":"https:\/\/monperejeanmamy.fr\/?page_id=2032","title":{"rendered":"JM \u00e0 JR (Fresnes 46\/04\/22)"},"content":{"rendered":"<p><strong>\u00a0<\/strong><a href=\"http:\/\/monperejeanmamy.fr\/?page_id=2027\"><img loading=\"lazy\" class=\"wp-image-1352 alignleft\" src=\"http:\/\/monperejeanmamy.fr\/wp-content\/uploads\/2021\/03\/Lettre-precedente.jpg\" alt=\"\" width=\"143\" height=\"78\" \/><\/a><a href=\"http:\/\/monperejeanmamy.fr\/?page_id=2037\"><img loading=\"lazy\" class=\"alignright wp-image-1353\" src=\"http:\/\/monperejeanmamy.fr\/wp-content\/uploads\/2021\/03\/Lettre-suivante.jpg\" alt=\"\" width=\"139\" height=\"76\" \/><\/a><\/p>\n<p style=\"text-align: center;\"><strong>Lundi 22 avril 1946<\/strong><\/p>\n<p style=\"text-align: center;\">Si fine et si ch\u00e9rie Jeannette,<\/p>\n<p style=\"text-align: justify;\">Si menue, et si innocente, si effarouch\u00e9e et si coquette, si fine mouche et si franche, avec des tas d\u2019arri\u00e8re-pens\u00e9es et des timidit\u00e9s, et des audaces\u00a0!!&#8230; d\u2019une t\u00e9m\u00e9rit\u00e9\u2026 \u00e0 en rougir\u00a0! Et puis des silences, et une de ces petites volont\u00e9s obstin\u00e9es qui arrivent \u00e0 transformer le monde entier (en l\u2019esp\u00e8ce le caract\u00e8re bouledogue d\u2019un lourdaud que je connais bien pour l\u2019avoir pratiqu\u00e9 depuis l\u2019enfance).<\/p>\n<p style=\"text-align: justify;\">M\u00e9chante fille\u00a0! Tu ne m\u2019as gu\u00e8re \u00e9crit cette semaine. \u00c0 moins que les lettres ne s\u2019entassent au contr\u00f4le et que j\u2019en re\u00e7oive une brass\u00e9e. Est-ce que l\u2019absence d\u2019une semaine suffit pour te faire oublier ton prisonnier\u00a0? Je vis ici dans l\u2019attente merveilleuse des continuelles nouvelles qui viennent par tous les pores de l\u2019intuition, tous les fluides de l\u2019atmosph\u00e8re, toutes les antennes de l\u2019imagination. Et plus souvent que tu crois, je vais d\u00e9poser sur le front pur de l\u2019ange radieux les b\u00e9n\u00e9dictions quotidiennes qui chassent les mouches et les mauvais r\u00eaves. Quand \u00e0 sa m\u00e8re, je regarde d\u2019abord d\u2019un sourcil fronc\u00e9 si elle a mis sa robe d\u2019or et ses sandales de vair pour recevoir l\u2019\u00e9lu, et quand, toute par\u00e9e, elle condescend \u00e0 sortir d\u2019un sommeil f\u00e9roce, je lui montre le miroir sacr\u00e9 o\u00f9 elle doit obtenir l\u2019acquiescement de la gr\u00e2ce transcendante pour y percevoir la gamme de toutes ses vertus. Apr\u00e8s quoi, sacrifice indispensable pour que les dieux soient apais\u00e9s, je l\u2019emm\u00e8ne en promenade sentimentale sur les bords des grands lacs o\u00f9 les ours blancs jouent avec les moutons, o\u00f9 les aigles n\u2019attaquent pas le passereau, o\u00f9 les montagnes immobiles ne sont pas si s\u00e9v\u00e8res quand la lune joue sur les friselis de l\u2019eau glac\u00e9e par la banquise. En Canada du Nord voil\u00e0 quels paysages myst\u00e9rieux les initi\u00e9s contemplent quand les vieux rois et les f\u00e9es sortent de l\u2019eau pour d\u00e9vider des histoires h\u00e9ro\u00efques devant le feu de bois que tous les soirs allume, par la gr\u00e2ce du Saint-Esprit, un feu follet l\u00e9ger, lui-m\u00eame ranim\u00e9 par le regard d\u2019une petite \u00e9toile, sp\u00e9cialis\u00e9e \u00e0 cet effet.<\/p>\n<p style=\"text-align: justify;\">Voil\u00e0 de quoi te faire pr\u00e9parer ta robe de lin aux parements d\u2019argent, et tu voudras bien penser \u00e0 ma ceinture royale et mon manteau de pourpre. Je suis tr\u00e8s attir\u00e9 par les l\u00e9gendes nordiques qui contiennent tant d\u2019apparat, de simplicit\u00e9, de substance. Elles me semblent infiniment pr\u00e9f\u00e9rables aux histoires marseillaises, ou aux gal\u00e9jades florentines, ou aux complications trucidesques des Borgia, \u00e0 toutes les latinit\u00e9s, et les s\u00e9mitiquit\u00e9s antiques.<\/p>\n<p style=\"text-align: justify;\">Donc, une robe de lin, une couronne d\u2019or, des sandales fines, une ceinture lam\u00e9e sertie de brillants et de pierre de couleur (toutes magiques), des tresses blondes, un grand lac glac\u00e9, de hauts sommets, des fauves, et le bord d\u2019une berge, avec des armes de silex, et des pieux fich\u00e9s dans le roc abritant la tente de peaux de b\u00eates, voil\u00e0 ton domaine o\u00f9 nous parcourrons les tribus, rassurant les bergers, dirigeant les guerriers, chassant l\u2019auroch et p\u00eachant le saumon fin. Ceci pour l\u2019habitation de campagne, car en hiver nous aurons un castel\u00a0 de pierre dure, aux salles basses, avec des servantes et des valets, aux tables et aux bancs de bois \u00e9pais, bord\u00e9 d\u2019un foss\u00e9 profond o\u00f9 les grenouilles croassent et ferm\u00e9 d\u2019un pont-levis. Tu apprendras \u00e0 monter \u00e0 cheval en amazone, ou plut\u00f4t en cavalier, sur de grands chevaux roux sauvages qui filent comme le vent et sont attir\u00e9s par l\u2019air de la mer\u00a0; et le soir, avec les \u00e9toiles sentencieuses nous murmurerons des mots que les plus c\u00e9l\u00e8bres sorciers et mages auront choisi pour leur p\u00e9n\u00e9trante virulence, et nous chanterons, accompagn\u00e9s du luth, les vieilles chansons guerri\u00e8res de la tribu. Avis\u00a0! Qu\u2019on se pr\u00e9pare \u00e0 ces magnificences.<\/p>\n<p style=\"text-align: justify;\">J\u2019ai peu travaill\u00e9 cette semaine derni\u00e8re. La pens\u00e9e a \u00e9t\u00e9 occup\u00e9e \u00e0 de menues choses. Installation de la nouvelle cellule. Les planchettes sont tr\u00e8s pratiques. Les crochets X font merveille. Mes fleurs paissent dans les pots. J\u2019ai un petit jardin sur ma table. Et j\u2019esp\u00e8re bien que demain je vais avoir \u00e0 nouveau de quoi me r\u00e9jouir les yeux avec quelques p\u00e2querettes ou trois ou quatre soucis. Au mur, tes photos brillent comme le soleil. Mais je dois te pr\u00e9venir que le soleil se renouvelle constamment et qu\u2019il me ferait plaisir d\u2019avoir quelques clich\u00e9s de Fr\u00e9d\u00e9ric <u>et de sa m\u00e8re<\/u> \u2014de face, de dos, de profil, en portrait, en pied, avec une robe ou l\u2019autre, en chapeau, sans chapeau, chez elle, dehors, le jour, la nuit, sous la lampe, dans le m\u00e9tro, enfin un peu partout. Compris\u00a0? Me suis-je enfin expliqu\u00e9\u00a0?<\/p>\n<p style=\"text-align: justify;\">J\u2019avais \u00e9crit \u00e0 Flo la semaine derni\u00e8re pour lui signaler un bruit qui courait ici, sur le d\u00e9part \u00e9ventuel de M.O. Il me l\u2019a contredit et tout est tr\u00e8s bien. As-tu vu tes amis\u00a0? Que pensent-il de la possibilit\u00e9 de passer ici l\u2019\u00e9t\u00e9\u00a0? \u00c0 moins que l\u2019aviateur pr\u00e9voie le contraire. Il semble qu\u2019il faille attendre le 5 mai pour voir clair. Mais les \u00e9v\u00e8nements vont se montrer d\u00e9cisifs et rapides. Pour nous, nous ne sommes pas press\u00e9s du tout. Dis bien autour de toi, et fais le dire, qu\u2019il faut <u>voter<\/u>. Pas d\u2019abstentions\u00a0! Les abstentionnistes sont des criminels. Naturellement, tu sais comment il faut voter. Pas la peine de t\u2019indiquer la nuance. Mais emm\u00e8nes-y toute la famille, en bloc, et Fr\u00e9d\u00e9ric aussi. Dis-toi qu\u2019\u00e0 une voix pr\u00e8s, on peut faire \u00e9chouer une combinaison machiav\u00e9lique. Tu seras peut-\u00eatre, toi, ou ta s\u0153ur, ou ta m\u00e8re, celle qui fera pencher la balance du bon c\u00f4t\u00e9. T\u00e9l\u00e9phone \u00e0 ma m\u00e8re pour lui rappeler ses devoirs. Et qu\u2019elle encourage ses amis \u00e0 y aller. Car s\u2019abstenir, c\u2019est accorder \u00bd voix \u00e0 nos adversaires. Pas de \u00e7a. Il faut que la France se prononce nettement. Je t\u2019en parlerai jeudi.<\/p>\n<p style=\"text-align: justify;\">Car jeudi, jour solennel. Tu viendras en grande compagnie me montrer l\u2019astre du jour qui resplendit sur tout le XII<sup>\u00e8me<\/sup> arrondissement. Dis \u00e0 Brassart que je l\u2019autorise \u00e0 lui tenir \u00e9troite compagnie, s\u2019il vote convenablement. Je me doute o\u00f9 ce brave ami va porter sa voix. Les braves gens ont de ces na\u00efvet\u00e9s. Quand comprendra-t-il que le nouveau monstre oriental <a href=\"#_ftn1\" name=\"_ftnref1\">[1]<\/a> est beaucoup plus dangereux que celui contre lequel il pr\u00e9tendait lutter hier <a href=\"#_ftn2\" name=\"_ftnref2\">[2]<\/a>. Donne lui en tous cas bien le bonjour de ma part. J\u2019esp\u00e8re que dans quelques temps nous lutterons c\u00f4te \u00e0 c\u00f4te pour la m\u00eame cause.<\/p>\n<p style=\"text-align: justify;\">En attendant, je te t\u00e9l\u00e9phone par le calice de la fleur qui te plait, et comme toujours au t\u00e9l\u00e9phone, suis contraint \u00e0 d\u00e9vider des banalit\u00e9s. Crainte des indiscr\u00e9tions\u00a0? Table d\u2019\u00e9coutes\u00a0? Qu\u2019entendait-il l\u2019interm\u00e9diaire\u00a0? Rien d\u2019autre que \u00ab\u00a0Bonjour, bonjour\u2026 tout va bien\u2026 content\u2026 content. La vie est belle\u2026 mais oui\u2026 rien de nouveau\u2026 pourquoi faire\u00a0? j\u2019ai tout\u2026 puisque\u2026 puisque\u00a0? Rien\u2026 c\u2019est vrai\u2026 il vaut mieux ne rien dire\u2026 surtout ne rien dire\u2026 cacher cela\u2026 surtout cela\u2026 qu\u2019on ne le sache pas\u00a0! On le sait d\u00e9j\u00e0 trop\u2026 mais il faut le savoir\u2026 nous, nous le savons\u2026 le taire\u00a0? Nous le disons\u00a0! Le penser, mais le taire\u2026 En parler, sans un mot\u2026 Donc tout est bien\u2026 Tr\u00e8s bien\u2026 Alors nous n\u2019avons plus rien \u00e0 nous dire\u00a0? Rien de plus en effet, qu\u2019y a-t-il de plus\u00a0? \u00c9videmment rien\u2026 \u00c9videmment tout\u00a0\u00bb. Voil\u00e0 bien une conversation \u00e0 travers fleurs.<\/p>\n<p style=\"text-align: justify;\">Sur ce, je m\u2019en voudrais de troubler cette belle s\u00e9r\u00e9nit\u00e9 qui a fait s\u2019ouvrir les p\u00e9tales. Ils se referment d\u2019eux-m\u00eames, pudiquement, sur un pistil tout troubl\u00e9 par des songes. Encore un feu violent qui anime ce coin l\u00e0. En voil\u00e0 bien des incendies dans le monde. Revenons \u00e0 notre lac et nous for\u00eats. Aimes-tu d\u00e9lacer la cuirasse du guerrier. Figure-toi que, ch\u00e2telaine, tu attends le retour de ton ami, prisonnier des Barbares. N\u2019iras-tu pas le soir, faire une invocation au Dieu du coin, sous la recommandation des Druides. Bonne pri\u00e8re.<\/p>\n<p style=\"text-align: justify;\">\u00c0 bient\u00f4t te voir. Puisses ce parchemin s\u2019imprimer en lettres brillantes sur la chair vivante et douce de ta tendresse. Mes l\u00e8vres sur ton affection et mes mains dans tes cheveux.<\/p>\n<p>J.<\/p>\n<p><a href=\"#_ftnref1\" name=\"_ftn1\">[1]<\/a> Staline<br \/>\n<a href=\"#_ftnref2\" name=\"_ftn2\">[2]<\/a> Hitler<\/p>\n","protected":false},"excerpt":{"rendered":"<p>\u00a0 Lundi 22 avril 1946 Si fine et si ch\u00e9rie Jeannette, Si menue, et si innocente, si effarouch\u00e9e et si coquette, si fine mouche et si franche, avec des tas d\u2019arri\u00e8re-pens\u00e9es et des timidit\u00e9s, et des audaces\u00a0!!&#8230; d\u2019une t\u00e9m\u00e9rit\u00e9\u2026 \u00e0 &hellip; <a href=\"https:\/\/monperejeanmamy.fr\/?page_id=2032\">Continuer la lecture <span class=\"meta-nav\">&rarr;<\/span><\/a><\/p>\n","protected":false},"author":2,"featured_media":11,"parent":0,"menu_order":0,"comment_status":"closed","ping_status":"closed","template":"","meta":[],"folder":[],"_links":{"self":[{"href":"https:\/\/monperejeanmamy.fr\/index.php?rest_route=\/wp\/v2\/pages\/2032"}],"collection":[{"href":"https:\/\/monperejeanmamy.fr\/index.php?rest_route=\/wp\/v2\/pages"}],"about":[{"href":"https:\/\/monperejeanmamy.fr\/index.php?rest_route=\/wp\/v2\/types\/page"}],"author":[{"embeddable":true,"href":"https:\/\/monperejeanmamy.fr\/index.php?rest_route=\/wp\/v2\/users\/2"}],"replies":[{"embeddable":true,"href":"https:\/\/monperejeanmamy.fr\/index.php?rest_route=%2Fwp%2Fv2%2Fcomments&post=2032"}],"version-history":[{"count":3,"href":"https:\/\/monperejeanmamy.fr\/index.php?rest_route=\/wp\/v2\/pages\/2032\/revisions"}],"predecessor-version":[{"id":2041,"href":"https:\/\/monperejeanmamy.fr\/index.php?rest_route=\/wp\/v2\/pages\/2032\/revisions\/2041"}],"wp:featuredmedia":[{"embeddable":true,"href":"https:\/\/monperejeanmamy.fr\/index.php?rest_route=\/wp\/v2\/media\/11"}],"wp:attachment":[{"href":"https:\/\/monperejeanmamy.fr\/index.php?rest_route=%2Fwp%2Fv2%2Fmedia&parent=2032"}],"wp:term":[{"taxonomy":"folder","embeddable":true,"href":"https:\/\/monperejeanmamy.fr\/index.php?rest_route=%2Fwp%2Fv2%2Ffolder&post=2032"}],"curies":[{"name":"wp","href":"https:\/\/api.w.org\/{rel}","templated":true}]}}