{"id":2037,"date":"2021-04-10T11:01:12","date_gmt":"2021-04-10T09:01:12","guid":{"rendered":"http:\/\/monperejeanmamy.fr\/?page_id=2037"},"modified":"2021-04-10T15:20:35","modified_gmt":"2021-04-10T13:20:35","slug":"jm-a-jr-fresnes-46-04-29","status":"publish","type":"page","link":"https:\/\/monperejeanmamy.fr\/?page_id=2037","title":{"rendered":"JM \u00e0 JR (Fresnes 46\/04\/29)"},"content":{"rendered":"<p><strong>\u00a0<\/strong><a href=\"http:\/\/monperejeanmamy.fr\/?page_id=2032\"><img loading=\"lazy\" class=\"wp-image-1352 alignleft\" src=\"http:\/\/monperejeanmamy.fr\/wp-content\/uploads\/2021\/03\/Lettre-precedente.jpg\" alt=\"\" width=\"143\" height=\"78\" \/><\/a><a href=\"http:\/\/monperejeanmamy.fr\/?page_id=2042\"><img loading=\"lazy\" class=\"alignright wp-image-1353\" src=\"http:\/\/monperejeanmamy.fr\/wp-content\/uploads\/2021\/03\/Lettre-suivante.jpg\" alt=\"\" width=\"139\" height=\"76\" \/><\/a><\/p>\n<p style=\"text-align: center;\"><strong>Lundi 29 avril 1946<\/strong><\/p>\n<p style=\"text-align: center;\">Jeannette ch\u00e9rie,<\/p>\n<p style=\"text-align: justify;\">Je me suis lev\u00e9 de tr\u00e8s bonne heure ce matin pour classer des papiers et commencer avec une patience d\u2019artiste la lettre \u00e0 toi destin\u00e9e. Pour \u00eatre plus lente et plus musarde, et plus repos\u00e9e, elle n\u2019en sera pas moins spontan\u00e9e et vive. Vous \u00e9tiez tous les deux fort beaux dans la cage, jeudi dernier, vous la m\u00e8re, et son fils. Il est splendide. Il a l\u2019air d\u2019un lion. Il te bat avec une autorit\u00e9 admirable. Et tu te laisses bousculer sans r\u00e9agir, sans oser affronter le Dieu\u00a0!! Quelle douceur en face de tant de v\u00e9h\u00e9mence. On dirait une vestale, indiff\u00e9rente aux orages divins, une vierge italienne sous les menaces d\u2019un jeune g\u00e9ant, et qui dompte le fils d\u2019Atlas, d\u2019Ant\u00e9e <a href=\"#_ftn1\" name=\"_ftnref1\">[1]<\/a>, de Typhon <a href=\"#_ftn2\" name=\"_ftnref2\">[2]<\/a> ou de Briar\u00e9e <a href=\"#_ftn3\" name=\"_ftnref3\">[3]<\/a>. Nous voici en pleine mythologie gr\u00e9co-latine. Apr\u00e8s la Scandinavie de la semaine derni\u00e8re. D\u00e9cid\u00e9ment il nous faut vivre sur un quelconque olympe. Pourquoi non\u00a0? Nous ne sommes point d\u00e9mocrates, Dieu merci\u00a0; et nous n\u2019avons plus le go\u00fbt de nous ab\u00eemer dans le coudoiement des foules.<\/p>\n<p style=\"text-align: justify;\">J\u2019esp\u00e8re te voir samedi, et go\u00fbter les minutes d\u2019intimit\u00e9 douce derri\u00e8re la porte du placard. Peux-tu chercher chez un papetier <u>des petites rondelles papier ou toile<\/u> pour coller sur les trous des feuilles de mes cahiers qui sont d\u00e9chir\u00e9es par les fermetures standard. G\u00e9n\u00e9ralement ces petites rondelles se vendent par cent \u00e0 la fois. Peux-tu aussi me procurer <u>une autre couverture standard cartonn\u00e9e<\/u>, comme les pr\u00e9c\u00e9dentes. J\u2019ai entrepris un nouveau travail qui exige un classement plus important. Voil\u00e0 bien des injonctions imp\u00e9ratives, dont je m\u2019excuse. Tu auras la bont\u00e9 de ne pas m\u2019en vouloir. J\u2019ai besoin aussi <u>de quelques clous pour crochets X<\/u>, <u>mais des clous seulement<\/u>. De petites pointes peuvent faire l\u2019affaire. Tu me demanderas s\u2019il faut de l\u2019encre, car la cantine passera peut-\u00eatre ces jours-ci.<\/p>\n<p style=\"text-align: justify;\">J\u2019attends beaucoup de l\u2019aviateur. J\u2019esp\u00e8re que de ce c\u00f4t\u00e9 tout va bien marcher. En attendant, tout va pour le mieux. Ai vu Mme D. qui m\u2019a confirm\u00e9 dans mon opinion que nous avons encore du temps devant nous. Je pense que la commission partie ne rentrera pas avant au moins deux mois. Donc, nous passerons de toutes fa\u00e7ons apr\u00e8s les \u00e9lections \u2014peut-\u00eatre m\u00eame plus tard\u2014 si nous passons, car d\u2019ici l\u00e0\u2026<\/p>\n<p style=\"text-align: justify;\">Beaucoup lu cette semaine (Andromaque, <em>Britannicu<\/em>s, <em>Les Plaideur<\/em>s \u2014j\u2019ai trouv\u00e9 ici un Racine\u2014, Baudelaire, Ronsard, Villon, Verlaine\u2026 <em>l\u2019Abr\u00e9g\u00e9 de l\u2019origine de tous les cultes<\/em> de Dupuis \u2014qui m\u2019a paru bien idiot, alors que je le prenais il y a deux ans pour un document int\u00e9ressant, bien qu\u2019on y trouve un excellent r\u00e9sum\u00e9 de l\u2019aventure des Argonautes\u2014 deux ou trois romans, une mauvaise anthologie de jeunes po\u00e8tes, un bouquin fumeux d\u2019Audiberti, un trait\u00e9 sur les moteurs \u00e0 explosion, un autre trait\u00e9 sur les m\u00e9thodes \u00e9conomiques modernes, sans compter des textes bibliques, ou autres, infiniment plus s\u00e9rieux que toutes les fadaises litt\u00e9raires\u2026 Tout cet \u00e9pluchage rapide d\u2019anciens textes ne m\u2019a pas emp\u00each\u00e9, au contraire, de regarder tes fleurs plusieurs heures par jour, de faire quelques parties d\u2019\u00e9chec, d\u2019\u00e9crire quelques po\u00e8mes, de concevoir le plan d\u2019un nouvel ouvrage mi-philosophico-mystique, mi-politico-litt\u00e9raire, et de participer \u00e0 toutes les agapes de la vie du prisonnier. On nous donne en ce moment de remarquables trognons de choux et carottes \u00e0 bestiaux. Mais l\u2019homme s\u2019est habitu\u00e9 \u00e0 manger de tout. Ne rechignons point sur ces bienfaits que nous accordent nos dirigeants philanthropes et remercions les de nous apprendre la patience, la souplesse, la s\u00e9r\u00e9nit\u00e9, toutes les plus hautes vertus qui ne peuvent na\u00eetre que dans l\u2019adversit\u00e9. Pas un mot de plainte. Pas un geste de d\u00e9pit. Au contraire. L\u2019\u00e9ternel sourire nous anime beaucoup plus vite pr\u00e8s des solutions souhaitables, que des fureurs enfantines. Plus nous serons calmes et froids, plus nous aurons d\u2019emprise sur la violence qui rode, sur les faux Dieux qui pr\u00e9tendent nous r\u00e9genter.<\/p>\n<p style=\"text-align: justify;\">On a l\u2019impression depuis quelques temps qu\u2019au dehors il ne se passe plus rien. Sauf une grande angoisse qui commence \u00e0 na\u00eetre dans ce monde o\u00f9 les esprits d\u00e9li\u00e9s reniflent une nouvelle catastrophe. Il y a longtemps que nous l\u2019avons vu venir, celle-l\u00e0\u00a0; et nous avons l\u2019avantage sur beaucoup d\u2019avoir \u00e9t\u00e9 des pr\u00e9curseurs. (<u>Veux-tu bien me procurer du buvard<\/u>. C\u2019est la page tourn\u00e9e qui m\u2019y fait penser) <a href=\"#_ftn4\" name=\"_ftnref4\">[4]<\/a>. Et ce, parlons d\u2019autre chose.<\/p>\n<p style=\"text-align: justify;\">Parlons de nous. Le sujet t\u2019int\u00e9resse-t-il\u00a0? Que pourrions nous dire\u00a0? Faire des projets d\u2019avenir\u00a0? Il faut d\u2019abord pr\u00e9voir cet avenir. Or, il est impossible de trouver une indication. Les astrologues sont sur les dents et tournent en rond. Il n\u2019en n\u2019est pas un seul qui arrive \u00e0 pr\u00e9dire un fait capital. Tout ce monde (celui des devins) parle de la p\u00e9riodicit\u00e9 apocalyptique. On pr\u00e9voit d\u2019immenses destructions. Joli, mais parait-il in\u00e9vitable. Je trouve cela fort consolant. Il y a trop longtemps que cette malheureuse humanit\u00e9 se complait dans ses vices. Il n\u2019est que juste de la voir dispara\u00eetre dans son propre tourment. Seuls, les \u00e9lus survivront, c&rsquo;est-\u00e0-dire traverseront l\u2019\u00e9preuve avec un sens de leur intangibilit\u00e9 suffisamment fort pour \u00e9viter les souffrances et les affres des petites morts. C\u2019est pourquoi, Jeannette, il faut s\u2019armer beaucoup contre les menaces qui p\u00e8sent sur les hommes, et savoir r\u00e9sister et combattre. \u00c0 c\u00f4t\u00e9 de ce qui se pr\u00e9pare, j\u2019ai l\u2019impression que nos derniers 18 mois ne sont qu\u2019un l\u00e9ger entra\u00eenement. Ce monstre que nous avons \u00e0 vaincre demain appara\u00eetra comme effrayant, et c\u2019est l\u00e0 o\u00f9 l\u2019\u00e2me bien n\u00e9e ne doit pas reculer et savoir manier avec dext\u00e9rit\u00e9 son \u00e9p\u00e9e de feu.<\/p>\n<p style=\"text-align: justify;\">C\u2019est un dr\u00f4le d\u2019avenir que d\u2019\u00e9chapper continuellement aux coups. Voil\u00e0 qui ne correspond pas aux d\u00e9sirs tranquilles de Jeannette qui voudrait bien trouver le calme dans une existence sans heurts o\u00f9 l\u2019amour voudrait remplir \u00e0 flots tout le vide des heures creuses. Ambition d\u00e9mesur\u00e9e\u00a0! Sur la mer en furie, il faut lutter avec une \u00e9nergie farouche, et seul le beau temps revenu nous permettra de gagner le port pour construire un bateau encore plus solide, en pr\u00e9vision de nouvelles temp\u00eates.<\/p>\n<p style=\"text-align: justify;\">Depuis trois jours je pense \u00e0 un grand mur blanc, avec une voute espagnole, une grille en fer forg\u00e9, des meubles bruns, anciens, et une vue sur la campagne argentine \u2014avec des n\u00e8gres, des indiens p\u00e9ones, des chiens, et des salles basses dans une hacienda. Voil\u00e0 encore une solution diff\u00e9rente du Canada. J\u2019ai pens\u00e9 aussi \u00e0 une Europe transform\u00e9e, enfin vivable, o\u00f9 l\u2019homme qui travaille ne risque plus la rafale de mitraillette du rayon d\u2019en face, et ne soit plus la victime du gang juif. Dr\u00f4les de r\u00eaves que ces d\u00e9sirs de paix. Dr\u00f4les d\u2019id\u00e9es que vouloir \u00eatre libre et vivre sainement. Voil\u00e0 bien o\u00f9 l\u2019on reconna\u00eet les fous. Ils ne veulent point que le mal domine par en haut. Il leur faut l\u2019ordre. \u00d4 nu\u00e9es\u00a0! Que ne vont-ils pas d\u00e9chainer contre leur candeur.<\/p>\n<p style=\"text-align: justify;\">Parlons de nous. Or il n\u2019est pas possible d\u2019isoler le couple hors du monde. Parler de nous, c\u2019est parler de tout. Car en chaque homme est l\u2019\u00e9ternel tout. Le moi est impersonnel. C\u2019est pourquoi il m\u2019est d\u00e9licieux de retrouver Jeannette dans une primev\u00e8re ou dans la ficelle d\u2019un paquet. J\u2019esp\u00e8re que tu go\u00fbtes aussi la saveur de l\u2019encre et que tu \u00e9prouves de l\u2019\u00e9motion au froissement de ce papier. Il faut bien que je me contente de ton image, et que je m\u2019y accroche en sachant qu\u2019\u00e0 travers elle je pourrai parvenir \u00e0 ton contact le plus profond et le plus r\u00e9el. Il y a des moments, des fragments d\u2019instant (des rotations extra-temporelles) o\u00f9 tu es l\u00e0, pr\u00e9sente, o\u00f9 il vit dans le rayon vif de mon regard interne un sourire, une attitude, un souvenir, un aper\u00e7u, une ligne, une forme, et surtout une douceur, un sentiment, une impression souterraine, les sens d\u2019une pr\u00e9sence qui n\u2019est pas un obstacle, mais un soutien, une base\u2026 un amour dans la nuit\u2026 en attendant le jour \u00e9clatant.<\/p>\n<p style=\"text-align: justify;\">J\u2019ai re\u00e7u<\/p>\n<ol>\n<li style=\"text-align: justify;\">une lettre<\/li>\n<li style=\"text-align: justify;\">le colis, avec ses fleurs.<\/li>\n<\/ol>\n<p style=\"text-align: justify;\">Toutes les b\u00e9n\u00e9dictions du ciel tombent \u00e0 la fois. Les roses et les myosotis et les girofl\u00e9es et les p\u00e2querettes, m\u00eal\u00e9es aux lilas blancs et celui violet de la semaine derni\u00e8re avec quelques primev\u00e8res qui restent. J\u2019ai devant moi un parterre odorif\u00e9rant, po\u00e9tique, plein d\u2019ombres, de nervures, de couleurs, de nuances, de tendresses, d\u2019envols, de qui\u00e9tudes, de pudeur, d\u2019abandon.<\/p>\n<p style=\"text-align: justify;\">Voici que le temps vient de mettre sur cette missive le sceau hebdomadaire. C\u2019est \u00e0 dire que dans le point final il y a ici tout un monde complet qui permet \u00e0 la semaine de durer sur le colis d\u2019amour. Veux-tu bien savoir que\u2026 Non\u2026 Tu ne sauras pas. Alors. Rien. Pas un mot de\u00a0?&#8230; Non\u2026 Mais. C\u2019est ainsi. Pourquoi\u00a0? Parce que\u2026 Parce qu\u2019il ne faut pas abuser des meilleures choses et qu\u2019il n\u2019y a pas lieu de divulguer, de diffuser, de proclamer \u00e0 tous \u00e9chos que\u2026 Chutt\u00a0! Silence. Fermez les yeux, madame. Voil\u00e0. C\u2019est parfait. Nous sommes bien d\u2019accord. Bye. \u00c0 Samedi.<\/p>\n<p style=\"text-align: justify;\">J.<\/p>\n<p style=\"text-align: justify;\"><a href=\"#_ftnref1\" name=\"_ftn1\">[1]<\/a> Ant\u00e9e\u00a0: Dans la mythologie grecque et berb\u00e8re, Ant\u00e9e \u00e9tait le fils de Ga\u00efa (la Terre) qu&rsquo;elle engendre seule ou avec Pos\u00e9idon selon les traditions. Il avait la particularit\u00e9 d&rsquo;\u00eatre pratiquement invincible tant qu&rsquo;il restait en contact avec le sol, car sa m\u00e8re la Terre ranimait ses forces chaque fois qu&rsquo;il la touchait. Il vivait en Libye (ou en \u00e9tait roi), et d\u00e9fiait \u00e0 la lutte tous les voyageurs ; il utilisait ensuite leurs d\u00e9pouilles comme recouvrement pour le toit du temple de son p\u00e8re. Il fut vaincu par H\u00e9racl\u00e8s, alors que celui-ci \u00e9tait \u00e0 la recherche des pommes d&rsquo;or du jardin des Hesp\u00e9rides : le demi-dieu le souleva de terre puis l&rsquo;\u00e9touffa (note de FGR).<br \/>\n<a href=\"#_ftnref2\" name=\"_ftn2\">[2]<\/a> Typhon \u00e9tait un \u00eatre monstrueux fils de Tartare et de Gaia (ou d&rsquo;H\u00e9ra). \u00c0 la fois mi homme mi fauve, il \u00e9tait ail\u00e9 et ses yeux lan\u00e7aient des flammes. Typhon fut \u00e9lev\u00e9 \u00e0 Delphes par le serpent Python. Il attaqua les Olympiens qui s&rsquo;enfuirent tous sauf Ath\u00e9na et Zeus. Un combat eut lieu : Typhon r\u00e9ussit \u00e0 couper les muscles et les tendons de Zeus qu&rsquo;il enferma dans une peau d&rsquo;ours et le r\u00e9duit ainsi \u00e0 l&rsquo;impuissance. Herm\u00e8s et Pan les r\u00e9cup\u00e9r\u00e8rent cependant, et Zeus emprisonna Typhon sous une montagne. On attribue \u00e0 Typhon et \u00e0 Echidna une descendance de plusieurs monstres comme le chien Orthros, L&rsquo;Hydre de Lerne et Chim\u00e8re.<br \/>\n<a href=\"#_ftnref3\" name=\"_ftn3\">[3]<\/a> Briar\u00e9e (personnage de la mythologie grecque). &#8211; Un des g\u00e9ants qui attaqu\u00e8rent le ciel, avait, selon la mythologie, cent bras et cinquante t\u00eates. Il fut terrass\u00e9 par Poseidon, et emprisonn\u00e9 sous l&rsquo;Etna (note de FGR).<br \/>\n<a href=\"#_ftnref4\" name=\"_ftn4\">[4]<\/a> Sur le texte original manuscrit, cette phrase appara\u00eet sur la premi\u00e8re ligne du verso de la feuille de papier (note de FGR).<\/p>\n<p style=\"text-align: center;\">Jeannette ch\u00e9rie,<\/p>\n","protected":false},"excerpt":{"rendered":"<p>\u00a0 Lundi 29 avril 1946 Jeannette ch\u00e9rie, Je me suis lev\u00e9 de tr\u00e8s bonne heure ce matin pour classer des papiers et commencer avec une patience d\u2019artiste la lettre \u00e0 toi destin\u00e9e. Pour \u00eatre plus lente et plus musarde, et &hellip; <a href=\"https:\/\/monperejeanmamy.fr\/?page_id=2037\">Continuer la lecture <span class=\"meta-nav\">&rarr;<\/span><\/a><\/p>\n","protected":false},"author":2,"featured_media":11,"parent":0,"menu_order":0,"comment_status":"closed","ping_status":"closed","template":"","meta":[],"folder":[],"_links":{"self":[{"href":"https:\/\/monperejeanmamy.fr\/index.php?rest_route=\/wp\/v2\/pages\/2037"}],"collection":[{"href":"https:\/\/monperejeanmamy.fr\/index.php?rest_route=\/wp\/v2\/pages"}],"about":[{"href":"https:\/\/monperejeanmamy.fr\/index.php?rest_route=\/wp\/v2\/types\/page"}],"author":[{"embeddable":true,"href":"https:\/\/monperejeanmamy.fr\/index.php?rest_route=\/wp\/v2\/users\/2"}],"replies":[{"embeddable":true,"href":"https:\/\/monperejeanmamy.fr\/index.php?rest_route=%2Fwp%2Fv2%2Fcomments&post=2037"}],"version-history":[{"count":3,"href":"https:\/\/monperejeanmamy.fr\/index.php?rest_route=\/wp\/v2\/pages\/2037\/revisions"}],"predecessor-version":[{"id":2046,"href":"https:\/\/monperejeanmamy.fr\/index.php?rest_route=\/wp\/v2\/pages\/2037\/revisions\/2046"}],"wp:featuredmedia":[{"embeddable":true,"href":"https:\/\/monperejeanmamy.fr\/index.php?rest_route=\/wp\/v2\/media\/11"}],"wp:attachment":[{"href":"https:\/\/monperejeanmamy.fr\/index.php?rest_route=%2Fwp%2Fv2%2Fmedia&parent=2037"}],"wp:term":[{"taxonomy":"folder","embeddable":true,"href":"https:\/\/monperejeanmamy.fr\/index.php?rest_route=%2Fwp%2Fv2%2Ffolder&post=2037"}],"curies":[{"name":"wp","href":"https:\/\/api.w.org\/{rel}","templated":true}]}}