{"id":2042,"date":"2021-04-10T15:10:35","date_gmt":"2021-04-10T13:10:35","guid":{"rendered":"http:\/\/monperejeanmamy.fr\/?page_id=2042"},"modified":"2021-04-10T15:44:38","modified_gmt":"2021-04-10T13:44:38","slug":"jm-a-jr-fresnes-46-05-04","status":"publish","type":"page","link":"https:\/\/monperejeanmamy.fr\/?page_id=2042","title":{"rendered":"JM \u00e0 JR (Fresnes 46\/05\/04)"},"content":{"rendered":"<p><strong>\u00a0<\/strong><a href=\"http:\/\/monperejeanmamy.fr\/?page_id=2037\"><img loading=\"lazy\" class=\"wp-image-1352 alignleft\" src=\"http:\/\/monperejeanmamy.fr\/wp-content\/uploads\/2021\/03\/Lettre-precedente.jpg\" alt=\"\" width=\"143\" height=\"78\" \/><\/a><a href=\"http:\/\/monperejeanmamy.fr\/?page_id=2048\"><img loading=\"lazy\" class=\"alignright wp-image-1353\" src=\"http:\/\/monperejeanmamy.fr\/wp-content\/uploads\/2021\/03\/Lettre-suivante.jpg\" alt=\"\" width=\"139\" height=\"76\" \/><\/a><\/p>\n<p style=\"text-align: center;\"><strong>Samedi 4 mai 1946<\/strong><\/p>\n<p style=\"text-align: justify;\">Alors, tu veux qu\u2019on t\u2019\u00e9crive tous les jours un peu, et que le lundi on t\u2019envoie un journal complet de la semaine\u00a0? Exigeante fille. Craindrais-tu qu\u2019on ne pense pas assez \u00e0 toi\u00a0? Donc, en rentrant, inspir\u00e9 par tant d\u2019avidit\u00e9 \u00e9pistolaire, je n\u2019h\u00e9site pas \u00e0 me pr\u00e9cipiter sur mon papier blanc et \u00e0 \u00e9pancher furieusement ma bile contre le maudit garde r\u00e9publicain qui m\u2019a interdit de manger mon sandwich. C\u2019est la premi\u00e8re fois que pareil fait se produit. Il est vrai que nous ne connaissons pas tous les m\u00e9andres de la brutalit\u00e9. C\u2019est dans les petits d\u00e9tails de la vie domestique que se manifeste toute la tendresse entre \u00e9poux. C\u2019est \u00e9galement dans les multiples nuances de l\u2019humanit\u00e9 que se t\u00e9moignent les hommes entre eux qu\u2019on peut appr\u00e9cier la qualit\u00e9 d\u2019un r\u00e9gime. La civilisation est un polissage, une multiplicit\u00e9 de pr\u00e9venances. La politesse, c\u2019est la bont\u00e9, et le manque de c\u0153ur qui atteint dangereusement les cellules de certains individus les emp\u00eache d\u2019\u00eatre riches, bons, heureux. Ne soyons donc point afflig\u00e9s nous-m\u00eames par la duret\u00e9 avec laquelle certains pr\u00e9tendent conduire les autres. Ils ne se font du mal qu\u2019\u00e0 eux-m\u00eames. Au fond, ils se sont priv\u00e9s du plaisir de faire plaisir, alors que nous n\u2019avons \u00e9t\u00e9 priv\u00e9s de rien. J\u2019ai appr\u00e9ci\u00e9 la nuance que tu \u00e9tais coiff\u00e9e \u00e0 mon gr\u00e9, que tu avais mis la robe qui me plaisait, que tu m\u2019avais apport\u00e9 ces nouvelles qu\u2019il me fallait.<\/p>\n<p style=\"text-align: justify;\">Veux-tu faire passer \u00e0 mon avocat le texte qui est publi\u00e9 dans <em>Paroles Fran\u00e7aises,<\/em> 2<sup>\u00e8me<\/sup> page, sur Buchenwald et les man\u0153uvres des communistes allemands. C\u2019est un texte indispensable pour ma d\u00e9fense. Il prouve beaucoup de choses. Fais le d\u2019urgence. Je pense passer en t\u00e9moignage vendredi chez Mr Fayon et peut-\u00eatre samedi chez Mr O. Si tu veux bien te renseigner pour me faire dire vendredi si c\u2019est pour ce samedi ou l\u2019autre. D\u2019autre part, si quelquefois M<sup>e<\/sup> Libmann est l\u00e0 vendredi, qu\u2019il m\u2019apporte et le texte du document en question et la r\u00e9ponse de Floriot sur ce que je lui ai demand\u00e9 (affaire Grandin) pour que je sache si je dois r\u00e9diger ou non la note pour mon juge. Je voudrais \u00eatre bien conseill\u00e9 l\u00e0-dessus. J\u2019ai l\u2019impression qu\u2019il va falloir agir et <u>tr\u00e8s<\/u> durement, sinon nous n\u2019aboutirons \u00e0 rien.<\/p>\n<p style=\"text-align: justify;\">Fais attention, surtout n\u2019envoies plus de livres dans les colis. D\u00e9fendu par un nouveau r\u00e8glement. Il faut une autorisation sp\u00e9ciale de la direction. Sur ce, je m\u2019arr\u00eate pour ce soir, pour laisser de la place aux jours suivants. Mais j\u2019ai bien envie de ne pas m\u2019arr\u00eater, de te dire que tu as les cheveux fins et doux, la peau si blanche et enfantine qu\u2019on croirait une porcelaine japonaise, et de grands yeux violets comme des bonbons doux. Permets que je les croque avant de m\u2019endormir. Surtout, pas de mauvais r\u00eaves. Confiance. Patience. Espoir. Certitudes. Un grand courage. Nous arriverons \u00e0 surmonter l\u2019\u00e9preuve. Il n\u2019y a pas d\u2019obstacle qui ne finisse par c\u00e9der. Tous les probl\u00e8mes sont faits pour \u00eatre r\u00e9solus. Toutes les difficult\u00e9s pour \u00eatre vaincues. Peu \u00e0 peu, en t\u00e2tonnant, nous comprenons la man\u0153uvre. Elle est beaucoup plus difficile pour les honn\u00eates gens que pour les habiles, car nous avons responsabilit\u00e9 de faire pr\u00e9valoir des doctrines tr\u00e8s attaqu\u00e9es. Je m\u2019arr\u00eate pour te souhaiter le bonsoir sinon je ferai un discours politique. Si c\u2019\u00e9tait moi qui avait r\u00e9dig\u00e9 une constituante pour nous deux, est-ce que tu voterais \u00ab\u00a0Oui\u00a0\u00bb\u00a0?<\/p>\n<h1 style=\"text-align: justify;\"><u>Dimanche<\/u>.<\/h1>\n<p style=\"text-align: justify;\">Temps gris, mais pas c\u0153ur gris. Je me suis lev\u00e9 d\u2019excellente humeur pensant \u00e0 ta joue, \u00e0 ta m\u00e8che de cheveux blonds et \u00e0 la \u00ab sali\u00e8re \u00bb de ton cou que je trouve un peu maigre. Il faut te remplumer petite Jeannette. Je ne veux pas que les soucis (inexistants), l\u2019inqui\u00e9tude (disparue), les travaux m\u00e9nagers (inabsorbants), les devoirs maternels (r\u00e9jouissants) diminuent le potentiel du petit bout de femme qui doit, dans l\u2019avenir, assumer encore de glorieuses t\u00e2ches, sociales, conjugales et autres. Donc, plus de soucis, d\u2019inqui\u00e9tudes, de fatigue. Il faut que ma Jeannette soit dans cette sant\u00e9 \u00e9ternelle et inamovible qui donne la force de supporter et d\u2019\u00e9liminer toutes les petites \u00e9preuves humaines. Avis.<\/p>\n<p style=\"text-align: justify;\">Sur ce, nous allons travailler \u00e0 de menus travaux litt\u00e9raires ou autres. Peu \u00e0 peu, les \u0153uvres s\u2019\u00e9tendent en amplitude, en autorit\u00e9, en m\u00eame temps qu\u2019elles se rar\u00e9fient. Il n\u2019est pas n\u00e9cessaire d\u2019\u00e9crire beaucoup pour bien \u00e9crire, au contraire. L\u2019abondance de mots nuit parfois. Et le plus souvent la qualit\u00e9 est fonction de la bri\u00e8vet\u00e9. C\u2019est pourquoi j\u2019appr\u00e9cie infiniment certaines lettres de Jeannette qui en peu de mots disent tout ce qu\u2019il faut dire, et qui se terminent par ce terme si vague, si empathique, si charmant, plein d\u2019impond\u00e9rable, d\u2019inexprimable et d\u2019inassouvi\u00a0: \u00ab\u00a0<em>gros, gros baisers<\/em>\u00a0\u00bb\u00a0! De la part d\u2019une femme aussi menue, tant de grosseur, de grandeur, d\u2019extension dans l\u2019infini de la tendresse, concentr\u00e9e dans une formule si lapidaire me semble un de ces ph\u00e9nom\u00e8nes volcaniques propres \u00e0 inspirer le respect, la d\u00e9votion, l\u2019adoration et la reconnaissance. Les humains manifestent leur joie par des embrassades douces, par le plaisir de se p\u00e9n\u00e9trer mutuellement de leur affection. J\u2019en ressens tout le prix et la b\u00e9n\u00e9diction, d\u2019autant mieux qu\u2019il appara\u00eet sous l\u2019\u00e9corce brute des mots doux, d\u2019exquises nuances qui prouvent une nature particuli\u00e8rement d\u00e9vou\u00e9e. Allons, ne faisons pas rougir d\u2019orgueil, de confusion ou de plaisir, une personne qui n\u2019a pas besoin de compliments pour \u00eatre compl\u00e8te, et adoptons le masque froid. \u00c0 demain pour la fin de cette missive. Ce qui ne veut point dire que, par instants (les instants durent le temps qu\u2019on veut), nous ne penserons point \u00e0 vous durant le cours de cette m\u00e9morable journ\u00e9e. Pour qui voulez-vous voter\u00a0? Pour la libert\u00e9 des amants (joie des enfants, tranquillit\u00e9 des parents\u2026), pour que la mer soit bleue, le ciel cl\u00e9ment et la Terre plus douce aux hommes de bonne volont\u00e9\u00a0? Qu\u2019importe\u00a0! De quelque c\u00f4t\u00e9 que les hommes s\u2019agitent, la Terre, elle, tournera toujours dans le m\u00eame sens, et le vote d\u2019aujourd\u2019hui n\u2019arr\u00eatera pas la course, la double course \u2014celle de l\u2019erreur vers l\u2019ab\u00eeme\u2014celle de l\u2019\u00e9ternelle v\u00e9rit\u00e9\u2014 dans son cycle radieux. Votez donc pour que la v\u00e9rit\u00e9 apparaisse en vous et en tous, car c\u2019est le b\u00e9n\u00e9fice collectif. Notre but est de comprendre les lois de l\u2019harmonie. La volont\u00e9 humaine n\u2019y ajoute rien, surtout pour ceux qui essaient d\u2019emprisonner l\u2019infini (la r\u00e9alit\u00e9) dans des formules constitutionnelles. La seule loi \u00e0 suivre est \u00e9crite depuis toujours. C\u2019est celle de l\u2019\u00c9vangile. Et les assauts furieux des hommes n\u2019y pourront rien changer. Elle enrichit les pauvres et appauvrit les trop riches. Elle console et pardonne. Elle frappe terriblement le m\u00e9chant. Bonsoir. Bonne nuit.<\/p>\n<h1 style=\"text-align: justify;\">Lundi.<\/h1>\n<p style=\"text-align: justify;\">Ton bouquet s\u2019est ranim\u00e9 en une heure. Elles sont toutes \u00e9panouies ce soir, les rouges, pleines d\u2019\u00e9motion, les violettes, pudiques, les mauves, coquettes. J\u2019ai encore des p\u00e2querettes de la semaine derni\u00e8re, \u00e9panouies et p\u00e2les. Elles ont travers\u00e9 toutes les \u00e9motions de la semaine \u00e9lectorale. Et aujourd\u2019hui elles respirent, le danger pass\u00e9. Alors, la France a vot\u00e9 \u00ab\u00a0Non\u00a0\u00bb\u00a0! Nous en sommes tout \u00e9tonn\u00e9s. Quelle surprise\u00a0! Est-ce que ce pays, \u00e0 force de coups, deviendrait intelligent\u00a0? L\u2019exp\u00e9rience a sans doute profit\u00e9. On verra le 2 juin. En tous cas, c\u2019est d\u00e9j\u00e0 bon signe. Nous pensons que la d\u00e9tente va s\u2019accentuer rapidement. On peut d\u00e9j\u00e0 augurer favorablement du d\u00e9nouement. Ici, ce soir, on respire infiniment mieux.<\/p>\n<p style=\"text-align: justify;\">Veux-tu dire \u00e0 ma m\u00e8re qu\u2019elle me mette davantage de cale\u00e7ons courts. Il n\u2019st pas suffisant de n\u2019en n\u2019avoir qu\u2019un \u00e0 la fois. Merci pour l\u2019encaustique. Il est d\u00e9j\u00e0 pass\u00e9. Le parquet brille comme un Dieu, et nous humons une bonne odeur. Il faudra m\u2019en mettre de temps en temps. Assez de bougies pour le moment. Je te dirai s\u2019il faut reprendre. Merci pour les crochets. Suffisant. Bravo pour les rondelles. Pense-tu \u00e0 la couverture standard de cahier pour papier perfor\u00e9\u00a0? J\u2019attends les photos, en me r\u00e9jouissant.<\/p>\n<p style=\"text-align: justify;\">Que vont donner les prochains proc\u00e8s\u00a0? Les jur\u00e9s seront-ils influenc\u00e9s par l\u2019ambiance actuelle\u00a0? On sent d\u00e9j\u00e0 que le prochain gouvernement sera oppos\u00e9 \u00e0 celui-ci. Mais le renversement se fera-t-il dans une \u00e9norme bagarre ou bien dans de multiples compromis\u00a0? L\u2019avenir appara\u00eet charg\u00e9 de luttes. Nous avons peut-\u00eatre \u00e0 Fresnes pass\u00e9 de fort beaux jours. Quelle \u00e9poque\u00a0!<\/p>\n<p style=\"text-align: justify;\">Le soleil est revenu dans une pl\u00e9nitude heureuse. Il caresse les murs de la cellule comme il d\u00e9coupe en plusieurs plans d\u2019ombres et de contre-jours les lointains de la plaine. Les menues collines que nous apercevons d\u2019ici apparaissent toutes frang\u00e9es de lumi\u00e8re et se noient dans la grisaille \u00e9blouissante du couchant. Tous les peupliers, tous les massifs d\u2019arbres se d\u00e9roulent en bandes horizontales qui sont autant de d\u00e9cors successifs, plant\u00e9s devant notre horizon. L\u00e0-dessus, quelques bruits de voix d\u2019enfants. Au loin, un train passe. La sonnette de la prison grince dans l\u2019air chaud. Il fait un bonheur tr\u00e8s paisible. Puisque aujourd\u2019hui je puis vivre le vers de Baudelaire\u00a0: \u00ab\u00a0des parquets luisants, polis par les ans, d\u00e9coreraient notre chambre\u2026\u00a0\u00bb. Attendons qu\u2019elle soit la n\u00f4tre \u2014et que le soleil brille sur une Terre r\u00e9confort\u00e9e, r\u00e9concili\u00e9e.<\/p>\n<p style=\"text-align: justify;\">Au revoir, toute petite fille, je commence \u00e0 croire que tout cela va finir.<\/p>\n<p style=\"text-align: justify;\">Ton J.<\/p>\n<p style=\"text-align: justify;\"><a href=\"#_ftnref1\" name=\"_ftn1\">[<\/a><\/p>\n","protected":false},"excerpt":{"rendered":"<p>\u00a0 Samedi 4 mai 1946 Alors, tu veux qu\u2019on t\u2019\u00e9crive tous les jours un peu, et que le lundi on t\u2019envoie un journal complet de la semaine\u00a0? Exigeante fille. Craindrais-tu qu\u2019on ne pense pas assez \u00e0 toi\u00a0? Donc, en rentrant, &hellip; <a href=\"https:\/\/monperejeanmamy.fr\/?page_id=2042\">Continuer la lecture <span class=\"meta-nav\">&rarr;<\/span><\/a><\/p>\n","protected":false},"author":2,"featured_media":11,"parent":0,"menu_order":0,"comment_status":"closed","ping_status":"closed","template":"","meta":[],"folder":[],"_links":{"self":[{"href":"https:\/\/monperejeanmamy.fr\/index.php?rest_route=\/wp\/v2\/pages\/2042"}],"collection":[{"href":"https:\/\/monperejeanmamy.fr\/index.php?rest_route=\/wp\/v2\/pages"}],"about":[{"href":"https:\/\/monperejeanmamy.fr\/index.php?rest_route=\/wp\/v2\/types\/page"}],"author":[{"embeddable":true,"href":"https:\/\/monperejeanmamy.fr\/index.php?rest_route=\/wp\/v2\/users\/2"}],"replies":[{"embeddable":true,"href":"https:\/\/monperejeanmamy.fr\/index.php?rest_route=%2Fwp%2Fv2%2Fcomments&post=2042"}],"version-history":[{"count":4,"href":"https:\/\/monperejeanmamy.fr\/index.php?rest_route=\/wp\/v2\/pages\/2042\/revisions"}],"predecessor-version":[{"id":2052,"href":"https:\/\/monperejeanmamy.fr\/index.php?rest_route=\/wp\/v2\/pages\/2042\/revisions\/2052"}],"wp:featuredmedia":[{"embeddable":true,"href":"https:\/\/monperejeanmamy.fr\/index.php?rest_route=\/wp\/v2\/media\/11"}],"wp:attachment":[{"href":"https:\/\/monperejeanmamy.fr\/index.php?rest_route=%2Fwp%2Fv2%2Fmedia&parent=2042"}],"wp:term":[{"taxonomy":"folder","embeddable":true,"href":"https:\/\/monperejeanmamy.fr\/index.php?rest_route=%2Fwp%2Fv2%2Ffolder&post=2042"}],"curies":[{"name":"wp","href":"https:\/\/api.w.org\/{rel}","templated":true}]}}