{"id":2053,"date":"2021-04-10T15:47:00","date_gmt":"2021-04-10T13:47:00","guid":{"rendered":"http:\/\/monperejeanmamy.fr\/?page_id=2053"},"modified":"2021-04-10T18:17:49","modified_gmt":"2021-04-10T16:17:49","slug":"jm-a-jr-fresnes-46-05-20","status":"publish","type":"page","link":"https:\/\/monperejeanmamy.fr\/?page_id=2053","title":{"rendered":"JM \u00e0 JR (Fresnes 46\/05\/20)"},"content":{"rendered":"<p><strong>\u00a0<\/strong><a href=\"http:\/\/monperejeanmamy.fr\/?page_id=2048\"><img loading=\"lazy\" class=\"wp-image-1352 alignleft\" src=\"http:\/\/monperejeanmamy.fr\/wp-content\/uploads\/2021\/03\/Lettre-precedente.jpg\" alt=\"\" width=\"143\" height=\"78\" \/><\/a><a href=\"http:\/\/monperejeanmamy.fr\/?page_id=2059\"><img loading=\"lazy\" class=\"alignright wp-image-1353\" src=\"http:\/\/monperejeanmamy.fr\/wp-content\/uploads\/2021\/03\/Lettre-suivante.jpg\" alt=\"\" width=\"139\" height=\"76\" \/><\/a><\/p>\n<p style=\"text-align: center;\"><strong>Lundi 20 mai 1946<\/strong><\/p>\n<p style=\"text-align: center;\">Petite fille ch\u00e9rie,<\/p>\n<p style=\"text-align: justify;\">Comme le temps passe. Nous voici presque d\u00e9j\u00e0 au 2 juin, date fatidique o\u00f9 la France va s\u2019engager dans l\u2019un ou l\u2019autre chemin <a href=\"#_ftn1\" name=\"_ftnref1\">[1]<\/a>. Il semble que ce soit le bon. Qui aurait cru que ce serait si long pour que le calme revienne \u00e0 peu pr\u00e8s. Et encore\u00a0! Nous sommes loin de compte. Dans quinze jours nous verrons infiniment plus clair. Les meilleurs propos courent. Souhaitons de reprendre un jour notre t\u00e2che et de vivre une \u00e9poque heureuse. Il est vrai que le bonheur\u00a0!&#8230; Les gens se contentent de si peu\u00a0: un peu de soleil sur la peau, une banane sous l\u2019arbre. Tout est supportable \u00e0 condition que la mer soit belle\u2026 et la fille jolie. Voil\u00e0 les hommes.<\/p>\n<p style=\"text-align: justify;\">Le colis est excellent. Parfait. Pour la reliure, je n\u2019h\u00e9site plus \u00e0 te la renvoyer. Je crois que cela sera plus sage. Il vaut mieux avoir le m\u00eame format. D\u2019autant plus qu\u2019il est standard. On en trouvait beaucoup Bd St Michel. Je crois que tu n\u2019auras pas de peine \u00e0 t\u2019en procurer une. Sinon, tant pis. Je ne peux rien commencer sur ce format. Car ce qui me pr\u00e9occupe le plus c\u2019est de classer le travail d\u00e9j\u00e0 fait. Si m\u00eame tu peux t\u2019en procurer davantage, garde les en r\u00e9serve (4, 5, 6), ils serviront toujours. Ces sortes de cahiers sont tr\u00e8s pratiques pour travailler, prendre des notes, transcrire. Ils ont surtout l\u2019avantage des feuillets mobiles. Donc, l\u2019\u00e9cartement standard est indispensable. Toutes r\u00e9flexions faites, je te renverrai jeudi le nouveau. Ach\u00e8te du papier perfor\u00e9 en pr\u00e9vision.<\/p>\n<p style=\"text-align: justify;\">Bien re\u00e7u toutes tes lettres. Tr\u00e8s gentilles. Les ai relues. Tr\u00e8s tr\u00e8s gentilles. Y ai pens\u00e9. Beaucoup plus gentilles qu\u2019on pense. Ai mis une de tes photos au mur, l\u2019autre dans ma poche. Attends les autres. Je retire souvent la photo de ma poche. Qu\u2019est-ce que tu dirai si, dans quelque temps, tr\u00e8s peu de temps, on se retrouvait\u00a0? Moi je trouverai cela parfaitement naturel. Je dirai (ce dont je suis s\u00fbr) qu\u2019il y a un Dieu, pour les honn\u00eates gens. Et pour les autres aussi (mais ce n\u2019est point pour les prot\u00e9ger, ceux-l\u00e0. C\u2019est pour leur enseigner la voie \u00e9troite, la voie terrible, le chemin du retour).<\/p>\n<p style=\"text-align: justify;\">Retour de la promenade. Je me demande si je dois te parler raison, m\u00e9taphysique, ou tendresse, affection et autres choses puissamment utiles. Quoique je sois maintenant dans une p\u00e9riode d\u2019\u00e9volution curieuse o\u00f9 le bonheur personnel me semble ha\u00efssable, pire qu\u2019un nuage \u00e9pais. Sais-tu que j\u2019ai appris ici (entre autres milliers de choses) que les gros cumuli, ces nuages blancs de si jolie forme, que Baudelaire vantait tant, \u00e9taient de terribles gouffres de courants d\u2019air, si violents qu\u2019ils entra\u00eenaient les avions dans des remous quelquefois mortels. On y perd le contr\u00f4le de la direction et on ne sait plus si on vole la t\u00eate en haut ou en bas. En amour, c\u2019est bien la m\u00eame chose\u00a0: ne pas voler dans les nuages. Danger. Seul le ciel limpide convient aux gens prudents, \u00e0 moins d\u2019\u00eatre munis d\u2019\u00e9normes quadrimoteurs de combat\u00a0; mais il me semble que Jeannette serait un peu bouscul\u00e9e par autant de puissance d\u00e9ploy\u00e9e. Voudrais-tu te mesurer avec mon amour quadrimoteur\u00a0? N\u2019aurais-tu pas peur\u00a0?<\/p>\n<p style=\"text-align: justify;\">Tu as l\u2019air tr\u00e8s gentille sur tes photos. Tu as l\u2019air si gentille dans mes souvenirs. Mais je ne veux pas avoir de souvenirs. Dans l\u2019instant je vis avec ta pr\u00e9sence. Et dans le bouquet de roses de ce matin, il y avait infiniment plus que dans tous les bonheurs du pass\u00e9. Tu sais que quand nous nous retrouverons, je te ferai des sc\u00e8nes effroyables pour ne pas m\u2019avoir \u00e9crit plus longuement, souvent, en d\u00e9tail, avec minutie, pour n\u2019avoir pas d\u00e9vid\u00e9 les multiples impressions talentueuses que tu dois ressentir dans ta pr\u00e9cieuse et fine petite t\u00eate tout le long des patientes et tr\u00e9pidantes journ\u00e9es.<\/p>\n<p style=\"text-align: justify;\">J\u2019ai pass\u00e9 mon temps tout \u00e0 l\u2019heure, et il y a 2 jours, \u00e0 m\u00e9dire des femmes en g\u00e9n\u00e9ral et en particulier. Mes camarades m\u2019accusent de misogynie. Il est vrai que je d\u00e9teste l\u2019actuel comportement f\u00e9minin. On sent chez toutes les femmes un tel sentiment d\u2019inimiti\u00e9 contre le m\u00e2le, d\u2019agression ou de perfide coquetterie qu\u2019on est port\u00e9 \u00e0 prendre un bouclier pour les aborder ou les recevoir (tout cela \u00e0 propos des romans de Colette que je n\u2019aime pas, grand \u00e9crivain d\u00e9testable, poule \u00e0 gigolos et \u00e0 vice d\u2019un inestimable talent de paysagiste, fille de peu, grandiose et mesquine, terriblement d\u00e9prav\u00e9e, une bonne nature sauvage aux fruits incomestibles, mais jolis pour les amateurs de tableaux piquants). Tu vois \u00e0 quoi passent leur temps les c\u00e9nobites que nous sommes. Discussions en apparence st\u00e9riles, en fait pleines de substance. Car nous sommes arriv\u00e9s \u00e0 discerner sur quoi il faut poser le pied. Pas de planche pourrie. De bons gros amours solides.<\/p>\n<p style=\"text-align: justify;\">J\u2019avais pens\u00e9 \u00e0 t\u2019\u00e9crire cette lettre \u00e0 l\u2019encre rouge \u2014couleur de l\u2019amour\u2014 mais j\u2019ai r\u00e9fl\u00e9chi que ces sortes de symboles ne font gu\u00e8re s\u00e9rieux. Nous n\u2019avons pas le droit de nous pr\u00eater \u00e0 de petites fantaisies qui pourraient diminuer le moins du monde le merveilleux aujourd\u2019hui. Je ne voudrais pas b\u00eatifier, mais j\u2019ai cru remarquer quelquefois dans tes yeux une flamme plaisante, et si averti que je sois contre la gent f\u00e9minine, j\u2019avoue qu\u2019elle a quelque peu entam\u00e9 ma m\u00e9fiance. Peut-\u00eatre m\u00eame (mais cela pourrait vous donner de l\u2019orgueil) l\u2019a-t-elle \u00e0 peu pr\u00e8s absorb\u00e9e. Arriveriez-vous, petite amie, \u00e0 faire de moi un homme \u00e9pris, attach\u00e9 \u00e0 des servitudes heureuses\u00a0? Vous savez que je suis terrible si\u2026 (il n\u2019y a pas de si\u2026 voil\u00e0 que je recommence \u00e0 imaginer des choses humaines, lucif\u00e9riennes, des troubles, et des tromperies, et de romantiques bouleversements). \u00c0 propos, ne cherche plus Vigny, ni Musset, j\u2019ai trouv\u00e9 l\u00e0 ce qu\u2019il me faut. Si tu les as tant mieux. Veux-tu bien confier \u00e0 ma m\u00e8re la mythologie\u00a0: je demanderai l\u2019autorisation de la faire rentrer.<\/p>\n<p style=\"text-align: justify;\">(Incidente\u00a0: veux-tu bien me r\u00e9approvisionner en encaustique. Le petit pot a fait merveille, et nous vivons sur un parquet cir\u00e9 impeccablement\u00a0; tout comme nos mentalit\u00e9s brillantes, p\u00e9n\u00e9tr\u00e9es d\u2019essences rares).<\/p>\n<p style=\"text-align: justify;\">Sais-tu que je me dispenserai volontiers de t\u2019\u00e9crire cette lettre et que j\u2019aimerai mieux, ce jour de printemps, te prendre sur mon \u00e9paule et sentir s\u2019agiter sous ton front de tumultueuses pens\u00e9es pleines de toute la satisfaction que donne la joie d\u2019\u00e9couter tomber les heures de la m\u00eame oreille attentive. Si, dans quelque temps, je me rem\u00e9more les jours pass\u00e9s ici, que souvenirs d\u2019heures patientes \u00e0 r\u00eavasser, imaginer, cr\u00e9er, produire, que de rappels d\u2019instants d\u2019une beaut\u00e9 non fugitive, que d\u2019impressions extraordinaires \u00e0 l\u2019approche de bouleversements intenses sublimes. On nous a condamn\u00e9s \u00e0 vivre l\u2019enfer de la r\u00e9probation. Nous serons mont\u00e9s au ciel de la s\u00e9r\u00e9nit\u00e9, pr\u00eats \u00e0 nous inscrire sur les martyrologes qui jettent \u00e0 la face du monde leurs centaines de milliers de noms connus et inconnus, s\u2019\u00e9tant d\u00e9pouill\u00e9s de la chair pour grimper plus vite sur les cimes r\u00e9elles, marchant d\u2019un pied ferme sur les gouffres, les ab\u00eemes pleins de dangers, les cuves \u00e0 serpents <a href=\"#_ftn2\" name=\"_ftnref2\">[2]<\/a> et d\u2019autres attractions p\u00e9rissables. Et le soleil qui a perc\u00e9 depuis une heure (que j\u2019\u00e9cris ma tendre missive) les brumes de la plaine fresnoise vient \u00e0 point rappeler \u00e0 tout homme que la lumi\u00e8re est notre aliment le meilleur, le plus raffin\u00e9 et substantiel. De temps en temps je jette un bref coup d\u2019\u0153il sur les frondaisons lointaines. Elles se roulent dans les reflets avec une tendre \u00e9motion.<\/p>\n<p style=\"text-align: justify;\">6h. Je viens de recevoir de toi une lettre charmante, enthousiaste, pleine de sucreries et de nuances. La d\u00e9finition du bonheur mosa\u00efque me semble p\u00e9remptoire pour ce soir\u00a0: un assemblage de petits cailloux\u00a0! Il est vrai que ce qui compte, c\u2019est la couleur et le dessin. Nous autres, peintres \u00e0 fresques, nous tacherons de placer au bon endroit la pierre quotidienne.<\/p>\n<p style=\"text-align: justify;\">Quant \u00e0 quitter le journalisme ou la politique, peine perdue, Mamzelle Nitouche. Autant demander \u00e0 un marin de quitter la mer. Et quelles temp\u00eates\u00a0! Au fond, tu t\u2019en voudrais de vivre avec un personnage plat, qui ne provoque point d\u2019\u00e9motions. Nous ne sommes point bourgeois. Gros, gros baisers, comme tu dis.<\/p>\n<p style=\"text-align: justify;\">J.<\/p>\n<p style=\"text-align: justify;\"><a href=\"#_ftnref1\" name=\"_ftn1\">[1]<\/a> Date des prochaines \u00e9lections l\u00e9gislatives. Ces \u00e9lections changeront la donne au sein de l&rsquo;Assembl\u00e9e constituante : le MRP, per\u00e7u comme un rempart contre le marxisme et accessoirement comme un mouvement politique proche du gaullisme, arrive largement en t\u00eate (28%), suivi par le PCF qui reste stable (26%) malgr\u00e9 de l\u00e9g\u00e8res pertes et par la SFIO qui enregistre une nette baisse et perd 18 si\u00e8ges. Les radicaux et l&rsquo;UDSR, rassembl\u00e9s au sein du Rassemblement des gauches r\u00e9publicaines, font aussi les frais de la victoire du MRP, tandis que la droite marque la plus importante progression de ce scrutin : +25 si\u00e8ges, mais elle reste marginale et particuli\u00e8rement divis\u00e9e (note de FGR).<br \/>\n<a href=\"#_ftnref2\" name=\"_ftn2\">[2]<\/a> \u00ab\u00a0<a href=\"http:\/\/monperejeanmamy.fr\/?page_id=384\"><em>La cuve \u00e0 serpents<\/em><\/a> \u00bb : sera le titre d\u2019un de ses \u00e9crits dans lequel il d\u00e9peint avec force de provocation un certain nombre de \u00ab caricatures \u00bb de personnages dont il sera parfois difficile de percevoir s\u2019il les hait ou s\u2019il les soutient (notre de FGR).<\/p>\n","protected":false},"excerpt":{"rendered":"<p>\u00a0 Lundi 20 mai 1946 Petite fille ch\u00e9rie, Comme le temps passe. Nous voici presque d\u00e9j\u00e0 au 2 juin, date fatidique o\u00f9 la France va s\u2019engager dans l\u2019un ou l\u2019autre chemin [1]. Il semble que ce soit le bon. Qui &hellip; <a href=\"https:\/\/monperejeanmamy.fr\/?page_id=2053\">Continuer la lecture <span class=\"meta-nav\">&rarr;<\/span><\/a><\/p>\n","protected":false},"author":2,"featured_media":11,"parent":0,"menu_order":0,"comment_status":"closed","ping_status":"closed","template":"","meta":[],"folder":[],"_links":{"self":[{"href":"https:\/\/monperejeanmamy.fr\/index.php?rest_route=\/wp\/v2\/pages\/2053"}],"collection":[{"href":"https:\/\/monperejeanmamy.fr\/index.php?rest_route=\/wp\/v2\/pages"}],"about":[{"href":"https:\/\/monperejeanmamy.fr\/index.php?rest_route=\/wp\/v2\/types\/page"}],"author":[{"embeddable":true,"href":"https:\/\/monperejeanmamy.fr\/index.php?rest_route=\/wp\/v2\/users\/2"}],"replies":[{"embeddable":true,"href":"https:\/\/monperejeanmamy.fr\/index.php?rest_route=%2Fwp%2Fv2%2Fcomments&post=2053"}],"version-history":[{"count":3,"href":"https:\/\/monperejeanmamy.fr\/index.php?rest_route=\/wp\/v2\/pages\/2053\/revisions"}],"predecessor-version":[{"id":2062,"href":"https:\/\/monperejeanmamy.fr\/index.php?rest_route=\/wp\/v2\/pages\/2053\/revisions\/2062"}],"wp:featuredmedia":[{"embeddable":true,"href":"https:\/\/monperejeanmamy.fr\/index.php?rest_route=\/wp\/v2\/media\/11"}],"wp:attachment":[{"href":"https:\/\/monperejeanmamy.fr\/index.php?rest_route=%2Fwp%2Fv2%2Fmedia&parent=2053"}],"wp:term":[{"taxonomy":"folder","embeddable":true,"href":"https:\/\/monperejeanmamy.fr\/index.php?rest_route=%2Fwp%2Fv2%2Ffolder&post=2053"}],"curies":[{"name":"wp","href":"https:\/\/api.w.org\/{rel}","templated":true}]}}