{"id":2059,"date":"2021-04-10T18:05:57","date_gmt":"2021-04-10T16:05:57","guid":{"rendered":"http:\/\/monperejeanmamy.fr\/?page_id=2059"},"modified":"2021-04-10T18:26:37","modified_gmt":"2021-04-10T16:26:37","slug":"jm-a-jr-fresnes-46-05-27","status":"publish","type":"page","link":"https:\/\/monperejeanmamy.fr\/?page_id=2059","title":{"rendered":"JM \u00e0 JR (Fresnes 46\/05\/27)"},"content":{"rendered":"<p><strong>\u00a0<\/strong><a href=\"http:\/\/monperejeanmamy.fr\/?page_id=2053\"><img loading=\"lazy\" class=\"wp-image-1352 alignleft\" src=\"http:\/\/monperejeanmamy.fr\/wp-content\/uploads\/2021\/03\/Lettre-precedente.jpg\" alt=\"\" width=\"143\" height=\"78\" \/><\/a><a href=\"http:\/\/monperejeanmamy.fr\/?page_id=2063\"><img loading=\"lazy\" class=\"alignright wp-image-1353\" src=\"http:\/\/monperejeanmamy.fr\/wp-content\/uploads\/2021\/03\/Lettre-suivante.jpg\" alt=\"\" width=\"139\" height=\"76\" \/><\/a><\/p>\n<p style=\"text-align: center;\"><strong>Lundi 27 mai 1946<\/strong><\/p>\n<p style=\"text-align: center;\">Ma ch\u00e9rie,<\/p>\n<p style=\"text-align: justify;\">Bien re\u00e7u lettre, colis. Tout parfait. Plus que parfait. Merci, merci. Et d\u2019abord, avant les effusions, les recommandations\u00a0:<\/p>\n<p style=\"text-align: justify;\">Peux-tu dire \u00e0 ma m\u00e8re<\/p>\n<ol>\n<li style=\"text-align: justify;\">de ne pas oublier des gants de toilette solides. Un gant par semaine. Qu\u2019elle en fabrique, ou qu\u2019elle en ach\u00e8te.<\/li>\n<li style=\"text-align: justify;\">Pour l\u2019instant, plus de m\u00e9ta. J\u2019en ai une provision qui peut durer une semaine. Tu reprendras la livraison la semaine suivante. Une bo\u00eete par semaine seulement.<\/li>\n<li style=\"text-align: justify;\">Inutile d\u2019envoyer de l\u2019encre. On en ach\u00e8te ici.<\/li>\n<li style=\"text-align: justify;\">Pris bonne note pour les cahiers standard<\/li>\n<li style=\"text-align: justify;\">As-tu des nouvelles de Flo ? et de l\u2019aviateur ? Je crois qu\u2019apr\u00e8s les \u00e9lections il va falloir bouger.<\/li>\n<\/ol>\n<p style=\"text-align: justify;\">J\u2019attends toujours les photos esp\u00e9r\u00e9es. En attendant je me repais de celles qui sont sur mon mur. Il est contraire aux principes m\u00e9taphysiques sains d\u2019\u00e9prouver de l\u2019int\u00e9r\u00eat pour une personne\u00a0 humaine, mais ce n\u2019est point \u00e0 la personne physique que va notre sentiment et, \u00e0 travers l\u2019\u00e9corce terrestre, on sent palpiter un esprit tout r\u00e9ceptif pr\u00eat \u00e0 s\u2019enthousiasmer pour des causes grandioses, des \u00e9ternit\u00e9s valables, des voyages supra-sensoriels. Il faut bien que nous regardions la vie de l\u2019amour \u00e0 travers l\u2019\u00e9clat des yeux. Et puis, quand la personne est gaie, joyeuse, pleine de vie, elle fait plaisir \u00e0 se montrer gesticulante, dans tous ses appas, avec tous ses charmes. Veux-tu bien penser \u00e0 \u00e9gayer la vie du prisonnier avec des images heureuses.<\/p>\n<p style=\"text-align: justify;\">Les fleurs sont ravissantes. Il pousse aussi sur ma fen\u00eatre des tas de b\u00e9gonias, d\u2019\u0153illets. Je m\u2019extasie sur des herbes dont je vois grandir \u00e0 vue d\u2019\u0153il l\u2019infime brin vert. D\u00e9j\u00e0 pr\u00e9mices de mon champ de bl\u00e9 du Canada. Si j\u00a0\u00bb\u00e9levais des souris blanches\u00a0? J\u2019y prendrai le go\u00fbt des grands troupeaux d\u2019Am\u00e9rique du Sud. Je suis stup\u00e9fait de voir s\u2019ouvrir depuis huit jours une feuille de b\u00e9gonia. Comment imaginer que tant de merveilles pouvaient s\u2019enclore dans un oignon. On se rattache \u00e0 la vie bien plus par les plantes que par les hommes. Au moins celles-l\u00e0 ne pensent qu\u2019\u00e0 leur plein \u00e9panouissement, en toute beaut\u00e9.<\/p>\n<p style=\"text-align: justify;\">J\u2019ai vu un de mes camarades d\u2019\u00e9tage qui est sp\u00e9cialiste d\u2019examens graphologiques. Il m\u2019a dit de fort bonnes choses (tr\u00e8s sinc\u00e8rement, tr\u00e8s \u00e9tonnant ce type, un remarquable don de divination). Pour le caract\u00e8re on peut v\u00e9rifier. Mais pour l\u2019avenir\u00a0? Le fait qu\u2019il ne se trompe pas quant \u00e0 l\u2019examen psychologique prouve-t-il sa comp\u00e9tence en mati\u00e8re d\u2019investigation occulte\u00a0? Il m\u2019a pr\u00e9dit que je vivrai jusqu\u2019\u00e0 91 ans. Tu vois que nous avons le temps d\u2019avoir des enfants. Comme le premier est tr\u00e8s r\u00e9ussi, il inaugure une longue et florissante s\u00e9rie de filles, gar\u00e7ons et androgynes bien b\u00e2tis.<\/p>\n<p style=\"text-align: justify;\">Pourquoi tes cheveux blonds paraissent-ils plus fonc\u00e9s sur la photo\u00a0?<\/p>\n<p style=\"text-align: justify;\">Le ciel est tr\u00e8s beau aujourd\u2019hui. Mouvement\u00e9. Course aux nuages. Des avions rodent, mordent le silence. Une voiture de la M.P. a hurl\u00e9 sur la route tout \u00e0 l\u2019heure comme pour appeler au secours. Tout un monde devant nos fen\u00eatres, et plus encore devant nos yeux quand nous les fermons. Ce n\u2019est point de l\u2019imagination que de voir si pr\u00e9cis\u00e9ment tant d\u2019images se heurtant, s\u2019enchev\u00eatrant, se groupant, s\u2019associant ou se d\u00e9chirant. Le monde est comme le ciel, boursouffl\u00e9 de courants d\u2019air, ou bien d\u2019un calme chaleureux, ou grisaill\u00e9 sous la pluie, ou ravag\u00e9 de tonnerres. Il n\u2019y a que les bourgeois qui ne sortent pas par gros temps. Et les prisonniers.<\/p>\n<p style=\"text-align: justify;\">Crois-tu que nous soyons vraiment prisonnier ? Celui qui s\u2019enferme dans son d\u00e9sespoir, qui se sent limit\u00e9 par les barreaux, comme par les affres de la chair, les soucis du monde, les supplices infernaux de la vie commode, celui-l\u00e0 et prisonnier de son propre r\u00eave. Il g\u00e9mit dans le feu de l\u2019impuissance. Mais celui pour qui ces songes ne sont que des nu\u00e9es passag\u00e8res, qui distingue d\u00e9j\u00e0, \u00e0 travers les sombres mensonges de l\u2019existence mortelle la r\u00e9alit\u00e9 transcendante, qui sait que les pleurs se consolent avec le sourire d\u2019une puret\u00e9 autrement \u00e9blouissante que toutes les jouissances mondaines, que le sacrifice de quelques pauvret\u00e9s vaines conduit \u00e0 la toute puissance, \u00e0 la r\u00e9v\u00e9lation des richesses infinies, qui voit \u00e0 travers la nuit le point lumineux, le soleil total grandir d\u00e9mesur\u00e9ment et s\u2019approcher de son esp\u00e9rance, qui a confiance parce qu\u2019il sait, qui a la patience parce que rien ne manque \u00e0 son bonheur qui est de comprendre la vie dans toutes ses manifestations, qui est certain, absolument certain, que rien ne saurait lui manquer de ce qui est r\u00e9ellement la joie de vivre, celui-l\u00e0 n\u2019est prisonnier de rien ni de personne, il est libre immens\u00e9ment, il domine les \u00e9v\u00e8nements et les hommes. Voil\u00e0 pour le couplet libert\u00e9.<\/p>\n<p style=\"text-align: justify;\">Comme te voil\u00e0 convaincue maintenant que je suis ici le plus heureux du monde. Aurais-tu cru que le but naturel d\u2019un \u00e9crivain politique \u00e9tait la prison\u00a0? L\u2019exp\u00e9rience en sera \u00e0 coup s\u00fbr b\u00e9n\u00e9ficiaire. On y apprend tout ce que la vie du dehors ne peut vous faire conna\u00eetre\u00a0: la t\u00e9nacit\u00e9, la volont\u00e9, la droiture, le sens de la man\u0153uvre, la philosophie, la \u00a0tol\u00e9rance, l\u2019\u00e9nergie, l\u2019ambition vraie, le d\u00e9sint\u00e9ressement. Fichtre\u00a0! Le jour o\u00f9 je rentrerai \u00e0 nouveau dans la bagarre au dehors, je serai mille fois plus aim\u00e9. Nous parlions tout \u00e0 l\u2019heure des Chevaliers de la Table Ronde qui tenaient tout leur courage de l\u2019obligation o\u00f9 ils \u00e9taient de rechercher le Saint Graal. Voil\u00e0 comme nous sommes. Plus haut que la vie et la mort, lanc\u00e9s dans une aventure o\u00f9 l\u2019on ne risque plus de p\u00e9rir, car les fl\u00e8ches de D\u00e9mogorgon <a href=\"#_ftn1\" name=\"_ftnref1\">[1]<\/a> ne peuvent plus atteindre notre talon. Apr\u00e8s avoir travers\u00e9 les Enfers, nous abordons les Champs-\u00c9lys\u00e9es o\u00f9, contrairement \u00e0 ce que l\u2019on croit, ne parviennent que ceux qui ont vaincu la Mort, cette fille du Chaos et de la Nuit.<\/p>\n<p style=\"text-align: justify;\">Te sentirais-tu dispos\u00e9e \u00e0 \u00eatre la femme d\u2019un Jupiter qui passerait la majeur partie de son temps \u00e0 astiquer ses foudres\u00a0? Il y a dans l\u2019existence de ce Dieu de curieux probl\u00e8mes. Voil\u00e0 que le paganisme me tente. Heureusement que l\u2019humilit\u00e9 nous commande d\u2019en d\u00e9noncer le clinquant.<\/p>\n<p style=\"text-align: justify;\">Je ne veux pas t\u2019embrasser pour c\u00e9der \u00e0 un geste instinctif de m\u00e2le amoureux, mais avec r\u00e9serves, contemplation, paix, adoration, tendresse, en pr\u00eatre plus qu\u2019en amant, en po\u00e8te plus qu\u2019en fougueux animal, en peintre plus qu\u2019en virtuose des mots tendres. Et j\u2019exige ta prose pour contenter ma faim.<\/p>\n<p style=\"text-align: justify;\">\u00c0 bient\u00f4t te lire, petite ch\u00e9rie aux yeux violets, grande ch\u00e9rie aux l\u00e8vres humides. Embrasse le blondin.<\/p>\n<p style=\"text-align: justify;\">J.<\/p>\n<p style=\"text-align: justify;\"><a href=\"#_ftnref1\" name=\"_ftn1\">[1]<\/a> D\u00e9mogorgon\u00a0: \u00catre symbolique cr\u00e9ateur du ciel et de la terre\u00a0; il habite le centre du monde avec l&rsquo;\u00c9ternit\u00e9 et le Chaos<\/p>\n","protected":false},"excerpt":{"rendered":"<p>\u00a0 Lundi 27 mai 1946 Ma ch\u00e9rie, Bien re\u00e7u lettre, colis. Tout parfait. Plus que parfait. Merci, merci. Et d\u2019abord, avant les effusions, les recommandations\u00a0: Peux-tu dire \u00e0 ma m\u00e8re de ne pas oublier des gants de toilette solides. Un &hellip; <a href=\"https:\/\/monperejeanmamy.fr\/?page_id=2059\">Continuer la lecture <span class=\"meta-nav\">&rarr;<\/span><\/a><\/p>\n","protected":false},"author":2,"featured_media":11,"parent":0,"menu_order":0,"comment_status":"closed","ping_status":"closed","template":"","meta":[],"folder":[],"_links":{"self":[{"href":"https:\/\/monperejeanmamy.fr\/index.php?rest_route=\/wp\/v2\/pages\/2059"}],"collection":[{"href":"https:\/\/monperejeanmamy.fr\/index.php?rest_route=\/wp\/v2\/pages"}],"about":[{"href":"https:\/\/monperejeanmamy.fr\/index.php?rest_route=\/wp\/v2\/types\/page"}],"author":[{"embeddable":true,"href":"https:\/\/monperejeanmamy.fr\/index.php?rest_route=\/wp\/v2\/users\/2"}],"replies":[{"embeddable":true,"href":"https:\/\/monperejeanmamy.fr\/index.php?rest_route=%2Fwp%2Fv2%2Fcomments&post=2059"}],"version-history":[{"count":3,"href":"https:\/\/monperejeanmamy.fr\/index.php?rest_route=\/wp\/v2\/pages\/2059\/revisions"}],"predecessor-version":[{"id":2066,"href":"https:\/\/monperejeanmamy.fr\/index.php?rest_route=\/wp\/v2\/pages\/2059\/revisions\/2066"}],"wp:featuredmedia":[{"embeddable":true,"href":"https:\/\/monperejeanmamy.fr\/index.php?rest_route=\/wp\/v2\/media\/11"}],"wp:attachment":[{"href":"https:\/\/monperejeanmamy.fr\/index.php?rest_route=%2Fwp%2Fv2%2Fmedia&parent=2059"}],"wp:term":[{"taxonomy":"folder","embeddable":true,"href":"https:\/\/monperejeanmamy.fr\/index.php?rest_route=%2Fwp%2Fv2%2Ffolder&post=2059"}],"curies":[{"name":"wp","href":"https:\/\/api.w.org\/{rel}","templated":true}]}}