{"id":2072,"date":"2021-04-11T17:08:19","date_gmt":"2021-04-11T15:08:19","guid":{"rendered":"http:\/\/monperejeanmamy.fr\/?page_id=2072"},"modified":"2024-01-21T10:38:28","modified_gmt":"2024-01-21T09:38:28","slug":"jr-a-jm-fresnes-46-06-17","status":"publish","type":"page","link":"https:\/\/monperejeanmamy.fr\/?page_id=2072","title":{"rendered":"JM \u00e0 JR (Fresnes 46\/06\/17)"},"content":{"rendered":"<p><strong>\u00a0<\/strong><a href=\"http:\/\/monperejeanmamy.fr\/?page_id=2067\"><img loading=\"lazy\" class=\"wp-image-1352 alignleft\" src=\"http:\/\/monperejeanmamy.fr\/wp-content\/uploads\/2021\/03\/Lettre-precedente.jpg\" alt=\"\" width=\"143\" height=\"78\" \/><\/a><a href=\"http:\/\/monperejeanmamy.fr\/?page_id=2078\"><img loading=\"lazy\" class=\"alignright wp-image-1353\" src=\"http:\/\/monperejeanmamy.fr\/wp-content\/uploads\/2021\/03\/Lettre-suivante.jpg\" alt=\"\" width=\"139\" height=\"76\" \/><\/a><\/p>\n<p style=\"text-align: center;\"><strong>Lundi 17 juin 1946<\/strong><\/p>\n<p style=\"text-align: center;\">Ma petite Jeannette ch\u00e9rie,<\/p>\n<p style=\"text-align: justify;\">Je viens de recevoir ta grande lettre bien affectueuse, bien aimante, bien r\u00e9confortante, m\u2019apportant la nouvelle gracieuse que nous nous verrons jeudi. Bravo pour la visite, \u00e0 condition qu\u2019elle soit suivie de beaucoup d\u2019autres. Je ne sais pas tr\u00e8s bien si nous pourrons nous voir longtemps, ind\u00e9finiment ainsi. Enfin\u00a0! Patientons. Les \u00e9v\u00e8nements tournent si vite. Jusqu\u2019\u00e0 pr\u00e9sent nous avons eu raison d\u2019\u00eatre confiants. Si nous sommes aussi sages, il se peut qu\u2019on nous r\u00e9compense encore. Le ciel est toujours plein de bienfaits pour ceux qui acceptent ses dons. Et c\u2019est quelque fois pour les avoirs n\u00e9glig\u00e9s qu\u2019on attire sur soi des ennuis. Mais ce bougre d\u2019<em>Empyr\u00e9e<\/em> <a href=\"#_ftn1\" name=\"_ftnref1\">[1]<\/a> est si complaisant, si plein d\u2019indulgence que m\u00eame quand on a faut\u00e9 il vous pardonne. Les fils prodigues ont beau jeu.<\/p>\n<p style=\"text-align: justify;\">Tout de m\u00eame on aurait pu choisir un autre jour que le jeudi\u00a0! Tant pis. Enfin\u00a0! Ils ne vont pas devenir press\u00e9, tes amis\u00a0? Hein\u00a0? Moi, je ne suis pas du tout, mais pas du tout press\u00e9. Tout va tr\u00e8s bien. Tout se d\u00e9roule fort harmonieusement. Et les erreurs qui pr\u00e9tendent nous enchainer \u00a0perdent chaque jour un peu de leur virulence. Dans quelque temps, il faut esp\u00e9rer qu\u2019on n\u2019en parlera plus.<\/p>\n<p style=\"text-align: justify;\">J\u2019attends la visite de F. <a href=\"#_ftn2\" name=\"_ftnref2\">[2]<\/a> ou de sa secr\u00e9taire. J\u2019esp\u00e8re qu\u2019ils voudront bien passer pour me tenir au courant, car je ne vois pas tr\u00e8s clair dans cette histoire. De toutes fa\u00e7ons, Mme D. m\u2019a dit que je ne pourrai passer avant octobre au moins. Nous avons donc encore du temps devant nous. Je pense m\u00eame qu\u2019\u00e9tant donn\u00e9 l\u2019\u00e9tat de l\u2019enqu\u00eate, il faudra reculer encore, car tout n\u2019est pas expliqu\u00e9. Et on n\u2019a pas fait tout ce qu\u2019il faut pour \u00e9claircir l\u2019histoire. Je compte pr\u00e9senter une note l\u00e0-dessus.<\/p>\n<p style=\"text-align: justify;\">Tr\u00eave de soucis \u00e0 propos de ces mauvaises histoires qui, j\u2019esp\u00e8re dans peu de temps, seront termin\u00e9es. Je te dirai jeudi tout ce qu\u2019il faut faire. Tu iras voir F. pour cela. Bravo pour la machine \u00e0 \u00e9crire\u00a0! Il faudra travailler beaucoup et tr\u00e8s vite parce que j\u2019ai beaucoup de travail pour toi apr\u00e8s. Est-ce que tu pourras travailler pour moi au milieu de tant d\u2019enfants\u00a0? S\u2019ils sont tous aussi beau que Fr\u00e9d\u00e9ric, combien en veux-tu\u00a0? Douze\u00a0? Quinze\u00a0? J\u2019ai lu derni\u00e8rement la vie romanc\u00e9e d\u2019un personnage de la R\u00e9volution qui avait \u00e9pous\u00e9 la 26<sup>\u00e8me<\/sup> fille d\u2019un quelconque gros paysan des environs. Il n\u2019avait eu que des filles. 26\u00a0! Voudrais-tu 26 gar\u00e7ons\u00a0? C\u2019est ainsi qu\u2019on fait les peuples forts et les familles riches. Seulement il faudra un autre r\u00e9gime pour les faire vivre, car je ne vois gu\u00e8re, avec les appointements actuels, comment donner la becqu\u00e9e \u00e0 tous ces moineaux, \u00e0 moins de se faire agriculteur et d\u2019avoir \u00e0 c\u00f4t\u00e9 de soi une vingtaine de solides gaillards pour d\u00e9foncer le sol et semer la pitance.<\/p>\n<p style=\"text-align: justify;\">Nous trouverons le moyen de te donner satisfaction et puisque tu n\u2019aimes pas les peignes, ni les rubans, nous te les enl\u00e8verons comme promis. Voil\u00e0 pour l\u2019avenir.<\/p>\n<p style=\"text-align: justify;\">Il contient bien d\u2019autres choses cet avenir. Je crois malgr\u00e9 tout qu\u2019il nous faudra avant tant de douceurs franchir un certain cap bien battu pas les vents, et l\u00e0, nous pouvons avoir des \u00e9motions. Elles ne sont pas pour demain, mais pour dans quelques mois. Il faudra bagarrer dur. Et c\u2019est l\u00e0 o\u00f9 on reconna\u00eetra la force de caract\u00e8re de Jeannette, car il ne faudra pas qu\u2019elle doute un seul instant, quelles que soient les apparences. Mais, avant de se livrer \u00e0 d\u2019aussi sages suppositions, on peut \u00e9galement supputer que le vent tournera tr\u00e8s vite et ne nous jettera pas sur les r\u00e9cifs. Tout est possible. Donc, faisons confiance \u00e0 Celui qui nous prot\u00e8ge toujours quand nous nous mettons avec ob\u00e9issance dans sa main puissante. Il n\u2019y a pas de haine qui puisse pr\u00e9valoir contre les bons sentiments loyaux dont nous sommes anim\u00e9s. Il est vrai qu\u2019on ne touche pas toujours son salaire en ce monde. Il y a des moments o\u00f9 il faut faire le sacrifice de beaucoup d\u2019esp\u00e9rances humaines. Nous verrons.<\/p>\n<p style=\"text-align: justify;\">Mais une fois ce cap franchi, il y aura l\u2019apaisement, la renaissance, le retour \u00e0 la vie. En faudra-t-il encore de la patience\u00a0! Ce ne sera peut-\u00eatre pas trop long. Qui sait\u00a0? Que se passera-t-il dans le monde avant cela\u00a0? Quelle \u00e9poque\u00a0! Bon Dieu\u00a0! Dire que nous avons tous cru au paradis terrestre, au petit pays tranquille o\u00f9 les gens gagnaient de l\u2019argent en travaillant, s\u2019aimaient les uns les autres, un pays sans voleur, donc sans gendarmes, sans ennemis, donc sans collaboration, ni \u00e9puration, o\u00f9 les patrons et les ouvriers s\u2019entendent, o\u00f9 les bourgeois ne sont pas les bourreaux des prol\u00e9taires et vice-versa, et o\u00f9 on ne se dispute pas \u00e0 tout propos, pour des questions de religion ou de philosophie. C\u2019est donc si difficile pour les hommes d\u2019avoir la paix en eux, et de l\u2019exprimer si puissamment qu\u2019elle rayonne partout autour d\u2019eux\u00a0? La chose la plus \u00e9tonnante, en ce monde, c\u2019est l\u2019ordre\u00a0! On ne le con\u00e7oit plus que maintenu par une force, par une terreur intense. Alors qu\u2019il devrait jaillir spontan\u00e9ment des esprits.<\/p>\n<p style=\"text-align: justify;\">J\u2019\u00e9cris tout cela en regardant pousser mes \u0153illets et me b\u00e9gonias. Quelle merveilleuse chose que la nature qui sait si harmonieusement diffuser et faire rayonner toutes ces cellules selon des modes myst\u00e9rieusement sym\u00e9triques. Et pourquoi faut-il qu\u2019\u00e0 c\u00f4t\u00e9 de tant d\u2019ordre extraordinaire, de la multiplicit\u00e9 prolif\u00e9rative v\u00e9g\u00e9tale, animale et autre, il y ait tant de d\u00e9sordre dans le cerveau humain en r\u00e9volte contre la hi\u00e9rarchie des choses, des esp\u00e8ces, des classes, des rythmes et des proportions\u00a0? Les anciens avaient d\u00e9couvert mieux que nous la loi de sagesse qui pr\u00e9side \u00e0 l\u2019\u00e9laboration de tout grand \u0153uvre. Ceux qui ont construit le Parth\u00e9non n\u2019auraient jamais commis la faute de laisser libres tant de forces anarchiques. Plus on est civilis\u00e9, plus il faut de discipline.<\/p>\n<p style=\"text-align: justify;\">Je reviens des colis. Seul celui de linge m\u2019a \u00e9t\u00e9 donn\u00e9 aujourd\u2019hui. L\u2019autre ne me sera distribu\u00e9 que demain matin. Pourquoi\u00a0? Manipulation\u00a0? V\u00e9rification\u00a0? Patience\u00a0!<\/p>\n<p style=\"text-align: justify;\">Le colis de linge est bien. Dis \u00e0 ma m\u00e8re de continuer r\u00e9guli\u00e8rement a\/ le m\u00e9ta b\/ l\u2019encaustique. Merci pour le slip. Parfait. Je lui rendrai mon vieux veston l\u2019autre jeudi. Qu\u2019elle le fasse nettoyer. La marguerite que tu m\u2019as envoy\u00e9e dans la lettre pend sur ta photo au mur. J\u2019attends les autres promises. La s\u00e9rie de 12.<\/p>\n<p style=\"text-align: justify;\">Pour Coston. J\u2019ignore dans quelles circonstances il a \u00e9t\u00e9 arr\u00eat\u00e9. Et comment il se fait qu\u2019on l\u2019ait trouv\u00e9 en Italie, alors qu\u2019on le pr\u00e9tendait \u00e0 Paris. Mais je demanderai forc\u00e9ment son t\u00e9moignage pour pr\u00e9ciser quelques points importants. Il y a un autre t\u00e9moignage capital que j\u2019attends. C\u2019est celui de H. qui ne t\u2019a pas r\u00e9pondu, mais que je vais faire convoquer. Tout cela travaille dans ma t\u00eate depuis tout \u00e0 l\u2019heure. Je n\u2019aime pas du tout ne pas savoir exactement ce qui se passe. Le parquet aurait-il r\u00e9clam\u00e9 le dossier ? Je ne vois pas pourquoi.<\/p>\n<p style=\"text-align: justify;\">Je relis ta lettre et j\u2019y trouve des raisons de te faire de multiples reproches.<\/p>\n<ol>\n<li style=\"text-align: justify;\">je ne griffonne pas mes lettres en derni\u00e8re minute. Au contraire. Je passe tout un apr\u00e8s-midi \u00e0 t\u2019\u00e9crire consciencieusement des choses spontan\u00e9es qui, pour venir tumultueusement n\u2019en sont pas moins vraies et profondes. Je ne n\u00e9glige pas les mots, ni les sentiments, ni les nuances, ni les arri\u00e8re-pens\u00e9es, ni les souvenirs, ni les d\u00e9sirs, ni les recommandations de sagesse, ni quoi qu\u2019il faille pour que tu aies la conviction, la r\u00e9v\u00e9lation nette, d\u2019une r\u00e9alit\u00e9 affectueuse, aimante, passionn\u00e9e, gentille, durable, sinc\u00e8re, b\u00e2tie sur l\u2019exp\u00e9rience et sur le sentiment, construite \u00e0 chaux et sable et capable de r\u00e9sister \u00e0 tous les assauts violents de la vie (et l\u2019on sait qu\u2019il s\u2019en pr\u00e9sente. Les tentations sont comme des personnages de foire. Il faut tirer dessus \u00e0 balles redoubl\u00e9es). Or je n\u2019ai pas d\u2019autres tentations que de te faire toucher du doigt le bonheur qu\u2019on tient bien souvent dans la main sans s\u2019en douter.<\/li>\n<li style=\"text-align: justify;\">N\u00e9ant. Plus de reproches. Je suis bien trop content de t\u2019\u00e9crire et de recevoir des tas de jolie choses cach\u00e9es sous les mots, ficel\u00e9es comme des \u0153ufs de P\u00e2ques, pour me plaindre que les murs sont trop lourds, la distance entre nous trop grande et tes lettres \u00e9crites trop large. Ce qu\u2019elles n\u2019ont pas en quantit\u00e9, elles l\u2019ont en qualit\u00e9, avec la fra\u00eecheur qui fait les yeux ronds, les bouches enfantines et le c\u0153ur battant. Je t\u2019embrasse donc comme tu es, toute menue, toute aimante, toute pleine de tendresse pures, toute joyeuse d\u2019ouvrir les bras \u00e0 la vie, toute forte et courageuse pendant les jours d\u2019orage, et d\u00e9cid\u00e9e \u00e0 vaincre et gagner les temps de paix. On t\u2019embrasse donc ainsi et mieux encore.<\/li>\n<\/ol>\n<p style=\"text-align: justify;\">J.<\/p>\n<p style=\"text-align: justify;\"><a href=\"#_ftnref1\" name=\"_ftn1\">[1]<\/a> Empyr\u00e9e\u00a0: nom masculin. Selon les notions de l&rsquo;antiquit\u00e9, la plus \u00e9lev\u00e9e des quatre sph\u00e8res c\u00e9lestes, celle qui contenait les feux \u00e9ternels, c&rsquo;est-\u00e0-dire les astres. Le s\u00e9jour des bienheureux. Au figur\u00e9\u00a0: \u00eatre dans l&#8217;empyr\u00e9e, \u00eatre dans un lieu de d\u00e9lices. Dans un sens ironique. \u00catre toujours dans l&#8217;empyr\u00e9e, \u00eatre dans les nuages, ne savoir ce que l&rsquo;on dit, \u00e0 force de chercher le sublime. <em>Empyr\u00e9e<\/em> est \u00e9galement le titre d\u2019un des ouvrages de Jean Mamy (note de FGR).<br \/>\n<a href=\"#_ftnref2\" name=\"_ftn2\">[2]<\/a> Il s\u2019agit bien \u00e9videmment de Ren\u00e9 Floriot, son avocat, ma\u00eetre du barreau de Paris, <span class=\"need_ref\" title=\"Ce passage n\u00e9cessite une r\u00e9f\u00e9rence (demand\u00e9 le juin 2013).\">renomm\u00e9 pour sa ma\u00eetrise des dossiers mais pour \u00eatre aussi <\/span><span class=\"need_ref\" title=\"Ce passage n\u00e9cessite une r\u00e9f\u00e9rence (demand\u00e9 le juin 2013).\">le plus cher des avocats de son \u00e9poque.<\/span> (note de FGR).<\/p>\n<p>&nbsp;<\/p>\n<p>&nbsp;<\/p>\n","protected":false},"excerpt":{"rendered":"<p>\u00a0 Lundi 17 juin 1946 Ma petite Jeannette ch\u00e9rie, Je viens de recevoir ta grande lettre bien affectueuse, bien aimante, bien r\u00e9confortante, m\u2019apportant la nouvelle gracieuse que nous nous verrons jeudi. Bravo pour la visite, \u00e0 condition qu\u2019elle soit suivie &hellip; <a href=\"https:\/\/monperejeanmamy.fr\/?page_id=2072\">Continuer la lecture <span class=\"meta-nav\">&rarr;<\/span><\/a><\/p>\n","protected":false},"author":2,"featured_media":11,"parent":0,"menu_order":0,"comment_status":"closed","ping_status":"closed","template":"","meta":[],"folder":[],"_links":{"self":[{"href":"https:\/\/monperejeanmamy.fr\/index.php?rest_route=\/wp\/v2\/pages\/2072"}],"collection":[{"href":"https:\/\/monperejeanmamy.fr\/index.php?rest_route=\/wp\/v2\/pages"}],"about":[{"href":"https:\/\/monperejeanmamy.fr\/index.php?rest_route=\/wp\/v2\/types\/page"}],"author":[{"embeddable":true,"href":"https:\/\/monperejeanmamy.fr\/index.php?rest_route=\/wp\/v2\/users\/2"}],"replies":[{"embeddable":true,"href":"https:\/\/monperejeanmamy.fr\/index.php?rest_route=%2Fwp%2Fv2%2Fcomments&post=2072"}],"version-history":[{"count":5,"href":"https:\/\/monperejeanmamy.fr\/index.php?rest_route=\/wp\/v2\/pages\/2072\/revisions"}],"predecessor-version":[{"id":3220,"href":"https:\/\/monperejeanmamy.fr\/index.php?rest_route=\/wp\/v2\/pages\/2072\/revisions\/3220"}],"wp:featuredmedia":[{"embeddable":true,"href":"https:\/\/monperejeanmamy.fr\/index.php?rest_route=\/wp\/v2\/media\/11"}],"wp:attachment":[{"href":"https:\/\/monperejeanmamy.fr\/index.php?rest_route=%2Fwp%2Fv2%2Fmedia&parent=2072"}],"wp:term":[{"taxonomy":"folder","embeddable":true,"href":"https:\/\/monperejeanmamy.fr\/index.php?rest_route=%2Fwp%2Fv2%2Ffolder&post=2072"}],"curies":[{"name":"wp","href":"https:\/\/api.w.org\/{rel}","templated":true}]}}