{"id":2078,"date":"2021-04-11T17:27:40","date_gmt":"2021-04-11T15:27:40","guid":{"rendered":"http:\/\/monperejeanmamy.fr\/?page_id=2078"},"modified":"2021-04-12T09:33:24","modified_gmt":"2021-04-12T07:33:24","slug":"jm-a-jt-fresnes-46-06-24","status":"publish","type":"page","link":"https:\/\/monperejeanmamy.fr\/?page_id=2078","title":{"rendered":"JM \u00e0 JR (Fresnes 46\/06\/24)"},"content":{"rendered":"<p><strong>\u00a0<\/strong><a href=\"http:\/\/monperejeanmamy.fr\/?page_id=2072\"><img loading=\"lazy\" class=\"wp-image-1352 alignleft\" src=\"http:\/\/monperejeanmamy.fr\/wp-content\/uploads\/2021\/03\/Lettre-precedente.jpg\" alt=\"\" width=\"143\" height=\"78\" \/><\/a><a href=\"http:\/\/monperejeanmamy.fr\/?page_id=2086\"><img loading=\"lazy\" class=\"alignright wp-image-1353\" src=\"http:\/\/monperejeanmamy.fr\/wp-content\/uploads\/2021\/03\/Lettre-suivante.jpg\" alt=\"\" width=\"139\" height=\"76\" \/><\/a><\/p>\n<p style=\"text-align: center;\"><strong>Lundi 24 juin 1946<\/strong><\/p>\n<p style=\"text-align: center;\">Ma ch\u00e9rie,<\/p>\n<p style=\"text-align: justify;\">C\u2019est aujourd\u2019hui <u>ma<\/u> f\u00eate. C\u2019est pourquoi j\u2019ai <u>ma<\/u> lettre. Et j\u2019aurai tout \u00e0 l\u2019heure <u>mes<\/u> fleurs. Grande f\u00eate. Le temps s\u2019arrange nonobstant les brumes et pluies du matin. Le caract\u00e8re s\u2019arrange nonobstant les col\u00e8res et crises d\u2019hier. La situation s\u2019arrange. Tout s\u2019arrange. Tout finira pas des chansons. Nous irons les chanter \u00e0 Hawa\u00ef sur les guitares et sous les bananiers, ou \u00e0 Bali dans l\u2019\u00eele des temples, ou \u00e0 l\u2019\u00eele de P\u00e2ques sous les rochers sculpt\u00e9s, ou \u00e0 la Terre de Feu, ou dans le Hoggar sous la tente, pr\u00e8s des immenses troupeaux de buffles ou sur un des sommets les moins connus, les plus recul\u00e9s de l\u2019Himalaya. Il me faudra un rude traitement, une volont\u00e9 particuli\u00e8rement perspicace, audacieuse, disciplin\u00e9e pour ne point devenir misanthrope. Et tu es peut-\u00eatre la seule personne au monde qui m\u2019ait emp\u00each\u00e9 d\u2019\u00eatre misogyne (contente-toi de cette appr\u00e9ciation immense. Elle contient un monde d\u2019aveux et de r\u00e9v\u00e9lations intimes. Fichtre. Faut-il que j\u2019ai confiance en toi pour m\u2019avancer sur un terrain aussi mouvant. Du reste, ce n\u2019est pas ta faute, ce sont tes yeux violets).<\/p>\n<p style=\"text-align: justify;\">Je te d\u00e9fends de t\u2019ennuyer. Je t\u2019interdis d\u2019\u00eatre malheureuse. Qu\u2019est-ce que ces sentiments d\u00e9cadents. Pas de romantisme. Sentimentalit\u00e9 sans raison. Irrespect de la discipline. Esprit peu spartiate. Apprends, petite madame, que les femmes des po\u00e8tes militants ne souffrent jamais. Le sourire, la patience, les plus hautes vertus, l\u2019esprit de combat, la fleur au fusil sont leur lot. Nous n\u2019avons point besoin de ces petites personnes qui r\u00eavent \u00e0 des tendresses trop charmantes pour ne pas amollir le guerrier. Il nous faut des ch\u00e2telaines d\u00e9vou\u00e9es qui sachent relacer un heaume d\u00e8s qu\u2019il le faut et qui sont les premi\u00e8res \u00e0 ordonner aux gens d\u2019armes de rev\u00eatir leurs casaques et leurs boucliers. \u00c0 cheval\u00a0! Messieurs. Dieu vous garde\u00a0! Sus aux Sarrazins\u00a0!<\/p>\n<p style=\"text-align: justify;\">Pour l\u2019instant le Sarrazin a le nez un peu \u00e9pat\u00e9, les yeux quasi brid\u00e9s, le temp\u00e9rament f\u00e9lin du tigre, l\u2019app\u00e9tit des grands fauves. Un de ces jours nous allons voir recommencer une de ces riflettes <a href=\"#_ftn1\" name=\"_ftnref1\">[1]<\/a> qui comptera double dans l\u2019histoire, d\u00e9j\u00e0 si rassasi\u00e9e de guerres, de l\u2019humanit\u00e9 folle. T\u00e2che de te renseigner quelque part, o\u00f9 l\u2019on pourrait trouver un coin o\u00f9 les hommes s\u2019entendent. Le Babel d\u2019aujourd\u2019hui me semble un peu f\u00e9roce. On se demande pourquoi on apprend les langues aux enfants. Il vaudrait mieux les laisser aboyer.<\/p>\n<p style=\"text-align: justify;\">J\u2019ai assist\u00e9 de la fen\u00eatre de mon car \u00e0 la manifestation de l\u2019autre soir. C\u2019est du joli. Le cheptel manifestant a baiss\u00e9 depuis 36. Ce ne sont plus maintenant que p\u00e2les petites lopes amaigris et p\u00e9trolasses s\u00e9ch\u00e9es. Autrefois il se m\u00ealait encore \u00e0 ces cort\u00e8ges furieux, des ouvriers, des intellectuels (dont nous f\u00fbmes), des fonctionnaires. Aujourd\u2019hui la lie d\u00e9file seule. C\u2019est vraiment le torrent de boue rouge. \u00c0 crier contre le ciel, ils vont attirer la foudre.<\/p>\n<p style=\"text-align: justify;\">Mon affaire a march\u00e9 le mieux possible. Je t\u2019en parlerai jeudi. Peut-\u00eatre pourras-tu faire quelque chose d\u2019urgent. Je pense que nous gagnons maintenant l\u2019\u00e9poque plus s\u00fbre o\u00f9 tous ces machins-l\u00e0 vont se terminer. Mais je persiste \u00e0 regarder ailleurs. Les \u00e9v\u00e8nements internationaux sont si graves qu\u2019il ne semble pas qu\u2019on puisse \u00e9chapper au choc. Auquel cas, il faudra aviser. Pour nous, il y a longtemps que nous sommes sauv\u00e9s d\u2019avance. Nos adversaires ont oubli\u00e9 qu\u2019il y a un dieu pour les honn\u00eates gens.<\/p>\n<p style=\"text-align: justify;\">Parlons d\u2019autre chose. Mes fleurs poussent. Mes b\u00e9gonias \u00e9talent de larges feuilles. D\u00e9j\u00e0 la fleur perce, toute rouge dissimul\u00e9e sous un parapluie vert. Mes \u0153illets ont quelques centim\u00e8tres. Les p\u00e9tunias reprennent. Les gueules de loup sont splendides. Les pens\u00e9es d\u2019il y a un mois tiennent toujours et fleurissent continuellement. Les roses de la semaine derni\u00e8re ont dur\u00e9 jusqu\u2019\u00e0 aujourd\u2019hui. Je vais dans peu de jours proc\u00e9der \u00e0 de savants repiquages. La mont\u00e9e des \u0153illets m\u2019a ouvert des horizons \u00e9normes. Il y a de prodigieux myst\u00e8res dans le d\u00e9doublement des tiges et le d\u00e9coupage des feuilles. Pourquoi les premi\u00e8res n\u00e9es sont-elles rondes, les deuxi\u00e8mes \u00e0 sept dents de scie, et les autres ? Tout ceci contenu dans un grain qui semble un mauvais f\u00e9tu de rebut. Aurais-tu cru aussi que tant de cheveux blonds, de cris d\u2019enfants, de mouvements joyeux pourraient sortir d\u2019une nuit de tendresse ? Pour une fois que j\u2019ai \u00e9t\u00e9 plus particuli\u00e8rement gentil avec toi, il en est r\u00e9sult\u00e9 des cons\u00e9quences inimaginables. La vie a de ces prodigieux d\u00e9veloppements, de ces floraisons bienheureuses. Il pousse des fleurs sur les rebords de fen\u00eatres comme des enfants dans les quartiers avoisinant la Gare de Lyon. Esp\u00e9rons que nous pourrons cultiver longtemps nos jardins et nos familles.<\/p>\n<p style=\"text-align: justify;\">J\u2019esp\u00e8re que tu travailles avec acharnement au <em>B. d\u2019Or<\/em>. De mon c\u00f4t\u00e9, j\u2019ai presque termin\u00e9 une sorte de po\u00e8me philosophique en prose fort populaire. Tr\u00e8s m\u00eal\u00e9 d\u2019argot qui, para\u00eet-il, est assez hilarant. De quoi me faire enfermer trois fois. Encore une irresponsabilit\u00e9 ! Cela commence par un aper\u00e7u humoristique des milieux litt\u00e9raires de la Rive Gauche et se termine par un d\u00e9veloppement burlesque de l\u2019Apocalypse. Certaines gens ont bien voulu me dire que ce genre et cette forme leur plaisaient. Ils sont bien bons.<\/p>\n<p style=\"text-align: justify;\">Aussi, ce travail termin\u00e9, dans quelques jours, j\u2019entreprendrai un long travail po\u00e9tique en alexandrins fort classiques intitul\u00e9 \u00ab <em>le Christ en croix\u00a0<\/em>\u00bb o\u00f9 j\u2019essayerai de transcrire le mieux possible les affres de la pens\u00e9e chr\u00e9tienne commencement de la transcendance et r\u00e9conciliation avec le divin qui surgit par del\u00e0 les tombeaux. Gros, \u00e9norme rejet. Nous sommes en pleine actualit\u00e9. Il faut vivre notre temps.<\/p>\n<p style=\"text-align: justify;\">Ne t\u2019agite pas dans la poche gauche. \u00c9coute ce que je te dis. Quelle impatience ces petites filles qui veulent tout savoir, et qui voudraient arranger le ciel avec leurs mains. Plus on reste tranquille, plus les choses arrivent vite. Ne t\u2019inqui\u00e8te pas. Je sens que nous avons pris le bon chemin. Il y a des indices qui ne trompent pas.<\/p>\n<p style=\"text-align: justify;\">Je viens de recevoir le colis. Merci. Merci. Merci. Merci. Merci. Merci. Merci. Un pour chaque jour de la semaine. Un pour chaque paquet. Un pour chaque attention. Un pour chaque \u0153illet (ils sont splendides, d\u2019une beaut\u00e9 touffue, profonde, vivace, riche d\u2019\u00e9motions, pleins d\u2019arri\u00e8re-pens\u00e9es, amoureux, r\u00e9ticents, avec des demi-teintes, des variantes, discrets, complets, \u00e9blouissants de contenu. Je n\u2019en finirai plus. Ils y a des gens qui d\u00e9testent les adjectifs, ne connaissent rien \u00e0 la vie. Le pointillisme litt\u00e9raire exige de multiples touches. On ne saurait d\u00e9finir d\u2019un seul mot un objet aussi compliqu\u00e9, aussi simple et tendre, aussi brutalement beau, rappelant la Mer de glace, \u00e9voquant des nuages, des minutes heureuses, de gros chagrins \u00e9vanouis, s\u2019imposant par leur pr\u00e9sence, leur autorit\u00e9\u00a0!) Tout est parfait dans ce colis. Mais oui je veux du riz. Mon r\u00eave\u00a0! Le plus grand bonheur de la vie. Et du chinois. Nous sommes tous chinois. Une natte, une poign\u00e9e de riz, un temple, des m\u00e9thodes de sagesse, un nombre d\u2019or, une gamme \u00e0 cinq notes, une flute en bambou, un empereur, des enfants dont seuls les m\u00e2les comptent, les femelles \u00e9tant le rebut (pour cela nous diff\u00e9rons, les chinois n\u2019ont pas de poche gauche).<\/p>\n<p style=\"text-align: justify;\">Le temps est tout \u00e0 fait remis au beau. Je viens de rencontrer un ministre dans le couloir. Il dit des b\u00eatises comme tous les ministres. N\u2019emp\u00eache que la situation a l\u2019air diablement tendue. L\u2019\u00e9t\u00e9 se passera-t-il sans que nous ayons \u00e0 regarder autre chose que des fleurs\u00a0? Rouges\u00a0?<\/p>\n<p style=\"text-align: justify;\">J\u2019ai un moral qui ressemble \u00e0 un tremplin. Plus on saute dessus, plus on rebondit. Et je crois \u00e0 la vie que c\u2019en est une joie de la savoir. On arrivera bien \u00e0 souffler si fort que les nuages partiront. Il faut laisser faire Dieu le p\u00e8re. Il se charge de r\u00e9tablir son ordre en un tournemain.<\/p>\n<p style=\"text-align: justify;\">Je t\u2019embrasse comme une petite f\u00e9e. Avec respect, avec \u00e9motion, avec d\u00e9licatesse, avec pudeur, avec confiance, exag\u00e9r\u00e9ment. Merci pour tes b\u00e9n\u00e9dictions. Veuille bien recevoir mes offrandes. Gros, gros, gros, gros, baisers.<\/p>\n<p>J.<\/p>\n<p>Des enveloppes SVP\u00a0!<br \/>\nPS\u00a0: J\u2019ai\u00a0 la lettre pour te dire que la cravate est tr\u00e8s jolie. Merci 3 fois.<\/p>\n<p><a href=\"#_ftnref1\" name=\"_ftn1\">[1]<\/a>\u00a0 Riflette : guerre (note de FGR).<\/p>\n","protected":false},"excerpt":{"rendered":"<p>\u00a0 Lundi 24 juin 1946 Ma ch\u00e9rie, C\u2019est aujourd\u2019hui ma f\u00eate. C\u2019est pourquoi j\u2019ai ma lettre. Et j\u2019aurai tout \u00e0 l\u2019heure mes fleurs. Grande f\u00eate. Le temps s\u2019arrange nonobstant les brumes et pluies du matin. Le caract\u00e8re s\u2019arrange nonobstant les &hellip; <a href=\"https:\/\/monperejeanmamy.fr\/?page_id=2078\">Continuer la lecture <span class=\"meta-nav\">&rarr;<\/span><\/a><\/p>\n","protected":false},"author":2,"featured_media":11,"parent":0,"menu_order":0,"comment_status":"closed","ping_status":"closed","template":"","meta":[],"folder":[],"_links":{"self":[{"href":"https:\/\/monperejeanmamy.fr\/index.php?rest_route=\/wp\/v2\/pages\/2078"}],"collection":[{"href":"https:\/\/monperejeanmamy.fr\/index.php?rest_route=\/wp\/v2\/pages"}],"about":[{"href":"https:\/\/monperejeanmamy.fr\/index.php?rest_route=\/wp\/v2\/types\/page"}],"author":[{"embeddable":true,"href":"https:\/\/monperejeanmamy.fr\/index.php?rest_route=\/wp\/v2\/users\/2"}],"replies":[{"embeddable":true,"href":"https:\/\/monperejeanmamy.fr\/index.php?rest_route=%2Fwp%2Fv2%2Fcomments&post=2078"}],"version-history":[{"count":4,"href":"https:\/\/monperejeanmamy.fr\/index.php?rest_route=\/wp\/v2\/pages\/2078\/revisions"}],"predecessor-version":[{"id":2090,"href":"https:\/\/monperejeanmamy.fr\/index.php?rest_route=\/wp\/v2\/pages\/2078\/revisions\/2090"}],"wp:featuredmedia":[{"embeddable":true,"href":"https:\/\/monperejeanmamy.fr\/index.php?rest_route=\/wp\/v2\/media\/11"}],"wp:attachment":[{"href":"https:\/\/monperejeanmamy.fr\/index.php?rest_route=%2Fwp%2Fv2%2Fmedia&parent=2078"}],"wp:term":[{"taxonomy":"folder","embeddable":true,"href":"https:\/\/monperejeanmamy.fr\/index.php?rest_route=%2Fwp%2Fv2%2Ffolder&post=2078"}],"curies":[{"name":"wp","href":"https:\/\/api.w.org\/{rel}","templated":true}]}}