{"id":2086,"date":"2021-04-12T09:16:29","date_gmt":"2021-04-12T07:16:29","guid":{"rendered":"http:\/\/monperejeanmamy.fr\/?page_id=2086"},"modified":"2021-04-13T14:05:06","modified_gmt":"2021-04-13T12:05:06","slug":"jm-a-jr-fresnes-46-07-01","status":"publish","type":"page","link":"https:\/\/monperejeanmamy.fr\/?page_id=2086","title":{"rendered":"JM \u00e0 JR (Fresnes 46\/07\/01)"},"content":{"rendered":"<p><strong>\u00a0<\/strong><a href=\"http:\/\/monperejeanmamy.fr\/?page_id=2078\"><img loading=\"lazy\" class=\"wp-image-1352 alignleft\" src=\"http:\/\/monperejeanmamy.fr\/wp-content\/uploads\/2021\/03\/Lettre-precedente.jpg\" alt=\"\" width=\"143\" height=\"78\" \/><\/a><a href=\"http:\/\/monperejeanmamy.fr\/?page_id=2091\"><img loading=\"lazy\" class=\"alignright wp-image-1353\" src=\"http:\/\/monperejeanmamy.fr\/wp-content\/uploads\/2021\/03\/Lettre-suivante.jpg\" alt=\"\" width=\"139\" height=\"76\" \/><\/a><\/p>\n<p style=\"text-align: center;\"><strong>Lundi 1<sup>er<\/sup> juillet 1946<\/strong><\/p>\n<p style=\"text-align: center;\">Ma ch\u00e9rie,<\/p>\n<p style=\"text-align: justify;\">Faut-il qu\u2019on t\u2019aime pour interrompre ainsi un long po\u00e8me qui s\u2019imposait de toute urgence, et dans quoi je suis depuis trois jours. Faut-il que l\u2019attrait des photos soit puissant\u00a0? (tr\u00e8s jolie la petite derni\u00e8re de profil avec le nez bien d\u00e9coup\u00e9, la bouche petite et serr\u00e9e, le menton terriblement volontaire. Je ne l\u2019avais jamais remarqu\u00e9 autant. Quelle volont\u00e9 opini\u00e2tre\u00a0! Je commence \u00e0 trembler\u00a0!) On a l\u2019aire d\u2019une Ste Nitouche et au fond, on est peut-\u00eatre en secret la femme la plus imp\u00e9rative et la plus d\u00e9cid\u00e9e. Tant mieux, petit \u0153il rond, douce lueur de soleil dans la pupille marron-noisette\u00a0! Tes yeux \u00e9taient noisette samedi. Je t\u2019ai bien regard\u00e9e. Il y a une infinit\u00e9 de d\u00e9tails qui m\u2019ont frapp\u00e9. C\u2019est tr\u00e8s bien comme \u00e7a.<\/p>\n<p style=\"text-align: justify;\">Donc ce po\u00e8me me tient au c\u0153ur tellement que je ne saurai finir la semaine sans l\u2019avoir accompli. Mais un autre po\u00e8me s\u2019impose, celui de cette lettre hebdomadaire, o\u00f9 l\u2019on d\u00e9verse pour huit jours tout ce que peut contenir un c\u0153ur plein de mille bouquets. Car l\u2019amour est comme les fleurs, celui d\u2019hier ne vaut pas celui d\u2019aujourd\u2019hui et il ne faut pas ouvrir avec les doigts celui de demain.<\/p>\n<p style=\"text-align: justify;\">Tu sais que tu es particuli\u00e8rement m\u00e9chante d\u2019avoir n\u00e9glig\u00e9 de me donner plus t\u00f4t cette photo charmante. Quand on aime les gens on ne garde pas ses images dans son portefeuille, non plus que ses mots dans sa bouche. Le don de soi implique le don des souvenirs de soi, et si l\u2019on doute qu\u2019on fasse plaisir, il y a [retrance]<a href=\"#_ftn1\" name=\"_ftnref1\">[1]<\/a> \u2013 p\u00e9ch\u00e9 mortel en amour. Pour cette fois, madame, vous serez pardonn\u00e9e. Mais n\u2019y revenez plus. J\u2019exige avoir <u>toutes<\/u> les photos qu\u2019on fera de vous, les mauvaises comme les bonnes, et non point seulement une ou deux par-ci, par-l\u00e0, au choix de mamzelle Jeannette qui, timide, refuse de montrer son bout de nez. Il me plait ce d\u00e9licieux objet et je prends plaisir \u00e0 le contempler aussi bien de face que de profil. Veuillez donc r\u00e9duire, en ce qui concerne ce point, votre volont\u00e9 \u00e0 z\u00e9ro et accepter mon caprice comme un hommage des plus imp\u00e9rieux et d\u00e9licats.<\/p>\n<p style=\"text-align: justify;\">J\u2019\u00e9tais bien content de te voir samedi. Tu as vu que la s\u00e9ance s\u2019est heureusement termin\u00e9e. Je pense que nous aurons satisfaction. Et j\u2019esp\u00e8re que d\u2019ici l\u00e0 (c\u2019est \u00e0 dire d\u2019ici No\u00ebl) tout sera chang\u00e9. Il y a des plaisanteries qu\u2019on ne peut prolonger ind\u00e9finiment \u2013 des exp\u00e9riences soi-disant m\u00e9dicales, non plus. Il s\u2019agit de la vie d\u2019un peuple, \u00e0 qui, pour le gu\u00e9rir, certains carabins conseillent de se couper la t\u00eate. Le pire est que le peuple \u00e9coute en se demandant si les dits farceurs n\u2019ont pas raison. Plus la science mat\u00e9rielle progresse, plus il y a de badauds. On n\u2019aura jamais vu de pareils cr\u00e9tins. Le premier acte d\u2019intelligence consiste \u00e0 savoir discerner entre un mensonge et une v\u00e9rit\u00e9. Mais ceux qui n\u2019acceptent que les mensonges sont de bien pauvres bougres.<\/p>\n<p style=\"text-align: justify;\">Le temps est superbe. Il fait une chaleur du diable. Mes \u0153illets vont fleurir. Je les ai repiqu\u00e9s hier. Ils ont l\u2019air de bien se porter. Mes b\u00e9gonias sont splendides. Les gueules de loup refleurissent. Les pens\u00e9es aussi. Les p\u00e9tunias ont l\u2019air de reprendre. Tout cela pousse si paisiblement au dessus du bruit des cha\u00eenes des condamn\u00e9s \u00e0 mort. Parmi eux un de mes bons camarades avec qui je viens de bavarder deux minutes. Pour ne rien dire. \u00ab\u00a0<em>Tout va bien<\/em>\u00a0\u00bb, \u00ab\u00a0<em>il fait beau<\/em>\u00a0\u00bb, \u00ab\u00a0<em>bon courage\u00a0<\/em>\u00bb. Propos de voyageurs press\u00e9s. Comme si on rencontrait une vieille connaissance dans un couloir de train. \u00ab\u00a0<em>Vous allez \u00e0 X\u2026\u00a0? Moi je vais \u00e0 Z\u2026 Bonjour, Bonsoir\u2026\u00a0<\/em>\u00bb. Au fond, tout cela est banal. Pas plus d\u2019int\u00e9r\u00eat qu\u2019une conversation dans le m\u00e9tro. On attache beaucoup trop d\u2019int\u00e9r\u00eat \u00e0 des nuances tragiques. Comme si la vie \u00e9tait tragique ou comique. Elle est ce qu\u2019elle est, avec des variantes. Ainsi, pour toi, elle est modestie d\u2019amour, de mieux \u00eatre, de satisfaction amoureuse, d\u2019attente, de patience. Il y a des printemps qui demandent \u00e0 \u00eatre v\u00e9cus \u00e0 petits pas, des \u00e9t\u00e9s trop lents. Qui sait si un jour tu ne trouveras pas superflu le temps o\u00f9 tu me confectionnais des petits paquets pour [illisible] <a href=\"#_ftn2\" name=\"_ftnref2\">[2]<\/a>. Et pourtant, rien n\u2019est jamais perdu. Il y a quelque part, tr\u00e8s pr\u00e8s de nous, plus pr\u00e8s que nous le croyons, un paradis, une perfection que nous pouvons vivre et qui est la seule qui nous donne notre pleine coupe de joie. N\u2019y manquons point. Tous les petits soucis, les petits d\u00e9sirs comptent si peu \u00e0 c\u00f4t\u00e9 de ces grandes b\u00e9n\u00e9dictions quotidiennes qui sont les petites vertus, docilement, patiemment exprim\u00e9es. Voil\u00e0 que je me lance dans des discours m\u00e9taphysiques et moraux \u2013 ennuyeux \u2013 \u00e0 moins que tu y \u00e9prouves du plaisir. Qui sait. \u00d4 prude personne\u00a0! Cachoti\u00e8re. On ne dirait pas qu\u2019avec des yeux si brillants elle ait tant le gout des textes abstraits.<\/p>\n<p style=\"text-align: justify;\">J\u2019esp\u00e8re ta lettre bient\u00f4t, toutes tes lettres. J\u2019esp\u00e8re que tu m\u2019as envoy\u00e9 un pneumatique samedi soir, une longue lettre dimanche matin, une \u00e9pitre importante dimanche apr\u00e8s-midi et que tu comprends la n\u00e9cessit\u00e9 o\u00f9 l\u2019on est d\u2019alimenter constamment un tel gouffre d\u2019affection qu\u2019est mon d\u00e9sir. J\u2019avais un peu ferm\u00e9 la porte depuis de longues ann\u00e9es car les d\u00e9ceptions sont cuisantes avec les femelles qu\u2019on rencontre ici bas. Pourquoi ai-je os\u00e9 rouvrir ce vieux couloir secret cadenass\u00e9 par pr\u00e9caution\u00a0? Est-ce que les rats du doute, les araign\u00e9es du d\u00e9sespoir n\u2019ont pas mang\u00e9 toute la substance vivante de cette amiti\u00e9, cette affection, ce feu d\u2019amour toujours pr\u00eat \u00e0 s\u2019\u00e9pandre. On pourrait le craindre\u00a0; mais il appara\u00eet que les plus pures choses sont les seules \u00e9ternelles, et qu\u2019aujourd\u2019hui ce vieux sentiment jamais utilis\u00e9 de crainte d\u2019\u2019\u00eatre abim\u00e9 par des mains terrestres peut sortir tout seul de sa cachette, et, telle la pierre philosophale, produire son effet de transmutation des choses comme il se doit apr\u00e8s le contact obligatoire avec les formes p\u00e9rissables de l\u2019individu d\u2019en face.<\/p>\n<p style=\"text-align: justify;\">D\u00e9cid\u00e9ment, cette photo de profil est excellente.<\/p>\n<p style=\"text-align: justify;\">Dis-moi, petite amie, si je te dis des choses aimables ce n\u2019est point seulement pour te faire plaisir, pour que tu les croies, pour que tu en sois s\u00fbre, pour que tu en \u00e9prouves la qualit\u00e9, la profondeur, la r\u00e9alit\u00e9, la substance, la solidit\u00e9, mais aussi parce qu\u2019il me fait plaisir de te les dire, et qu\u2019elles sortent bien \u00e0 contre-timidit\u00e9. On n\u2019aime gu\u00e8re dire tout le fond de sa pens\u00e9e. Il faut garder toujours une grande, une immense r\u00e9serve de douceur. Dieu merci, nous en avons tout un capital. Mais pour aujourd\u2019hui tu n\u2019en toucheras que les int\u00e9r\u00eats. Et ils sont assez importants pour que tu n\u2019\u00e9prouves pas l\u2019avidit\u00e9 d\u2019en consommer davantage.<\/p>\n<p style=\"text-align: justify;\">Qu\u2019est-ce que tu peux bien regarder dans cette photo de profil avec un air aussi furieusement int\u00e9ress\u00e9\u00a0?<\/p>\n<p style=\"text-align: justify;\">Sur le sommet de ta grande photo, il reste une fleur s\u00e9ch\u00e9e, piqu\u00e9e dans une de tes lettres.<\/p>\n<p style=\"text-align: justify;\">Est-ce que je vais devenir sentimental\u00a0? Pas de \u00e7a. Fichtre non\u00a0! D\u2019abord ce n\u2019est pas pour toi que je t\u2019aime. C\u2019est pour toutes les qualit\u00e9s <u>impersonnelles<\/u> que tu manifestes et qui sont simplement le reflet du Cosmos spirituel. Donc, pas d\u2019attachement personnel. Je ne t\u2019aime qu\u2019autant que tu es pure, simple, affectueuse, bonne. Rien \u00e0 voir avec la personne qui pourrait bien nous envelopper de toutes les tentacules aimables de son \u00e9go\u00efsme, m\u00eame d\u00e9licieusement orn\u00e9. Nous ne serons ni votre serviteur, ni votre ma\u00eetre, mamzelle, mais un de ces camarades\u00a0!!! qui \u00e9pousera toutes vos vertus. Et Dieu sait s\u2019il y en a\u00a0!&#8230;<\/p>\n<p style=\"text-align: justify;\"><img loading=\"lazy\" class=\"alignleft size-medium wp-image-2095\" src=\"http:\/\/monperejeanmamy.fr\/wp-content\/uploads\/2021\/04\/1946-06-13-JR-300x204.jpg\" alt=\"\" width=\"300\" height=\"204\" srcset=\"https:\/\/monperejeanmamy.fr\/wp-content\/uploads\/2021\/04\/1946-06-13-JR-300x204.jpg 300w, https:\/\/monperejeanmamy.fr\/wp-content\/uploads\/2021\/04\/1946-06-13-JR-440x300.jpg 440w, https:\/\/monperejeanmamy.fr\/wp-content\/uploads\/2021\/04\/1946-06-13-JR.jpg 624w\" sizes=\"(max-width: 300px) 100vw, 300px\" \/>Je r\u00e9serve toute la place du bas pour tout \u00e0 l\u2019heure apr\u00e8s le colis. Non parce que je sois fatigu\u00e9 de tendresses \u2013 on se renouvelle dans l\u2019affection \u2013 mais il y a un temps pour tout. Et pour l\u2019instant je vais regarder une jeune personne \u00e9tendre du linge sur une corde. Elle a un dr\u00f4le de bonnet.<\/p>\n<h1 style=\"text-align: justify;\"><span style=\"text-decoration: underline;\">16h.<\/span><\/h1>\n<p style=\"text-align: justify;\">Colis parfait. Plus que parfait, merci pour tout. Veux-tu dire \u00e0 ma m\u00e8re<\/p>\n<ol>\n<li style=\"text-align: justify;\">qu\u2019elle ne mette pas le Nescaf\u00e9 dans du papier ordinaire apr\u00e8s l\u2019avoir expos\u00e9 au contact de l\u2019air. Le Nescaf\u00e9 ne supporte pas l\u2019humidit\u00e9. Il faut l\u2019envoyer en bo\u00eetes imperm\u00e9ables. Si elle en a une grande bo\u00eete, qu\u2019elle n\u2019h\u00e9site pas \u00e0 me la mettre, car le dernier est d\u00e9j\u00e0 arriv\u00e9 solidifi\u00e9 et il est difficile de le rattraper. Mais cela n\u2019est pas un drame.<\/li>\n<li style=\"text-align: justify;\">si possible deux torchons par semaine.<\/li>\n<\/ol>\n<p style=\"text-align: justify;\">Pour le reste tout va bien. Mouchoirs excellents. Chaussettes itou. Continuer les condiments. Idem m\u00e9ta. Id. les roses, magnifiques. Toutes d\u00e9vorantes d\u2019absolu. Poign\u00e9e de po\u00e9sie chip\u00e9e \u00e0 la face du ciel. Une explosion de parfum et d\u2019une joie ressentie, sourdement, avec des prolongements \u00e0 l\u2019infini. Les fleurs consolent les hommes. Je ne regarderai plus que les jardins.<\/p>\n<p style=\"text-align: justify;\">Ma ch\u00e9rie, que me reste-t-il \u00e0 dire ? Pour l\u2019instant ma semaine est toute parfum\u00e9e parce que dans un coin de couloir, je t\u2019ai brutalement \u2013 en silence- dit tout ce qui m\u2019\u00e9touffait. Et aussi parce que j\u2019ai eu mon bouquet de roses et tous les petits paquets de la fid\u00e9lit\u00e9 et de l\u2019amour. \u00c0 bient\u00f4t (ou plut\u00f4t non) \u00e0 tr\u00e8s longtemps, \u00e0 moins que ce soit \u00e0 bient\u00f4t librement. Occupe-toi de l\u2019affaire. Surveille attentivement. Je crois que tout va bien. Mes tendres caresses et gros, gros, gros\u2026<\/p>\n<p>J.<\/p>\n<p><a href=\"#_ftnref1\" name=\"_ftn1\">[1]<\/a> Mot illisible<br \/>\n<a href=\"#_ftnref2\" name=\"_ftn2\">[2]<\/a> Mot illisible<\/p>\n<p>&nbsp;<\/p>\n<p>&nbsp;<\/p>\n","protected":false},"excerpt":{"rendered":"<p>\u00a0 Lundi 1er juillet 1946 Ma ch\u00e9rie, Faut-il qu\u2019on t\u2019aime pour interrompre ainsi un long po\u00e8me qui s\u2019imposait de toute urgence, et dans quoi je suis depuis trois jours. Faut-il que l\u2019attrait des photos soit puissant\u00a0? (tr\u00e8s jolie la petite &hellip; <a href=\"https:\/\/monperejeanmamy.fr\/?page_id=2086\">Continuer la lecture <span class=\"meta-nav\">&rarr;<\/span><\/a><\/p>\n","protected":false},"author":2,"featured_media":11,"parent":0,"menu_order":0,"comment_status":"closed","ping_status":"closed","template":"","meta":[],"folder":[],"_links":{"self":[{"href":"https:\/\/monperejeanmamy.fr\/index.php?rest_route=\/wp\/v2\/pages\/2086"}],"collection":[{"href":"https:\/\/monperejeanmamy.fr\/index.php?rest_route=\/wp\/v2\/pages"}],"about":[{"href":"https:\/\/monperejeanmamy.fr\/index.php?rest_route=\/wp\/v2\/types\/page"}],"author":[{"embeddable":true,"href":"https:\/\/monperejeanmamy.fr\/index.php?rest_route=\/wp\/v2\/users\/2"}],"replies":[{"embeddable":true,"href":"https:\/\/monperejeanmamy.fr\/index.php?rest_route=%2Fwp%2Fv2%2Fcomments&post=2086"}],"version-history":[{"count":5,"href":"https:\/\/monperejeanmamy.fr\/index.php?rest_route=\/wp\/v2\/pages\/2086\/revisions"}],"predecessor-version":[{"id":2097,"href":"https:\/\/monperejeanmamy.fr\/index.php?rest_route=\/wp\/v2\/pages\/2086\/revisions\/2097"}],"wp:featuredmedia":[{"embeddable":true,"href":"https:\/\/monperejeanmamy.fr\/index.php?rest_route=\/wp\/v2\/media\/11"}],"wp:attachment":[{"href":"https:\/\/monperejeanmamy.fr\/index.php?rest_route=%2Fwp%2Fv2%2Fmedia&parent=2086"}],"wp:term":[{"taxonomy":"folder","embeddable":true,"href":"https:\/\/monperejeanmamy.fr\/index.php?rest_route=%2Fwp%2Fv2%2Ffolder&post=2086"}],"curies":[{"name":"wp","href":"https:\/\/api.w.org\/{rel}","templated":true}]}}