{"id":2091,"date":"2021-04-12T09:36:11","date_gmt":"2021-04-12T07:36:11","guid":{"rendered":"http:\/\/monperejeanmamy.fr\/?page_id=2091"},"modified":"2024-01-21T10:50:21","modified_gmt":"2024-01-21T09:50:21","slug":"jm-a-jr-fresnes-46-07-08","status":"publish","type":"page","link":"https:\/\/monperejeanmamy.fr\/?page_id=2091","title":{"rendered":"JM \u00e0 JR (Fresnes 46\/07\/08)"},"content":{"rendered":"<p><strong>\u00a0<\/strong><a href=\"http:\/\/monperejeanmamy.fr\/?page_id=2086\"><img loading=\"lazy\" class=\"wp-image-1352 alignleft\" src=\"http:\/\/monperejeanmamy.fr\/wp-content\/uploads\/2021\/03\/Lettre-precedente.jpg\" alt=\"\" width=\"143\" height=\"78\" \/><\/a><a href=\"http:\/\/monperejeanmamy.fr\/?page_id=2098\"><img loading=\"lazy\" class=\"alignright wp-image-1353\" src=\"http:\/\/monperejeanmamy.fr\/wp-content\/uploads\/2021\/03\/Lettre-suivante.jpg\" alt=\"\" width=\"139\" height=\"76\" \/><\/a><\/p>\n<p style=\"text-align: center;\"><strong>Lundi 8 juillet 1946<\/strong><\/p>\n<p style=\"text-align: center;\">Ma Jeannette ch\u00e9rie,<\/p>\n<p style=\"text-align: justify;\">Aujourd\u2019hui j\u2019ai 44 ans\u00a0! Si j\u2019\u00e9tais coquet je devrais cacher cet \u00e2ge. \u00c0 c\u00f4t\u00e9 de tes 20 ans. C\u2019est peut-\u00eatre tr\u00e8s vieux. Et pourtant, je ne me suis jamais senti aussi jeune, aussi souple, aussi plein d\u2019activit\u00e9, aussi repos\u00e9. Preuve que l\u2019\u00e2ge n\u2019existe pas. Il y a des jeunes gens de 17 ans qui sont des vieillards et des hommes de 60 qui sont dans la force de leur action la meilleure. Pour moi, j\u2019ai commenc\u00e9 vraiment \u00e0 vivre vers 40 ans, l\u00e0 o\u00f9 j\u2019ai bris\u00e9 toutes les vieilles erreurs de ma jeunesse trop complaisante envers certains milieux. Je me suis senti moi-m\u00eame le jour o\u00f9 j\u2019ai abord\u00e9 le journalisme de combat, la bataille politique, l\u2019action secr\u00e8te ou publique. Avant, je ne savais que v\u00e9g\u00e9ter, je m\u2019ennuyais dans des formules. Aujourd\u2019hui, m\u00eame ici, j\u2019ai pleine conscience de suivre une voie qui ne peut mener qu\u2019\u00e0 un \u00e9panouissement total de l\u2019individu (apr\u00e8s toutes les \u00e9preuves, bien entendu) qui doit manifester tous les courages, toutes les audaces, toutes les patiences, pour se d\u00e9montrer lui-m\u00eame. Voil\u00e0. Le couplet est termin\u00e9. Mais je le pense.<\/p>\n<p style=\"text-align: justify;\">Je suis s\u00fbr que tu me souhaites bon anniversaire. Dans quelques jours il aura 2 ans. C\u2019est \u00e0 lui qu\u2019il faudra envoyer fleurs et souhaits. J\u2019esp\u00e8re qu\u2019il fera aussi un ce ces lutteurs formidables qui renversera tous les obstacles, ranimera tous les d\u00e9faillants, gu\u00e9rira tous les malades et les faibles, donnera au monde une impulsion fantastique pour le r\u00e9veiller et lui faire retrouver la voie \u00e9troite de la discipline et du travail. Il a d\u00e9j\u00e0 dans les yeux toutes les qualit\u00e9s les plus brillantes. C\u2019est un p\u00e8te-feu.<\/p>\n<p style=\"text-align: justify;\">Ma ch\u00e9rie, il y a bien longtemps\u00a0 que je n\u2019ai re\u00e7u lettre de toi. Trois jours au moins. Je suppose \u2013 je veux supposer- qu\u2019il y a retard de la poste \u2013 ou de la censure- car sinon\u00a0! Je me f\u00e2cherai avec une telle vigueur que, terroris\u00e9e, tu n\u2019aurais plus d\u2019autre ressource que de m\u2019envoyer un journal quotidien des plus serr\u00e9s, et des plus \u00e9pais.<\/p>\n<p style=\"text-align: justify;\">As-tu revu tes amis ? Les choses se sont-elles pass\u00e9es comme pr\u00e9vu ? On parle beaucoup ici fe suppressions de cours, d\u2019amnistie. Qui sait ! Les meilleures choses ont une fin. L\u2019\u00e9puration se terminera bien un jour \u2013 et nous pourrons peut-\u00eatre retrouver ailleurs que dans des ge\u00f4les le gout de la famille, du travail, de la libert\u00e9.<\/p>\n<p style=\"text-align: justify;\">\u00c0 propos, peux-tu me joindre au prochain colis de linge un porte-plume. Je le voudrais le plus gros possible, en bois et non en li\u00e8ge \u2013 ou bien en mati\u00e8re plastique \u2013 et avec le petit syst\u00e8me qui permet d\u2019enfermer la plume automatiquement sans \u00eatre oblig\u00e9 de tirer. Court si possible, mais tr\u00e8s gros. Tu trouveras bien \u00e7a dans un bazar. Mets moi aussi des plumes, des enveloppes. Tu es adorable de me demander si j\u2019ai besoin de quelque chose pour l\u2019hiver, mais 1\u00b0\/ j\u2019esp\u00e8re bien l\u2019acheter moi-m\u00eame 2\u00b0\/ en admettant, \u00e0 la rigueur, que je passe encore un hiver dans les prisons r\u00e9publicaines, je ne vois gu\u00e8re ce dont j\u2019aurai besoin sauf des colis habituels \u2013 dont je crains de vous imposer la suj\u00e9tion un peu trop forte. Mais j\u2019imagine qu\u2019il doit te faire plaisir de partager un peu le bout de gras. Et j\u2019accepte. Me trompe-je\u00a0?<\/p>\n<p style=\"text-align: justify;\">Vent de lassitude sur Fresnes, cette semaine. La d\u00e9tention devient longue. Tous les pr\u00e9venus esp\u00e9raient dans les \u00e9v\u00e8nements internationaux. On s\u2019aper\u00e7oit que rien ne marche aussi vite qu\u2019on voudrait. Et puis le d\u00e9sespoir gagne quelques uns. Trop de salet\u00e9s dans une vie indigne d\u2019\u00eatre v\u00e9cue. R\u00e9flexes de vaincus, de petits vaincus. Car ceux-l\u00e0 sont doublement vaincus en 40, en 44. Que peuvent-ils d\u00e9fendre ? On leur a tout pris, m\u00eame le droit d\u2019appartenir \u00e0 une nation mineure. Bref, j\u2019en entends de toutes couleurs. Il faut avoir un esprit extr\u00eamement sain et souple pour r\u00e9sister. J\u2019imagine qu\u2019au dehors, \u00e7a ne doit pas \u00eatre mieux. Les gens doivent s\u2019\u00e9tonner de tant de souffrances. S\u2019ils savaient ! La v\u00e9rit\u00e9, le jour o\u00f9 elle apparaitra dans toute sa nudit\u00e9, sera affreuse \u00e0 contempler.<\/p>\n<p style=\"text-align: justify;\">Floriot est venu hier ici. Il a bavard\u00e9 avec deux ou trois de mes camarades qui doivent passer prochainement. C\u2019est lui qui annon\u00e7ait le projet de r\u00e9forme de la Justice. Peut-\u00eatre propage-t-il seulement des bruits de couloirs, ou bien a-t-il des tuyaux sp\u00e9ciaux\u00a0? On parle \u00e9galement du projet Teitgen auquel Moro-Giafferi donnerait son adh\u00e9sion, son appui actif, en tant que membre puissant du radical-socialisme. Tout cela n\u2019est pas trop mauvais. Les discours de Dupont, de Reynaud, ont produit, para\u00eet-il, un gros effet. Veux-tu te renseigner pour informations compl\u00e9mentaires.<\/p>\n<p style=\"text-align: justify;\">N\u2019oublie pas de venir r\u00e9guli\u00e8rement au parloir pendant les vacances. Avec ou sans chapeau. Avec ou sans robe de poule. Avec ou sans ruban dans les cheveux. Comme tu es. Comme tu veux. Comme il te plait. Comme il me plait. Am\u00e8ne Fr\u00e9d\u00e9ric une fois sur deux. Apporte ton sourire toutes les fois. Il me semble si souvent t\u2019avoir sur mes genoux, avec ta t\u00eate nich\u00e9e dans mon \u00e9paule. Suis-je assez mat\u00e9riel avec toi\u00a0?<\/p>\n<p style=\"text-align: justify;\">J\u2019ai fini un grand po\u00e8me intitul\u00e9 <em>Golgotha<\/em>. Ce sera le dernier des <em>Barreaux<\/em>. 53 strophes (je vais peut-\u00eatre en rajouter un peu). C\u2019est un nouveau massif aux envol\u00e9es lyriques, \u00e0 la symphonie puissante, aux images hardies. Je crois avoir d\u00e9velopp\u00e9 un peu ma mani\u00e8re. De temps en temps il me semble voir appara\u00eetre un beau vers. Exp\u00e9rience faite, ce n\u2019est pas si commun.<\/p>\n<p style=\"text-align: justify;\">Sais-tu que souvent je cherche beaucoup pour t\u2019\u00e9crire dans mes lettres les choses les plus gentilles possible. Non qu\u2019elles ne me viennent pas spontan\u00e9ment, mais je voudrais qu\u2019elles soient si gentilles, si parfaitement aimables, si bien construites pout toucher, pour p\u00e9n\u00e9trer profond\u00e9ment l\u2019esprit de la fille que j\u2019aime, qu\u2019il me faut les r\u00e9duire \u00e0 des expressions condens\u00e9es, les affiner, les purifier jusqu\u2019au trait pr\u00e9cis qui sera vainqueur de tes doutes. Car tu doutes quelquefois, tu h\u00e9sites souvent, tu crains un peu, pas vrai\u00a0? On ne sait quoi\u00a0? Tout. Rien. H\u00e9 bien, il ne faut ni craindre, ni douter, ni h\u00e9siter. Il faut savoir <u>que<\/u>, \u00eatre s\u00fbre <u>de<\/u>, comprendre <u>que<\/u>, affirmer <u>que<\/u>, parce que cela est vrai, qu\u2019il n\u2019y a pas d\u2019opposition contre cela et que les nuages n\u2019ont jamais \u00e9teint le soleil. Ce sont de tout petits \u00e9crans que ceux du doute, ou de la timidit\u00e9. Car tu es timide, peut-\u00eatre\u00a0? Il ne faut plus \u00eatre timide. Tu te rappelles quand tu pleurais \u00e0 chaudes larmes quand tu n\u2019\u00e9tais pas contente de moi. Ce n\u2019\u00e9tait pas de moi, c\u2019\u00e9tait de tes propres doutes, de tes images \u00e0 toi. Donne-moi tes yeux que je boive tes nuages.<\/p>\n<h1 style=\"text-align: justify;\"><span style=\"text-decoration: underline;\">16h.<\/span><\/h1>\n<p style=\"text-align: justify;\">J\u2019attends toujours le colis pour faire les derni\u00e8res remarques pertinentes. Tout est fort bien. J\u2019appr\u00e9cie infiniment la morue, comme les ingr\u00e9dients, comme le chocolat, comme les d\u00e9licatesses telles que les noix, les biscuits am\u00e9ricains et la cacaotine. De m\u00eame les \u0153illets qui, pour \u00eatre chiffonn\u00e9s maintenant, vont s\u2019\u00e9panouir tout \u00e0 l\u2019heure. Tu as la m\u00eame mine d\u2019\u0153illet r\u00e9tract\u00e9 quand tu viens me voir \u00e0 l\u2019instruction et il faut un bon quart d\u2019heure pour te d\u00e9tendre. Que sera-ce quand nous pourrons consacrer de longues heures \u00e0 te prouver notre abondant respect, notre fid\u00e9lit\u00e9 aimante, notre intime affection\u00a0?<\/p>\n<p style=\"text-align: justify;\">Peux-tu demander \u00e0 ma m\u00e8re, si possible, de m\u2019approvisionner davantage en m\u00e9ta. Combien co\u00fbte la bo\u00eete\u00a0? Si possible 1\u00bd \u00e0 2 par semaine. Si ma m\u00e8re a besoin d\u2019argent pour cela, qu\u2019elle vende mon Chantepie de la Saussaye <a href=\"#_ftn1\" name=\"_ftnref1\">[1]<\/a>. Il vaut au moins 1.000 francs. Cela lui fera une vingtaine de semaines d\u2019avance. Ce n\u2019est pas trop consommer. Nous ne tenons qu\u2019avec th\u00e9 ou caf\u00e9. Plus de fruits, on en vend ici.<\/p>\n<p style=\"text-align: justify;\">Que me reste-t-il \u00e0 te dire\u00a0? Tout. Tout ce que je peux \u00e9crire \u00e0 travers ces lignes. Tout ce qui serait censur\u00e9 parce que trop fougueux. Toutes les confidences sans r\u00e9serves. Tout ce qui me passe par la t\u00eate, un peu folle, dit-on, par le c\u0153ur, pas si sage, pr\u00e9tend-on. Mais les plus sages sont souvent les plus fous. Et il n\u2019y a pas de po\u00e9sie sans fantaisie, pas d\u2019amour sans enthousiasme, pas de printemps sans giboul\u00e9es, pas d\u2019\u00e9t\u00e9s sans jours d\u2019orage, pas de moisson sans chansons.<\/p>\n<p style=\"text-align: justify;\">Comme tu ne m\u2019as pas \u00e9crit, je ne te dirai plus rien. Mais comme tu as sans doute pens\u00e9 \u00e0 m\u2019\u00e9crire, je te dirai quelque chose : celle que tu ne m\u2019as pas \u00e9crite ! Devine !<\/p>\n<p style=\"text-align: justify;\">Mes \u0153illets grandissent d\u2019un cm par jour. Et Fr\u00e9d\u00e9ric\u00a0? Mes b\u00e9gonias deviennent des arbres. Tes pens\u00e9es sont toutes en fleurs. 9 dans la semaine. Est-ce un signe\u00a0? Tes p\u00e9tunias s\u2019ouvrent au soleil. Tu vois comme ils sont patients. Gros, gros, gros, gros \u2026<\/p>\n<p style=\"text-align: justify;\">J.<\/p>\n<p>PS. Des punaises, SVP. 1 bougie. Re\u00e7u lettre. Merci. Oui pour tapioca. J\u2019adore \u00e7a. Sois tranquille. Ca ira peut-\u00eatre plus vite que tu crois. Patience. C\u2019est peut-\u00eatre pour demain. Qui sait ? En tous cas, on te le donnera ton cadeau.<\/p>\n<p style=\"text-align: justify;\"><a href=\"#_ftnref1\" name=\"_ftn1\">[1]<\/a> P.-D. Chantepie de La Saussaye\u00a0: auteur allemand du <em>Manuel d&rsquo;histoire des religions<\/em>, traduit en fran\u00e7ais sur la 2<sup>\u00e8me<\/sup> \u00e9dition allemande, sous la direction de Henri Hubert et Isidore L\u00e9vy, paru en 1904. (note de FGR)<\/p>\n","protected":false},"excerpt":{"rendered":"<p>\u00a0 Lundi 8 juillet 1946 Ma Jeannette ch\u00e9rie, Aujourd\u2019hui j\u2019ai 44 ans\u00a0! Si j\u2019\u00e9tais coquet je devrais cacher cet \u00e2ge. \u00c0 c\u00f4t\u00e9 de tes 20 ans. C\u2019est peut-\u00eatre tr\u00e8s vieux. Et pourtant, je ne me suis jamais senti aussi jeune, &hellip; <a href=\"https:\/\/monperejeanmamy.fr\/?page_id=2091\">Continuer la lecture <span class=\"meta-nav\">&rarr;<\/span><\/a><\/p>\n","protected":false},"author":2,"featured_media":11,"parent":0,"menu_order":0,"comment_status":"closed","ping_status":"closed","template":"","meta":[],"folder":[],"_links":{"self":[{"href":"https:\/\/monperejeanmamy.fr\/index.php?rest_route=\/wp\/v2\/pages\/2091"}],"collection":[{"href":"https:\/\/monperejeanmamy.fr\/index.php?rest_route=\/wp\/v2\/pages"}],"about":[{"href":"https:\/\/monperejeanmamy.fr\/index.php?rest_route=\/wp\/v2\/types\/page"}],"author":[{"embeddable":true,"href":"https:\/\/monperejeanmamy.fr\/index.php?rest_route=\/wp\/v2\/users\/2"}],"replies":[{"embeddable":true,"href":"https:\/\/monperejeanmamy.fr\/index.php?rest_route=%2Fwp%2Fv2%2Fcomments&post=2091"}],"version-history":[{"count":6,"href":"https:\/\/monperejeanmamy.fr\/index.php?rest_route=\/wp\/v2\/pages\/2091\/revisions"}],"predecessor-version":[{"id":3221,"href":"https:\/\/monperejeanmamy.fr\/index.php?rest_route=\/wp\/v2\/pages\/2091\/revisions\/3221"}],"wp:featuredmedia":[{"embeddable":true,"href":"https:\/\/monperejeanmamy.fr\/index.php?rest_route=\/wp\/v2\/media\/11"}],"wp:attachment":[{"href":"https:\/\/monperejeanmamy.fr\/index.php?rest_route=%2Fwp%2Fv2%2Fmedia&parent=2091"}],"wp:term":[{"taxonomy":"folder","embeddable":true,"href":"https:\/\/monperejeanmamy.fr\/index.php?rest_route=%2Fwp%2Fv2%2Ffolder&post=2091"}],"curies":[{"name":"wp","href":"https:\/\/api.w.org\/{rel}","templated":true}]}}