{"id":210,"date":"2021-02-17T10:24:03","date_gmt":"2021-02-17T09:24:03","guid":{"rendered":"http:\/\/monperejeanmamy.fr\/?page_id=210"},"modified":"2021-03-07T18:54:08","modified_gmt":"2021-03-07T17:54:08","slug":"baleydier","status":"publish","type":"page","link":"https:\/\/monperejeanmamy.fr\/?page_id=210","title":{"rendered":"Baleydier"},"content":{"rendered":"<p style=\"text-align: justify;\"><img loading=\"lazy\" class=\"wp-image-211 alignleft\" src=\"http:\/\/monperejeanmamy.fr\/wp-content\/uploads\/2021\/02\/Baleydier-livre.jpg\" alt=\"\" width=\"154\" height=\"239\" \/><em><strong>Baleydier<\/strong><\/em> est la premi\u00e8re r\u00e9alisation de Jean Mamy. Il n\u2019existe, \u00e0 ma connaissance, aucune photo, ni aucune affiche et encore moins aucune copie de ce\u00a0 film sorti le 16 janvier 1932 aujourd&rsquo;hui introuvable.<\/p>\n<p><strong>Synopsis<\/strong><\/p>\n<p style=\"text-align: justify;\">Com\u00e9die : un gar\u00e7on coiffeur gagne un concours qui va lui permettre d&rsquo;interpr\u00e9ter un grand film historique avec la partenaire de son choix. Au cours du tournage, tout le monde se moque de lui, mais quand le film est pr\u00e9sent\u00e9 au public, c&rsquo;est un triomphe car les gens croient \u00e0 une farce.<\/p>\n<h1>Fiche technique<\/h1>\n<ul>\n<li>R\u00e9alisation : Jean Mamy, assist\u00e9 de Pierre Pr\u00e9vert<\/li>\n<li>Sc\u00e9nario : Andr\u00e9 Girard<\/li>\n<li>Adaptation et dialogues : Jacques Pr\u00e9vert<\/li>\n<li>D\u00e9cors : Gabriel Scognamillo<\/li>\n<li>Photographie : Roger Hubert et Theodor Sparkuhl<img loading=\"lazy\" class=\"alignright wp-image-212\" src=\"http:\/\/monperejeanmamy.fr\/wp-content\/uploads\/2021\/02\/Baleydier-Michel-Simon.jpg\" alt=\"\" width=\"186\" height=\"267\" \/><\/li>\n<li>Soci\u00e9t\u00e9 de production : Les \u00c9tablissements Braunberger-Richeb\u00e9 (Billancourt)<\/li>\n<li>Format : Noir et blanc &#8211; 35 mm<\/li>\n<li>Dur\u00e9e : 74 minutes<\/li>\n<\/ul>\n<p><strong>Principaux acteurs<\/strong><\/p>\n<ul>\n<li>Michel Simon : Baleydier<\/li>\n<li>Josseline Gael : Lola<\/li>\n<li>Maria Fromet : Jeanne, l&rsquo;amie<\/li>\n<li>Pierre Pradier : Petrequin<\/li>\n<li>Pierre Pr\u00e9vert : l&rsquo;assistant du r\u00e9alisateur<\/li>\n<li>Max Dalban<\/li>\n<\/ul>\n","protected":false},"excerpt":{"rendered":"<p>Baleydier est la premi\u00e8re r\u00e9alisation de Jean Mamy. Il n\u2019existe, \u00e0 ma connaissance, aucune photo, ni aucune affiche et encore moins aucune copie de ce\u00a0 film sorti le 16 janvier 1932 aujourd&rsquo;hui introuvable. Synopsis Com\u00e9die : un gar\u00e7on coiffeur gagne &hellip; <a href=\"https:\/\/monperejeanmamy.fr\/?page_id=210\">Continuer la lecture <span class=\"meta-nav\">&rarr;<\/span><\/a><\/p>\n","protected":false},"author":1,"featured_media":1123,"parent":0,"menu_order":0,"comment_status":"closed","ping_status":"closed","template":"","meta":[],"folder":[],"_links":{"self":[{"href":"https:\/\/monperejeanmamy.fr\/index.php?rest_route=\/wp\/v2\/pages\/210"}],"collection":[{"href":"https:\/\/monperejeanmamy.fr\/index.php?rest_route=\/wp\/v2\/pages"}],"about":[{"href":"https:\/\/monperejeanmamy.fr\/index.php?rest_route=\/wp\/v2\/types\/page"}],"author":[{"embeddable":true,"href":"https:\/\/monperejeanmamy.fr\/index.php?rest_route=\/wp\/v2\/users\/1"}],"replies":[{"embeddable":true,"href":"https:\/\/monperejeanmamy.fr\/index.php?rest_route=%2Fwp%2Fv2%2Fcomments&post=210"}],"version-history":[{"count":1,"href":"https:\/\/monperejeanmamy.fr\/index.php?rest_route=\/wp\/v2\/pages\/210\/revisions"}],"predecessor-version":[{"id":215,"href":"https:\/\/monperejeanmamy.fr\/index.php?rest_route=\/wp\/v2\/pages\/210\/revisions\/215"}],"wp:featuredmedia":[{"embeddable":true,"href":"https:\/\/monperejeanmamy.fr\/index.php?rest_route=\/wp\/v2\/media\/1123"}],"wp:attachment":[{"href":"https:\/\/monperejeanmamy.fr\/index.php?rest_route=%2Fwp%2Fv2%2Fmedia&parent=210"}],"wp:term":[{"taxonomy":"folder","embeddable":true,"href":"https:\/\/monperejeanmamy.fr\/index.php?rest_route=%2Fwp%2Fv2%2Ffolder&post=210"}],"curies":[{"name":"wp","href":"https:\/\/api.w.org\/{rel}","templated":true}]}}