{"id":2110,"date":"2021-04-13T14:38:23","date_gmt":"2021-04-13T12:38:23","guid":{"rendered":"http:\/\/monperejeanmamy.fr\/?page_id=2110"},"modified":"2024-01-21T11:00:29","modified_gmt":"2024-01-21T10:00:29","slug":"jm-a-jr-fresnes-46-07-28","status":"publish","type":"page","link":"https:\/\/monperejeanmamy.fr\/?page_id=2110","title":{"rendered":"JM \u00e0 JR (Fresnes 46\/07\/28)"},"content":{"rendered":"<p><strong>\u00a0<\/strong><a href=\"http:\/\/monperejeanmamy.fr\/?page_id=2105\"><img loading=\"lazy\" class=\"wp-image-1352 alignleft\" src=\"http:\/\/monperejeanmamy.fr\/wp-content\/uploads\/2021\/03\/Lettre-precedente.jpg\" alt=\"\" width=\"143\" height=\"78\" \/><\/a><a href=\"http:\/\/monperejeanmamy.fr\/?page_id=2114\"><img loading=\"lazy\" class=\"alignright wp-image-1353\" src=\"http:\/\/monperejeanmamy.fr\/wp-content\/uploads\/2021\/03\/Lettre-suivante.jpg\" alt=\"\" width=\"139\" height=\"76\" \/><\/a><\/p>\n<p style=\"text-align: center;\"><strong>Dimanche 28 juillet 1946<\/strong><\/p>\n<p style=\"text-align: center;\">Petite Jeannette ch\u00e9rie,<\/p>\n<p style=\"text-align: justify;\">Tu vois qu\u2019on ne t\u2019\u00e9crit point \u00e0 la derni\u00e8re minute, mais que d\u00e8s dimanche nous prenons souci de ta pr\u00e9sence constante, dans les souvenirs et sur les photos, dans l\u2019id\u00e9e qu\u2019on se fait d\u2019ici du boulevard Diderot, et dans l\u2019imagination que nous avons du coin du Jardin des Plantes o\u00f9 tu dois avoir pass\u00e9 l\u2019apr\u00e8s-midi \u00e0 regarder galoper monsieur ton fils et \u00e0 l\u2019emp\u00eacher de barboter dans les massifs et d\u2019ouvrir les g\u00e9raniums avec ses doigts. Nous sentons cela de loin nous autres, mages de la prescience, m\u00e9diums superfins qui, d\u2019un simple coup de nez intuitif hume \u00e0 travers l\u2019espace les circonvolutions des personnes que nous ch\u00e9rissons.. Voici qui sent la faiblesse pa\u00efenne. Devrait-on ch\u00e9rir des personnes plus que d\u2019autres \u2013 ou m\u00eame tout court, et la plus haute mission de l\u2019homme n\u2019est-elle pas d\u2019aimer davantage la r\u00e9alit\u00e9 individuelle sous-jacente de son prochain plut\u00f4t que la forme \u00e9ph\u00e9m\u00e8re de la personne humaine qui flatte les sens. Que voil\u00e0 un reproche subtil. \u00c0 se perdre ainsi dans les m\u00e9andres du doute m\u00e9taphysique on enterrerait sa spontan\u00e9it\u00e9 affectueuse. Et s\u2019il me plait, \u00e0 moi, d\u2019embrasser Jeannette derri\u00e8re l\u2019oreille. Mets ta t\u00eate blonde sur mon sacr\u00e9 oreiller d\u2019\u00e9paule c\u00e2line ; ferme les yeux ; n\u2019\u00e9coute plus le chant des oiseaux, mais le moment qui passe avec lenteur. Sois sage et tais-toi, qu\u2019on s\u2019entende parler. Tu n\u2019imagines pas ce que les bruits humains peuvent distraire en nous de musiques profondes. Les plus grands artistes, les meilleurs penseurs, sont ceux qui sont capables d\u2019\u00e9prouver en eux-m\u00eames le calme absolu \u2013 m\u00eame pas les rides de la passion \u2013 m\u00eame pas le sourire de l\u2019indulgence. Non ; cette \u00ab immobilit\u00e9 de mouvement \u00bb ( !) qui est la caract\u00e9ristique de la vie \u00e9ternelle. Ferme les yeux te dis-je. Il ne faut jamais regarder les secrets d\u00e9fendus. C\u2019est pour avoir mang\u00e9 la pomme qu\u2019\u00c8ve a \u00e9t\u00e9 punie, et il arrive des accidents tr\u00e8s graves aux petites femmes d\u00e9sob\u00e9issantes. Elles se changent en statues de sel. Sodome et Gomorrhe ne sont pas loin. Tu n\u2019aimerais pas \u00eatre chang\u00e9e ainsi. Il est vrai que le sel porte bonheur. J\u2019ai un camarade qui en met dans toutes ses poches, par ordre de sa s\u0153ur, comp\u00e9tente en la mati\u00e8re.<\/p>\n<p style=\"text-align: justify;\">Tout \u00e0 l\u2019heure, par la fen\u00eatre nous avons vu une f\u00eate communiste sur le stade. Pourquoi \u00ab\u00a0communiste\u00a0\u00bb\u00a0? C\u2019\u00e9tait un match sportif quelconque. Mais on avait tiss\u00e9 sur les hommes en maillot le drapeau \u00e0 faucille. Je ne vois pas la raison\u00a0! Le sport est une chose, la politique une autre. Il est vrai qu\u2019on a toujours tort de s\u2019\u00e9tonner de tout.<\/p>\n<p style=\"text-align: justify;\">Ma grande pr\u00e9occupation est de chasser de minuscules petites chenilles qui ont le culot de manger par le dessous les feuilles de mon b\u00e9gonia blanc. La mort a ch\u00e2ti\u00e9 ces imprudentes. Pas de parasites dans une soci\u00e9t\u00e9 bien organis\u00e9e (c\u2019est pour avoir \u00e9nonc\u00e9 ce principe que nous avons actuellement des ennuis). Ce dimanche a \u00e9t\u00e9 marqu\u00e9 \u00e9galement par une distribution de tomates, la floraison de trois p\u00e9tunias violets ou mauves, de trois gueules de loup citron et le d\u00e9veloppement d\u2019un double p\u00e9tunia rose d\u2019une abondance particuli\u00e8rement riche de dentelures.<\/p>\n<p style=\"text-align: justify;\">Pendant que j\u2019y suis, je d\u00e9croche du mur ma feuille pense-b\u00eate. Veux-tu bien<\/p>\n<ol>\n<li style=\"text-align: justify;\">rappeler \u00e0 ma m\u00e8re qu\u2019il convient de mettre 500 F par mois sur mon compte. Voil\u00e0 longtemps que je n\u2019ai rien re\u00e7u. Il faut y penser. Qu\u2019elle s\u2019arrange de la fa\u00e7on qu\u2019il faut.<\/li>\n<li style=\"text-align: justify;\">Peux-tu m\u2019envoyer une bo\u00eete \u00e9tui ronde petit mod\u00e8le pour le savon dentifrice re\u00e7u.<\/li>\n<li style=\"text-align: justify;\">itou du sparadrap de 3 cm de large sur 1 m de long pour raccommoder le dos de mes reliures de cahier.<\/li>\n<li style=\"text-align: justify;\">Veux-tu voir si dans la petite collection des meilleurs livres tu peux trouver : 219 (<em>Les Cho\u00e9phores<\/em> \u2013 <em>Les Eum\u00e9nides <a href=\"#_ftn1\" name=\"_ftnref1\"><strong>[1]<\/strong><\/a><\/em>), 282 (<em>Les Suppliantes<\/em>), 328 \u00e0 331 (<em>Histoire Universelle<\/em> de Bossuet), 175 (<em>Alceste<\/em>).<\/li>\n<li style=\"text-align: justify;\">V\u00e9rifie si dans les 177, 178 et 321 (\u0153uvres de Nerval), il n\u2019y a pas de po\u00e8mes. S\u2019ils y sont inclus envoie moi le bouquin qui les contient. De m\u00eame <em>La Marie<\/em> de Brizeux <a href=\"#_ftn2\" name=\"_ftnref2\">[2]<\/a> (n\u00b0 320) n\u2019est-elle pas un po\u00e8me (ou je confond avec une pi\u00e8ce de th\u00e9\u00e2tre).<\/li>\n<\/ol>\n<p style=\"text-align: justify;\">Voil\u00e0. As-tu pens\u00e9 aux trait\u00e9s de bridge et d\u2019\u00e9checs\u00a0? Si possible et sans d\u00e9penser d\u2019argent. Les colis sont parfaits, parfaits\u2026 Les lettres aussi. Mais tu ne me dis rien dedans\u00a0! Rien du tout\u00a0! Rien de rien\u00a0! Il est vrai que je me contente tellement de ce que tu ne me dis pas. Alors, ne le dis pas. Garde le tr\u00e8s secret, comme ces choses pr\u00e9cieuses qui ne doivent jamais voir la lumi\u00e8re du jour de peur d\u2019\u00eatre br\u00fbl\u00e9es, ternies, mais qu\u2019on sort en cachette \u00e0 la nuit, \u00e0 l\u2019ombre, entre intimes pour en admirer les couleurs, pour s\u2019impr\u00e9gner du merveilleux dessin des contours et des formes. Laisse ce sanctuaire \u00e0 l\u2019abri des descriptions de ta plume. Que le Dieu qui l\u2019habite d\u00e9cide lui-m\u00eame de sa p\u00e9nombre, de ses comportements diurnes ou nocturnes, de la fa\u00e7on dont il montrera le bout de son nez, l\u2019\u00e9clat de ses dents, dont il poussera son cri de guerre, ou son chant d\u2019amour apr\u00e8s le coucher du soleil \u00e9puisant, quand la terre a besoin d\u2019\u00eatre baign\u00e9e par l\u2019harmonie et le repos. Ma douce, tu es trop gentille. On t\u2019aime bien. On te le dit. On ne te dit pas tout non plus. Comme les gros icebergs qui sont \u00e9normes au-dessus de la mer, il y a encore beaucoup plus de masse \u00e0 l\u2019int\u00e9rieur de l\u2019eau. C\u2019est \u00e9norme un amour flottant. Et \u00e0 l\u2019encontre dudit gla\u00e7on, \u00e7a ne fond pas. Au contraire, plus on tourne autour, plus l\u2019objet grossit.<\/p>\n<p style=\"text-align: justify;\">Il ne faut pas penser avec l\u2019assiduit\u00e9 que tu me dis \u00e0 des souvenirs ou des images telles que tu en soies toute paresseuse ou obs\u00e9d\u00e9e par l\u2019absence. Je sais bien, mamzelle, qu\u2019il est plus plaisant de se livrer \u00e0 la douceur de ses m\u00e9ditations po\u00e9tiques ou sentimentales plut\u00f4t que de travailler, par exemple, \u00e0 certains <em>B. d\u2019Or<\/em> qui attendent d\u00e9sesp\u00e9r\u00e9ment qu\u2019on veuille bien les inscrire sur des feuilles pures pour la post\u00e9rit\u00e9 et l\u2019\u00e9dification des g\u00e9n\u00e9rations futures. Je sais bien qu\u2019il y a des images qui font battre le c\u0153ur. Je le sais trop. Mais il ne faut point le faire battre \u00e0 vide, et la patience d\u2019attendre nous apportera plus de joie que des envols st\u00e9riles. On tachera de te rendre heureuse pour ce que tu demandes. Puisque tu tiens aux filles, nous allons d\u00e9nicher le chou qui te l\u2019apportera. Et si c\u2019\u00e9tait encore un gar\u00e7on\u00a0? Seulement, je crois qu\u2019avant de penser \u00e0 fonder cette puissante famille, il faudra s\u2019occuper de trouver un pays plus hospitalier et moins ravag\u00e9 par les arm\u00e9es mondiales. Un champ de bataille n\u2019est pas l\u2019endroit de tout repos o\u00f9 \u00e9lever tout un petit monde qui a besoin de paix et de s\u00e9curit\u00e9. De m\u00eame, la soci\u00e9t\u00e9 d\u2019ici n\u2019offre gu\u00e8re de garanties pour un homme d\u2019action dont le travail d\u2019organisateur a besoin de ne pas \u00eatre frein\u00e9 par les multiples obstacles d\u2019une bureaucratie parasitaire. Nous chercherons donc l\u00e0 o\u00f9 il le faut les conditions de l\u2019harmonie pour que celle que nous portons en nous puisse s\u2019y d\u00e9velopper par affinit\u00e9.<\/p>\n<p style=\"text-align: justify;\">Lis-tu quelque fois les journaux\u00a0? Que dit la presse suisse\u00a0? Et l\u2019am\u00e9ricaine\u00a0? Que disent les revues mensuelles\u00a0? Suis avec attention <em>France-Am\u00e9rique<\/em>, \u00e9dit\u00e9e \u00e0 Bruxelles. Pour quelles raisons <em>Paroles Fran\u00e7aises<\/em> a-t-elle cess\u00e9 de para\u00eetre\u00a0? (Excuse toutes les taches de ma lettre. Imagine toi que ce sont des marques d\u2019affection suppl\u00e9mentaires).<\/p>\n<h1 style=\"text-align: justify;\"><u>Lundi<\/u>.<\/h1>\n<p style=\"text-align: justify;\">Ce matin je me suis r\u00e9veill\u00e9 difficilement ayant \u00e9t\u00e9 long \u00e0 m\u2019endormir et pens\u00e9 \u00e0 trop de choses o\u00f9, entre autres affections ch\u00e8res (les roses, les gueules de loup, les p\u00e9tunias doubles), tu \u00e9tais m\u00eal\u00e9e. Le colis est parfait, la brosse excellente. Veux-tu demander \u00e0 ma m\u00e8re, si elle ne trouve pas de beurre, de me mettre un peu de margarine. Cela peut suffire pour faire sauter quelques \u0153ufs. Un de mes camarades m\u2019en avait laiss\u00e9 une bo\u00eete qui \u00e9tait de la margarine canadienne. Elle a l\u2019avantage de se conserver ind\u00e9finiment, m\u00eame ouverte, et cela sert \u00e0 d\u00e9panner quand on manque de lubrifiant. Vois cela, mais <u>si possible<\/u>, sinon, ne vous tourmentez en rien. Tout va bien, tr\u00e8s tr\u00e8s, tr\u00e8s bien.<\/p>\n<p style=\"text-align: justify;\">Pour mon affaire, je n\u2019y pense point. Tout cela me para\u00eet tr\u00e8s lointain. Les \u00e9v\u00e9nements qui s\u2019approchent vont tant d\u00e9passer en ampleur ceux que nous avons v\u00e9cus que nos petites inqui\u00e9tudes d\u2019hier et d\u2019aujourd\u2019hui appara\u00eetront comme jeux d\u2019enfants. Je crois que l\u2019orage mondial sera \u00e0 la hauteur (proportionnellement parlant) des explosions de Bikini <a href=\"#_ftn3\" name=\"_ftnref3\">[3]<\/a>.<\/p>\n<p style=\"text-align: justify;\">Voil\u00e0 pour cette semaine toutes nos impressions, nos effusions, nos sentiments quotidiens. Bonne semaine puisque tant de fleurs et de sentiments secrets ont fleuri, et puisque nous gardons, \u00e0 travers les remous ou bien le calme inqui\u00e9tant d\u2019avant la temp\u00eate, l\u2019intelligence de lever la t\u00eate plus haut que les apparences de fausse paix, de s\u00e9curit\u00e9 hypocrite ou de prison\u2026 si provisoire. Tu verras combien nous avions raison d\u2019esp\u00e9rer, de patienter, de pr\u00e9dire\u2026\u00a0 \u00c0 bient\u00f4t te voir. Dis \u00e0 ma m\u00e8re ceci\u00a0: <u>Comme mon fils ne m\u2019a pas \u00e9crit depuis son d\u00e9part, je le prive de visite de jeudi prochain<\/u>. Dis le lui officiellement, et qu\u2019elle le lui fasse savoir. <u>Je lui d\u00e9fends de venir jeudi, et c\u2019est toi qui viendras<\/u>. Arrange cela avec elle, je te prie. C\u2019est tr\u00e8s s\u00e9rieux. Elle n\u2019a qu\u2019\u00e0 dire \u00e0 l\u2019enfant ce que j\u2019ai d\u00e9cid\u00e9. Affectueusement. Mes grands, gros, gros, grands, tr\u00e8s gros baisers.<\/p>\n<p style=\"text-align: justify;\">J.<\/p>\n<p style=\"text-align: justify;\"><a href=\"#_ftnref1\" name=\"_ftn1\">[1]<\/a> <em>Les Cho\u00e9phores<\/em>, <em>Les Eum\u00e9nides<\/em> et <em>Les Suppliantes<\/em> sont des pi\u00e8ces d\u2019Eschyle. Les <em>Cho\u00e9phores<\/em> (\u00ab\u00a0Les Verseuses de libations\u00a0\u00bb) et les <em>Eum\u00e9nides<\/em> (\u00ab\u00a0les Bienveillantes\u00a0\u00bb) d\u2019Eschyle sont deux pi\u00e8ces qui appartiennent \u00e0 une trilogie, l\u2019<em>Orestie<\/em>, jou\u00e9e en 458 av.JC, et font suite \u00e0 l\u2019<em>Agamemnon<\/em>. Elles font suite aux cons\u00e9quences d\u2019un d\u00e9sastre primordial\u00a0: l\u2019assassinat du roi Agamemnon par sa femme Clytemnestre. Cette sc\u00e8ne primitive est toujours pr\u00e9sente et ne cesse d\u2019\u00eatre rappel\u00e9e \u00e0 la m\u00e9moire\u00a0: dans les <em>Cho\u00e9phores<\/em>, elle hante les enfants, Oreste et \u00c9lectre, qui pour venger leur p\u00e8re ont r\u00e9solu de tuer leur m\u00e8re, et dans les <em>Eum\u00e9nides<\/em>, les dieux mettent en balance le meurtre de l\u2019\u00e9poux par l\u2019\u00e9pouse avec le matricide. (Note de FGR)<br \/>\n<a href=\"#_ftnref2\" name=\"_ftn2\">[2]<\/a> <em>Marie<\/em>\u00a0: premier roman (1836) d\u2019Auguste Brizeux (1803-1858) o\u00f9 il se rem\u00e9more son enfance et ses amours dans la campagne bretonne (note de FGR)<br \/>\n<a href=\"#_ftnref3\" name=\"_ftn3\">[3]<\/a> L&rsquo;atoll de Bikini, dans les \u00eeles Marshall fut le th\u00e9\u00e2tre d&rsquo;essais d&rsquo;armes atomiques men\u00e9s par les \u00c9tats-Unis, \u00e0 partir du 1er juillet 1946, Il s&rsquo;agissait des premiers essais atomiques depuis la fin de la Seconde Guerre mondiale. (note de FGR)<\/p>\n","protected":false},"excerpt":{"rendered":"<p>\u00a0 Dimanche 28 juillet 1946 Petite Jeannette ch\u00e9rie, Tu vois qu\u2019on ne t\u2019\u00e9crit point \u00e0 la derni\u00e8re minute, mais que d\u00e8s dimanche nous prenons souci de ta pr\u00e9sence constante, dans les souvenirs et sur les photos, dans l\u2019id\u00e9e qu\u2019on se &hellip; <a href=\"https:\/\/monperejeanmamy.fr\/?page_id=2110\">Continuer la lecture <span class=\"meta-nav\">&rarr;<\/span><\/a><\/p>\n","protected":false},"author":2,"featured_media":11,"parent":0,"menu_order":0,"comment_status":"closed","ping_status":"closed","template":"","meta":[],"folder":[],"_links":{"self":[{"href":"https:\/\/monperejeanmamy.fr\/index.php?rest_route=\/wp\/v2\/pages\/2110"}],"collection":[{"href":"https:\/\/monperejeanmamy.fr\/index.php?rest_route=\/wp\/v2\/pages"}],"about":[{"href":"https:\/\/monperejeanmamy.fr\/index.php?rest_route=\/wp\/v2\/types\/page"}],"author":[{"embeddable":true,"href":"https:\/\/monperejeanmamy.fr\/index.php?rest_route=\/wp\/v2\/users\/2"}],"replies":[{"embeddable":true,"href":"https:\/\/monperejeanmamy.fr\/index.php?rest_route=%2Fwp%2Fv2%2Fcomments&post=2110"}],"version-history":[{"count":4,"href":"https:\/\/monperejeanmamy.fr\/index.php?rest_route=\/wp\/v2\/pages\/2110\/revisions"}],"predecessor-version":[{"id":3223,"href":"https:\/\/monperejeanmamy.fr\/index.php?rest_route=\/wp\/v2\/pages\/2110\/revisions\/3223"}],"wp:featuredmedia":[{"embeddable":true,"href":"https:\/\/monperejeanmamy.fr\/index.php?rest_route=\/wp\/v2\/media\/11"}],"wp:attachment":[{"href":"https:\/\/monperejeanmamy.fr\/index.php?rest_route=%2Fwp%2Fv2%2Fmedia&parent=2110"}],"wp:term":[{"taxonomy":"folder","embeddable":true,"href":"https:\/\/monperejeanmamy.fr\/index.php?rest_route=%2Fwp%2Fv2%2Ffolder&post=2110"}],"curies":[{"name":"wp","href":"https:\/\/api.w.org\/{rel}","templated":true}]}}