{"id":2119,"date":"2021-04-14T11:09:35","date_gmt":"2021-04-14T09:09:35","guid":{"rendered":"http:\/\/monperejeanmamy.fr\/?page_id=2119"},"modified":"2021-04-14T11:26:28","modified_gmt":"2021-04-14T09:26:28","slug":"jm-a-jr-fresnes-46-08-12","status":"publish","type":"page","link":"https:\/\/monperejeanmamy.fr\/?page_id=2119","title":{"rendered":"JM \u00e0 JR (Fresnes 46\/08\/12)"},"content":{"rendered":"<p><strong>\u00a0<\/strong><a href=\"http:\/\/monperejeanmamy.fr\/?page_id=2114\"><img loading=\"lazy\" class=\"wp-image-1352 alignleft\" src=\"http:\/\/monperejeanmamy.fr\/wp-content\/uploads\/2021\/03\/Lettre-precedente.jpg\" alt=\"\" width=\"143\" height=\"78\" \/><\/a><a href=\"http:\/\/monperejeanmamy.fr\/?page_id=2123\"><img loading=\"lazy\" class=\"alignright wp-image-1353\" src=\"http:\/\/monperejeanmamy.fr\/wp-content\/uploads\/2021\/03\/Lettre-suivante.jpg\" alt=\"\" width=\"139\" height=\"76\" \/><\/a><\/p>\n<p style=\"text-align: center;\"><strong>Lundi 12 ao\u00fbt 1946<\/strong><\/p>\n<p style=\"text-align: center;\">Petite Jeannette ch\u00e9rie,<\/p>\n<p style=\"text-align: justify;\">Ce sont les petites filles, les petits enfants, les b\u00e9b\u00e9 fragiles qui ont le plus besoin et de sucres d\u2019orge et de cette tendresse b\u00e9ate que leurs m\u00e8res s\u2019acharnent \u00e0 leur prodiguer avec des mots b\u00e9b\u00eates, comme on leur fait manger la soupe \u00e0 la cuiller. \u00a0Je te sens si d\u00e9sireuse de petites choses, qui en cachent de grandes, que moi aussi je me sentirai port\u00e9 \u00e0 t\u2019administrer mot par mot, avec des pr\u00e9cautions incalculables, de grosses doses de caresses physiques qui p\u00e9n\u00e8trent lentement ton \u00eatre moral jusqu\u2019\u00e0 l\u2019impr\u00e9gner de cette moiteur amicale, de cette satisfaction int\u00e9rieure b\u00e9n\u00e9fique qui transforme l\u2019individu et lui donne une appr\u00e9ciation l\u00e9g\u00e8re de la v\u00e9ritable substance de l\u2019amour. Je sais bien que tu as de grosses choses \u00e0 me confesser, que l\u2019esprit de Jeannette est plein de toutes sortes de confidences raval\u00e9es, inexprim\u00e9es, intraduisibles, qu\u2019il ne faut m\u00eame pas essayer de formuler, sinon la bouche les d\u00e9flore, l\u2019\u00e9criture les trahit. Les mots n\u2019ont jamais pu exprimer la pens\u00e9e fluide, intense, vivante de l\u2019homme. Ce sont de pauvres symboles. Ils emprisonnent dans leurs cangues, leurs chrysalides, leurs limites cristallis\u00e9es, tout le suc r\u00e9el, l\u2019\u00e9lan prodigieux de la libert\u00e9 du c\u0153ur et nous restons tout surpris de voir que nos plus muettes adorations, nos plus fougueuses envol\u00e9es sont p\u00e9trifi\u00e9es, tout comme un temple s\u2019est solidifi\u00e9 dans le marbre et d\u00e9p\u00e9rit d\u00e8s lors dans la poussi\u00e8re quotidienne, sous les griffes lentes du temps.<\/p>\n<p style=\"text-align: justify;\">Il y a beaucoup de soir\u00e9es que nous passons ensemble depuis longtemps, les unes \u00e0 \u00e9changer des mots directement, les autres par lettre, et ces derni\u00e8res ne sont pas les moins bonnes, car la pr\u00e9sence y est moins mat\u00e9rielle, mais souvent plus pr\u00e9cise, ne t&rsquo;en d\u00e9plaise. Point besoin de se voir pour s&rsquo;entendre. Point besoin d&rsquo;\u00e9changer des paroles se comprend. La fusion se fait dans la seule intelligence d&rsquo;un contact commun.<\/p>\n<p style=\"text-align: justify;\">As-tu pu retrouver les documents demand\u00e9s\u00a0? J&rsquo;esp\u00e8re recevoir \u00e0 ce sujet des nouvelles demain ou apr\u00e8s-demain. Je suis persuad\u00e9 qu&rsquo;il n&rsquo;y a pas de perte possible de ces papiers, une erreur les a fait s\u2019\u00e9garer momentan\u00e9ment dans quelque coin dont ils sont d\u00e9j\u00e0 sortis. Tu me le diras mercredi. Je compte bien voir ta robe rouge et tes cheveux blonds dans la cage \u00e0 poules. Et t\u00e2che de m&rsquo;apporter de bonnes nouvelles de l&rsquo;ext\u00e9rieur. Du reste elles ne nous manquent point ici, et quand elles ne nous plaisent point nous en inventons d\u2019autres. Tout le monde est content.<\/p>\n<p style=\"text-align: justify;\">Le temps est lourd aujourd&rsquo;hui. Ce matin \u00e0 la promenade nous avons tourn\u00e9 en rond pendant plus d\u2019une heure dans le pr\u00e9au. Voil\u00e0 quelques kilom\u00e8tres d&rsquo;entra\u00eenement. Les jambes vont encore bien. Toutefois on demanderait du soleil et du vent, au lieu de ces nuages aveuglants et cette inertie qui p\u00e8se. J&rsquo;attends ta r\u00e9ponse au sujet des docus pour commencer une pi\u00e8ce dont j\u2019ai id\u00e9e et qui peu \u00e0 peu se pr\u00e9cise. Quelques personnages, un milieu bourgeois, une jeune fille au centre. Tr\u00e8s r\u00e9volt\u00e9e, pure et patiente. Une histoire de fant\u00f4mes. Des gens s&rsquo;analysant \u00e0 fond. D&rsquo;autres pas du tout. Un grand-p\u00e8re odieusement autoritaire. Le spectre d&rsquo;une h\u00e9r\u00e9sie mat\u00e9rialiste implacable sur un souffle de po\u00e9sie qui cherche \u00e0 s&rsquo;\u00e9vader. Tout cela fermente beaucoup jusqu&rsquo;\u00e0 la minute o\u00f9 le besoin d&rsquo;\u00e9crire sera plus fort que le besoin de r\u00eaver. Alors nous ferons vivre des tas de phrase ensevelie pour l&rsquo;instant au profond de l&rsquo;esprit et qui apparaissent peu \u00e0 peu comme les p\u00e9tales d&rsquo;un bouquet. Il m&rsquo;a beaucoup appris de regarder pousser des fleurs. La patience, l&rsquo;extr\u00eame patience d&rsquo;abord. On comprend pourquoi les paysans sont des gens calmes. Il leur faut attendre le d\u00e9veloppement mat\u00e9riel des choses alors que le citadin fabrique son d\u00e9cor de sa propre volont\u00e9. Ceci m&rsquo;encouragerait \u00e0 rompre d\u00e9finitivement avec la ville. Surfaite. Fabriqu\u00e9e. Fausse. Expression d&rsquo;une volont\u00e9 humaine. \u0152uvre de d\u00e9miurge. L&rsquo;arbre de la campagne est un repos, un producteur, un paradis, une \u00e9vasion, celui de la ville est un ornement, plac\u00e9 l\u00e0 par contrainte dans une cit\u00e9 b\u00e2tie de main d&rsquo;homme, Castor aux pr\u00e9tentions olympiennes, mais \u00e0 l&rsquo;orgueil obtus. Je lis la vie de Washington qui fut aussi brutal, faux, que patient, g\u00e9nial, et rigoureusement droit. Il d\u00e9couvrit les bienfaits de l&rsquo;agriculture sur le tard. Si je sors de l&rsquo;aventure pr\u00e9sente je fonderai le groupe \u00ab Cincinnatus \u00bb. Nous irons fonder des colonies dans les vastes espaces o\u00f9 il faut d\u00e9fricher aussi bien esprit la terre, et le socle de notre charrue (qui sera une grande machine moderne) fera jaillir des id\u00e9es neuves qui prosp\u00e9reront dix fois et donneront cent \u00e9pis pour un. \u00c0 ce moment l\u00e0, tu auras douze enfants, et tu dirigeras un r\u00e9giment de servantes. Tu te sens capable d\u2019\u00eatre une ma\u00eetresse de maison \u00e9nergique\u00a0? Hum\u00a0! Voir\u00a0! Tu aurais de l&rsquo;autorit\u00e9 ? Sais-tu que pour se faire ob\u00e9ir, il faut \u00eatre tr\u00e8s autoritaire, tr\u00e8s ambitieuse, d&rsquo;esprit tr\u00e8s rassis, ordonn\u00e9, <u>int\u00e9ress\u00e9<\/u>. Quelquefois les vocations les plus farouches sommeillent chez les \u00eatres d&rsquo;apparence douce, o\u00f9 l&rsquo;on s&rsquo;attendait le moins \u00e0 les trouver. Tu sais qu&rsquo;avec moi tu n&rsquo;aurais pas du tout, mais pas du tout, une existence de tout repos, que j&rsquo;ai un caract\u00e8re tr\u00e8s difficile, que je suis pr\u00eat \u00e0 des aventures encore plus dangereuses que celles travers\u00e9es, que les \u00e9motions qui t\u2019attendent sont infiniment plus grandes que celles que tu as d\u00e9j\u00e0 v\u00e9cues, qu&rsquo;il faudra \u00eatre sur le qui-vive continuel, que la lutte contre tout va s&rsquo;amplifier d\u00e9mesur\u00e9ment, que le plus grand courage, le plus grand calme est requis pour affronter et r\u00e9soudre les probl\u00e8mes qui vont se pr\u00e9senter, et que toutes les heures vont se passer dans le tumulte effr\u00e9n\u00e9 d&rsquo;un combat dont pour sortir vainqueur il faut l&rsquo;appui et le miracle de toute la gr\u00e2ce divine, car aucune puissance humaine ne pourrait \u00eatre d&rsquo;un secours efficace. Sais-tu bien tout cela. Es-tu pr\u00eate \u00e0 ne pas te lamenter, t\u2019effaroucher ? \u00c1 ne jamais te plaindre ? \u00c1 toujours suivre ou pr\u00e9c\u00e9der avec ardeur ! \u00c0 ne jamais redouter le moment qui vient\u00a0? \u00c0 regarder les choses en face\u00a0? \u00c0 franchir toutes les passes extraordinairement difficultueuse\u00a0? Je ne te propose pas du tout une existence bourgeoise, mais la plus cahot\u00e9e, la plus inconfortable, la plus impr\u00e9vue des vies aventureuses. Voil\u00e0 qui est beau programme. Tu sais \u00e0 quoi tu t&rsquo;engages. Je ne te prends pas en tra\u00eetre. Et ne cherche pas \u00e0 m&rsquo;adoucir. Je ne suivrai jamais que l&rsquo;inspiration int\u00e9rieure qui commande tout. Pas d&rsquo;influence humaine. Il faut marcher du m\u00eame pas, courir sur le m\u00eame flot, affronter la m\u00eame vague. Je t&rsquo;aime bien, sais-tu. Et tu le sais. C&rsquo;est pourquoi je te dis tout cela dans tes yeux marrons avec une pr\u00e9cision de m\u00e9decin de famille. La v\u00e9rit\u00e9, rien que la v\u00e9rit\u00e9, mais toute la v\u00e9rit\u00e9. C&rsquo;est tr\u00e8s s\u00e9rieux.<\/p>\n<p style=\"text-align: justify;\">Je viens de recevoir \u00e0 l&rsquo;instant le colis. Il est \u00e9patant. Merci. Merci. Rien \u00e0 dire, \u00e0 demander. Tout est parfait. Veux-tu bien souhaiter de ma part \u00e0 ma m\u00e8re sa f\u00eate. Je te dirai du reste au parloir. Ai vu secr\u00e9taire Floriot.\u00a0Je vais demain \u00e0 B.A. pour un d\u00e9tail insignifiant. Je ne pense pas te voir car les ordres sont tr\u00e8s s\u00e9v\u00e8res et il est d\u00e9sormais impossible aux d\u00e9tenus d&rsquo;apercevoir leur famille. Mais je t&rsquo;aurai \u00e0 moi, mercredi dans la cage.<\/p>\n<p style=\"text-align: justify;\">Les \u00e9v\u00e9nements vont si vite en ce moment que l&rsquo;on doit s&rsquo;attendre aux plus grandes et meilleures surprises. Les plus grands espoirs sont permis. Ne crois pas que je plaisante. Tu verras dans quelque temps que nous ne nous trompons pas. Patience. Encore. Toujours.<\/p>\n<p style=\"text-align: justify;\">\u00c0 bient\u00f4t te lire, te voir, t&#8217;embrasser. Ceci dans l&rsquo;ordre ascendant. Les roses se sont magnifiquement ouvertes depuis tout \u00e0 l&rsquo;heure. Les soucis aussi. Qu&rsquo;est-ce que c&rsquo;est que ces petites fleurs violettes\u00a0? De la bruy\u00e8re\u00a0? Ne me met plus de tapioca. J&rsquo;en ai une r\u00e9serve. Par contre le riz s\u2019\u00e9puise. Th\u00e9 et caf\u00e9 sont toujours grands bienvenus. Gros, gros, gros\u2026 et bien davantage.<\/p>\n<p>J.<\/p>\n<p>&nbsp;<\/p>\n","protected":false},"excerpt":{"rendered":"<p>\u00a0 Lundi 12 ao\u00fbt 1946 Petite Jeannette ch\u00e9rie, Ce sont les petites filles, les petits enfants, les b\u00e9b\u00e9 fragiles qui ont le plus besoin et de sucres d\u2019orge et de cette tendresse b\u00e9ate que leurs m\u00e8res s\u2019acharnent \u00e0 leur prodiguer &hellip; <a href=\"https:\/\/monperejeanmamy.fr\/?page_id=2119\">Continuer la lecture <span class=\"meta-nav\">&rarr;<\/span><\/a><\/p>\n","protected":false},"author":2,"featured_media":11,"parent":0,"menu_order":0,"comment_status":"closed","ping_status":"closed","template":"","meta":[],"folder":[],"_links":{"self":[{"href":"https:\/\/monperejeanmamy.fr\/index.php?rest_route=\/wp\/v2\/pages\/2119"}],"collection":[{"href":"https:\/\/monperejeanmamy.fr\/index.php?rest_route=\/wp\/v2\/pages"}],"about":[{"href":"https:\/\/monperejeanmamy.fr\/index.php?rest_route=\/wp\/v2\/types\/page"}],"author":[{"embeddable":true,"href":"https:\/\/monperejeanmamy.fr\/index.php?rest_route=\/wp\/v2\/users\/2"}],"replies":[{"embeddable":true,"href":"https:\/\/monperejeanmamy.fr\/index.php?rest_route=%2Fwp%2Fv2%2Fcomments&post=2119"}],"version-history":[{"count":3,"href":"https:\/\/monperejeanmamy.fr\/index.php?rest_route=\/wp\/v2\/pages\/2119\/revisions"}],"predecessor-version":[{"id":2126,"href":"https:\/\/monperejeanmamy.fr\/index.php?rest_route=\/wp\/v2\/pages\/2119\/revisions\/2126"}],"wp:featuredmedia":[{"embeddable":true,"href":"https:\/\/monperejeanmamy.fr\/index.php?rest_route=\/wp\/v2\/media\/11"}],"wp:attachment":[{"href":"https:\/\/monperejeanmamy.fr\/index.php?rest_route=%2Fwp%2Fv2%2Fmedia&parent=2119"}],"wp:term":[{"taxonomy":"folder","embeddable":true,"href":"https:\/\/monperejeanmamy.fr\/index.php?rest_route=%2Fwp%2Fv2%2Ffolder&post=2119"}],"curies":[{"name":"wp","href":"https:\/\/api.w.org\/{rel}","templated":true}]}}