{"id":2131,"date":"2021-04-14T11:40:00","date_gmt":"2021-04-14T09:40:00","guid":{"rendered":"http:\/\/monperejeanmamy.fr\/?page_id=2131"},"modified":"2024-01-21T11:19:34","modified_gmt":"2024-01-21T10:19:34","slug":"jm-a-jr-fresnes-46-09-01","status":"publish","type":"page","link":"https:\/\/monperejeanmamy.fr\/?page_id=2131","title":{"rendered":"JM \u00e0 JR (Fresnes 46\/09\/01)"},"content":{"rendered":"<p><strong>\u00a0<\/strong><a href=\"http:\/\/monperejeanmamy.fr\/?page_id=2127\"><img loading=\"lazy\" class=\"wp-image-1352 alignleft\" src=\"http:\/\/monperejeanmamy.fr\/wp-content\/uploads\/2021\/03\/Lettre-precedente.jpg\" alt=\"\" width=\"143\" height=\"78\" \/><\/a><a href=\"http:\/\/monperejeanmamy.fr\/?page_id=2135\"><img loading=\"lazy\" class=\"alignright wp-image-1353\" src=\"http:\/\/monperejeanmamy.fr\/wp-content\/uploads\/2021\/03\/Lettre-suivante.jpg\" alt=\"\" width=\"139\" height=\"76\" \/><\/a><\/p>\n<p style=\"text-align: center;\"><strong>Dimanche 1<sup>er<\/sup> septembre 1946<\/strong><\/p>\n<p style=\"text-align: center;\">Ma ch\u00e9rie,<\/p>\n<p style=\"text-align: justify;\">Si aujourd\u2019hui tu avais l\u2019insigne honneur d\u2019\u00eatre mon compagnon de cellule, tu aurais support\u00e9 tous les d\u00e9sagr\u00e9ments que suscite un po\u00e8te plong\u00e9 dans ses abstractions rim\u00e9es et rythm\u00e9es et pour qui le monde n\u2019existe plus, sauf ses alexandrins, ses dizains, ses ballades, ses villanelles et tous autres spectres fameux de la litt\u00e9rature traditionnelle. J\u2019ai rabot\u00e9, recoup\u00e9, retaill\u00e9, retouch\u00e9, rabiboch\u00e9, raffermi, radouci, retrac\u00e9, recopi\u00e9, repiqu\u00e9, \u00e7\u00e0 et l\u00e0, un peu partout, encore une fois, puis deux, puis trois. Et ce n\u2019est pas fini. Mais le polissage le plus minutieux commence \u00e0 donner certains r\u00e9sultats. H\u00e9\u00a0! H\u00e9\u00a0! Ah\u00a0! Ah\u00a0! Oui\u00a0! Oui\u00a0! Enfin\u00a0! On ne se donne pas trop de peine pour rien. Mon Dieu\u00a0! \u00c0 90 ans nous arriverons peut-\u00eatre \u00e0 savoir travailler un peu.<\/p>\n<p style=\"text-align: justify;\">Pour l&rsquo;instant nous ne sommes encore qu&rsquo;un apprenti. \u00c0 c\u00f4t\u00e9 de la perfection absolue que de pas \u00e0 franchir. J&rsquo;aurais voulu \u00eatre \u00e0 la fois po\u00e8te, acteur, musicien, peintre, sculpteur, architecte, metteur en sc\u00e8ne de cin\u00e9ma, auteur dramatique\u2026 Et chef d&rsquo;\u00c9tat. Il est vrai que je me suis essay\u00e9 dans tous les genres ci-dessus. En s&rsquo;y appliquant, on arrivera \u00e0 se parfaire.<\/p>\n<p style=\"text-align: justify;\">Bonjour. Je t&#8217;embrasse. Une fois. Deux fois. Trois fois. Et on recommence. Jusqu&rsquo;\u00e0 plus soif. Pour cela insatiable. Tout sourire, tes cheveux, ton silence, tes yeux marrons, violets, ta main fine, ta petite moue, l\u00e8vres pinc\u00e9es, ton bonjour, tes rubans, ta robe rouge, ton air de toute petite fille, tes na\u00efvet\u00e9s, tes audaces, ton bon c\u0153ur, tes petits paquets (je ne te fais pas de compliments. Je m\u2019\u00e9crirai \u00e0 moi-m\u00eame des choses plaisantes. Ne rougis pas), tes soucis, tes hortensias, ton chocolat, tes saucisses. Finissons-en. Je t\u2019embrasse. Plusieurs fois.<\/p>\n<p style=\"text-align: justify;\">Tout va tr\u00e8s tr\u00e8s bien. Tu sais que nos ennuis vont finir bient\u00f4t. Tout de suite. Ils sont finis. Ils n\u2019ont jamais exist\u00e9. Ils ont toujours \u00e9t\u00e9 des r\u00eaves. L\u2019humanit\u00e9 est parfaite. Pas de guerre. Pas de disputes. Pas d\u2019ennuis. Un paradis. Il faut \u00eatre fou pour croire \u00e0 autre chose. Les hommes sont tous bons. La preuve : c\u2019est que nous ne sommes pas en prison, et que demain les Allemands et les Russes ne tomberont pas sur le dos des Fran\u00e7ais. Ma ch\u00e9rie, je sens dans l\u2019air quelque chose d\u2019heureux. Et je ne me trompe jamais quand mes pressentiments sont bons. Il faut avoir confiance, confiance, confiance, savoir qu\u2019il n\u2019y a point, point, point de mal et que tout s\u2019ouvrira bient\u00f4t devant les honn\u00eates gens, devant ceux qui ont lutt\u00e9 pour un id\u00e9al d\u00e9sint\u00e9ress\u00e9, qui ont ob\u00e9i au meilleur d\u2019eux-m\u00eames, qui ont travaill\u00e9 sous les hu\u00e9es pour que leur pays soit propre, d\u00e9barrass\u00e9 des fripouilles parlementaires ou autres, de tous bandits. Les honn\u00eates gens qui sont po\u00e8tes et qui ont des petites filles \u00e0 robe rouge qui les attendent dans les villas de banlieue o\u00f9 il y a des fleurs dans les jardins et des b\u00e9b\u00e9s blonds dans les chambres.<\/p>\n<p style=\"text-align: justify;\">J\u2019ai donc travaill\u00e9 comme un ange. Et je suppose que tu as pass\u00e9 ton dimanche \u00e0 penser un peu \u00e0 ce vieux bonhomme bourru \u00e0 qui tu envoies des colis toutes les semaines en souvenir d\u2019un gros b\u00e9b\u00e9 qui d\u00e9vaste les plates-bandes. Gros, grand, gras bonhomme, tout plein de mots virulents ou doux, selon les jours, qu\u2019on est oblig\u00e9 de mettre derri\u00e8re les grillages tant on le dit m\u00e9chant, parce que dehors, il n\u2019y a que des moutons, des agneaux, de tout petits angelots gentils qui n\u2019ont jamais fait de mal \u00e0 personne. Je t\u2019embrasse. Quatre fois.<\/p>\n<p style=\"text-align: justify;\">\u00c0 demain matin. Je t\u2019\u00e9crirai tout ce que je pense. Mais ce soir, avant de m\u2019endormir, je te raconterai une belle histoire, \u00e0 voix basse, avec des anges, et des bateaux, et des ch\u00e2teaux, et des flots bleus, et des poissons, et des carrosses, et des chansons. Je t\u2019embrasse sur le bout du nez, te remets la t\u00eate sur mon \u00e9paule\u2026 et dors\u00a0!!! Il ne faut jamais troubler la musique des dimanches soirs, quand il y a concert l\u00e0-haut, avec des instruments des voix, des sons, d\u2019une telle originalit\u00e9 harmonieuse qu\u2019on ne saurait jamais traduire. Chutt\u00a0! Chutt\u00a0! Chutt\u00a0!<\/p>\n<h1 style=\"text-align: justify;\"><u>Lundi<\/u>.<\/h1>\n<p style=\"text-align: justify;\">L\u2019avantage quand on aime quelqu\u2019un \u2013 et quand la personne r\u00e9pond \u00e0 cet amour \u2013 c\u2019est qu\u2019on peut lui raconter ind\u00e9finiment la m\u00eame histoire, avec d\u2019autres mots ou les m\u00eames mots, et qu\u2019elle est toujours contente \u2013 parce qu\u2019elle n\u2019attend jamais qu\u2019une seule histoire. Tout est dans la fa\u00e7on de la raconter pour qu\u2019elle paraisse toujours neuve. Il y a m\u00eame moyen de la raconter plusieurs fois par jour. Et puis l\u2019on dit que les m\u00e9nages heureux n\u2019ont pas d\u2019histoire. Voil\u00e0 qui change tout. D\u00e9sormais plus besoin d\u2019avoir recours \u00e0 des artifices. Sans histoire. Les yeux dans les yeux. La main dans la main. (C\u2019est le commencement d\u2019un vieux po\u00e8me de je ne sais plus qui \u2013 le deuxi\u00e8me vers \u00e9tait\u00a0: ils allaient tous les deux, allant leur chemin). Pas tr\u00e8s commode pour marcher, mais agr\u00e9able. Moi je pr\u00e9f\u00e8re te regarder un peu de tous les c\u00f4t\u00e9s, pour voir s\u2019il y a tromperie sur la marchandise. Jusqu\u2019\u00e0 pr\u00e9sent, tout va. J\u2019ai remarqu\u00e9 que tu faisais des enfants convenables. Qu\u2019est-ce que tu peux bien regarder aussi attentivement, aussi s\u00e9rieusement sur ta photo de profil\u00a0? J\u2019ai l\u2019impression qu\u2019il y a une souris dans l\u2019atelier du photographe.<\/p>\n<p style=\"text-align: justify;\">Bien re\u00e7u ta lettre de vendredi avec tous renseignements pr\u00e9cieux. Attends lettre de samedi. Tu peux m\u2019\u00e9crire ainsi tous les jours. Il n\u2019y en a jamais trop. Et je ne suis jamais fatigu\u00e9 de te lire. Bien au contraire. Les fleurs poussent \u00e0 merveille. Cette semaine deux doubles p\u00e9tunias. Deux autres en pr\u00e9paration. Quant aux simples p\u00e9tunias ils sont huit ou dix \u00e0 se renouveler. Les gueules de loup arrivent sur la fin. Les b\u00e9gonias n\u2019ont pas r\u00e9ussi). Je les taille feuille par feuille jusqu\u2019\u00e0 ce qu\u2019ils ressemblent \u00e0 des palmiers. Et \u00e7a ne rend toujours pas. Je crois que c\u2019est une question de terre. Mon terreau est m\u00e9lang\u00e9 de charbon. Les plantes ne doivent pas aimer \u00e7a. Quant aux hortensias de la semaine derni\u00e8re, ils durent encore, dess\u00e9ch\u00e9s comme de vieux savants fragiles, dans un pot. Je leur ai coup\u00e9 r\u00e9guli\u00e8rement la patte, et ils se prolongent b\u00e9atement.<\/p>\n<p style=\"text-align: justify;\">De l\u2019histoire du bateau j\u2019ai fait un conte. Il se prolonge dans une tribu n\u00e8gre. Comment serais-tu en n\u00e9gresse\u00a0? Il y a un personnage de vieux sorcier. Le petit enfant recueilli devient le grand chef de toute la r\u00e9gion, parce que de race blanche et l\u2019on ne comprend jamais comment il est venu. Du reste, pourquoi comprendre\u00a0? Tu cherches \u00e0 comprendre quelque chose \u00e0 l\u2019histoire de la terre, toi\u00a0? Rien \u00e0 comprendre. Il faut vivre en dehors de toutes ces complications. Dans son petit jardin. Avec le minimum de rapports avec le monde. Ermite bien sage. Et pourtant tr\u00e8s actif. Mais sans se br\u00fbler les doigts. Tu verras que\u00a0 j\u2019arriverai \u00e0 devenir parfaitement raisonnable. D\u2019abord, O toute petite fille, tu ne dois jamais te troubler pour quoi que ce soit. Tout va toujours tr\u00e8s bien. Et on fin ira quand m\u00eame par retomber sur ses pattes. Tout comme les chats qui arrivent ainsi du sixi\u00e8me \u00e9tage sur le trottoir. Il est vrai que je tombe de plus haut. Mais, jusqu\u2019\u00e0 pr\u00e9sent le parachute s\u2019est ouvert. On verra bien \u00e0 l\u2019arriv\u00e9e.<\/p>\n<h1 style=\"text-align: justify;\"><u>18h<\/u>.<\/h1>\n<p style=\"text-align: justify;\">Bien re\u00e7u colis. Excellent. Excellentissime. La perfection absolue. Le fin du mieux. Veux-tu dire \u00e0 ma m\u00e8re qu\u2019elle attache plus soigneusement le colis de linge, car il s\u2019est d\u00e9fait. Heureusement rien n\u2019est perdu. J\u2019ai v\u00e9rifi\u00e9 avec la liste. Il faut recoudre les ficelles et mettre correctement les \u00e9pingles. Ensuite placer le m\u00e9ta <u>au fond<\/u> et non sur le dessus. Pour le reste tout est si bien que je n\u2019en ferai pas de compliment. Si j\u2019ai demand\u00e9 un peu de chocolat c\u2019est qu\u2019en principe j\u2019ai besoin d\u2019<u>une<\/u> tablette par <u>jour<\/u>. Calculez sur ce chiffre et tout ira bien (petite tablette bien entendu).<\/p>\n<p style=\"text-align: justify;\">De jour en jour, d\u2019heure en heure, les nouvelles nous paraissent apporter au monde et \u00e0 nous-m\u00eames une d\u00e9livrance. C\u2019est d\u00e9livrance que voir le mal, que le d\u00e9noncer, que l\u2019attaquer, que lui faire la guerre. C\u2019est d\u00e9livrance que combattre ce qui est en bas au nom de ce qui est en haut (dans l\u2019esprit, bien s\u00fbr). C&rsquo;est-\u00e0-dire d\u2019\u00e9lever ce qui est bas jusqu\u2019au plus haut car c\u2019est la seule fa\u00e7on de d\u00e9truire la bassesse que la remplacer par un id\u00e9al des plus \u00e9lev\u00e9s. Tout est d\u00e9livrance dans les id\u00e9es qui commencent \u00e0 courir, les id\u00e9es au nom de quoi le monde r\u00e9el va prendre forme, se manifester harmonieux.<\/p>\n<p style=\"text-align: justify;\">Tes roses sont bien jolies, et ton ch\u00e8vrefeuille aussi. Il sent d\u00e9licieusement. La grosse rouge est si lourde, si pleine de velours. Que dit-elle\u00a0? Qu\u2019apporte-t-elle\u00a0? Des mains sur la table, des yeux dans le ciel, des sourires sur la mer, des souvenirs, des projets, des paroles, des aveux. Dis-le moi encore le mot que tu r\u00e9p\u00e8tes aux cailloux du jardin, au sable de la route, \u00e0 la for\u00eat, au m\u00e9tro qui passe non loin de chez moi. Par la fen\u00eatre de la cellule, il est un coin o\u00f9 on le voit courir. Et son bruit couvre tous les autres surtout quand il s\u2019en va vers Chevreuse.<\/p>\n<p style=\"text-align: justify;\">Merci de la bonne nouvelle que tes amis rentrent le 1<sup>er<\/sup> octobre. J\u2019esp\u00e8re qu\u2019ils penseront \u00e0 me faire signe. Mais je ne voudrais pas les presser. Bien au contraire. J\u2019ai une r\u00e9serve de patience in\u00e9puisable. Qu\u2019ils dorment tranquilles. Ce n\u2019est pas moi qui les relancerai. La secr\u00e9taire de F. (Demery) doit venir me dire bonjour la semaine prochaine. J\u2019ai une chose importante \u00e0 lui dire. Passe lui un coup de fil pour lui dire qu\u2019elle ne manque pas de m\u2019appeler.<\/p>\n<p style=\"text-align: justify;\">Et maintenant la belle histoire\u00a0: il fait doux, le temps est charg\u00e9 de cette \u00e9lectricit\u00e9 mi\u00e8vre qui ne rend pas fou mais emp\u00eache de s\u2019assoupir. Les nuages sont expressifs, contrast\u00e9s, violents et mod\u00e9r\u00e9s \u00e0 la fois. Un grand repos cr\u00e9pusculaire s\u2019\u00e9tend sur la campagne o\u00f9 soufflent, vibrent encore des bruits citadins, des moteurs d\u2019hommes. Les oiseaux insouciants se contentent de peu. Ils p\u00e9pient. Ce n\u2019est point s\u2019ab\u00eatir que faire comme eux. Chanter sa joie musicale, amoureuse, passionn\u00e9e, se montrer tendre. Si je mets la main sur tes yeux tu \u00e9couteras beaucoup plus attentivement ce que je vais te dire\u00a0: \u00ab\u00a0Oui\u00a0!\u00bb. Mes gros, gros, gros baisers.<\/p>\n<p>J.<\/p>\n<p>&nbsp;<\/p>\n","protected":false},"excerpt":{"rendered":"<p>\u00a0 Dimanche 1er septembre 1946 Ma ch\u00e9rie, Si aujourd\u2019hui tu avais l\u2019insigne honneur d\u2019\u00eatre mon compagnon de cellule, tu aurais support\u00e9 tous les d\u00e9sagr\u00e9ments que suscite un po\u00e8te plong\u00e9 dans ses abstractions rim\u00e9es et rythm\u00e9es et pour qui le monde &hellip; <a href=\"https:\/\/monperejeanmamy.fr\/?page_id=2131\">Continuer la lecture <span class=\"meta-nav\">&rarr;<\/span><\/a><\/p>\n","protected":false},"author":2,"featured_media":11,"parent":0,"menu_order":0,"comment_status":"closed","ping_status":"closed","template":"","meta":[],"folder":[],"_links":{"self":[{"href":"https:\/\/monperejeanmamy.fr\/index.php?rest_route=\/wp\/v2\/pages\/2131"}],"collection":[{"href":"https:\/\/monperejeanmamy.fr\/index.php?rest_route=\/wp\/v2\/pages"}],"about":[{"href":"https:\/\/monperejeanmamy.fr\/index.php?rest_route=\/wp\/v2\/types\/page"}],"author":[{"embeddable":true,"href":"https:\/\/monperejeanmamy.fr\/index.php?rest_route=\/wp\/v2\/users\/2"}],"replies":[{"embeddable":true,"href":"https:\/\/monperejeanmamy.fr\/index.php?rest_route=%2Fwp%2Fv2%2Fcomments&post=2131"}],"version-history":[{"count":4,"href":"https:\/\/monperejeanmamy.fr\/index.php?rest_route=\/wp\/v2\/pages\/2131\/revisions"}],"predecessor-version":[{"id":3225,"href":"https:\/\/monperejeanmamy.fr\/index.php?rest_route=\/wp\/v2\/pages\/2131\/revisions\/3225"}],"wp:featuredmedia":[{"embeddable":true,"href":"https:\/\/monperejeanmamy.fr\/index.php?rest_route=\/wp\/v2\/media\/11"}],"wp:attachment":[{"href":"https:\/\/monperejeanmamy.fr\/index.php?rest_route=%2Fwp%2Fv2%2Fmedia&parent=2131"}],"wp:term":[{"taxonomy":"folder","embeddable":true,"href":"https:\/\/monperejeanmamy.fr\/index.php?rest_route=%2Fwp%2Fv2%2Ffolder&post=2131"}],"curies":[{"name":"wp","href":"https:\/\/api.w.org\/{rel}","templated":true}]}}