{"id":2142,"date":"2021-04-17T18:06:15","date_gmt":"2021-04-17T16:06:15","guid":{"rendered":"http:\/\/monperejeanmamy.fr\/?page_id=2142"},"modified":"2021-04-17T19:00:39","modified_gmt":"2021-04-17T17:00:39","slug":"jm-a-jr-fresnes-46-09-16","status":"publish","type":"page","link":"https:\/\/monperejeanmamy.fr\/?page_id=2142","title":{"rendered":"JM \u00e0 JR (Fresnes 46\/09\/16)"},"content":{"rendered":"<p><strong>\u00a0<\/strong><a href=\"http:\/\/monperejeanmamy.fr\/?page_id=2135\"><img loading=\"lazy\" class=\"wp-image-1352 alignleft\" src=\"http:\/\/monperejeanmamy.fr\/wp-content\/uploads\/2021\/03\/Lettre-precedente.jpg\" alt=\"\" width=\"143\" height=\"78\" \/><\/a><a href=\"http:\/\/monperejeanmamy.fr\/?page_id=2160\"><img loading=\"lazy\" class=\"alignright wp-image-1353\" src=\"http:\/\/monperejeanmamy.fr\/wp-content\/uploads\/2021\/03\/Lettre-suivante.jpg\" alt=\"\" width=\"139\" height=\"76\" \/><\/a><\/p>\n<p style=\"text-align: center;\"><strong>Lundi 16 septembre 1946<\/strong><\/p>\n<p style=\"text-align: center;\">Ma ch\u00e9rie,<\/p>\n<p style=\"text-align: justify;\">Tu \u00e9tais tr\u00e8s jolie, trop jolie, dans la cage, jeudi dernier. Et tu avais l\u2019air toute heureuse, et contente, et rassur\u00e9e, et patiente. Et j\u2019esp\u00e8re que tu ne t\u2019es pas ennuy\u00e9e du tout pendant ces minutes si br\u00e8ves, o\u00f9 l\u2019on hurle des mots banals, et o\u00f9 l\u2019on prendra \u00e0 peine le temps de se regarder avec de grands yeux tout ronds o\u00f9 passent tr\u00e8s vite quelques souvenirs, quelques projets et de la tendresse \u00e0 flots. J\u2019ai r\u00eav\u00e9 de toi la nuit suivante. Je ne sais plus o\u00f9 tu \u00e9tais, ni ce que tu faisais dans mon r\u00eave, mais tu y \u00e9tais m\u00eal\u00e9e de fa\u00e7on heureuse, et tu avais la m\u00eame robe rouge, les m\u00eames cheveux blonds, les m\u00eames yeux brillants, le m\u00eame air de petite fille combl\u00e9e, attentive, calme. Tu sais, le bonheur est comme l\u2019oiseau farouche. Il faut attendre longtemps pour qu\u2019il vienne manger dans la main. Et surtout, ne pas vouloir le caresser. Terriblement ind\u00e9pendant.<\/p>\n<p style=\"text-align: justify;\">J\u2019ai re\u00e7u bien peu de nouvelles de toi cette semaine derni\u00e8re. \u00c0 peine une grande lettre et un petit mot. Il est vrai que je suis s\u00fbr de sentir chaque soir et chaque matin ta pens\u00e9e s\u2019agripper \u00e0 mon cou, et souvent la nuit, ta t\u00eate est \u00e0 c\u00f4t\u00e9 de la mienne, sur ma couche en peau de mouton que tu connais. Ainsi, le couple se reforme malgr\u00e9 l\u2019absence, malgr\u00e9 les murs, et dure, sans qu\u2019il soit besoin de s\u2019\u00e9treindre mieux que par l\u2019esprit. La pr\u00e9sence est toujours impond\u00e9rable et parfaite. Ni le temps, ni l\u2019espace, ni les hommes, ni nos soucis, ne peuvent nous s\u00e9parer, nous emp\u00eacher de marcher du m\u00eame pas, de vivre du m\u00eame souffle, d\u2019avoir, ensemble, les m\u00eames chocs cr\u00e9atifs, de se sentir enivr\u00e9 de la m\u00eame musique triomphale. Combien de fois ai-je pri\u00e9 pour que tu sois si heureuse et si calme que les mots que je t\u2019\u00e9cris t\u2019arrivent avant que je les pense, pour que tu sentes combien l\u2019infini fait resplendir ceux qu\u2019il aime. Et la r\u00e9compense sera grande pour avoir lutt\u00e9 avec confiance, pers\u00e9v\u00e9rance, contre l\u2019orage. Il faut \u00eatre vainqueur, briser la force m\u00e9chante, triompher du mal. Pour ce, nous avons encore besoin de lutter, travailler, ob\u00e9ir, les yeux ferm\u00e9s, \u00e0 la plus haute voix qui commande tout dans le monde, et impose son ordre. Personne ne te veut le mal de te priver de celui que tu aimes \u2013 et qui t\u2019aime. Il n\u2019est pas dans la tourmente, mais dans l\u2019espoir, dans l\u2019\u00e9tude, dans la patience, dans l\u2019assiduit\u00e9, et rien ne peut lui arriver de mal.<\/p>\n<p style=\"text-align: justify;\">Petite ch\u00e9rie, je sens trop de choses en toi pour que tu ne sois pas b\u00e9nie un jour prochain pour ta fid\u00e9lit\u00e9 et ta constance. Il y a longtemps que nous nous connaissons et tu as subi quelques fois beaucoup de chocs, de doutes, et tu as toujours \u00e9t\u00e9 si attach\u00e9e, si ob\u00e9issante, si pleine d\u2019affection qu\u2019on est bien forc\u00e9 de vaincre notre carapace d\u2019orgueil ou de m\u00e9fiance (ah\u00a0! ces vieux m\u00e2les qui d\u00e9testent tant les femmes) et de t\u2019accorder ce \u00e0 quoi tu as droit. \u00c0 regarder tes yeux loyaux, on n\u2019a plus gu\u00e8re peur de l\u2019impr\u00e9vu, ou du trop pr\u00e9vu. On sent qu\u2019il y a une force rare, un de ces joyaux d\u2019amiti\u00e9 et d\u2019amour qui s\u2019offre tout pur et qu\u2019il faut respecter, que l\u2019on doit prendre \u2013 car c\u2019est le cadeau que nul ne peut refuser. Que ce tr\u00e9sor est pour toi, pour \u00eatre gard\u00e9 \u00e0 l\u2019abri de tout m\u00e9fait, pour \u00eatre ador\u00e9, mouill\u00e9 de larmes en secret. Il faut savoir, avec gr\u00e2ce, appr\u00e9cier la valeur d\u2019un tel don et ne pas l\u2019\u00e9touffer seulement sous des caresses physiques, mais lui donner toute la reconnaissance intime, toute la joie heureuse pour qu\u2019il s\u2019\u00e9panouisse en confiance, pour que d\u2019un sentiment fr\u00eale et timide, il surgisse un jour prochain, un arbre grand et fort, un puissant courant de vie et d\u2019action. L\u2019amour fait progresser l\u2019homme jusqu\u2019\u00e0 sa taille supr\u00eame, le transfigure, lui imprime son mouvement cosmique. Il r\u00e9sonne \u00e0 plein dans les plus beaux jours, et nul ne peut comprendre le sens de l\u2019existence s\u2019il n\u2019aime pas de toute sa foi. Voir comme les fleurs d\u00e9fripent lentement leurs p\u00e9tales jusqu\u2019\u00e0 l\u2019extase, puis reprennent souffle apr\u00e8s la chute de toutes ces vanit\u00e9s pour accoucher de leur graine. Car l\u2019amour n\u2019a de but que la maternit\u00e9, la p\u00e9rennit\u00e9, la survivance dans la m\u00eame image r\u00e9g\u00e9n\u00e9r\u00e9e.<\/p>\n<p style=\"text-align: justify;\">\u00c0 propos, comment va Fr\u00e9d\u00e9ric\u00a0? Tu l\u2019embrasseras partout, et tu lui diras<\/p>\n<ol>\n<li style=\"text-align: justify;\">que son papa le remercie de sa lettre<\/li>\n<li style=\"text-align: justify;\">qu\u2019il est un magnifique enfant dont on est fier et que j\u2019attends de lui une tr\u00e8s prochaine photo<\/li>\n<li style=\"text-align: justify;\">qu\u2019il gronde sa maman de ne point m\u2019\u00e9crire autant qu\u2019elle le voudrait au fond et de ne pas me dire tout ce qu\u2019elle pense au fond.<\/li>\n<\/ol>\n<p style=\"text-align: justify;\">J\u2019ai d\u00e9j\u00e0 re\u00e7u le colis, l\u2019ai d\u00e9pouill\u00e9 avec une reconnaissance non feinte. Tout est parfait, pour le mieux, surabondant. Je suis le plus heureux, le plus g\u00e2t\u00e9 des hommes. Pourquoi ne t\u2019es tu pas fourr\u00e9e dans la poche du veston\u00a0? Il y a de la place pour toi ici, sais-tu\u00a0? Dans le coin de la cellule. Je t\u2019y donnerai un livre et, en surveillant mes fleurs du coin de l\u2019\u0153il, j\u2019\u00e9crirai <u>pour toi<\/u> la belle histoire (il faudra que je l\u2019\u00e9crive un jour celle-l\u00e0. Mais si je me mets \u00e0 \u00e9crire un roman d\u2019amour, il sera d\u2019une longueur, d\u2019une violence, d\u2019une abondance de mati\u00e8res\u00a0!!). Il faut toujours partir du principe qu\u2019avant vous personne n\u2019a rien \u00e9crit sur le sujet. Je viens de finir \u00ab\u00a0<em>Spackenbroke<\/em>\u00a0\u00bb, de Charles Morgan. Magnifique ouvrage pa\u00efen \u00e0 fa\u00e7ade chr\u00e9tienne sur la passion inique et artiste d\u2019un couple \u2013 presque malsain, malgr\u00e9 sa beaut\u00e9. Ce n\u2019est pas nous. Beaucoup plus simple. Et dans tes yeux clairs, il y a tout l\u2019infini de la tendresse m\u00fbre.<\/p>\n<p style=\"text-align: justify;\">(Pendant que j\u2019y pense \u2013 prosa\u00efquement \u2013 veux-tu demander \u00e0 ma m\u00e8re de m\u2019envoyer mes chaussures de daim. Je lui rendrai celles que j\u2019ai ici. Qu\u2019elle t\u00e2che de retrouver Boudry qui me doit une paire de chaussures par l\u2019entremise de Mlle Gosselin \u00e0 la Salp\u00e9tri\u00e8re. Je sais que ma m\u00e8re a \u00e9chou\u00e9 d\u00e9j\u00e0 une fois, mais qu\u2019elle insiste, ou qu\u2019elle \u00e9crive \u00e0 Me Jacques Isorni, son avocat, pour avoir son adresse. Au besoin, charge-t-en. C\u2019est un tr\u00e8s brave camarade, mais un peu oublieux. Et il me ferait plaisir d\u2019avoir<\/p>\n<ol>\n<li style=\"text-align: justify;\">la paire de chaussures<\/li>\n<li style=\"text-align: justify;\">l\u2019imperm\u00e9able qu\u2019il m\u2019a promis. T\u00e2che donc de le joindre et de r\u00e9cup\u00e9rer lesdits objets. Pour l\u2019imperm\u00e9able, d\u00e9battre le prix). Je lui rendrai jeudi le costume bleu que j\u2019ai. Qu\u2019elle le fasse nettoyer.<\/li>\n<\/ol>\n<p style=\"text-align: justify;\">Pour le reste tout va bien. Envoie moi r\u00e9guli\u00e8rement des condiments comme tu m\u2019as mis aujourd\u2019hui. Pense aussi \u00e0 la moutarde. Je suis effar\u00e9 en regardant l\u2019indice des prix. Il semble que la catastrophe se pr\u00e9cipite. Nous allons \u00e0 la d\u00e9b\u00e2cle la plus totale. Voil\u00e0 ce qu\u2019auront co\u00fbt\u00e9 \u00e0 la France ses actuels administrateurs.<\/p>\n<p style=\"text-align: justify;\">Pour l\u2019ensemble, Il faut pr\u00e9voir d\u2019urgence les \u00e9v\u00e9nements les plus importants. Je crois que nous allons \u00e0 la plus grave des crises \u2013 qui nous permettra de nous lib\u00e9rer de nos ennemis, et de sortir de notre trou. Sois pr\u00eate \u00e0 toute \u00e9ventualit\u00e9 en cas de conflit international. En huit jours, il faudra tout liquider et partir. Peut-\u00eatre en moins de temps. Tu peux d\u00e9j\u00e0 acheter (c\u2019est tr\u00e8s s\u00e9rieux) des sacs de montagne (on emporte beaucoup de choses sur le dos), du mat\u00e9riel de camping, des conserves (comme si nous devions attendre 8 jours ou davantage dans un port ou passer la fronti\u00e8re par des moyens p\u00e9destres. Arrange-toi avec ma m\u00e8re pour qu\u2019elle vende au plus t\u00f4t mes bibelots et achetez-moi le sac de montagne le plus grand possible. Munissez-vous de bonnes chaussures. Il faudra vivre comme des errants pendant longtemps. Pr\u00e9voir des sacs de couchage en duvet (le moins lourd \u00e0 emporter). Demande \u00e0 ma m\u00e8re de me procurer une culotte de golf (celle que j\u2019ai fait faire dans une couverture est beaucoup trop lourde pour marcher). Tu verras dans peu de temps combien j\u2019ai raison. Va d\u00e9j\u00e0, d\u00e8s maintenant, \u00e0 l\u2019ambassade argentine. Demande quelles sont les conditions de visa. Itou Chili, etc\u2026 Itou Espagne. Renseigne-toi sur les bateaux. Nous aurons peut-\u00eatre plus d\u2019avantage \u00e0 filer sur la c\u00f4te bretonne, ou sur Biarritz en essayant de trouver une voiture, par les moyens que je connais. En tous cas, d\u00e8s le premier jour de notre lib\u00e9ration, il faudra agir \u00e0 toute allure, ne pas perdre une minute. L\u2019essentiel est de gagner un abri hors de France avant que les Russes soient l\u00e0. Et il leur faut un mois \u00bd apr\u00e8s la d\u00e9claration (ou non) de guerre. Nous sommes beaucoup plus pr\u00e8s du conflit qu\u2019on le croit au dehors. Ici nous avons nos renseignements s\u00fbrs. Pas de doute sur l\u2019imminence de la guerre. Je ne crois pas que tes amis auront le temps de bavarder longtemps encore avec moi, sauf si toute l\u2019histoire est recul\u00e9e de 6 mois. Ne ris pas de tout cela. Il faut du pr\u00eat \u00e0 tout. Nous sommes dans une situation anormale qui peut se d\u00e9nouer du jour au lendemain. J\u2019esp\u00e8re que tu as fait ce que je t\u2019ai dit pour l\u2019argent. Surtout, suis mon conseil. Je sais que tu es ob\u00e9issante et raisonnable.<\/p>\n<p style=\"text-align: justify;\">\u00c9videmment on pr\u00e9f\u00e9rerait vivre dans une autre \u00e9poque, voir s\u2019\u00e9couler des jours heureux, travailler dans la paix civile et l\u2019harmonie g\u00e9n\u00e9rale. Mais, quand on a compris ce qu\u2019est le monde, cette vanit\u00e9, cette mati\u00e8re brutale, on se rend compte que le beau r\u00eave d\u2019une humanit\u00e9 mortelle parfaite est impossible. L\u2019humain, c\u2019est la guerre en soi, la guerre toujours et il faut acc\u00e9der au divin, vivre tr\u00e8s haut en dehors des contingences pour atteindre la paix d\u00e9finitive, celle o\u00f9 le plaisir et la douleur ont disparu pour laisser la place \u00e0 l\u2019harmonie de la vie.<\/p>\n<p style=\"text-align: justify;\">T\u00e9l\u00e9phone \u00e0 Demery dans quelques huit jours pour lui demander de passer prendre ce dont je t\u2019ai parl\u00e9 (plut\u00f4t quinze jours). Bien re\u00e7u le papier. Je vais travailler.<\/p>\n<p style=\"text-align: justify;\">Et je t\u2019embrasse \u00e0 nouveau. Et je mets \u00e0 nouveau sur mon \u00e9paule ta t\u00eate blonde, et je te regarde dormir, ouvrir les yeux, tendre les l\u00e8vres, sourire, et te pelotonner quand tu es heureuse. Et je t\u2019\u00e9coute ne rien me dire. Et je t\u2019\u00e9coute me dire les mots tr\u00e8s secrets, et surtout je bois tes larmes car tu pleures encore, comme autrefois. N\u2019est-ce pas\u00a0? Pour me montrer comme tu es contente, heureuse, sensible, pour me dire par tes yeux ce que tu n\u2019oses pas \u00e0 l\u2019oreille. Mon amour, dors tranquille, calme toi. J\u2019ai ta main dans la mienne, et le ciel est bleu au-dessus de nous. Il ne nous tombera pas sur la t\u00eate, car il est solide comme les c\u0153urs qui se sont beaucoup cherch\u00e9s et qui ont fini par se trouver apr\u00e8s de nombreux combats. Ce qu\u2019il en a fallu en emporter des victoires pour arriver \u00e0 se dire des choses pr\u00e9cieuses. On a toujours si peur d\u2019\u00eatre d\u00e9\u00e7u, vol\u00e9, incompris, rejet\u00e9. Et puis l\u2019on garde pour soi le meilleur. On ne veut pas partager le plus haut amour. Mors y comme dans un g\u00e2teau. Mange-le tout entier. Que tu te rassasies \u00e0 ta faim de beaut\u00e9 et de douceur, et crois bien que les affinit\u00e9s indestructibles sont les plus lentes \u00e0 se r\u00e9v\u00e9ler , mais qu\u2019elles apparaissent au bout de la temp\u00eate, comme seul refuge, comme le salut du soleil doux. Sur la mer calm\u00e9e. Il n\u2019est pas loin le temps o\u00f9 je pourrai te dire ces mots plus pr\u00e8s de ta tempe. Pour l\u2019instant, qu\u2019ils m\u00fbrissent en toi. C\u2019est le gros cadeau d\u2019aujourd\u2019hui. Est-ce qu\u2019on t\u2019embrasse\u00a0? Bien plus\u00a0! On t\u2019emporte.<\/p>\n<p>J.<\/p>\n<p>&nbsp;<\/p>\n<p>&nbsp;<\/p>\n","protected":false},"excerpt":{"rendered":"<p>\u00a0 Lundi 16 septembre 1946 Ma ch\u00e9rie, Tu \u00e9tais tr\u00e8s jolie, trop jolie, dans la cage, jeudi dernier. Et tu avais l\u2019air toute heureuse, et contente, et rassur\u00e9e, et patiente. Et j\u2019esp\u00e8re que tu ne t\u2019es pas ennuy\u00e9e du tout &hellip; <a href=\"https:\/\/monperejeanmamy.fr\/?page_id=2142\">Continuer la lecture <span class=\"meta-nav\">&rarr;<\/span><\/a><\/p>\n","protected":false},"author":2,"featured_media":11,"parent":0,"menu_order":0,"comment_status":"closed","ping_status":"closed","template":"","meta":[],"folder":[],"_links":{"self":[{"href":"https:\/\/monperejeanmamy.fr\/index.php?rest_route=\/wp\/v2\/pages\/2142"}],"collection":[{"href":"https:\/\/monperejeanmamy.fr\/index.php?rest_route=\/wp\/v2\/pages"}],"about":[{"href":"https:\/\/monperejeanmamy.fr\/index.php?rest_route=\/wp\/v2\/types\/page"}],"author":[{"embeddable":true,"href":"https:\/\/monperejeanmamy.fr\/index.php?rest_route=\/wp\/v2\/users\/2"}],"replies":[{"embeddable":true,"href":"https:\/\/monperejeanmamy.fr\/index.php?rest_route=%2Fwp%2Fv2%2Fcomments&post=2142"}],"version-history":[{"count":5,"href":"https:\/\/monperejeanmamy.fr\/index.php?rest_route=\/wp\/v2\/pages\/2142\/revisions"}],"predecessor-version":[{"id":2166,"href":"https:\/\/monperejeanmamy.fr\/index.php?rest_route=\/wp\/v2\/pages\/2142\/revisions\/2166"}],"wp:featuredmedia":[{"embeddable":true,"href":"https:\/\/monperejeanmamy.fr\/index.php?rest_route=\/wp\/v2\/media\/11"}],"wp:attachment":[{"href":"https:\/\/monperejeanmamy.fr\/index.php?rest_route=%2Fwp%2Fv2%2Fmedia&parent=2142"}],"wp:term":[{"taxonomy":"folder","embeddable":true,"href":"https:\/\/monperejeanmamy.fr\/index.php?rest_route=%2Fwp%2Fv2%2Ffolder&post=2142"}],"curies":[{"name":"wp","href":"https:\/\/api.w.org\/{rel}","templated":true}]}}