{"id":2172,"date":"2021-04-18T14:04:18","date_gmt":"2021-04-18T12:04:18","guid":{"rendered":"http:\/\/monperejeanmamy.fr\/?page_id=2172"},"modified":"2021-04-18T14:32:07","modified_gmt":"2021-04-18T12:32:07","slug":"jm-a-jr-fresnes-46-09-30","status":"publish","type":"page","link":"https:\/\/monperejeanmamy.fr\/?page_id=2172","title":{"rendered":"JM \u00e0 JR (Fresnes 46\/09\/30)"},"content":{"rendered":"<p><strong>\u00a0<\/strong><a href=\"http:\/\/monperejeanmamy.fr\/?page_id=2168\"><img loading=\"lazy\" class=\"wp-image-1352 alignleft\" src=\"http:\/\/monperejeanmamy.fr\/wp-content\/uploads\/2021\/03\/Lettre-precedente.jpg\" alt=\"\" width=\"143\" height=\"78\" \/><\/a><a href=\"http:\/\/monperejeanmamy.fr\/?page_id=2177\"><img loading=\"lazy\" class=\"alignright wp-image-1353\" src=\"http:\/\/monperejeanmamy.fr\/wp-content\/uploads\/2021\/03\/Lettre-suivante.jpg\" alt=\"\" width=\"139\" height=\"76\" \/><\/a><\/p>\n<p style=\"text-align: center;\"><strong>Lundi 30 septembre 1946, soir<br \/>\n<\/strong><\/p>\n<p style=\"text-align: center;\">Ma ch\u00e9rie,<\/p>\n<p style=\"text-align: justify;\">Rentrant de l\u2019instruction, je te mets rapidement ce mot, plus rapidement que les autres jours, car il est d\u00e9j\u00e0 tard et le courrier passe vite. Ce matin, \u00e0 6h, on est venu me chercher. Habillage en h\u00e2te. Bout de saucisson, bo\u00eete de conserves, panier \u00e0 salade. J\u2019ai pass\u00e9 la journ\u00e9e \u00e0 traduire de l\u2019anglais dans une pi\u00e8ce froide \u2013 et ai t\u00e9moign\u00e9 pour une inculp\u00e9e pendant deux heures de confrontation. En fin de compte, bonne journ\u00e9e, mais je me demande si je ne vais pas encore sortir cette semaine pour aller chez mon juge, cette fois, avec la m\u00eame femme (rassure-toi, elle est vieille, laide, elle a au moins 60 ans et elle est tordue par une maladie de la moelle \u00e9pini\u00e8re).<\/p>\n<p style=\"text-align: justify;\">Je remarque, charmante enfant, que tu es bigrement jalouse. Sais-tu que c\u2019est tr\u00e8s vilain. Tr\u00e8s, tr\u00e8s vilain. D\u2019abord, c\u2019est un manque de confiance dans la personne qui vous aime, et pr\u00e9tend vous le prouver. Ensuite, c\u2019est une volont\u00e9 de <u>possession physique<\/u>, et <u>morale<\/u>, et <u>intellectuelle<\/u>, et <u>sociale<\/u>, et <u>temporelle<\/u> de l\u2019individu qu\u2019on pr\u00e9tend aimer. L\u2019amour, c\u2019est la libert\u00e9 absolue dans la confiance absolue et la loyaut\u00e9 \u00e9galement absolue. Par cons\u00e9quent, ne fermez pas les yeux mamzelle, ouvrez-les tout grand, mais veuillez ne point vous encombrer l\u2019esprit de sentiments jaloux. Et surtout pas d\u2019inqui\u00e9tude. Mauvaise conseill\u00e8re. On r\u00e9sout toutes les situations avec de la fermet\u00e9, de la patience, un grand sens de tendresse, une clairvoyance constante.<\/p>\n<p style=\"text-align: justify;\">Il y a beaucoup de couples pour qui la vie n\u2019est pas encore arriv\u00e9e \u00e0 la maturit\u00e9 de la famille id\u00e9ale. Tu n\u2019es pas la seule \u00e0 lutter ainsi, mais toute choses te seront rendues plus faciles si tu t\u2019y prends par les moyens qu\u2019il faut. Que demande un amant \u00e0 sa ma\u00eetresse, un mari \u00e0 sa femme\u00a0? La loyale affection d\u2019abord, la s\u00e9curit\u00e9 de l\u2019affection. Un coin o\u00f9 l\u2019on soit s\u00fbr \u2013 quoiqu\u2019il arrive \u2013 de trouver le bain de qui\u00e9tude qu\u2019il faut pour que les soucis de la vie disparaissent, ou sinon s\u2019att\u00e9nuent. Une compagne, c\u2019est une aide constante \u00e0 tous points de vue. Il faut qu\u2019elle suive le rythme de la vie de l\u2019homme, qui est le pionnier, avec une attention soutenue. Si elle est un poids, elle ajoute aux soucis du m\u00e9nage. La vie est un combat. Autant vaut \u00e9viter le combat l\u2019un contre l\u2019autre dans son m\u00e9nage, ce qui \u00f4te des forces pour r\u00e9soudre les autres probl\u00e8mes.<\/p>\n<p style=\"text-align: justify;\">Je sais que tu as une conception tr\u00e8s \u00e9lev\u00e9e de ces choses et que tu ne cherches pas seulement ton plaisir ou la r\u00e9alisation de quelques petits r\u00eaves enfantins. Tu es une femme d\u00e9j\u00e0 m\u00fbrie par l\u2019exp\u00e9rience, ayant beaucoup de c\u0153ur, de bonne volont\u00e9, d\u2019ardeur au travail et toutes sortes de qualit\u00e9s pr\u00e9cieuses. Tu n\u2019as pas lieu de craindre d\u2019\u00eatre sous-estim\u00e9e, et j\u2019ai, je crois, assez v\u00e9cu pour savoir distinguer entre le faux et le vrai. Donc, n\u2019aie pas peur. Ne te soucie pas de quelques \u00e9preuves qui te paraissent encore p\u00e9nibles ou lentes. Si je dois arranger ma vie par ailleurs sans brutaliser personne (car c\u2019est mon devoir) nous aboutirons tr\u00e8s vite, avec pr\u00e9cision, et fermet\u00e9.<\/p>\n<p style=\"text-align: justify;\">D\u2019autre part je voudrais d\u00e9j\u00e0 (tu vois comme je vais vite) te poser une question des plus importantes. Est-ce que le d\u00e9sir d\u2019envisager pour Fr\u00e9d\u00e9ric l\u2019adoption de la religion catholique est chez toi une tradition de famille infuse ou bien une boutade \u00e9crite au courant de la plume ou une conviction th\u00e9ologique\u00a0? Tus sais (ou tu ne sais pas assez) quelles sont mes opinions \u00e0 ce sujet. Je crois que tu ferais bien de m\u00e9diter un peu l\u00e0-dessus et aussi de commencer \u00e0 t\u2019enqu\u00e9rir pour toi-m\u00eame de pr\u00e9ciser tes propres convictions. Tu as sans doute \u00e9t\u00e9 \u00e9lev\u00e9e, comme tout le monde, dans une religion primaire, dont il ne te reste que quelques bons conseils, et de petites habitudes non appuy\u00e9es sur de profondes r\u00e9flexions. Si tu cherches ailleurs, je pourrais te guider beaucoup et t\u2019aider avec une s\u00fbret\u00e9 \u00e9prouv\u00e9e. Si tu ne cherches pas, dis le moi. Je saurais aussi r\u00e9soudre le probl\u00e8me au mieux. En ces mati\u00e8res il faut surtout ne rien forcer. Tout doit venir de la libre inspiration du sujet.<\/p>\n<p style=\"text-align: justify;\"><img loading=\"lazy\" class=\"alignright size-medium wp-image-2180\" src=\"http:\/\/monperejeanmamy.fr\/wp-content\/uploads\/2021\/04\/FGR19460929e-193x300.jpg\" alt=\"\" width=\"193\" height=\"300\" srcset=\"https:\/\/monperejeanmamy.fr\/wp-content\/uploads\/2021\/04\/FGR19460929e-193x300.jpg 193w, https:\/\/monperejeanmamy.fr\/wp-content\/uploads\/2021\/04\/FGR19460929e.jpg 525w\" sizes=\"(max-width: 193px) 100vw, 193px\" \/>J\u2019ai bien re\u00e7u les photos. Elles sont magnifiques. Sinc\u00e8rement j\u2019ai rarement vu un aussi bel enfant. \u00c9clatant de jeunesse, de sourire, de beaut\u00e9 gracile. Il est d\u2019un naturel extraordinairement sain. Un front \u00e9clair\u00e9, des cheveux d\u2019un blond tendre. Et il galope admirablement sur un v\u00e9lo qu\u2019il a l\u2019air d\u2019aimer tendrement.<\/p>\n<p style=\"text-align: justify;\">Tu crois que \u00e7a va finir toutes ces b\u00eatises\u00a0? J\u2019ai entrevu les Champs-\u00c9lys\u00e9es aujourd\u2019hui. Bourr\u00e9s de fl\u00e2neurs et d\u2019autos. Mais que les gens ont l\u2019air angoiss\u00e9\u00a0! On ne parle que d\u2019un coup de chien\u00a0! La faillite\u00a0! La guerre\u00a0! Quel monde\u00a0! Et ces scandales du vin\u00a0! Du sucre\u00a0! Est-ce que l\u2019honn\u00eatet\u00e9 niche dans une autre plan\u00e8te\u00a0? Vraiment qu\u2019on en finisse avec toutes ces sottises. Un coin tranquille, un travail s\u00e9rieux et adieu les fous\u00a0! Qu\u2019ils s\u2019amusent sans nous \u00e0 leurs r\u00e9volutions et leurs massacres.<\/p>\n<p style=\"text-align: justify;\">Tes roses sont admirables. Je les d\u00e9couvre tout \u00e0 coup sous mon nez pendant que le th\u00e9 bout et qu\u2019il roule dans ma t\u00eate les \u00e9v\u00e9nements de la journ\u00e9e. T\u00e2che d\u2019obtenir de tes amis qu\u2019ils reculent leur invitation tr\u00e8s loin.<\/p>\n<p style=\"text-align: justify;\">Merci pour <em>l\u2019Albaran<\/em>. Il sera le bienvenu. Il sera le bienvenu. Nous allons \u00e9tudier scientifiquement l\u2019histoire. Mais, est-ce un trait\u00e9 de bridge ou d\u2019\u00e9checs\u00a0? De toutes fa\u00e7ons nous l\u2019attendons avec une impatience solennelle. Pour le Lamartine, pas d\u2019accord. C\u2019est rasant au dernier degr\u00e9. Quelques beaux vers que j\u2019ai recueillis pour la plupart, mais illisible aujourd\u2019hui. Lis Balzac si tu veux. Indispensable. Et sois sans crainte. Si ton fils a le d\u00e9mon des livres, quand il aura quinze ans, sa biblioth\u00e8que sera bourr\u00e9e. Sinon, il ne lira pas plus <em>Graziella<\/em> que <em>Les Dieux ont soif<\/em>. Il fera du sport et du cin\u00e9ma. \u00c0 propos, il parait que la production va on ne peut plus mal en France. Bizarre\u00a0! La premi\u00e8re industrie fran\u00e7aise aurait-elle chu en peu de temps au dernier rang\u00a0?<\/p>\n<p style=\"text-align: justify;\">Donc dors bien. Passe tes nuits dans la qui\u00e9tude et la certitude. Pense \u00e0 faire les d\u00e9marches que je t\u2019ai demand\u00e9es. Il faut commencer \u00e0 se d\u00e9mener pour sortir de l\u00e0. Mais que la France est amorphe, bon Dieu\u00a0! Il suffirait qu\u2019un chef donne le signal pour que des millions de Fran\u00e7ais se pr\u00e9cipitent au travail. Et il semble que rien ne bouge. On ne comprend pas cette inertie. Il est vrai que tous les v\u00e9ritables chefs ont \u00e9t\u00e9 peu \u00e0 peu \u00e9limin\u00e9s. C\u2019est vraiment la \u00ab\u00a0femme sans t\u00eate\u00a0\u00bb dont parlait dans son proc\u00e8s certain acad\u00e9micien.<\/p>\n<p style=\"text-align: justify;\">Si tu dors bien, si tu es tranquille, si tes r\u00eaves sont purs, alors pourquoi ne t\u2019embrasserai-je pas sur le front qui repose, d\u00e9livr\u00e9 de tout souci m\u00e9chant, plein de ton bonheur tangible\u00a0? Attendre est lassant. D\u00e9j\u00e0 d\u00e8s maintenant tu as toute la joie qu\u2019il te faut (et ne va pas te tracasser parce que j\u2019ai confondu un mois ou un autre. Nous ne sommes ici ni \u00e0 un mois, ni \u00e0 un an pr\u00e8s). Si tu fermes les yeux si fort que tu me voies et si tu repousses les bruits de la rue jusqu\u2019\u00e0 ne plus \u00e9couter que ma voix, tu pourras sentir assez bien ma pr\u00e9sence pour que tu puisses r\u00eaver longtemps avec le sourire d\u2019apaisement que je connais. Et surtout, ne t\u2019endors pas trop vite pour ne pas sombrer dans l\u2019oubli. J\u2019entends ton c\u0153ur qui bat tr\u00e8s vite, \u00e0 tout rompre. Et je crois l\u2019entendre souvent. Dis-moi s\u2019il bat aussi vite que le bruit m\u2019en arrive jusqu\u2019ici. Si c\u2019est cela, je te permettrai de m\u2019embrasser.<\/p>\n<p style=\"text-align: justify;\">Bonjour. Bonsoir. \u00c0 bient\u00f4t te lire, te voir. Arrive poudr\u00e9e, pas nerveuse, pleine de sourires. Ne t\u2019inqui\u00e8te pas. R\u00e9ponds \u00e0 toutes mes questions. Et repose-toi, la t\u00eate sur mon \u00e9paule. Nous avons encore \u00e0 vivre des jours calmes, et pleins de tendres r\u00eaveries.<\/p>\n<p>Je t\u2019embrasse beaucoup mieux que tu le penses.<br \/>\nComme je t\u2019aime.<\/p>\n<p>J.<\/p>\n","protected":false},"excerpt":{"rendered":"<p>\u00a0 Lundi 30 septembre 1946, soir Ma ch\u00e9rie, Rentrant de l\u2019instruction, je te mets rapidement ce mot, plus rapidement que les autres jours, car il est d\u00e9j\u00e0 tard et le courrier passe vite. Ce matin, \u00e0 6h, on est venu &hellip; <a href=\"https:\/\/monperejeanmamy.fr\/?page_id=2172\">Continuer la lecture <span class=\"meta-nav\">&rarr;<\/span><\/a><\/p>\n","protected":false},"author":2,"featured_media":11,"parent":0,"menu_order":0,"comment_status":"closed","ping_status":"closed","template":"","meta":[],"folder":[],"_links":{"self":[{"href":"https:\/\/monperejeanmamy.fr\/index.php?rest_route=\/wp\/v2\/pages\/2172"}],"collection":[{"href":"https:\/\/monperejeanmamy.fr\/index.php?rest_route=\/wp\/v2\/pages"}],"about":[{"href":"https:\/\/monperejeanmamy.fr\/index.php?rest_route=\/wp\/v2\/types\/page"}],"author":[{"embeddable":true,"href":"https:\/\/monperejeanmamy.fr\/index.php?rest_route=\/wp\/v2\/users\/2"}],"replies":[{"embeddable":true,"href":"https:\/\/monperejeanmamy.fr\/index.php?rest_route=%2Fwp%2Fv2%2Fcomments&post=2172"}],"version-history":[{"count":3,"href":"https:\/\/monperejeanmamy.fr\/index.php?rest_route=\/wp\/v2\/pages\/2172\/revisions"}],"predecessor-version":[{"id":2181,"href":"https:\/\/monperejeanmamy.fr\/index.php?rest_route=\/wp\/v2\/pages\/2172\/revisions\/2181"}],"wp:featuredmedia":[{"embeddable":true,"href":"https:\/\/monperejeanmamy.fr\/index.php?rest_route=\/wp\/v2\/media\/11"}],"wp:attachment":[{"href":"https:\/\/monperejeanmamy.fr\/index.php?rest_route=%2Fwp%2Fv2%2Fmedia&parent=2172"}],"wp:term":[{"taxonomy":"folder","embeddable":true,"href":"https:\/\/monperejeanmamy.fr\/index.php?rest_route=%2Fwp%2Fv2%2Ffolder&post=2172"}],"curies":[{"name":"wp","href":"https:\/\/api.w.org\/{rel}","templated":true}]}}