{"id":2182,"date":"2021-04-18T14:34:57","date_gmt":"2021-04-18T12:34:57","guid":{"rendered":"http:\/\/monperejeanmamy.fr\/?page_id=2182"},"modified":"2024-01-21T11:52:35","modified_gmt":"2024-01-21T10:52:35","slug":"jm-a-jr-fresnes-46-10-20","status":"publish","type":"page","link":"https:\/\/monperejeanmamy.fr\/?page_id=2182","title":{"rendered":"JM \u00e0 JR (Fresnes 46\/10\/20)"},"content":{"rendered":"<p><strong>\u00a0<\/strong><a href=\"http:\/\/monperejeanmamy.fr\/?page_id=2177\"><img loading=\"lazy\" class=\"wp-image-1352 alignleft\" src=\"http:\/\/monperejeanmamy.fr\/wp-content\/uploads\/2021\/03\/Lettre-precedente.jpg\" alt=\"\" width=\"143\" height=\"78\" \/><\/a><a href=\"http:\/\/monperejeanmamy.fr\/?page_id=2188\"><img loading=\"lazy\" class=\"alignright wp-image-1353\" src=\"http:\/\/monperejeanmamy.fr\/wp-content\/uploads\/2021\/03\/Lettre-suivante.jpg\" alt=\"\" width=\"139\" height=\"76\" \/><\/a><\/p>\n<p style=\"text-align: center;\"><strong>Dimanche 20 octobre 1946<\/strong><\/p>\n<p style=\"text-align: center;\">Ma ch\u00e9rie,<\/p>\n<p style=\"text-align: justify;\">Temps splendide. Notations fugitives. Regard rapide sur ce ciel d\u2019octobre o\u00f9 la s\u00e9r\u00e9nit\u00e9 semble revenue. Gros nuages blancs sur grand ciel doux. Arbres roussis. Le bel automne doit r\u00e9gner sur la campagne m\u00fbrie. C\u2019est l\u2019heure o\u00f9 les brindilles s\u00e8ches craquent dans les sous-bois, o\u00f9 les \u00e9cureuils frileux se pelotonnent dans les arbres d\u00e9nud\u00e9s, o\u00f9 les rats des champs se terrent ailleurs que sous les buissons secs. J\u2019ai vu mourir quelques rats sous nos fen\u00eatres il y a deux jours, l\u00e0 o\u00f9 les d\u00e9tenus coupaient l\u2019herbe devant les pr\u00e9aux. Gras \u00e0 lard, ils envahissaient les cages aux heures creuses, venaient se baigner dans les flaques d\u2019eau, rampaient, queue brandie en fl\u00e8che, contre les soubassements des promenades. Sympathiques et laids. R\u00e9pugnants et l\u00e2ches. Ils n\u2019ont pas r\u00e9sist\u00e9 \u00e0 quelques coups de serpe. Leurs bourreaux \u00e9taient triomphants. Les hommes tuent tout ce qui les g\u00e8ne. Mais le probl\u00e8me est l\u00e0\u00a0: faut-il laisser vivre les rats\u00a0?<\/p>\n<p style=\"text-align: justify;\">Bien re\u00e7u ton pneumatique enthousiaste de jeudi. Mais naturellement je dis ce que je pense\u00a0! Le mieux possible, le plus longuement possible. Tu \u00e9tais tr\u00e8s jolie, tr\u00e8s douce dans la cage. Et puis, si pr\u00e9occup\u00e9e de me dire des choses, de me faire plaisir, de participer \u00e0 ce qui peut m\u2019int\u00e9resser. Merci pour tout ce que tu m\u2019annonces. Tout va tr\u00e8s bien d\u2019avance.<\/p>\n<p style=\"text-align: justify;\">Hier, instruction. Ce n\u2019est pas fini. Je dois revenir en novembre. L\u00e0, je d\u00e9poserai peut-\u00eatre un rapport qu\u2019il faudra taper rapidement. On nous donnera bien trois semaines. J\u2019ai l\u2019impression que le dossier sera clos vers fin d\u00e9cembre. \u00c0 ce moment le commissaire du gouvernement charg\u00e9 de l\u2019affaire sera oblig\u00e9 de dig\u00e9rer le tout. Je pense qu\u2019il lui faudra quelques mois, car ce n\u2019est pas facile, et il y a des os qui peuvent rester en travers de la gorge. En tous cas, nous avons encore le temps de voir venir. Ce n\u2019est pas pour demain. Il faudra que je te voie \u00e0 ce sujet dans quelque temps pour bien pr\u00e9ciser la marche \u00e0 suivre.<\/p>\n<p style=\"text-align: justify;\"><img loading=\"lazy\" class=\"alignright wp-image-2191\" src=\"http:\/\/monperejeanmamy.fr\/wp-content\/uploads\/2021\/04\/1945-Affiche-Referendum-229x300.jpg\" alt=\"\" width=\"194\" height=\"251\" \/>J\u2019ai remis \u00e0 F. les documents pour le dossier. Il m\u2019en faut 4 exemplaires comme convenu. Veille \u00e0 ce que le travail soit fait. Je lui remettrai un autre document en fin de semaine, puis un autre dans 15 jours. Garde le contact. La confrontation d\u2019hier a \u00e9t\u00e9 bonne pour moi. Elle met en lumi\u00e8re toute mon activit\u00e9 sous un jour exact. Je pense avoir marqu\u00e9 certains points. Peut-\u00eatre m\u2019illusionne-je. Et puis tout cela me semble si vieux, si inutile. La vie a tant d\u2019autres exigences. Elle se d\u00e9roule sous un signe tellement plus puissant. Dans peu de temps nous verrons<img loading=\"lazy\" class=\"alignleft wp-image-2192\" src=\"http:\/\/monperejeanmamy.fr\/wp-content\/uploads\/2021\/04\/1946-10-Bulletin-referendum-300x221.jpg\" alt=\"\" width=\"213\" height=\"159\" \/> encore plus clair. L\u2019horizon s\u2019\u00e9largit peu \u00e0 peu. Le dernier r\u00e9f\u00e9rendum marque un tournant de la politique fran\u00e7aise <a href=\"#_ftn1\" name=\"_ftnref1\">[1]<\/a>. Il faut que les gens qui nous pr\u00e9cipitaient dans l\u2019ab\u00eeme soient remplac\u00e9s.<\/p>\n<p style=\"text-align: justify;\">Tes \u0153illets ont tenu toute la semaine. Le mimosa aussi. Et les cactus sont d\u2019un vert\u00a0! \u00c0 croire que c\u2019est pour eux le printemps. Il y en a un qui se tourne d\u00e9sesp\u00e9r\u00e9ment vers la fen\u00eatre, les autres se contentent de la chaleur ambiante de la cellule. Je leur donne une cuiller\u00e9e d\u2019eau tous les huit jours. Tr\u00e8s \u00e9conomique. Si l\u2019on pouvait vivre \u00e0 aussi peu de frais. Quel temps perdu \u00e0 travailler pour manger. Mieux vaut tous les instants consacr\u00e9s \u00e0 des jeux d\u2019esprit (litt\u00e9raires ou autres). Je commence demain une chose tr\u00e8s importante \u2013 qui me tiendra environ deux mois. Ce sera mon cadeau de No\u00ebl.<\/p>\n<p style=\"text-align: justify;\">Je n\u2019ai pas du tout envie de te dire des choses gentilles cette semaine, non pas que j\u2019ai tout dit \u2013 ou que je ne le pense pas \u2013 mais parce qu\u2019elles sont incluses une fois pour toutes dans la pens\u00e9e, l\u2019acte, l\u2019\u00e9criture, les rapports. Pourquoi affirmer toujours le m\u00eame fait. Il est prouv\u00e9, acquis, assur\u00e9, que\u2026 Donc, on ne s\u2019\u00e9merveille plus sur la pousse qui sort de terre. L\u2019arbre grandit tout naturellement, sans effort, sous les saisons du c\u0153ur et sous la pluie de tendresse et sous le soleil de confiance et sous les nuages de promesse et sous la nuit de patience. Voil\u00e0. Donc, puisque tu sais et que je sais, que tu ne crains point et que je suis satisfait, que les minutes, les heures, les jours passent sans que nous pensions un seul instant \u00e0 d\u00e9sesp\u00e9rer ou ne pas croire, vivons avec le fait accompli et ne regardons plus que le pr\u00e9sent qui est l\u2019avenir. Car tout est contenu dans aujourd\u2019hui et rien n\u2019existe en dehors de lui.<\/p>\n<h1 style=\"text-align: justify;\"><u>Lundi<\/u>.<\/h1>\n<p style=\"text-align: justify;\">Je viens de recevoir ta lettre \u00e0 l\u2019instant. Mais oui, tout est arrang\u00e9. Les explications sont donn\u00e9es et tout va bien. Tu as du le savoir par F. Donc, pas de p\u00e9pins. J\u2019attends le colis qui doit m\u2019\u00eatre livr\u00e9 tout \u00e0 l\u2019heure pour te faire les compliments d\u2019usage. Je suis persuad\u00e9 que les pantoufles iront fort bien.<\/p>\n<p style=\"text-align: justify;\">Mais naturellement je pense \u00e0 toi. Le matin, l\u2019apr\u00e8s-midi, le soir et la nuit. Ce n\u2019est pas trop dire. Et je n\u2019ai pas honte de l\u2019\u00e9crire, bien au contraire. Ne m\u2019envoie pas de semelle de mouton. Inutile. Les pantoufles iront fort bien ainsi. Pense au th\u00e9, caf\u00e9. C\u2019est ce qui manque le plus. V\u00e9rifie discr\u00e8tement si ma m\u00e8re a assez d\u2019argent, si elle re\u00e7oit suffisamment de sa famille, comment elle r\u00e9ussit \u00e0 se d\u00e9brouiller. Tu peux obtenir des confidences dans une conversation. Quel est son moral\u00a0?<\/p>\n<p style=\"text-align: justify;\">Pour le Fr\u00e9d\u00e9ric, je ne te dirai pas que je suis content de la libert\u00e9 religieuse que tu lui a laiss\u00e9e. Il me semblait qu\u2019avant d\u2019agir, nous devrions avoir une conversation, et il faut examiner aussi cela. Si cela est mieux pour moi, il ne faut pas te soumettre aveugl\u00e9ment \u00e0 ma volont\u00e9 mais quand nous aurons l\u2019occasion je t\u2019expliquerai de vive voix tout ce que j\u2019en pense. Il faudra lui donner une \u00e9ducation religieuse. Je te dirai laquelle \u2013 car, il convient de r\u00e9gir contre la mat\u00e9rialisme de l\u2019\u00e9poque et il faut \u00e9lever les enfants dans une tr\u00e8s haute conception de la vie. Toutefois, quand on n\u2019a pas \u00e9tudi\u00e9 ces probl\u00e8mes, on risque d\u2019embrasser une religion de convenance, ou de c\u00e9der au pros\u00e9lytisme acharn\u00e9 de ceux qui se pr\u00e9occupent surtout de faire nombre dans leur \u00c9glise et d\u2019\u00e9tendre leur pouvoir personnel. Les luttes religieuses sont infiniment plus importantes que les luttes sociales. Elles atteignent l\u2019esprit sur un plan beaucoup plus haut et il faut \u00eatre averti de toutes ces questions pour s\u2019en m\u00ealer. Je te parle en initi\u00e9. \u00c9lev\u00e9 dans la religion catholique, pass\u00e9 au protestantisme, ayant \u00e9tudi\u00e9 toutes les sciences occultes, boudhiques, confusianistes et autres, ayant fr\u00e9quent\u00e9 tous les th\u00e9osophes, mages herm\u00e9tiques, ayant bouquin\u00e9 tout ce qu\u2019on \u00e9dita sur tous ces sujets, j\u2019ai fini par d\u00e9couvrir \u00e0 force de patience, et aussi d\u2019exp\u00e9riences lamentables, une v\u00e9ritable interpr\u00e9tation de la science sacr\u00e9e. Et encore, le groupement qui propage la doctrine (c\u2019est une \u00c9glise am\u00e9ricaine qui a ses filiales \u00e0 Paris) doit \u00eatre abord\u00e9 avec perspicacit\u00e9 car les gens d\u00e9forment toujours la pens\u00e9e directrice. On \u00e9prouve le besoin de discuter de ces choses le jour o\u00f9 l\u2019existence humaine devenant incompr\u00e9hensible et d\u00e9cevante, il nous faut chercher plus haut et d\u00e9couvrir un contact avec l\u2019Esprit, le moteur de tout l\u2019univers harmonieux, le v\u00e9ritable \u00catre. Ce jour-l\u00e0, on acquiert peu \u00e0 peu la notion d\u2019une v\u00e9rit\u00e9 qui d\u00e9passe et remplace toutes les impressions, les sensations humaines et qui vous donne la v\u00e9ritable intelligence de la Vie. Peu d\u2019hommes ou femmes sont pr\u00eats \u00e0 admettre ces choses. Ils pr\u00e9f\u00e8rent leur petite tranquillit\u00e9 ou leurs maux, leur existence banale, ou leurs haines f\u00e9roces. Tout ce qui constitue leurs plaisirs ou leurs combats. Je pense que peut-\u00eatre un jour cela te servira de savoir o\u00f9 t(adresser si tu as besoin d\u2019un r\u00e9confort qui ne soit pas seulement amical ou familial, mais extra-humain. Ce jour-l\u00e0, je ne crois pas que les fastes d\u2019une religion pompeuse puissent te satisfaire, non plus que les conseils de pr\u00eatres, souvent ignorants, ou inf\u00e9rieurs \u00e0 leur mission. Il te faudra plus de substance pour pouvoir lutter mieux, et tu trouveras les m\u00e9thodes convenables qui d\u00e9velopperont ton esprit dans le sens qu\u2019il faut.<\/p>\n<p style=\"text-align: justify;\">Pour Fr\u00e9d\u00e9ric, ce sera sans doute aussi n\u00e9cessaire d\u00e8s l\u2019\u00e2ge de raison de le confier \u00e0 l\u2019\u00e9cole de ce nouveau christianisme qui lui donnera une force, une perception infiniment plus grande, et lui permettra de se r\u00e9aliser avec plus de s\u00e9curit\u00e9. Les hommes de sa g\u00e9n\u00e9ration auront autant de probl\u00e8mes \u00e0 r\u00e9soudre que ceux de la n\u00f4tre. Et il ne faut pas les ignorer, les esquiver ou employer de mauvais moyens. Nous aurons du reste plusieurs entretiens \u00e0 ce sujet. Ne te tourmente point. Au contraire, le d\u00e9veloppement de tout esprit doit s\u2019effectuer harmonieusement.<\/p>\n<p style=\"text-align: justify;\">Sans avoir encore re\u00e7u les chemises, je suis persuad\u00e9 que ce que tu m\u2019envoies suffira. Veux-tu bien t\u00e9l\u00e9phoner \u00e0 ma m\u00e8re \u00e0 qui je pense particuli\u00e8rement aujourd\u2019hui, l\u2019assurer de toute mon affection, de ma pr\u00e9sence constante, de la joie que j\u2019ai \u00e0 la savoir courageuse et patiente, et toute pleine de vertus (dis-lui tous ces mots), que je lui suis tout reconnaissant de ses efforts, et qu\u2019elle aille heureuse vers la vie toute pleine de r\u00e9compenses. Je sais qu\u2019elle pense \u00e0 moi avec une affection toujours renouvel\u00e9e. Je ne peux lui \u00e9crire aussi souvent que je le voudrais, mais qu\u2019elle sache bien qu\u2019elle occupe mes pens\u00e9es avec bonheur. Et remercie-la pour moi. Dis-lui qu\u2019il n\u2019y a point de s\u00e9paration et que nous sommes toujours r\u00e9unis dans la m\u00eame existence patiente et parfaite.<\/p>\n<p style=\"text-align: justify;\">Naturellement non, je ne perds pas confiance. On sort toujours de tout. Mon astrologue me pr\u00e9voit une sortie puis une prison beaucoup plus dure et plus courte dans quelque temps. Apr\u00e8s, c\u2019est la libert\u00e9 totale et les bonnes affaires jusqu\u2019\u00e0 la fin. On me pr\u00e9dit 73 ans d\u2019\u00e2ge. Tu vois que nous avons encore du temps devant nous. Seulement, quand en sortira-t-on ? Tout d\u00e9pend des \u00e9v\u00e9nements ext\u00e9rieurs \u2013 et int\u00e9rieurs. D\u00e9j\u00e0 le r\u00e9f\u00e9rendum semble meilleur. Je pense que les mois prochains verront les \u00e9v\u00e9nements d\u00e9cisifs.<\/p>\n<p style=\"text-align: justify;\">La belle histoire qu\u2019il faut te raconter\u00a0: tr\u00e8s simple. Il \u00e9tait une fois un couple sans histoire parce qu\u2019il \u00e9tait heureux. Entre eux, jamais de dispute, jamais d\u2019inqui\u00e9tude, jamais de tourments. Ils \u00e9taient assez sages pour se croire toujours jeunes, assez avertis pour ne pas tenir \u00e0 des illusions humaines. Ils avaient de beaux enfants, des m\u00e9tiers utiles, aimaient leurs concitoyens et savaient se faire respecter. Ils passaient, indiff\u00e9rents, \u00e0 travers la haine, les guerres, les luttes, les m\u00e9disances, les tentations. Ils n\u2019aimaient ni le plaisir, ni les solutions de force, mais la vie simple, grande, retir\u00e9e des hommes, audacieuse. L\u2019orage passa sur eux, sans les d\u00e9sunir. Tous les d\u00e9mons de la terre ne r\u00e9ussirent pas \u00e0 \u00e9branler leur existence. Ils devaient avoir re\u00e7u mission d\u2019exprimer un bonheur cach\u00e9. Leur substance secr\u00e8te, \u00e9ternelle, durait plus que la vie \u00e9ph\u00e9m\u00e8re des sens. La mort vint pour l\u2019un et l\u2019autre. Ils ne furent point s\u00e9par\u00e9s et franchirent les frayeurs de la d\u00e9composition sans en \u00eatre atteints. Ils virent l\u00e0 que les terreurs humaines n\u2019\u00e9taient qu\u2019un r\u00eave et qu\u2019il faut toujours lever la t\u00eate vers la pens\u00e9e la plus haute pour \u00eatre certain d\u2019atteindre le but fix\u00e9. Et ils continu\u00e8rent leur chemin en paix, avec un courage grandissant. L\u2019histoire n\u2019en dit pas plus long. Il n\u2019y a jamais d\u2019histoire quand tout va bien.<\/p>\n<p style=\"text-align: justify;\">Re\u00e7u colis. Bravo. Parfait. Demande \u00e0 ma m\u00e8re s\u2019il ne reste pas chez elle un slip. Je n\u2019arrive pas \u00e0 le retrouver ici. Peut-\u00eatre me suis-je tromp\u00e9 en lui en rendant un de trop la derni\u00e8re fois. Sinon je l\u2019aurais perdu peut-\u00eatre. Pour le reste, tout va. Les pantoufles sont \u00e9patantes. Peux-tu trouver une bougie\u00a0? Et une \u00e9ponge m\u00e9tallique\u00a0?<\/p>\n<p style=\"text-align: justify;\">Il me reste bien peu de place pour t\u2019embrasser. Et pourtant si j\u2019avais \u00e0 \u00e9crire une lettre toute enti\u00e8re consacr\u00e9e \u00e0 ce que je pense je mettrai sur ces deux pages une infinit\u00e9 de gros, gros baisers. Embrasse Fr\u00e9d\u00e9ric. Dis-lui que son papa lui recommande de jouer en toute libert\u00e9, des d\u00e9velopper ses muscles et d\u2019\u00eatre sage avec sa maman. On est sage quand on aime beaucoup. Ainsi suis-je sage.<\/p>\n<p style=\"text-align: justify;\">J.<\/p>\n<p style=\"text-align: justify;\"><a href=\"#_ftnref1\" name=\"_ftn1\">[1]<\/a> R\u00e9f\u00e9rendum du 13 octobre 1946 sur l\u2019approbation du projet de constitution de la 4<sup>\u00e8me<\/sup> R\u00e9publique\u00a0: 33% d\u2019abstentions &#8211; 53% de OUI et 47% de NON. Celui du 19 avril avait donn\u00e9 43% de NON avec seulement 20% d\u2019abstentions (note de FGR)<\/p>\n<p>&nbsp;<\/p>\n<p>&nbsp;<\/p>\n","protected":false},"excerpt":{"rendered":"<p>\u00a0 Dimanche 20 octobre 1946 Ma ch\u00e9rie, Temps splendide. Notations fugitives. Regard rapide sur ce ciel d\u2019octobre o\u00f9 la s\u00e9r\u00e9nit\u00e9 semble revenue. Gros nuages blancs sur grand ciel doux. Arbres roussis. Le bel automne doit r\u00e9gner sur la campagne m\u00fbrie. &hellip; <a href=\"https:\/\/monperejeanmamy.fr\/?page_id=2182\">Continuer la lecture <span class=\"meta-nav\">&rarr;<\/span><\/a><\/p>\n","protected":false},"author":2,"featured_media":11,"parent":0,"menu_order":0,"comment_status":"closed","ping_status":"closed","template":"","meta":[],"folder":[],"_links":{"self":[{"href":"https:\/\/monperejeanmamy.fr\/index.php?rest_route=\/wp\/v2\/pages\/2182"}],"collection":[{"href":"https:\/\/monperejeanmamy.fr\/index.php?rest_route=\/wp\/v2\/pages"}],"about":[{"href":"https:\/\/monperejeanmamy.fr\/index.php?rest_route=\/wp\/v2\/types\/page"}],"author":[{"embeddable":true,"href":"https:\/\/monperejeanmamy.fr\/index.php?rest_route=\/wp\/v2\/users\/2"}],"replies":[{"embeddable":true,"href":"https:\/\/monperejeanmamy.fr\/index.php?rest_route=%2Fwp%2Fv2%2Fcomments&post=2182"}],"version-history":[{"count":4,"href":"https:\/\/monperejeanmamy.fr\/index.php?rest_route=\/wp\/v2\/pages\/2182\/revisions"}],"predecessor-version":[{"id":3227,"href":"https:\/\/monperejeanmamy.fr\/index.php?rest_route=\/wp\/v2\/pages\/2182\/revisions\/3227"}],"wp:featuredmedia":[{"embeddable":true,"href":"https:\/\/monperejeanmamy.fr\/index.php?rest_route=\/wp\/v2\/media\/11"}],"wp:attachment":[{"href":"https:\/\/monperejeanmamy.fr\/index.php?rest_route=%2Fwp%2Fv2%2Fmedia&parent=2182"}],"wp:term":[{"taxonomy":"folder","embeddable":true,"href":"https:\/\/monperejeanmamy.fr\/index.php?rest_route=%2Fwp%2Fv2%2Ffolder&post=2182"}],"curies":[{"name":"wp","href":"https:\/\/api.w.org\/{rel}","templated":true}]}}