{"id":219,"date":"2021-02-17T15:45:17","date_gmt":"2021-02-17T14:45:17","guid":{"rendered":"http:\/\/monperejeanmamy.fr\/?page_id=219"},"modified":"2021-03-06T10:40:49","modified_gmt":"2021-03-06T09:40:49","slug":"entracte","status":"publish","type":"page","link":"https:\/\/monperejeanmamy.fr\/?page_id=219","title":{"rendered":"Entr&rsquo;acte"},"content":{"rendered":"<p style=\"text-align: justify;\"><em>Entr&rsquo;acte<\/em> est un film r\u00e9alis\u00e9 par Ren\u00e9 Clair destin\u00e9 \u00e0 \u00eatre diffus\u00e9 \u00e0 l&rsquo;entracte de <em>Rel\u00e2che<\/em>, ballet dada\u00efste de Jean B\u00f6rlin et Francis Picabia [1] au Th\u00e9\u00e2tre des Champs-\u00c9lys\u00e9es. Il est le premier des films \u00ab surr\u00e9alistes \u00bb dont les plus significatifs sont :<\/p>\n<ul style=\"text-align: justify;\">\n<li><em>Entr&rsquo;acte <\/em>de Ren\u00e9 Clair (1924), initialement dada\u00efste<\/li>\n<li><em>La Coquille et le Clergyman<\/em> de Germaine Dulac (1928)<\/li>\n<li><em>Un chien andalou<\/em> de Luis Bu\u00f1uel et Salvador Dali (1929)<\/li>\n<li><em>L&rsquo;\u00c9toile de mer<\/em> de Man Ray (1929)<\/li>\n<li><em>L&rsquo;\u00c2ge d&rsquo;or<\/em> de Luis Bu\u00f1uel, avec l&rsquo;aide de Salvador Dali (1930)<\/li>\n<li><em>Le Sang d&rsquo;un po\u00e8te<\/em> de Jean Cocteau (1930)<\/li>\n<\/ul>\n<p style=\"text-align: justify;\">Le film est une suite d&rsquo;images surr\u00e9alistes : assaut de boxe par des gants blancs sur \u00e9cran noir, partie d&rsquo;\u00e9checs, jet d&rsquo;eau man\u0153uvr\u00e9 par Picabia balayant le jeu, jongleur et P\u00e8re La Colique, chasseur tirant sur un \u0153uf d&rsquo;autruche (de l&rsquo;\u0153uf sort une colombe ; elle vient se poser sur la t\u00eate du chasseur ; un deuxi\u00e8me tirant sur elle tue le premier chasseur ; il tombe ; l&rsquo;oiseau s&rsquo;envole), onze personnes couch\u00e9es sur le dos pr\u00e9sentent le dessous de leurs pieds, danseuse sur une glace transparente, film\u00e9e par en dessous, gonflage de ballons et de paravents en caoutchouc sur lesquels seront dessin\u00e9es des figures accompagn\u00e9es d&rsquo;inscriptions\u2026<\/p>\n<p><img loading=\"lazy\" class=\"aligncenter size-full wp-image-228\" src=\"http:\/\/monperejeanmamy.fr\/wp-content\/uploads\/2021\/02\/Entracte-06.jpg\" alt=\"\" width=\"1600\" height=\"1200\" srcset=\"https:\/\/monperejeanmamy.fr\/wp-content\/uploads\/2021\/02\/Entracte-06.jpg 1600w, https:\/\/monperejeanmamy.fr\/wp-content\/uploads\/2021\/02\/Entracte-06-300x225.jpg 300w, https:\/\/monperejeanmamy.fr\/wp-content\/uploads\/2021\/02\/Entracte-06-1024x768.jpg 1024w, https:\/\/monperejeanmamy.fr\/wp-content\/uploads\/2021\/02\/Entracte-06-768x576.jpg 768w, https:\/\/monperejeanmamy.fr\/wp-content\/uploads\/2021\/02\/Entracte-06-1536x1152.jpg 1536w, https:\/\/monperejeanmamy.fr\/wp-content\/uploads\/2021\/02\/Entracte-06-400x300.jpg 400w\" sizes=\"(max-width: 1600px) 100vw, 1600px\" \/><\/p>\n<p style=\"text-align: justify;\">Mais la moiti\u00e9 du film concerne un enterrement farfelu : un corbillard tra\u00een\u00e9 par un chameau, des personnages (parmi lesquels mon p\u00e8re), dansant et courant derri\u00e8re le corbillard qui d\u00e9vale des rues en pente jusqu\u2019\u00e0 se stabiliser dans un champ pour laisser le macchab\u00e9e sortir de son cercueil et, tel un magicien, faire dispara\u00eetre un par un les pleureurs avant de se faire dispara\u00eetre lui-m\u00eame. Un film loufoque, s\u2019il en est, mais parfaitement \u00ab dada [2] \u00bb.<\/p>\n<p><img loading=\"lazy\" class=\"aligncenter size-full wp-image-229\" src=\"http:\/\/monperejeanmamy.fr\/wp-content\/uploads\/2021\/02\/Entracte-07.jpg\" alt=\"\" width=\"1383\" height=\"1092\" srcset=\"https:\/\/monperejeanmamy.fr\/wp-content\/uploads\/2021\/02\/Entracte-07.jpg 1383w, https:\/\/monperejeanmamy.fr\/wp-content\/uploads\/2021\/02\/Entracte-07-300x237.jpg 300w, https:\/\/monperejeanmamy.fr\/wp-content\/uploads\/2021\/02\/Entracte-07-1024x809.jpg 1024w, https:\/\/monperejeanmamy.fr\/wp-content\/uploads\/2021\/02\/Entracte-07-768x606.jpg 768w, https:\/\/monperejeanmamy.fr\/wp-content\/uploads\/2021\/02\/Entracte-07-380x300.jpg 380w\" sizes=\"(max-width: 1383px) 100vw, 1383px\" \/><\/p>\n<p><img loading=\"lazy\" class=\"aligncenter size-full wp-image-230\" src=\"http:\/\/monperejeanmamy.fr\/wp-content\/uploads\/2021\/02\/Entracte-08.jpg\" alt=\"\" width=\"1483\" height=\"934\" srcset=\"https:\/\/monperejeanmamy.fr\/wp-content\/uploads\/2021\/02\/Entracte-08.jpg 1483w, https:\/\/monperejeanmamy.fr\/wp-content\/uploads\/2021\/02\/Entracte-08-300x189.jpg 300w, https:\/\/monperejeanmamy.fr\/wp-content\/uploads\/2021\/02\/Entracte-08-1024x645.jpg 1024w, https:\/\/monperejeanmamy.fr\/wp-content\/uploads\/2021\/02\/Entracte-08-768x484.jpg 768w, https:\/\/monperejeanmamy.fr\/wp-content\/uploads\/2021\/02\/Entracte-08-476x300.jpg 476w\" sizes=\"(max-width: 1483px) 100vw, 1483px\" \/><\/p>\n<p style=\"text-align: justify;\">C\u2019est pour Jean Mamy l\u2019occasion de se lier d\u2019amiti\u00e9 avec ses partenaires du film, dont nombre d\u2019entre eux sont ou deviendront c\u00e9l\u00e8bres, que ce soient Picabia, Achard mais aussi Marcel Duchamp [3], Pierre Scize [4], Georges Charensol [5], Kiki de Montparnasse [6], et bien d\u2019autres, sans oublier Jacques Hebertot [7].<\/p>\n<h1 style=\"text-align: justify;\">Notes <em><br \/>\n<\/em><\/h1>\n<p style=\"text-align: justify;\">[1] <strong>Francis-Marie Martinez de Picabia<\/strong>, n\u00e9 en janvier 1879 est un peintre, graphiste et \u00e9crivain proche des mouvements Dada et surr\u00e9aliste. \u00c0 New-York pendant la Premi\u00e8re Gguerre mondiale il prend une part active dans les mouvements d&rsquo;avant-garde, introduisant l&rsquo;art moderne sur le continent am\u00e9ricain et se rallie au dada\u00efsme. Pol\u00e9miste, iconoclaste, sacril\u00e8ge, Picabia s&rsquo;agite autour de Dada en \u00e9lectron libre, en \u00e9tant en principe anti-tout, voire anti-Picabia. En 1921, il rompt avec ses anciens complices. \u00ab J&rsquo;ai invent\u00e9 le dada\u00efsme ainsi qu&rsquo;un homme met le feu autour de lui, au cours d&rsquo;un incendie qui gagne, afin de ne pas \u00eatre br\u00fbl\u00e9 \u00bb, dira-t-il en 1947.<\/p>\n<p style=\"text-align: justify;\">[2] <strong>Dada\u00efsme<\/strong> : Mouvement intellectuel, litt\u00e9raire et artistique qui se caract\u00e9risa par une remise en cause de toutes les conventions et contraintes id\u00e9ologiques, artistiques et politiques.<\/p>\n<p style=\"text-align: justify;\">[3] <strong>Marcel Duchamp,<\/strong> n\u00e9 en 1887 est consid\u00e9r\u00e9 comme un des premiers \u00e0 pouvoir transformer en \u00ab \u0153uvre d&rsquo;art \u00bb n&rsquo;importe quel objet en accolant son nom \u00e0 celui-ci. Les protagonistes de l&rsquo;art minimal, de l&rsquo;art conceptuel et de l&rsquo;art corporel t\u00e9moignent de l&rsquo;influence d\u00e9terminante de l\u2019\u0153uvre de Duchamp. Il aurait \u00e9galement, d&rsquo;apr\u00e8s les nombreux essais qui lui sont consacr\u00e9, \u00e9t\u00e9 l&rsquo;inspirateur de plusieurs courants artistiques dont le Pop art, le n\u00e9odada\u00efsme, l&rsquo;Op art et le cin\u00e9tisme.<\/p>\n<p style=\"text-align: justify;\">[4] <strong>Pierre Scize<\/strong>, n\u00e9 en 1894, se tourne vers le th\u00e9\u00e2tre avant de devenir journaliste de talent publi\u00e9 dans <em>L\u2019\u0152uvre<\/em>, <em>Bonsoir<\/em>, <em>Paris-Journal<\/em> le journal de Jacques H\u00e9bertot dont il fut r\u00e9dacteur en chef, puis <em>le Canard Encha\u00een\u00e9<\/em> dont Maurice Mar\u00e9chal fut le fondateur. En \u00a01933 il en fut spectaculairement cong\u00e9di\u00e9 pour avoir re\u00e7u la L\u00e9gion d&rsquo;honneur, d\u00e9cern\u00e9e \u00e0 titre militaire pour le bras laiss\u00e9 au champ d\u2019honneur. Or tout r\u00e9dacteur s\u2019engageait \u00e0 refuser toute d\u00e9coration officielle d\u00e9cern\u00e9e \u00e0 titre professionnel ou purement honorifique. Bien que ce ne f\u00fbt pas le cas <em>le Canard<\/em> ne pouvait commencer \u00e0 accepter les exceptions.<\/p>\n<p style=\"text-align: justify;\">[5] <strong>Georges Charensol<\/strong>, n\u00e9 en 1899, est journaliste, critique d&rsquo;art, litt\u00e9raire et de cin\u00e9ma. Comme Jean Mamy, il fait connaissance du milieu des Lyonnais et notamment de Louis Touchagues, Henri B\u00e9raud, Marcel Achard, Henri Jeanson, Pierre Scize. C\u2019est gr\u00e2ce \u00e0 Pierre Scize qu\u2019il entre en 1923 comme secr\u00e9taire de r\u00e9daction \u00e0 <em>Paris-Journal<\/em> et fr\u00e9quente Louis Aragon et Jacques H\u00e9bertot, directeur du Th\u00e9\u00e2tre des Champs-\u00c9lys\u00e9es. Il cofonde en 1926 le prix Renaudot qui couronne entre autres Louis Aragon, Marcel Aym\u00e9 et Louis-Ferdinand C\u00e9line. Il rencontre Ren\u00e9 Clair qui devient un grand ami et tourne avec Jean dans <em>Entr\u2019acte.<\/em><\/p>\n<p style=\"text-align: justify;\">[6] <strong>Kiki<\/strong>, n\u00e9e en octobre 1901, surnomm\u00e9e \u00ab <strong>la Reine de Montparnasse<\/strong> \u00bb, fut mod\u00e8le, muse et amante d\u2019artistes c\u00e9l\u00e8bres, mais \u00e9galement chanteuse, danseuse, g\u00e9rante de cabaret, peintre et actrice de cin\u00e9ma et anima le quartier de Montparnasse durant l\u2019entre-deux-guerres. En 1921, elle devient la compagne et le mod\u00e8le pr\u00e9f\u00e9r\u00e9 de Man Ray qui lui fait rencontrer les dadas Tristan Tzara, Francis Picabia et les surr\u00e9alistes Louis Aragon, Andr\u00e9 Breton, Paul \u00c9luard, Max Ernst et Philippe Soupault. Il m\u2019est permis de penser que mon p\u00e8re eut une courte aventure avec elle.<\/p>\n<p style=\"text-align: justify;\">[7] <strong>Jacques H\u00e9bertot<\/strong>, n\u00e9 en janvier 1886, est directeur de th\u00e9\u00e2tre, po\u00e8te, journaliste et \u00e9diteur. Sous sa direction, le Th\u00e9\u00e2tre des Champs-\u00c9lys\u00e9es va devenir un foyer artistique extraordinaire, r\u00e9unissant des personnalit\u00e9s exceptionnelles : Georges et Ludmilla Pito\u00ebff, Jouvet, Baty, Cocteau, Claudel, Cendrars, Picabia, Tchekhov, Romains, Pirandello\u2026 Dans le domaine de la peinture, la galerie Montaigne accueille la premi\u00e8re exposition de Modigliani et les premi\u00e8res manifestations Dada. Parall\u00e8lement, il cr\u00e9e les revues <em>Th\u00e9\u00e2tre et Com\u0153dia illustr\u00e9<\/em>, <em>Paris-Journal<\/em>, <em>La Danse<\/em>, <em>Monsieur<\/em>, avec la collaboration de Louis Aragon, Georges Charensol ou Ren\u00e9 Clair.<\/p>\n","protected":false},"excerpt":{"rendered":"<p>Entr&rsquo;acte est un film r\u00e9alis\u00e9 par Ren\u00e9 Clair destin\u00e9 \u00e0 \u00eatre diffus\u00e9 \u00e0 l&rsquo;entracte de Rel\u00e2che, ballet dada\u00efste de Jean B\u00f6rlin et Francis Picabia [1] au Th\u00e9\u00e2tre des Champs-\u00c9lys\u00e9es. Il est le premier des films \u00ab surr\u00e9alistes \u00bb dont les &hellip; <a href=\"https:\/\/monperejeanmamy.fr\/?page_id=219\">Continuer la lecture <span class=\"meta-nav\">&rarr;<\/span><\/a><\/p>\n","protected":false},"author":1,"featured_media":0,"parent":0,"menu_order":0,"comment_status":"closed","ping_status":"closed","template":"","meta":[],"folder":[],"_links":{"self":[{"href":"https:\/\/monperejeanmamy.fr\/index.php?rest_route=\/wp\/v2\/pages\/219"}],"collection":[{"href":"https:\/\/monperejeanmamy.fr\/index.php?rest_route=\/wp\/v2\/pages"}],"about":[{"href":"https:\/\/monperejeanmamy.fr\/index.php?rest_route=\/wp\/v2\/types\/page"}],"author":[{"embeddable":true,"href":"https:\/\/monperejeanmamy.fr\/index.php?rest_route=\/wp\/v2\/users\/1"}],"replies":[{"embeddable":true,"href":"https:\/\/monperejeanmamy.fr\/index.php?rest_route=%2Fwp%2Fv2%2Fcomments&post=219"}],"version-history":[{"count":6,"href":"https:\/\/monperejeanmamy.fr\/index.php?rest_route=\/wp\/v2\/pages\/219\/revisions"}],"predecessor-version":[{"id":367,"href":"https:\/\/monperejeanmamy.fr\/index.php?rest_route=\/wp\/v2\/pages\/219\/revisions\/367"}],"wp:attachment":[{"href":"https:\/\/monperejeanmamy.fr\/index.php?rest_route=%2Fwp%2Fv2%2Fmedia&parent=219"}],"wp:term":[{"taxonomy":"folder","embeddable":true,"href":"https:\/\/monperejeanmamy.fr\/index.php?rest_route=%2Fwp%2Fv2%2Ffolder&post=219"}],"curies":[{"name":"wp","href":"https:\/\/api.w.org\/{rel}","templated":true}]}}