{"id":2199,"date":"2021-04-18T18:58:20","date_gmt":"2021-04-18T16:58:20","guid":{"rendered":"http:\/\/monperejeanmamy.fr\/?page_id=2199"},"modified":"2024-01-21T12:07:21","modified_gmt":"2024-01-21T11:07:21","slug":"jm-a-jr-fresnes-46-11-11","status":"publish","type":"page","link":"https:\/\/monperejeanmamy.fr\/?page_id=2199","title":{"rendered":"JM \u00e0 JR (Fresnes 46\/11\/11)"},"content":{"rendered":"<p><strong>\u00a0<\/strong><a href=\"http:\/\/monperejeanmamy.fr\/?page_id=2194\"><img loading=\"lazy\" class=\"wp-image-1352 alignleft\" src=\"http:\/\/monperejeanmamy.fr\/wp-content\/uploads\/2021\/03\/Lettre-precedente.jpg\" alt=\"\" width=\"143\" height=\"78\" \/><\/a><a href=\"http:\/\/monperejeanmamy.fr\/?page_id=2204\"><img loading=\"lazy\" class=\"alignright wp-image-1353\" src=\"http:\/\/monperejeanmamy.fr\/wp-content\/uploads\/2021\/03\/Lettre-suivante.jpg\" alt=\"\" width=\"139\" height=\"76\" \/><\/a><\/p>\n<p style=\"text-align: center;\"><strong>Lundi 11 novembre 1946<\/strong><\/p>\n<p style=\"text-align: center;\">Ma ch\u00e9rie,<\/p>\n<p style=\"text-align: justify;\">Depuis ce matin, on se perd en suppositions, suggestions, sur le sens des \u00e9lections <a href=\"#_ftn1\" name=\"_ftnref1\">[1]<\/a>. Bonnes\u00a0? Mauvaises\u00a0? Les uns crient \u00e0 la catastrophe, d\u2019autres \u00e0 la victoire. Pour moi, elles m\u2019apaisent autant qu\u2019elles m\u2019indiff\u00e8rent. Je ne crois pas qu\u2019il vienne de la r\u00e9volution. Il n\u2019y a plus de solution locale. Elles sont toutes mondiales. Nous avons \u00e9t\u00e9 trop \u00e9prouv\u00e9s pour croire qu\u2019il y ait encore quelque part dans ce pays un groupe d\u2019action d\u00e9cid\u00e9e qui puisse lutter contre les mensonges qui accablent ces malheureuses g\u00e9n\u00e9rations utilitaires, la\u00efques et d\u00e9vou\u00e9es \u00e0 la satisfaction de leurs \u00e9go\u00efsmes les plus barbares ou les plus pervertis. Je travaille donc en toute s\u00e9r\u00e9nit\u00e9, attendant impassiblement les \u00e9v\u00e9nements avec la mentalit\u00e9 du gars qui a d\u00e9j\u00e0 tant fr\u00f4l\u00e9 le danger que ni la vie ni la mort ne peuvent plus le marquer de leur empreinte. Il faut savoir \u00eatre parfaitement heureux et confiant en pleine temp\u00eate. Peu \u00e0 peu nous verrons que nous avons le pouvoir de calmer les flots.<\/p>\n<p style=\"text-align: justify;\">Et puis tout cela ne change rien \u00e0 notre situation pr\u00e9sente. \u00c0 nous deux surtout. Ma m\u00e8re te dira peut-\u00eatre que j&rsquo;ai eu cette semaine de vives explications \u00e0 ton sujet. Ne t&rsquo;en \u00e9meus point. J&rsquo;esp\u00e8re te voir jeudi, \u00e0 moins d&rsquo;impossibilit\u00e9. En tout cas, j&rsquo;ai besoin que tu t&rsquo;arranges tr\u00e8s pr\u00e9cis\u00e9ment avec ma m\u00e8re pour les visites. Je suis arriv\u00e9 dans une p\u00e9riode de lutte tr\u00e8s pr\u00e9cise ou j&rsquo;affirme ma volont\u00e9 de te voir r\u00e9guli\u00e8rement et officiellement. D&rsquo;un autre c\u00f4t\u00e9, j&rsquo;ai besoin de surveiller des int\u00e9r\u00eats purement mat\u00e9riels. Je ne crois pas qu&rsquo;ils soient menac\u00e9s, mais d\u2019o\u00f9 je suis, il m&rsquo;est difficile de man\u0153uvrer. Ce qui serait facile \u00e0 la sortie, l\u2019est peu aujourd&rsquo;hui. Voici donc ce que je pr\u00e9vois : tu viendrais une fois sur quatre pour le moins. J&rsquo;ai besoin pendant les trois ou quatre mois \u00e0 venir de quelqu&rsquo;un qui surveille tr\u00e8s pr\u00e9cis\u00e9ment l&rsquo;affaire que tu sais. C&rsquo;est la raison que je donne. Il en est une autre, c&rsquo;est le plaisir, la joie de ta pr\u00e9sence que je ne me dissimule pas \u00e0 moi-m\u00eame ni \u00e0 toi. Pour sortir de la petite situation actuelle, il me faut des appuis, et jusqu&rsquo;\u00e0 pr\u00e9sent, ils n&rsquo;ont pas manqu\u00e9. Nous arriverons \u00e0 bout de tout huit. Mais si, dans quelques mois je suis condamn\u00e9 (j&rsquo;esp\u00e8re que les grands \u00e9v\u00e9nements internationaux devanceront cette \u00e9ch\u00e9ance) cela sera plus difficile de se rencontrer. Les centrales de province sont lointaines. Quant aux condamn\u00e9s \u00e0 mort, ils vivent d\u00e9j\u00e0 dans une sorte d&rsquo;irr\u00e9alit\u00e9 transubstantielle d&rsquo;o\u00f9 ils dominent leur pass\u00e9 et les souffrances g\u00e9n\u00e9rales avec une ardeur quotidiennement accrue. On ne sait jamais par o\u00f9 l&rsquo;on doit passer pour sortir du tunnel. Vois donc pr\u00e9cis\u00e9ment tes amis pour agir dans le meilleur sens. Nous en parlerons jeudi ou l&rsquo;autre.<\/p>\n<p style=\"text-align: justify;\">Vois ma m\u00e8re. Qu&rsquo;elle r\u00e9agisse si on l&#8217;emb\u00eate. Qu&rsquo;elle ne tienne compte d&rsquo;aucune r\u00e9crimination. Ton travail sur les <em>Bar. d\u2019O<\/em>. est parfait. Excellent dossier \u00e0 pr\u00e9senter. J&rsquo;ai remis \u00e0 Flo. un document de 10 pages sur mon affaire. \u00c0 taper d&rsquo;urgence. Pour remettre \u00e0 l&rsquo;instruction, par moi naturellement. \u00c0 remettre \u00e0 Flo. en trois ou quatre exemplaires. Je corrigerai ici. \u00c9galement un autre document pour le dossier \u00e0 taper aussi, 4 ex.<\/p>\n<p style=\"text-align: justify;\">Je voudrais que tu engages des pourparlers avec un \u00e9diteur possible pour les \u0153uvres futures. Vois du c\u00f4t\u00e9 Suisse, Belgique, ou Canada. \u0152uvres litt\u00e9raires, bien entendu. Je reste persuad\u00e9 qu&rsquo;il n&rsquo;y a rien \u00e0 faire en France pour longtemps et que le march\u00e9 est beaucoup plus facile ailleurs. Si dans quelques mois les <em>B. d\u2019O<\/em>. pouvaient sortir, ce serait excellent (apr\u00e8s le proc\u00e8s naturellement). En m\u00eame temps, les trois pi\u00e8ces de th\u00e9\u00e2tre. Surtout les deux derni\u00e8res. Veux-tu t&rsquo;occuper de cela. Je remettrai bient\u00f4t \u00e0 Flo. deux manuscrits sur trois. Un pour le pr\u00e9sident, un autre pour toi (\u00e0 montrer sans le laisser plus de 48 heures, il ne faut pas qu&rsquo;on copie). Je suis persuad\u00e9 que par tes relations tu dois trouver la personne juste. Tout cela est tr\u00e8s important. Il faut maintenant sortir de la phase passive pour travailler activement.<\/p>\n<p style=\"text-align: justify;\">Veux-tu te renseigner sur les gens qui, au Canada, \u00e9ditent les bouquins de Massir, Bordeaux, etc. Ces \u00e9ditions sont-elles ou non vendues dans la France actuelle ? J&rsquo;en doute. En tout cas, elles prosp\u00e8rent sur le march\u00e9 international. De m\u00eame certains \u00e9diteurs suisses sont fortement int\u00e9ress\u00e9s par tout ce qu&rsquo;on leur apporte, quand l&rsquo;ouvrage est de qualit\u00e9. Fais toutes les d\u00e9marches utiles dans ce sens. Combien as-tu d&rsquo;exemplaires de <em>Lancelot<\/em> et <em>Gabriela<\/em> ? Il faudra en r\u00e9cup\u00e9rer chez ma m\u00e8re pour les verser au dossier. Et les faire lire. J&rsquo;ai l&rsquo;impression qu&rsquo;on les laisse dormir. Cela ne m&rsquo;\u00e9tonne pas de la personne quo les d\u00e9tient. Elle est incapable de se faire ouvrir les portes qu&rsquo;il faut. Une petite main habile comme la tienne saura tourner toutes les cl\u00e9s. Tu vois quelle confiance j\u2019ai en toi, et quel espoir je mets.<\/p>\n<p style=\"text-align: justify;\">Beaucoup plus d&rsquo;espoir qu&rsquo;on te le dit. Ton admiration pour Lamartine est touchante. Puisse-t-elle atteindre les milliers d&rsquo;autres auteurs dont il faut lire et relire sans cesse l&rsquo;\u0153uvre extraordinaire pour avoir id\u00e9e de l&rsquo;admiration qu&rsquo;ils ont laiss\u00e9e \u00e0 ce pays indigne de tant de pass\u00e9s glorieux. Jamais peuple ne fut plus combl\u00e9 que le peuple fran\u00e7ais. Jamais tel \u00e9talage de chefs-d&rsquo;\u0153uvre ne fut apport\u00e9 dans un berceau par des f\u00e9es bienfaisantes. Jamais pens\u00e9e pur fut aussi peu comprise. On s&rsquo;\u00e9tonne moins d&rsquo;avoir pu construire les cath\u00e9drales que de ne pas les voir s&rsquo;effriter sous l&rsquo;indiff\u00e9rence. Le souci de l&rsquo;\u00e9poque, c&rsquo;est la lutte entre la casquette et le chapeau mou. Nous sommes loin de Versailles, des ch\u00e2teaux de la Loire, et du Mont-Saint-Michel.<\/p>\n<p style=\"text-align: justify;\">Relu cette semaine <em>Le Rouge et le Noir<\/em>, <em>La R\u00f4tisserie de la Reine P\u00e9dauque<\/em>, <em>Les m\u00e9moires <\/em>de Roederer, un gros bouquin surr\u00e9aliste idiot d&rsquo;Isabelle de Broglie, intitul\u00e9 <em>Maldonne<\/em> (tout ce groupe d\u00e9teste en litt\u00e9rature tout ce qu&rsquo;il faut ha\u00efr : la mondanit\u00e9 pr\u00e9cieuse, vaine, frivole, cochonne, ce bleu freudien). Pour l&rsquo;instant j\u2019ach\u00e8ve un roman de Charles Morgan, <em>Fontaine<\/em>. Je vais ensuite me pr\u00e9cipiter sur une Histoire Romaine, sur l&rsquo;\u00e9tude de Ludovic sur Guillaume II, sur une \u00e9tude de Huxley sur le p\u00e8re Joseph, sans pr\u00e9judice de mes travaux personnels, des parties d&rsquo;\u00e9checs, des \u00e9tudes m\u00e9taphysiques, et des lettres \u00e0 Jeannette. Pourvu qu\u2019on me laisse tranquille encore quelque temps, de quoi finir un bouquin d\u2019essais.<\/p>\n<p style=\"text-align: justify;\">Lis et relis sans cesse tout le temps que ne te prend pas le jeune Fr\u00e9d\u00e9ric qui demande qu&rsquo;on l&rsquo;alimente en rires et en jeux. Sait-il lire ? Au moins trois lettres ? Sait-il compter ? Au moins ses 10 doigts ? Sait-il courir ? Sait-il ob\u00e9ir \u00e0 sa m\u00e8re ? Sait-il sourire ? Sait-il \u00eatre heureux ? Et saura-t-il \u00eatre, en politique, un audacieux combattant pour que l&rsquo;homme de demain soit leur r\u00e9ceptacle de toutes les vertus divines. Saura-t-il refuser le jeu arbitraire des partis pour lui opposer la loi g\u00e9n\u00e9rale, combattre les sectes au nom de l&rsquo;universalisme chr\u00e9tien, mater la r\u00e9volte et l\u2019anarchie en haut comme en bas. Il a un cr\u00e2ne de chef, des yeux volontaires, un menton d\u00e9cid\u00e9. Nous verrons bien s&rsquo;\u00e9panouir sa destin\u00e9e qui menace d&rsquo;\u00eatre grandiose. Tous nos souhaits sont sur lui, et sa petite s\u0153ur Catherine, d\u00e9cid\u00e9e depuis longtemps, et qui viendra \u00e0 son heure. \u00c0 moins que tu aies chang\u00e9 d\u2019avis.<\/p>\n<p style=\"text-align: justify;\">Les colis n&rsquo;ont pas \u00e9t\u00e9 distribu\u00e9s aujourd&rsquo;hui. Je te ferai donc point de compliments cette semaine et j&rsquo;attendrai demain pour jeter mes \u0153illets de la semaine derni\u00e8re. Le p\u00e9tunia double a v\u00e9cu. Les boutons \u00e9clos depuis trois semaines n&rsquo;ont pas tenu leurs promesses, faute de soleil. Les gueule-de-loup aussi. Il reste encore un p\u00e9tunia simple, mais d&rsquo;ici deux jours\u2026. Seuls les chrysanth\u00e8mes pourraient tenir. Si j&rsquo;en avais. Et les cactus qui patientent sur ma table.<\/p>\n<p style=\"text-align: justify;\">Nous allons partir pour la promenade. Laisserai-je ma lettre en suspens, pour te donner au retour mes impressions de ciel gris, et l\u2019humeur du pr\u00e9au ? Ou bien d\u00e9verserai-je imm\u00e9diatement dans le creux de ton oreille tout le baume qui doit te faire sourire si j&rsquo;en crois que les yeux marrons quand ils ne jaunissent aux mots qui font trembler. Tu es tr\u00e8s jolie sur tes photos. Si petite fille, si franche, si nette qu&rsquo;on voudrait t\u2019embrasser sur les deux joues (d&rsquo;abord !), et r\u00e9chauffer ta petite figure dans le creux d\u2019une \u00e9paule amie. Apr\u00e8s viendront les grandes confidences. Je t&rsquo;ai d\u00e9j\u00e0 propos\u00e9 : la maison au Canada, la promenade autour des lacs nordiques, l&#8217;emploi d&rsquo;imp\u00e9ratrice dans un roman norv\u00e9gien, la vie dans la pampa en Am\u00e9rique du Sud. On pourrait ajouter quelques autres fantaisies qui peuvent se r\u00e9aliser, qui sait ? Tout arrive. Aujourd&rsquo;hui, plus pratique, je fais de toi une femme d&rsquo;affaires. Nul doute que tu r\u00e9ussisses. Tu as en main les armes qu&rsquo;il faut : ma confiance d&rsquo;abord, mon estime, mon affection, notre double d\u00e9sir de r\u00e9ussir ensemble. Et puis les quelques textes avec quoi on peut man\u0153uvrer.<\/p>\n<p style=\"text-align: justify;\">Ainsi donc, reine toute pure et aim\u00e9e, on t&#8217;embrasse comme il se doit, en proportion de notre intime amour. Plus tu seras simple et pure, plus on t&rsquo;aimera pour ta fra\u00eecheur sensible, pour tes yeux clairs, pour les dons de tes mains. Nous avons toute notre r\u00e9compense quand apr\u00e8s avoir lutt\u00e9 pour une vie meilleure, il nous est accord\u00e9 une estime, une amiti\u00e9 suppl\u00e9mentaire, un d\u00e9vouement d\u00e9sint\u00e9ress\u00e9, les cris joyeux d&rsquo;un enfant vif. Tu seras r\u00e9compens\u00e9e. Je crois, quand je regarde en arri\u00e8re, t\u2019avoir bien m\u00e9rit\u00e9e. On va t\u00e2cher de faire mieux et m\u00e9riter la Jeannette de demain. Mes gros baisers, ma grosse tendresse.<\/p>\n<p style=\"text-align: justify;\">J.<\/p>\n<p style=\"text-align: justify;\">PS. Re\u00e7u ton pneu \u00e0 l\u2019instant. Non pour la lampe, ni pour la bouteille thermos. Oui pour les Jacinthes<\/p>\n<p style=\"text-align: justify;\"><a href=\"#_ftnref1\" name=\"_ftn1\">[1]<\/a> Les \u00e9lections l\u00e9gislatives du 10 novembre 1946 sont les premi\u00e8res de la IVe R\u00e9publique nouvellement instaur\u00e9e. Elles sont marqu\u00e9es par une victoire sans pr\u00e9c\u00e9dent du Parti communiste (28,3% des suffrages, 182 si\u00e8ges, soit pr\u00e8s d&rsquo;un tiers des effectifs de l&rsquo;Assembl\u00e9e nationale), devant le MRP (25,9%. 173 si\u00e8ges) et loin devant la SFIO (17,8%, 102 si\u00e8ges) \u00a0qui supporte de moins en moins bien la concurrence communiste. L\u2019Union gaulliste recueille 3% des suffrages et n\u2019obtient aucun si\u00e8ge. (note de FGR)<\/p>\n<p>&nbsp;<\/p>\n<p>&nbsp;<\/p>\n","protected":false},"excerpt":{"rendered":"<p>\u00a0 Lundi 11 novembre 1946 Ma ch\u00e9rie, Depuis ce matin, on se perd en suppositions, suggestions, sur le sens des \u00e9lections [1]. Bonnes\u00a0? Mauvaises\u00a0? Les uns crient \u00e0 la catastrophe, d\u2019autres \u00e0 la victoire. Pour moi, elles m\u2019apaisent autant qu\u2019elles &hellip; <a href=\"https:\/\/monperejeanmamy.fr\/?page_id=2199\">Continuer la lecture <span class=\"meta-nav\">&rarr;<\/span><\/a><\/p>\n","protected":false},"author":2,"featured_media":11,"parent":0,"menu_order":0,"comment_status":"closed","ping_status":"closed","template":"","meta":[],"folder":[],"_links":{"self":[{"href":"https:\/\/monperejeanmamy.fr\/index.php?rest_route=\/wp\/v2\/pages\/2199"}],"collection":[{"href":"https:\/\/monperejeanmamy.fr\/index.php?rest_route=\/wp\/v2\/pages"}],"about":[{"href":"https:\/\/monperejeanmamy.fr\/index.php?rest_route=\/wp\/v2\/types\/page"}],"author":[{"embeddable":true,"href":"https:\/\/monperejeanmamy.fr\/index.php?rest_route=\/wp\/v2\/users\/2"}],"replies":[{"embeddable":true,"href":"https:\/\/monperejeanmamy.fr\/index.php?rest_route=%2Fwp%2Fv2%2Fcomments&post=2199"}],"version-history":[{"count":4,"href":"https:\/\/monperejeanmamy.fr\/index.php?rest_route=\/wp\/v2\/pages\/2199\/revisions"}],"predecessor-version":[{"id":3229,"href":"https:\/\/monperejeanmamy.fr\/index.php?rest_route=\/wp\/v2\/pages\/2199\/revisions\/3229"}],"wp:featuredmedia":[{"embeddable":true,"href":"https:\/\/monperejeanmamy.fr\/index.php?rest_route=\/wp\/v2\/media\/11"}],"wp:attachment":[{"href":"https:\/\/monperejeanmamy.fr\/index.php?rest_route=%2Fwp%2Fv2%2Fmedia&parent=2199"}],"wp:term":[{"taxonomy":"folder","embeddable":true,"href":"https:\/\/monperejeanmamy.fr\/index.php?rest_route=%2Fwp%2Fv2%2Ffolder&post=2199"}],"curies":[{"name":"wp","href":"https:\/\/api.w.org\/{rel}","templated":true}]}}