{"id":2204,"date":"2021-04-19T09:13:59","date_gmt":"2021-04-19T07:13:59","guid":{"rendered":"http:\/\/monperejeanmamy.fr\/?page_id=2204"},"modified":"2021-04-19T09:48:39","modified_gmt":"2021-04-19T07:48:39","slug":"jm-a-jr-fresnes-46-11-17","status":"publish","type":"page","link":"https:\/\/monperejeanmamy.fr\/?page_id=2204","title":{"rendered":"JM \u00e0 JR (Fresnes 46\/11\/17)"},"content":{"rendered":"<p><strong>\u00a0<\/strong><a href=\"http:\/\/monperejeanmamy.fr\/?page_id=2199\"><img loading=\"lazy\" class=\"wp-image-1352 alignleft\" src=\"http:\/\/monperejeanmamy.fr\/wp-content\/uploads\/2021\/03\/Lettre-precedente.jpg\" alt=\"\" width=\"143\" height=\"78\" \/><\/a><a href=\"http:\/\/monperejeanmamy.fr\/?page_id=2208\"><img loading=\"lazy\" class=\"alignright wp-image-1353\" src=\"http:\/\/monperejeanmamy.fr\/wp-content\/uploads\/2021\/03\/Lettre-suivante.jpg\" alt=\"\" width=\"139\" height=\"76\" \/><\/a><\/p>\n<p style=\"text-align: center;\"><strong>Dimanche 17 novembre 1946<\/strong><\/p>\n<p style=\"text-align: center;\">Ma ch\u00e9rie,<\/p>\n<ol>\n<li style=\"text-align: justify;\">Envoie-moi un peu de papier blanc.<\/li>\n<li style=\"text-align: justify;\">\u00c9cris-moi plus longuement.<\/li>\n<li style=\"text-align: justify;\">Ne te tourmente point mais pense \u00e0 moi avec affection mais tranquillit\u00e9.<\/li>\n<li style=\"text-align: justify;\">Tout ce que tu as fait est tr\u00e8s bien. Bravo. Merci.<\/li>\n<li style=\"text-align: justify;\">J\u2019attends des visites de. Je saurais donc peu de jours comment arranger tout cela. Pour l&rsquo;instant je suis en train de casser des vitres sales d&rsquo;un certain c\u00f4t\u00e9, et nous verrons les r\u00e9sultats. Je pense que cela ne doit pas tarder \u00e0 clarifier la situation.<\/li>\n<li style=\"text-align: justify;\">La situation politique n&rsquo;appara\u00eet pas si mauvaise. Un quadripartisme \u00f4terait de la force aux communistes, \u00e0 moins qu&rsquo;ils en prennent la t\u00eate, ce dont il faut douter, \u00e9tant donn\u00e9 la situation internationale. Mais on a d\u00e9j\u00e0 vu tant de gaffes ! Je ne d\u00e9marre pas de mes pr\u00e9visions bellicistes. Il est impossible que tout cela finisse bien. Ce n&rsquo;est pas la paix, loin de l\u00e0. Et le danger augmente de jour en jour. Pour moi je suis d\u00e9j\u00e0 en de\u00e7\u00e0 de la vie, ou plut\u00f4t de cette fausse vie o\u00f9 l&rsquo;on meurt, o\u00f9 l&rsquo;on guerroie, o\u00f9 l&rsquo;on souffre, o\u00f9 l&rsquo;on prend des coups, o\u00f9 l&rsquo;on en donne. Cette prison est un refuge contre une meute d&rsquo;ennemis. Autant vivre en s\u00e9curit\u00e9 dans le coin o\u00f9 l&rsquo;on peut r\u00eaver \u00e0 des paradis plus r\u00e9els que cette sacr\u00e9e existence humaine, si riche en soucis.<\/li>\n<\/ol>\n<p style=\"text-align: justify;\">J&rsquo;ai re\u00e7u hier ta bonne petite lettre. Alors il te pla\u00eet que je te m\u00e9rite ? Et tu veux bien que je te m\u00e9rite ? Et tu estime que je t&rsquo;ai m\u00e9rit\u00e9e ? Moi je le crois, mais ce n&rsquo;est pas moi qui distribue les r\u00e9compenses. Ces toi avec ta petite main pleine d&rsquo;oiseaux bleus. Si tu l\u2019ouvres, ils ne partiront pas. Ils viendront se poser sur les yeux de celui que tu as choisi. Et \u00e0 l&rsquo;ombre des ailes ont, on entrevoit des paysages nouveaux, des ciels plus vas donc tes, des tendresses sans cesse renouvel\u00e9es. Je n&rsquo;ai pas \u00e0 te conseiller. Tu agiras selon ton c\u0153ur ! Tu es trop gentille pour qu\u2019on te bouscule dans tes sentiments secrets.<\/p>\n<p style=\"text-align: justify;\">Demain, j\u2019irai me balader ou tu sais. Est-ce que par hasard ?&#8230; Je n&rsquo;ose imaginer ce plaisir. Mais qui sait ? J&rsquo;esp\u00e8re que mon dossier n&rsquo;est pas encore rentr\u00e9 dans sa balade. En tout cas nous avons encore un peu de temps. 1947 sera-t-il plus cl\u00e9ment que les deux ann\u00e9es pr\u00e9c\u00e9dentes ? Encore huit condamn\u00e9s \u00e0 mort hier \u00e0 Lyon ! D\u00e9cid\u00e9ment la justice sovi\u00e9tique est tenacement rancuni\u00e8re ou m\u00e9thodique. Elle fonctionne comme un laminoir. Reste \u00e0 savoir si peu \u00e0 peu on stoppera la vague, ou si elle emportera tout. J&rsquo;ai bien peur qu&rsquo;on ait livr\u00e9 toutes les digues \u00e0 l&rsquo;adversaire. Il ne nous restera plus que des attitudes mentales puissantes. Je sais bien que devant un tribunal juste, je suis \u2014nous sommes tous\u2014 mille fois innocents et libres. Mais faut-il, alors, \u00e9chapper \u00e0 la suggestion de nos sens, et surmonter les m\u00eames \u00e9preuves que les martyrs chr\u00e9tiens. Ce n&rsquo;est pas dr\u00f4le d&rsquo;\u00eatre en conflit avec le monde entier, pour des raisons purement spirituelles. On se fait \u00e9craser sans recours.<\/p>\n<p style=\"text-align: justify;\">J&rsquo;\u00e9cris toujours beaucoup (c&rsquo;est-\u00e0-dire pas \u00e0 pas, lentement, peu \u00e0 peu, en me corrigeant cent fois). Tu me diras si le nouvel \u00ab ours \u00bb te pla\u00eet. L&rsquo;histoire grecque abonde en h\u00e9ros grandioses. Ses personnages sont d&rsquo;une autre taille que les modernes. Tout est grand, puissant, harmonieux, terrible dans ces odyss\u00e9es prodigieuses. Le monde mesquin d&rsquo;aujourd&rsquo;hui a perdu la mesure de l&rsquo;Esprit et de la vaillance. Il se comporte comme un essaim de fourmis rouges. Toujours bouffer, jamais produire.<\/p>\n<p style=\"text-align: justify;\">Tiens-moi au courant de l&rsquo;aviation. Peut-\u00eatre y aura-t-il une solution de ce c\u00f4t\u00e9- verrai demain l&rsquo;atmosph\u00e8re. D&rsquo;avance, elle ne me semble pas mauvaise. Et puis \u00e0 Dieu vat\u00a0! Le jour o\u00f9 il faudra foncer contre la foule, ou les juges populaires, nous nous armerons le mieux possible. Ma conscience est de plus en plus tranquille. Et je passe des nuits sans cauchemar. Toi aussi, j&rsquo;esp\u00e8re. Il le faut.<\/p>\n<p style=\"text-align: justify;\"><img loading=\"lazy\" class=\"alignright size-medium wp-image-2211\" src=\"http:\/\/monperejeanmamy.fr\/wp-content\/uploads\/2021\/04\/FGR19460929c-169x300.jpg\" alt=\"\" width=\"169\" height=\"300\" srcset=\"https:\/\/monperejeanmamy.fr\/wp-content\/uploads\/2021\/04\/FGR19460929c-169x300.jpg 169w, https:\/\/monperejeanmamy.fr\/wp-content\/uploads\/2021\/04\/FGR19460929c-578x1024.jpg 578w, https:\/\/monperejeanmamy.fr\/wp-content\/uploads\/2021\/04\/FGR19460929c-768x1361.jpg 768w, https:\/\/monperejeanmamy.fr\/wp-content\/uploads\/2021\/04\/FGR19460929c-867x1536.jpg 867w, https:\/\/monperejeanmamy.fr\/wp-content\/uploads\/2021\/04\/FGR19460929c-1156x2048.jpg 1156w, https:\/\/monperejeanmamy.fr\/wp-content\/uploads\/2021\/04\/FGR19460929c-scaled.jpg 1445w\" sizes=\"(max-width: 169px) 100vw, 169px\" \/>Tu ne m&rsquo;as toujours pas envoy\u00e9 de nouvelles photos. J&rsquo;aurais bien voulu pourtant t\u2019\u00e9pingler sur mon mur dans une nouvelle robe, avec un sourire tout neuf. Faute de mieux, j&rsquo;ai recherch\u00e9 dans mes cartons une de celles que j&rsquo;avais remplac\u00e9es il y a trois mois. Te voil\u00e0 \u00e0 nouveau en train d&rsquo;accrocher du linge. Le Fr\u00e9d\u00e9ric lui, y est dans toutes les positions. C&rsquo;est un gaillard qui aime le v\u00e9lo et qui sourit si bien. Il faudrait faire agrandir la t\u00eate de la photo, o\u00f9, debout contre une jarre, il est merveilleux de gait\u00e9. Voil\u00e0 une belle premi\u00e8re page de magazine.<\/p>\n<p style=\"text-align: justify;\">Cette semaine, encore lu beaucoup de choses : <em>Fontaine<\/em> de Morgan, un Mauriac (mauvais) \u00ab\u00a0<em>Tout ce qui \u00e9tait perdu<\/em>\u00a0\u00bb et beaucoup travaill\u00e9 le trait\u00e9 de bridge d&rsquo;Albarran. Int\u00e9ressant. Jeu tr\u00e8s scientifique. Amusement distingu\u00e9. Mon nouveau fils s&rsquo;appelle : <em>Le Jour et la Nuit<\/em>. C&rsquo;est un volume d&rsquo;essais plus ou moins philosophiques. De petites histoires, les unes po\u00e9tiques, les autres r\u00e9alistes, entrem\u00eal\u00e9es. La moiti\u00e9 est \u00e9crite dans une langue volontairement fort vulgaire, quelquefois argotique. L&rsquo;autre moiti\u00e9 tend \u00e0 la po\u00e9sie pure. On y trouve l&rsquo;apologie de Bell\u00e9rophon <a href=\"#_ftn1\" name=\"_ftnref1\">[1]<\/a>, de Croniamental <a href=\"#_ftn2\" name=\"_ftnref2\">[2]<\/a>, de Faustroll <a href=\"#_ftn3\" name=\"_ftnref3\">[3]<\/a>, de Maldoror <a href=\"#_ftn4\" name=\"_ftnref4\">[4]<\/a>, de Tytil et Myrtil <a href=\"#_ftn5\" name=\"_ftnref5\">[5]<\/a> et d&rsquo;autres personnages invent\u00e9s par le g\u00e9nie des trouv\u00e8res, des bardes ou autres fantaisistes pour qui la litt\u00e9rature est le plan o\u00f9 ils naviguent. Et l\u2019on se sent de plus en plus port\u00e9 vers cette \u00e9vasion \u2014\u00e0 condition qu\u2019elle soit dirig\u00e9e par une m\u00e9taphysique impeccable. La plupart de ces auteurs dits g\u00e9niaux n\u2019ont jamais expector\u00e9 que leur grossi\u00e8ret\u00e9.<\/p>\n<p style=\"text-align: justify;\">Sais-tu \u00e0 quel point j&rsquo;ai pens\u00e9 \u00e0 tes cheveux embaum\u00e9s\u00a0? Il faut les faire travailler par un grand artiste, avec des boucles volantes, d&rsquo;autres souples, des parties liss\u00e9es, peu de frisure, mais des ondulations botticelliennes. Je lui apporterai quand le moment sera venu des photos des mus\u00e9es de Florence. En vierge italienne tu dois tr\u00e8s bien r\u00e9pondre. Il faudra aussi que je t&rsquo;habille de brocarts et dorures avec des bijoux \u00e9pais. Tu peux supporter des formes tr\u00e8s antiques et pliss\u00e9es. Les tissus modernes m\u2019insupportent. Nous allons faire revivre une Renaissance luxueuse ou aust\u00e8re, mais nous r\u00e9pudierons tout machinisme banal. Si je faisais de toi une bourgeoise de Florence ? Vivre dans des meubles de prix, parsem\u00e9s de bibelots rares, sous des peintures joyeuses ou graves, avec le seul souci de lustrer les vieux ch\u00eanes des boiseries ou de broder des robes de gala ! Plus l&rsquo;\u00e9poque est sale et triste, plus l&rsquo;on souhaite y \u00e9chapper par la richesse \u00e9tal\u00e9e, exprim\u00e9e avec insistance, avec le meilleur go\u00fbt. La v\u00e9ritable r\u00e9volte c&rsquo;est de s&rsquo;exprimer contre le m\u00e9diocre. L&rsquo;artiste ne doit jamais flatter le prol\u00e9taire. Les cinquante derni\u00e8res ann\u00e9es nous ont oblig\u00e9s \u00e0 laver les pieds de la pire crapule sous pr\u00e9texte de socialisme. Quelle erreur ! Il faut insulter l&rsquo;esprit de laideur, comme celui de maladie, comme le vice. Plus le monde s\u2019encrasse, plus le po\u00e8te s&rsquo;\u00e9l\u00e8ve et s&rsquo;acharne dans la beaut\u00e9 pure. Dans ce monde en haillons, je rev\u00eatirai bient\u00f4t une redingote \u00e0 fleurs, ou un habit Louis XV, chamarr\u00e9, et surcharg\u00e9 de pierreries.<\/p>\n<p style=\"text-align: justify;\">Si je peux, je n&rsquo;\u00e9crirai plus que des contes de f\u00e9es. Ils sont tellement plus pr\u00e8s de la r\u00e9alit\u00e9. Quelle erreur que cette d\u00e9mocratie triste, ce go\u00fbt du peuple enlis\u00e9 dans la boue, ces vies standardis\u00e9es, ces \u00e9toffes communes, ces oripeaux vulgaires, ces chansons obsc\u00e8nes, toute cette bouillie pour for\u00e7ats. Il nous faut parquets lustr\u00e9s, meubles luisants polis par les ans (voyez Baudelaire), riches plafonds, miroir profonds. Ordre et beaut\u00e9. Le po\u00e8te a toujours raison.<\/p>\n<p style=\"text-align: justify;\">Je me vois d\u00e9j\u00e0 en train de te choisir tes robes, de dessiner le plan de notre maison, de t\u2019indiquer la place des fauteuils dans le salon espagnol et l&rsquo;ordonnance des lauriers-roses dans le patio, de commander les grilles en fer forg\u00e9 et les lustres de l&rsquo;hacienda (car tout se passe en Am\u00e9rique du Sud) et d&rsquo;illustrer avec des tapisseries la chambre des enfants. Sauras-tu commander \u00e0 des domestiques n\u00e8gres ? ou indiens ? Apprendras-tu facilement espagnol et l&rsquo;anglais ? Pourras-tu t\u2019int\u00e9resser \u00e0 un gros commerce d&rsquo;exportation ? On a de la technique cin\u00e9matographique. Bien entendu nous reviendrons en Europe faire des rafles chez les antiquaires. Mais pas le plus petit doigt dans l&rsquo;engrenage parisien. Les po\u00e8tes sont d\u00e9sormais touristes. Nous en avons souper de corriger les hommes par la parole. Nous nous r\u00e9fugierons dans l&rsquo;exemple et plus cette terre sera lasse et mesquine, plus nous (qui, pour l&rsquo;instant, n&rsquo;avons autre chose que nos id\u00e9es) nous acharnerons au luxe le plus implacablement ruisselant de magnificence. Je remplacerai mes cachots pourris de salp\u00eatre par des murs d&rsquo;onyx et d&rsquo;\u00e9b\u00e8ne, des plafonds de bois de rose, et des portes sculpt\u00e9es. Et tout ne sera que peintures, ornements, jardins taill\u00e9s, vasques fleuries autour de nous. Aucune place \u00e0 laisser \u00e0 la nature vierge, cette mar\u00e2tre. Remplacer la chaumi\u00e8re par un palais. Que les autres en fassent autant. Le ciel n&rsquo;est pas assez grand pour moi. Si la d\u00e9mocratie croit qu&rsquo;elle va m&rsquo;imposer son L\u00e9vitan !<\/p>\n<p style=\"text-align: justify;\">Terminerais-je ma lettre aujourd&rsquo;hui, ou bien attendrais-je la rentr\u00e9e de demain soir ? Je pr\u00e9f\u00e8re te donner les impressions d&rsquo;instruction. Donc, je vais aller au pr\u00e9au en promenade r\u00e9fl\u00e9chir sur la grisaille du temps et \u00e9changer avec des compagnons de captivit\u00e9 nos espoirs, et nos convictions, et nos illuminations int\u00e9rieures. Nous sommes beaucoup de vivants ici, attach\u00e9s \u00e0 l&rsquo;id\u00e9e la plus haute de l&rsquo;homme qui domine toute condition lamentable. Bonsoir&#8230; Bonsoir&#8230; Bonne nuit !<\/p>\n<h1 style=\"text-align: justify;\"><u>Lundi soir<\/u>.<\/h1>\n<p style=\"text-align: justify;\">Rentre de l&rsquo;instruction. Tout va bien. Il faut se d\u00e9p\u00eacher beaucoup pour la note. Que Liebmann la porte <u>cette semaine<\/u>. Je la corrigerai, la lui remettrait aussit\u00f4t, pour \u00eatre retap\u00e9e. Elle doit \u00eatre d\u00e9pos\u00e9e samedi de la semaine prochaine (30 novembre) <u>mais pas avant<\/u>. Veux-tu v\u00e9rifier tout cela. Apr\u00e8s quoi, veille \u00e0 ce que Flo. demande qu&rsquo;on m&rsquo;interroge encore sur cette note (derni\u00e8re instruction). Je te verrai \u00e0 ce moment-l\u00e0 et nous conviendrons de la marche \u00e0 suivre. Il faut d&rsquo;ici l\u00e0 que toutes les d\u00e9marches soient faites par l&rsquo;aviation. Prend bien note de tout ceci.<\/p>\n<p style=\"text-align: justify;\">Pour le colis, parfait, bravo ! Que s&rsquo;est-il pass\u00e9 pour les jacinthes, oignons etc. S&rsquo;ils ne passent pas dans le colis linge que ma m\u00e8re les mette dans l&rsquo;autre si ce n&rsquo;est pas trop lourd. Mais cela doit passer. Dit lui aussi de me trouver <u>du chocolat<\/u>, 7 tablettes par semaine. C&rsquo;est le principal. Si possible naturellement. Qu&rsquo;elle n&rsquo;oublie pas. Je sais que c&rsquo;est difficile. Et embrasse-la de ma part, comme le Fr\u00e9d\u00e9ric. Pour toi, je pr\u00e9f\u00e8re me charger moi-m\u00eame de la chose. Et je sais que tu attends de moi encore une belle histoire. Patience. Il \u00e9tait une fois&#8230; Gros, gros, gros\u2026<\/p>\n<p style=\"text-align: justify;\">J.<\/p>\n<p style=\"text-align: justify;\"><a href=\"#_ftnref1\" name=\"_ftn1\">[1]<\/a> Bell\u00e9rophon naquit \u00e0 \u00c9phyre sous le nom d&rsquo;Hipponoos. Il \u00e9tait officiellement le fils de Glaucos et le petit fils de Sisyphe, mais une rumeur faisait de lui le fils du dieu de la mer Pos\u00e9idon. Il fut rebaptis\u00e9 Bell\u00e9rophon apr\u00e8s le meurtre involontaire de son fr\u00e8re D\u00e9liad\u00e8s lors d&rsquo;un lancer de disque, ou, selon d&rsquo;autres r\u00e9cits, le meurtre d&rsquo;un noble corinthien tyran de son \u00e9tat, nomm\u00e9 Bell\u00e9ros (Bell\u00e9rophon signifie \u00ab tueur de Bell\u00e9ros \u00bb). Il d\u00fb s&rsquo;expatrier et fuir \u00e0 Tirynthe pour que le roi Pro\u00e9tos de Corinthe le purifie de son crime. (note de FGR)<br \/>\n<a href=\"#_ftnref2\" name=\"_ftn2\">[2]<\/a> Croniamantal\u00a0: personnage central du <em>Po\u00e8te Assassin\u00e9<\/em> de Guillaume Appolinaire, polonais naturalis\u00e9 fran\u00e7ais, de son vrai nom Wilhelm Albert W\u0142odzimierz Apolinary de W\u0105\u017c-Kostrowicki<u><sup>[]<\/sup><\/u> (note de FGR)<br \/>\n<a href=\"#_ftnref3\" name=\"_ftn3\">[3]<\/a> Le Docteur Faustroll, n\u00e9 en Circassie en 1898 \u00e0 l&rsquo;\u00e2ge de 63 ans et mort la m\u00eame ann\u00e9e au m\u00eame \u00e2ge est un savant d\u00e9crit dans les Gestes et opinions du docteur Faustroll, pataphysicien d&rsquo;Alfred Jarry. Il est, depuis 1947, curateur inamovible du Coll\u00e8ge de Pataphysique. Savant et lettr\u00e9, comme en t\u00e9moigne sa biblioth\u00e8que, Faustroll, soudainement expuls\u00e9 de son domicile par un huissier, entame en 1898, accompagn\u00e9 par son singe, Bosse-de-Nage, et l&rsquo;huissier pr\u00e9cit\u00e9, Ren\u00e9-Isidore Panmuphle, un voyage \u00ab de Paris \u00e0 Paris par mer \u00bb, qui le conduit \u00e0 la mort, pr\u00e8s de la Grande Nef Mour-de-Zencle. Projet\u00e9 dans l&rsquo;\u00ab \u00e9thernit\u00e9 \u00bb, il communique par lettre t\u00e9l\u00e9pathique \u00e0 Lord Kelvin de nombreuses r\u00e8gles concernant le temps, le soleil, l&rsquo;espace, puis traduit et explique Ibicrate le g\u00e9om\u00e8tre. Enfin, il calcule la surface de Dieu, et en conclut que \u00ab La Pataphysique est la science&#8230; \u00bb. (note de FGR)<br \/>\n<a href=\"#_ftnref4\" name=\"_ftn4\">[4]<\/a> Les <em>Chants de Maldoror<\/em> sont une \u00e9pop\u00e9e en prose, comprenant six chants, publi\u00e9e en 1869 par Isidore Ducasse sous le pseudonyme de Comte de Lautr\u00e9amont. Maldoror incarne la r\u00e9volte adolescente et la victoire de l&rsquo;imaginaire sur le r\u00e9el. (note de FGR)<br \/>\n<a href=\"#_ftnref5\" name=\"_ftn5\">[5]<\/a> Il s\u2019agit de Tyltyl et Mytyl, personnages de <em>L\u2019Oiseau bleu<\/em>, pi\u00e8ce de th\u00e9\u00e2tre de Maurice Maeterlinck. Un fr\u00e8re et une s\u0153ur, Tyltyl et Mytyl, pauvres enfants du b\u00fbcheron, regardent par la fen\u00eatre le No\u00ebl des enfants riches lorsque la f\u00e9e B\u00e9rylune leur demande d&rsquo;aller chercher l&rsquo;Oiseau bleu pour gu\u00e9rir sa petite fille qui est malade. \u00c0 travers cette qu\u00eate, aid\u00e9s par la Lumi\u00e8re, Tyltyl et Mytyl vont retrouver leurs grands-parents morts, leur petit fr\u00e8re pas encore n\u00e9 et bien d&rsquo;autres personnages encore. (note de FGR)<\/p>\n<p>&nbsp;<\/p>\n","protected":false},"excerpt":{"rendered":"<p>\u00a0 Dimanche 17 novembre 1946 Ma ch\u00e9rie, Envoie-moi un peu de papier blanc. \u00c9cris-moi plus longuement. Ne te tourmente point mais pense \u00e0 moi avec affection mais tranquillit\u00e9. Tout ce que tu as fait est tr\u00e8s bien. Bravo. Merci. J\u2019attends &hellip; <a href=\"https:\/\/monperejeanmamy.fr\/?page_id=2204\">Continuer la lecture <span class=\"meta-nav\">&rarr;<\/span><\/a><\/p>\n","protected":false},"author":2,"featured_media":11,"parent":0,"menu_order":0,"comment_status":"closed","ping_status":"closed","template":"","meta":[],"folder":[],"_links":{"self":[{"href":"https:\/\/monperejeanmamy.fr\/index.php?rest_route=\/wp\/v2\/pages\/2204"}],"collection":[{"href":"https:\/\/monperejeanmamy.fr\/index.php?rest_route=\/wp\/v2\/pages"}],"about":[{"href":"https:\/\/monperejeanmamy.fr\/index.php?rest_route=\/wp\/v2\/types\/page"}],"author":[{"embeddable":true,"href":"https:\/\/monperejeanmamy.fr\/index.php?rest_route=\/wp\/v2\/users\/2"}],"replies":[{"embeddable":true,"href":"https:\/\/monperejeanmamy.fr\/index.php?rest_route=%2Fwp%2Fv2%2Fcomments&post=2204"}],"version-history":[{"count":3,"href":"https:\/\/monperejeanmamy.fr\/index.php?rest_route=\/wp\/v2\/pages\/2204\/revisions"}],"predecessor-version":[{"id":2212,"href":"https:\/\/monperejeanmamy.fr\/index.php?rest_route=\/wp\/v2\/pages\/2204\/revisions\/2212"}],"wp:featuredmedia":[{"embeddable":true,"href":"https:\/\/monperejeanmamy.fr\/index.php?rest_route=\/wp\/v2\/media\/11"}],"wp:attachment":[{"href":"https:\/\/monperejeanmamy.fr\/index.php?rest_route=%2Fwp%2Fv2%2Fmedia&parent=2204"}],"wp:term":[{"taxonomy":"folder","embeddable":true,"href":"https:\/\/monperejeanmamy.fr\/index.php?rest_route=%2Fwp%2Fv2%2Ffolder&post=2204"}],"curies":[{"name":"wp","href":"https:\/\/api.w.org\/{rel}","templated":true}]}}