{"id":2218,"date":"2021-04-19T10:05:04","date_gmt":"2021-04-19T08:05:04","guid":{"rendered":"http:\/\/monperejeanmamy.fr\/?page_id=2218"},"modified":"2021-04-19T10:40:21","modified_gmt":"2021-04-19T08:40:21","slug":"jm-a-jr-fresnes-46-12-08","status":"publish","type":"page","link":"https:\/\/monperejeanmamy.fr\/?page_id=2218","title":{"rendered":"JM \u00e0 JR (Fresnes 46\/12\/08)"},"content":{"rendered":"<p><strong>\u00a0<\/strong><a href=\"http:\/\/monperejeanmamy.fr\/?page_id=2213\"><img loading=\"lazy\" class=\"wp-image-1352 alignleft\" src=\"http:\/\/monperejeanmamy.fr\/wp-content\/uploads\/2021\/03\/Lettre-precedente.jpg\" alt=\"\" width=\"143\" height=\"78\" \/><\/a><a href=\"http:\/\/monperejeanmamy.fr\/?page_id=2226\"><img loading=\"lazy\" class=\"alignright wp-image-1353\" src=\"http:\/\/monperejeanmamy.fr\/wp-content\/uploads\/2021\/03\/Lettre-suivante.jpg\" alt=\"\" width=\"139\" height=\"76\" \/><\/a><\/p>\n<p style=\"text-align: center;\"><strong>Dimanche 8 d\u00e9cembre 1946<\/strong><\/p>\n<p style=\"text-align: center;\">Ma ch\u00e9rie, Jeannette ch\u00e9rie, fr\u00e9d\u00e9ricienne maman et Jeannette mienne,<\/p>\n<p style=\"text-align: justify;\">Je tiens absolument \u00e0 commencer ma lettre ce dimanche pour avoir ce soir la conscience calm\u00e9e du mortel heureux qui a rempli tout son devoir d&rsquo;aimer, et non seulement son devoir, mais son plaisir, son bonheur, sa satisfaction tendre. Mais oui, j&rsquo;ai re\u00e7u des pneumatiques et ta lettre de vendredi. Les deux premiers m\u2019ont fait voir que tout se passe comme il le faut, quoi que je ne puisse gu\u00e8re deviner les d\u00e9tails \u00e0 travers tant de myst\u00e8res. La derni\u00e8re m&rsquo;a touch\u00e9 on ne peut mieux. Parce que tu m&rsquo;as l&rsquo;air d&rsquo;accepter sans trop de r\u00e9ticences des projets d&rsquo;avenir. L&rsquo;Alceste vieux gar\u00e7on se d\u00e9cide sur le tard \u00e0 devenir sociable. Mais bougre de malicieuse, petite fut\u00e9e, quel pouvoir as-tu qui puisses ouvrir des portes aussi verrouill\u00e9es ? Je te regarde sur le mur avec une surprise m\u00e9fiante et \u00e9merveill\u00e9e. Est ce Dieu possible qu&rsquo;une aussi blondinette personne ait la main aussi s\u00fbre et patiente ? On se sent vaincu par une enfantine puret\u00e9. Mais je ne veux pas du tout qu&rsquo;on attente \u00e0 mon ind\u00e9pendance ! Il est bien entendu que j&rsquo;aurais le droit d&rsquo;\u00e9crire tout le temps qu&rsquo;il me plaira, que je mettrai mes tableaux au mur \u00e0 la place o\u00f9 je voudrais, que je serai seul \u00e0 ranger mes livres, qu&rsquo;on ne touchera pas mon stylo, qu&rsquo;on me permettra de jouer au bridge ou aux \u00e9checs avec de vieux amis, que l&rsquo;on me laissera faire des vers et lire des \u0153uvres pies, que l&rsquo;on \u00e9coutera en tous points en ce qui concerne l&rsquo;art chinois, le th\u00e9\u00e2tre d&rsquo;Anouilh, la musique de Stravinsky, et la construction des pyramides, que l&rsquo;on ne me contredira point dans mon anti-marxisme, qu&rsquo;on me laissera pr\u00e9parer le gigot et faire des cr\u00eapes, et que l&rsquo;on se soumettra mes fantaisies en mati\u00e8re de th\u00e9s jusqu&rsquo;\u00e0 en poss\u00e9der douze variantes \u00e0 pr\u00e9parer dans des porcelaines sp\u00e9ciales. Je pr\u00e9vois m\u00eame toute une s\u00e9rie d&rsquo;\u00e9tudes sur les papillons d&rsquo;Am\u00e9rique du Sud comme sur le style des haciendas mi-mauresques, mi-mexicaines sur lesquelles j&rsquo;ai d\u00e9j\u00e0 des pr\u00e9jug\u00e9s pr\u00e9cieux. Il faut aussi savoir que, possesseur d&rsquo;une anthologie naissante de po\u00e8tes fran\u00e7ais anciens et modernes, r\u00e9dig\u00e9e selon mon go\u00fbt, je ne saurais abandonner un travail d&rsquo;une telle envergure insoup\u00e7onn\u00e9e, et que tout cela demande le respect. Mais \u00e0 part cela, et quelques autres choses, telles que le go\u00fbt d&rsquo;avoir soit quelques poissons d&rsquo;Orient, soit quelques oiseaux des \u00eeles, \u00e0 part l&rsquo;imp\u00e9rieuse n\u00e9cessit\u00e9 de plaquer quelques accords sur un piano, du plus modeste format, \u00e0 part toute la bimbeloterie de chansons, l&rsquo;attirail archa\u00efque de gravures et de bois sculpt\u00e9s que le c\u0153ur ramasse sur les tapis populaires les dimanches de fl\u00e2nerie, \u00e0 part les quatre ou cinq merveilles annuelles que l&rsquo;on d\u00e9couvre apr\u00e8s une chasse effr\u00e9n\u00e9e chez les libraires ou sur les quais, et qu&rsquo;on montre d&rsquo;un doigt pr\u00e9cieux aux amateurs de rare ou d&rsquo;inconnu, \u00e0 part tout ce fatras qui n\u2019est point inutile puisqu&rsquo;il est tout le luxe d&rsquo;une vie en qu\u00eate d&rsquo;un plus grand luxe encore, le c\u0153ur est libre, et vierge, et imp\u00e9tueusement gonfl\u00e9 de ses dons quotidiens. Ainsi donc, visiter des villes mortes ou atti\u00e9dies dans le souvenir, ou bien de rouler sur des parois de cabine ou s transatlantiques, ou de bercer des enfants endormis, pour que la vie nous apparaisse pleine comme une terre maternelle qu&rsquo;on cultive et qui r\u00e9compense le laboureur par ses fruits gonfl\u00e9s de tendresse. Ce n&rsquo;est point \u00eatre \u00e9go\u00efste que partager son bonheur avec tous. On voudrait \u00e9tendre sa joie \u00e0 l&rsquo;humanit\u00e9. Elle refuse souvent vos \u00e9lans pour n&rsquo;objecter que des coups, car elle est avide d&rsquo;un plaisir de mort. Nous choisirons donc qui peut comprendre le go\u00fbt de durer, de m\u00fbrir, et de s\u2019\u00e9pandre, et de s&rsquo;affiner, pour lui confier le soin de regarder nos biens secrets avec permission d&rsquo;en go\u00fbter la saveur. Tu seras ma caverne d&rsquo;Ali Baba. J\u2019entasserai toutes les richesses vol\u00e9es au ciel lui-m\u00eame et je m&rsquo;enfermerai \u00e0 la bougie pour compter les merveilles de ton c\u0153ur ch\u00e9ri.<\/p>\n<p style=\"text-align: justify;\">J&rsquo;ai pass\u00e9 la journ\u00e9e \u00e0 travailler \u00e0 des choses po\u00e9tiques, de la plus haute envol\u00e9e. Et je passerai sans doute la nuit \u00e0 dormir sans trop de r\u00e9veils brutaux, m\u00e9ditant sur les heurts de l&rsquo;existence, et sur la profonde condescendance de Dieu qui dirige l&rsquo;homme parmi les r\u00e9cifs du p\u00e9ch\u00e9 ou de l&rsquo;ignorance. Nous sommes ici en pleine confiance totale en notre destin le meilleur. Nous travaillons \u00e0 nous parfaire, et nous \u00e9purer, non point dans le sens que voudraient nos \u00e9purateurs officiels qui souhaiteraient notre destruction physique pour assouvir la haine qui les enrage, mais \u00e0 rechercher la plus haute attitude m\u00e9taphysique, la plus parfaite \u00e9thique qui nous honore et nous permette de vaincre en nous toutes les rudesses encore trop vivaces, souvenirs d&rsquo;une existence cahot\u00e9e manquant parfois d&rsquo;une s\u00e9r\u00e9nit\u00e9 \u00e9l\u00e9mentaire. Nous travaillons donc \u00e0 faire de nous un \u00eatre neuf, qui ne vomira plus \u00e0 l&rsquo;adresse de ses semblables des injures grossi\u00e8res, de m\u00eame qu&rsquo;il sera incapable de s&rsquo;abaisser \u00e0 des flatteries sordides. Il faut un courage de plus en plus grand pour oser vivre dans une soci\u00e9t\u00e9 en d\u00e9composition si totale qu&rsquo;on est oblig\u00e9 de rechercher l&rsquo;abri des prisons pour n\u2019en n\u2019\u00eatre point infect\u00e9. Ce que nous avions pr\u00e9vu arrive : la faillite, les troubles sociaux, bient\u00f4t&#8230; Nous voudrions \u00eatre mauvais proph\u00e8te.<\/p>\n<p style=\"text-align: justify;\">Mais qu&rsquo;importe, puisque les cheveux blonds de Jeannette sont l\u00e0. J&rsquo;esp\u00e8re te voir jeudi. T\u00e9l\u00e9phone \u00e0 ma m\u00e8re. J&rsquo;ai besoin que tu me dises tout ce qui est important. Le meilleur n&rsquo;est-il pas ce qu&rsquo;on lit dans tes yeux. Et pourvu que tu ne dises rien d&rsquo;autre que ce qu\u2019ils disent, tout est parfait.<\/p>\n<p style=\"text-align: justify;\">Pour l&rsquo;affaire, tu sais mieux que moi ce qu&rsquo;il faut faire. Et surtout tu es mieux plac\u00e9e que moi. Ici je ne puis que travailler en paix et regarder les vagues du dehors, comme les camarades d&rsquo;en bas, encha\u00een\u00e9s aux pieds, et riant de toute leur conscience tranquille. Le verdict B. Fay est int\u00e9ressant. Il semble logique qu&rsquo;on condamne moins l\u2019ex\u00e9cutant que le dirigeant. Mais qui peut savoir ? En tout cas, il est d\u00e9j\u00e0 bon d&rsquo;avoir des pr\u00e9c\u00e9dents et que les pl\u00e2tres soient essuy\u00e9s en la mati\u00e8re. Toutefois, nous envisageons bien d&rsquo;autres solutions. Attendons encore. Et chantons : <em>Sur la mer calm\u00e9e..<\/em>.<\/p>\n<p style=\"text-align: justify;\">Les colis sont toujours parfaits. Veux-tu demander \u00e0 ma m\u00e8re de mettre une ou deux bo\u00eetes de m\u00e9ta <u>d&rsquo;avance<\/u>. Nous en consommons beaucoup, et je suis toujours juste, car il fait froid et on fait du th\u00e9 en quantit\u00e9 pour se r\u00e9chauffer. De m\u00eame, la saccharine me serait pr\u00e9cieuse. Si quelquefois peut encore d\u00e9nicher du Nescaf\u00e9 ! Pour Flo., tout est arrang\u00e9. Je compte lui envoyer son ch\u00e8que au plus t\u00f4t. Je vais v\u00e9rifier que les ordres donn\u00e9s soient respect\u00e9s. \u00c0 la veille d&rsquo;une d\u00e9valuation mon commanditaire ne peut que s\u2019incliner devant ma demande. Et puis j&rsquo;ai le droit et le pouvoir de le faire. Mais je pense que ce sera le dernier effort avant l&rsquo;audience.<\/p>\n<p style=\"text-align: justify;\">\u00c0 demain, fillette aim\u00e9e. J&#8217;embrasse le Fr\u00e9d\u00e9ric d&rsquo;abord, et toi ensuite, pour qu\u2019il s&rsquo;endorme, et que je conserve ton oreille plus longtemps.<\/p>\n<h1 style=\"text-align: justify;\"><u>Lundi<\/u>.<\/h1>\n<p style=\"text-align: justify;\">Eh bien, mais ces \u00e9lections ne sont pas si mauvaises. \u00c9videmment, on pourrait avoir mieux. Mais dans l&rsquo;\u00e9tat de d\u00e9raison d&rsquo;apr\u00e8s-guerre, on ne pouvait esp\u00e9rer davantage. On parle d&rsquo;un chef de gouvernement radical-socialiste. Le p\u00e9ril d&rsquo;extr\u00eame gauche est repouss\u00e9. Pour combien de temps ? On sera peut-\u00eatre plus doux avec nous. D\u00e9j\u00e0 les condamn\u00e9s en centrale partent dans des camps. R\u00e9gime meilleur. S&rsquo;achemine-t-on vers l&rsquo;apaisement ? On voit peu \u00e0 peu poindre un rayon d&rsquo;espoir. Va-t-on au contraire vers la grande catastrophe guerri\u00e8re ? Auquel cas, on aura besoin de toutes les forces \u00ab spiritualistes \u00bb. Nous en serons. Et des premiers.<\/p>\n<p style=\"text-align: justify;\">Bien re\u00e7u colis. Tout parfait. Fleurs, \u00e9ponges m\u00e9talliques, bacon. Tu es la plus d\u00e9vou\u00e9e les compagnes. Dis-moi ce que t\u2019as dit Flo. Et l&rsquo;aviateur ? J&rsquo;esp\u00e8re bien te voir jeudi. T\u00e9l\u00e9phone \u00e0 ma m\u00e8re. Dis-lui que le moral est excellent. On ne peut meilleur. Je travaille \u00e0 bloc. Et gonfl\u00e9 ! Sais-tu que deux livres de Robert Brasillach sont \u00e9dit\u00e9s en Belgique et sont en vente en France. Un bouquin de vers, et un autre \u00ab <em>classe 60<\/em> \u00bb. Peux-tu savoir le nom et l&rsquo;adresse de l&rsquo;\u00e9diteur ? Ces deux bouquins sont tr\u00e8s r\u00e9cents. \u00c9crits \u00e0 Fresnes avant son ex\u00e9cution <a href=\"#_ftn1\" name=\"_ftnref1\">[1]<\/a>. J\u2019esp\u00e8re d\u2019autre part que tu t&rsquo;es maintenant renseign\u00e9e sur la revue \u00ab\u00a0<em>Review of World Affairs<\/em> \u00bb et que tu as trouv\u00e9. J&rsquo;attends l&rsquo;exemplaire de <em>Lancelot <\/em>et de <em>Gabriela<\/em> demand\u00e9. Renseigne-toi si Flo. a re\u00e7u le ch\u00e8que que je dois signer. Dis \u00e0 ma m\u00e8re de me faire parvenir les deux derni\u00e8res brochures d&rsquo;\u00e9checs.<\/p>\n<p style=\"text-align: justify;\">Sais-tu bien que j&rsquo;ai pens\u00e9 souvent au jour o\u00f9 je sortirai et viendrai te faire la surprise de t&rsquo;attendre chez toi. Tu me trouveras jouant avec Fr\u00e9d\u00e9ric, tr\u00e8s apprivois\u00e9, et tout content d&rsquo;avoir retrouv\u00e9 le papa de derri\u00e8re les barreaux. Et tu ne t&rsquo;y attendras pas du tout. Et tu seras toute surprise. Et tu ne sauras pas si c&rsquo;est un r\u00eave ou une r\u00e9alit\u00e9. Et tu t&rsquo;\u00e9tonneras de me voir libre. Et tu ne sauras pas si tu dois rire ou pleurer. Et tu pleureras. Et tu riras. Et tu en auras le souffle coup\u00e9 pour des heures. Et tout se passera comme si l&rsquo;on ne s&rsquo;\u00e9tait jamais quitt\u00e9s. Et l&rsquo;on ne pensera plus jamais \u00e0 ces mauvaises ann\u00e9es.<\/p>\n<p style=\"text-align: justify;\">On me dit \u00e0 l&rsquo;instant dans une lettre que je re\u00e7ois que le dossier est d\u00e9j\u00e0 dans les mains du commissaire C\u00e9nac. Est-ce exact ? Veux-tu voir tout cela. O\u00f9 qu&rsquo;il soit, il ne peut \u00eatre mieux que moi, qui \u00e0 chaque instant oublie les vicissitudes de ce monde fou pour n&rsquo;accepter que la r\u00e9alit\u00e9 des hauteurs o\u00f9 il faut vivre. Nos actes les plus durs sont quelquefois inspir\u00e9s par des motifs importants. Et ce n&rsquo;est point d\u00e9shonneur pour nous s&rsquo;ils ne sont pas compris. De m\u00eame, il n&rsquo;y a pas de honte \u00e0 \u00eatre jug\u00e9 par des ennemis implacables qu&rsquo;on a combattus pour leurs vices, et qui, n\u2019ont contre nous que la hargne d&rsquo;avoir \u00e9t\u00e9 d\u00e9couverts. Nous mettons notre joie \u00e0 bien faire et \u00e0 penser au mieux. Et notre conscience est tranquille quand nous avons fait tout notre devoir quoi qu&rsquo;il nous en co\u00fbt\u00e2t. Donc, je suis bien tranquille. Si tranquille que je vais t&#8217;embrasser sur les yeux, sur le front, sur le pli de la l\u00e8vre, l\u00e0 o\u00f9 perle le sourire, l\u00e0 o\u00f9 l&rsquo;on voit poindre des mots tendres. Ainsi tu seras heureuse et moi de m\u00eame. J&rsquo;attends beaucoup de notre visite. J\u2019attends beaucoup plus encore de notre avenir. J\u2019attends tout de notre patience. Et je sais que la tienne est in\u00e9branlable. Donc, pas de tracas et mes gros, gros\u2026<\/p>\n<p style=\"text-align: justify;\">J.<\/p>\n<p style=\"text-align: justify;\"><a href=\"#_ftnref1\" name=\"_ftn1\">[1]<\/a> Il s\u2019agit de deux des \u0153uvres oubli\u00e9es \u00e0 titre posthume de Robert Brasillach\u00a0: <em>Po\u00e8mes de Fresnes<\/em> (Minuit et demi, 1945) et <em>Lettre \u00e0 un soldat de la classe 60. Les Fr\u00e8res ennemis<\/em> (Le Pavillon noir, 1946) \u2014 (note de FGR)<\/p>\n","protected":false},"excerpt":{"rendered":"<p>\u00a0 Dimanche 8 d\u00e9cembre 1946 Ma ch\u00e9rie, Jeannette ch\u00e9rie, fr\u00e9d\u00e9ricienne maman et Jeannette mienne, Je tiens absolument \u00e0 commencer ma lettre ce dimanche pour avoir ce soir la conscience calm\u00e9e du mortel heureux qui a rempli tout son devoir d&rsquo;aimer, &hellip; <a href=\"https:\/\/monperejeanmamy.fr\/?page_id=2218\">Continuer la lecture <span class=\"meta-nav\">&rarr;<\/span><\/a><\/p>\n","protected":false},"author":2,"featured_media":11,"parent":0,"menu_order":0,"comment_status":"closed","ping_status":"closed","template":"","meta":[],"folder":[],"_links":{"self":[{"href":"https:\/\/monperejeanmamy.fr\/index.php?rest_route=\/wp\/v2\/pages\/2218"}],"collection":[{"href":"https:\/\/monperejeanmamy.fr\/index.php?rest_route=\/wp\/v2\/pages"}],"about":[{"href":"https:\/\/monperejeanmamy.fr\/index.php?rest_route=\/wp\/v2\/types\/page"}],"author":[{"embeddable":true,"href":"https:\/\/monperejeanmamy.fr\/index.php?rest_route=\/wp\/v2\/users\/2"}],"replies":[{"embeddable":true,"href":"https:\/\/monperejeanmamy.fr\/index.php?rest_route=%2Fwp%2Fv2%2Fcomments&post=2218"}],"version-history":[{"count":4,"href":"https:\/\/monperejeanmamy.fr\/index.php?rest_route=\/wp\/v2\/pages\/2218\/revisions"}],"predecessor-version":[{"id":2231,"href":"https:\/\/monperejeanmamy.fr\/index.php?rest_route=\/wp\/v2\/pages\/2218\/revisions\/2231"}],"wp:featuredmedia":[{"embeddable":true,"href":"https:\/\/monperejeanmamy.fr\/index.php?rest_route=\/wp\/v2\/media\/11"}],"wp:attachment":[{"href":"https:\/\/monperejeanmamy.fr\/index.php?rest_route=%2Fwp%2Fv2%2Fmedia&parent=2218"}],"wp:term":[{"taxonomy":"folder","embeddable":true,"href":"https:\/\/monperejeanmamy.fr\/index.php?rest_route=%2Fwp%2Fv2%2Ffolder&post=2218"}],"curies":[{"name":"wp","href":"https:\/\/api.w.org\/{rel}","templated":true}]}}