{"id":2236,"date":"2021-04-19T10:49:53","date_gmt":"2021-04-19T08:49:53","guid":{"rendered":"http:\/\/monperejeanmamy.fr\/?page_id=2236"},"modified":"2024-01-21T17:21:11","modified_gmt":"2024-01-21T16:21:11","slug":"jm-a-jr-fresnes-46-12-30","status":"publish","type":"page","link":"https:\/\/monperejeanmamy.fr\/?page_id=2236","title":{"rendered":"JM \u00e0 JR (Fresnes 46\/12\/30)"},"content":{"rendered":"<p><strong>\u00a0<\/strong><a href=\"http:\/\/monperejeanmamy.fr\/?page_id=2232\"><img loading=\"lazy\" class=\"wp-image-1352 alignleft\" src=\"http:\/\/monperejeanmamy.fr\/wp-content\/uploads\/2021\/03\/Lettre-precedente.jpg\" alt=\"\" width=\"143\" height=\"78\" \/><\/a><a href=\"http:\/\/monperejeanmamy.fr\/?page_id=2240\"><img loading=\"lazy\" class=\"alignright wp-image-1353\" src=\"http:\/\/monperejeanmamy.fr\/wp-content\/uploads\/2021\/03\/Lettre-suivante.jpg\" alt=\"\" width=\"139\" height=\"76\" \/><\/a><\/p>\n<p style=\"text-align: center;\"><strong>Lundi 30 d\u00e9cembre 1946<\/strong><\/p>\n<p style=\"text-align: center;\">Ma ch\u00e9rie,<\/p>\n<p style=\"text-align: justify;\">Ah\u00a0! Tu ne m\u2019\u00e9cris plus\u00a0! Ah\u00a0! Tu es paresseuse\u00a0! Ah\u00a0! tu me laisses trois, quatre, cinq jours sans lettres\u00a0! Ah\u00a0! tu r\u00e9veillonnes de si bonne humeur que tu en oublies ton devoir principal\u00a0! Bon. Bon. Parfait. Je me suis veng\u00e9 tout de suite. J\u2019ai mis ta photo la t\u00eate en bas. Et sur une autre j\u2019ai coll\u00e9 des moustaches. Et tant que je n\u2019aurai pas re\u00e7u ma lettre elles resteront accroch\u00e9e, comme un pensum. Voil\u00e0 bien les petites filles. Au bout de deux ans, leur attachement commence \u00e0 s&rsquo;\u00e9puiser, la lassitude vient. On se prend \u00e0 penser \u00e0 d&rsquo;autres choses. On oublie les prisonniers dans leurs trous &#8230;<\/p>\n<p style=\"text-align: justify;\">Dire que tu es \u00e0 cette heure encore couch\u00e9e dans un lit duvet\u00e9, en train de jouer avec le Fr\u00e9d\u00e9ric et lui raccommoder ses jouets de No\u00ebl d\u00e9j\u00e0 cass\u00e9s ! Si j&rsquo;\u00e9tais l\u00e0, ce serait moi qui l\u2019asticoterai le Monseigneur Dauphin. Qu&rsquo;est-ce qu&rsquo;il a eu dans sa chemin\u00e9e ? Un train ? Un bateau ? Un avion ? Une voiture de pompiers ? Je ne sais rien. On ne me dit plus rien. Combien de bonbons ? Et de mandarines ? Quels cris a-t-il pouss\u00e9s ? Est-ce qu&rsquo;il a ri ? Comment imagine-t-il le P\u00e8re No\u00ebl ? Avec une barbe ? Avec une robe ? Avec une hotte ? Est-ce qu&rsquo;il l\u2019a vu ? De quelle couleur la robe ? Avec des \u00e9toiles dessus ? Est-ce qu&rsquo;il est venu en bicyclette ? En avion ??? On ne me dit plus rien.<\/p>\n<p style=\"text-align: justify;\">Est-ce qu&rsquo;il te les d\u00e9fait tes boucles, le Fr\u00e9d\u00e9ric ? Comment se comporte-t-il ? En vaurien ? En m\u00e2le ? Qu&rsquo;est-ce qu\u2019il t&rsquo;a cass\u00e9 cette semaine ? Tu en as du mal, un, \u00e0 le recoiffer ? \u00c0 le brosser, \u00e0 le pomponner ? Si c&rsquo;\u00e9tait \u00e0 refaire, tu ne recommencerais pas, hein ? Et tu veux encore une fille\u00a0? Zut. Pas de discussion. Je t&rsquo;en ferai douze. Ah ! Tu ne m&rsquo;\u00e9cris pas. Et six gar\u00e7ons encore. Tous blonds, tous endiabl\u00e9s, tous formidablement passionn\u00e9s \u00e0 te tirer les cheveux.<\/p>\n<p style=\"text-align: justify;\">Tu sais que si tu ne m&rsquo;\u00e9cris pas, je vais me f\u00e2cher. Je suis tr\u00e8s capable de sortir un soir, d&rsquo;aller te tirer les oreilles, sans plus, et de revenir ici, pour m&rsquo;enfermer avec mon papier blanc et mon porte-plume. Car je travaille, tu sais, et je ne pense pas \u00e0 toi du tout, mais pas du tout. Pourquoi penserais-je \u00e0 toi ? On ne pense pas \u00e0 quelqu&rsquo;un qui ne vous a pas envoy\u00e9 de photo depuis quatre mois, malgr\u00e9 les supplications r\u00e9it\u00e9r\u00e9es. (Ce n&rsquo;est pas douze, c\u2019est vingt-quatre filles que tu auras. \u00c0 la troisi\u00e8me g\u00e9n\u00e9ration tu auras peupl\u00e9 une province d\u2019Argentine).<\/p>\n<p style=\"text-align: justify;\">D&rsquo;abord, je n&rsquo;ai pas besoin que tu m&rsquo;\u00e9crives. J&rsquo;ai tout ce qu&rsquo;il me faut. Mes bouquins me suffisent. Un dictionnaire, et ma vie est compl\u00e8te. Je ne vis plus que par l&rsquo;esprit. Et c&rsquo;est parfait. Plus besoin de pr\u00e9sence humaine. Nous sommes devenus moine. Quel bonheur ! Et moine hindou, tib\u00e9tain, de la meilleure esp\u00e8ce, de celle qui tout \u00e0 coup s&rsquo;\u00e9vanouit, dispara\u00eet aux yeux de la terre parce qu&rsquo;il est mont\u00e9 dans le nirvana, qu&rsquo;il a atteint la sph\u00e8re c\u00e9leste o\u00f9 l&rsquo;on trouve son contentement parfait, o\u00f9 l&rsquo;homme (androgyne spirituel) recouvre sa stature christique, o\u00f9 il procr\u00e9e \u00e0 l&rsquo;infini, sans douleur, des r\u00e9flexions parfaites dont la source est le supr\u00eame principe qui gouverne tout : m\u00eame les petites filles et les enfants de No\u00ebl.<\/p>\n<p style=\"text-align: justify;\">Alors, mon enfant de No\u00ebl, ma petite fille trop bouscul\u00e9e, viens dans ma poche gauche qu&rsquo;on te parle avec des yeux doux, et des dents calm\u00e9es. On ne croque pas les moineaux, nous autres. Et tu ne m&rsquo;as pas encore dit s&rsquo;il te convenait que je te baptise \u00ab\u00a0moineau\u00a0\u00bb. Les moineaux sont toujours l\u00e0 quand on les appelle. Une miette sur la main et le moineau vient becquer. Tu la veux ta becqu\u00e9e ? Je n&rsquo;ai pas que des miettes pour toi.<\/p>\n<p style=\"text-align: justify;\">Parlons de choses s\u00e9rieuses. Je ne t&#8217;embrasserai qu&rsquo;\u00e0 la fin de la lettre. R\u00e9compense de m&rsquo;avoir \u00e9cout\u00e9 et d&rsquo;avoir permis qu\u2019on \u00f4te tes boucles d&rsquo;oreilles. Mais a-t-on toujours le temps. Mets le Fr\u00e9d\u00e9ric dans son berceau, avec son No\u00ebl. Et qu&rsquo;il dorme, sa poup\u00e9e sur le ventre, r\u00eavant \u00e0 des avenirs splendides. Pourquoi n&rsquo;en aurait-il pas ? Le monde change vite. Un jour beau, un jour laid, nous sommes dans la saison pluvieuse. Le printemps sera-t-il pour nos fils ? (Toute r\u00e9flexion faite, je t&rsquo;en ferai douze aussi. Tr\u00e8s utile, les gar\u00e7ons, pour faire des soldats, ou des boxeurs, ou des avocats, ou des prisonniers).<\/p>\n<p style=\"text-align: justify;\">Au fond, j&rsquo;ai tort de me plaindre. Ta derni\u00e8re lettre re\u00e7ue date de mardi 24 \u00e0 minuit. Elle est d\u00e9licieusement gentille. Moi aussi j&rsquo;ai pass\u00e9 la nuit pr\u00e8s de toi. Mais j&rsquo;ai \u00e9teint ma bougie \u00e0 21h, car elle br\u00fblait depuis deux heures et nous \u00e9tions pench\u00e9s sur une partie d&rsquo;\u00e9checs passionnante. Apr\u00e8s quoi je me suis endormi. Me suis-je endormi ? Tu n&rsquo;en sauras rien.<\/p>\n<p style=\"text-align: justify;\">Alors, il y avait une guirlande \u00e9lectrique dans l&rsquo;arbre de No\u00ebl ? Et les fleurs d&rsquo;or et d&rsquo;argent ? Et des \u00e9toiles ! Et Fr\u00e9d\u00e9ric souriait en dormant !<\/p>\n<p style=\"text-align: justify;\">Merci d&rsquo;avoir eu la gentillesse d&rsquo;inviter ma m\u00e8re pour le 1er janvier. Cela me fait doublement, triplement plaisir, pour elle, pour toi, pour moi, pour des tas de raisons que je ne veux pas te dire encore. Tu ne sauras rien.<\/p>\n<p style=\"text-align: justify;\">Eh ! Naturellement, j&rsquo;y pense au No\u00ebl 47. Et je suis bien persuad\u00e9 que nous le passerons ensemble. Il ne manquerait plus que cela, que toutes ces imb\u00e9cillit\u00e9s durent encore. Elles n&rsquo;ont que trop dur\u00e9. Nous assisterons \u00e0 l&rsquo;effondrement de toutes les mauvaises choses, dont le r\u00e9gime de terreur qui empoisonne la vie publique. Et nous pourrons \u00e0 nouveau songer \u00e0 vivre la vie de famille. Fini le couvent-prison, l&rsquo;espoir monacal ! On ne peut pas tout avoir. Entre-temps, on sera peut-\u00eatre un peu condamn\u00e9 \u00e0 mort ou autre chose, mais nous ne sommes pas un r\u00eave pr\u00eat. Nous chasserons ce d\u00e9mon comme les autres.<\/p>\n<p style=\"text-align: justify;\">As-tu vu Liebermann ? Je sais que Flo. a \u00e9t\u00e9 pay\u00e9. Ouf ! J&rsquo;ai besoin que Lib. m\u2019apporte les manuscrits du dossier. Rappelle-le-lui. Quel est le r\u00e9sultat des d\u00e9marches de Flo. ? Quelles sont les intentions du pontife qui a l&rsquo;affaire en main ? Attend-on ? Ou se d\u00e9p\u00eache-t-on ? Demande-leur des pr\u00e9cisions, car pour l&rsquo;instant, occup\u00e9 \u00e0 d&rsquo;autres travaux, je n&rsquo;ai pas encore commenc\u00e9 ma d\u00e9fense. Il est vrai qu&rsquo;il me faut au plus quinze jours pour tout r\u00e9diger. Je voudrais savoir si j&rsquo;ai le temps d&rsquo;\u00e9crire une nouvelle pi\u00e8ce que j&rsquo;ai en t\u00eate (un sujet magnifique, tr\u00e8s moderne, passionnant).<\/p>\n<p style=\"text-align: justify;\">Pour la revue, si ma m\u00e8re pouvait distraire 1000 fr. sur la vente de mes livres, je serais content d&rsquo;y \u00eatre abonn\u00e9 pour un an. Je te dirai de vive voix ce que cela peut repr\u00e9senter de valeur \u00e0 collectionner pour l&rsquo;avenir. De plus, elle peut \u00eatre tr\u00e8s utile \u00e0 ma d\u00e9fense. Veux-tu voir cela. J&rsquo;\u00e9crirai \u00e0 ma m\u00e8re dans ce sens, ou je lui en parlerai. Si elle n&rsquo;a pas d&rsquo;argent, tant pis. Toutefois, je lui en trouverai.<\/p>\n<p style=\"text-align: justify;\">Vois donc tous ces d\u00e9tails importants. Sache bien, petite fille, que je ne compte que sur toi, et que je ne m&rsquo;appuie que sur toi (je te dis cela pour que tu en soies s\u00fbre. C&rsquo;est vrai). J&rsquo;ai confiance dans ta sagacit\u00e9, ta pers\u00e9v\u00e9rance, ton amour, ton intelligence des choses. Jusqu&rsquo;\u00e0 pr\u00e9sent tu m&rsquo;as servi au-del\u00e0 de toute esp\u00e9rance. Ne crois pas que je ne soies pas reconnaissant ou que je te traite l\u00e9g\u00e8rement. Il n&rsquo;y a pas qu&rsquo;une amoureuse en toi, il y a une femme, une compagne active. Tu auras la place que tu d\u00e9sires, et tu m\u00e9rites toutes les tendresses, tous les \u00e9gards.<\/p>\n<h1 style=\"text-align: justify;\"><u>14h<\/u>.<\/h1>\n<p style=\"text-align: justify;\">J&rsquo;ai beaucoup pens\u00e9 \u00e0 toi depuis ce matin, et j&rsquo;ai remis la photo \u00e0 l&rsquo;endroit. Te voil\u00e0 rassur\u00e9e. Sais-tu que tu es tr\u00e8s jolie \u00e0 l&rsquo;envers. Je m&rsquo;arr\u00eate, crainte de dire des b\u00eatises.<\/p>\n<p style=\"text-align: justify;\">Le plus important pour cette semaine et que tu relances Lieb. et d&rsquo;autre part qu&rsquo;on se pr\u00e9occupe de regarder l&rsquo;avenir et les d\u00e9lais possibles. \u00c0 mon avis, il faudrait encore attendre. Mais peut-\u00eatre ne peut-on pas ou peut-\u00eatre a-t-on l\u00e0-dessus d&rsquo;autres id\u00e9es.<\/p>\n<p style=\"text-align: justify;\">Ah ! Envoie-moi<\/p>\n<ol>\n<li style=\"text-align: justify;\">du papier perfor\u00e9,<\/li>\n<li style=\"text-align: justify;\">du papier vert.<\/li>\n<\/ol>\n<p style=\"text-align: justify;\">Je vais te faire parvenir un travail. Tu ne taperas \u00e0 toute allure. C&rsquo;est tr\u00e8s urgent pour le dossier. Ce n&rsquo;est pas long. As-tu pens\u00e9 \u00e0 dire \u00e0 ma m\u00e8re de me faire parvenir mon Chantepie de la Saussaye <a href=\"#_ftn1\" name=\"_ftnref1\">[1]<\/a>, \u00e0 moins qu&rsquo;elle l\u2019ait vendu avec les autres, ce que je ne crois pas. Si le proc\u00e8s s&rsquo;approche, qu&rsquo;elle ne l&rsquo;envoie pas. Je n&rsquo;aurai pas le temps d&rsquo;y travailler (quoiqu&rsquo;au fond, si&#8230;ce me sera toujours utile).<\/p>\n<p style=\"text-align: justify;\">Je vais penser \u00e0 toi tout l&rsquo;apr\u00e8s-midi en potassant un trait\u00e9 d&rsquo;\u00e9checs et d\u00e8s maintenant je sucre mon th\u00e9 (ton th\u00e9) avec ton sucre, chauff\u00e9 sur ton m\u00e9ta, en regardant ton houx et ton gui. Ma cellule est compl\u00e8tement pleine de toi. Et mon esprit donc ! Et ma m\u00e9moire ! Et mes esp\u00e9rances !<\/p>\n<p style=\"text-align: justify;\">Mon moineau ch\u00e9ri, garde-toi toute pr\u00eate pour le jour o\u00f9 les portes de la libert\u00e9 s&rsquo;ouvriront pour nous accueillir avec des cris de triomphe discret. N&rsquo;allons pas trop vite. Il y a bien des \u00e9preuves \u00e0 surmonter avant, mais je sens que le plus dur est pass\u00e9, et que le bout du tunnel, si loin soit-il, appara\u00eet comme un trou de lumi\u00e8re. J&rsquo;y suis d\u00e9j\u00e0 dans cette lumi\u00e8re, de patience, de tendresse, d&rsquo;humilit\u00e9, de repos, de travail. Nous ne cessons d&rsquo;\u0153uvrer \u00e0 notre meilleure vie, et nous ne pouvons \u00eatre plus haut dans le courage et la volont\u00e9. La m\u00eame foi qui nous fait combattre nous d\u00e9livrera. Nous saurons vaincre la haine qu\u2019il faut. On t\u2019embrasse. Comment t\u2019embrasse-t-on\u00a0? Avec joie, avec virilit\u00e9, les yeux clos, avec lucidit\u00e9. Gros, gros\u2026<\/p>\n<p style=\"text-align: justify;\">J.<\/p>\n<p style=\"text-align: justify;\"><a href=\"#_ftnref1\" name=\"_ftn1\">[1]<\/a> Chantepie de la Saussaye\u00a0: auteur d\u2019un ouvrage <em>Histoire des Religions<\/em>, traduit de l\u2019allemand publi\u00e9 en 1904 (note de FGR)<\/p>\n","protected":false},"excerpt":{"rendered":"<p>\u00a0 Lundi 30 d\u00e9cembre 1946 Ma ch\u00e9rie, Ah\u00a0! Tu ne m\u2019\u00e9cris plus\u00a0! Ah\u00a0! Tu es paresseuse\u00a0! Ah\u00a0! tu me laisses trois, quatre, cinq jours sans lettres\u00a0! Ah\u00a0! tu r\u00e9veillonnes de si bonne humeur que tu en oublies ton devoir principal\u00a0! &hellip; <a href=\"https:\/\/monperejeanmamy.fr\/?page_id=2236\">Continuer la lecture <span class=\"meta-nav\">&rarr;<\/span><\/a><\/p>\n","protected":false},"author":2,"featured_media":11,"parent":0,"menu_order":0,"comment_status":"closed","ping_status":"closed","template":"","meta":[],"folder":[],"_links":{"self":[{"href":"https:\/\/monperejeanmamy.fr\/index.php?rest_route=\/wp\/v2\/pages\/2236"}],"collection":[{"href":"https:\/\/monperejeanmamy.fr\/index.php?rest_route=\/wp\/v2\/pages"}],"about":[{"href":"https:\/\/monperejeanmamy.fr\/index.php?rest_route=\/wp\/v2\/types\/page"}],"author":[{"embeddable":true,"href":"https:\/\/monperejeanmamy.fr\/index.php?rest_route=\/wp\/v2\/users\/2"}],"replies":[{"embeddable":true,"href":"https:\/\/monperejeanmamy.fr\/index.php?rest_route=%2Fwp%2Fv2%2Fcomments&post=2236"}],"version-history":[{"count":4,"href":"https:\/\/monperejeanmamy.fr\/index.php?rest_route=\/wp\/v2\/pages\/2236\/revisions"}],"predecessor-version":[{"id":3232,"href":"https:\/\/monperejeanmamy.fr\/index.php?rest_route=\/wp\/v2\/pages\/2236\/revisions\/3232"}],"wp:featuredmedia":[{"embeddable":true,"href":"https:\/\/monperejeanmamy.fr\/index.php?rest_route=\/wp\/v2\/media\/11"}],"wp:attachment":[{"href":"https:\/\/monperejeanmamy.fr\/index.php?rest_route=%2Fwp%2Fv2%2Fmedia&parent=2236"}],"wp:term":[{"taxonomy":"folder","embeddable":true,"href":"https:\/\/monperejeanmamy.fr\/index.php?rest_route=%2Fwp%2Fv2%2Ffolder&post=2236"}],"curies":[{"name":"wp","href":"https:\/\/api.w.org\/{rel}","templated":true}]}}