{"id":2274,"date":"2021-04-20T16:10:10","date_gmt":"2021-04-20T14:10:10","guid":{"rendered":"http:\/\/monperejeanmamy.fr\/?page_id=2274"},"modified":"2021-04-20T16:28:06","modified_gmt":"2021-04-20T14:28:06","slug":"jm-a-jr-fresnes-47-02-17","status":"publish","type":"page","link":"https:\/\/monperejeanmamy.fr\/?page_id=2274","title":{"rendered":"JM \u00e0 JR (Fresnes 47\/02\/17)"},"content":{"rendered":"<p><strong>\u00a0<\/strong><a href=\"http:\/\/monperejeanmamy.fr\/?page_id=2269\"><img loading=\"lazy\" class=\"wp-image-1352 alignleft\" src=\"http:\/\/monperejeanmamy.fr\/wp-content\/uploads\/2021\/03\/Lettre-precedente.jpg\" alt=\"\" width=\"143\" height=\"78\" \/><\/a><a href=\"http:\/\/monperejeanmamy.fr\/?page_id=2279\"><img loading=\"lazy\" class=\"alignright wp-image-1353\" src=\"http:\/\/monperejeanmamy.fr\/wp-content\/uploads\/2021\/03\/Lettre-suivante.jpg\" alt=\"\" width=\"139\" height=\"76\" \/><\/a><\/p>\n<p style=\"text-align: center;\"><strong>Lundi 17 f\u00e9vrier 1947<\/strong><\/p>\n<p style=\"text-align: center;\">Ma petite fille ch\u00e9rie,<\/p>\n<p style=\"text-align: justify;\">Enfin une grande lettre. Serr\u00e9e comme je les aime, bourr\u00e9e de choses, pas b\u00e2cl\u00e9e, des baisers et des tendresses, et des soupirs \u00e0 toutes les lignes. Et j\u2019aime beaucoup que tu t\u2019ennuies. Je suis ravi que tu trouves le temps long. Je suis tr\u00e8s satisfait que tu ne sois pas contente du tout que je sois en prison. Bravo, Continue dans ce sentiment affectueux qui t\u2019honore et dont je te consolerai, moi tout seul. Hein\u00a0? Pas d\u2019histoires\u00a0! Du reste, sois tranquille, j\u2019ai en toi la confiance la plus lucide et sinc\u00e8re. Je t\u2019embrasse pour tout ton ennui.<\/p>\n<p style=\"text-align: justify;\">Ce matin je t\u2019ai vue, dans mon pr\u00e9-r\u00e9veil. Tu \u00e9tais dans le m\u00e9tro, \u00e0 m\u2019apporter mon colis (surtout ne me dis pas que tu es venue par l\u2019autobus), toute joyeuse, toute anim\u00e9e de venir \u00e0 Fresnes, pr\u00e8s de la porte de ma cellule, \u00e0 cent m\u00e8tres de mon demi-sommeil. Dire qu\u2019il faudrait peu pour qu\u2019on se touche la main, qu\u2019on s\u2019embrasse \u00e0 crier et qu\u2019il faut attendre que la glace g\u00e8le dans le c\u0153ur des juges. Patience\u00a0! Patience\u00a0! C\u2019est pour demain.<\/p>\n<p style=\"text-align: justify;\">Le colis \u00e9tais parfait, les tulipes roses adorables. Elles sont l\u00e0, sous mes yeux, \u00e0 reprendre vie dans une eau fraiche comme toute la vigueur que je mets \u00e0 aimer la vie \u2014la vraie\u2014 celle qui ne court ni les rues ni les ruelles d\u2019alcool, mais les yeux grands ouverts, les mains entrelac\u00e9es, les rires et les silences pleins de promesses. Mais oui, ma Jeannette, je t\u2019ai toujours aim\u00e9 autant d\u00e8s le premier jour, et avant le premier jour. Un enfant qui grandit est tout entier contenu dans sa promesse. Et je ne t\u2019aime pas mieux aujourd\u2019hui qu\u2019hier, mais cela se voit davantage, comme les fleurs qui s\u2019ouvrent laissent apercevoir le pistil o\u00f9 va s\u2019\u00e9clore la graine, prouesse du lendemain renouvel\u00e9. Nous aimons par succession, par \u00e9tapes, par redites, par mille renouvellements, jour apr\u00e8s jour, et il faut cette succession de barreaux d\u2019\u00e9chelle \u00e0 gravir pour parvenir au fa\u00eete de la satisfaction.<\/p>\n<p style=\"text-align: justify;\">Et bien ce matin je t\u2019ai eue toute enti\u00e8re dans ma pens\u00e9e consciente. Rien ne nous s\u00e9parait. Tu \u00e9tais mont\u00e9e de plusieurs crans sur cette \u00e9chelle du bonheur o\u00f9 je t\u2019ai invit\u00e9e. Sais-tu qu\u2019il va peut-\u00eatre falloir patienter longtemps avant de retrouver ma caresse libre. Au train o\u00f9 marche l\u2019affaire, je ne repasserai pas avant plusieurs mois (tant mieux\u00a0!) et apr\u00e8s\u2026 qui sait combien de mois il faudra patienter pour se lib\u00e9rer de tout\u00a0? \u00c0 moins que les \u00e9v\u00e8nements se pr\u00e9cipitent. \u00c0 l\u2019instruction on me disait qu\u2019il n\u2019y aurait pas d\u2019amnistie avant cinq ou six ans <a href=\"#_ftn1\" name=\"_ftnref1\">[1]<\/a>\u00a0!!! Si c\u2019est cela, il n\u2019y en aura pas du tout car les communistes auront pris le pouvoir ou bien il y aura eu la guerre. On ne sait pas.<\/p>\n<p style=\"text-align: justify;\">J\u2019esp\u00e8re toujours que je passerai le prochain no\u00ebl avec toi. Mais je sais que tu es si patiente et que nous nous aimons tant que tu auras la force de supporter tout pendant le temps qu\u2019il faudra. Hein\u00a0? Pas vrai\u00a0?<\/p>\n<p style=\"text-align: justify;\">Vite, les choses pratiques. Pour le prochain colis<\/p>\n<ol>\n<li style=\"text-align: justify;\">peux-tu trouver de la vanille (pour parfumer mon flocon d\u2019avoine) ou bien quelque poudre de citron ou d\u2019orange, mais la vanille\u2026<\/li>\n<li style=\"text-align: justify;\">le sel, un peu plus gris, voire beaucoup plus, SVP.<\/li>\n<li style=\"text-align: justify;\">peux-tu demander \u00e0 ma m\u00e8re de me procurer une brosse \u00e0 dent tr\u00e8s dure ?<\/li>\n<li style=\"text-align: justify;\">Je te parlerai de l\u2019affaire Liautey jeudi. Ne t\u2019en occupe point pour l\u2019instant. Je te dirai pourquoi.<\/li>\n<\/ol>\n<p style=\"text-align: justify;\">J\u2019ai d\u00e9j\u00e0 lu <em>Hors d\u2019atteinte<\/em>. Les po\u00e8mes de R.B.<a href=\"#_ftn2\" name=\"_ftnref2\">[2]<\/a> S\u2019appellent <em>Bisous de Fresnes<\/em>. Je ne sais o\u00f9 les trouver. Tr\u00e8s joli le titre de chanson\u00a0: <em>Au dessus des murs, il y a le ciel<\/em>\u2026 Tr\u00e8s joli aussi l\u2019autre titre\u00a0: <em>Le ciel est par-dessus le toit<\/em>. Peux-tu rentrer en rapport avec Bourquin\u00a0? Indispensable. Urgent. Avec lui ou avec un autre. Ne manque pas de m\u2019en parler jeudi. Vois tes amis. Ce n\u2019est pas moi, c\u2019est toi qui feras les d\u00e9marches. Tu peux tout faire. J\u2019esp\u00e8re que tu m\u2019apporteras les bouquins demand\u00e9s. Car je vais avoir fini dans peu de temps tout le gros travail en train. Ce que cette d\u00e9fense est longue \u00e0 pr\u00e9parer\u00a0! Surtout dis \u00e0 Demery de m\u2019apporter le texte demand\u00e9.<\/p>\n<p style=\"text-align: justify;\">Suis content des bonnes nouvelles de ma m\u00e8re. Il faudrait qu\u2019elle consente \u00e0 prendre quelques distractions saines (th\u00e9\u00e2tre, concerts, etc\u2026). On ne peut vivre comme une recluse. Or, s\u2019il est bon pour un homme charg\u00e9 de passions politiques d\u2019\u00eatre oblig\u00e9 de d\u00e9canter son exp\u00e9rience devant un mur pourri de salp\u00eatre, il n\u2019est pas excellent pour une brave femme qui a besoin d\u2019agr\u00e9ger encore beaucoup de substance de se maintenir dans cet \u00e9tat d\u2019isolement. Je sais qu\u2019lle n\u2019est pas toujours tr\u00e8s d\u00e9cid\u00e9e \u00e0 se vaincre, mais on peut l\u2019y aider. Elle passe surtout son temps \u00e0 calculer trop ses petites \u00e9conomies. Et elle a toujours peur de manquer. Il faut lui dire que pour recevoir, il faut produire. M\u00eame \u00e0 son \u00e2ge, elle peut rendre service et recevoir beaucoup. Si je r\u00e9ussis \u00e0 \u00ab\u00a0faire\u00a0\u00bb un peu d\u2019argent avec ce que je te dirai, j\u2019aimerais lui payer un abonnement \u00e0 une s\u00e9rie de concerts. Elle en sera plus heureuse que tout.<\/p>\n<p style=\"text-align: justify;\">Alors tu n\u2019aimes pas les pi\u00e8ces de Salacrou\u00a0! Fichtre\u00a0! Mamzelle est difficile. Il est vrai que j\u2019ignore le contenu des <em>Fianc\u00e9s du Havre<\/em>. Il est vrai que les auteurs modernes racontent n\u2019importe quoi, n\u2019importe comment pour plaire \u00e0 n\u2019importe qui. Tout est devenu si anonyme (on confond ce mot affreux avec <u>impersonnel<\/u> qui est le d\u00e9but de la qualit\u00e9). J\u2019ai \u00e0 c\u00f4t\u00e9 de moi l\u2019excellent camarade qui va bient\u00f4t sortir et qui te t\u00e9l\u00e9phonera. Dis-lui tout le bien que je pense de ses romans. C\u2019est un tr\u00e8s brave homme \u00e0 qui il faut des amis s\u00fbrs, car il a \u00e9t\u00e9 tr\u00e8s exploit\u00e9 par des bandes de forbans. Il fut mon directeur, et sera peut-\u00eatre un jour quelque chose de pareil. Nous nous sommes li\u00e9s d\u2019amiti\u00e9 ici. T\u00e2che de lui rendre service avec ses manuscrits (argent comptant s\u2019entend, car il a de quoi). Il t\u2019adressera toutes sortes de choses pour moi.<\/p>\n<p style=\"text-align: justify;\">Le soleil est venu sur ma fen\u00eatre. Tout p\u00e2le, mais il se montre comme un vieux souvenir et un jeune espoir. Nous allons encore vivre des saisons et des printemps et des fleurs \u00e9panouies et des senteurs et des \u00e9preuves dans l\u2019ambiance des rayons qui jouent avec notre boule la Terre. Certains journaux r\u00e9clament, parait-il, l\u2019amnistie. D\u00e9j\u00e0\u00a0! Encore\u00a0! Alors, on s\u2019occupe de moi\u00a0! Tiens\u00a0! Tiens\u00a0! La France aurait-elle le sentiment d\u2019une injustice commise\u00a0? Pas possible\u00a0! On s\u2019\u00e9tonne toujours quand on voit le soleil apparaitre apr\u00e8s l\u2019hiver. Il \u00e9tait donc l\u00e0\u00a0! Pas mort\u00a0! le brigand\u00a0! L\u00e2cheur\u00a0! Eh bien\u2026 cette justice\u00a0?\u00a0 Viendra-t-elle avec le printemps\u00a0?<\/p>\n<p style=\"text-align: justify;\">Dis-moi si tu as des nouvelles des trois visites. J\u2019esp\u00e8re qu\u2019ils mettront beaucoup de temps \u00e0 \u00e9crire leurs m\u00e9moires. Peut-\u00eatre voudront-ils \u00e0 nouveau des explications. Je les recevrai avec beaucoup d\u2019int\u00e9r\u00eat.<\/p>\n<p style=\"text-align: justify;\">Mes jacinthes poussent (du moins les deux seules qui ont r\u00e9sist\u00e9). Je les garde au chaud. Les autres se r\u00e9veilleront peut-\u00eatre. Il parait que tant que l\u2019oignon n\u2019est pas \u00ab\u00a0vid\u00e9\u00a0\u00bb on a des chances. Je m\u2019occupe aussi tr\u00e8s activement des cactus. Il me semble qu\u2019il y a une petite boule ronde qui flanche\u2026 Quoique\u00a0!<\/p>\n<p style=\"text-align: justify;\">Je voudrais que tu m\u2019\u00e9crives mieux. Toujours plus serr\u00e9, et avec infiniment plus de d\u00e9tails. Non point sur la vie domestique, ni sur les \u00e9v\u00e8nements succincts de la quotidienne journ\u00e9e de travail et de d\u00e9marches, et de repos ou de soucis, mais sur ce qui t\u2019anime au plus haut quand tu ne penses plus \u00e0 rien, qu\u2019\u00e0 toi-m\u00eame. Qu\u2019est-ce que tu esp\u00e8res de mieux que tout ce que tu sembles avoir pour l\u2019instant\u00a0? La richesse\u00a0? Les enfants\u00a0? La pr\u00e9sence de celui que tu aimes\u00a0? Un palais\u00a0? Une chaumi\u00e8re\u00a0? Un commerce de milliardaire\u00a0? Un pays \u00e9tranger\u00a0? Quel conte de f\u00e9es veux-tu vivre\u00a0? Quels sont tes jouets pr\u00e9f\u00e9r\u00e9s d\u2019aujourd\u2019hui\u00a0? Je voudrais te donner toute la joie et la paix que j\u2019ai ici, si pr\u00e8s de toi.<\/p>\n<p style=\"text-align: justify;\">Sais-tu que j\u2019ai fait hier le plan d\u2019une maison que j\u2019aimerais construire. Style am\u00e9ricain, sobre, c\u2019est-\u00e0-dire Louis XIII anglaise avec multiples anachronismes modernes. Au rez-de-chauss\u00e9e immense living-room avec baies, autour d\u2019une chemin\u00e9e monumentale (tout doit \u00eatre construit autour du feu). Derri\u00e8re, accol\u00e9e, la cuisine, tr\u00e8s grande, et les communs. Un escalier monte au premier \u00e9tage. 2 salles de bains ou douches, et 6 grandes chambres (4 pour les enfants ou domestiques, une pour nous deux et un bureau \u2014pour mon auguste personne\u2014 pour toi un boudoir personnel). Sous une coupole centrale, la biblioth\u00e8que, salle d\u2019\u00e9tudes, situ\u00e9e au-dessus de la chemin\u00e9e du rez-de-chauss\u00e9e. Grande terrasse sur deux ailes de la maison. Pour les jardins, j\u2019attends l\u2019inspiration\u00a0: une partie \u00e0 la fran\u00e7aise, l\u2019autre \u00e0 l\u2019anglaise. Des serres sans doute. Les \u00e9curies, fermes, laiteries, maisons paysannes sont plus loin. Je veux des fleurs \u00e0 l\u2019infini, et des poissons, et une voli\u00e8re, et des chats, et un coupe de chiens \u00e9normes, mais tr\u00e8s doux (avec nous seulement), quoique de bonne garde. Sable fin dans les all\u00e9es. Une rivi\u00e8re pour la p\u00eache. Expos\u00e9e au Sud (en Am\u00e9rique du Sud, au Nord, le soleil \u00e9tant contraire). \u00c9clairages indirects, ou par lustres et appliques. D\u00eeners aux bougies. La chambre de Fr\u00e9d\u00e9ric est en haut de l\u2019escalier, \u00e0 gauche. Celle de Catherine sur le devant, au centre de la terrasse. Toutes les chambres des enfants s\u2019ouvrent sur la biblioth\u00e8que. Comme te coifferas-tu \u00e0 ce moment l\u00e0\u00a0? Cheveux relev\u00e9s sur le cou\u00a0? Ou toute boucl\u00e9e\u00a0? Tu aimeras passer avec moi des soir\u00e9es pour ne rien dire, ou sans parler, ou avec beaucoup d\u2019amis, ou avec beaucoup de musique, ou avec beaucoup de lune sur la for\u00eat, et des milliers d\u2019oiseaux dans les bois, ou parmi les n\u00e8gres et les papillons.<\/p>\n<p style=\"text-align: justify;\">Je t\u2019embrasse vite, sinon je vais reconstruire <em>Paul et Virginie<\/em>. Peut-\u00eatre n\u2019aurons-nous qu\u2019une hutte, qu\u2019une cave sous une maison \u00e9boul\u00e9e sous les bombes, qu\u2019un coin de bateau d\u2019\u00e9migrants\u00a0! Qu\u2019importe\u00a0! Nous n\u2019avons pas fini de lutter ensemble. Embrasse-moi fort. Si fort que je sente ta joie\u00a0! \u00e0 jeudi te voir, t\u2019entendre, te toucher des yeux.<\/p>\n<p style=\"text-align: justify;\">J.<\/p>\n<p style=\"text-align: justify;\">PS. Peux-tu trouver encore du Nescaf\u00e9 ?<\/p>\n<p style=\"text-align: justify;\"><a href=\"#_ftnref1\" name=\"_ftn1\">[1]<\/a> C\u2019est \u00e0 peu pr\u00e8s ce qui arrivera : une premi\u00e8re loi d&rsquo;amnistie, concernant les faits de collaboration ayant entra\u00een\u00e9 une peine de prison inf\u00e9rieure \u00e0 quinze ans, est vot\u00e9e le 5 janvier 1951. Une seconde loi, tr\u00e8s large, est vot\u00e9e en juillet 1953. \u00c0 la suite de cette amnistie moins de cent personnes restent emprisonn\u00e9es. Ces lois n&rsquo;ont pas \u00e9t\u00e9 particuli\u00e8rement consensuelles : 327 voix contre 263 pour la premi\u00e8re, 394 contre 212 pour la seconde (note de FGR)<br \/>\n<a href=\"#_ftnref2\" name=\"_ftn2\">[2]<\/a> Il s\u2019agit de Robert Brasillach (note de FGR)<\/p>\n<p>&nbsp;<\/p>\n","protected":false},"excerpt":{"rendered":"<p>\u00a0 Lundi 17 f\u00e9vrier 1947 Ma petite fille ch\u00e9rie, Enfin une grande lettre. Serr\u00e9e comme je les aime, bourr\u00e9e de choses, pas b\u00e2cl\u00e9e, des baisers et des tendresses, et des soupirs \u00e0 toutes les lignes. Et j\u2019aime beaucoup que tu &hellip; <a href=\"https:\/\/monperejeanmamy.fr\/?page_id=2274\">Continuer la lecture <span class=\"meta-nav\">&rarr;<\/span><\/a><\/p>\n","protected":false},"author":2,"featured_media":11,"parent":0,"menu_order":0,"comment_status":"closed","ping_status":"closed","template":"","meta":[],"folder":[],"_links":{"self":[{"href":"https:\/\/monperejeanmamy.fr\/index.php?rest_route=\/wp\/v2\/pages\/2274"}],"collection":[{"href":"https:\/\/monperejeanmamy.fr\/index.php?rest_route=\/wp\/v2\/pages"}],"about":[{"href":"https:\/\/monperejeanmamy.fr\/index.php?rest_route=\/wp\/v2\/types\/page"}],"author":[{"embeddable":true,"href":"https:\/\/monperejeanmamy.fr\/index.php?rest_route=\/wp\/v2\/users\/2"}],"replies":[{"embeddable":true,"href":"https:\/\/monperejeanmamy.fr\/index.php?rest_route=%2Fwp%2Fv2%2Fcomments&post=2274"}],"version-history":[{"count":3,"href":"https:\/\/monperejeanmamy.fr\/index.php?rest_route=\/wp\/v2\/pages\/2274\/revisions"}],"predecessor-version":[{"id":2282,"href":"https:\/\/monperejeanmamy.fr\/index.php?rest_route=\/wp\/v2\/pages\/2274\/revisions\/2282"}],"wp:featuredmedia":[{"embeddable":true,"href":"https:\/\/monperejeanmamy.fr\/index.php?rest_route=\/wp\/v2\/media\/11"}],"wp:attachment":[{"href":"https:\/\/monperejeanmamy.fr\/index.php?rest_route=%2Fwp%2Fv2%2Fmedia&parent=2274"}],"wp:term":[{"taxonomy":"folder","embeddable":true,"href":"https:\/\/monperejeanmamy.fr\/index.php?rest_route=%2Fwp%2Fv2%2Ffolder&post=2274"}],"curies":[{"name":"wp","href":"https:\/\/api.w.org\/{rel}","templated":true}]}}