{"id":2288,"date":"2021-04-21T16:18:46","date_gmt":"2021-04-21T14:18:46","guid":{"rendered":"http:\/\/monperejeanmamy.fr\/?page_id=2288"},"modified":"2024-01-21T18:11:32","modified_gmt":"2024-01-21T17:11:32","slug":"jm-a-jr-fresnes-47-03-02","status":"publish","type":"page","link":"https:\/\/monperejeanmamy.fr\/?page_id=2288","title":{"rendered":"JM \u00e0 JR (Fresnes 47\/03\/02)"},"content":{"rendered":"<p><strong>\u00a0<\/strong><a href=\"http:\/\/monperejeanmamy.fr\/?page_id=2279\"><img loading=\"lazy\" class=\"wp-image-1352 alignleft\" src=\"http:\/\/monperejeanmamy.fr\/wp-content\/uploads\/2021\/03\/Lettre-precedente.jpg\" alt=\"\" width=\"143\" height=\"78\" \/><\/a><a href=\"http:\/\/monperejeanmamy.fr\/?page_id=2292\"><img loading=\"lazy\" class=\"alignright wp-image-1353\" src=\"http:\/\/monperejeanmamy.fr\/wp-content\/uploads\/2021\/03\/Lettre-suivante.jpg\" alt=\"\" width=\"139\" height=\"76\" \/><\/a><\/p>\n<p style=\"text-align: center;\"><strong>Dimanche 2 mars 1947<\/strong><\/p>\n<p style=\"text-align: center;\">Ma petite fille ch\u00e9rie,<\/p>\n<p style=\"text-align: justify;\">En voil\u00e0 une vilaine jalouse\u00a0! Tant de soucis pour rien\u00a0! On s\u2019imagine quoi\u00a0? Quelles inqui\u00e9tudes dans cette t\u00eate de moineau\u00a0? Voila qu\u2019il faut la consoler, la rassurer, lui redonner le sens des r\u00e9alit\u00e9s, la rappeler aux normes de la conduite prudente. Ce n\u2019est pas parce que ma m\u00e8re a donn\u00e9 l\u2019hospitalit\u00e9 \u00e0 sa bru qu\u2019il faut tout \u00e0 coup voir des difficult\u00e9s ou je ne sais quelle situation nouvelle. Et pourquoi douter des mots qu\u2019on \u00e9crit. Parce qu\u2019on est po\u00e8te et qu\u2019on a des muses et qu\u2019il me semble qu\u2019on parle plut\u00f4t \u00e0 la f\u00e9e de son imagination qu\u2019\u00e0 la petite personne qui court le Jardin des Plantes derri\u00e8re son enfant blond. Chacun chante sa chacune. Pour moi, elle a le visage des photos qui sont \u00e9pingl\u00e9es sur mon mur. Et je sais son nom pr\u00e9f\u00e9r\u00e9. \u00c0 genoux, petite fille, devant notre tendresse, et qu\u2019il ne soit aucun nuage sur le printemps qui est n\u00f4tre.<\/p>\n<p style=\"text-align: justify;\">As-tu re\u00e7u la visite de mon camarade\u00a0? Car je l\u2019ai dirig\u00e9 vers deux personnes\u00a0: ma m\u00e8re et toi. Pas plus. Il aura du te t\u00e9l\u00e9phoner. C\u2019est un fort brave homme tr\u00e8s compr\u00e9hensif et qui t\u2019aura dit sans doute ceci\u00a0: c\u2019est qu\u2019il n\u2019y a que toi sur mon mur. Pas d\u2019autre fille. Est-ce une preuve, oui ou zut\u00a0? Pourquoi t\u2019enfermer tout \u00e0 coup dans des craintes\u00a0? Une fille honn\u00eate doit avoir le pied solide. Si je passe un contrat d\u2019amiti\u00e9, d\u2019affection et de beaucoup plus avec toi, je le tiendrai. Suis-je malhonn\u00eate en affaires\u00a0? En affaires de c\u0153ur non plus. Ce qui est promis est promis. Mais tu ne m\u2019as pas dit, toi, si tu acceptais\u00a0??? J\u2019attends toujours ta r\u00e9ponse. Pour s\u2019engager il faut \u00eatre deux.<\/p>\n<p style=\"text-align: justify;\">Bien s\u00fbr que tu es indispensable pour les colis. Continue et ne te pr\u00e9occupes de rien. Quoiqu\u2019il arrive j\u2019arrangerai tout \u00e0 ma sortie. De plus, je pense que la personne qui te pr\u00e9occupe tant sera bient\u00f4t \u00e0 l\u2019\u00e9tranger. Alors\u00a0! Elle fait en tous cas toutes les d\u00e9marches pour cela. Saches une chose\u00a0: personne ne peut prendre ta place. Tu l\u2019as toute enti\u00e8re \u00e0 toi cette place, et tu n\u2019as pas le droit de douter. Donne sans r\u00e9serves, tout que tu peux de ton affection. Elle est re\u00e7ue, appr\u00e9ci\u00e9e, aim\u00e9e, per\u00e7ue. Et ne crois pas que tu auras une quelconque place secondaire. Tu n\u2019as pas le droit de rester dans l\u2019ombre. Je te mettrai \u00e0 mes c\u00f4t\u00e9s sans restrictions.<\/p>\n<p style=\"text-align: justify;\">Tu as raison d\u2019\u00eatre prudente avec ma m\u00e8re. C\u2019est la meilleure femme du monde, mais elle ne conna\u00eet gu\u00e8re la vie, et souvent elle s\u2019imagine qu\u2019elle fait pour le mieux quand elle met dans son geste un d\u00e9vouement inspir\u00e9. Elle fut sans doute tr\u00e8s heureuse de voir fondre aimablement chez elle deux histrions qui ont l\u2019habitude d\u2019\u00eatre particuli\u00e8rement d\u00e9sagr\u00e9ables. Elle prit cela pour un bienfait des Dieux. Mais je ne suis pas dupe. Cela ne m\u2019emp\u00eache pas d\u2019aimer beaucoup ma maman, qui fut toujours si d\u00e9vou\u00e9e pour moi. Et je ne lui en veux pas d\u2019avoir \u00e9t\u00e9 bougrement bavarde lors de mes aventures en ao\u00fbt 44. On n\u2019est pas toujours ma\u00eetre de sa langue. Et moi-m\u00eame, je n\u2019ai pas \u00e9t\u00e9 assez prudent. Enfin\u00a0!!!<\/p>\n<p style=\"text-align: justify;\">Pour l\u2019affaire, tout va bien. On attend. Les docteurs ont remis leur rapport. Tu dois en savoir la teneur. Qu\u2019en pense Floriot\u00a0? Est-il content\u00a0? Tr\u00e8s\u00a0? Un peu\u00a0? M\u00e9diocrement\u00a0? Je persiste \u00e0 ne pas me soucier de l\u2019issue de ce proc\u00e8s o\u00f9 <u>je vaincrai<\/u> !!! Car il ne sera pas dit que je me laisserai manipuler par les forces de l\u2019hypocrisie politique. Mais, aura-t-il lieu\u00a0? L\u2019horizon international se charge. La situation \u00e0 l\u2019int\u00e9rieur se tend. Nous voici dans les mois cruciaux. Il nous faudra lutter pour arriver \u00e0 nos fins.<\/p>\n<p style=\"text-align: justify;\">Je sens qu\u2019aujourd\u2019hui tu penses \u00e0 moi mieux que les autres jours. D\u2019abord parce qu\u2019il fait beau. Le soleil est radieux sur la plaine de Fresnes. La cellule est moins froide. Le th\u00e9 bien sucr\u00e9 r\u00e9chauffe mieux encore qu\u2019il y a quinze jours. Depuis ce matin l\u2019eau ne g\u00e8le plus sur la fen\u00eatre. Mes jacinthes se pr\u00e9lassent au soleil. Et je peux les laisser dehors toute la nuit. J\u2019imagine que tu vas promener Fr\u00e9d\u00e9ric aujourd\u2019hui et courir comme une fillette pour lui entra\u00eener les mollets. Et vous rirez tous les deux comme des fous. Bravo. Pendant ce temps je relirai <em>Lancelot<\/em>. J\u2019aurai besoin d\u00e8s que tu l\u2019auras que tu corriges \u00e0 fond de train tous les exemplaires, pour le dossier. Je n\u2019ai pas encore vu Demery et son document vert.<\/p>\n<p style=\"text-align: justify;\">Mais oui, nous sommes pour quelque chose dans l\u2019arriv\u00e9e de Fr\u00e9d\u00e9ric en ce bas monde. Et nous le serons autant pour Catherine et la suite. Seulement, je t\u2019expliquerai beaucoup de choses que tu ne comprends pas encore \u2013ou que tu comprends d\u00e9j\u00e0. Et tu verras que tout est tr\u00e8s bien, et que ton amour n\u2019a rien \u00e0 craindre. Au contraire, les lois du bonheur vous \u00f4teront votre crainte et votre jalousie, mamzelle, et vous ne croirez plus que quelque chose ou quelqu\u2019un puisse vous faire souffrir.<\/p>\n<p style=\"text-align: justify;\">Quant \u00e0 ma vieille sorci\u00e8re, tu la verras, soit le 23 avril, soit plus tard. Et tu me diras si un homme de go\u00fbt pouvait s\u2019encombrer d\u2019un pareil tableau. Je n\u2019ai jamais connu pareil \u00e9pouvantail et pareil caract\u00e8re de chouette (bien plus m\u00e9chante qu\u2019une chouette). Demande \u00e0 tes amis qui la connaissent ce qu\u2019ils en pensent et tu verras les conclusions.<\/p>\n<p style=\"text-align: justify;\">Je n\u2019imaginais pas aujourd\u2019hui devoir te gronder par cette m\u00e9chante lettre (si gentille en fait \u2013et qui me fait toujours tr\u00e8s plaisir, c\u2019est le seul plaisir que j\u2019ai ici de recevoir <u>tes<\/u> lettres). Mon moineau en picorant des miettes m\u2019a donn\u00e9 quelques coups de bec. Tr\u00e8s joli bec. Je l\u2019embrasse sur son bec. J\u2019ai lav\u00e9 toutes tes photos o\u00f9 la poussi\u00e8re s\u2019accumulait, et j\u2019attends les nouvelles, promises depuis l\u2019\u00e9t\u00e9 dernier\u00a0!!!<\/p>\n<p style=\"text-align: justify;\">Cette semaine, \u00e0 part mes \u00e9tudes th\u00e9ologiques, et m\u00e9taphysiques, j\u2019ai lu <em>Antigone<\/em> d\u2019Anouilh et <em>Anna Kar\u00e9nine<\/em> de Tolsto\u00ef, que je n\u2019avais gu\u00e8re compris quand j\u2019avais 18 ans et qui me semble aujourd\u2019hui prodigieux. Il n\u2019y a que les \u0153uvres m\u00fbres qui ont de l\u2019int\u00e9r\u00eat. Peu de jeunes ont \u00e9crit de grandes choses (sauf exception bien s\u00fbr\u00a0: Rimbaud toujours qu\u2019on cite avant tout, et Pascal, et Pic de la Mirandole\u2026), mais le nombre d\u2019\u00e9crivains qui ont r\u00e9ussi leurs \u0153uvres \u00e0 partir de leur cinquantaine est plus nombreux. Il faut avoir v\u00e9cu pour savoir penser. Et puis, qu\u2019importe l\u2019\u00e2ge. Il y a des bl\u00e9s de printemps et des pommes d\u2019hiver. En toutes saisons, l\u2019esprit produit ses fruits. Nous n\u2019avons qu\u2019\u00e0 patienter. Il me semble aujourd\u2019hui que j\u2019ai beaucoup plus \u00e0 dire qu\u2019il y a 10 ans. Il me semble surtout qu\u2019on ne puisse faire \u0153uvre de valeur que <u>contre<\/u> la foule. De plus en plus je vois se v\u00e9rifier cette loi. Tout ce que je fis de valable, de plaisant, d\u2019appr\u00e9ci\u00e9 est en <u>r\u00e9action<\/u> contre la facilit\u00e9\u2026 De m\u00eame en politique\u2026 C\u2019est pourquoi nous avons autant de d\u00e9sagr\u00e9ments\u2026 Mais l\u2019aventure n\u2019est pas termin\u00e9e\u2026 Au contraire. Il y a un dernier acte qui sera fameux.<\/p>\n<p style=\"text-align: justify;\">Ma petite fille, je t\u2019embrasse comme le dimanche apr\u00e8s-midi le soleil s\u2019acharne sur une terre meurtrie par l\u2019hiver. Avec tout le souffle et l\u2019ardeur du printemps, il faut r\u00e9veiller la f\u00e9condit\u00e9 sous le gel de la crainte. \u00c9cris-moi longuement tout ce que tu penses, que je sache si les images qui te hantent sont lumineuses et \u00e9manent d\u2019une flamme gracieuse. Merci pour le petit dictionnaire des synonymes que je recevrai demain avec joie. Es-tu pass\u00e9e chez Hatier pour <em>Les M\u00e9morables<\/em> et le reste\u00a0? Je donnerai jeudi \u00e0 ma m\u00e8re une commission importante que tu ex\u00e9cuteras \u00e0 la lettre. Il s\u2019agit de la revue dont je t\u2019ai parl\u00e9 il y a quelque temps. Il faudra la retirer de l\u00e0 o\u00f9 elle est pour la transporter ailleurs. Tu t\u2019occuperas de ce transfert pour une fois. Je compte sur toi.<\/p>\n<p style=\"text-align: justify;\">J\u2019ai six tulipes roses sous les yeux qui me disent tout ton amour. Est-il vrai que tu m\u2019aimes autant\u00a0? Quels mots faut-il que je t\u2019\u00e9crive pour t\u2019affirmer que tu ne m\u2019es point indiff\u00e9rente, que tout un monde remue quand ton image bouge dans mes souvenirs, que j\u2019esp\u00e8re te retrouver bienheureuse au bout du tunnel, et que mes nuits ou mes jours sont plac\u00e9s sous ce signe d\u2019espoir. Et je te dirai de vive voix tout le bien que je pense de toi. Pour l\u2019instant, lis, travaille, va au concert, emmagasine tout de la vie, patiente, esp\u00e8re, lutte sans r\u00e9pit. On se rejoindra sur la montagne, au soleil levant. Bonne nuit, fille ch\u00e9rie, tu as les doigts dans les miens.<\/p>\n<h1 style=\"text-align: justify;\"><u>Lundi.<\/u><\/h1>\n<p style=\"text-align: justify;\">Je t\u2019ai sentie si pr\u00e8s de moi ce matin, si contre moi, si tendre et affectueuse. Toute la prison en est parfum\u00e9e et toute ma journ\u00e9e joyeuse. Qui peut nous emp\u00eacher d\u2019\u00eatre content de savoir qu\u2019on nous aime. Qui peut s\u2019interposer entre l\u2019amour et nous. Quel est celui qui pourra m\u2019obliger \u00e0 ne pas me r\u00e9jouir. Je te porte dans mon c\u0153ur comme une aube de lumi\u00e8re, aux nuances infinies et il s\u2019ouvre le grand jour qui b\u00e9nit la Terre. Je te mettrai \u00e0 une place si haute que nul ne pourra plus te contredire, t\u2019atteindre, tenter de te blesser. Et saches que tu ne risques pas d\u2019\u00eatre incomprise, ni n\u00e9glig\u00e9e. On pense \u00e0 toi comme il faut.<\/p>\n<p style=\"text-align: justify;\">En regardant ma feuille de notes, je m\u2019aper\u00e7ois qu\u2019il me faut te demander plusieurs choses\u00a0:<\/p>\n<ol>\n<li style=\"text-align: justify;\">un crayon rouge et bleu<\/li>\n<li style=\"text-align: justify;\">encore un pot de colle<\/li>\n<li style=\"text-align: justify;\">de t\u2019occuper de la feuille de t\u00e9l\u00e9phone ci-jointe. Dis \u00e0 ma m\u00e8re de faire payer et, au lieu de m\u2019envoyer 1.000 ce mois-ci, qu\u2019on ne m\u2019envoie que 300. Ce sera suffisant. Veux-tu bien aussi signaler que je suis parti de cet appartement en ao\u00fbt et que ce compte me parait \u00e9trange, qu\u2019on veuille bien v\u00e9rifier et d\u00e9falquer ce que je ne dois pas, et surtout fait interrompre le compte \u00e0 octobre, sans faute. Il faut payer, sinon on obtiendra jugement contre moi et les frais gr\u00e8veront la somme du double pour le moins.<\/li>\n<\/ol>\n<p style=\"text-align: justify;\">Je m\u2019attends d\u2019une minute \u00e0 l\u2019autre \u00e0 \u00eatre appel\u00e9 pour le colis et \u00e0 remonter avec tous les petits paquets. Le temps est superbe, le soleil doux sur une plaine gris\u00e2tre piqu\u00e9e de taches brunes. Le ciel est blanc comme un vieux pastel. Il ne fait plus si froid. La lumi\u00e8re est bonne comme un vieux printemps qui cherche \u00e0 \u00e9blouir avec charme et gentillesse. Sur mon mur Fr\u00e9d\u00e9ric fait de la bicyclette. Tu es une heureuse maman.<\/p>\n<p style=\"text-align: justify;\">D\u00e8s que Demery m\u2019aura vu, t\u00e9l\u00e9phone-lui. Je lui remettrai <em>Lancelot<\/em> pour le dossier. \u00c0 moins que tu lui aies confi\u00e9 un manuscrit pour le corriger ici. Tu y trouveras aussi <em>Empyr\u00e9e<\/em>. \u00c0 taper et m\u2019envoyer d\u2019urgence. Tout d\u2019urgence, tr\u00e8s, tr\u00e8s press\u00e9. Pourquoi\u00a0? Le printemps vient\u2026 avec ses nouveaux travaux. Entre nous, je voudrai bien en avoir termin\u00e9 avec tout cela.<\/p>\n<h1 style=\"text-align: justify;\"><span style=\"text-decoration: underline;\">15h<\/span>.<\/h1>\n<p style=\"text-align: justify;\">Re\u00e7u colis. Merveilleux. Merci, merci. Et pour les mimosas, les \u0153illets, le jambon et tous les menus paquets, et toutes les ficelles et tous les petits papiers. Le soir, \u00e0 la bougie, je pense que je br\u00fble un peu de ce que tu me donnas pour vivre mieux. Le matin, au lever, je bois le chocolat de Fr\u00e9d\u00e9ric. Ces graines de mimosa sont comme du gros coton jaune. Elles ont le velout\u00e9 rude d\u2019un tapis. Leur parfum m\u2019arrive par bouff\u00e9es. Trois tulipes de la semaine derni\u00e8re et une autre d\u2019il y a quinze jours tiennent encore. Tu me diras que toutes les semaines je te d\u00e9cris mes fleurs. J\u2019y suis sensible plus qu\u2019\u00e0 autre chose. On ne vit pas que de rillettes et de caf\u00e9. Je viens d\u2019\u00eatre appel\u00e9 pour toucher le dictionnaire des synonymes. Bravo. Je m\u2019y suis plong\u00e9 aussit\u00f4t et en ai extirp\u00e9 50 mots dont j\u2019avais besoin pour te faire faire beaucoup de corrections dans <em>Les Barreaux d\u2019or<\/em>. Tu vois comme on pense \u00e0 toi. Tu es contente, pas vrai, de recommencer toujours la m\u00eame chose pour moi\u00a0? Et quand tu croiras avoir tout fini, on recommencera. Cent fois sur le m\u00e9tier remettez votre ouvrage. Pourvu qu\u2019on ne finisse pas comme ce pi\u00e8tre Boileau\u00a0 dont personne ne lit plus Le Lutrin ni L\u2019Art po\u00e9tique. S\u2019il fut un p\u00e9dant assommant, c\u2019est bien ce professeur outr\u00e9 qu\u2019on nous recommande avec respect et qui n\u2019est qu\u2019un fat officiel.<\/p>\n<p style=\"text-align: justify;\">Je t\u2019embrasse pendant qu\u2019il y a encore un peu de place. Lis surtout entre les lignes. Gros, gros baisers.<\/p>\n<p>J.<\/p>\n","protected":false},"excerpt":{"rendered":"<p>\u00a0 Dimanche 2 mars 1947 Ma petite fille ch\u00e9rie, En voil\u00e0 une vilaine jalouse\u00a0! Tant de soucis pour rien\u00a0! On s\u2019imagine quoi\u00a0? Quelles inqui\u00e9tudes dans cette t\u00eate de moineau\u00a0? Voila qu\u2019il faut la consoler, la rassurer, lui redonner le sens &hellip; <a href=\"https:\/\/monperejeanmamy.fr\/?page_id=2288\">Continuer la lecture <span class=\"meta-nav\">&rarr;<\/span><\/a><\/p>\n","protected":false},"author":2,"featured_media":11,"parent":0,"menu_order":0,"comment_status":"closed","ping_status":"closed","template":"","meta":[],"folder":[],"_links":{"self":[{"href":"https:\/\/monperejeanmamy.fr\/index.php?rest_route=\/wp\/v2\/pages\/2288"}],"collection":[{"href":"https:\/\/monperejeanmamy.fr\/index.php?rest_route=\/wp\/v2\/pages"}],"about":[{"href":"https:\/\/monperejeanmamy.fr\/index.php?rest_route=\/wp\/v2\/types\/page"}],"author":[{"embeddable":true,"href":"https:\/\/monperejeanmamy.fr\/index.php?rest_route=\/wp\/v2\/users\/2"}],"replies":[{"embeddable":true,"href":"https:\/\/monperejeanmamy.fr\/index.php?rest_route=%2Fwp%2Fv2%2Fcomments&post=2288"}],"version-history":[{"count":4,"href":"https:\/\/monperejeanmamy.fr\/index.php?rest_route=\/wp\/v2\/pages\/2288\/revisions"}],"predecessor-version":[{"id":3240,"href":"https:\/\/monperejeanmamy.fr\/index.php?rest_route=\/wp\/v2\/pages\/2288\/revisions\/3240"}],"wp:featuredmedia":[{"embeddable":true,"href":"https:\/\/monperejeanmamy.fr\/index.php?rest_route=\/wp\/v2\/media\/11"}],"wp:attachment":[{"href":"https:\/\/monperejeanmamy.fr\/index.php?rest_route=%2Fwp%2Fv2%2Fmedia&parent=2288"}],"wp:term":[{"taxonomy":"folder","embeddable":true,"href":"https:\/\/monperejeanmamy.fr\/index.php?rest_route=%2Fwp%2Fv2%2Ffolder&post=2288"}],"curies":[{"name":"wp","href":"https:\/\/api.w.org\/{rel}","templated":true}]}}