{"id":2292,"date":"2021-04-21T16:31:17","date_gmt":"2021-04-21T14:31:17","guid":{"rendered":"http:\/\/monperejeanmamy.fr\/?page_id=2292"},"modified":"2021-04-22T10:48:15","modified_gmt":"2021-04-22T08:48:15","slug":"jm-a-jr-fresnes-47-03-09","status":"publish","type":"page","link":"https:\/\/monperejeanmamy.fr\/?page_id=2292","title":{"rendered":"JM \u00e0 JR (Fresnes 47\/03\/09)"},"content":{"rendered":"<p><strong>\u00a0<\/strong><a href=\"http:\/\/monperejeanmamy.fr\/?page_id=2288\"><img loading=\"lazy\" class=\"wp-image-1352 alignleft\" src=\"http:\/\/monperejeanmamy.fr\/wp-content\/uploads\/2021\/03\/Lettre-precedente.jpg\" alt=\"\" width=\"143\" height=\"78\" \/><\/a><a href=\"http:\/\/monperejeanmamy.fr\/?page_id=2297\"><img loading=\"lazy\" class=\"alignright wp-image-1353\" src=\"http:\/\/monperejeanmamy.fr\/wp-content\/uploads\/2021\/03\/Lettre-suivante.jpg\" alt=\"\" width=\"139\" height=\"76\" \/><\/a><\/p>\n<p style=\"text-align: center;\"><strong>Dimanche 9 mars 1947<\/strong><\/p>\n<p style=\"text-align: center;\">Ma ch\u00e9rie,<\/p>\n<p style=\"text-align: justify;\">Ainsi ma m\u00e8re est arriv\u00e9e jeudi au parloir en m\u2019avouant\u00a0: \u00ab\u00a0<em>J\u2019ai pris la place de Jeannette\u00a0<\/em>\u00a0\u00bb\u00a0!!! Si encore elle \u00e9tait venue me dire\u00a0: \u00ab\u00a0<em>C\u2019\u00e9tait mon tour, j\u2019avais \u00e0 te parler. Important, j\u2019ai demand\u00e9 \u00e0 Jeannette de me c\u00e9der son tour<\/em>\u00a0\u00bb. Pas du tout\u00a0!!! Elle a pris <u>ta<\/u> place. C\u2019\u00e9tait <u>ta<\/u> place, et ma m\u00e8re est venue \u00e0 ta place. Je n\u2019\u00e9tais pas content du tout. Et j\u2019ai pri\u00e9 ma m\u00e8re de te dire que le jeudi 20 ce serait toi, et nulle autre, qui viendrait. En attendant nous en sommes r\u00e9duits \u00e0 \u00e9changer de vagues confidences par lettre. Je ne sais gu\u00e8re ce qui se passe. Au fond je sais que tout va bien, tu t\u2019occupes de tout. Et je suis tr\u00e8s aid\u00e9 et j\u2019ai mon \u00e9toile pour moi. Cette compr\u00e9hension qui vous fait passer \u00e0 travers tous les dangers\u00a0! Ah\u00a0! La lutte contre la b\u00eatise comporte des risques. Il faut dans ce monde payer cher le privil\u00e8ge d\u2019\u00eatre honn\u00eate et rigoureusement droit et de s\u2019opposer \u00e0 la crapule. On se fait \u00e9charper par les taureaux comme par les foules. Il faut aussi savoir s\u2019abriter, se prot\u00e9ger et, pour ce, les petites filles vous sont toute d\u00e9vou\u00e9es et ont des gestes d\u2019intelligence remarquables.<\/p>\n<p style=\"text-align: justify;\">J\u2019ai r\u00e9pondu vertement \u00e0 ma m\u00e8re qui m\u2019a pos\u00e9 une question saugrenue\u00a0(\u00ab\u00a0\u00a0<em>Alors qu\u2019est-ce que tu fais avec tes deux femmes ?<\/em>\u00a0\u00bb) \u00ab\u00a0<em>Mais il n\u2019y en n\u2019a qu\u2019une, maman\u00a0!\u00a0Et ce n\u2019est pas celle qui croyait l\u2019\u00eatre. C\u2019est Jeannette qui a toute ma confiance et mes pr\u00e9f\u00e9rences<\/em>\u00a0\u00bb. Je lui ai demand\u00e9 ce qu\u2019elle pensait de toi\u00a0: \u00ab\u00a0<em>Oh\u00a0! Celle-l\u00e0\u00a0! Elle t\u2019aime\u00a0! Tu es tout pour elle\u00a0!!!<\/em>\u00a0\u00bb. Et bien voil\u00e0 qui suffit. Ma m\u00e8re avait l\u2019air de trouver que ce n\u2019\u00e9tait pas assez. Je sais bien que, tr\u00e8s exclusive, elle aime qu\u2019on la flatte, ou qu\u2019on la berce de paroles aimables (et tu n\u2019y manques pas) mais j\u2019ai \u00e9t\u00e9 oblig\u00e9 de lui faire comprendre que ma compagne devait d\u2019abord \u00eatre mari\u00e9e avec moi plut\u00f4t qu\u2019avec elle. Curieux, hein\u00a0? Les m\u00e8res de fils unique. Elles ont un \u00e9trange sentiment de propri\u00e9t\u00e9. Tu ne seras point comme elle. D\u2019autant plus que tu auras douze petits Mamy ou petites Catherine \u00e0 \u00e9lever. Et je ne te laisserai pas le temps d\u2019en pr\u00e9f\u00e9rer l\u2019un \u00e0 l\u2019autre.<\/p>\n<p style=\"text-align: justify;\">L\u2019\u00ab\u00a0aviation\u00a0\u00bb <a href=\"#_ftn1\" name=\"_ftnref1\">[1]<\/a> m\u2019a l\u2019air de t\u2019avoir redonn\u00e9 du courage. Ce qu\u2019il faut, c\u2019est voir avec Flo[riot] comment marche l\u2019affaire. Nous devrions chercher \u00e0 gagner ces bonnes chaleurs si ti\u00e8des, et m\u00eame au-del\u00e0. Tout est possible. Je ne pense pas en tous cas que la date pr\u00e9vue pour avril puisse tenir. N\u2019ai pas encore vu Demery. J\u2019ai beaucoup de choses \u00e0 lui remettre. Mon dossier est d\u00e9j\u00e0 tr\u00e8s au complet. Dis-lui qu\u2019elle vienne. Lui as-tu remis les exemplaires voulus de <em>Lancelot <\/em>et de l\u2019autre\u00a0? Sinon, qu\u2019elle vienne sans documents. Je lui remettrai ce que j\u2019ai et on fera les choses au dehors. Il faut que ce dossier soit pr\u00eat comme il convient. J\u2019ai termin\u00e9 hier les retouches d\u2019<em>Hippodamie<\/em>. Il ne me reste plus que <em>Gabriella<\/em>, et ce que je suis en train de commencer.<\/p>\n<p style=\"text-align: justify;\">Pour les projets d\u2019amnistie, n\u2019y comptons pas. Je pense qu\u2019il faut plut\u00f4t \u00e9couter la voix de la sagesse. Ton aviateur me semble voir juste. Nous arrivons dans les mois cruciaux. Il se peut qu\u2019il faille encore attendre un peu, mais pas au-del\u00e0 d\u2019ao\u00fbt ou d\u2019octobre, car le peuple ne peut plus tenir. De tous c\u00f4t\u00e9s on signale la vie trop dure. La France a besoin de respirer, de ne plus subir l\u2019\u00e9treinte des bandits qui l\u2019am\u00e8nent \u00e0 la ruine. Pour moi, je me contente ici de lire la Bible. R\u00e9confortant. Au-dessus de la m\u00eal\u00e9e. D\u00e9j\u00e0 hors de la Terre. N\u2019ai plus de probl\u00e8mes. D\u00e9tach\u00e9 de tout. Sauf des solutions honorables. Ce n\u2019est pas de l\u2019indiff\u00e9rence. C\u2019est un prodigieux int\u00e9r\u00eat pour la r\u00e9alit\u00e9, la vraie, la Vie \u00e9ternelle, l\u2019Amour \u00e9ternel. Pour Jeannette aussi. Car Jeannette est incluse dans l\u2019exp\u00e9rience. Nous ne nous quitterons plus jamais. Veux-tu bien\u00a0?<\/p>\n<p style=\"text-align: justify;\">J\u2019ai lu <em>Le Z\u00e9ro et l\u2019infini<\/em> <a href=\"#_ftn2\" name=\"_ftnref2\">[2]<\/a>. Si tu peux mets moi\u00a0 <em>Le Yogi et le commissaire<\/em> <a href=\"#_ftn3\" name=\"_ftnref3\">[3]<\/a>. Mais je ne sais pas si je pourrais te le rendre. Surtout ne d\u00e9pense pas d\u2019argent. Fais-le toi offrir ou prends le d\u2019occasion. Le dico de synonymes va tr\u00e8s bien. Si tu n\u2019as pas trouv\u00e9 chez Hatier ce qu\u2019il me faut t\u00e2ches de te les procurer ailleurs. Je te r\u00e9capitule les ouvrages, et t\u2019en \u00e9nonce de nouveaux\u00a0: de Platon <em>Le Banquet, Gorgias, Euthyphron, Lach\u00e9s<\/em> <a href=\"#_ftn4\" name=\"_ftnref4\">[4]<\/a> (voir si Charpentier ne les a pas \u00e9dit\u00e9s, ou Fayard, dans une collection classique), de X\u00e9nophon, les deux derniers des <em>M\u00e9morables<\/em> <a href=\"#_ftn5\" name=\"_ftnref5\">[5]<\/a> et <em>Le Banquet<\/em> (pour <em>L\u2019Apologie<\/em> j\u2019ai d\u00e9j\u00e0 ce qu\u2019il me faut). As-tu vu le type de Gen\u00e8ve\u00a0? As-tu repris les deux revues rue Copernic\u00a0? Les as-tu port\u00e9es rue de l\u2019Yvette\u00a0? As-tu pens\u00e9 au crayon rouge et bleu\u00a0?\u00a0 \u00e0 la colle\u00a0? Il me faut un peu de fil de lin noir. Je n\u2019ai plus de poudre \u00e0 casseroles. Les colis vont tr\u00e8s bien avec le pain Hovis et le flocon altern\u00e9s. Un peu moins de porc si possible. Mais vois cela avec ma m\u00e8re. Toujours du riz. Bravo\u00a0! Mon camarade te t\u00e9l\u00e9phonera d\u00e8s que rentr\u00e9 \u00e0 Paris.<\/p>\n<p style=\"text-align: justify;\">Pour ce que tu me dis sur Cupidon, je me refuse absolument \u00e0 prendre ce Dieu pour un guide. Beaucoup trop volage, \u00e9rotique, naturel, mythologique. Je con\u00e7ois que tu veuilles \u00e9chapper \u00e0 un J\u00e9hovah barbu, en robe bleue et barbe s\u00e9v\u00e8re, tout chaud sorti des cuisines de la rue Saint Sulpice. Nous dirons donc que le Dieu qui nous a prot\u00e9g\u00e9 est l\u2019Amour\u00a0 lui-m\u00eame. Ce principe extraordinaire d\u2019harmonie et d\u2019esprit qui d\u00e9lie les langues des amants et leur fait murmurer autre chose que des baisers de chair ou des tirades de feu de paille. Il nous faut durer avec la vie, et cela exige des sacrifices, de la patience, du d\u00e9vouement, du d\u00e9sint\u00e9ressement. Si tu m\u2019aimes, je t\u2019aime. Si tu t\u2019int\u00e9resses \u00e0 tout ce que je fais, moi de m\u00eame et tous les pas que tu fais ne sont pas des pas perdus. Au contraire, c\u2019est le sentier \u00e0 suivre pour atteindre ce bonheur, qui existe tant, que nous l\u2019avons d\u00e9j\u00e0 en nous \u00e0 force de le chercher. Il nous faut r\u00e9ussir \u00e0 trouver l\u2019\u00e9quilibre dans une \u00e9poque aussi chaotique, et \u00e0 exprimer notre libert\u00e9. Et pour ce, il nous faut des id\u00e9es constructives, toute une r\u00e9g\u00e9n\u00e9ration qui doit porter ses fruits rapidement. Il ne sera pas dit qu\u2019on se laisse renverser par la vague.<\/p>\n<p style=\"text-align: justify;\">Tu ne m\u2019as pas dit ce que Flo[riot] pense du rapport. Est-ce vraiment mieux\u00a0?<\/p>\n<p style=\"text-align: justify;\">Parlons maintenant de choses s\u00e9rieuses. Ma m\u00e8re m\u2019a dit qu\u2019elle tenait absolument \u00e0 me donner les deux bouquins dont elle m\u2019a parl\u00e9. La voil\u00e0 chez les mages du Tibet. Je recevrai donc ce pr\u00e9cieux message, bien que je sois combl\u00e9 par ailleurs. Mais je te prie d\u00e8s maintenant de savoir \u2013<em>in petto <a href=\"#_ftn6\" name=\"_ftnref6\"><strong>[6]<\/strong><\/a><\/em>\u2013 que je ne marche point du tout dans cette magie de quartier. Elle a du subir l\u2019influence d\u2019une vieille bonne femme qui lui a coll\u00e9 ses propres illusions. Laissons faire l\u2019exp\u00e9rience. Nous la verrons revenir bient\u00f4t avec la mentalit\u00e9 d\u2019un petit chien battu. Je la connais si bien. Pour toi, veille beaucoup \u00e0 ne point te laisser prendre \u00e0 ces plaintes et ces pleurnicheries et autres vieilloteries. Tu sais bien que je n\u2019\u00e9volue point du tout sur le m\u00eame plan. Depuis 45 ans que m\u2019a m\u00e8re a l\u2019honneur de m\u2019avoir d\u00e9couvert, elle tourne autour de ma petite personne comme un feu follet qui a d\u00e9couvert la lune. L\u00e0 o\u00f9 je vais elle suit, puis elle pr\u00e9c\u00e8de, puis elle revient sur ces pas, renifle, ren\u00e2cle, boude, asticote, papillonne, se r\u00e9jouit, se lamente, tourbillonne, se d\u00e9sesp\u00e8re, menace, gronde, sourit, se rassure, se d\u00e9tourne, s\u2019extasie, me reproche tout ce que l\u2019opinion publique lui souffle, me d\u00e9fend contre tout le quartier. Je suis \u00e0 la fois le dieu et le d\u00e9mon de la plan\u00e8te. Et le malheur est que je ne suis vraiment pour rien dans toute cette exub\u00e9rance. Ce n\u2019est pas moi, c\u2019est elle qui n\u2019arrive pas \u00e0 la tranquillit\u00e9, au d\u00e9tachement. Ce n\u2019est pas pour cela que je ne ferai point les pas que j\u2019ai \u00e0 faire. Car il n\u2019est possible de d\u00e9pendre d\u2019une autre personne, et on ne me fera pas le chantage au sentiment, \u00e0 la fragilit\u00e9, \u00e0 l\u2019astuce maternelle. Dans ses moments de repos, elle est fort d\u00e9vou\u00e9e et sinc\u00e8re. Et elle devient de plus en plus sage. C\u2019est une bonne petite fille. Tu es donc habilit\u00e9e prendre avec elle les pr\u00e9cautions qu\u2019il faut pour ne point effaroucher sa susceptibilit\u00e9, mais bien savoir qu\u2019il ne faut pas te laisser manipuler ou d\u00e9passer par sa volont\u00e9. Si elle cherche \u00e0 prendre sur toi un ascendant impropre, tu sauras bien trouver la mine fut\u00e9e qu\u2019il faut pour parer le coup. Et avec elle, on r\u00e9ussit tout par la douceur. D\u2019autant plus que nous ne sommes point anim\u00e9s contre elle de mauvaises intentions, bien au contraire.<\/p>\n<p style=\"text-align: justify;\">Embrasse le Fr\u00e9d\u00e9ric trente fois, et quarante, et cinquante fois. Bien le bonjour et mes souvenirs respectueux \u00e0 ta maman, ta s\u0153ur, Brassard <a href=\"#_ftn7\" name=\"_ftnref7\">[7]<\/a> et l\u2019aviateur (que je ne connais point, mais que j\u2019esp\u00e8re f\u00e9liciter \u00e0 la sortie). Que disent tes amis\u00a0? Comment voient-ils la marche de l\u2019affaire\u00a0? \u00e9cris-moi longuement, tr\u00e8s serr\u00e9, pour me dire beaucoup plus que tu oses. Je ne suis pas du tout jaloux de ton collaborateur. Non point que je ne t\u2019aime pas. Mais j\u2019ai confiance. C\u2019est un mot que j\u2019ai tr\u00e8s rarement prononc\u00e9 (pour ainsi dire jamais). \u00c0 demain. Bonne, tr\u00e8s bonne nuit. Avec des \u00e9toiles, des r\u00eaves bleus et des anges.<\/p>\n<h1 style=\"text-align: justify;\"><u>Lundi<\/u>.<\/h1>\n<p style=\"text-align: justify;\">Je re\u00e7ois ta lettre o\u00f9 tu annonces la mort de ton patron. Tu m\u2019as l\u2019air d\u00e9sol\u00e9e. Il faut r\u00e9agir. La mort n\u2019est pas du tout ce que l\u2019on croit et il faut, d\u00e8s \u00e0 pr\u00e9sent, savoir que seule l\u2019apparence dispara\u00eet, mais que l\u2019homme vit toujours. C\u2019est nous qui croyons que les morts sont morts. Nous attachons une id\u00e9e de n\u00e9ant \u00e0 ce qui n\u2019est que l\u2019\u00e9vanescence d\u2019une forme. La vie nous r\u00e9serve des joies et des surprises sur ce point. Il est \u00e9vident que le monde qu\u2019imaginent les hommes est le pire possible et que l\u2019on y souffre tous les maux de l\u2019enfer. C\u2019est pourquoi il faut atteindre ces r\u00e9gions paisibles de l\u2019intelligence o\u00f9 nul argument ne peut venir troubler l\u2019harmonie d\u00e9finitive. Je t\u2019embrasse pour boire toute la peine que tu as, que tu crois avoir, et nous rejetterons d\u2019un commun coup d\u2019\u00e9paule toutes ces suggestions macabres. Ne t\u2019attache pas \u00e0 la personne, mais sache qu\u2019elle est <u>pass\u00e9e<\/u> sur un autre plan, et qu\u2019il n\u2019y a point de douleur \u00e0 \u00e9prouver pour elle ni pour nous. Il faut au contraire l\u2019aider d\u2019amiti\u00e9 dans son passage.<\/p>\n<p style=\"text-align: justify;\">J\u2019esp\u00e8re que ce d\u00e9c\u00e8s n\u2019aura pas d\u2019incidence sur tes affaires. Tu as sans doute ailleurs une situation encore plus profitable. Je sais qu\u2019on t\u2019appr\u00e9cie pour tous les services que tu peux rendre et toutes les portes s\u2019ouvriront devant toi.<\/p>\n<p style=\"text-align: justify;\">Pour la visite que je t\u2019ai demand\u00e9 de faire aux deux personnes\u00a0: \u00e0 la premi\u00e8re chez qui tu retireras les revues tu diras que c\u2019est de la part de son fr\u00e8re\u00a0; \u00e0 la 2<sup>\u00e8me<\/sup> \u00e0 qui tu les porteras, dis que c\u2019est de la part de monsieur G\u00e9raud. Fais vite la d\u00e9marche. Donne-moi le plus de nouvelles possibles \u2013discr\u00e8tement s\u2019entend\u2013 sur la situation g\u00e9n\u00e9rale. Et pour mon affaire, dis-moi vers quel mois on pr\u00e9voit la chose. Le plus tard possible.<\/p>\n<p style=\"text-align: justify;\">Bien re\u00e7u le colis. Il est parfait. Veux-tu bien me faire mettre de l\u2019\u00e9lastique au m\u00e8tre (d\u2019un \u00bd cm de large) pour slips. Qu\u2019on m\u2019en mette au moins un m\u00e8tre cinquante. J\u2019attends toujours le crayon rouge et bleu, la colle, l\u2019\u00e9ponge m\u00e9tallique, etc\u2026 Tes \u0153illets sont tr\u00e8s beaux. Mes deux oignons de jacinthes grimpent avec rapidit\u00e9. Et mes cactus durent toujours.<\/p>\n<p style=\"text-align: justify;\">\u00c0 propos, tes amis m\u2019ont demand\u00e9 un exemplaire du <em>Ciel d\u2019Aujourd\u2019hui<\/em>. Confie-le \u00e0 Demery pour que j\u2019y mette une d\u00e9dicace et je leur enverrai. Ne m\u2019envoie plus de cr\u00e8me sucr\u00e9e mais du miel de Bavi\u00e8re, ou des Alpes, un peu teint\u00e9 et liquide. Vu\u00a0?<\/p>\n<p style=\"text-align: justify;\">Ma petite fille, je vais maintenant t\u2019embrasser pour toute une grande semaine. C&rsquo;est-\u00e0-dire que chaque soir et chaque matin on pense \u00e0 toi, et chaque jour, et plusieurs fois par jour\u00a0; et avec insistance, et avec ce sens d\u2019intuition qui nous fait comprendre tous les instants de notre dulcin\u00e9e, amoureuse enfant si d\u00e9sireuse de la joie d\u2019un printemps tranquille si volontaire d\u2019espoir et d\u2019affection future, si acharn\u00e9e \u00e0 vaincre les coups du sort. Rassure-toi, il y aura encore des moments de triomphe intime et tous les soucis passeront comme un nuage t\u00f4t dissip\u00e9 par le soleil.\u00a0 Il n\u2019y a pas de souci qui se dissipe. Il n\u2019y a pas de malaise qui demeure. Nous devons veiller \u00e0 ce que le r\u00e9tablissement survienne au plus t\u00f4t. Et nous nous y employons. Pas vrai\u00a0? Ce soir je te mettrai dans la peau de mouton comme tous les jours et demain matin tu seras d\u00e9coiff\u00e9e \u00e0 la diable avec bien entendu la pr\u00e9caution d\u2019\u00f4ter les boucles d\u2019oreille. Si je te disais tout ce que je pense, il faudrait un volume de mots. Mieux vaut se taire et ne plus rien t\u2019envoyer que des baisers dans l\u2019oreille, et dans le cou, et sur les yeux. Ta t\u00eate sur mon \u00e9paule.<\/p>\n<p style=\"text-align: justify;\">J.<\/p>\n<p style=\"text-align: justify;\"><a href=\"#_ftnref1\" name=\"_ftn1\">[1]<\/a> Allusion cod\u00e9e \u00e0 une rencontre avec le colonel Ren\u00e9 Fonck, qu\u2019ils appellent entre eux \u00ab l\u2019aviateur \u00bb, et qui agit en sous-main pour d\u00e9fendre la cause de Jean Mamy (note de FGR)<br \/>\n<a href=\"#_ftnref2\" name=\"_ftn2\">[2]<\/a> <em>Le Z\u00e9ro et l&rsquo;Infini<\/em>, roman d&rsquo;Arthur Koestler \u00e9crit entre 1938 et 1940. Il s\u2019agit d\u2019une critique du stalinisme. L\u2019auteur, ancien communiste \u00a0rest\u00e9 profond\u00e9ment socialiste, figure parmi les premiers intellectuels \u00e0 d\u00e9noncer le d\u00e9tournement de la r\u00e9volution socialiste \u00e0 une \u00e9poque o\u00f9 l&rsquo;URSS est \u00e9rig\u00e9e en \u00ab paradis terrestre \u00bb par de nombreux penseurs et intellectuels occidentaux de gauche, o\u00f9 toute critique est d\u00e9nonc\u00e9e comme une man\u0153uvre r\u00e9actionnaire. (note de FGR)<br \/>\n<a href=\"#_ftnref3\" name=\"_ftn3\">[3]<\/a> Dans <em>Le Yogi et le Commissaire<\/em>, Arthur Koestler met bout \u00e0 bout des articles \u00e9crits pendant la deuxi\u00e8me guerre mondiale et l&rsquo;imm\u00e9diat apr\u00e8s-guerre. Il y affirme sa croyance en une \u00e9volution in\u00e9luctable vers le socialisme \u00e0 visage humain (celui du yogi), sans heurts, progressif, heureux. Il y oppose le socialisme des commissaires politiques, ce qui lui permet de faire un proc\u00e8s en r\u00e8gle contre l&rsquo;Union sovi\u00e9tique et le goulag. Il sera un des premiers \u00e0 s&rsquo;en prendre aux d\u00e9lires utopiques des communistes, \u00e0 leur aveuglement face aux r\u00e9alit\u00e9s. Pour Koestler le socialisme n&rsquo;est pas une panac\u00e9e et c&rsquo;est pour cela que la gauche rejettera assez largement sa personne, que ce soient les communistes qui le consid\u00e9reront comme une \u00ab hy\u00e8ne puante valet de l&rsquo;imp\u00e9rialisme am\u00e9ricain \u00bb ou les socialistes pour lesquels il deviendra infr\u00e9quentable. (note de FGR)<br \/>\n<a href=\"#_ftnref4\" name=\"_ftn4\">[4]<\/a> <em>Le Banquet<\/em> (de l\u2019amour), <em>Gorgias<\/em> (de la rh\u00e9torique), <em>Euthyphron<\/em> (de la pi\u00e9t\u00e9), <em>Lach\u00e9s<\/em> (du courage) : dialogues de Platon (note de FGR)<br \/>\n<a href=\"#_ftnref5\" name=\"_ftn5\">[5]<\/a> <em>Les M\u00e9morables\u00a0<\/em>: r\u00e9cits sur la vie de Socrate o\u00f9 X\u00e9nophon se veut le porte-parole de son ancien ma\u00eetre. (note de FGR)<br \/>\n<a href=\"#_ftnref6\" name=\"_ftn6\">[6]<\/a> <em>In petto<\/em> : en secret, en le pensant sans le dire. (note de FGR)<br \/>\n<a href=\"#_ftnref7\" name=\"_ftn7\">[7]<\/a> Georges Brassard : mon parrain (note de FR)<\/p>\n","protected":false},"excerpt":{"rendered":"<p>\u00a0 Dimanche 9 mars 1947 Ma ch\u00e9rie, Ainsi ma m\u00e8re est arriv\u00e9e jeudi au parloir en m\u2019avouant\u00a0: \u00ab\u00a0J\u2019ai pris la place de Jeannette\u00a0\u00a0\u00bb\u00a0!!! Si encore elle \u00e9tait venue me dire\u00a0: \u00ab\u00a0C\u2019\u00e9tait mon tour, j\u2019avais \u00e0 te parler. Important, j\u2019ai demand\u00e9 &hellip; <a href=\"https:\/\/monperejeanmamy.fr\/?page_id=2292\">Continuer la lecture <span class=\"meta-nav\">&rarr;<\/span><\/a><\/p>\n","protected":false},"author":2,"featured_media":11,"parent":0,"menu_order":0,"comment_status":"closed","ping_status":"closed","template":"","meta":[],"folder":[],"_links":{"self":[{"href":"https:\/\/monperejeanmamy.fr\/index.php?rest_route=\/wp\/v2\/pages\/2292"}],"collection":[{"href":"https:\/\/monperejeanmamy.fr\/index.php?rest_route=\/wp\/v2\/pages"}],"about":[{"href":"https:\/\/monperejeanmamy.fr\/index.php?rest_route=\/wp\/v2\/types\/page"}],"author":[{"embeddable":true,"href":"https:\/\/monperejeanmamy.fr\/index.php?rest_route=\/wp\/v2\/users\/2"}],"replies":[{"embeddable":true,"href":"https:\/\/monperejeanmamy.fr\/index.php?rest_route=%2Fwp%2Fv2%2Fcomments&post=2292"}],"version-history":[{"count":3,"href":"https:\/\/monperejeanmamy.fr\/index.php?rest_route=\/wp\/v2\/pages\/2292\/revisions"}],"predecessor-version":[{"id":2300,"href":"https:\/\/monperejeanmamy.fr\/index.php?rest_route=\/wp\/v2\/pages\/2292\/revisions\/2300"}],"wp:featuredmedia":[{"embeddable":true,"href":"https:\/\/monperejeanmamy.fr\/index.php?rest_route=\/wp\/v2\/media\/11"}],"wp:attachment":[{"href":"https:\/\/monperejeanmamy.fr\/index.php?rest_route=%2Fwp%2Fv2%2Fmedia&parent=2292"}],"wp:term":[{"taxonomy":"folder","embeddable":true,"href":"https:\/\/monperejeanmamy.fr\/index.php?rest_route=%2Fwp%2Fv2%2Ffolder&post=2292"}],"curies":[{"name":"wp","href":"https:\/\/api.w.org\/{rel}","templated":true}]}}