{"id":2297,"date":"2021-04-22T10:15:07","date_gmt":"2021-04-22T08:15:07","guid":{"rendered":"http:\/\/monperejeanmamy.fr\/?page_id=2297"},"modified":"2024-01-21T18:27:59","modified_gmt":"2024-01-21T17:27:59","slug":"jm-a-jr-fresnes-47-03-17","status":"publish","type":"page","link":"https:\/\/monperejeanmamy.fr\/?page_id=2297","title":{"rendered":"JM \u00e0 JR (Fresnes 47\/03\/17)"},"content":{"rendered":"<p><strong>\u00a0<\/strong><a href=\"http:\/\/monperejeanmamy.fr\/?page_id=2292\"><img loading=\"lazy\" class=\"wp-image-1352 alignleft\" src=\"http:\/\/monperejeanmamy.fr\/wp-content\/uploads\/2021\/03\/Lettre-precedente.jpg\" alt=\"\" width=\"143\" height=\"78\" \/><\/a><a href=\"http:\/\/monperejeanmamy.fr\/?page_id=2301\"><img loading=\"lazy\" class=\"alignright wp-image-1353\" src=\"http:\/\/monperejeanmamy.fr\/wp-content\/uploads\/2021\/03\/Lettre-suivante.jpg\" alt=\"\" width=\"139\" height=\"76\" \/><\/a><\/p>\n<p style=\"text-align: center;\"><strong>Lundi 17 mars 1947<\/strong><\/p>\n<p style=\"text-align: center;\">Ma ch\u00e9rie,<\/p>\n<p style=\"text-align: justify;\">Veux-tu que je t\u2019\u00e9crive encore beaucoup\u00a0? Alors, envoie vite du\u00a0 papier blanc. Ce sont mes derni\u00e8res feuilles et j\u2019aurai trop de chagrin de t\u2019\u00e9crire sur un format plus r\u00e9duit. Je ne saurais y mettre tout le flot qu\u2019il me faut chaque semaine pour t\u2019assurer pr\u00e9cis\u00e9ment de ma tendresse et pour d\u00e9gorger tout ce que j\u2019ai pu dire moi-m\u00eame dans l\u2019oreille.<\/p>\n<p style=\"text-align: justify;\">D\u2019abord les choses s\u00e9rieuses\u00a0: bien re\u00e7u le colis ce matin, mais je n\u2019y ai pas trouv\u00e9 le riz inscrit sur la fiche. Y a t\u2019il eu erreur ou as-tu \u00e9t\u00e9 oblig\u00e9e de le retirer \u00e0 cause du poids\u00a0? Pour la semaine prochaine pas de condiments (j\u2019en ai en r\u00e9serve). Jusqu\u2019\u00e0 nouvel ordre plus de sel (j\u2019en ai \u00e0 profusion). Pour la semaine prochaine remplacer tout le poids du flocon d\u2019avoine par du riz (tu mettras le flocon la fois suivante).<\/p>\n<p style=\"text-align: justify;\">Ta derni\u00e8re lettre du 13 mars est une de celles qui m\u2019a fait le plus plaisir (elles me font toutes plaisir, m\u00eame les pneumatiques vite griffonn\u00e9s tout juste pour me dire que tout va bien). Je te sais toute pleine de qualit\u00e9s que j\u2019aime et tu n\u2019as pas besoin de me dire que tu arranges tout pour le mieux avec adresse autour de ma m\u00e8re. Toute notre situation sera vite d\u00e9brouill\u00e9e d\u00e8s que sorti, car maintenant je vais sortir, sais-tu, et il se peut tr\u00e8s bien que je tienne la promesse de passer le prochain no\u00ebl avec toi.<\/p>\n<p style=\"text-align: justify;\">Car tout va tr\u00e8s tr\u00e8s bien, sais-tu bien, la situation s\u2019\u00e9claire de plus en plus. Il faut que la France se rel\u00e8ve. Pour ce, \u00e9liminer ceux qui l\u2019en l\u2019emp\u00eachent et r\u00e9concilier tous les Fran\u00e7ais. Voil\u00e0 le th\u00e8me. La situation est en fait un peu diff\u00e9rente. C\u2019est pourquoi je crois que nous ne sommes plus tr\u00e8s loin du but. N\u00e9anmoins il nous faut batailler jusqu\u2019\u00e0 la derni\u00e8re minute pour obtenir tous les avantages \u00e0 quoi nous avons droit (et toutes les restitutions). C\u2019est pourquoi vois tes amis et la dame en question et fais repousser l\u2019\u00e9ch\u00e9ance jusqu\u2019\u00e0 ce que nous soyons en mesure de gagner \u00e0 coup s\u00fbr.<\/p>\n<p style=\"text-align: justify;\">Qu\u2019est-ce que c\u2019est que tous ces bobards sur les gardiens qui tuent les prisonniers etc\u2026 D\u00e9cid\u00e9ment, le Palais est encore plus bavard que Fresnes. Nous, nous ne parlons que de choses s\u00e9rieuse, le discours de Truman <a href=\"#_ftn1\" name=\"_ftnref1\">[1]<\/a>, les difficult\u00e9s internationales, la situation \u00e0 l\u2019int\u00e9rieur, l\u2019attitude des juges d\u2019instruction qui a chang\u00e9 subitement depuis trois jours. Ils sont d\u2019une amabilit\u00e9\u00a0!!! Un certain (que tu connais) disait avant-hier en parlant du discours\u00a0: \u00ab\u00a0<em>Mais c\u2019est une bombe\u00a0! La situation est tout \u00e0 fait chang\u00e9e\u00a0! Bient\u00f4t nous aurons besoin de nos pr\u00e9venus d\u2019aujourd\u2019hui \u2026 pour nous d\u00e9fendre\u00a0!&#8230; car nous avons \u00e9t\u00e9\u2026 objectifs<\/em> \u00bb (sic). D\u2019autres parait-il, font leurs valises.<\/p>\n<p style=\"text-align: justify;\">Je crois qu\u2019il y a des assassins qui ne vont pas dormir tranquilles.<\/p>\n<p style=\"text-align: justify;\">Les journaux ont, parait-il, reparu ce matin. On raconte encore des histoires \u00e0 dormir debout sur le fameux \u00ab\u00a0complot\u00a0\u00bb qui a failli renverser la R\u00e9publique (histoires des plus dr\u00f4les. Tu diras \u00e0 Brassart que son ancien ami L.T. <a href=\"#_ftn2\" name=\"_ftnref2\">[2]<\/a> contre qui il \u00e9tait f\u00e2ch\u00e9 depuis l\u2019an dernier est bien emb\u00eat\u00e9. Ce que c\u2019est que d\u2019avoir voulu \u00eatre \u00e0 la fois de l\u2019Abwehr et de la R\u00e9sistance. Moi je rigole. Voila des ann\u00e9es que je me bats contre cette bande de crabes pr\u00eate \u00e0 manger \u00e0 n\u2019importe quel r\u00e2telier. On voit dans quel \u00e9tat elle a mis la France. Le jour o\u00f9 l\u2019opinion publique sera \u00e9veill\u00e9e nous aurons du mal \u00e0 retenir les gens contre ces pauvres types.<\/p>\n<p style=\"text-align: justify;\">Tout ce qu\u2019on sait n\u2019est rien \u00e0 c\u00f4t\u00e9 de ce qui est. Le scandale d\u00e9passe toute imagination. Patience\u00a0: un jour viendra. J\u2019esp\u00e8re que mon camarade t\u2019aura donn\u00e9 beaucoup de nouvelles. Tu vas me raconter tout \u00e7a au parloir. Je me r\u00e9jouis d\u00e9j\u00e0 de notre entrevue. Car j\u2019y pense, moi, avant, et apr\u00e8s. Longtemps avant\u00a0! Et longtemps apr\u00e8s\u00a0! Et je vais revoir dans tes yeux vifs la promesse de tout l\u2019avenir, la douceur de tout le pass\u00e9.<\/p>\n<p style=\"text-align: justify;\">Non, je ne serai pas jaloux de ton collaborateur. Non, je ne te ferai pas de sc\u00e8nes. D\u2019abord parce que je n\u2019ai pas le temps et puis la jalousie ne prouve pas du tout qu\u2019on aime les gens. Au contraire, c\u2019est tr\u00e8s vilain de les consid\u00e9rer comme sa propri\u00e9t\u00e9 et de les surveiller pour qu\u2019ils ne fassent pas un pas en dehors de votre volont\u00e9. On \u00e9pouse quelqu\u2019un en toute libert\u00e9 sachant que si l\u2019on a eu l\u2019intention qu\u2019il faut, on n\u2019a point pu faire de mauvais choix, et l\u2019on a toujours r\u00e9compense de sa confiance.<\/p>\n<p style=\"text-align: justify;\">As-tu vu Jacquet\u00a0? T\u2019a t\u2019il remis les \u00e9l\u00e9ments du dossier\u00a0? As-tu imm\u00e9diatement pr\u00e9par\u00e9 comme convenu tout le paquet\u00a0? Je te r\u00e9p\u00e8te les instructions\u00a0: a) r\u00e9cup\u00e9rer tous les manuscrits de <em>Lancelot<\/em> et les mettre \u00e0 jour, puis les r\u00e9partir comme il convient\u00a0; b) id. <em>Gabriella<\/em> et attendre\u00a0; c) taper <em>Empyr\u00e9e<\/em> et r\u00e9partir\u00a0; d) r\u00e9partir <em>Le Jour et la nuit<\/em> dont je voudrais avoir copie\u00a0; e) me renvoyer Jacquet pour <em>Les Barreaux<\/em>. S\u2019il met aussi longtemps que la derni\u00e8re fois j\u2019ai le temps d\u2019\u00e9crire vingt volumes. Es-tu pass\u00e9e rue de l\u2019Yvette ? As-tu vu l\u2019aviation ? Ma m\u00e8re t\u2019a-t-elle donn\u00e9 le bouquin promis ? Apporte-le-moi jeudi si tu ne l\u2019as apport\u00e9 ce matin. Itou les Hatier. Itou les livres du camarade s\u2019il y a lieu. Merci pour la colle. Je me suis pr\u00e9cipit\u00e9 sur tous mes bouts de papier.<\/p>\n<p style=\"text-align: justify;\">Maintenant que nous en avons fini avec les choses ultra-s\u00e9rieuses, nous allons passer aux confidences, aux esp\u00e9rances, aux certitudes. Celle que j\u2019ai, c\u2019est d\u2019avoir d\u00e9couvert ici le plus profond de ce que je voulais, de ce qui \u00e9tait au fond de ma destin\u00e9e, de ma possibilit\u00e9 de travailler sans cesse \u00e0 une \u0153uvre qu\u2019on transporte avec soi et pour laquelle il ne faut qu\u2019un peu de papier et de l\u2019encre. Plus besoin de machines, de pellicules, d\u2019\u00e9crans, d\u2019acteurs et autres choses co\u00fbteuses. Il ne faut plus que quelques cahiers vierges et on tire de soi ce qu\u2019il faut pour animer plus tard tout un peuple de figurants. Mais la r\u00e9clusion est requise pour r\u00e9soudre ce probl\u00e8me. Il faudra donc me chercher une cellule blanchie \u00e0 la chaux quelque part, un dictionnaire en six volumes, et me fournir matin et soir un peu de soupe au lard. Pour le reste, confie-toi \u00e0 ma pers\u00e9v\u00e9rance. Nous ferons fortune avec les richesses du ciel qui s\u2019expriment par la bouche de l\u2019homme sage. Je serai l\u2019avocat des f\u00e9es, des chevaliers, des po\u00e8tes, des troubadours et des esprits ang\u00e9liques. Et nous dominerons le monde de la plateforme de la ville divine d\u2019o\u00f9 l\u2019on ne per\u00e7oit plus le cri des foules, mais o\u00f9 l\u2019on pressent les apoth\u00e9oses finales. Il y a des histoires qui finissent bien. Nous veillerons \u00e0 \u00eatre heureux, non pour nous, mais selon les lois m\u00eames qu\u2019il faut suivre pour que ce bonheur soit viable. Je n\u2019ai gu\u00e8re \u00e9crit de po\u00e8mes depuis six mois. Il me semble qu\u2019un de ces jours le torrent va se d\u00e9cha\u00eener \u00e0 nouveau. Dans un genre tout diff\u00e9rent.<\/p>\n<p style=\"text-align: justify;\">Chaque \u00e9tape de la vie d\u2019un homme doit \u00eatre marqu\u00e9e du signe du progr\u00e8s. On n\u2019a pas le droit de rester emprisonn\u00e9 dans les pauvres id\u00e9es de son enfance, dans ses tumultes de jeunesse, dans ses r\u00eaves citadins. Un jour il nous faut sortir de toute cette foutaise pour entrer dans la fantasmagorie, mieux, dans le fantastique, mieux encore, dans la simplicit\u00e9 de notre nature haute, vierge, pure, humaine, id\u00e9ale, divine.<\/p>\n<p style=\"text-align: justify;\">As-tu lu <em>Premier de cord\u00e9e<\/em>, bouquin fameux sur l\u2019alpinisme\u00a0? Tu y verrais ce que peut r\u00e9server d\u2019\u00e9motions, de d\u00e9couvertes la montagne \u00e0 un n\u00e9ophyte ou \u00e0 un alpinisme exp\u00e9riment\u00e9. Eh bien\u00a0! La vie est encore plus tumultueuse que le glacier, le rocher, la descente au bout d\u2019une corde, la mont\u00e9e sur une pente \u00e0 80%, l\u2019escalade d\u2019un surplomb ou l\u2019exploration d\u2019une crevasse. Nous en aurons vu d\u2019autres. Et nous en serons sortis vainqueurs, mais combien plus m\u00fbris. Viendrais-tu en montagne avec moi\u00a0? Aimes-tu marcher pendant des heures sac au dos\u00a0? Tu ne m\u2019as jamais dit si tu \u00e9tais sportive\u00a0? Aimes-tu le camping\u00a0? Sais-tu nager, moi, tr\u00e8s mal\u00a0? \u00c0 quelle \u00e9quipe de basket-ball appartiens-tu\u00a0? Et le tennis\u00a0? Et l\u2019aviron\u00a0?<\/p>\n<p style=\"text-align: justify;\">Il me si\u00e9rait d\u2019aller \u00e0 la chasse bient\u00f4t, et \u00e0 la p\u00eache \u00e0 la truite. Sais-tu ce que j\u2019ai attrap\u00e9 la nuit derni\u00e8re\u00a0? Un merveilleux poisson, tout bleu, chantant, parlant et qui venait des mers du sud, et racontait des histoires indiennes, et portait des colliers de coquillages. Il avait deux mille ans, avait connu les plus grands hommes de ce temps, avait \u00e9t\u00e9 p\u00e9ch\u00e9 quinze fois et s\u2019\u00e9tait toujours \u00e9chapp\u00e9 au bon moment. Il m\u2019a pr\u00e9dit l\u2019avenir. Nous irons, parait-il, en Am\u00e9rique du sud o\u00f9 nous ferons une fortune colossale, et nous voyagerons par le monde entier.<\/p>\n<p style=\"text-align: justify;\">Est-ce que Fr\u00e9d\u00e9ric va \u00e0 la piscine pour apprendre \u00e0 nager\u00a0? D\u00e9p\u00eache-toi de l\u2019y mettre. C\u2019est l\u2019\u00e2ge. Il faut apprendre cela aux gosses en m\u00eame temps qu\u2019\u00e0 marcher. Est-ce qu\u2019il monte \u00e0 bicyclette (\u00e0 deux roues)\u00a0? Est-ce qu\u2019il a un ballon\u00a0? Est-ce que tu le m\u00e8nes au jardin d\u2019enfants\u00a0? Tu devrais le faire garder l\u2019apr\u00e8s-midi.<\/p>\n<p style=\"text-align: justify;\">Ainsi donc, nous disions que la vie monastique m\u00eal\u00e9e d\u2019une foule d\u2019incidences cascadeuses \u00e9tait d\u00e9sormais notre lot, mais ceci pour entreprendre un nouveau travail. Et il convient que nous nous d\u00e9veloppions dans la m\u00e9ditation et le perfectionnement de nos dons. Que penses-tu de <em>Lancelot<\/em> rectifi\u00e9\u00a0? Et d\u2019<em>Hyppodamie<\/em> mise au point\u00a0? Ton avis d\u00e9finitif. Je crois maintenant que ces deux choses ont pris leur forme quasi d\u00e9finitive. Ici on m\u2019en a fait compliment. Pour <em>Gabriella<\/em> je n\u2019y suis pas encore, mais \u00e7a vient peu \u00e0 peu.<\/p>\n<p style=\"text-align: justify;\">\u00c0 propos, j\u2019esp\u00e8re que tu ne te fais plus du tout, du tout, de souci pour moi. C\u2019est le printemps. Puis l\u2019\u00e9t\u00e9 viendra et apr\u00e8s les vendanges o\u00f9 l\u2019on r\u00e9colte tout ce qu\u2019on a sem\u00e9, et No\u00ebl o\u00f9 la paix revient sur la Terre. Finis les gros chagrins. Ils n\u2019ont jamais exist\u00e9 !<\/p>\n<p style=\"text-align: justify;\">J\u2019ai regard\u00e9 les lignes de ma main ce matin. Elles s\u2019arrangent tout \u00e0 fait. Nous sommes dans la bonne p\u00e9riode. La prison ne saurait durer longtemps. J\u2019esp\u00e8re que tu n\u2019as pas \u00e9t\u00e9 voir une cartomancienne \u00e0 mon sujet\u00a0!!! Il y a ici assez de gens qui font les cartes, les taches d\u2019encre, les th\u00e8mes astrologiques. Nous avons tous les m\u00e9diums qu\u2019il nous faut. Ils pr\u00e9voient tous l\u2019amnistie dans les six mois\u00a0!!! Ils sont toujours optimistes.<\/p>\n<p style=\"text-align: justify;\">La journ\u00e9e est formidablement belle. On nous promet un printemps des meilleurs. \u00c0 propos, ce ne sont pas des jacinthes mais des tulipes qui ont tenu. J\u2019esp\u00e8re les voir s\u2019ouvrir sous peu. La fleur est apparue tout \u00e0 l\u2019heure chez la plus grosse. L\u2019autre n\u2019a pas encore d\u00e9roul\u00e9 toutes ses feuilles qui ont grandi prodigieusement depuis la semaine derni\u00e8re. Je crois que dans huit jours je pourrai te dire la couleur qu\u2019elles ont. Quel dommage que les autres oignons aient p\u00e9ri\u00a0?<\/p>\n<p style=\"text-align: justify;\">Il va bien falloir penser \u00e0 des tas de choses si je sors bient\u00f4t\u00a0: un domicile discret (surtout pas \u00e0 mon nom), un passeport, un \u00e9diteur, un costume, une valise, une canne tr\u00e8s souple et tr\u00e8s solide, un chapeau haut de forme (pour ne pas se faire remarquer. Mais j\u2019ai grande envie d\u2019aller quinze jours \u00e0 la campagne, avec toi, manger des biftecks, boire du laitage. Ne pense \u00e0 rien. Vivre libre dans une for\u00eat de sapins. Quinze jours, c\u2019est trop peu. Un mois. Un bon mois. Si je trouve un cargo pour les Canaries, on s\u2019embarque. On vivra de bananes et de citrons.<\/p>\n<p style=\"text-align: justify;\">Si je t\u2019embrasse jusqu\u2019\u00e0 plus soif, qu\u2019est-ce que tu me diras\u00a0? Tu n\u2019aimes pas cela\u00a0! C\u2019est trop\u00a0! Bien. Je ne le ferai plus. Et je vais me r\u00e9-envelopper dans mon silence m\u2019abstraire dans des \u00e9tudes s\u00e9rieuses. Surtout coupe le t\u00e9l\u00e9phone. Jamais plus de t\u00e9l\u00e9phone. Surtout qu\u2019on vient vous relancer jusqu\u2019en prison pour payer les factures\u00a0! Une maison foresti\u00e8re me suffit. M\u00eame si cela te f\u00e2che, je t\u2019embrasserai quand m\u00eame, et le Fr\u00e9d\u00e9ric aussi, pendant qu\u2019il dort, car j\u2019imagine qu\u2019il a trop \u00e0 faire, \u00e9veill\u00e9, pour qu\u2019on court apr\u00e8s. Mes baisers ne sont pas gros. Ils sont gigantesques. Tendresses. Jusqu\u2019au sommeil.<\/p>\n<p style=\"text-align: justify;\">J.<\/p>\n<p>PS. j\u2019ai retrouv\u00e9 du papier blanc. Inutile d\u2019en envoyer.<\/p>\n<p style=\"text-align: justify;\"><a href=\"#_ftnref1\" name=\"_ftn1\">[1]<\/a> Le 12 mars 1947, le pr\u00e9sident Harry Truman pr\u00e9sente sa doctrine dite de \u00ab\u00a0<em>containment\u00a0<\/em>\u00bb devant le Congr\u00e8s am\u00e9ricain. Il propose de mettre en place des aides \u00e9conomiques et financi\u00e8res notamment pour l\u2019Europe afin que ces pays puissent conserver leur ind\u00e9pendance. Visant explicitement les communistes et la mainmise de l\u2019URSS sur certains pays de l\u2019Europe centrale, la doctrine Truman affirme que les \u00c9tats-Unis doivent \u00eatre les d\u00e9fenseurs du monde libre face aux tentatives d\u2019asservissement de l\u2019URSS. Il aboutit \u00e0 la mise en place du plan Marshal. L\u2019URSS r\u00e9pondra par le rapport Jdanov en septembre, fustigeant l\u2019imp\u00e9rialisme am\u00e9ricain. (note de FGR)<br \/>\n<a href=\"#_ftnref2\" name=\"_ftn2\">[2]<\/a> Il s\u2019agit d\u2019Andr\u00e9 Le Troquer, d\u00e9put\u00e9 de Paris en 1936, puis de 1945 \u00e0 1958. Il se prononce contre la demande d\u2019armistice en juin 1940 et s&#8217;embarque \u00e0 bord du Massilia vers l&rsquo;Afrique du Nord pour continuer la lutte. Il est aux c\u00f4t\u00e9s du G\u00e9n\u00e9ral de Gaulle \u00e0 la lib\u00e9ration de Paris et descend \u00e0 ses c\u00f4t\u00e9s les Champs-\u00c9lys\u00e9es en ao\u00fbt 1944. Au printemps 1945, avant m\u00eame l&rsquo;ouverture du proc\u00e8s du Mar\u00e9chal P\u00e9tain, il sugg\u00e8re que la condamnation \u00e0 mort soit suivie d&rsquo;une c\u00e9r\u00e9monie solennelle \u00e0 l&rsquo;Arc de Triomphe au cours de laquelle un simple troupier d\u00e9graderait le Mar\u00e9chal et briserait son b\u00e2ton. Pr\u00e9sident du Conseil municipal de Paris de 1945 \u00e0 1946, il devient ministre de l\u2019Int\u00e9rieur du 23 janvier 1946 au 2 juin 1946 dans le gouvernement F\u00e9lix Gouin et ministre de la D\u00e9fense nationale dans le 3<sup>\u00e8me<\/sup> gouvernement de L\u00e9on Blum du 13 d\u00e9cembre 1946 au 13 janvier 1947.(note de FGR)<\/p>\n","protected":false},"excerpt":{"rendered":"<p>\u00a0 Lundi 17 mars 1947 Ma ch\u00e9rie, Veux-tu que je t\u2019\u00e9crive encore beaucoup\u00a0? Alors, envoie vite du\u00a0 papier blanc. Ce sont mes derni\u00e8res feuilles et j\u2019aurai trop de chagrin de t\u2019\u00e9crire sur un format plus r\u00e9duit. Je ne saurais y &hellip; <a href=\"https:\/\/monperejeanmamy.fr\/?page_id=2297\">Continuer la lecture <span class=\"meta-nav\">&rarr;<\/span><\/a><\/p>\n","protected":false},"author":2,"featured_media":11,"parent":0,"menu_order":0,"comment_status":"closed","ping_status":"closed","template":"","meta":[],"folder":[],"_links":{"self":[{"href":"https:\/\/monperejeanmamy.fr\/index.php?rest_route=\/wp\/v2\/pages\/2297"}],"collection":[{"href":"https:\/\/monperejeanmamy.fr\/index.php?rest_route=\/wp\/v2\/pages"}],"about":[{"href":"https:\/\/monperejeanmamy.fr\/index.php?rest_route=\/wp\/v2\/types\/page"}],"author":[{"embeddable":true,"href":"https:\/\/monperejeanmamy.fr\/index.php?rest_route=\/wp\/v2\/users\/2"}],"replies":[{"embeddable":true,"href":"https:\/\/monperejeanmamy.fr\/index.php?rest_route=%2Fwp%2Fv2%2Fcomments&post=2297"}],"version-history":[{"count":4,"href":"https:\/\/monperejeanmamy.fr\/index.php?rest_route=\/wp\/v2\/pages\/2297\/revisions"}],"predecessor-version":[{"id":3241,"href":"https:\/\/monperejeanmamy.fr\/index.php?rest_route=\/wp\/v2\/pages\/2297\/revisions\/3241"}],"wp:featuredmedia":[{"embeddable":true,"href":"https:\/\/monperejeanmamy.fr\/index.php?rest_route=\/wp\/v2\/media\/11"}],"wp:attachment":[{"href":"https:\/\/monperejeanmamy.fr\/index.php?rest_route=%2Fwp%2Fv2%2Fmedia&parent=2297"}],"wp:term":[{"taxonomy":"folder","embeddable":true,"href":"https:\/\/monperejeanmamy.fr\/index.php?rest_route=%2Fwp%2Fv2%2Ffolder&post=2297"}],"curies":[{"name":"wp","href":"https:\/\/api.w.org\/{rel}","templated":true}]}}