{"id":23,"date":"2021-02-09T15:20:04","date_gmt":"2021-02-09T14:20:04","guid":{"rendered":"http:\/\/monperejeanmamy.fr\/?page_id=23"},"modified":"2021-03-08T09:17:03","modified_gmt":"2021-03-08T08:17:03","slug":"biographie","status":"publish","type":"page","link":"https:\/\/monperejeanmamy.fr\/?page_id=23","title":{"rendered":"Sa biographie"},"content":{"rendered":"<p>Jean-Charles Mamy est n\u00e9 le 8 juillet 1902 \u00e0 Chamb\u00e9ry.<\/p>\n<ul>\n<li style=\"text-align: justify;\"><a href=\"http:\/\/monperejeanmamy.fr\/?page_id=25\">Ses anc\u00eatres<\/a> paysans savoyards&#8230; jusqu&rsquo;\u00e0 Charles Martel en remontant jusqu&rsquo;au bout des branches<\/li>\n<li style=\"text-align: justify;\"><a href=\"http:\/\/monperejeanmamy.fr\/?page_id=837\">Son enfance<\/a> : adolescent pendant la grande guerre o\u00f9 son p\u00e8re s&rsquo;est d\u00e9truit dans l&rsquo;alcool des tranch\u00e9es<\/li>\n<li style=\"text-align: justify;\"><a href=\"http:\/\/monperejeanmamy.fr\/?page_id=839\">Les ann\u00e9es folles (1920-1938)<\/a> : les surr\u00e9alistes, les planches, les manivelles, les loges&#8230; sa femme, son fils, ma m\u00e8re&#8230;<\/li>\n<li style=\"text-align: justify;\"><a href=\"http:\/\/monperejeanmamy.fr\/?page_id=842\">L&rsquo;occupation (1939-1944)<\/a> : antis\u00e9mite de plume, aspir\u00e9 volontaire par la Gestapo<\/li>\n<li style=\"text-align: justify;\"><a href=\"http:\/\/monperejeanmamy.fr\/?page_id=844\">En prison (1944-1948)<\/a> : cinq ans de cellule, des milliers de pages en attendant d&rsquo;\u00eatre libre&#8230;<\/li>\n<li><a href=\"http:\/\/monperejeanmamy.fr\/?page_id=29\">Son proc\u00e8s (No\u00ebl 1948<\/a>) : enfin devant les juges<\/li>\n<li style=\"text-align: justify;\"><a href=\"http:\/\/monperejeanmamy.fr\/?page_id=846\">Avant la salve (janvier-mars 1949)<\/a> : condamn\u00e9 \u00e0 mort, \u00ab <em>Merci Papa No\u00ebl<\/em> \u00bb, trois mois aux fers en attendant la gr\u00e2ce&#8230;<\/li>\n<li style=\"text-align: justify;\"><a href=\"http:\/\/monperejeanmamy.fr\/?page_id=848\">Apr\u00e8s la salve<\/a>\u00a0: \u00ab <em>La condamnation \u00e9tait fatale et justifi\u00e9e, la gr\u00e2ce improbable, la mort fut magnifique<\/em> \u00bb (Ma\u00eetre Pierre Leroy)<\/li>\n<li style=\"text-align: justify;\"><a href=\"http:\/\/monperejeanmamy.fr\/?page_id=1069\">\u00c9pilogue<\/a> : ma m\u00e8re n&rsquo;a pas refait sa vie et de l&rsquo;eau est pass\u00e9e sous les ponts<\/li>\n<\/ul>\n","protected":false},"excerpt":{"rendered":"<p>Jean-Charles Mamy est n\u00e9 le 8 juillet 1902 \u00e0 Chamb\u00e9ry. Ses anc\u00eatres paysans savoyards&#8230; jusqu&rsquo;\u00e0 Charles Martel en remontant jusqu&rsquo;au bout des branches Son enfance : adolescent pendant la grande guerre o\u00f9 son p\u00e8re s&rsquo;est d\u00e9truit dans l&rsquo;alcool des tranch\u00e9es &hellip; <a href=\"https:\/\/monperejeanmamy.fr\/?page_id=23\">Continuer la lecture <span class=\"meta-nav\">&rarr;<\/span><\/a><\/p>\n","protected":false},"author":1,"featured_media":7,"parent":0,"menu_order":0,"comment_status":"closed","ping_status":"closed","template":"","meta":[],"folder":[],"_links":{"self":[{"href":"https:\/\/monperejeanmamy.fr\/index.php?rest_route=\/wp\/v2\/pages\/23"}],"collection":[{"href":"https:\/\/monperejeanmamy.fr\/index.php?rest_route=\/wp\/v2\/pages"}],"about":[{"href":"https:\/\/monperejeanmamy.fr\/index.php?rest_route=\/wp\/v2\/types\/page"}],"author":[{"embeddable":true,"href":"https:\/\/monperejeanmamy.fr\/index.php?rest_route=\/wp\/v2\/users\/1"}],"replies":[{"embeddable":true,"href":"https:\/\/monperejeanmamy.fr\/index.php?rest_route=%2Fwp%2Fv2%2Fcomments&post=23"}],"version-history":[{"count":49,"href":"https:\/\/monperejeanmamy.fr\/index.php?rest_route=\/wp\/v2\/pages\/23\/revisions"}],"predecessor-version":[{"id":1158,"href":"https:\/\/monperejeanmamy.fr\/index.php?rest_route=\/wp\/v2\/pages\/23\/revisions\/1158"}],"wp:featuredmedia":[{"embeddable":true,"href":"https:\/\/monperejeanmamy.fr\/index.php?rest_route=\/wp\/v2\/media\/7"}],"wp:attachment":[{"href":"https:\/\/monperejeanmamy.fr\/index.php?rest_route=%2Fwp%2Fv2%2Fmedia&parent=23"}],"wp:term":[{"taxonomy":"folder","embeddable":true,"href":"https:\/\/monperejeanmamy.fr\/index.php?rest_route=%2Fwp%2Fv2%2Ffolder&post=23"}],"curies":[{"name":"wp","href":"https:\/\/api.w.org\/{rel}","templated":true}]}}