{"id":2301,"date":"2021-04-22T10:49:46","date_gmt":"2021-04-22T08:49:46","guid":{"rendered":"http:\/\/monperejeanmamy.fr\/?page_id=2301"},"modified":"2021-04-22T11:10:44","modified_gmt":"2021-04-22T09:10:44","slug":"jm-a-jr-fresnes-47-03-24","status":"publish","type":"page","link":"https:\/\/monperejeanmamy.fr\/?page_id=2301","title":{"rendered":"JM \u00e0 JR (Fresnes 47\/03\/24)"},"content":{"rendered":"<p><strong>\u00a0<\/strong><a href=\"http:\/\/monperejeanmamy.fr\/?page_id=2297\"><img loading=\"lazy\" class=\"wp-image-1352 alignleft\" src=\"http:\/\/monperejeanmamy.fr\/wp-content\/uploads\/2021\/03\/Lettre-precedente.jpg\" alt=\"\" width=\"143\" height=\"78\" \/><\/a><a href=\"http:\/\/monperejeanmamy.fr\/?page_id=2305\"><img loading=\"lazy\" class=\"alignright wp-image-1353\" src=\"http:\/\/monperejeanmamy.fr\/wp-content\/uploads\/2021\/03\/Lettre-suivante.jpg\" alt=\"\" width=\"139\" height=\"76\" \/><\/a><\/p>\n<p style=\"text-align: center;\"><strong>Lundi 24 mars 1947<\/strong><\/p>\n<p style=\"text-align: center;\">Ma ch\u00e9rie,<\/p>\n<h1><span style=\"text-decoration: underline;\">Dimanche 23<\/span><\/h1>\n<p style=\"text-align: justify;\">Si ma bougie br\u00fble, c\u2019est bien pour \u00e9clairer le papier, car je n\u2019aurais pas besoin d\u2019elle pour voir clair dans mon souvenir le plus d\u00e9licat, le plus doucement teint\u00e9 d\u2019un sourire esquiss\u00e9, le plus solidement ancr\u00e9 dans l\u2019avenir. Tu \u00e9tais toute jolie dans ta cage \u00e0 moineaux, et heureuse d\u2019\u00eatre simple et si naturellement consentante \u00e0 tous nos projets. Rassur\u00e9e, patiente, pr\u00eate \u00e0 des t\u00e2ches qui appara\u00eetront sur le chemin au fur et \u00e0 mesure des pas. Si bonne et pure. Comme une enfant boucl\u00e9e, boucl\u00e9e violet. Avec des moues. Pas coquette. D\u00e9vou\u00e9e. Pas si inqui\u00e8te. Pos\u00e9e. Silencieuse. Attentive. Tr\u00e8s fine mouche et secr\u00e8tement sinc\u00e8re. Tu m\u2019es apparue sous un rayon pr\u00e9vu et nouveau. Je t\u2019ai regard\u00e9e et j\u2019ai vu que j\u2019attendais cette minute depuis des ann\u00e9es. Celle o\u00f9 tu comprendrais et je comprendrai. Celle o\u00f9 les mots ne comptent plus, o\u00f9 l\u2019on se dit \u00ab\u00a0fais ceci, fais cela, nous sommes d\u2019accord\u00a0\u00bb, Et o\u00f9 l\u2019horizon se d\u00e9couvre. Avec des lointains, des sentiers, des m\u00e9andres, des routes de bonheur, des mont\u00e9es, des inconnus, des certitudes.<\/p>\n<p style=\"text-align: justify;\">J\u2019ai re\u00e7u ton mot, griffonn\u00e9 apr\u00e8s parloir. Je ne pense pas qu\u2019il te faille \u00ab\u00a0retourner chez ta m\u00e8re\u00a0\u00bb. Nous serons tr\u00e8s heureux. Et puis que cela est dit, compris, certain. Nous allons construire autour de ce bonheur une vie patiente. Travail d\u2019homme m\u00fbr, de femme utile. Sans mots, sans craintes, avec de multiples provenances, de multiples efforts, sans \u00e9motion. C\u2019est ainsi l\u2019amour. Il\u00a0 y a le premier choc, les grands envois, les p\u00e9n\u00e9trations de c\u0153ur, le lien des enfants\u2026 puis la confiance, qui est un nouveau d\u00e9part.<\/p>\n<p style=\"text-align: justify;\">J\u2019ai lu dans tes yeux tout un livre de simplicit\u00e9.<\/p>\n<p style=\"text-align: justify;\">Bien s\u00fbr, tu es une femme d\u2019affaires, et d\u2019int\u00e9rieur, et de douceur, et de maternit\u00e9. Tu es tout un monde f\u00e9minin, si pr\u00e9cieux, sans fragilit\u00e9, qu\u2019on se trouve \u00e9tonn\u00e9 de l\u2019avoir d\u00e9couvert. Les femmes sont habituellement futiles. T\u2019aurais-je emp\u00each\u00e9 d\u2019\u00eatre papillon\u00a0? Je n\u2019aime pas les papillons. As-tu lu <em>Empyr\u00e9e<\/em>, chapitre de la mort\u00a0? Ne meurent que les papillons.<\/p>\n<p style=\"text-align: justify;\">Le secret de la vie est fluide. On ne le per\u00e7oit qu\u2019en silence. On le boit au fond des sauces, au fond des yeux violets. On le sent perler sur les tempes. Il vient l\u00e0 contre vous sans qu\u2019on bouge un muscle, sans que le c\u0153ur batte plus fort. La vague meurt sur la plage en riant. L\u2019amour l\u00e8che le sable o\u00f9 l\u2019on imprime les mots du jour, r\u00e9tablit l\u2019unit\u00e9 de la gr\u00e8ve o\u00f9 les \u00e9toiles sont plus blanches dans la nuit qui devient ti\u00e8de quand la terre s\u2019embrase et se gonfle. Quel oc\u00e9an si simple, discret, que cette \u00e9tendue de tendresse pleine\u00a0! Je t\u2019ai aim\u00e9e pour ta lumi\u00e8re, pour tes bras ouverts, pour tes mains sans bagues, parce que l\u2019infini ne te faisais point peur, ni ne t\u2019\u00e9tonnait. Les portes s\u2019ouvrent. C\u2019est tout naturel d\u2019aimer. Notre libert\u00e9 nous est commune. Nous nous occuperons de choses fort difficiles. Le bonheur est une raret\u00e9 qu\u2019on atteint qu\u2019\u00e0 force de virginit\u00e9. Ne bouge pas plus que l\u2019autre jour. \u00c0 te regarder j\u2019ai senti la vie. Et mes mains se d\u00e9tendent en face de toi.<\/p>\n<p style=\"text-align: justify;\">Je vais aller dormir. Mettre ma t\u00eate pr\u00e8s de la tienne, sur un oreiller sans r\u00eaves. La vie est fort belle. Il passe dans le ciel des tas de bruits inconnus, bizarres. Le vent s\u2019est \u00e9teint sur le soir. Rien ne pr\u00e9vaut contre le souvenir. Je n\u2019oublierai jamais tes yeux de jeudi.<\/p>\n<h1 style=\"text-align: justify;\"><u>Lundi 24<\/u>.<\/h1>\n<p style=\"text-align: justify;\">Bien re\u00e7u colis. Tes tulipes fleurissent d\u00e9j\u00e0 sur ma table, de leurs p\u00e9tales de feu et je roule ma t\u00eate sur les grains laineux du mimosa. Cette nuit nous avons dormi les doigts enlac\u00e9s, d\u2019un souffle \u00e9gal, sans craindre nulle \u00e9p\u00e9e de la terre qui vienne partager notre bonheur vivant. Tu sais que la r\u00e9alit\u00e9 est bien meilleure encore que ce qu\u2019on en esp\u00e8re. Rien ne vaut le triomphe qu\u2019on r\u00e9colte de la patience. \u00c0 force d\u2019affirmer sa libert\u00e9, on la trouve\u00a0; la sant\u00e9 appara\u00eet de m\u00eame comme un paysage o\u00f9 l\u2019on marche d\u2019un pied s\u00fbr, et l\u2019amour qui a d\u00e9pass\u00e9 la volupt\u00e9 factice trouve son expression dans la constance.<\/p>\n<p style=\"text-align: justify;\">Veux-tu te renseigner si Floriot a transmis les deux livres d\u00e9dicac\u00e9s. As-tu pris les manuscrits\u00a0? As-tu commenc\u00e9 le travail pr\u00e9vu\u00a0? As-tu re\u00e7u <em>Yogi et le commissaire<\/em>\u00a0? Et la lettre de mon camarade\u00a0? As-tu vu l\u2019aviation\u00a0? Que t\u2019a-t-on dit\u00a0? Et au Palais\u00a0? Il faut se remuer beaucoup pour gagner la derni\u00e8re marche.<\/p>\n<p style=\"text-align: justify;\">Ne cherche plus <em>Le Banquet<\/em> de Platon. Je l\u2019ai trouv\u00e9 ici. Veux-tu, au re\u00e7u de cette lettre, t\u00e9l\u00e9phoner \u00e0 ma m\u00e8re pour qu\u2019elle s\u2019entende avec M. Mousset (le pasteur scientiste) pour qu\u2019il apporte sans faute vendredi les \u00ab\u00a0livrets trimestriels\u00a0\u00bb. J\u2019ai absolument besoin du mien. S\u2019il ne peut pas, qu\u2019elle me le fasse parvenir au parloir (via Direction) ou bien d\u00e9pose-le lundi matin avec le colis (toujours m\u00eame route officielle). Mets-moi du \u00ab\u00a0papier vert\u00a0\u00bb dans le colis. Dis \u00e0 ma m\u00e8re qu\u2019elle me mette mon costume brun s\u2019il est assez chaud. Sinon, dans quelques semaines je vais lui rendre le pardessus qui me sert de robe de chambre, qu\u2019elle veuille bien le r\u00e9parer.<\/p>\n<p style=\"text-align: justify;\">Dis \u00e9galement \u00e0 ma m\u00e8re que je n\u2019ai pas besoin qu\u2019on m\u2019envoie d\u2019argent le mois prochain. Qu\u2019on envoie donc les 1.000 francs pr\u00e9vus \u00e0 Boston pour payer mes capitations \u00e0 l\u2019\u00e9glise. J\u2019attends des r\u00e9ponses sur tout cela.<\/p>\n<p style=\"text-align: justify;\">Si je te pr\u00e9f\u00e8re en blonde, ce n\u2019est pas que \u00ab\u00a0l\u2019auburn\u00a0\u00bb soit laid, ni que les boucles sur la t\u00eate soient peu seyantes, mais j\u2019ai une id\u00e9e de toi qui va s\u2019appliquant \u00e0 une personne aux cheveux fins, ch\u00e2tain clair, souples et onduleux. Et ta t\u00eate d\u2019enfant \u00e9tonn\u00e9 doit se parer de lignes gracieuses et tr\u00e8s ornement\u00e9es, mais peu soumises \u00e0 la mode. Je te ferai coiffer plut\u00f4t avec des torsades et des bandeaux, m\u00eal\u00e9s \u00e0 certaines frisures rigides. Nous verrons cela. Regarde certaines coiffures florentines, Botticelli entre autres. Voil\u00e0 le mod\u00e8le.<\/p>\n<p style=\"text-align: justify;\">Je t\u2019habillerai aussi avec des brocards et des velours, toutes \u00e9toffes moyen\u00e2geuses, riches et lourdes. Le tout taill\u00e9 moderne. Et des bijoux simples mais de poids. Tout est pr\u00e9vu. Il est m\u00eame pr\u00e9vu que je me pr\u00e9occuperai surtout de ta satisfaction. Une femme heureuse vit dans la joie de recevoir et de donner. Et je permettrai que tu participes \u00e0 mon effort le plus rare, et je t\u2019apprendrai \u00e0 avoir des enfants sans douleur, et \u00e0 les \u00e9lever sans \u00eatre bouscul\u00e9e par trop de petites mains impatientes. Nous allons envisager la vie tout \u00e0 fait s\u00e9rieusement, comme de grands enfants bien sages, tr\u00e8s exp\u00e9riment\u00e9s, tr\u00e8s recuits par l\u2019exp\u00e9rience, tr\u00e8s enthousiastes pour travailler en silence.<\/p>\n<p style=\"text-align: justify;\">Les \u00e9v\u00e8nements tournent vite. . Il se peut que nous ne soyons pas oblig\u00e9s de partir pour l\u2019\u00e9tranger, si la r\u00e9conciliation des Fran\u00e7ais s\u2019op\u00e8re \u00e0 peu pr\u00e8s compl\u00e8tement. Moi, je n\u2019ai pas besoin de me r\u00e9concilier, ni de pardonner. C\u2019est d\u00e9j\u00e0 fait. Les injures personnelles ne m\u2019atteignent point. Du moment que le pays va bien. Nous n\u2019avons pris parti que parce que tout s\u2019effondrait. Changer le guide et chacun s\u2019occupera de ses affaires. Pour moi, je ne me m\u00ealerai jamais de politique en p\u00e9riode de prosp\u00e9rit\u00e9. Si la maison br\u00fble, je ferai la cha\u00eene. Cela m\u00e8ne quelque fois en prison. On n\u2019est pas m\u00e9dium. Il y en a qui savaient miser sur le vainqueur, jouer double jeu. Pour ceux, plus honn\u00eates qui ne savent qu\u2019ob\u00e9ir \u00e0 leur id\u00e9al le plus \u00e9lev\u00e9, le plus intransigeant, les ge\u00f4les de la IV<sup>\u00e8me<\/sup> sont toutes d\u00e9sign\u00e9es. Ceci dit sans ranc\u0153ur ni rancune.<\/p>\n<p style=\"text-align: justify;\">Donc, patience\u00a0! Il n\u2019est pas utile de chercher un appartement. Nous ne savons pas encore o\u00f9 et quand porter mes pas. Mais il n\u2019est pas inutile de pr\u00e9voir des d\u00e9marches\u00a0 et de s\u2019attendre \u00e0 des travaux futurs plus complets que ceux d\u2019aujourd\u2019hui.<\/p>\n<p style=\"text-align: justify;\">J\u2019ai lu cette semaine une \u00e9tude assez compl\u00e8te sur le Second Empire. Jamais la France ne fut plus heureuse \u00e0 l\u2019int\u00e9rieur. L\u2019ordre \u00e9tait r\u00e9tabli, la canaille m\u00e2t\u00e9e, la paysannerie et l\u2019industrie prosp\u00e8res. N\u2019\u00e9taient m\u00e9contents que quelques gueulards pour qui la libert\u00e9 st la possibilit\u00e9 d\u2019enflammer tous les esprits \u00e0 tous les coins de rue. Le vertige de la technique mat\u00e9rialiste, du \u00ab\u00a0progr\u00e8s\u00a0\u00bb industriel, de la soci\u00e9t\u00e9 machiniste gagnait tous les jeunes enfi\u00e9vr\u00e9s qui s\u2019imaginaient vivre mieux dans les si\u00e8cles du fer que dans ceux de la patience ouvri\u00e8re royale. Mais la France vivait, respirait, faisait confiance \u00e0 son souverain. Le r\u00e9gime n\u2019\u00e9tait dur que pour les meneurs du jeu r\u00e9volutionnaire. \u00c0 peine une poign\u00e9e de d\u00e9biles, d\u2019\u00e9cervel\u00e9s, d\u2019hugol\u00e2tres <a href=\"#_ftn1\" name=\"_ftnref1\">[1]<\/a> d\u00e9cadents.<\/p>\n<p style=\"text-align: justify;\">Un ancien ministre d\u2019ici m\u2019en disait ce matin tout le bien qu\u2019on devait en penser. Et pourtant jamais p\u00e9riode ne fut plus escamot\u00e9e par les historiens. La politique ext\u00e9rieure de Napol\u00e9on III fut lamentable, autant que l\u2019int\u00e9rieure \u00e9tait bonne. S\u2019il n\u2019y avait pas eu Sedan, l\u2019Empire durerait. Quelle force n\u2019avions-nous pas\u00a0! Les Bourbons ou les Orl\u00e9ans nous ont claqu\u00e9 quatre fois dans la main, par faiblesse, peur des responsabilit\u00e9s, timidit\u00e9, impuissance, pr\u00e9jug\u00e9s conservateurs. Il nous faut l\u2019homme fort qui r\u00e9tablira la France dans le droit chemin. Et l\u2019on ne saurait qu\u2019employer les moyens rigoureux qui sont de mise en p\u00e9riode anarchique. L\u2019Histoire, qui ne se r\u00e9p\u00e8te jamais, mais qui se ressemble toujours, qui comporte des analogies nombreuses, est formelle sur les maux et les rem\u00e8des des soci\u00e9t\u00e9s. Et jusqu\u2019\u00e0 pr\u00e9sent le d\u00e9sordre n\u2019a jamais apport\u00e9 la prosp\u00e9rit\u00e9.<\/p>\n<p style=\"text-align: justify;\">Nous verrons la prochaine \u00e9volution fran\u00e7aise, soit \u00e0 travers nos barreaux, soit du dehors (restitu\u00e9 \u00e0 la communaut\u00e9, soit de l\u2019\u00e9tranger. On ne pense pas qu\u2019elle puisse aller dans un autre sens qu\u2019une saine r\u00e9action.<\/p>\n<p style=\"text-align: justify;\">Sur ce, parlons de Fr\u00e9d\u00e9ric. Qu\u2019en faire\u00a0? Un ing\u00e9nieur\u00a0? Un politicien\u00a0? Un chauffeur de four atomique\u00a0? Un bon commer\u00e7ant \u00e0 ventre rond\u00a0? Ou un journaliste\u00a0? Je pourrai lui donner tous les conseils utiles au prisonnier et, comme tu sais fort bien pr\u00e9parer les colis\u2026 il te suffira d\u2019en avoir encore trois ou quatre autres de la m\u00eame esp\u00e8ce pour \u00eatre la m\u00e8re poule d\u2019une lign\u00e9e de r\u00e9volutionnaires nationaux. C\u2019est avec \u00e7a qu\u2019on fait de beaux r\u00e9giments, ou des pr\u00e9fets, ou des chefs d\u2019\u00e9tat. \u00c0 moins que nous finissions fermiers dans le Far West ou dans le Nord canadien. Aimes-tu soigner le renard argent\u00e9\u00a0? Et la chasse au caribou, te plairait-elle\u00a0? Beaucoup de moustiques en \u00e9t\u00e9, 1m50 de neige en hiver. Mais quelle vie de famille\u00a0! Et on ne risque gu\u00e8re d\u2019\u00eatre d\u00e9rang\u00e9s par les voisins. Plus de ragots de quartier. Finies les concierges. \u00c0 propos, as-tu travaill\u00e9 sur <em>Le Jour et la nuit<\/em>\u00a0? L\u2019as-tu lu\u00a0? Parle m\u2019en, ne fut-ce pour me dire que tu ne l\u2019aimes pas.<\/p>\n<p style=\"text-align: justify;\">Je travaille beaucoup sur <em>Gabriella<\/em>. La pi\u00e8ce est quasiment refaite. Il ne reste que l\u2019ancienne structure mais tout le texte est remani\u00e9. Je cherche plusieurs sujets qui m\u2019emballent un peu. Et pour ce, il n\u2019y a que la mythologie ou la trag\u00e9die grecque. Le reste semble fade \u00e0 c\u00f4t\u00e9 de ces h\u00e9ros super-humains, ultra, extra-humains et si humains. Sisyphe, Nessus, Hercule, Bell\u00e9rophon, Tantale, Pers\u00e9e, on h\u00e9site devant tant de prodigieuses aventures. Il n\u2019y a que Parsifal, Lancelot, Savonarole (et encore\u00a0!) qui puissent rivaliser avec ces g\u00e9ants. \u00c0 moins de cr\u00e9er d\u00e9j\u00e0 un mythe XX<sup>\u00e8me<\/sup> si\u00e8cle qui atteigne en ampleur orageuse ces monstres antiques. Je vais chercher.<\/p>\n<p style=\"text-align: justify;\">Mes tulipes qui s\u2019\u00e9taient ouvertes \u00e0 la chaleur (quand je fis tout \u00e0 l\u2019heure la cuisine sous leur nez) se referment avec pudeur. Le vent et la pluie cinglent notre fen\u00eatre prudemment referm\u00e9e. Il siffle des rafales dans les coursives et les tuyaux d\u2019appel. La campagne est noy\u00e9e de larmes.<\/p>\n<p style=\"text-align: justify;\">Nous aussi, mais c\u2019est \u00e0 force de pleurer de joie et de s\u2019\u00eatre connus, attendus, aim\u00e9s, retrouv\u00e9s puis patiemment d\u00e9couverts. Je t\u2019aime comme une chose rare, naturelle, la plus simple du monde, et plus tu seras simple, plus je t\u2019aimerai. Donc, il ne sera pas possible de t\u2019aimer plus que maintenant, sauf que tu le verras davantage car les fleurs s\u2019ouvrent. Tout \u00e9tait d\u00e9j\u00e0 contenu dans la graine. Mais il faut que les mots et les choses m\u00fbrissent pour que les hommes les trouvent \u00e0 leur go\u00fbt. On t\u2019embrasse\u2026 la main\u2026 les cheveux\u2026 les yeux. On te prie d\u2019\u00eatre patiente et d\u2019esp\u00e9rer. Gros baisers.<\/p>\n<p>J.<\/p>\n<p><a href=\"#_ftnref1\" name=\"_ftn1\">[1]<\/a> Hugol\u00e2tre : admirateur fanatique, inconsid\u00e9r\u00e9 de Victor Hugo (note de FGR)<\/p>\n","protected":false},"excerpt":{"rendered":"<p>\u00a0 Lundi 24 mars 1947 Ma ch\u00e9rie, Dimanche 23 Si ma bougie br\u00fble, c\u2019est bien pour \u00e9clairer le papier, car je n\u2019aurais pas besoin d\u2019elle pour voir clair dans mon souvenir le plus d\u00e9licat, le plus doucement teint\u00e9 d\u2019un sourire &hellip; <a href=\"https:\/\/monperejeanmamy.fr\/?page_id=2301\">Continuer la lecture <span class=\"meta-nav\">&rarr;<\/span><\/a><\/p>\n","protected":false},"author":2,"featured_media":11,"parent":0,"menu_order":0,"comment_status":"closed","ping_status":"closed","template":"","meta":[],"folder":[],"_links":{"self":[{"href":"https:\/\/monperejeanmamy.fr\/index.php?rest_route=\/wp\/v2\/pages\/2301"}],"collection":[{"href":"https:\/\/monperejeanmamy.fr\/index.php?rest_route=\/wp\/v2\/pages"}],"about":[{"href":"https:\/\/monperejeanmamy.fr\/index.php?rest_route=\/wp\/v2\/types\/page"}],"author":[{"embeddable":true,"href":"https:\/\/monperejeanmamy.fr\/index.php?rest_route=\/wp\/v2\/users\/2"}],"replies":[{"embeddable":true,"href":"https:\/\/monperejeanmamy.fr\/index.php?rest_route=%2Fwp%2Fv2%2Fcomments&post=2301"}],"version-history":[{"count":3,"href":"https:\/\/monperejeanmamy.fr\/index.php?rest_route=\/wp\/v2\/pages\/2301\/revisions"}],"predecessor-version":[{"id":2308,"href":"https:\/\/monperejeanmamy.fr\/index.php?rest_route=\/wp\/v2\/pages\/2301\/revisions\/2308"}],"wp:featuredmedia":[{"embeddable":true,"href":"https:\/\/monperejeanmamy.fr\/index.php?rest_route=\/wp\/v2\/media\/11"}],"wp:attachment":[{"href":"https:\/\/monperejeanmamy.fr\/index.php?rest_route=%2Fwp%2Fv2%2Fmedia&parent=2301"}],"wp:term":[{"taxonomy":"folder","embeddable":true,"href":"https:\/\/monperejeanmamy.fr\/index.php?rest_route=%2Fwp%2Fv2%2Ffolder&post=2301"}],"curies":[{"name":"wp","href":"https:\/\/api.w.org\/{rel}","templated":true}]}}