{"id":2313,"date":"2021-04-22T14:07:53","date_gmt":"2021-04-22T12:07:53","guid":{"rendered":"http:\/\/monperejeanmamy.fr\/?page_id=2313"},"modified":"2024-01-21T18:54:13","modified_gmt":"2024-01-21T17:54:13","slug":"jm-a-jr-fresnes-47-04-13","status":"publish","type":"page","link":"https:\/\/monperejeanmamy.fr\/?page_id=2313","title":{"rendered":"JM \u00e0 JR (Fresnes 47\/04\/13)"},"content":{"rendered":"<p><strong>\u00a0<\/strong><a href=\"http:\/\/monperejeanmamy.fr\/?page_id=2309\"><img loading=\"lazy\" class=\"wp-image-1352 alignleft\" src=\"http:\/\/monperejeanmamy.fr\/wp-content\/uploads\/2021\/03\/Lettre-precedente.jpg\" alt=\"\" width=\"143\" height=\"78\" \/><\/a><a href=\"http:\/\/monperejeanmamy.fr\/?page_id=2320\"><img loading=\"lazy\" class=\"alignright wp-image-1353\" src=\"http:\/\/monperejeanmamy.fr\/wp-content\/uploads\/2021\/03\/Lettre-suivante.jpg\" alt=\"\" width=\"139\" height=\"76\" \/><\/a><\/p>\n<p style=\"text-align: center;\"><strong>Dimanche 13 avril 1947<\/strong><\/p>\n<p style=\"text-align: center;\">Ma ch\u00e9rie,<\/p>\n<p style=\"text-align: justify;\">Pas beaucoup re\u00e7u de lettres de toi cette semaine. Je suppose qu\u2019elles sont en route (et je les ai mises au pluriel). Vois comme je te fais cr\u00e9dit. Probablement que tu n\u2019avais rien d\u2019autre \u00e0 me dire que les mots que j\u2019entends tous les soirs et tous les matins et qui sont des plus doux. Car je les entends, comme tu entends les miens. Les entends-tu\u00a0? Il faut savoir \u00e9couter si haut qu\u2019on entend tout le ciel.<\/p>\n<p style=\"text-align: justify;\">J\u2019ai re\u00e7u convocation pour jeudi. Myst\u00e8re\u00a0? Le dossier serait-il revenu chez le juge\u00a0? Est-ce pour un t\u00e9moignage\u00a0? Suppl\u00e9ment d\u2019enqu\u00eate\u00a0? Comprends pas. Plut\u00f4t ne me dit rien. J\u2019aimerai \u00eatre fix\u00e9. De toutes fa\u00e7ons ce ne peut \u00eatre bien grave. Mon dossier est assez complet. Il ne saurait \u00eatre surcharg\u00e9. Je pense qu\u2019il s\u2019agit d\u2019une affaire qui m\u2019est \u00e9trang\u00e8re.<\/p>\n<p style=\"text-align: justify;\">As-tu des nouvelles nous concernant\u00a0? Non. Sinon tu m\u2019aurais \u00e9crit. Je pense que si l\u2019affaire \u00e9tait grave tu m\u2019aurais envoy\u00e9 un pneumatique. Or, n\u2019ayant rien re\u00e7u je dors tranquille. Comme toujours.<\/p>\n<p style=\"text-align: justify;\">D\u2019autant plus tranquille que les \u00e9v\u00e8nements tournent bien. C&rsquo;est-\u00e0-dire que le monde va vers un bouleversement fameux. Ce que je te pr\u00e9disais pour l\u2019ann\u00e9e derni\u00e8re est simplement retard\u00e9 de quelques mois. Mais l\u2019in\u00e9vitable va se produire. Il faudra agir vite. Ne t\u2019inqui\u00e8te pas pour moi. Tout est pr\u00e9vu par la Providence pour ceux qui ont encore \u00e0 vivre ici-bas et \u00e0 accomplir ce qui est marqu\u00e9. Je n\u2019ai rien \u00e0 craindre. Nous sommes tous destin\u00e9s \u00e0 de hautes t\u00e2ches. Toi \u00e0 faire des enfants et \u00e0 collaborer \u00e0 l\u2019\u00e9dification d\u2019un grand \u0153uvre (social, artistique, litt\u00e9raire, m\u00e9taphysique, commercial, politique\u2026) et moi \u00e0 t\u2019aider \u00e0 aimer toute cette famille\u2026 et moi en particulier (pas plus mais pas moins que les autres\u2026). Et, au fond, pourquoi pas plus ? C&rsquo;est-\u00e0-dire autrement. Est-ce que tu seras maternelle avec moi ? Me comprendras-tu parmi tes enfants ?<\/p>\n<p style=\"text-align: justify;\">Je commence \u00e0 en avoir assez de l\u2019exp\u00e9rience actuelle. Souffrir pour ses propres gaffes, d\u2019accord. Ce n\u2019est que justice. Mais supporter ind\u00e9finiment les d\u00e9fauts, les exigences, les volont\u00e9s, les pers\u00e9cutions des autres, me semble indigne d\u2019un homme libre. J\u2019esp\u00e8re que toute cette monstrueuse accusations qui p\u00e8sent sur chacun de nous va se pulv\u00e9riser et que nous retrouverons au grand jour notre place d\u2019honn\u00eate homme dans un pays \u00e9quilibr\u00e9 et sain (sera-ce celui-ci\u00a0?)<\/p>\n<p style=\"text-align: justify;\">La journ\u00e9e fut belle. Le soleil est radieusement printanier. Mes tulipes sont \u00e9panouies. Autant que nos trois camarades graci\u00e9s qui sont remont\u00e9s \u00e0 notre \u00e9tage et qui dorment mieux ce soir. Il semble que nous allions vers un apaisement. Floriot est parait-il venu cet apr\u00e8s-midi, mais il ne me demande jamais. Il est vrai qu\u2019il a beaucoup de clients et que notre affaire n\u2019est pas press\u00e9e. Puissions-nous gagner le temps de justice plus sereine. Il est vrai que cela d\u00e9pend de nous. L\u2019homme voit ce qu\u2019il croit. Et si j\u2019ai tant de justice et de pardon en moi, faudra-t-il bien qu\u2019elle \u00e9clate partout.<\/p>\n<p style=\"text-align: justify;\">J\u2019ai peu travaill\u00e9 cette semaine aux ouvrages en cours. <em>Gabriella<\/em> sommeille attendant les derni\u00e8res retouches. J\u2019ai lu un peu d\u2019histoire romaine pour trouver des sujets\u00a0: un seul \u00e0 retenir, mais qui n\u2019est pas encore pr\u00e9cis dans l\u2019esprit. Dans <em>L\u2019Histoire des religions<\/em>, quelque notes vagues, peu de l\u00e9gendes. Je m\u2019int\u00e9resse de plus en plus \u00e0 la chevalerie. T\u00e2che de me trouver un recueil de l\u00e9gendes. Et comme tous les chevaliers ont leur dame, soit bienheureuse et souris \u00e0 ta fen\u00eatre sous ton hennin. Il y eut des chevaliers prisonniers qui ne d\u00e9sesp\u00e9r\u00e8rent point, \u00e0 qui on fit gr\u00e2ce, et qui retrouv\u00e8rent leur foyer. Il y eut des \u00e9pouses r\u00e9compens\u00e9es de leur attente. Il y eut des filles dont le c\u0153ur battit un jour pour le retour et pour la joie de leurs amours. Tout est merveilleux dans le paradis de nos patiences. Il y a des enfants blonds qui conna\u00eetront les genoux de leur p\u00e8re.<\/p>\n<p style=\"text-align: justify;\">Plus tard je te raconterai de prodigieuses histoires. Toutes contes de f\u00e9es. Elles existent, les f\u00e9es. Ce sont nos marraines, nos vertus. Elles nous donnent d\u00e8s le berceau les rayons de joie avec quoi nous jouons d\u00e8s l\u2019enfance. C\u2019est une f\u00e9e qui m\u2019accorda jusqu\u2019\u00e0 mes seize ans un grand jardin rempli de recoins, de treilles, d\u2019arbustes, de parterre, de ruchers, de plans d\u2019asperges, de tonnelles et de noisetiers o\u00f9 faire jouer les muscles de mes envol\u00e9es premi\u00e8res. J\u2019y jouais de la guitare en cravate lavalli\u00e8re. J\u2019y jouais aux boules (donn\u00e9es par les f\u00e9es) avec mon vieux grand-p\u00e8re (qui \u00e9tait aussi un cadeau du ciel) et ma maman de l\u2019\u00e9poque qui \u00e9tait celle d\u2019aujourd\u2019hui, mais toute jeune, m\u2019y appelait avec des cris de f\u00e9e amoureuse. Tout le monde de mon enfance a \u00e9t\u00e9 fourni, selon l\u2019ordre re\u00e7u, par le d\u00e9sir de la f\u00e9e\u00a0: ma tante, ma grand-m\u00e8re (qui avait peur des vaches pour que je puisse en rire), la fermi\u00e8re qui buvait trop, la fillette paralytique qui jouait aux osselets, le chien berger qui m\u2019a mordu parce que j\u2019avais d\u00e9sob\u00e9i \u00e0 la f\u00e9e. Les f\u00e9es m\u2019avaient donn\u00e9 un grand panorama de montagnes au-dessus d\u2019un lac fameux et je passai l\u00e0 mon temps \u00e0 br\u00fbler \u00e0 la brise ensoleill\u00e9e et m\u00e2chonner des \u0153illets sauvages. Et le soir les f\u00e9es nichaient sur tous les sommets qui se coiffaient d\u2019ombres et de spectres, et dans tous les feuillages tordus des arbres que mange la nuit. Elles allumaient des vers luisants dans le jardin, soufflaient un papillon vers la lampe \u00e0 p\u00e9trole, faisaient se tordre douloureusement la flamme des bougies et m\u2019encourageaient \u00e0 affronter les araign\u00e9es. Dans le vestibule de notre maison, deux vieilles statues de pl\u00e2tre de P\u00e9trarque et du Tasse encadraient une t\u00eate de h\u00e9ron qu\u2019un de mes cousins avait tu\u00e9 \u00e0 la chasse. Encore un cadeau des f\u00e9es. Qui sait ce qui peut se passer dans les yeux morts des po\u00e8tes blancs quand ils dorment dans l\u2019ombre pr\u00e8s du placard aux confitures. Les mouches prises dans la journ\u00e9e grondaient encore sous la cage de verre avec une ou deux gu\u00eapes corset\u00e9es comme des corsaires barbaresques. Mon livre de chevet, <em>Le Robinson suisse<\/em>, \u00e9talait des images d\u2019\u00eele enchant\u00e9e\u00a0: troupeaux de buffles, girafes et boas. La famille des naufrag\u00e9s nichait dans l\u2019arbre qu\u2019elle appelait Falkenturst, puis dans la grotte de sel (Zeltheim) et construisait une pinasse\u00a0!!! Les f\u00e9es me faisaient d\u00e9couvrir la terre. Une \u00eele d\u00e9serte est le repos splendide de l\u2019esprit qui veut \u00e9chapper au monde du petit village de sorciers et de cul-terreux, dont les mauvaises f\u00e9es ont croch\u00e9 les mains et qui rationnent en comptant leurs sous de cuivre. Je n\u2019ai v\u00e9cu pendant les ann\u00e9es de jeune s\u00e8ve que parmi les f\u00e9es.<\/p>\n<p style=\"text-align: justify;\">Et je continue. Si tu veux je te raconterai (comme tu ne la connais pas si bien que moi) les nuits et les soirs et les matins o\u00f9 dans un recoin de Paris, pr\u00e8s d\u2019un jardin fameux, je trouvais devant moi une certaine blonde qui m\u2019apporta l\u2019\u00e9trange parfum d\u2019une innocence pieuse. J\u2019avais orn\u00e9 ma maison pour la recevoir avec des offrandes pr\u00e9cieuses, des \u00e9lans subtils temp\u00e9r\u00e9s par l\u2019adoration d\u2019une bo\u00eete sculpt\u00e9e, la bienveillance d\u2019une aquarelle d\u00e9licate. Elle s\u2019offrait \u00e0 ma puissance comme une \u00e9pouse conquise, et je n\u2019osais trop lui demander son secret, par crainte d\u2019entrevoir des champs trop vastes o\u00f9 ma rudesse aurait \u00e9chou\u00e9. Mais il appara\u00eet qu\u2019elle a plus de g\u00e9n\u00e9rosit\u00e9 que mon humble imagination le pressentait. Elle m\u2019a donn\u00e9 ses doigts \u00e0 \u00e9treindre dans mon jeu d\u2019entrelacs et de chaleur des paumes. Elle m\u2019a laiss\u00e9 \u00e9couter son c\u0153ur battre si violemment que j\u2019ai cru \u00e0 une source d\u2019un fleuve futur. Elle m\u2019a confi\u00e9 qu\u2019elle aimait les rires d\u2019enfant.<\/p>\n<p style=\"text-align: justify;\">Dors bien mon moineau, ma f\u00e9e jolie, tous les soleils et tous les bonjours, et tous les soirs de paix, et tous les rires secrets ne sont pas perdus. Nous irons jusqu\u2019au bout de la route avec des baisers tout neufs. Un coup de baguette magique et le d\u00e9cor change. Nous vaincrons parce que nous sommes les plus forts \u00e0 aimer les hommes malgr\u00e9 eux, et \u00e0 nous aimer nous-m\u00eames, malgr\u00e9 nous. Bonne nuit. Tu es si blonde qu\u2019on t\u2019embrasse l\u2019oreille.<\/p>\n<h1 style=\"text-align: justify;\"><u>Lundi<\/u>.<\/h1>\n<p style=\"text-align: justify;\">Devant tes p\u00e2querettes et tes myosotis, devant les tulipes \u00e9panouies, devant les \u0153illets et les mimosas qui restent d\u2019antiques lundis, devant toutes tes photos et tous mes souvenirs, devant ta lettre de vendredi re\u00e7ue ce midi o\u00f9 j\u2019ai senti le souffle chaud de ta douceur, devant tout ce que je sens de toi \u00e0 travers ces murs et barreaux et ce ciel vibrant o\u00f9 la Tour Eiffel au loin m\u2019indique le p\u00f4le de mon d\u00e9sir, je te jure que je suis content, rassasi\u00e9 pour l\u2019heure, sauf que tout n\u2019est qu\u2019ombre de toi, mais d\u00e9j\u00e0 toi. Souffle de toi, mais approche de toi. Image de toi, mais pr\u00e9sence de toi.<\/p>\n<p style=\"text-align: justify;\">Voil\u00e0 maintenant que tu te plains qu\u2019on t\u2019aime trop et traite mes lettres de commission rogatoire\u00a0!!! La fr\u00e9quentation des juges d\u2019instruction ne me vaut rien. F\u00e2cheuses habitudes. Soup\u00e7ons. Enqu\u00eates. Toujours une \u00e9p\u00e9e de Damocl\u00e8s sur le cou. Contr\u00f4le. Analyse. Dissection. Envols dirig\u00e9s. Amours d\u2019\u00e9tat. Soumis au percepteur, au policier, au concierge qui est du \u00ab\u00a0Parti\u00a0\u00bb. Ton c\u0153ur sera pes\u00e9 au milligramme. Il y a des balances qui ne marquent que le z\u00e9ro et l\u2019infini. Je suis toujours pour l\u2019infini. Illimitable. \u00c0 perte de vue. \u00c0 perte de souffle. \u00c0 perte de c\u0153ur. Ne te plains point un jour d\u2019\u00eatre projet\u00e9e dans l\u2019\u00eatre grandiose, emport\u00e9e dans le vent des sph\u00e8res extraterrestres, devenue ange.<\/p>\n<p style=\"text-align: justify;\">Ainsi, Fr\u00e9d\u00e9ric s\u2019est trouv\u00e9 des ailes\u00a0! D\u00e9j\u00e0 po\u00e8te\u00a0!<\/p>\n<p style=\"text-align: justify;\">J\u2019attends toujours un mot de Floriot pour jeudi. Je pense que ce n\u2019est rien. Pour les colis\u00a0: 1\u00b0\/ Ne plus mettre de m\u00e9ta en aussi grande quantit\u00e9, 100 b\u00e2tonnets suffisent. 2\u00b0\/ Mettre de la poudre \u00e0 r\u00e9curer une fois toutes les trois semaines seulement. J\u2019esp\u00e8re dans quelque temps pouvoir vous dire de ne plus rien mettre du tout. On liquide et on s\u2019en va.<\/p>\n<p style=\"text-align: justify;\">Nous attendons demain matin pour savoir si l\u2019ambassadeur est oui ou non graci\u00e9. On dit que non. Encore un r\u00e9veil p\u00e9nible, \u00e0 surmonter en patience. Je penserai \u00e0 tes cheveux blonds, \u00e0 nos \u00e9t\u00e9s pass\u00e9s et futurs, \u00e0 toutes les promesses du ciel. Aux derni\u00e8res nouvelles on esp\u00e8re encore.<\/p>\n<p style=\"text-align: justify;\">Le soleil est si chaud qu\u2019on se croirait en juin. Fin de journ\u00e9e anim\u00e9e. Les nouvelles courent le long des barreaux de Fresnes et les cerveaux s\u2019\u00e9meuvent \u00e0 l\u2019id\u00e9e du renouveau possible. Ainsi sont les hommes qui esp\u00e8rent toujours pour demain le meilleur et qui ne se contentent point d\u2019aujourd\u2019hui.<\/p>\n<p style=\"text-align: justify;\">Je finis ma lettre quand on frappe d\u00e9j\u00e0 aux portes pour ramasser le courrier. Cette journ\u00e9e a pass\u00e9 comme un \u00e9clair, un \u00e9clair de joie. Je t\u2019ai vue \u00e0 travers toutes tes p\u00e9r\u00e9grinations et j\u2019ai tr\u00e8s bien senti quand tu \u00e9tais en train de d\u00e9poser le colis. C\u2019est le moment o\u00f9 je pensais \u00e0 un nuage si blanc, si fort, si rapide, qu\u2019il nous emportait vers le meilleur du ciel. Sais-tu que le moment n\u2019est peut-\u00eatre pas loin o\u00f9 je prendrais tes poignets dans mes deux mains chaudes. Mes gros et tendres baisers.<\/p>\n<p>J.<\/p>\n","protected":false},"excerpt":{"rendered":"<p>\u00a0 Dimanche 13 avril 1947 Ma ch\u00e9rie, Pas beaucoup re\u00e7u de lettres de toi cette semaine. Je suppose qu\u2019elles sont en route (et je les ai mises au pluriel). Vois comme je te fais cr\u00e9dit. Probablement que tu n\u2019avais rien &hellip; <a href=\"https:\/\/monperejeanmamy.fr\/?page_id=2313\">Continuer la lecture <span class=\"meta-nav\">&rarr;<\/span><\/a><\/p>\n","protected":false},"author":2,"featured_media":11,"parent":0,"menu_order":0,"comment_status":"closed","ping_status":"closed","template":"","meta":[],"folder":[],"_links":{"self":[{"href":"https:\/\/monperejeanmamy.fr\/index.php?rest_route=\/wp\/v2\/pages\/2313"}],"collection":[{"href":"https:\/\/monperejeanmamy.fr\/index.php?rest_route=\/wp\/v2\/pages"}],"about":[{"href":"https:\/\/monperejeanmamy.fr\/index.php?rest_route=\/wp\/v2\/types\/page"}],"author":[{"embeddable":true,"href":"https:\/\/monperejeanmamy.fr\/index.php?rest_route=\/wp\/v2\/users\/2"}],"replies":[{"embeddable":true,"href":"https:\/\/monperejeanmamy.fr\/index.php?rest_route=%2Fwp%2Fv2%2Fcomments&post=2313"}],"version-history":[{"count":4,"href":"https:\/\/monperejeanmamy.fr\/index.php?rest_route=\/wp\/v2\/pages\/2313\/revisions"}],"predecessor-version":[{"id":3243,"href":"https:\/\/monperejeanmamy.fr\/index.php?rest_route=\/wp\/v2\/pages\/2313\/revisions\/3243"}],"wp:featuredmedia":[{"embeddable":true,"href":"https:\/\/monperejeanmamy.fr\/index.php?rest_route=\/wp\/v2\/media\/11"}],"wp:attachment":[{"href":"https:\/\/monperejeanmamy.fr\/index.php?rest_route=%2Fwp%2Fv2%2Fmedia&parent=2313"}],"wp:term":[{"taxonomy":"folder","embeddable":true,"href":"https:\/\/monperejeanmamy.fr\/index.php?rest_route=%2Fwp%2Fv2%2Ffolder&post=2313"}],"curies":[{"name":"wp","href":"https:\/\/api.w.org\/{rel}","templated":true}]}}