{"id":2320,"date":"2021-04-22T14:33:45","date_gmt":"2021-04-22T12:33:45","guid":{"rendered":"http:\/\/monperejeanmamy.fr\/?page_id=2320"},"modified":"2021-04-23T17:01:06","modified_gmt":"2021-04-23T15:01:06","slug":"jm-a-jr-fresnes-47-04-20","status":"publish","type":"page","link":"https:\/\/monperejeanmamy.fr\/?page_id=2320","title":{"rendered":"JM \u00e0 JR (Fresnes 47\/04\/20)"},"content":{"rendered":"<p><strong>\u00a0<\/strong><a href=\"http:\/\/monperejeanmamy.fr\/?page_id=2313\"><img loading=\"lazy\" class=\"wp-image-1352 alignleft\" src=\"http:\/\/monperejeanmamy.fr\/wp-content\/uploads\/2021\/03\/Lettre-precedente.jpg\" alt=\"\" width=\"143\" height=\"78\" \/><\/a><a href=\"http:\/\/monperejeanmamy.fr\/?page_id=2327\"><img loading=\"lazy\" class=\"alignright wp-image-1353\" src=\"http:\/\/monperejeanmamy.fr\/wp-content\/uploads\/2021\/03\/Lettre-suivante.jpg\" alt=\"\" width=\"139\" height=\"76\" \/><\/a><\/p>\n<p style=\"text-align: center;\"><strong>Dimanche 20 avril 1947<\/strong><\/p>\n<p style=\"text-align: center;\">Ma ch\u00e9rie,<\/p>\n<p style=\"text-align: justify;\">Alors, on n\u2019\u00e9crit plu. Jean attend Jeannette\u00a0! Jean soupire apr\u00e8s la prose de Jeannette\u00a0! La derni\u00e8re lettre date de dimanche sauf le pneu de mardi. Sais-tu bien que j\u2019aime tes lettres. Tu ne le sais pas assez\u00a0; Il est vrai que tu ne sais peut-\u00eatre plus quoi me dire, sauf que tu m\u2019aimes. Il ne faut pas m\u2019attendre. Il faut m\u2019\u00e9crire comme tu m\u2019\u00e9criras tous les jours quand je serai dehors et que nous vivrons ensemble. Car, au milieu de la journ\u00e9e, sans nous quitter une minute, tu m\u2019\u00e9criras\u00a0;<\/p>\n<p style=\"text-align: justify;\">J\u2019imagine que tu attends la lettre du jeudi pour me r\u00e9pondre le vendredi, de sorte que je ne re\u00e7ois le courrier que le lundi ou mardi. Il faut m\u2019\u00e9crire le dimanche (je la re\u00e7ois le mercredi), le mercredi (re\u00e7ue le samedi) et le vendredi (re\u00e7ue le lundi) et me donner tous les d\u00e9tails sur les faits et gestes de Fr\u00e9d\u00e9ric, sur tout ce que tu penses, sur ce qu\u2019on pense, sur ce qu\u2019on dit, sur ce que tu esp\u00e8res, et redoutes, et attends, et d\u00e9cides. As-tu d\u00e9cid\u00e9 que nous serions tr\u00e8s heureux\u00a0? Je crois l\u2019avoir per\u00e7u si nettement que mes journ\u00e9es s\u2019en trouvent toutes vivifi\u00e9es.<\/p>\n<p style=\"text-align: justify;\">Plusieurs choses importantes \u00e0 te dire aujourd\u2019hui\u00a0:<\/p>\n<ol>\n<li style=\"text-align: justify;\">Pour les colis, veux-tu bien, pour \u00e9vider qu\u2019on ouvre le colis, coudre en deux ou trois points facilement d\u00e9tachables au couteau du surveillant charg\u00e9 de l\u2019op\u00e9ration le rabat du sac \u00e0 l\u2019enveloppe (aussi bien linges que vivres). Il faut qu\u2019on ne puisse glisser la main pour saisir une denr\u00e9e. Jusqu\u2019\u00e0 pr\u00e9sent, il n\u2019y eut jamais de d\u00e9g\u00e2ts, mais des pr\u00e9cautions sont \u00e0 prendre. Pour le m\u00e9ta, jamais plus de 2 bo\u00eetes de 50 (largement suffisant). Tu peux m\u00eame n\u2019en mettre qu\u2019une pendant une semaine ou deux. J\u2019ai de la r\u00e9serve. Les bougies sont toujours utiles. Le reste est toujours parfait.<\/li>\n<li style=\"text-align: justify;\">J\u2019ai \u00e9t\u00e9 jeudi \u00e0 l\u2019instruction. C\u2019\u00e9tait la derni\u00e8re. Le dossier a \u00e9t\u00e9 d\u00e9j\u00e0 examin\u00e9 par le commissaire du gouvernement. On m\u2019a dit que le r\u00e9quisitoire ne serait pas \u00ab m\u00e9chant \u00bb. Il faut s\u2019attendre \u00e0 ce que l\u2019affaire passe en juin ou en juillet. \u00c0 moins qu\u2019on ne la repousse \u00e0 la rentr\u00e9e. Mais ce serait douteux. Je me fais lentement \u00e0 cette id\u00e9e quoiqu\u2019il me soit impossible de pr\u00e9parer aujourd\u2019hui aucune d\u00e9fense. Les \u00e9v\u00e8nements politiques changent d\u2019heure en heure. O\u00f9 serons-nous dans deux mois ? Veux-tu te renseigner de ton c\u00f4t\u00e9 pour voir ce que Floriot pense de tout cela. J\u2019esp\u00e8re qu\u2019il ne me demandera plus d\u2019argent. Il me semble que la somme vers\u00e9e est raisonnable. Je ne pourrai aller plus loin. Nous en parlerons au parloir. Ne soul\u00e8ve pas la question chez lui. Vois s\u2019il doit s\u2019arranger avec le Parquet pour la date. \u00c0 l\u2019instruction on m\u2019a dit que j\u2019en avais pour une semaine, \u00e0 moi tout seul. Cela me semble \u00e9norme. On doit pouvoir liquider en trois jours.<\/li>\n<li style=\"text-align: justify;\">Pour le bouquin de Bardanne <a href=\"#_ftn1\" name=\"_ftnref1\">[1]<\/a>, tu peux me l\u2019envoyer par les moyens ordinaires, mais il faut savoir s\u2019il est int\u00e9ressant. J\u2019ai peur que ce soit un ramassis d\u2019arguments sans valeur. Bardanne est un auteur du 10<sup>\u00e8me<\/sup> ordre. Ses bouquins sont de mauvaise litt\u00e9rature \u00e0 sensation. Il vaudrait mieux des documents plus objectifs et plus s\u00e9rieux. Ne parait-il rien sur le probl\u00e8me russo-am\u00e9ricain ? Quels sont les pronostics des personnalit\u00e9s comp\u00e9tentes ?<\/li>\n<li style=\"text-align: justify;\">As-tu vu l\u2019aviation ? Peut-il faire quelque chose pour reculer nos \u00e9ch\u00e9ances ? Que pense-t-il ? Optimiste ou pas ? Pense-t-il que je pourrai lui rendre visite bient\u00f4t ? Et au besoin travailler ensemble ? Je crois qu\u2019il y a de l\u2019ouvrage, \u00e0 pleins bras.<\/li>\n<li style=\"text-align: justify;\">Autre chose de tout \u00e0 fait s\u00e9rieux, dont je voulais te parler depuis longtemps. Tu sais que je m\u2019int\u00e9resse de plus en plus \u00e0 la Science chr\u00e9tienne (religion dite protestante am\u00e9ricaine, sans aucun rite ni manifestation spectaculaire, dont le si\u00e8ge est \u00e0 Boston et qui comprend pr\u00e8s de 4.000 \u00e9glises filiales dans le monde. Elle fut fond\u00e9e par une femme en 1875. C\u2019est certainement la plus prodigieuse d\u00e9couverte m\u00e9taphysique du monde moderne, et, pour moi, la seule fa\u00e7on logique, raisonnable, simple d\u2019accepter le christianisme, les autres formules me semblant d\u00e9su\u00e8tes, magiques, dangereuses). Comme nous devons envisager l\u2019avenir ensemble, il convient que tu soies au courant de toutes ces id\u00e9es, ne fusse que pour les enseigner \u00e0 Fr\u00e9d\u00e9ric, qui sera, comme beaucoup d\u2019enfants am\u00e9ricains, et autres, \u00e9lev\u00e9 selon ces principes strictement moraux et tr\u00e8s sains. Ce sera pour son plus grand bien et aussi pour le tien, car nous avons tous besoin d\u2019apprendre. Je voudrais donc que pour toi, tu commences \u00e0 lire et \u00e9tudier peu \u00e0 peu le livre, qui est la base de la doctrine. Il s\u2019appelle <em>Science et sant\u00e9 avec la clef des <\/em><em>\u00e9<\/em><em>critures <a href=\"#_ftn2\" name=\"_ftnref2\"><strong>[2]<\/strong><\/a><\/em> et est vendu \u00e0 l\u2019une des trois \u00e9glises filiales dont ma m\u00e8re te donnera l\u2019adresse. Si tu d\u00e9penses 3 \u00e0 400 francs pour l\u2019acqu\u00e9rir ce sera de l\u2019argent bien plac\u00e9. Intelligente comme tu l\u2019es tu pigeras tout de suite. Nous avons ici les \u00ab\u00a0services\u00a0\u00bb que j\u2019ai fait demander, et d\u00e9j\u00e0 une trentaine de mes camarades s\u2019int\u00e9ressent amoureusement et travaillent. Je vais plus loin. Si j\u2019ai tenu jusqu\u2019ici et si j\u2019en sors, c\u2019est gr\u00e2ce \u00e0 la Science qui donne une force morale \u00e9tonnante et nous d\u00e9livre de toutes les erreurs que nous commettons. Tu n\u2019as pas le droit d\u2019\u00eatre ignorante sur un point aussi capital de la vie, et il faut que tu commences cette \u00e9tude. Voil\u00e0. Je t\u2019embrasse et je t\u2019aime. Et je lis dans tes yeux toutes les tendresses et je serre sur ma poitrine toute ta douceur et tout ton bonheur. Si tu ne veux pas m\u00ealer ma m\u00e8re \u00e0 cette histoire, va directement place d\u2019I\u00e9na, ou au rond-point des Champs-\u00e9lys\u00e9es, tu t\u2019y procureras le bouquin + une Bible, version synodale <a href=\"#_ftn3\" name=\"_ftnref3\">[3]<\/a>, et un livret trimestriel pour les le\u00e7ons. Et apr\u00e8s, si tu veux (tu es libre, tout \u00e0 fait libre, personne ne te force \u00e0 quoique ce soit, m\u00eame pas moi), tu pourras assister aux services du dimanche matin ou \u00e0 ceux du mercredi soir dans une des trois \u00e9glises. Tu iras \u00e0 la 2<sup>\u00e8me<\/sup> ou \u00e0 la 3<sup>\u00e8me<\/sup> (ma m\u00e8re fait partie de la 1<sup>\u00e8re<\/sup>) et nous travaillerons ensemble pour ma sortie tr\u00e8s rapide, et notre mariage encore plus rapide, car tout se r\u00e9sout en Science par le bonheur. Je ne t\u2019emm\u00e8ne pas sur un mauvais chemin.<\/li>\n<\/ol>\n<p style=\"text-align: justify;\">Voil\u00e0 pour aujourd\u2019hui, si grand jour de printemps plein d\u2019effluves heureux. La journ\u00e9e fut calme et douce. Le paysage d\u2019\u00cele-de-France est aussi pur qu\u2019il y a quinze cents ans quand Clodion <a href=\"#_ftn4\" name=\"_ftnref4\">[4]<\/a>, fils de Pharamond <a href=\"#_ftn5\" name=\"_ftnref5\">[5]<\/a>, premier des rois fran\u00e7ais, combattait Aetius <a href=\"#_ftn6\" name=\"_ftnref6\">[6]<\/a> et pr\u00e9parait l\u2019av\u00e8nement de son p\u00e8re M\u00e9rov\u00e9e, le vainqueur d\u2019Attila. Nous sommes au berceau de la premi\u00e8re France. Ici pass\u00e8rent les hordes que Sainte Genevi\u00e8ve, berg\u00e8re de Nanterre d\u00e9tourna par sa pri\u00e8re\u00a0: Lut\u00e8ce fut sauv\u00e9e et l\u2019arm\u00e9e de l\u2019envahisseur se dirigea sur Orl\u00e9ans. Chaque colline, chaque champ de cette plaine dor\u00e9e est marqu\u00e9e de batailles fameuses ou de souvenirs royaux. Toute la France de vingt si\u00e8cles passa par cette vall\u00e9e sur la route que nous voyons aujourd\u2019hui mordue par les voitures chaudes. Et de vieux uniformes apparaissent quelquefois derri\u00e8re les arbres. Le vieux sol, foul\u00e9 par tant d\u2019illustres garde encore sa s\u00e8ve pour des g\u00e9n\u00e9rations ardentes, \u00e9prises de quel Dieu\u00a0? Soumises \u00e0 quelle fatalit\u00e9\u00a0? R\u00eavant de quelle puissance\u00a0?<\/p>\n<p style=\"text-align: justify;\">Ce matin nous nous sommes r\u00e9veill\u00e9s ensemble dans la peau de mouton. Je ne t\u2019ai rien dit mais j\u2019ai pens\u00e9 si fort contre ta tempe que tu m\u2019as \u00e9cout\u00e9 t\u2019aimer. Au revoir, ma ch\u00e9rie, Jeannette petite, lourde de tendresse pure, je t\u2019assure de ma pens\u00e9e.<\/p>\n<h1 style=\"text-align: justify;\"><u>Lundi<\/u>.<\/h1>\n<p style=\"text-align: justify;\">Jamais je ne t\u2019ai sentie plus pr\u00e8s que ce matin. Tu \u00e9tais consentante \u00e0 toutes mes joies et tous mes efforts et nous avancions vite dans la voie de nos d\u00e9sirs. Je crois que nous nous aiderons beaucoup mutuellement et que nous parviendront \u00e0 r\u00e9aliser beaucoup. Il y a d\u00e9j\u00e0 tant de chemin de fait. Je n\u2019ai jamais eu confiance en quelqu\u2019un comme en toi. Tu ne me sembles si s\u00fbre, si loyale, si absolument d\u00e9vou\u00e9e \u00e0 un travail parfait. Je voudrais te dire tous les mots que je pense, tout le bien que je vois en toi pendant des heures. Je te le dirai. Et j\u2019en d\u00e9couvrirai bien plus.<\/p>\n<p style=\"text-align: justify;\">C\u2019est un enchantement de d\u00e9couvrir un \u00eatre sain que la vie n\u2019ait pas atteint dans son essence pure. C\u2019est une joie extraordinaire que sentir vivre en soi le m\u00eame renouveau ardent. \u00c0 vingt ans, on ne sait gu\u00e8re ce que c\u2019est qu\u2019aimer. Il semble que c\u2019est prendre. Et de plus, on s\u2019aper\u00e7oit que c\u2019est d\u00e9couvrir et donner. Le chemin est immense, long, combl\u00e9 de joies et quelquefois d\u2019\u00e9pines, mais la r\u00e9compense est au bout de l\u2019effort. Je crois que tu m\u2019as donn\u00e9 le meilleur de ma vie. Non, pas le meilleur. Le reflet du meilleur. Car le meilleur n\u2019appartient qu\u2019\u00e0 la vie elle-m\u00eame, et il ne convient point de louer davantage la cr\u00e9ature que le cr\u00e9ateur.<\/p>\n<p style=\"text-align: justify;\">Tes marguerites sont tr\u00e8s jolies et ont repris toute leur vigueur. Tes p\u00e2querettes durent encore et le myosotis a pouss\u00e9. Il est devenu presque blanc.<\/p>\n<p style=\"text-align: justify;\">Toujours pas de lettre \u00e0 midi\u00a0! Le colis est parfait. Dis \u00e0 ma m\u00e8re de me mettre du Nab <a href=\"#_ftn7\" name=\"_ftnref7\">[7]<\/a> ou autre poudre \u00e0 vaisselle que toutes les trois semaines. J\u2019en ai encore deux paquets de r\u00e9serve. Pour le savon ne m\u2019en envoyez plus. J\u2019en ai. Par contre un tube de p\u00e2te dentifrice me serait utile. Qu\u2019elle se pr\u00e9occupe de mon costume brun. J\u2019aurais besoin aussi d\u2019un b\u00e9ret neuf. Celui que j\u2019ai commence \u00e0 vieillir. Je crois que ma taille est 57 \u00bd. Surtout que le cuir soit de bonne qualit\u00e9. Dis \u00e0 ma m\u00e8re de s\u2019en occuper.<\/p>\n<p style=\"text-align: justify;\">Pour Fr\u00e9d\u00e9ric, si tu veux lui raconter de merveilleuses histoires, relis <em>Lancelot du lac<\/em>. J\u2019en avais l\u2019exemplaire au d\u00e9p\u00f4t. Ce doit \u00eatre ma m\u00e8re qui doit l\u2019avoir. Voil\u00e0 de merveilleux contes pour un enfant. Il y a aussi <em>Les Contes de Perrault<\/em> et le <em>Robinson suisse<\/em> (certainement le bouquin le plus extraordinaire pour \u00e9veiller chez les jeunes le go\u00fbt de l\u2019aventure, de la d\u00e9couverte du travail, de la famille et de l\u2019amiti\u00e9). Je crois que <em>Les Aventures de Babar<\/em>, l\u2019\u00e9l\u00e9phant, sont tr\u00e8s \u00e9patantes et pr\u00e9sent\u00e9es admirablement, mais elles n\u2019\u00e9veillent rien d\u2019autre que la d\u00e9couverte d\u2019un monde animal. Il faut toujours m\u00ealer l\u2019histoire d\u2019une morale souple, qui p\u00e9n\u00e8tre d\u00e9j\u00e0 l\u2019esprit du bonhomme. Pour cela sois tr\u00e8s ferme. \u00c9lever un enfant, c\u2019est lui apprendre le bien, et le bien seul. Et ne pas le laisser pousser de travers selon son caprice. Mais il ne faut pas non plus contrarier la vie, briser les qualit\u00e9s sous pr\u00e9texte de vouloir trop diriger. Il faut le d\u00e9velopper dans la pleine conscience de toutes ses qualit\u00e9s et l\u2019aider \u00e0 lutter lui-m\u00eame contre les d\u00e9fauts qui tentent d\u2019envahir sa petite conscience, lui donner l\u2019horreur du laid, du petit, du mesquin, et lui montrer d\u00e9j\u00e0 les grands mod\u00e8les de caract\u00e8re\u00a0;<\/p>\n<p style=\"text-align: justify;\">J\u2019ai r\u00eav\u00e9 cette nuit d\u2019un monde o\u00f9 les hommes s\u2019entendaient, o\u00f9 nul d\u00e9saccord ne troublait plus le bonheur de travailler et de vivre. La mis\u00e8re y \u00e9tait inconnue, comme tout mal. On y gardait une \u00e9ternelle jeunesse. On y chantait les louanges de la vie. Toute de po\u00e9sie, de musique, de rythme et de danse gracieuse, l\u2019existence se d\u00e9roulait \u00e0 l\u2019infini, sans heurt, sur un ciel d\u2019extr\u00eame douceur. Un vent d\u2019amiti\u00e9 animait ces Champs \u00e9lys\u00e9ens, o\u00f9 nul ne triomphait plus qu\u2019un autre, mais o\u00f9 tous \u00e9taient transform\u00e9s par l\u2019irradiance de bonne volont\u00e9. C\u2019est ainsi qu\u2019au plus haut, au meilleur de leur nature, les hommes retrouvent la paix, une fois qu\u2019ils ont surmont\u00e9 le monde, et la mort du monde.<\/p>\n<p style=\"text-align: justify;\">Fais attention dor\u00e9navant dans tes lettres de ne plus inclure de passages susceptibles d\u2019\u00eatre censur\u00e9s. Il appara\u00eet que les consignes sont redoubl\u00e9es. Inutile donc de me signaler ce que je sais par ailleurs. Par contre, tu peux me raconter toutes les histoires familiales et sentimentales que tu veux. Ne manques pas de me dire ce que tu penses de l\u2019\u00e9t\u00e9 qui vient\u00a0; o\u00f9 tu comptes passer les vacances\u00a0; si tu pr\u00e9f\u00e8res m\u2019attendre, ou t\u2019adonner seule \u00e0 la joie des bains de mer. Ne manque pas de venir au parloir le jeudi 1<sup>er<\/sup> mai (ou le jour qui le remplace, si quelquefois il est consid\u00e9r\u00e9 comme f\u00e9ri\u00e9. Jusqu\u2019\u00e0 pr\u00e9sent nous n\u2019avons re\u00e7u aucun avis).<\/p>\n<p style=\"text-align: justify;\">Est-ce que t\u2019embrasser suffit pour te dire tout ce que je pense. C\u2019est la moindre chose. J\u2019esp\u00e8re que tu sais que tu seras couch\u00e9e. Tu m\u2019importes, \u00e0 quel point nous sommes devenus associ\u00e9s, \u00e9poux. Crois, saches que je t\u2019aime. Plus encore. Vis dans cette r\u00e9alit\u00e9 et construis sur cette pr\u00e9sence. Il n\u2019y a pas de doute. \u00c0 toi, avec tendresse.<\/p>\n<p style=\"text-align: justify;\">J.<\/p>\n<p style=\"text-align: justify;\"><a href=\"#_ftnref1\" name=\"_ftn1\">[1]<\/a> Probablement <em>Espionnes au service du Reich<\/em> de Jean Bardanne (paru en 1945) ou <em>Le Colonel Nicola\u00ef, espion de g\u00e9nie<\/em> (paru en 1947). (note de FGR)<br \/>\n<a href=\"#_ftnref2\" name=\"_ftn2\">[2]<\/a> <em>Science et Sant\u00e9 avec la Clef des \u00c9critures <\/em>est l&rsquo;ouvrage fondamental de Mary Baker Eddy, fondatrice de la Science chr\u00e9tienne, publi\u00e9 en 1875. (note de FGR)<br \/>\n<a href=\"#_ftnref3\" name=\"_ftn3\">[3]<\/a> Le r\u00e9gime presbyt\u00e9rien synodal (ou presbyt\u00e9ro-synodal) est l&rsquo;une des formes d&rsquo;organisation des \u00c9glises protestantes, c&rsquo;est la plus usit\u00e9e au sein des \u00c9glises r\u00e9form\u00e9es. (note de FGR)<br \/>\n<a href=\"#_ftnref4\" name=\"_ftn4\">4]<\/a> Clodion dit le Chevelu, \u00e9tait le chef des Francs saliens et le plus ancien roi de la dynastie des M\u00e9rovingiens dont l\u2019existence soit certaine. (note de FGR)<br \/>\n<a href=\"#_ftnref5\" name=\"_ftn5\">[5]<\/a> Pharamond ou Faramond est le nom qui fut donn\u00e9 durant le Moyen \u00c2ge et l&rsquo;Ancien R\u00e9gime au premier roi des Francs et anc\u00eatre des M\u00e9rovingiens. Ses qualit\u00e9s de roi des Francs et d&rsquo;anc\u00eatre m\u00e9rovingien sont depuis rejet\u00e9es par la critique historique et son historicit\u00e9 est \u00e9galement mise en doute. Comme anc\u00eatre des M\u00e9rovingiens et premier roi des Francs, il est donc maintenant consid\u00e9r\u00e9, comme un personnage essentiellement mythique. (note de FGR)<br \/>\n<a href=\"#_ftnref6\" name=\"_ftn6\">[6]<\/a> Aetius est un s\u00e9nateur romain et un g\u00e9n\u00e9ralissime de l&rsquo;arm\u00e9e de l&rsquo;Empire d&rsquo;Occident. il s&rsquo;occupe surtout de ce qui se passe en Gaule. Il combat les Francs et les Wisigoths. Vers 447 il octroie \u00e0 Clodion, chef des Francs, le statut de f\u00e9d\u00e9r\u00e9 ainsi qu&rsquo;un territoire autonome au sein de l&rsquo;Empire, autour de Tournai, que les Francs saliens sont charg\u00e9s de prot\u00e9ger contre les autres barbares. (note de FGR)<br \/>\n<a href=\"#_ftnref7\" name=\"_ftn7\">[7]<\/a> Nab : marque de poudre \u00e0 r\u00e9curer cr\u00e9\u00e9e en 1905 par les laboratoires Dousselin, disparue aujourd\u2019hui. (note de FGR)<\/p>\n","protected":false},"excerpt":{"rendered":"<p>\u00a0 Dimanche 20 avril 1947 Ma ch\u00e9rie, Alors, on n\u2019\u00e9crit plu. Jean attend Jeannette\u00a0! Jean soupire apr\u00e8s la prose de Jeannette\u00a0! La derni\u00e8re lettre date de dimanche sauf le pneu de mardi. Sais-tu bien que j\u2019aime tes lettres. Tu ne &hellip; <a href=\"https:\/\/monperejeanmamy.fr\/?page_id=2320\">Continuer la lecture <span class=\"meta-nav\">&rarr;<\/span><\/a><\/p>\n","protected":false},"author":2,"featured_media":11,"parent":0,"menu_order":0,"comment_status":"closed","ping_status":"closed","template":"","meta":[],"folder":[],"_links":{"self":[{"href":"https:\/\/monperejeanmamy.fr\/index.php?rest_route=\/wp\/v2\/pages\/2320"}],"collection":[{"href":"https:\/\/monperejeanmamy.fr\/index.php?rest_route=\/wp\/v2\/pages"}],"about":[{"href":"https:\/\/monperejeanmamy.fr\/index.php?rest_route=\/wp\/v2\/types\/page"}],"author":[{"embeddable":true,"href":"https:\/\/monperejeanmamy.fr\/index.php?rest_route=\/wp\/v2\/users\/2"}],"replies":[{"embeddable":true,"href":"https:\/\/monperejeanmamy.fr\/index.php?rest_route=%2Fwp%2Fv2%2Fcomments&post=2320"}],"version-history":[{"count":3,"href":"https:\/\/monperejeanmamy.fr\/index.php?rest_route=\/wp\/v2\/pages\/2320\/revisions"}],"predecessor-version":[{"id":2330,"href":"https:\/\/monperejeanmamy.fr\/index.php?rest_route=\/wp\/v2\/pages\/2320\/revisions\/2330"}],"wp:featuredmedia":[{"embeddable":true,"href":"https:\/\/monperejeanmamy.fr\/index.php?rest_route=\/wp\/v2\/media\/11"}],"wp:attachment":[{"href":"https:\/\/monperejeanmamy.fr\/index.php?rest_route=%2Fwp%2Fv2%2Fmedia&parent=2320"}],"wp:term":[{"taxonomy":"folder","embeddable":true,"href":"https:\/\/monperejeanmamy.fr\/index.php?rest_route=%2Fwp%2Fv2%2Ffolder&post=2320"}],"curies":[{"name":"wp","href":"https:\/\/api.w.org\/{rel}","templated":true}]}}