{"id":2348,"date":"2021-04-24T13:59:52","date_gmt":"2021-04-24T11:59:52","guid":{"rendered":"http:\/\/monperejeanmamy.fr\/?page_id=2348"},"modified":"2024-01-22T10:37:49","modified_gmt":"2024-01-22T09:37:49","slug":"jm-a-jr-fresnes-47-06-01","status":"publish","type":"page","link":"https:\/\/monperejeanmamy.fr\/?page_id=2348","title":{"rendered":"JM \u00e0 JR (Fresnes 47\/06\/01)"},"content":{"rendered":"<p><strong>\u00a0<\/strong><a href=\"http:\/\/monperejeanmamy.fr\/?page_id=2344\"><img loading=\"lazy\" class=\"wp-image-1352 alignleft\" src=\"http:\/\/monperejeanmamy.fr\/wp-content\/uploads\/2021\/03\/Lettre-precedente.jpg\" alt=\"\" width=\"143\" height=\"78\" \/><\/a><a href=\"http:\/\/monperejeanmamy.fr\/?page_id=2354\"><img loading=\"lazy\" class=\"alignright wp-image-1353\" src=\"http:\/\/monperejeanmamy.fr\/wp-content\/uploads\/2021\/03\/Lettre-suivante.jpg\" alt=\"\" width=\"139\" height=\"76\" \/><\/a><\/p>\n<p style=\"text-align: center;\"><strong>Dimanche 1<sup>er<\/sup> juin 1947<\/strong><\/p>\n<p style=\"text-align: center;\">Ma ch\u00e9rie,<\/p>\n<p style=\"text-align: justify;\">J\u2019ai bien re\u00e7u tes deux pneumatiques. Nous en parlerons jeudi. La p\u00e9riode choisie me semble bonne, bien que j\u2019aie l\u2019impression que nous pourrions tout \u00e9viter si nous attendions encore. Les \u00e9v\u00e8nements tournent si vite que l\u2019on peut esp\u00e9rer beaucoup. Maintenant ceci n\u2019est qu\u2019objection personnelle. J\u2019ai l\u2019habitude depuis longtemps de les faire taire, et de me pr\u00eater \u00e0 de plus hautes d\u00e9cisions. Nous ne sommes l\u00e0 que pour affirmer tout ce que nous savons de la vie, et si c\u2019est le moment d\u2019une bataille utile, nous la ferons. Le nom du pr\u00e9sident est diversement comment\u00e9. Il a \u00e0 la fois bonne et mauvaise r\u00e9putation. On ne voit pas qu\u2019il soit tr\u00e8s indulgent. Mais je me battrais contre qui le sort me d\u00e9signe. Il semble sp\u00e9cialis\u00e9 pour ce genre d\u2019affaires. C\u2019est lui qui pr\u00e9sida Bernard Fa\u00ff, Cousteau, Rebatet, Algarron\u2026 Belles r\u00e9f\u00e9rences ! Il ne fut pas tr\u00e8s objectif. Nous verrons s\u2019il sera plus conciliant avec moi. Maintenant il est pass\u00e9 beaucoup d\u2019eau sous le pont depuis lors et de jour en jour on s\u2019en va vers un chambardement, donc un apaisement ou un renforcement de rigueur ?<\/p>\n<p style=\"text-align: justify;\">Fresnes fait la gr\u00e8ve de la faim. Je n\u2019en suis pas, pour des raisons personnelles, estimant de mon devoir de me sustenter en vue du proc\u00e8s. Mais il se peut que l\u2019opinion internationale alert\u00e9e s\u2019inqui\u00e8te du sort des condamn\u00e9s politiques en France. Il semble que de ce c\u00f4t\u00e9, il y ait des pressions. Le mar\u00e9chal serait r\u00e9clam\u00e9 par l&rsquo;Am\u00e9rique o\u00f9 il poss\u00e8de beaucoup d&rsquo;amis. La presse de gauche s&rsquo;en indigne. En vain sans doute. La d\u00e9tente est proche. Le gouvernement est critiqu\u00e9 m\u00eame par ses anciens amis. Il semble les conduire \u00e0 l&rsquo;ab\u00eeme. Nous savons que dans les organisations auxquelles j&rsquo;appartenais il y a des r\u00e9ticences, et du sursaut profond. Les communisants n&rsquo;ont pas la loi. Les avocats paraissent apporter des nouvelles bien curieuses. N\u2019est-on pas \u00e0 la veille d&rsquo;une telle transformation que les proc\u00e8s dispara\u00eetront dans la nouvelle mar\u00e9e.<\/p>\n<p style=\"text-align: justify;\">En tout cas, j&rsquo;ai une confiance absolue. Je passerai \u00e0 travers toutes les flammes sans me br\u00fbler. Les adversaires hypocrites en seront pour leurs frais. Et puis je te regarderai dans la salle.<\/p>\n<p style=\"text-align: justify;\">Tes marguerites tiennent encore. Les roses ont peu dur\u00e9. Mais ce qui tient plus que tout, c&rsquo;est tout le flot de tendresse que je re\u00e7ois de toi \u00e0 chaque heure et qui est comme un bain de fra\u00eecheur ravie. Je sais tout ce que tu penses, et souhaites, et esp\u00e8res. Ce dont tu es convaincue, et les pas que tu fais, et les efforts que tu poursuis. Tu seras r\u00e9compens\u00e9e de tout. Je pense que nous aurons notre jour de triomphe apr\u00e8s ceux d\u2019\u00e9preuve. Au fond, le jour d\u2019\u00e9preuve n&rsquo;est-il pas celui du triomphe\u00a0? Si nous pouvons faire s&rsquo;\u00e9vanouir \u00e0 la haine qui trouble tous les c\u0153urs, nous aurons gagn\u00e9.<\/p>\n<p style=\"text-align: justify;\">La journ\u00e9e est chaude, presque accablante. Je vais aller au culte cet apr\u00e8s-midi pour trouver un peu de fra\u00eecheur dans les bo\u00eetes de la chapelle, car nous sommes enferm\u00e9s dans des armoires particuli\u00e8res. Un haut-parleur diffuse des disques sur le terrain de la Croix de Berny o\u00f9 campent des communistes qui nous ont abreuv\u00e9s hier soir de chants russes et de <em>L&rsquo;Internationale<\/em>. De fen\u00eatre en fen\u00eatre on ne parle que de la gr\u00e8ve. Hier on nous annon\u00e7ait les \u00e9v\u00e9nements de Hongrie. Ce matin, l&rsquo;histoire d&rsquo;Abd el Krim <a href=\"#_ftn1\" name=\"_ftnref1\">[1]<\/a>. Tout se pr\u00e9cipite. Et le scandale Roussy <a href=\"#_ftn2\" name=\"_ftnref2\">[2]<\/a>. T\u00e2che d\u2019arriver jeudi avec une masse de nouvelles. Je veux savoir les r\u00e9sultats de la gr\u00e8ve dans les journaux am\u00e9ricains, l&rsquo;opinion de l&rsquo;\u00e9tranger etc\u2026.<\/p>\n<p style=\"text-align: justify;\">Les l\u00e9gendes de Selma Lagerloff <a href=\"#_ftn3\" name=\"_ftnref3\">[3]<\/a> sont \u00e9patantes, la premi\u00e8re surtout. La Fille du grand marais fera un excellent film. C\u2019est not\u00e9. N\u2019en dit mot \u00e0 quiconque. Je veux me r\u00e9server le sujet. Si tu as l\u2019occasion de lire d\u2019autres r\u00e9cits avec des personnages d\u2019une sant\u00e9 morale, d\u2019une puret\u00e9 enfantine magnifique, mets le de c\u00f4t\u00e9. Je ne veux plus m\u2019occuper que d\u2019un certain art. Remercie infiniment l\u2019ami de la rue Amp\u00e8re.<\/p>\n<p style=\"text-align: justify;\">Merci d\u2019avance pour Eschyle. Je vais y travailler imm\u00e9diatement. Veux-tu sp\u00e9cifier sur le livre en m\u00eame temps que les indications d\u2019usage \u00ab\u00a0livre d\u2019\u00e9tude\u00a0\u00bb pour qu\u2019il reste dans ma cellule et que je ne sois point oblig\u00e9 de le donner \u00e0 la biblioth\u00e8que. Pour le Chantepie, comme c\u2019est pour toi, fais pour le mieux. Si je pouvais faire beaucoup plus\u2026 mais un jour viendra o\u00f9 nous partagerons tout. Pour l\u2019instant tu ne partages que mes soucis. Merci aussi d\u2019inviter ma m\u00e8re le 8 juin. Je suis certain qu\u2019elle en sera heureuse. Cela me touche beaucoup.<\/p>\n<h1 style=\"text-align: justify;\"><u>Lundi 14 heures<\/u>.<\/h1>\n<p style=\"text-align: justify;\">La gr\u00e8ve bat son plein ici. Plus de la moiti\u00e9 ne mange pas depuis deux jours. Les chaleurs sont mauvaises conseill\u00e8res. Nous faisons tous nos efforts pour apporter un peu de sagesse dans des cervelles d\u00e9traqu\u00e9es. Ce n&rsquo;est pas commode. Esp\u00e9rons que toute cette effervescence ne tournera pas au d\u00e9triment des malheureux qui s\u2019\u00e9nervent derri\u00e8re les barreaux. On comprend leur d\u00e9sespoir. Rejet\u00e9s de cette communaut\u00e9 fran\u00e7aise o\u00f9 ils avaient inclus le meilleur d&rsquo;eux-m\u00eames, ils demandent \u00e0 vivre sur un sol humain. Peu sont habitu\u00e9s \u00e0 l&rsquo;adversit\u00e9 perp\u00e9tuelle. Leur cerveau na\u00eff s\u2019\u00e9meut de choses qui nous paraissent \u00e0 nous, leurs a\u00een\u00e9s, fort naturelles, car nous avons vu le jeu des forces antagonistes et nous avons mesur\u00e9 les d\u00e9cha\u00eenements de part et d&rsquo;autre. Et jamais je n&rsquo;ai senti comme ce matin et la menace qui p\u00e8se sur ce pays. Une fissure s&rsquo;\u00e9largit entre le bas mis\u00e9rable et le moindre qui poss\u00e8de un peu. Le prisonnier du deuxi\u00e8me \u00e9tage envie celui du quatri\u00e8me. Celui qui n&rsquo;a pas de colis enrage contre celui qui re\u00e7oit. Le plus b\u00eate hait le plus intelligent. Personne de la base ne veut apprendre, mais r\u00e9gner par les poings. Ainsi dehors, nous voyons bien le genre d&rsquo;erreurs qui pr\u00e9tendent s&rsquo;implanter sur ce peuple. Voil\u00e0 les r\u00e9sultats de 70 ans d&rsquo;\u00e9cole la\u00efque, et communisante. Il faudra que je t&rsquo;apprenne le B.A.BA. de la vie, car, toute petite fille, tu ne connais que les instincts du c\u0153ur, mais il faut t\u2019en donner la science. Tu dois faire de ton fils, de toutes tes enfants, des merveilles, des miracles accomplis.<\/p>\n<p style=\"text-align: justify;\">Que veux-tu savoir d\u2019aimable aujourd\u2019hui\u00a0? Que je pense \u00e0 toi avec cette affection permanente et profonde qui est la joie de celui qui donne comme de celle qui re\u00e7oit\u00a0? Que tout ce que j\u2019ai de meilleur dans la tendresse qu\u2019on porte aux \u00eatres choisis, \u00e9lus, patiemment recherch\u00e9s, s\u2019en va non point tant vers la personne, que vers ton essence, ce meilleur toi-m\u00eame, cette plus haute nature le sourire qui est derri\u00e8re ton front et qui s\u2019\u00e9clairera tous mes matins, qui les \u00e9claire d\u00e9j\u00e0, qui les baigne d\u2019une patience lente, ces deux bras frais et jeunes qui savent s\u2019appuyer sur les \u00e9paules, ces mains qui se posent sur les yeux, o\u00f9 l\u2019on trouve le repos d\u2019un bonheur sans limites, cette tempe soud\u00e9e contre la mienne, o\u00f9 l\u2019on per\u00e7oit le battement d\u2019un infini tout proche, et un irr\u00e9pressible amour qui attend son heure toutes les heures, toute son \u00e9ternit\u00e9. Car nous nous suivrons partout, d\u00e8s maintenant. Tu ne me quitteras plus jamais. Il faudra que je t\u2019apprenne comment ne pas nous s\u00e9parer bien plus loin encore que dans la vision humaine. Je t\u2019ai. Je te garde. Et je te donne la permission de m\u2019aimer sans limites, sans aucune restriction, tant que tu veux, \u00e0 n\u2019en plus pouvoir, \u00e0 ne plus savoir quoi dire, \u00e0 \u00e9prouver toutes les satisfactions les plus impond\u00e9rables, celle de se sentir plus l\u00e9g\u00e8re, et plus joyeuse, et plus d\u00e9vou\u00e9e, et plus r\u00e9ceptive, et pleine d\u2019id\u00e9es \u00e9tonnantes et si stables, et si b\u00e9n\u00e9fiques que tu t\u2019en sentiras toute renouvel\u00e9e. Je t\u2019aime, petite fille, sans passion, avec passion, avec une puret\u00e9 qui est flamme, avec une ardeur qui est oc\u00e9an de douceur, avec tous mes bras, tous mes yeux, toutes mes plus hautes faveurs. J\u2019ai d\u00e9couvert cela en moi ici, parce que ce feu dormait, couvait dans mon coin et devait un jour r\u00e9duire en cendres tous pr\u00e9jug\u00e9s, toutes timidit\u00e9s, toutes barri\u00e8res obscures. Pourquoi ne l\u2019ai-je pas dit plus t\u00f4t\u00a0? Avant\u00a0? Parce qu\u2019on ne raconte que ce que l\u2019on voit, on ne d\u00e9crit que les faits dont on est t\u00e9moin, et cela n\u2019\u00e9tait pas apparu avec autant de nettet\u00e9, d\u2019ampleur, de puissance. Ce que je veux pour toi est le m\u00eame que ce que je veux pour moi. Une largeur d\u2019horizon si grande qu\u2019on n\u2019en finisse plus de contempler l\u2019espace, une pr\u00e9cision si vive du moment, qui contient tout, que la merveille nous en apparaisse sans rel\u00e2che, un \u00e9tonnant \u00e9clair de vie qui dure tant qu\u2019on ne vit plus que dans la lumi\u00e8re. Sais-tu rire \u00e0 pleins poumons libres\u00a0? Je te ferai tant rire que les bois et les monts s\u2019empliront de tous les cris des oiseaux railleurs. Sais-tu regarder les \u00e9toiles\u00a0? Je t\u2019apprendrai tous les noms de celles qu\u2019on ne voit pas, de celles qu\u2019on ne conna\u00eet pas, de celles qu\u2019on n\u2019imagine pas, de celles qui ne sont pas encore n\u00e9es. Veux-tu savoir le secret de la Terre et du Ciel\u00a0? M\u2019entrouvriras-tu ta main pour y d\u00e9poser en silence un baiser si pur et profond que tu comprendras d\u2019un coup pourquoi il se fait que le soleil semble plus brillant quand les yeux s\u2019ouvrent sur les choses r\u00e9elles\u00a0?<\/p>\n<p style=\"text-align: justify;\">Voil\u00e0 qui te montre qu\u2019on te veut du bien, qu\u2019on veut ton bien, qu\u2019on cherche \u00e0 \u00eatre celui qui doit te plaire. Tu ne me dis point trop si tu trouves de la joie \u00e0 lire les mots doux et sinc\u00e8res qui font notre joie du lundi. Je sais bien que d\u2019autres pr\u00e9occupations rodent autour de toi et que les angoissent d\u2019un proc\u00e8s semblent plus proches que les bonheurs de la libert\u00e9 retrouv\u00e9e. Tu voudrais qu\u2019on t\u2019\u00f4te toute ta peine \u00e0 sentir combien la main des hommes est dure quand elle retombe sur des vaincus. Patience\u00a0! Nous en sortirons. M\u00eame si cela doit \u00eatre tr\u00e8s dur. J\u2019ai l\u2019intention de me montrer le plus digne possible, digne de toutes les estimes, comme de toutes les railleries de l\u2019adversaire, de toutes ses vil\u00e9nies. Le mal n\u2019aura pas le dessus. D\u00e9j\u00e0 d\u00e8s \u00e0 pr\u00e9sent nous sentons un souffle nouveau dans une foule \u00e9c\u0153ur\u00e9e de tant de proc\u00e8s pitoyables et d\u2019une si interminable pers\u00e9cution contre ceux qui n\u2019ont agi que selon leur c\u0153ur.<\/p>\n<p style=\"text-align: justify;\">Il ne faut jamais voir en l\u2019\u00e9preuve un danger, mais une occasion de vaincre. Si tu veux \u00eatre ma femme, ma compagne de vie et de lutte, il faut d\u00e9j\u00e0 te m\u00fbrir, et apprendre qu\u2019on doit traverser toutes les flammes d\u2019un c\u0153ur farouche. J\u2019ai confiance en toi pour ne pas trembler, car il n\u2019y a pas \u00e0 trembler. La crainte n\u2019existe pas. C\u2019est un mauvais r\u00eave. Il ne faut jamais, jamais, douter de la pr\u00e9sence absolue, totale, de cet Esprit qui renverse toutes les machinations humaines, qui gu\u00e9rit tout, qui r\u00e9concilie tout, qui r\u00e9tablit quiconque dans ses droits l\u00e9gitimes. Ne t\u2019inqui\u00e8te point et marche avec moi, la main dans la main. Oui, sans conditions.<\/p>\n<p style=\"text-align: justify;\">Nous conviendrons jeudi de tout ce que nous devons faire pour la chose en question. Ce qui m\u2019importe c\u2019est d\u2019avoir le plus de renseignements possible sur la mentalit\u00e9 du monsieur, sur la date, sur les dessous de l\u2019affaire (Pourquoi lui ? Est-ce un hasard ? N\u2019a-t-il pas r\u00e9clam\u00e9, etc&#8230;). D\u2019autre part, n\u2019oublie pas de me parler de la presse. Je te donnerai des indications l\u00e0-dessus. Si tu vois Floriot demande-lui de m\u2019envoyer une secr\u00e9taire au hasard d\u2019une visite \u00e0 Fresnes (veille \u00e0 ce qu\u2019il ne te parle point d\u2019argent. S\u2019il faut le laisser dormir, laissons. Quoique je pense que ses pr\u00e9tentions sont maintenant assouvies, d\u2019autant plus que je ne suis pas un client remuant).<\/p>\n<p style=\"text-align: justify;\">\u00c0 part cela, tout cela, rien que cela, que te dire\u00a0? Ceci\u00a0: le soleil est si beau qu\u2019il \u00e9crase toutes les laideurs et fait vivre toutes les plantes, et fait crier d\u2019aise toutes les b\u00eates. Imagine donc ce que sera notre vie plac\u00e9e sous le signe br\u00fblant d\u2019un amour si intense qu\u2019il \u00e9purera jusqu\u2019au souvenirs. Tu m\u2019apparais radieuse dans une aurore de chansons. Sache bien que ta main ne s\u2019est pas ouverte en vain le jour o\u00f9 tu a voulu me donner ton secret le plus cach\u00e9. Dis \u00e0 mon Fr\u00e9d\u00e9ric et \u00e0 ma Catherine, et \u00e0 mon Roland, et \u00e0 mon Agn\u00e8s, et \u00e0 mon Gr\u00e9goire, et \u00e0 notre Thomas que je les aime tous et toutes d\u2019un c\u0153ur immense, et que je te v\u00e9n\u00e8re \u00e0 plaisir. Mes tr\u00e8s gros baisers sans conditions.<\/p>\n<p style=\"text-align: justify;\">J.<\/p>\n<p style=\"text-align: justify;\"><a href=\"#_ftnref1\" name=\"_ftn1\">[1]<\/a> Mohamed ben Abdelkrim El Khattabi,\u00a0 r\u00e9sistant marocain combat \u00e0 partir de 1925 les forces fran\u00e7aises dirig\u00e9es par le mar\u00e9chal P\u00e9tain. En 1926, Abdelkrim et une partie de sa famille est exil\u00e9 \u00e0 La R\u00e9union. En mai 1947, ayant eu l&rsquo;autorisation de s&rsquo;installer dans le sud de la France, il embarque, avec 52 personnes de son entourage et le cercueil de sa grand-m\u00e8re, \u00e0 bord du Katoomba, un navire des Messageries maritimes en provenance d&rsquo;Afrique du Sud et \u00e0 destination de Marseille. Arriv\u00e9 \u00e0 Suez o\u00f9 le bateau fait escale, il r\u00e9ussit \u00e0 s&rsquo;\u00e9chapper et passe la fin de sa vie en \u00c9gypte, o\u00f9 il pr\u00e9sidera le \u00ab Comit\u00e9 de lib\u00e9ration pour le Maghreb \u00bb. (note de FGR)<br \/>\n<a href=\"#_ftnref2\" name=\"_ftn2\">[2]<\/a> Gustave Roussy, Le p\u00e8re de la canc\u00e9rologie. Durant la deuxi\u00e8me guerre mondiale, il prend ouvertement position contre l\u2019occupation allemande. Au fa\u00eete de sa gloire en 1947, il est nomm\u00e9 secr\u00e9taire d\u2019\u00e9tat et appel\u00e9 \u00e0 si\u00e9ger au Conseil des ministres. Quelques mois plus tard une instruction judiciaire est ouverte contre lui sur la demande du minist\u00e8re des Finances au motif d&rsquo;une sombre affaire de fraude fiscale. Ce scandale fait l\u2019objet d\u2019une campagne de presse diffamatrice et retentissante, anim\u00e9e par la jalousie de ses ennemis et par de sourdes rivalit\u00e9s politiques. Il est contraint \u00e0 la d\u00e9mission de toutes ses fonctions et tente de s\u2019empoisonner. Sa bonne foi est enfin reconnue et un non-lieu est prononc\u00e9 en mai 1948. Humili\u00e9 et bris\u00e9, il se suicide le 30 septembre 1948 \u00e0 l\u2019\u00e2ge de 73 ans. (note de FGR)<br \/>\n<a href=\"#_ftnref3\" name=\"_ftn3\">[3]<\/a> Selma Ottilia Lovisa Lagerl\u00f6f est un \u00e9crivain su\u00e9dois. Elle est la premi\u00e8re femme \u00e0 recevoir le Prix Nobel de litt\u00e9rature. Son \u0153uvre la plus connue est Le <em>Merveilleux Voyage de Nils Holgersson \u00e0 travers la Su\u00e8de. <\/em>(note de FGR)<em><br \/>\n<\/em><\/p>\n","protected":false},"excerpt":{"rendered":"<p>\u00a0 Dimanche 1er juin 1947 Ma ch\u00e9rie, J\u2019ai bien re\u00e7u tes deux pneumatiques. Nous en parlerons jeudi. La p\u00e9riode choisie me semble bonne, bien que j\u2019aie l\u2019impression que nous pourrions tout \u00e9viter si nous attendions encore. Les \u00e9v\u00e8nements tournent si &hellip; <a href=\"https:\/\/monperejeanmamy.fr\/?page_id=2348\">Continuer la lecture <span class=\"meta-nav\">&rarr;<\/span><\/a><\/p>\n","protected":false},"author":2,"featured_media":11,"parent":0,"menu_order":0,"comment_status":"closed","ping_status":"closed","template":"","meta":[],"folder":[],"_links":{"self":[{"href":"https:\/\/monperejeanmamy.fr\/index.php?rest_route=\/wp\/v2\/pages\/2348"}],"collection":[{"href":"https:\/\/monperejeanmamy.fr\/index.php?rest_route=\/wp\/v2\/pages"}],"about":[{"href":"https:\/\/monperejeanmamy.fr\/index.php?rest_route=\/wp\/v2\/types\/page"}],"author":[{"embeddable":true,"href":"https:\/\/monperejeanmamy.fr\/index.php?rest_route=\/wp\/v2\/users\/2"}],"replies":[{"embeddable":true,"href":"https:\/\/monperejeanmamy.fr\/index.php?rest_route=%2Fwp%2Fv2%2Fcomments&post=2348"}],"version-history":[{"count":4,"href":"https:\/\/monperejeanmamy.fr\/index.php?rest_route=\/wp\/v2\/pages\/2348\/revisions"}],"predecessor-version":[{"id":3247,"href":"https:\/\/monperejeanmamy.fr\/index.php?rest_route=\/wp\/v2\/pages\/2348\/revisions\/3247"}],"wp:featuredmedia":[{"embeddable":true,"href":"https:\/\/monperejeanmamy.fr\/index.php?rest_route=\/wp\/v2\/media\/11"}],"wp:attachment":[{"href":"https:\/\/monperejeanmamy.fr\/index.php?rest_route=%2Fwp%2Fv2%2Fmedia&parent=2348"}],"wp:term":[{"taxonomy":"folder","embeddable":true,"href":"https:\/\/monperejeanmamy.fr\/index.php?rest_route=%2Fwp%2Fv2%2Ffolder&post=2348"}],"curies":[{"name":"wp","href":"https:\/\/api.w.org\/{rel}","templated":true}]}}