{"id":2354,"date":"2021-04-24T14:44:22","date_gmt":"2021-04-24T12:44:22","guid":{"rendered":"http:\/\/monperejeanmamy.fr\/?page_id=2354"},"modified":"2024-01-22T10:47:23","modified_gmt":"2024-01-22T09:47:23","slug":"jm-a-jr-fresnes-47-06-08","status":"publish","type":"page","link":"https:\/\/monperejeanmamy.fr\/?page_id=2354","title":{"rendered":"JM \u00e0 JR (Fresnes 47\/06\/08)"},"content":{"rendered":"<p><strong>\u00a0<\/strong><a href=\"http:\/\/monperejeanmamy.fr\/?page_id=2348\"><img loading=\"lazy\" class=\"wp-image-1352 alignleft\" src=\"http:\/\/monperejeanmamy.fr\/wp-content\/uploads\/2021\/03\/Lettre-precedente.jpg\" alt=\"\" width=\"143\" height=\"78\" \/><\/a><a href=\"http:\/\/monperejeanmamy.fr\/?page_id=2359\"><img loading=\"lazy\" class=\"alignright wp-image-1353\" src=\"http:\/\/monperejeanmamy.fr\/wp-content\/uploads\/2021\/03\/Lettre-suivante.jpg\" alt=\"\" width=\"139\" height=\"76\" \/><\/a><\/p>\n<p style=\"text-align: center;\"><strong>Dimanche 8 juin 1947<\/strong><\/p>\n<p style=\"text-align: center;\">Ma petite fille ch\u00e9rie,<\/p>\n<p style=\"text-align: justify;\">J\u2019ai bien re\u00e7u ta lettre de jeudi. Moi aussi j\u2019\u00e9tais heureux de te voir comme je suis heureux de penser \u00e0 toi. Il semble que quand nous nous rencontrons la paix entre par la fen\u00eatre. C\u2019est pourquoi il fera tr\u00e8s calme dans la salle d\u2019audience si tu es assise bien sagement \u00e0 ton banc, et si tu \u00e9coutes sans battement de c\u0153ur tout ce que je vais dire \u00e0 ces braves gens qui ne savent pas grand-chose de la Collaboration. Mais arriverons-nous \u00e0 cette audience\u00a0? Il y a des jours o\u00f9 j\u2019en doute quand je vois ce qui se passe dehors, si toutefois nous devons y aller, ce sera avec tant de calme.<\/p>\n<p style=\"text-align: justify;\">Le proc\u00e8s Benoist-M\u00e9chin <a href=\"#_ftn1\" name=\"_ftnref1\">[1]<\/a> nous a appris beaucoup de choses. Au lieu de chercher \u00e0 dissimuler, \u00e0 s\u2019excuser, \u00e0 pr\u00e9texter le double jeu, mieux vaut attaquer en face, dire toute la v\u00e9rit\u00e9 qu\u2019on attend de nous, faire voir \u00e0 la foule que les hommes courageux et probes sont ceux qui sont dans les pr\u00e9toires, et que de l\u2019autre c\u00f4t\u00e9 si\u00e8ge qui veut. J\u2019ai beaucoup r\u00e9fl\u00e9chi \u00e0 cela ce matin. Il n\u2019y a maintenant plus \u00e0 ruser, ni attendre, mais foncer. Le moment va venir. Sera-ce juillet ou octobre\u00a0? Peu importe. L\u2019occasion nous est donn\u00e9e. Et nous ferons \u0153uvre utile. J\u2019ai retrouv\u00e9 tout \u00e0 coup toute la lucidit\u00e9 voulue.<\/p>\n<p style=\"text-align: justify;\">As-tu travaill\u00e9 un peu\u00a0? O\u00f9 en sont les rectifications\u00a0? On me signale un \u00e9diteur\u00a0: Le Portulan qui vient de publier le dernier \u00ab\u00a0Prix Sainte-Beuve\u00a0\u00bb. Veux-tu te mettre en rapport avec lui et lui pr\u00e9senter les <em>B. d\u2019Or<\/em>. L\u2019auteur du prix Ste Beuve est un de mes bons camarades Soul\u00e8s <a href=\"#_ftn2\" name=\"_ftnref2\">[2]<\/a> qui \u00e9tait chef du MSR. Il te faut maintenant commencer les d\u00e9marches. Si tu ne les fais pas directement fais-toi conseiller. Ne pr\u00e9sente que les <em>B. d.<\/em> et tu peux montrer <em>Hippodamie<\/em>. Un point c\u2019est tout. Pour le reste, n\u2019en parle pas. Dis que tu sais qu\u2019il y a d\u2019autres choses en pr\u00e9paration, mais\u2026 Pour les <em>B. d.<\/em> fais r\u00e9cup\u00e9rer le manuscrit qui est ici et qui est le d\u00e9finitif. Peut-\u00eatre l\u2019ami de la rue Amp\u00e8re peut-il te conseiller. Il faut absolument commencer \u00e0 d\u00e9marcher.<\/p>\n<p style=\"text-align: justify;\">J\u2019ai d\u00e9j\u00e0 lu avec int\u00e9r\u00eat <em>Tropique du Capricorne <a href=\"#_ftn3\" name=\"_ftnref3\"><strong>[3]<\/strong><\/a><\/em>. L\u2019auteur est digne de l\u2019asile d\u2019ali\u00e9n\u00e9s. Voil\u00e0 o\u00f9 m\u00e8ne la litt\u00e9rature surr\u00e9aliste, la philosophie communiste ou marxiste, la libre pens\u00e9e, les \u00e9ditions Gallimard et autres salet\u00e9s. Ne nous indignons point. Inutile. Tu n\u2019as pas \u00e0 \u00eatre effarouch\u00e9e en me tendant ce document sp\u00e9cial. J\u2019en ai lu d\u2019autres. Mais il faut l\u2019avoir lu pour comprendre quels soucis hantent l\u2019homme d\u2019aujourd\u2019hui. Nous sommes l\u00e0 en face d\u2019une des plaies du monde. L\u2019auteur a mis \u00e0 nu ce que d\u2019autres voilent pudiquement. Il y a des milliers, des millions d\u2019hommes qui vivent ainsi. Nous qui savons autre chose pouvons \u00e9chapper \u00e0 de telles hantises qui conduisent \u00e0 des catastrophes morales et physiques. Car ces sortes de gens sont des malheureux inassouvis qui ne savent point ce qu\u2019est l\u2019amour, l\u2019affection, la tranquillit\u00e9, la puret\u00e9 de l\u2019\u0153uvre commune. Ils cherchent dans un plaisir effr\u00e9n\u00e9 une satisfaction qui ne vient jamais. Je ne t\u2019apprendrai pas \u00e0 vivre de cette mani\u00e8re. Nous construirons notre foyer sur d\u2019autres bases, plus solides.<\/p>\n<p style=\"text-align: justify;\">Tu ne connais pas du tout ce milieu litt\u00e9raire qui \u00e9dite ces choses. J\u2019ai fr\u00e9quent\u00e9 ces gens pendant des ann\u00e9es car nous \u00e9tions oblig\u00e9s de nous c\u00f4toyer dans le cin\u00e9ma ou ailleurs. Ce sont de tristes personnages, des amis qui se sont r\u00e9v\u00e9l\u00e9s des ennemis, des voyous insanes, des gens qui ont aujourd\u2019hui r\u00e9putation litt\u00e9raire bien assise dans les milieux dits \u00ab de gauche \u00bb mais qui ne doivent leur succ\u00e8s qu\u2019\u00e0 des cochonneries \u00e9dit\u00e9es sous le manteau. Je ne suis pas du tout de cette p\u00e2te, et s\u2019il m\u2019est arriv\u00e9 de les avoir \u00e9cout\u00e9s autrefois, je m\u2019en suis \u00e9loign\u00e9 avec d\u00e9go\u00fbt. Maintenant le calme est totalement revenu. Gu\u00e9ri de toutes ces aventures de jeunesse o\u00f9 l\u2019on vous ber\u00e7a d\u2019illusions b\u00eates, je puis regarder ces pauvres hommes de quarante \u00e0 cinquante ans qui n\u2019ont pas eu le courage de rompre avec eux-m\u00eames, de se r\u00e9volter contre l\u2019infamie qui pesait sur eux. Ils se sont abandonn\u00e9s au vice, \u00e0 la gloire \u00e9ph\u00e9m\u00e8re, aux clans, \u00e0 l\u2019opinion publique, \u00e0 tout ce qui les flatte, les grise, les emp\u00eache de voir l\u2019avenir sous le jour qu\u2019il faut. Ils ne connaissent rien de la vraie joie, comme du chemin rude qu\u2019il faut monter quand doit accomplir une \u0153uvre valable. Il leur faut les palmes du triomphe, mais ils refusent la croix. Or celle-ci est n\u00e9cessaire sinon on n\u2019arrive pas au but qui est d\u2019\u00eatre humble et sinc\u00e8re, et vrai, et d\u00e9tenteur de la v\u00e9rit\u00e9 \u00e9ternelle qui ne jaillit que pour les c\u0153urs purs, ceux qui sont assez soumis pour faire taire tous les d\u00e9mons du monde.<\/p>\n<p style=\"text-align: justify;\">Tu es ma petite compagne, petite fille Si tu veux m\u2019aider, si tu veux me laisser t\u2019aider, il faudra \u00e9couter mes paroles douces comme les plus \u00e2pres et sages. Je ne veux que ton bonheur et n\u2019ai pas le droit d\u2019appesantir sur toi ma propre volont\u00e9, mais tu dois savoir que je suis engag\u00e9 dans des sentiers peu commodes et peu fr\u00e9quent\u00e9s. Ceux de l\u2019honn\u00eatet\u00e9, ceux d\u2019un art plus difficile que les formes mondaines des snobismes actuels, ceux de la raret\u00e9, ceux de la foi dans un id\u00e9al moins visible que ceux propres aux foules. Sauras-tu \u00eatre assez patiente pour \u00e9couter ce que la vie oblige d\u2019\u00eatre \u00e0 chaque minute\u00a0: silencieux et tendres, calmes et bienheureux, pleins d\u2019ardeur et tranquilles, actifs au plus haut point contre tous les dangers, contre toutes les tentations. Avec moi tu n\u2019auras pas de jouissances mais des \u00e9preuves qui apporteront un bonheur r\u00e9el, pas de plaisirs malsains mais des joies dures, affermies, r\u00e9elles. Je suis un homme d\u2019\u00e9tude et de travail, comme de tendresse et de douceur. Ne seras-tu pas jalouse de la Po\u00e9sie qui prendra des heures pr\u00e9cieuses, de la recherche m\u00e9taphysique, des travaux mentaux qui demandent des soins assidus, de tout ce qui ne te sera pas exclusivement consacr\u00e9, bien que tu sois incluse dans tout et que tu b\u00e9n\u00e9ficies de tout. Il ne faut pas m\u2019aimer seulement. Il faut aimer ce qui est aimable, ce qu\u2019on doit aimer en tout, le Principe qui nous aime, l\u2019Univers qui nous soutient, la vie qui est l\u00e0 et qu\u2019on partage, le bonheur qu\u2019on d\u00e9couvre.<\/p>\n<p style=\"text-align: justify;\">Pour ce soir je t\u2019enveloppe de tous mes bras, je te berce de toute ma paisible esp\u00e9rance, de toute ma pr\u00e9sence sans remous. Tu passeras une soir\u00e9e merveilleusement bonne \u00e0 savoir que la vie est si grande qu\u2019on n\u2019en finit plus de la contempler. \u00c0 bient\u00f4t te lire, te voir, t\u2019embrasser (avant No\u00ebl, pourquoi pas\u00a0?).<\/p>\n<p style=\"text-align: justify;\">J\u2019ai bavard\u00e9 tout l\u2019apr\u00e8s-midi avec un camarade qui vient d\u2019\u00eatre arr\u00eat\u00e9 et qui m\u2019a rapport\u00e9 beaucoup de choses. Tout va tr\u00e8s bien. Pas d\u2019inqui\u00e9tudes. Dors bien. De mon c\u00f4t\u00e9 je suis plus que tranquille. Bonne nuit.<\/p>\n<h1 style=\"text-align: justify;\"><u>Lundi 14 heures<\/u>.<\/h1>\n<p style=\"text-align: justify;\">Bonjour toi. Je t\u2019ai dit longuement bonjour ce matin quand tu es venue, toute menue, apporter ton offrande au prisonnier. Je t\u2019ai sentie de si loin. Tous tes baisers ont raisonn\u00e9 sur mes barreaux. Ton c\u0153ur battant a fait un tel vacarme dans la prison que les portes s\u2019en sont ouvertes. Ta voix retentissait dans ma t\u00eate comme un bourdon charmant. Tes mains dissipaient mon r\u00eave et tu t\u2019es gliss\u00e9e tout au long de moi dans la peu de mouton pour rester l\u00e0 sans rien dire comme une fille \u00e9blouies par la chaleur retrouv\u00e9e. Je t\u2019ai gard\u00e9e en silence, sans bouger en priant pour que l\u2019instant le meilleur continue toute l\u2019\u00e9ternit\u00e9.<\/p>\n<h1 style=\"text-align: justify;\">17 heures.<\/h1>\n<p style=\"text-align: justify;\">Retour du colis qui est toujours plus que parfait. Les gueules de loup sont d\u00e9j\u00e0 sur la fen\u00eatre. J\u2019esp\u00e8re ne pas les voir fleurir jusqu\u2019au bout comme l\u2019ann\u00e9e derni\u00e8re car les \u00e9v\u00e8nements galopent, galopent. Nous attendons beaucoup de ce mois de juin qui commence fort bien et qui se terminera peut-\u00eatre encore mieux. Des bruits courent, courent. Vous autres, dehors, ne pouvez pas savoir tant il y a de mensonges autour de vous. Le gouvernement cherche \u00e0 se raccrocher. Il y aura des mouvements de bascule terribles. Je ne voudrais pas te r\u00e9jouir trop vite mais j\u2019ai bien l\u2019impression que je tiendrai ma promesse pour No\u00ebl, et m\u00eame avant.<\/p>\n<p style=\"text-align: justify;\">Ma ch\u00e9rie, tu es toute mienne et tu ne me quitteras plus. Je t\u2019apprendrai tout ce que je sais et tout ce que je d\u00e9couvrirai le long de la route. Tu m\u2019apprendras tout le merveilleux de ton c\u0153ur sinc\u00e8re, toute la joie de l\u2019effort en commun. Voici que nous nous lions pour la bonne \u0153uvre. Elle est durable, solide, \u00e9ternelle. Elle va bien au-del\u00e0 de nous-m\u00eames. Soyez patients tous, au dehors. Passez tranquillement \u00e0 travers les \u00e9preuves prochaines. Qu\u2019elles ne vous paraissent pas dures. Je compte sur toi pour prendre ma m\u00e8re en main et l\u2019emp\u00eacher de s\u2019\u00e9mouvoir si quelquefois il y a quelque trouble. Je crois du reste qu\u2019elle est fort raisonnable et qu\u2019elle a pris l\u2019habitude de surmonter ses craintes, m\u00eame si rien ne marche plus. Vous devez savoir que vous pourrez durer tant qu\u2019il faudra. Si cela est n\u00e9cessaire r\u00e9fugie-toi en banlieue, chez la dame o\u00f9 tu passe tes vacances depuis deux ans<a href=\"#_ftn4\" name=\"_ftnref4\">[4]<\/a>. Ce sera l\u00e0 un excellent s\u00e9jour d\u2019attente. Je persiste \u00e0 penser qu\u2019il ne se passera rien de plus grave qu\u2019en 1944 et que les \u00e9v\u00e8nements tourneront bien et vite.<\/p>\n<p style=\"text-align: justify;\">Quand nous partirons pour l\u2019Am\u00e9rique, c\u2019est que nous aurons d\u00e9j\u00e0 r\u00e9gl\u00e9 toutes nos affaires ici. Or, il y a un gros travail \u00e0 faire avant de partir. Peut-\u00eatre toute une guerre \u00e0 supporter. Encore des batailles et des massacres, contre quoi il faut prot\u00e9ger tous ceux qui nous sont chers. La vie ne sera harmonieuse et possible dans le monde qu\u2019apr\u00e8s la grande guerre qui vient, termin\u00e9e. Le communisme doit \u00eatre \u00e9limin\u00e9 pour que les hommes puissent vivre, que les \u00e9lites puissent gouverner et que les ouvriers puissent retrouver la s\u00e9curit\u00e9 et la stabilit\u00e9. Ce ne sont pas les \u00e9quipes actuellement au pouvoir qui peuvent r\u00e9aliser une telle chose, elles ne sont incapables. Elles ont tant prouv\u00e9 leur incomp\u00e9tence qu\u2019elles ne savent que s\u2019effondrer et s\u2019enfuir.<\/p>\n<p style=\"text-align: justify;\">As-tu t\u00e9l\u00e9phone \u00e0 Floriot pour le mettre au courant des dispositions envisag\u00e9es\u00a0? Il serait peut-\u00eatre pr\u00e9f\u00e9rable de le pr\u00e9venir pour avoir son assentiment et ne pas faire de faux pas. Vois cela. Peut-\u00eatre l\u2019as-tu d\u00e9j\u00e0 fait\u00a0? De toutes fa\u00e7ons occupe-toi de l\u2019affaire <u>pr\u00e9ventivement<\/u>. Il me semble que c\u2019est plus prudent si nous devons encore gagner un peu de temps. Les derni\u00e8res r\u00e9actions des gens au pouvoir vont \u00eatre tr\u00e8s dures.<\/p>\n<p style=\"text-align: justify;\">Tu as d\u00fb voir que la proportion de communistes dans les jurys est inimaginable : 1.400 sur 2.000. Les ministres en place disent qu\u2019ils ne peuvent rem\u00e9dier \u00e0 pareille situation. Quelle justice ! Ceci nous donne d\u2019autant plus de chances aupr\u00e8s de la commission des gr\u00e2ces. Si tu sais une date, envoie-moi un pneu car je dois agir ici de mon c\u00f4t\u00e9.<\/p>\n<p style=\"text-align: justify;\">Comment puis-je t\u2019embrasser mieux qu\u2019en mettant \u00e0 c\u00f4t\u00e9 de toi ma t\u00eate si lourde de pens\u00e9es heureuses, si l\u00e9g\u00e8re de soucis, car je sais que tout nous prot\u00e8ge. Quand tu t\u2019endors le soir, apr\u00e8s avoir bord\u00e9 l\u2019ange qu\u2019on t\u2019a donn\u00e9 \u00e0 d\u00e9velopper et couvrir de tendresses sages, tu dois t\u2019abandonner en toute confiance, sachant que le pr\u00e9sent te remplit d\u2019un bonheur si total qu\u2019il ne peut \u00eatre bris\u00e9 par rien. La vie est si pleine de gr\u00e2ces pour chacun de nous que nous n\u2019avons qu\u2019\u00e0 tendre les mains pour recevoir. Faut-il donc y croire, nier tout ce qui nous parait d\u00e9mon, nuage, horreur, laideur, chagrin, et ne pas mettre en avant nos volont\u00e9s d\u2019enfant, mais nos d\u00e9sirs purs pour qu\u2019ils soient b\u00e9nis. Tu auras toutes tes r\u00e9compenses si tu demandes ce qu\u2019on peut te donner\u00a0: la patience, la force, la joie, la bont\u00e9, la douceur, la raison, l\u2019intelligence du c\u0153ur. Aime-moi tant que tu peux. Je n\u2019aurai de cesse de t\u2019aimer et de t\u2019assurer de mon d\u00e9vouement le plus cher. Tu sais que je ne m\u2019attache point comme un jaloux, mais comme un amant d\u00e9vou\u00e9, que tout mon bonheur est de partager, que tout mon effort est d\u2019\u00e9lever au plus haut celle que j\u2019aime, que tout mon plaisir est de me confier avec gratitude, que c\u2019est le meilleur de la vie que de donner.<\/p>\n<p style=\"text-align: justify;\">Je t\u2019embrasse avec des mots, des regards, des silences, des heures calmes, des souffles de paix, des b\u00e9atitudes certaines. Dors comme une f\u00e9e bienheureuse. Tu as tout le bonheur du monde dans ta main. Embrasse le Fr\u00e9d\u00e9ric comme un roi. \u00c0 jeudi 20 avec tout ton \u00e9clat de jeunesse enfantine. Mes gros, gros baisers.<\/p>\n<p style=\"text-align: justify;\">J.<\/p>\n<p style=\"text-align: justify;\"><a href=\"#_ftnref1\" name=\"_ftn1\">[1]<\/a> Jacques Benoist-M\u00e9chin est un intellectuel, journaliste, historien, musicologue et homme politique fran\u00e7ais, collaborationniste durant l&rsquo;Occupation et membre du gouvernement de Vichy. En mai 1941, son nom figure sur le rapport remis \u00e0 P\u00e9tain sur la Synarchie visant \u00e0 discr\u00e9diter le gouvernement Darlan. Il est arr\u00eat\u00e9 et incarc\u00e9r\u00e9 \u00e0 Fresnes en septembre 1944 pour son r\u00f4le dans la collaboration. Son proc\u00e8s se d\u00e9roule \u00e0 partir du 9 mai 1947 devant la Haute Cour de justice. Apr\u00e8s six audiences, durant lesquelles il est jug\u00e9 sur son r\u00f4le de collaboration tactique et strat\u00e9gique avec l&rsquo;ennemi, n&rsquo;ayant jamais eu de r\u00f4le dans la d\u00e9portation, Benoist-M\u00e9chin est condamn\u00e9 \u00e0 mort et \u00e0 la d\u00e9gradation nationale \u00e0 vie le 6 juin suivant. Il est graci\u00e9 le 30 juillet par le pr\u00e9sident Vincent Auriol et le 6 ao\u00fbt, sa peine de mort est commu\u00e9e en travaux forc\u00e9s \u00e0 perp\u00e9tuit\u00e9, puis \u00e0 20 ans. Il b\u00e9n\u00e9ficie d&rsquo;une remise de peine le 24 septembre 1953 et d&rsquo;une lib\u00e9ration conditionnelle en novembre 1954, date \u00e0 laquelle il est lib\u00e9r\u00e9 de la centrale de Clairvaux. (note de FGR)<br \/>\n<a href=\"#_ftnref2\" name=\"_ftn2\">[2]<\/a> Raymond Abellio (n\u00e9 Georges Soul\u00e8s) est un \u00e9crivain fran\u00e7ais et philosophe gnostique. Il est mobilis\u00e9 en 1939, fait prisonnier en mai 1940 \u00e0 Calais. D\u00e8s son retour de captivit\u00e9, en 1941, il entre au Mouvement social r\u00e9volutionnaire (MSR) d&rsquo;Eug\u00e8ne Deloncle. Mais avec d&rsquo;autres membres, il participe \u00e0 une action fractionnelle clandestine. Apr\u00e8s l&rsquo;exclusion de Deloncle en 1942, le MSR se met en rapport avec la R\u00e9sistance. En 1943, il est membre du Front r\u00e9volutionnaire cr\u00e9\u00e9 par Marcel D\u00e9at, qui regroupe la majorit\u00e9 des partis collaborationnistes \u00e0 l&rsquo;exception du Parti Populaire Fran\u00e7ais. Il est \u00e0 l&rsquo;origine de la fondation, en 1943, du groupe clandestin des \u00ab\u00a0Unitaires\u00a0\u00bb, publiant le bulletin <em>Force Libre<\/em>. Soul\u00e8s sort progressivement du champ de l&rsquo;action politique et commence \u00e0 \u00ab rena\u00eetre \u00bb en tant que Raymond Abellio. Contraint de se cacher, il d\u00e9m\u00e9nage plusieurs fois entre 1944 et 1947, ann\u00e9e o\u00f9 il se r\u00e9fugie en Suisse o\u00f9 il devint le pr\u00e9cepteur des enfants de Jean Jardin, ancien directeur de cabinet de Pierre Laval. Durant cette p\u00e9riode de clandestinit\u00e9, ses premiers livres sont \u00e9crits, et son premier roman, <em>Heureux les pacifiques<\/em>, est publi\u00e9 et obtient le prix Sainte Beuve. En 1948, parce que confondu avec un homonyme, g\u00e9rant de biens juifs sous l&rsquo;Occupation, il est condamn\u00e9 par contumace \u00e0 dix ans de travaux forc\u00e9s. Graci\u00e9 en 1952 gr\u00e2ce \u00e0 l&rsquo;intervention de r\u00e9sistants (et, en particulier, au t\u00e9moignage du g\u00e9n\u00e9ral Pierre Guillain de B\u00e9nouville), Abellio revient d\u00e9finitivement \u00e0 Paris en 1953. (note de FGR)<br \/>\n<a href=\"#_ftnref3\" name=\"_ftn3\">[3]<\/a> <em>Tropique du Capricorne\u00a0<\/em>: roman d\u2019Henry Miller publi\u00e9 en 1939. Nombre de ses romans sont censur\u00e9s aux \u00c9tats-Unis pour obsc\u00e9nit\u00e9 mais sont vendus sous le manteau, contribuant \u00e0 forger sa r\u00e9putation d&rsquo;\u00e9crivain <em>underground<\/em>. (note de FGR)<br \/>\n<a href=\"#_ftnref4\" name=\"_ftn4\">[4]<\/a> Il s\u2019agit de Loz\u00e8re, un quartier de Villebon-sur-Yvette, entre Orsay et Palaiseau o\u00f9 j\u2019ai souvenir d\u2019avoir pass\u00e9 deux \u00e9t\u00e9s dans un petit pavillon, non loin d\u2019une grande sabli\u00e8re o\u00f9 j\u2019allais jouer et o\u00f9 je suis retourn\u00e9 plus tard (ma m\u00e8re y avait conserv\u00e9 des amis, les Constant, dont la femme \u00e9tait une de ses coll\u00e8gues de bureau et le mari \u00e9tait boulanger-p\u00e2tissier). La maison \u00e9tait \u00e0 c\u00f4t\u00e9 de la gare de Loz\u00e8re, gare qui dessert aujourd\u2019hui l\u2019\u00e9cole Polytechnique, comme quoi le monde est petit. (note de FGR)<\/p>\n","protected":false},"excerpt":{"rendered":"<p>\u00a0 Dimanche 8 juin 1947 Ma petite fille ch\u00e9rie, J\u2019ai bien re\u00e7u ta lettre de jeudi. Moi aussi j\u2019\u00e9tais heureux de te voir comme je suis heureux de penser \u00e0 toi. Il semble que quand nous nous rencontrons la paix &hellip; <a href=\"https:\/\/monperejeanmamy.fr\/?page_id=2354\">Continuer la lecture <span class=\"meta-nav\">&rarr;<\/span><\/a><\/p>\n","protected":false},"author":2,"featured_media":11,"parent":0,"menu_order":0,"comment_status":"closed","ping_status":"closed","template":"","meta":[],"folder":[],"_links":{"self":[{"href":"https:\/\/monperejeanmamy.fr\/index.php?rest_route=\/wp\/v2\/pages\/2354"}],"collection":[{"href":"https:\/\/monperejeanmamy.fr\/index.php?rest_route=\/wp\/v2\/pages"}],"about":[{"href":"https:\/\/monperejeanmamy.fr\/index.php?rest_route=\/wp\/v2\/types\/page"}],"author":[{"embeddable":true,"href":"https:\/\/monperejeanmamy.fr\/index.php?rest_route=\/wp\/v2\/users\/2"}],"replies":[{"embeddable":true,"href":"https:\/\/monperejeanmamy.fr\/index.php?rest_route=%2Fwp%2Fv2%2Fcomments&post=2354"}],"version-history":[{"count":4,"href":"https:\/\/monperejeanmamy.fr\/index.php?rest_route=\/wp\/v2\/pages\/2354\/revisions"}],"predecessor-version":[{"id":3248,"href":"https:\/\/monperejeanmamy.fr\/index.php?rest_route=\/wp\/v2\/pages\/2354\/revisions\/3248"}],"wp:featuredmedia":[{"embeddable":true,"href":"https:\/\/monperejeanmamy.fr\/index.php?rest_route=\/wp\/v2\/media\/11"}],"wp:attachment":[{"href":"https:\/\/monperejeanmamy.fr\/index.php?rest_route=%2Fwp%2Fv2%2Fmedia&parent=2354"}],"wp:term":[{"taxonomy":"folder","embeddable":true,"href":"https:\/\/monperejeanmamy.fr\/index.php?rest_route=%2Fwp%2Fv2%2Ffolder&post=2354"}],"curies":[{"name":"wp","href":"https:\/\/api.w.org\/{rel}","templated":true}]}}