{"id":2359,"date":"2021-04-24T14:59:58","date_gmt":"2021-04-24T12:59:58","guid":{"rendered":"http:\/\/monperejeanmamy.fr\/?page_id=2359"},"modified":"2024-01-22T11:01:03","modified_gmt":"2024-01-22T10:01:03","slug":"jm-a-jr-fresnes-47-06-15","status":"publish","type":"page","link":"https:\/\/monperejeanmamy.fr\/?page_id=2359","title":{"rendered":"JM \u00e0 JR (Fresnes 47\/06\/15)"},"content":{"rendered":"<p><strong>\u00a0<\/strong><a href=\"http:\/\/monperejeanmamy.fr\/?page_id=2354\"><img loading=\"lazy\" class=\"wp-image-1352 alignleft\" src=\"http:\/\/monperejeanmamy.fr\/wp-content\/uploads\/2021\/03\/Lettre-precedente.jpg\" alt=\"\" width=\"143\" height=\"78\" \/><\/a><a href=\"http:\/\/monperejeanmamy.fr\/?page_id=2365\"><img loading=\"lazy\" class=\"alignright wp-image-1353\" src=\"http:\/\/monperejeanmamy.fr\/wp-content\/uploads\/2021\/03\/Lettre-suivante.jpg\" alt=\"\" width=\"139\" height=\"76\" \/><\/a><\/p>\n<p style=\"text-align: center;\"><strong>Dimanche 15 juin 1947<\/strong><\/p>\n<p style=\"text-align: center;\">Ma petite fille ch\u00e9rie,<\/p>\n<h1 style=\"text-align: justify;\"><u>9 heures<\/u>.<\/h1>\n<p style=\"text-align: justify;\">Alors, tu veux qu\u2019on te dise qu\u2019il n\u2019y a qu\u2019\u00e0 toi qu\u2019on se confie. Quel exclusivisme\u00a0! Je ne puis emp\u00eacher certaines d\u00e9marches d\u2019\u00eatre faites contre mon gr\u00e9. Cela ne veut pas dire autre chose. Et je n\u2019ai rien demand\u00e9. Et surtout cela ne t\u2019enl\u00e8ve rien. Tu es toute mon affection. Je ne dirai pas \u00ab\u00a0toute ma vie\u00a0\u00bb. Ce serait romantique. Et injuste. La vie appartient \u00e0 la vie. Et tu n\u2019aurais pas plus le droit non plus \u00e0 ce qui revient au Cr\u00e9ateur de la vie, et non point \u00e0 la cr\u00e9ature. Mais tu es ma capacit\u00e9 toute enti\u00e8re d\u2019aimer, pour ce qui concerne la femme, \u00e9tant donn\u00e9 que Fr\u00e9d\u00e9ric, que ma m\u00e8re, que mes amis, rentrent dans d\u2019autres compartiments d\u2019affection, bien \u00e9tanches, o\u00f9 ne se m\u00eale pas le m\u00eame int\u00e9r\u00eat. Pour ce qui est du principal c\u2019est toi, c\u2019est devenu toi. J\u2019ai reconnu que l\u00e0 je pouvais avoir confiance, que mon int\u00e9r\u00eat aimant \u00e9tait en de bonnes mains qui ne le brutaliseraient pas, que tu \u00e9tais sinc\u00e8re, d\u00e9vou\u00e9e, et d\u00e9sint\u00e9ress\u00e9e. Moi aussi. Et que nous pouvions \u00e9changer nos bonnes volont\u00e9s. Que tu m\u2019aiderais comme je t\u2019aiderai. Que j\u2019avais beaucoup de choses \u00e0 t\u2019apprendre et \u00e0 te donner et que tu saurais me donner la patience de vivre et l\u2019affection tant cherch\u00e9e. Que tu \u00e9tais de plus si fut\u00e9e, si fine mouche, si intelligente, que tu saurais bien te d\u00e9brouiller dans les multiples r\u00e9seaux de la vie quotidienne o\u00f9 tous les probl\u00e8mes sont \u00e0 r\u00e9soudre \u00e0 chaque instant. Que de mon c\u00f4t\u00e9 je saurai bien t\u2019ouvrir les mains et t\u2019apprendre l\u2019essentiel de la vie\u00a0: une pri\u00e8re pure que tu devras apprendre \u00e0 tes enfants. Que jusqu\u2019\u00e0 pr\u00e9sent tu n\u2019as trouv\u00e9 personne qui s\u2019int\u00e9resse \u00e0 toi autant que moi, et moi de m\u00eame. Et que j\u2019ai tant besoin de donner et recevoir, que tu ne sauras qu\u2019accepter. Voil\u00e0 de quoi faire de bonnes ann\u00e9es de tendresse, une entente cordiale, amicale, amoureuse, confiante, deux \u00e0 deux, et pour toute la nich\u00e9e, du bonheur, dans la lutte quotidienne. Puisque nos c\u0153urs se marient, que nos esprits s\u2019\u00e9pousent, que nos volont\u00e9s se comprennent, que tu ne fais pas d\u2019objections \u00e0 ma plus haute vie, comme je suis tout d\u00e9vou\u00e9 \u00e0 comprendre tous tes souhaits les plus purs, nous marierons aussi les corps et les identit\u00e9s devant les hommes, une fois que j\u2019aurai laiss\u00e9 glisser toutes mes cha\u00eenes. Elles sont d\u00e9j\u00e0 toutes parties mentalement. Le reste viendra vite. Mais d\u00e9j\u00e0 \u00e0 pr\u00e9sent nous luttons, nous esp\u00e9rons, nous travaillons pour que tout soit accompli en nous, et que le meilleur nous vienne chaque jour. Sois confiante et forte, et heureuse dans la vie certaine et pleine de joie. Peu \u00e0 peu l\u2019horizon s\u2019\u00e9clairera jusqu\u2019au grand jour.<\/p>\n<p style=\"text-align: justify;\">Je t\u2019aime comme tu n\u2019osais l\u2019esp\u00e9rer, comme je n\u2019osais l\u2019esp\u00e9rer moi-m\u00eame. Et ce miracle est venu parce qu\u2019il \u00e9tait l\u00e0 en germe, que c\u2019\u00e9tait le destin voulu par la Puissance qui dirige tout, que je devais \u00eatre l\u2019homme qui t\u2019am\u00e8ne \u00e0 la lumi\u00e8re d\u2019\u00eatre aim\u00e9e, comme tu devais \u00eatre la femme qui me r\u00e9v\u00e8le la tendresse possible. On ne peut pas aimer que des corps. Il faut aimer le seul possible, le seul digne d\u2019\u00eatre aim\u00e9, et pour cela voir \u00e0 travers le trouble humain, la perfection r\u00e9elle, l\u2019\u00eatre sain, le pur du c\u0153ur br\u00fblant. Tu es cela qui vit pour moi dans un recoin fid\u00e8le. Je suis cela qui vit pour toi dans un \u00e9lan total. Tu n\u2019auras plus que des larmes de bonheur. Il y a si longtemps que ce c\u0153ur trop plein de dons se refoulait et entassait ses oiseaux vivaces. Il faut maintenant qu\u2019il les groupe autour de la personne \u00e0 entourer de mille airs joyeux. Et qu\u2019en t\u00e9moignage de la f\u00eate quotidienne on te dise toute notre joie vivante.<\/p>\n<p style=\"text-align: justify;\">J\u2019\u00e9cris \u00e0 Floriot ce soir pour lui donner des indications, mais je compte toujours sur toi pour intervenir d\u00e8s qu\u2019il le faut. Je te parlerai jeudi de toute la situation. Pour les bouquins [\u00ab\u00a0<em>Labois<\/em>\u00a0\u00bb, ind\u00e9chiffrable] ne m\u2019int\u00e9resse gu\u00e8re, sauf si la p\u00e9riode est calme et le proc\u00e8s retard\u00e9 jusqu\u2019\u00e0 octobre, alors oui. Quant \u00e0 <em>J\u2019ai choisi la libert\u00e9 <a href=\"#_ftn1\" name=\"_ftnref1\"><strong>[1]<\/strong><\/a><\/em>, envoie-le-moi d\u2019urgence. C\u2019est essentiel pour la d\u00e9fense. Si tu peux me l\u2019apporter jeudi ou lundi, mais plut\u00f4t jeudi. Dis beaucoup de choses \u00e0 mon camarade. Nous ne pouvons lui \u00e9crire, mais nous sommes toujours heureux d\u2019avoir de ses nouvelles. Remercie le pour les bouquins. <em>Jane Eyre<\/em> est magnifique. Je suis enchant\u00e9 pour <em>Les Tropiques du Capricorne<\/em>. Il provoque des discussions sur tout l\u2019\u00e9tage. Je suis \u00e9videmment le chef des anti-Miller, ignoble litt\u00e9rature puante, d\u00e9go\u00fbtante pornographie, infamie d\u2019un ali\u00e9n\u00e9. <em>L\u2019Histoire de la Com\u00e9die fran\u00e7aise<\/em> m\u2019amuse. De plus en plus bas. Voil\u00e0 deux ans que la France offre au monde le visage du pire d\u00e9sordre. Tout le monde en parle en d\u00e9go\u00fbt\u00e9 et personne ne fait rien.<\/p>\n<p style=\"text-align: justify;\">Rassure-toi. Je t\u00e2cherai dor\u00e9navant de ne plus me conduire que comme un musicien. Mieux encore. Et d\u00e8s la paix revenue (dans combien d\u2019ann\u00e9es ?), le monde n\u2019entendra plus de moi que des chants et des b\u00e9n\u00e9dictions. \u00c9z\u00e9chiel deviendra messie. J\u00e9r\u00e9mie se soumettra \u00e0 Daniel et \u00c9lie. Toutes les impr\u00e9cations contre la nuit feront face \u00e0 des hymnes au soleil. Nous serons le maestro de la lumi\u00e8re revenue.<\/p>\n<h1 style=\"text-align: justify;\"><u>16 heures<\/u>.<\/h1>\n<p style=\"text-align: justify;\">Tes gueules de loup rayonnent comme des f\u00e9es.<\/p>\n<p style=\"text-align: justify;\">J\u2019ai bonne impression de la vie qui tourne. De tous c\u00f4t\u00e9s on nous rassure. Mais il faut faire encore quelques brasses. Absolument gagner octobre. D\u00e9brouille-toi. Remue tout. C\u2019est indispensable. Pas d\u2019histoires. Du reste, je pense que nous n\u2019aurons pas besoin de faire des efforts. La d\u00e9cision sera l\u00e0. Tout est pr\u00e9vu, d\u2019accord avec la proc\u00e9dure. Tout est r\u00e9compens\u00e9 pour les honn\u00eates c\u0153urs loyaux. Nous aurons lutt\u00e9 et gagn\u00e9 le combat, une de ses phases tout au moins. Confiance. Courage. Tiens bon.<\/p>\n<p style=\"text-align: justify;\">Voici que le soleil si doux qu\u2019il me semble une caresse de tes cheveux. Voici qu\u2019il est si chaud qu\u2019il me br\u00fble comme tes souvenirs et ton sourire. Voici qu\u2019il est si prodigue qu\u2019il se cache derri\u00e8re un nuage timide. Voici qu\u2019il est si plein de joie que j\u2019imagine combien tu seras muette quand nous pourrons retrouver notre souffle \u00e0 ne plus finir de nous serrer dans des bras trop petits. Voici que je ne veux regarder ni en avant ni en arri\u00e8re, mais aujourd\u2019hui qui est tout bonheur, et toute joie promise, car t\u2019aimer suffit pour que ma journ\u00e9e soit compl\u00e8te dans la mesure o\u00f9 il m\u2019est donn\u00e9 de la vivre en patience loin de ton image humaine mais si pr\u00e8s de ta tempe intime que je peux te souffler tous les mots qu\u2019il faut pour qu\u2019elle fr\u00e9misse\u00a0; Dors bien mon aim\u00e9e et sois s\u00fbre que les m\u00eames anges nous prot\u00e8gent.<\/p>\n<h1 style=\"text-align: justify;\"><u>Lundi<\/u>.<\/h1>\n<p style=\"text-align: justify;\">Pourquoi, ce matin, \u00e0 l\u2019encontre des\u00a0 autres jours, \u00e9tais-je r\u00e9veill\u00e9 de si bonne heure\u00a0? Pourquoi, d\u00e8s six heures\u00a0? Pourquoi \u00e0 7 heures me suis-je lev\u00e9 pour regarder \u00e0 la fen\u00eatre si je voyais un point noir sur la route\u00a0? Pourquoi ai-je pens\u00e9 que le bonheur \u00e9tait plus pr\u00e8s\u00a0? Pourquoi ai-je senti des caresses de douceur contre les barreaux\u00a0? C\u2019est qu\u2019un moineau joli picorait dans le ciel tout le bonheur qui nous entoure. Moineau ch\u00e9ri dont le fr\u00e9missement chaud garde longtemps dans la main calme la spontan\u00e9it\u00e9 de l\u2019envol. Tu venais d\u2019o\u00f9\u00a0? Tu m\u2019arrivais de quel horizon\u00a0? Tu m\u2019apportais quelle nouvelle heureuse\u00a0? Tu pensais \u00e0 quel prisonnier, qui ruminait sa libert\u00e9 dans une cage de po\u00e8te, qui s\u2019acharnait \u00e0 vivre contre toute la haine dans un paradis de patience. Nous irons jusqu\u2019au bout tant qu\u2019il le faut, pour gagner la mer calme et le port. Et nous n\u2019aurons cess\u00e9 de sourire.<\/p>\n<p style=\"text-align: justify;\">Que ferons-nous en Am\u00e9rique\u00a0? Mais avant l\u2019Am\u00e9rique il y a un \u00e9norme travail \u00e0 accomplir. Et tu dois te d\u00e9p\u00eacher de mettre au point tout ce que tu peux. Sais-tu bien que <em>Gabriella<\/em> est \u00e0 retaper enti\u00e8rement !!! J\u2019ai eu ce matin une longue conversation avec un camarade au pr\u00e9au. Des plus optimistes. Il y a des gens qui r\u00eavent tout haut. Pendant ce temps les ministres daubaient sur notre compte (\u00e0 mon compagnon de cellule et \u00e0 moi) car nous sommes en pleines discussions byzantines et nous nous lan\u00e7ons \u00e0 la figure des arguments protestants contre catholiques. On se reproche la Saint Barth\u00e9lemy <a href=\"#_ftn2\" name=\"_ftnref2\">[2]<\/a>, les Albigeois <a href=\"#_ftn3\" name=\"_ftnref3\">[3]<\/a>, l\u2019Inquisition, l\u2019\u00e9dit de Nantes <a href=\"#_ftn4\" name=\"_ftnref4\">[4]<\/a>, les Chartreux de Londres <a href=\"#_ftn5\" name=\"_ftnref5\">[5]<\/a>, Marie Stuart, la conspiration des poudres <a href=\"#_ftn6\" name=\"_ftnref6\">[6]<\/a> et l\u2019attentat de [\u00ab\u00a0Donneries\u00a0\u00bb, ind\u00e9chiffrable]. Tout cela pour conclure au pacifisme int\u00e9gral\u00a0; ou \u00e0 la domination atomique ou au trotskisme permanent ou \u00e0 la R\u00e9publique universelle. Tu vois \u00e0 quoi on passe son temps. Les psychiatres avaient bien raison.<\/p>\n<p style=\"text-align: justify;\">On me dit ce matin que Didier <a href=\"#_ftn7\" name=\"_ftnref7\">[7]<\/a> a beaucoup de dossiers en ce moment. Esp\u00e9rons que cela nous servira. Nous en parlerons jeudi. Ne manque pas d\u2019inscrire, dans ta t\u00eate tout au moins, tout ce que tu as \u00e0 me dire. Il ne faut rien oublier. Ne manque pas de me parler de Miramas. Je crois t\u2019avoir d\u00e9j\u00e0 averti de ce qu\u2019il fallait faire. Nous en conviendrons \u00e0 nouveau.<\/p>\n<p style=\"text-align: justify;\">En Am\u00e9rique nous ferons du commerce, de la culture, de l\u2019\u00e9levage, ou du th\u00e9\u00e2tre, de la litt\u00e9rature, du cin\u00e9ma. Beaucoup trop de choses peut-\u00eatre en perspective. Mais on peut faire beaucoup en allant vite. Ce que je pr\u00e9f\u00e9rerai c\u2019est une troupe de com\u00e9diens \u00e0 diriger. Reste \u00e0 savoir si ce ne sera pas plus profitable de faire de la conserve pour les Europ\u00e9ens plus ou moins atomis\u00e9s. Regarde la carte d\u2019Argentine. Il faut l\u2019apprendre par c\u0153ur. Pr\u00e9pare aussi un filet \u00e0 papillons. Il y en a d\u2019\u00e9normes au Br\u00e9sil. Si tu aimes les serpents tu seras combl\u00e9e. On en fera des sacs, et des pantoufles, et m\u00eame des robes. Tu auras des chemises de nuit en boa et des tapis en peau de puma.<\/p>\n<h1 style=\"text-align: justify;\"><u>17 heures<\/u>.<\/h1>\n<p style=\"text-align: justify;\">J\u2019ai mis dans l\u2019eau les boutons de rose qui sont tout pench\u00e9s et ont l\u2019air d\u2019avoir chaud. J\u2019ai naturellement coup\u00e9 les queues et pens\u00e9 fortement pour qu\u2019ils soient aussi vigoureux qu\u2019ils doivent l\u2019\u00eatre. Je pense que l\u2019eau et aussi \u2013 et surtout \u2013 ma belle confiance les feront s\u2019\u00e9panouir en beaut\u00e9.<\/p>\n<p style=\"text-align: justify;\">Le colis est parfait comme tu es parfaite. Il est excellent comme tu es excellente. Il est le soutien de ma semaine, comme tu es le support de mon espoir, l\u2019ange qui m\u2019aide et qui lance des bou\u00e9es salvatrices. As-tu vu le colonel\u00a0? Que pense-t-il du proc\u00e8s o\u00f9 il t\u00e9moigne pour un excellent ami \u00e0 moi\u00a0? Suis-tu ce proc\u00e8s\u00a0? J\u2019y ai des gens qui m\u2019int\u00e9ressent. Dis-moi jeudi tout ce qu\u2019on y a dit sur la synarchie. Renseigne-toi sur tout ce qui m\u2019int\u00e9resse. Sois un journal vivant. Surtout cherche les \u00e9v\u00e8nements internationaux\u00a0: Italie, Autriche, Hongrie. Je veux tout savoir.<\/p>\n<p style=\"text-align: justify;\">Je veux surtout savoir ce qui se cache derri\u00e8re tes yeux et comprendre pourquoi tu as accept\u00e9 sans conditions ce pacte \u00e0 deux que je t\u2019ai demand\u00e9, et me r\u00e9jouir que tu sois si heureuse de me montrer\u00a0 \u00e0 travers le grillage une main menue qui contient tant de promesses loyales, et regarder tes boucles qui sont ta parure d\u2019enfant.<\/p>\n<p style=\"text-align: justify;\">Envoie-moi des photos de Fr\u00e9d\u00e9ric et de toi. J\u2019esp\u00e8re que le beau temps va te permettre d\u2019op\u00e9rer. Les anciennes datent d\u2019un an. Elles sont toujours aussi vivaces mais il me faut du nouveau. \u00c0 Jeudi. Je te verrai. Nous nous parlerons. Nous nous dirons tout \u00e0 travers les mots. Tu n\u2019oublieras rien. Et tu emporteras ce que je te donne d\u00e9j\u00e0 aujourd\u2019hui, c&rsquo;est-\u00e0-dire tout. Tu as tout. Es-tu contente\u00a0? Veux-tu bien accepter ce tout. On t\u2019embrasse, et mieux encore, on ne te dit rien. Mais il faut comprendre, \u00e0 l\u2019infini.<\/p>\n<p style=\"text-align: justify;\">J.<\/p>\n<p style=\"text-align: justify;\"><a href=\"#_ftnref1\" name=\"_ftn1\">[1]<\/a> Victor Kravtchenko est un transfuge sovi\u00e9tique et l&rsquo;auteur de <em>I chose Freedom<\/em>, un livre d\u00e9non\u00e7ant le syst\u00e8me sovi\u00e9tique, publi\u00e9 \u00e0 New York en 1946. En 1947, la publication de son livre en France sous le titre <em>J&rsquo;ai choisi la libert\u00e9 : La vie publique et priv\u00e9e d&rsquo;un haut fonctionnaire sovi\u00e9tique<\/em> donne lieu \u00e0 une pol\u00e9mique retentissante et \u00e0 de nombreuses attaques des milieux communistes. Dans un article sign\u00e9 Sim Thomas, l&rsquo;hebdomadaire <em>Les Lettres fran\u00e7aises<\/em>, journal proche du Parti communiste fran\u00e7ais, l&rsquo;accuse de d\u00e9sinformation et d&rsquo;\u00eatre un agent des \u00c9tats-Unis. Kravtchenko porte plainte pour diffamation. Le proc\u00e8s, qualifi\u00e9 de \u00ab\u00a0proc\u00e8s du si\u00e8cle\u00a0\u00bb, d\u00e9bute le 24 janvier 1949 devant le tribunal correctionnel de la Seine. Une centaine de t\u00e9moins y participent. L&rsquo;Union sovi\u00e9tique envoie, afin qu&rsquo;ils le d\u00e9savouent, des anciens coll\u00e8gues de Kravtchenko et son ex-\u00e9pouse. Les d\u00e9fenseurs de Kravtchenko font venir \u00e0 la barre des survivants de camps de concentration sovi\u00e9tiques. Le 4 avril 1949, le proc\u00e8s est remport\u00e9 par Kravtchenko. Le tribunal lui accorde un d\u00e9dommagement de 150.000 francs, somme symbolique en comparaison des 11 millions demand\u00e9s en r\u00e9paration de la diffamation. La sentence est confirm\u00e9e en appel (d\u00e9cembre 1949). Les intellectuels de la gauche non communiste brillent par leur absence durant le proc\u00e8s.<br \/>\n<a href=\"#_ftnref2\" name=\"_ftn2\">[2]<\/a> La Saint Barth\u00e9lemy (24 ao\u00fbt 1572) : Le mariage d&rsquo;Henri de Navarre (futur Henri IV), chef du parti protestant, avec Marguerite de Valois, soeur du roi, doit cimenter la paix. Le roi Charles IX est un des derniers Valois (il reste encore le futur Henri III) et selon la loi salique, c&rsquo;est la branche cousine d&rsquo;Henri de Navarre qui succ\u00e9dera s&rsquo;il ne na\u00eet pas d&rsquo;h\u00e9ritier, or Henri de Navarre est protestant, ce qui ne peut qu&rsquo;\u00e9chauffer les esprits des ultra-catholiques. Coligny (chef protestant) est victime d&rsquo;un attentat manqu\u00e9. Le roi veut mener une enqu\u00eate : les commanditaires de l&rsquo;attentat, pour se disculper, convainquent le roi d&rsquo;une conjuration protestante. Suite \u00e0 quoi, il ordonne le massacre de la Saint-Barth\u00e9lemy, d\u00e9but d&rsquo;une succession d&rsquo;\u00e9gorgements dans les deux camps qui durera jusqu&rsquo;en juillet 73. Coligny est une des premi\u00e8res victimes. Henri de Navarre est \u00e9pargn\u00e9 \u00e0 condition qu&rsquo;il abjure le protestantisme. (note de FGR)<br \/>\n<a href=\"#_ftnref3\" name=\"_ftn3\">[3]<\/a> La croisade des Albigeois (1208-1229) (ou croisade contre les Albigeois) est une croisade proclam\u00e9e par l&rsquo;\u00c9glise catholique contre l&rsquo;h\u00e9r\u00e9sie, principalement le catharisme. D\u00e8s le XIIe si\u00e8cle, les textes de l&rsquo;\u00e9poque parlent d&rsquo;h\u00e9r\u00e9sie albigeoise sans que cette r\u00e9gion soit plus cathare que ses voisines.(note de FGR)<br \/>\n<a href=\"#_ftnref4\" name=\"_ftn4\">[4]<\/a> Promulgu\u00e9 en 1598, l&rsquo;\u00e9dit de Nantes est l&rsquo;aboutissement de longues n\u00e9gociations d&rsquo;Henri IV entre les exigences des protestants et l&rsquo;opposition des ligueurs auxquels il doit faire des concessions. Il proclame la libert\u00e9 de conscience et l\u2019ouverture des charges et offices aux protestants, la reconnaissance d&rsquo;une libert\u00e9 de culte limit\u00e9e aux lieux o\u00f9 il existait d\u00e9j\u00e0. Mais les protestants paient la d\u00eeme \u00e0 l&rsquo;\u00e9glise catholique et respectent les jours ch\u00f4m\u00e9s catholiques. La parit\u00e9 entre catholiques et protestants parmi les magistrats rendant la justice est d\u00e9cid\u00e9e et les protestants se voient accorder une organisation politique et une centaine de places de s\u00fbret\u00e9 dont le roi paie les garnisons. Louis XIV le r\u00e9voquera en 1685. (note de FGR)<br \/>\n<a href=\"#_ftnref5\" name=\"_ftn5\">[5]<\/a> En 1534, Henry VIII, roi d\u2019Angleterre rompit avec le Saint Si\u00e8ge qui lui avait refus\u00e9 le mariage avec Anne Boleyn et ent\u00e9rin\u00e9 son union avec Catherine d\u2019Argon, alors que la Chambre des Lords avait ent\u00e9rin\u00e9 son mariage avec Anne. \u00c0 partir de ce moment, la politique du roi d&rsquo;Angleterre se concentra sur l&rsquo;adoption ou le rejet de l&rsquo;Acte de Supr\u00e9matie royale qui attribuait au roi et \u00e0 sa descendance adult\u00e9rine le gouvernement de l&rsquo;\u00e9glise anglicane. Le bill fut adopt\u00e9 sans difficult\u00e9 et vot\u00e9 le 18 novembre 1634. Presque aussit\u00f4t apr\u00e8s, le gouvernement demanda l&rsquo;adoption d&rsquo;un nouveau bill inculpant de haute trahison quiconque, au m\u00e9pris de l&rsquo;Acte de Supr\u00e9matie, refuserait de donner au roi, \u00e0 la reine et \u00e0 leurs h\u00e9ritiers \u00ab la dignit\u00e9, le style et le nom de leur royal \u00e9tat, ou les appellerait h\u00e9r\u00e9tiques, schismatiques ou infid\u00e8les \u00bb. Ce projet de loi ne fut vot\u00e9 qu&rsquo;apr\u00e8s de longs et violents d\u00e9bats. Les premi\u00e8res victimes de la pers\u00e9cution sanglante furent des religieux chartreux. (note de FGR)<br \/>\n<a href=\"#_ftnref6\" name=\"_ftn6\">[6]<\/a> La Conspiration des poudres (<em>Gunpowder Plot<\/em> ou <em>Gunpowder Treason Plot<\/em>) est une tentative d&rsquo;attentat contre le roi Jacques Ier d&rsquo;Angleterre et le parlement britannique par un groupe de catholiques provinciaux anglais (1605). (note de FGR)<br \/>\n<a href=\"#_ftnref7\" name=\"_ftn7\">[7]<\/a> Paul Didier fut le seul magistrat fran\u00e7ais \u00e0 refuser de pr\u00eater serment de fid\u00e9lit\u00e9 \u00e0 la personne du Mar\u00e9chal P\u00e9tain. Par acte constitutionnel n\u00b09 du 14 ao\u00fbt 1941, les magistrats ont l\u2019obligation de pr\u00eater serment de fid\u00e9lit\u00e9 \u00e0 la personne du chef de l\u2019\u00c9tat, le mar\u00e9chal P\u00e9tain. Lors de la c\u00e9r\u00e9monie de prestation de serment des magistrats du Tribunal de la Seine le 2 septembre 1941, Paul Didier s&rsquo;y refuse. Il est suspendu le surlendemain (et sera r\u00e9voqu\u00e9 ult\u00e9rieurement). Il est arr\u00eat\u00e9 le 6 septembre 1941 et envoy\u00e9 au camp d\u2019internement de Ch\u00e2teaubriant. Lib\u00e9r\u00e9 en f\u00e9vrier 1942, il est assign\u00e9 \u00e0 r\u00e9sidence dans sa maison familiale. Il rejoint la R\u00e9sistance et participe \u00e0 plusieurs actions dans les Corbi\u00e8res. Il r\u00e9int\u00e8gre la magistrature en octobre 1944 comme Pr\u00e9sident de chambre \u00e0 la Cour d&rsquo;appel de Paris, Il est charg\u00e9 de la pr\u00e9sidence d&rsquo;une des sections de la Cour de justice du d\u00e9partement de la Seine. (note de FGR)<\/p>\n<p>&nbsp;<\/p>\n","protected":false},"excerpt":{"rendered":"<p>\u00a0 Dimanche 15 juin 1947 Ma petite fille ch\u00e9rie, 9 heures. Alors, tu veux qu\u2019on te dise qu\u2019il n\u2019y a qu\u2019\u00e0 toi qu\u2019on se confie. Quel exclusivisme\u00a0! Je ne puis emp\u00eacher certaines d\u00e9marches d\u2019\u00eatre faites contre mon gr\u00e9. Cela ne &hellip; <a href=\"https:\/\/monperejeanmamy.fr\/?page_id=2359\">Continuer la lecture <span class=\"meta-nav\">&rarr;<\/span><\/a><\/p>\n","protected":false},"author":2,"featured_media":11,"parent":0,"menu_order":0,"comment_status":"closed","ping_status":"closed","template":"","meta":[],"folder":[],"_links":{"self":[{"href":"https:\/\/monperejeanmamy.fr\/index.php?rest_route=\/wp\/v2\/pages\/2359"}],"collection":[{"href":"https:\/\/monperejeanmamy.fr\/index.php?rest_route=\/wp\/v2\/pages"}],"about":[{"href":"https:\/\/monperejeanmamy.fr\/index.php?rest_route=\/wp\/v2\/types\/page"}],"author":[{"embeddable":true,"href":"https:\/\/monperejeanmamy.fr\/index.php?rest_route=\/wp\/v2\/users\/2"}],"replies":[{"embeddable":true,"href":"https:\/\/monperejeanmamy.fr\/index.php?rest_route=%2Fwp%2Fv2%2Fcomments&post=2359"}],"version-history":[{"count":4,"href":"https:\/\/monperejeanmamy.fr\/index.php?rest_route=\/wp\/v2\/pages\/2359\/revisions"}],"predecessor-version":[{"id":3249,"href":"https:\/\/monperejeanmamy.fr\/index.php?rest_route=\/wp\/v2\/pages\/2359\/revisions\/3249"}],"wp:featuredmedia":[{"embeddable":true,"href":"https:\/\/monperejeanmamy.fr\/index.php?rest_route=\/wp\/v2\/media\/11"}],"wp:attachment":[{"href":"https:\/\/monperejeanmamy.fr\/index.php?rest_route=%2Fwp%2Fv2%2Fmedia&parent=2359"}],"wp:term":[{"taxonomy":"folder","embeddable":true,"href":"https:\/\/monperejeanmamy.fr\/index.php?rest_route=%2Fwp%2Fv2%2Ffolder&post=2359"}],"curies":[{"name":"wp","href":"https:\/\/api.w.org\/{rel}","templated":true}]}}