{"id":2378,"date":"2021-04-25T10:02:53","date_gmt":"2021-04-25T08:02:53","guid":{"rendered":"http:\/\/monperejeanmamy.fr\/?page_id=2378"},"modified":"2021-04-25T10:26:08","modified_gmt":"2021-04-25T08:26:08","slug":"jm-a-jr-fresnes-47-07-13","status":"publish","type":"page","link":"https:\/\/monperejeanmamy.fr\/?page_id=2378","title":{"rendered":"JM \u00e0 JR (Fresnes 47\/07\/13)"},"content":{"rendered":"<p><strong>\u00a0<\/strong><a href=\"http:\/\/monperejeanmamy.fr\/?page_id=2374\"><img loading=\"lazy\" class=\"wp-image-1352 alignleft\" src=\"http:\/\/monperejeanmamy.fr\/wp-content\/uploads\/2021\/03\/Lettre-precedente.jpg\" alt=\"\" width=\"143\" height=\"78\" \/><\/a><a href=\"http:\/\/monperejeanmamy.fr\/?page_id=2387\"><img loading=\"lazy\" class=\"alignright wp-image-1353\" src=\"http:\/\/monperejeanmamy.fr\/wp-content\/uploads\/2021\/03\/Lettre-suivante.jpg\" alt=\"\" width=\"139\" height=\"76\" \/><\/a><\/p>\n<p style=\"text-align: center;\"><strong>Dimanche 13 juillet 1947<\/strong><\/p>\n<p style=\"text-align: center;\">Ma ch\u00e9rie,<\/p>\n<p style=\"text-align: justify;\">Et bien\u00a0! Je t\u2019attendais jeudi avec plein de sourires, des bouts de papier plein les poches o\u00f9 j\u2019avais not\u00e9 mes d\u00e9sirs de cuisine, des po\u00e8mes plein les l\u00e8vres et les yeux, des d\u00e9sirs de partout et des amabilit\u00e9s sans fin. Et puis, point de Jeannette\u00a0! Et point de nouvelles\u00a0! Que s\u2019est-il pass\u00e9\u00a0? Est-ce la visite inopin\u00e9e de mon fils mardi qui nous a priv\u00e9 d\u2019un parloir\u00a0? Pourtant, g\u00e9n\u00e9ralement, on m\u2019accordait le suppl\u00e9ment de visites\u00a0! Il faut croire que quelque chose s\u2019est pass\u00e9 qui t\u2019a emp\u00each\u00e9e de nous sourire \u00e0 travers les grillages. Nous aurions dit tant de choses affectueuses, intimes, absolument d\u00e9finitives, particuli\u00e8rement agr\u00e9ables.<\/p>\n<p style=\"text-align: justify;\">Et notre affaire\u00a0? Je ne crois pas que nous soyons d\u00e9rang\u00e9s ce mois-ci. Tout \u00e0 l\u2019air de le confirmer. Le silence. Et les indications re\u00e7ues. Attendons. Patientons. Les \u00e9v\u00e8nements ont l\u2019air si proches, et si importants. Rappelle-toi tous mes conseils. Il faudra \u00eatre tr\u00e8s prudent. Je ne crois pas pourtant que les craintes que nous avions l\u2019ann\u00e9e derni\u00e8re de voir une deuxi\u00e8me invasion puissent se r\u00e9aliser aujourd\u2019hui. Il semble que tout tiendra devant les assaillants (si assaillants il y a). De tous les c\u00f4t\u00e9s on nous confirme que tout est in\u00e9vitable et prochain. Pour nous autres, il n\u2019y a rien \u00e0 craindre. Nous sommes pass\u00e9s \u00e0 travers tant de choses. Un peu plus, un peu moins. J\u2019aimerai \u00eatre en ce moment o\u00f9 nous serons \u00e0 l\u2019abri en un quelconque pays d\u2019outre oc\u00e9an, loin de toutes ces bagarres.<\/p>\n<p style=\"text-align: justify;\">J\u2019ai sur mon mur tes fleurs de bonne f\u00eate et celles de bon anniversaire. Les lavandes sentent encore bon. Je les laisse sous mon nez pro\u00e9minent tous les deux jours, et je regarde les autres, qui t\u00e9moignent de mes 45 ans, se pencher peu \u00e0 peu en fermant leurs corolles. Elles ont \u00e9t\u00e9 belles. Elles sont encore un bon souvenir. Elles peuvent durer dans un livre jusqu\u2019\u00e0 ce qu\u2019il n\u2019y ait plus de t\u00e9moins de ce jour de f\u00eate. Ainsi sont tous nos actes qui ne s\u2019accrochent qu\u2019\u00e0 nous-m\u00eames, \u00e0 des lambeaux d\u2019impression, \u00e0 des \u00e9t\u00e9s fugaces.<\/p>\n<p style=\"text-align: justify;\">Pourquoi n\u2019as-tu rien \u00e9crit cette semaine, m\u00e9chante fille ? On vous aime, mamzelle, et vous pr\u00e9tendez y r\u00e9pondre sans rien nous dire. Tu sais que j\u2019attends toujours de toi le flot de paroles qui prouvera ta nature torrentueuse. J\u2019aime les cascades qui descendent des montagnes avec un bruit de tonnerre. C\u2019est ainsi que les amours sont vifs. Imp\u00e9tueuses col\u00e8res de tendresse. Alors, on n\u2019est pas capable d\u2019ouvrir toutes grandes les \u00e9cluses quotidiennes de l\u2019affection d\u00e9bordante. Qu\u2019est-ce que c\u2019est que ce bout de femme qui se cloue les l\u00e8vres avec des timidit\u00e9s, ou des n\u00e9gligences ??? Pourquoi es-tu partie si vite ? Pourquoi as-tu retir\u00e9 ta main ? Qu\u2019est-ce qui t\u2019a f\u00e2ch\u00e9e ? Pourquoi n\u2019es-tu pas rest\u00e9e dans ma poche ? Pourquoi ne m\u2019as-tu pas souri davantage ? Pourquoi n\u2019as-tu pas voulu que je t\u2019embrasse ? Plus longuement ? Plus doucement ? Pourquoi ne m\u2019as-tu rien dit \u00e0 l\u2019oreille ? Pourquoi \u00e9tais-tu si nerveuse ? Pourquoi ton c\u0153ur battait-il ? Pourquoi ne battait-il pas ?<\/p>\n<p style=\"text-align: justify;\">Tu n\u2019avais pas du tout l\u2019air content de me voir. Tu \u00e9tais press\u00e9e de me quitter si vite. Tu n\u2019as pas voulu rester trois heures, quatre heures \u00e0 bavarder. Je t\u2019aurais expliqu\u00e9 des choses sublimes. On avait le temps. Tout le temps. Ton sandwich \u00e9tait d\u00e9licieux. J\u2019ai mang\u00e9 tes abricots en pensant \u00e0 tes oreilles. J\u2019ai mang\u00e9 ton chocolat comme un glouton. As-tu lu <em>Gabriella<\/em>\u00a0? Que penses-tu de <em>La Cuve \u00e0 serpents<\/em>\u00a0? Travailles-tu\u00a0? J\u2019ai bien re\u00e7u le bouquin d\u2019Aym\u00e9. Pas bon du tout. D\u00e9teste \u00e7a. Remercie Philibert quand m\u00eame, et accepte tout ce qu\u2019il te donne. Pour <em>Le Tropique du C.<\/em> il y beau temps que je l\u2019ai enferm\u00e9 loin des regards curieux. Ignoble litt\u00e9rature. Cette \u00e9poque est basse au point de l\u2019abject jamais atteint. Nous ne sommes pas privil\u00e9gi\u00e9s. Ma toute pure, je t\u2019embrasse avec tant d\u2019affection. \u00c0 demain. Dors des r\u00eaves bleus, roses, verts\u2026 comme des fus\u00e9es d\u2019artifice. Ce 14 juillet inaugure une s\u00e9rie de sombres jours. Il faut crier que le monde va d\u00e9chirer ses cauchemars et retrouver la paix. Dors en paix.<\/p>\n<h1 style=\"text-align: justify;\"><u>Lundi<\/u>.<\/h1>\n<p style=\"text-align: justify;\">Depuis tout \u00e0 l\u2019heure je suis en train d\u2019\u00e9num\u00e9rer tes qualit\u00e9s. Elles sont bonne, douce, aimante, amoureuse, fid\u00e8le, travailleuse, \u00e9conome, intelligente, jeune, fine, bien habill\u00e9e, jolie, jeune, fra\u00eeche, d\u00e9vou\u00e9e, bonne m\u00e8re, studieuse, souple, ob\u00e9issante, musicienne, cultiv\u00e9e, simple, humble, fi\u00e8re (cela va tr\u00e8s bien ensemble), sauvage (juste ce qu\u2019il faut pour ne pas aimer le monde), saine, patiente, tendre, pure, toute neuve. J\u2019ai une formidable chance de t\u2019avoir rencontr\u00e9e. Plus j\u2019y pense, plus j\u2019en remercie le Ciel, et plus je t\u2019aime, et plus je te v\u00e9n\u00e8re, et plus j\u2019embrasse Fr\u00e9d\u00e9ric, et Catherine, et tous les autres.<\/p>\n<p style=\"text-align: justify;\">Mes fonds d\u2019artichauts cuisent. Ce matin j\u2019ai pr\u00e9par\u00e9 des pommes en compote, et hier de la gel\u00e9e de groseille (d\u00e9licieux). J\u2019esp\u00e8re avoir des fleurs demain dans un colis fait de mains de f\u00e9e. Je les vois d\u2019ici, les fleurs et les mains.<\/p>\n<p style=\"text-align: justify;\">Pourquoi n\u2019es-tu pas venue jeudi dernier\u00a0? Tu viens sans faute jeudi prochain. J\u2019ai tout \u00e0 te dire, avec des riens. Et quand je t\u2019aurai tout dit, tu ne sauras encore rien, ou pas grand-chose, car si tu pouvais tout savoir\u00a0!!! J\u2019ai l\u2019impression que tu serais contente.<\/p>\n<p style=\"text-align: justify;\">Faute de lettres cette semaine, je relis celles de la semaine derni\u00e8re. La derni\u00e8re date du 5 juillet. C\u2019est un mot si gentil qu\u2019il m\u2019a suffit de jeter les yeux dessus pour \u00eatre tout consol\u00e9. Et je sais bien que si tu n\u2019as pas \u00e9crit., c\u2019est que tu n\u2019as pas pu, mais que tu voulais bien. Et puis tu as sans doute \u00e9crit. Pas mardi, pas mercredi, mais jeudi. J\u2019aurai la lettre demain et je te verrai jeudi. Alors tout va bien.<\/p>\n<p style=\"text-align: justify;\">Cherche vite un coin dans la Cordill\u00e8re des Andes o\u00f9 l\u2019on puisse \u00eatre heureux comme des moineaux dans le nid.<\/p>\n<p style=\"text-align: justify;\">Je n\u2019\u00e9cris plus gu\u00e8re, sauf des mises au point. Les \u00e9v\u00e8nements me paraissent si curieux que je crois qu\u2019il vaut mieux attendre. Et pourtant j\u2019ai des tas d\u2019id\u00e9es, mais il me semble maintenant qu\u2019il se d\u00e9couvre pour nous un nouveau travail. J\u2019ai sur ma table depuis deux ans le plan d\u2019une pi\u00e8ce que je n\u2019arrive pas \u00e0 commencer. Le personnage principal est si pur (c\u2019est une toute jeune fille) qu\u2019il me faut peut-\u00eatre encore travailler moi-m\u00eame pour la comprendre dans toute sa gr\u00e2ce. J\u2019ai l\u2019impression qu\u2019il faudra l\u00e0 un talent surhumain pour noter par touches l\u00e9g\u00e8res la finesse de cette personne sage. Il y a des tableaux qu\u2019on fait dans sa jeunesse, d\u2019autres qui exige la maturit\u00e9. Je ne veux pas commencer cette \u0153uvre avant d\u2019\u00eatre absolument ma\u00eetre de moi. Car l\u00e0, il y a plus que dans toutes les autres. Je viens de relire <em>Empyr\u00e9e<\/em>.<\/p>\n<p style=\"text-align: justify;\">Il me semble qu\u2019il y a l\u00e0 quelque chose d\u2019int\u00e9ressant et d\u2019in\u00e9dit. Je ne crois pas qu\u2019on ait \u00e9crit tellement dans ce sens. Relis <em>Rhumbs <a href=\"#_ftn1\" name=\"_ftnref1\"><strong>[1]<\/strong><\/a><\/em> de Val\u00e9ry et tu me diras si on peut comparer. J\u2019ai souvenir que ses textes \u00e9taient plus diffus, et forc\u00e9ment d\u2019une autre inspiration.<\/p>\n<p style=\"text-align: justify;\">On nous dit ce matin que Ramadier pr\u00e9tend d\u00e9fendre la R\u00e9publique jusqu\u2019\u00e0 son dernier souffle. Elle est donc menac\u00e9e cette vieille essouffl\u00e9e\u00a0? T\u2019ai-je dit que j\u2019ai connu le Ramadier sur les bancs d\u2019une loge de la rue Froidevaux. De m\u00eame le sieur Beylot <a href=\"#_ftn2\" name=\"_ftnref2\">[2]<\/a> qui est son commercial \u00e9tait mon\u2026 j\u2019allais dire mon ami\u2026 pr\u00e9cisons\u00a0: ma relation \u00ab\u00a0fraternelle\u00a0\u00bb la plus en vue. Aux derniers renseignements, ce n\u2019est pas Ramadou mais Auriol qui avait prononc\u00e9 la phrase fatidique. La France est borgne et essouffl\u00e9e. Dame\u00a0! Elle a connu un dr\u00f4le de handicap.<\/p>\n<p style=\"text-align: justify;\">J\u2019aime beaucoup tes cheveux blonds. As-tu coiff\u00e9 Fr\u00e9d\u00e9ric, le Tout Soleil\u00a0? Combien de lustres a-t-il cass\u00e9s cette semaine\u00a0?<\/p>\n<p style=\"text-align: justify;\">Des avions sont pass\u00e9s ce matin. Y a-t-il eu revue militaire\u00a0? On ne voyait pas leurs couleurs. Et les feux d\u2019artifice\u00a0? Et les bals\u00a0? Tout a l\u2019air d\u2019\u00eatre mort. On n\u2019imagine gu\u00e8re que les gens puissent rire dans des circonstances aussi graves. La Lib\u00e9ration n\u2019aura \u00e9t\u00e9 qu\u2019un interm\u00e8de, tr\u00e8s court. D\u2019ici peu tout reprendra avec des forces neuves, et nous livrerons le grand, le supr\u00eame combat. Il faut en finir. Les pessimistes pr\u00e9voient l\u2019\u00e9crasement de tout. Il en est d\u2019autres, dont je suis, qui savent qu\u2019il n\u2019y aura que les pertes minima. Tout est bien. Et je t\u2019expliquerai des choses quand j\u2019aurai ton oreille contre ma bouche. Tout ce que je ne puis \u00e9crire, je le dirai, et tout ce que je ne peux pas dire, je le penserai, et tu l\u2019\u00e9couteras beaucoup mieux encore. C\u2019est le plus pur. Il ne se comprend que dans le silence.<\/p>\n<h1 style=\"text-align: justify;\">18 heures.<\/h1>\n<p style=\"text-align: justify;\">La journ\u00e9e fut belle. Quelques ministres sont venus discuter en promenade. On a parl\u00e9 philosophie, po\u00e9sie, th\u00e9\u00e2tre, surr\u00e9alisme. Chacun s\u2019arr\u00eate devant ta photo, demande \u00ab\u00a0<em>qui est-ce\u00a0?<\/em>\u00a0\u00bb. Je r\u00e9ponds glorieusement \u00ab\u00a0<em>la m\u00e8re de mon second fils\u00a0<\/em>\u00bb\u00a0!!! Et ce n\u2019est pas fini. \u00c0 quelques uns, plus intimes, je dis \u00ab<em>\u00a0ma femme<\/em>\u00a0\u00bb. Ce n\u2019est pas si pr\u00e9matur\u00e9. Ne m\u2019as-tu pas dit oui, sans conditions.<\/p>\n<p style=\"text-align: justify;\">Je t\u2019ai trouv\u00e9e un peu maigriotte. Veux-tu bien te remplumer. Fais un peu de cellule. Que de bais de vapeur pour faire tomber tous ces kilos qui m\u2019encombrent.<\/p>\n<p style=\"text-align: justify;\">Alors, tu penses \u00e0 nos vacances\u00a0? Tu revois tout. Est-ce que tu as pr\u00e9vu que je t\u2019aimerai autant\u00a0? Est-ce que tu pr\u00e9vois que tu vas \u00eatre tr\u00e8s heureuse\u00a0? Est-ce que tu sais qu\u2019avec moi tu n\u2019auras jamais de chagrin qu\u2019on ne puisse vaincre imm\u00e9diatement\u00a0? Nous serons si forts que tout le mal s\u2019\u00e9vanouira devant nous.<\/p>\n<p style=\"text-align: justify;\">Je t\u2019embrasse comme tu le m\u00e9rites. Juges en toi-m\u00eame. Est-ce que tu le m\u00e9rites\u00a0? Alors tu as droit \u00e0 tout ce qu\u2019il te faut. Et plus encore, nous ne sommes pas \u00e9conomes sur ce point. Bonne semaine. Gros gros\u2026<\/p>\n<p style=\"text-align: justify;\">J.<\/p>\n<p style=\"text-align: justify;\"><a href=\"#_ftnref1\" name=\"_ftn1\">[1]<\/a> Plusieurs ouvrages de Paul Val\u00e9ry contiennent le mot \u00ab\u00a0Rhumbs\u00a0\u00bb dans leur titre\u00a0: <em>Autres rhumbs<\/em> (1927), <em>Tel quel. rhumbs. notes. autres rhumbs. Analecta<\/em> (1934)\u2026 Il s\u2019agit de courtes citations. En termes de marine, un rhumb est un secteur d&rsquo;1\/32e de la rose des vents, couvrant un angle de 11\u00b015&prime; d\u00e9limit\u00e9 par deux directions du vent. (note de FGR)<br \/>\n<a href=\"#_ftnref2\" name=\"_ftn2\">[2]<\/a> R\u00e9sistant pendant la guerre, Jean Baylot fut pr\u00e9fet des Basses-Pyr\u00e9n\u00e9es de 1944 \u00e0 1946, des Bouches-du-Rh\u00f4ne de 1948 \u00e0 1951 et enfin pr\u00e9fet de Police de Paris de 1951 \u00e0 1954. C&rsquo;est sous sa responsabilit\u00e9 que la police r\u00e9prime violemment une manifestation d&rsquo;Alg\u00e9riens, le 14 juillet 1953, o\u00f9 sept manifestants sont tu\u00e9s. Il se consacre aussi \u00e0 la Franc-ma\u00e7onnerie. Membre du Grand conseil de l&rsquo;Ordre du Grand Orient de France, il devient en 1958 un dignitaire de la Grande Loge nationale fran\u00e7aise, o\u00f9 il est Grand ma\u00eetre provincial d&rsquo;Aquitaine. Il fut aussi secr\u00e9taire g\u00e9n\u00e9ral au ravitaillement du gouvernement Paul Ramadier (du 22 janvier 1947 au 14 juin 1947). (note de FGR)<\/p>\n","protected":false},"excerpt":{"rendered":"<p>\u00a0 Dimanche 13 juillet 1947 Ma ch\u00e9rie, Et bien\u00a0! Je t\u2019attendais jeudi avec plein de sourires, des bouts de papier plein les poches o\u00f9 j\u2019avais not\u00e9 mes d\u00e9sirs de cuisine, des po\u00e8mes plein les l\u00e8vres et les yeux, des d\u00e9sirs &hellip; <a href=\"https:\/\/monperejeanmamy.fr\/?page_id=2378\">Continuer la lecture <span class=\"meta-nav\">&rarr;<\/span><\/a><\/p>\n","protected":false},"author":2,"featured_media":11,"parent":0,"menu_order":0,"comment_status":"closed","ping_status":"closed","template":"","meta":[],"folder":[],"_links":{"self":[{"href":"https:\/\/monperejeanmamy.fr\/index.php?rest_route=\/wp\/v2\/pages\/2378"}],"collection":[{"href":"https:\/\/monperejeanmamy.fr\/index.php?rest_route=\/wp\/v2\/pages"}],"about":[{"href":"https:\/\/monperejeanmamy.fr\/index.php?rest_route=\/wp\/v2\/types\/page"}],"author":[{"embeddable":true,"href":"https:\/\/monperejeanmamy.fr\/index.php?rest_route=\/wp\/v2\/users\/2"}],"replies":[{"embeddable":true,"href":"https:\/\/monperejeanmamy.fr\/index.php?rest_route=%2Fwp%2Fv2%2Fcomments&post=2378"}],"version-history":[{"count":3,"href":"https:\/\/monperejeanmamy.fr\/index.php?rest_route=\/wp\/v2\/pages\/2378\/revisions"}],"predecessor-version":[{"id":2390,"href":"https:\/\/monperejeanmamy.fr\/index.php?rest_route=\/wp\/v2\/pages\/2378\/revisions\/2390"}],"wp:featuredmedia":[{"embeddable":true,"href":"https:\/\/monperejeanmamy.fr\/index.php?rest_route=\/wp\/v2\/media\/11"}],"wp:attachment":[{"href":"https:\/\/monperejeanmamy.fr\/index.php?rest_route=%2Fwp%2Fv2%2Fmedia&parent=2378"}],"wp:term":[{"taxonomy":"folder","embeddable":true,"href":"https:\/\/monperejeanmamy.fr\/index.php?rest_route=%2Fwp%2Fv2%2Ffolder&post=2378"}],"curies":[{"name":"wp","href":"https:\/\/api.w.org\/{rel}","templated":true}]}}