{"id":2387,"date":"2021-04-25T10:16:59","date_gmt":"2021-04-25T08:16:59","guid":{"rendered":"http:\/\/monperejeanmamy.fr\/?page_id=2387"},"modified":"2021-04-25T10:36:43","modified_gmt":"2021-04-25T08:36:43","slug":"jm-a-jr-fresnes-47-07-20","status":"publish","type":"page","link":"https:\/\/monperejeanmamy.fr\/?page_id=2387","title":{"rendered":"JM \u00e0 JR (Fresnes 47\/07\/20)"},"content":{"rendered":"<p><strong>\u00a0<\/strong><a href=\"http:\/\/monperejeanmamy.fr\/?page_id=2378\"><img loading=\"lazy\" class=\"wp-image-1352 alignleft\" src=\"http:\/\/monperejeanmamy.fr\/wp-content\/uploads\/2021\/03\/Lettre-precedente.jpg\" alt=\"\" width=\"143\" height=\"78\" \/><\/a><a href=\"http:\/\/monperejeanmamy.fr\/?page_id=2391\"><img loading=\"lazy\" class=\"alignright wp-image-1353\" src=\"http:\/\/monperejeanmamy.fr\/wp-content\/uploads\/2021\/03\/Lettre-suivante.jpg\" alt=\"\" width=\"139\" height=\"76\" \/><\/a><\/p>\n<p style=\"text-align: center;\"><strong>Dimanche 20 juillet 1947<\/strong><\/p>\n<p style=\"text-align: center;\">Ma ch\u00e9rie,<\/p>\n<p style=\"text-align: justify;\">Est-ce qu\u2019on aime davantage les moineaux le dimanche matin ? Serait-ce parce qu\u2019ils ont le temps de venir vous manger dans la main avec plus de confiance ? Et puis tous les branle-bas des cloches, toutes les f\u00eates des cieux et la terre vous pr\u00e9disposent \u00e0 se rapprocher davantage des oiseaux qui, eux, connaissent tellement de choses, bien plus que nous autres p\u00e9destres. Ainsi, mon moineau, tu peux venir toutes les minutes sur ma fen\u00eatre, sans que je m\u2019\u00e9veille de ce sommeil de brute qui est la marque fatale dont la Terre voudrait nous assommer de par la volont\u00e9 du p\u00e8re Saturne. Et mon moineau \u00e9tait nich\u00e9 dans la peau de mouton (d\u2019Agnus Dei, d\u2019agneau sans t\u00e2che) o\u00f9 je dors d\u2019une conscience juste. Et mon moineau ne s\u2019est pas envol\u00e9.<\/p>\n<p style=\"text-align: justify;\">Tous les dimanches de l\u2019avenir, jusqu\u2019\u00e0 ce que nous n\u2019en puissions plus de regarder en face nos yeux heureux de tout, je t\u2019\u00e9crirai la longue lettre de l\u2019affection dominicale. Tu pourras la lire sur mon \u00e9paule, voir combien je m\u2019applique, avec quel soin je r\u00e9fl\u00e9chis pour trouver les meilleurs termes de bonheur, combien il me faut de patience, et d\u2019arr\u00eats, et de commencements, et de m\u00e9ditation, pour que toute notre tendresse commune soit si pr\u00e9sente qu\u2019elle \u00e9clate comme un soleil doux et point trop br\u00fblant, et vivifiant, et mod\u00e9rateur, et g\u00e9n\u00e9rateur. Il sera parfait que j\u2019\u00e9crive ces lettres joue contre joue pour que tu sentes en m\u00eame temps que le jeu de mots, le sourd bouillonnement de l\u2019orage paisible qui s\u2019amuse et se passionne dans ma t\u00eate solide o\u00f9 l\u2019on inscrit toujours en lettres grav\u00e9es, tourbillonnantes, fixes comme Croix du Sud, ou tremblotantes comme la Polaire, des mots qui plaisent, qui parlent, qui dansent, qui sourient\u00a0: Jeannette, Fr\u00e9d\u00e9ric, cheveux blonds, yeux pervers, main chatte, l\u00e8vres pures, sourire d\u2019enfant, rire de femme, amour qui bout, c\u0153ur si tranquille, Bon Dieu en branche, moineau en sucre, en or, en perles. Ne lis pas trop vite par-dessus l\u2019\u00e9paule. Il faut garder la surprise pour le jour o\u00f9 la lettre t\u2019arrivera.<\/p>\n<p style=\"text-align: justify;\">Tu es toujours pr\u00e9sente. Il te fallait bien crier l\u2019autre jour. Le parloir \u00e9tait terrible. Vacarme de hurleurs qui ne savent que se monter dessus. On apportera un t\u00e9l\u00e9phone secret, un alphabet de sourd-muet. Ton c\u0153ur ne battait pas trop, \u00e0 en \u00e9branler le grillage. Et pourtant, je sentais bien qu\u2019il y avait un petit volcan quelque part, de la grosse temp\u00eate qu\u2019on calme en marchant dessus avec des pieds de Christ.<\/p>\n<p style=\"text-align: justify;\">Alors tu vas m\u2019\u00e9crire tous les jours\u00a0? Bravo\u00a0! J\u2019attends la premi\u00e8re lettre demain. On verra si les promesses sont tenues. J\u2019ai bien re\u00e7u la lettre de Philibert. Elle n\u2019est pas si pessimiste que \u00e7a. Bien au contraire. Il annonce des tas de catastrophes. On les conna\u00eet. \u00c0 force de lire <em>L\u2019Apocalypse<\/em>, et Daniel, et Zacharie, et J\u00e9r\u00e9mie, on s\u2019y est habitu\u00e9. La fin du monde\u00a0? Bravo\u00a0! On sera plus tranquille, car ce n\u2019est apr\u00e8s tout que la fin d\u2019un r\u00eave affreux et le r\u00e9veil d\u2019une conscience plus pure. \u00c9tant donn\u00e9 que la fin de tout ceci ne veut dire que la fin de la mort, la fin de la chair, et point du tout la fin de la vie, toujours \u00e9ternelle.<\/p>\n<p style=\"text-align: justify;\">Je t\u2019embrasse sur la joue fra\u00eeche, sur le c\u0153ur tout vif. Est-ce que tu sens parfois qu\u2019on te caresse les pens\u00e9es comme un chat. J\u2019avais un chat noir, qui s\u2019appelait Hom\u00e8re, dont le plaisir quotidien \u00e9tait de venir se coucher sur mes \u00e9paules le soir, pendant que j\u2019\u00e9crivais dans mon petit bureau de l\u2019h\u00f4tel particulier o\u00f9 (Oh\u00a0! Splendeur\u00a0!) j\u2019abritais mes tourments dans un recoin d\u2019Auteuil (juste avant de venir m\u2019installer pr\u00e8s de ce frais Jardin du Roi). Je pr\u00e9f\u00e8re \u00e0 tout prendre la rue du Jardin du Roi <a href=\"#_ftn1\" name=\"_ftnref1\">[1]<\/a> (c\u2019est l\u2019ancien nom de notre bonne rue de ce sacr\u00e9 rez-de-chauss\u00e9e, que tu connais peut-\u00eatre). J\u2019habite maintenant un premier \u00e9tage aussi discret o\u00f9 l\u2019on p\u00e9n\u00e8tre qu\u2019en montrant patte blanche. On nous pr\u00e9serve \u00e0 dessein des effusions trop dangereuses, et l\u2019on nous incite \u00e0 m\u00e9diter sur les probl\u00e8mes du monde sans doute pour pouvoir les r\u00e9soudre bient\u00f4t. Nous sommes devenus tr\u00e8s forts l\u00e0-dessus.<\/p>\n<p style=\"text-align: justify;\">Mon moineau, je t\u2019embrasse comme il n\u2019est pas possible, c&rsquo;est-\u00e0-dire non avec des l\u00e8vres, ou des mots, ou des yeux, ou des tendresses, mais avec tout moi, et tout l\u2019univers par dessus. Tu es bien aim\u00e9e, bienheureuse entre toutes. Un monde entier est \u00e0 tes pieds et tu n\u2019as plus qu\u2019\u00e0 tremper les doigts dans la source fra\u00eeche, \u00e0 go\u00fbter les mets d\u00e9licats, \u00e0 \u00e9couter les chansons des for\u00eats, et \u00e0 rire de tous tes yeux. Bon dimanche. On t\u2019aime.<\/p>\n<p style=\"text-align: justify;\">Petite fille ch\u00e9rie, je re\u00e7ois \u00e0 l\u2019instant ta lettre de vendredi. Tu as raison de tendre l\u2019oreille pour \u00e9couter tous les mots tendres qui viennent d\u2019ici, car on pense \u00e0 toi avec tant de pr\u00e9cision, de hardiesse, de douceur qu\u2019il ne se peut pas que toute cette musique souple et aimante ne soit pas le meilleur refrain de tes soir\u00e9es. On te composera jusqu\u2019\u00e0 des romances. On parlera tant que tu seras couverte de mots bijoux. Et l\u2019on se taira ensuite pour te laisser savourer l\u2019heure d\u2019\u00eatre libre de choisir entre tous les cadeaux qu\u2019on te fit non point pour te parer trop mais pour te montrer combien tu vaux mieux que tous les diamants du monde. C\u2019est la femme qui donne du prix aux objets qu\u2019elle porte. Comment pourrais-je jamais trouver le \u00ab\u00a0Koh-i Nor <a href=\"#_ftn2\" name=\"_ftnref2\">[2]<\/a>\u00a0\u00bb ou le \u00ab\u00a0R\u00e9gent <a href=\"#_ftn3\" name=\"_ftnref3\">[3]<\/a>\u00a0\u00bb ou le \u00ab\u00a0diamant bleu <a href=\"#_ftn4\" name=\"_ftnref4\">[4]<\/a>\u00a0\u00bb qui vaille ton sourire d\u2019un instant. Car c\u2019est la joie qui compte plus que tout un univers d\u2019or et de bijoux et nous fermerons les yeux sur toutes nos richesses.<\/p>\n<p style=\"text-align: justify;\">Je sais bien que je peux tout te demander. Je sais bien que tu ob\u00e9is (comme moi mamzelle) aux principes qu\u2019il faut pour vivre ensemble d\u2019un pas \u00e9gal. Je sais bien que tu es toujours pr\u00eate \u00e0 l\u2019effort. Est-ce que moi aussi je n\u2019ai pas pour toi toutes les volont\u00e9s d\u2019\u00eatre doux, de t\u2019aider de toute ma force puissante, de parer \u00e0 tous les \u00e0-coups, de construire ce qui sera pour toi le palais ou la chaumi\u00e8re, mais le foyer vivant. Il se r\u00e9alisera. Il est l\u00e0. J\u2019en ai le plan tout trac\u00e9. J\u2019en connais le sentier \u00e9troit. Dans un recoin cach\u00e9, mais aussi bien situ\u00e9 sur la montagne. \u00c0 l\u2019abri des m\u00e9chants, mais non point du soleil, ni des amis, ni des menottes d\u2019enfant.<\/p>\n<p style=\"text-align: justify;\">Il faut prendre tr\u00e8s au s\u00e9rieux toutes les confidences que tu me fais. Elles sont couronn\u00e9es par le c\u0153ur. C\u2019est tr\u00e8s s\u00e9rieux que d\u2019aimer quelqu\u2019un. Tu n\u2019imagines pas \u00e0 quel point.<\/p>\n<p style=\"text-align: justify;\">Il ne faut pas \u00eatre nerveuse mais patiente, parce que tout est <u>tr\u00e8s bien d\u00e8s aujourd\u2019hui<\/u>, comme toujours. La nervosit\u00e9 c\u2019est la crainte, c\u2019est l\u2019illusion que quelque chose nous menace qui peut emp\u00eacher, diminuer, diff\u00e9rer notre bonheur l\u00e9gitime, v\u00e9ritable. Cette crainte est inutile. Il faut la d\u00e9truire, savoir que d\u00e8s \u00e0 pr\u00e9sent nous sommes prot\u00e9g\u00e9s, dirig\u00e9s, par une Intelligence qui ne veut que notre bien. Ayons confiance. Comprenons \u00e0 quel point nous devons admettre dans notre conscience tant de s\u00e9curit\u00e9, tant de calme que rien d\u2019autre ne peut y p\u00e9n\u00e9trer. Je ne veux pas te voir t\u2019agiter le moins du monde. Et quand tu penses \u00e0 moi tu dois dire\u00a0: il est heureux l\u00e0 o\u00f9 il est, comme il est, parce qu\u2019il m\u2019aime, et qu\u2019il est partout, et qu\u2019il sait que tout s\u2019arrangera, que tout est pour le mieux, que dans peu de temps nous aurons la joie de reprendre la route ensemble, plus pr\u00e8s l\u2019un de l\u2019autre, mais d\u00e9j\u00e0 li\u00e9s par une telle communion heureuse que l\u2019absence d\u2019aujourd\u2019hui n\u2019aura pas \u00e9t\u00e9 inutile. C\u2019est une soudure extraordinaire d\u2019une solidit\u00e9 \u00e0 toute \u00e9preuve.<\/p>\n<p style=\"text-align: justify;\">Calme le Fr\u00e9d\u00e9ric. Apprends-lui \u00e0 vivre lentement. C\u2019est ainsi qu\u2019on va plus vite.<\/p>\n<p style=\"text-align: justify;\">J\u2019ai pris quelques notes pour toi. Veux-tu bien pour lundi prochain m\u2019envoyer sans faute 1 pot de colle (encore\u00a0! oui\u00a0!), une cinquantaine de feuilles quadrill\u00e9es perfor\u00e9es, format cahier habituel (indispensable, je suis en plain travail) et quelques cure-dents. Voil\u00e0. Pour le reste tout est parfait.<\/p>\n<p style=\"text-align: justify;\">Mes gueules de loup sont superbes. Je les arrose au bouillon Kub\u00a0!! C\u2019est \u00e9tonnant. Voil\u00e0 de l\u2019engrais inesp\u00e9r\u00e9.<\/p>\n<p style=\"text-align: justify;\">J\u2019aimerais que tu fasses connaissance de Mlle Meyer, la praticienne que je vois ici deux ou trois fois la semaine. Elle pourrait te conseiller utilement \u00e0 propos de tout, l\u2019\u00e9ducation de Fr\u00e9d\u00e9ric en particulier, la fa\u00e7on de travailler pour qu\u2019il soit plus doux, et ce que tu dois d\u00e9j\u00e0 penser pour lui pour qu\u2019il se d\u00e9veloppe magnifiquement. Nous en parlerons au parloir. Mais je lui dirai aussi de te t\u00e9l\u00e9phoner. Elle est si d\u00e9vou\u00e9e. Et c\u2019est une personne remarquablement intelligente et simple. Je suis persuad\u00e9 qu\u2019elle te plaira. Au revoir, ma toute ch\u00e9rie. Je t\u2019embrasse comme un ouragan apais\u00e9. Il gronde encore, mais si peu qu\u2019on en \u00e9prouve du bonheur \u00e0 le voir si ma\u00eetre de lui. Tous mes baisers, \u00e0 l\u2019infini\u2026 et pour l\u2019anniversaire de Fr\u00e9d\u00e9ric\u00a0? Embrasse-le mille fois. 3 ans\u00a0!!!<\/p>\n<p style=\"text-align: justify;\">J.<\/p>\n<p style=\"text-align: justify;\"><a href=\"#_ftnref1\" name=\"_ftn1\">[1]<\/a> Il s\u2019agit de l\u2019actuelle rue Cuvier qui borde le Jardin des Plantes (Paris 5<sup>\u00e8me<\/sup>), anciennement Jardin du Roi. (note de FGR)<br \/>\n<a href=\"#_ftnref2\" name=\"_ftn2\">[2]<\/a> Le Koh-i Nor est un diamant de 105,6 carats (21,61g) actuellement mont\u00e9 sur la couronne de la famille royale britannique, expos\u00e9e avec les joyaux de la Couronne britannique \u00e0 la Tour de Londres. (note de FGR)<br \/>\n<a href=\"#_ftnref3\" name=\"_ftn3\">[3]<\/a> Le R\u00e9gent est un diamant blanc c\u00e9l\u00e8bre d\u00e9couvert en 1698 en Inde. Lors de sa d\u00e9couverte, il pesait 426. R\u00e9duit \u00e0 140,5 carats par le joaillier londonien Harris, qui le taille en brillant entre 1704 et 1706, il est revendu en 1717 \u00e0 Philippe, duc d\u2019Orl\u00e9ans et r\u00e9gent de France. Depuis, le diamant porte le nom de R\u00e9gent et il fit partie des diamants de la Couronne de France. Louis XV le portait sur sa couronne lors de son sacre en 1722, et Marie-Antoinette le portait souvent comme bijou. En 1792, le diamant fut vol\u00e9 avec le Bleu de France mais fut retrouv\u00e9 d\u00e8s l&rsquo;ann\u00e9e suivante. (note de FGR)<br \/>\n<a href=\"#_ftnref4\" name=\"_ftn4\">[4]<\/a> Le diamant bleu de la Couronne de France est un grand diamant bleu achet\u00e9 par Louis XIV \u00e0 Jean-Baptiste Tavernier qui l&rsquo;a rapport\u00e9 d\u2019Inde en 1668. Louis XIV le fait retailler puis Louis XV l&rsquo;inclut dans l\u2019insigne de l\u2019Ordre de la Toison d&rsquo;or. Vol\u00e9 en 1792, sa trace est perdue jusqu&rsquo;\u00e0 la d\u00e9couverte accidentelle en d\u00e9cembre 2007 par Fran\u00e7ois Farges de son mod\u00e8le en plomb qui, apr\u00e8s des recherches historiques, prouve que ce diamant de la Couronne est \u00e0 l\u2019origine du diamant Hope apparu en Angleterre apr\u00e8s le vol. Il reste le plus gros diamant bleu jamais d\u00e9couvert \u00e0 ce jour. (note de FGR)<\/p>\n","protected":false},"excerpt":{"rendered":"<p>\u00a0 Dimanche 20 juillet 1947 Ma ch\u00e9rie, Est-ce qu\u2019on aime davantage les moineaux le dimanche matin ? Serait-ce parce qu\u2019ils ont le temps de venir vous manger dans la main avec plus de confiance ? Et puis tous les branle-bas &hellip; <a href=\"https:\/\/monperejeanmamy.fr\/?page_id=2387\">Continuer la lecture <span class=\"meta-nav\">&rarr;<\/span><\/a><\/p>\n","protected":false},"author":2,"featured_media":11,"parent":0,"menu_order":0,"comment_status":"closed","ping_status":"closed","template":"","meta":[],"folder":[],"_links":{"self":[{"href":"https:\/\/monperejeanmamy.fr\/index.php?rest_route=\/wp\/v2\/pages\/2387"}],"collection":[{"href":"https:\/\/monperejeanmamy.fr\/index.php?rest_route=\/wp\/v2\/pages"}],"about":[{"href":"https:\/\/monperejeanmamy.fr\/index.php?rest_route=\/wp\/v2\/types\/page"}],"author":[{"embeddable":true,"href":"https:\/\/monperejeanmamy.fr\/index.php?rest_route=\/wp\/v2\/users\/2"}],"replies":[{"embeddable":true,"href":"https:\/\/monperejeanmamy.fr\/index.php?rest_route=%2Fwp%2Fv2%2Fcomments&post=2387"}],"version-history":[{"count":3,"href":"https:\/\/monperejeanmamy.fr\/index.php?rest_route=\/wp\/v2\/pages\/2387\/revisions"}],"predecessor-version":[{"id":2395,"href":"https:\/\/monperejeanmamy.fr\/index.php?rest_route=\/wp\/v2\/pages\/2387\/revisions\/2395"}],"wp:featuredmedia":[{"embeddable":true,"href":"https:\/\/monperejeanmamy.fr\/index.php?rest_route=\/wp\/v2\/media\/11"}],"wp:attachment":[{"href":"https:\/\/monperejeanmamy.fr\/index.php?rest_route=%2Fwp%2Fv2%2Fmedia&parent=2387"}],"wp:term":[{"taxonomy":"folder","embeddable":true,"href":"https:\/\/monperejeanmamy.fr\/index.php?rest_route=%2Fwp%2Fv2%2Ffolder&post=2387"}],"curies":[{"name":"wp","href":"https:\/\/api.w.org\/{rel}","templated":true}]}}