{"id":2409,"date":"2021-04-25T17:40:59","date_gmt":"2021-04-25T15:40:59","guid":{"rendered":"http:\/\/monperejeanmamy.fr\/?page_id=2409"},"modified":"2021-04-25T18:00:35","modified_gmt":"2021-04-25T16:00:35","slug":"jm-a-jr-fresnes-47-08-24","status":"publish","type":"page","link":"https:\/\/monperejeanmamy.fr\/?page_id=2409","title":{"rendered":"JM \u00e0 JR (Fresnes 47\/08\/24)"},"content":{"rendered":"<p><strong>\u00a0<\/strong><a href=\"http:\/\/monperejeanmamy.fr\/?page_id=2405\"><img loading=\"lazy\" class=\"wp-image-1352 alignleft\" src=\"http:\/\/monperejeanmamy.fr\/wp-content\/uploads\/2021\/03\/Lettre-precedente.jpg\" alt=\"\" width=\"143\" height=\"78\" \/><\/a><a href=\"http:\/\/monperejeanmamy.fr\/?page_id=2415\"><img loading=\"lazy\" class=\"alignright wp-image-1353\" src=\"http:\/\/monperejeanmamy.fr\/wp-content\/uploads\/2021\/03\/Lettre-suivante.jpg\" alt=\"\" width=\"139\" height=\"76\" \/><\/a><\/p>\n<p style=\"text-align: center;\"><strong>Dimanche 24 ao\u00fbt 1947<\/strong><\/p>\n<p style=\"text-align: center;\">Ma petite fille ch\u00e9rie,<\/p>\n<p style=\"text-align: justify;\">J\u2019ai bien re\u00e7u toutes tes grandes lettres contenant tous les parfums de la terre, toutes les fleurs des bois, toutes les \u00e9chapp\u00e9es immenses dans la campagne libre, tout le bonheur qu\u2019on \u00e9prouve \u00e0 respirer l\u2019air frais, et tout ce dont l\u2019esprit s\u2019emplit de tendresses mar\u00e2tres. La \u00ab\u00a0Terre nouvelle\u00a0\u00bb que tout un chacun se doit d\u2019atteindre par l\u2019ascension de la conscience pure nous promet donc encore des joies plus hautes puisque d\u00e9j\u00e0 tant d\u2019ivresses saines transparaissent au simple contact de la libert\u00e9 des champs. Laisse jouer le Fr\u00e9d\u00e9ric comme un oiseau \u00e9chapp\u00e9 de sa cage parisienne. Nous le transporterons bient\u00f4t dans des paysages plus larges encore, et o\u00f9 il pourra s\u2019exercer les muscles et l\u2019esprit tout neuf. Il sera un homme si fort qu\u2019il vaincra sa propre nature charnelle, et renversera toutes les limites de sa g\u00e9n\u00e9ration. Bien plus qu\u2019un chef\u00a0! Un magnifique serviteur qui saura ob\u00e9ir avec une telle souplesse qu\u2019on lui reconna\u00eetra le g\u00e9nie de l\u2019autorit\u00e9.<\/p>\n<p style=\"text-align: justify;\">Les nouvelles sont meilleures de jour en jour. Il ne faut point te tourmenter pour octobre. Je prends d\u00e9j\u00e0 des dispositions pour que tout se passe bien, c&rsquo;est-\u00e0-dire que rien ne se passe du tout. On verra bien si cela r\u00e9ussit. En tous cas, de toutes fa\u00e7ons la situation est infiniment meilleure qu\u2019en juillet, mais j\u2019esp\u00e8re encore mieux. On verra bien. Travaillons de toutes nos forces pour cela.<\/p>\n<p style=\"text-align: justify;\">Aujourd\u2019hui 24 ao\u00fbt, mes camarades catholiques ont plaisamment c\u00e9l\u00e9br\u00e9 la Saint Barth\u00e9lemy contre les Huguenots. J\u2019ai naturellement \u00e9t\u00e9 le point de mire de toutes les attaques. Voici quatre si\u00e8cles qu\u2019on s\u2019\u00e9tripait pour telle diff\u00e9rence de dogme. Il y a cinquante ans, on se toisait encore grincheusement. Aujourd\u2019hui on en rit. L\u2019esprit \u00e9volue vite. Tous s\u2019aper\u00e7oivent de la stupidit\u00e9 des querelles d\u2019hier. On n\u2019\u00e9coute plus gu\u00e8re les sectaires farouches. Il suffit qu\u2019un protestant soit aimable pour que beaucoup soient gagn\u00e9s \u00e0 la cause. On n\u2019a jamais conquis personne par la violence. Avis \u00e0 un certain Paul Riche. D\u00e9funt celui-l\u00e0. Voil\u00e0 un pseudonyme qui ne resservira plus. Et pour cause. Le prochain sera celui d\u2019un personnage doux aimable conciliant, sobre de mots, \u00e9l\u00e9gant, toujours d\u2019humeur \u00e9gale, cherchant \u00e0 apaiser, s\u2019ing\u00e9niant \u00e0 plaire au mieux, vantant les qualit\u00e9s de chacun, \u00e9vitant de critiquer injustement, n\u2019attaquant jamais, mod\u00e9rant ses observations. Bref, l\u2019ami de tout repos sur qui chaque honn\u00eate homme peut s\u2019appuyer pour la d\u00e9fense de ses justes int\u00e9r\u00eats. Pas de pol\u00e9mique, des conseils. Pas d\u2019invectives, des souhaits. Et tant de douceur\u2026 Tu vois que la prison sert \u00e0 quelque chose. Le caract\u00e8re perd toute son aigreur aigre. Il redevient bon. Nous serons \u00e0 nouveau comme de petits enfants, ou comme de majestueux vieillards. La s\u00e9r\u00e9nit\u00e9 limpide des dieux.<\/p>\n<p style=\"text-align: justify;\">Je crois que la pire des erreurs humaines est la folle passion, l\u2019imp\u00e9tueuse violence de la domination politique. Les hommes cherchent \u00e0 asseoir leur puissance par la force physique. Pour ce, ils sont oblig\u00e9s de s\u2019armer, de menacer, d\u2019injurier, de r\u00e9duire \u00e0 merci, de terroriser. Au bout de quoi, ils s\u2019effondrent parce qu\u2019ils n\u2019ont rien appris de l\u2019exp\u00e9rience des anc\u00eatres. Il n\u2019y a qu\u2019un seul pouvoir\u00a0: la comp\u00e9tence, l\u2019exp\u00e9rience qui induit \u00e0 la volont\u00e9 de l\u2019esprit. Hors cela, tout est vanit\u00e9, tyrannie.<\/p>\n<h1 style=\"text-align: justify;\"><u>21 heures<\/u>.<\/h1>\n<p style=\"text-align: justify;\">Alors, il y a deux heures, je tenais des propos politiques\u00a0!!! Et tu les \u00e9coutais\u00a0!!! Pauvre ch\u00e9rie\u00a0! Quelle patience\u00a0! Depuis, j\u2019ai mang\u00e9 du riz au lard, bu trois caf\u00e9s, fait deux \u00ab\u00a0crapettes\u00a0\u00bb (c\u2019est un peu de vieillard g\u00e2teux, une sorte de patience \u00e0 deux jeux de 52 cartes, bonne pour les enfants de 8 ans. C\u2019est notre \u00e2ge, d\u00e8s 6 heures du soir). Me voici \u00e0 nouveau devant mon papier et entre mes bibles. Et on travaille. Ex\u00e9g\u00e8se\u00a0! Compilation\u00a0! Analyse\u00a0! Comparaison\u00a0! Parall\u00e8le\u00a0! Sais-tu bien quelles diff\u00e9rences fondamentales il y a entre la Synodale, la version Segond ou l\u2019Osterwald\u00a0? Des ab\u00eemes les s\u00e9parent. C\u2019est \u00e0 dire des nuances. C\u2019est tout comme. Nous ne sommes bien s\u00e9par\u00e9s de la vie du dehors que par quelques m\u00e8tres de muraille. Et pourtant, quel foss\u00e9 creus\u00e9 entre nous et bien des gens. Foss\u00e9 difficile \u00e0 combler pour des esprits niais. Jamais nous ne serrerons plus la main de ces gens-l\u00e0, hurlent les imb\u00e9ciles contre nous. Tant mieux, moins de savon \u00e0 d\u00e9penser.<\/p>\n<p style=\"text-align: justify;\">Voil\u00e0 que je redeviens m\u00e9chant. Tout doux, po\u00e8te. Point de hargne contre la nuit.<\/p>\n<p style=\"text-align: justify;\">Il est l\u2019heure du sommeil pour toi et du silence pour moi. Je crois non point r\u00eaver, mais m\u2019astreindre \u00e0 ne point r\u00eaver. Penser fixement \u00e0 de merveilleuses images. Elles se d\u00e9roulent comme des po\u00e8mes au sommet d\u2019une colline fleurie, contre un ciel tourment\u00e9. Elles apportent la joie et l\u2019esp\u00e9rance, la paix et l\u2019amour neuf. Elles sont si pures qu\u2019on n\u2019ose les contempler avec ses pauvres yeux plein de vieilles larmes aigres. Il faut \u00eatre si s\u00fbr de soi pour savoir qu\u2019elles sont plus r\u00e9elles encore que nous-m\u00eames. Nos images sont nos d\u00e9sirs, et nos souhaits, et surtout les b\u00e9n\u00e9dictions qui nous effleurent sans que nous sachions nous-m\u00eame qu\u2019elles sont l\u00e0. Qui saura combien d\u2019anges peuplent ma cellule et ta chambre. Je te vois toujours entour\u00e9e de lumi\u00e8res et berc\u00e9e par tous les saints d\u2019un Paradis bon enfant. Tu t\u2019y pr\u00eates parce que tu es si petite fille, mon moineau, qu\u2019on peut te raconter tous les contes de f\u00e9es, toutes les histoires de No\u00ebl.<\/p>\n<p style=\"text-align: justify;\">Bonsoir. Dors dans mon bras. Raconte-moi \u00e0 l\u2019oreille tout ce que tu as vu. Demain j\u2019aurai peut-\u00eatre les foug\u00e8res ou bruy\u00e8res. Si tes fleurs me manquent, tes pens\u00e9es ne me manquent point. On les sent pr\u00e9sentes, si douces. Pas d\u2019impatience. Il faut que la vie s\u2019ouvre tout doucement \u00e0 souhait. \u00c0 demain, ch\u00e9rie.<\/p>\n<h1 style=\"text-align: justify;\"><span style=\"text-decoration: underline;\">Lundi.<\/span><\/h1>\n<p style=\"text-align: justify;\">Tout va tr\u00e8s bien. \u00c0 un point que tu ne peux imaginer. Il y a des miracles. Celui par exemple de transformer un avenir sombre en un destin brillant de lumi\u00e8re, celui d\u2019oublier le pass\u00e9 au point qu\u2019il disparaisse, celui de trouver le pr\u00e9sent libre de tous maux. La vie est un immense miracle, une merveille prodigieuse, et Jeannette est l\u2019ange de la vie radieuse. Pourquoi si gai ce soir\u00a0? Parce que. Motus. Parce que. J\u2019ai de tr\u00e8s grands espoirs.<\/p>\n<p style=\"text-align: justify;\">Pour l\u2019instant j\u2019ai tes foug\u00e8res arriv\u00e9es ce matin dans le colis avec tous les petits paquets (non, pas les foug\u00e8res, mais les bruy\u00e8res) et j\u2019ai fourr\u00e9 mon nez dedans. En fermant les yeux j\u2019ai vu la lande et les sous-bois, les lapins au derri\u00e8re brillant, le cr\u00e9puscule sur la for\u00eat, des visions de Fontainebleau ou d\u2019un mont de Savoie, des froufrous dans les feuilles s\u00e9ch\u00e9es, les humus noirs o\u00f9 les taupes creusent leurs tunnels secrets, des cris de hiboux au cr\u00e9puscule.<\/p>\n<p style=\"text-align: justify;\">Bien s\u00fbr que je suis avec toi dans toutes tes galopades avec le Fr\u00e9d\u00e9ric. Il n\u2019y en a pas une que je n\u2019aie vue, suivie, encourag\u00e9e. Je vous ai devanc\u00e9s partout et je t\u2019ai embrass\u00e9e \u00e0 tous les d\u00e9tours de chemin. Il y a beaucoup de d\u00e9tours.<\/p>\n<p style=\"text-align: justify;\">Pourquoi aime-t-on telle ou telle\u00a0? Et non point une autre\u00a0? Pour ses qualit\u00e9s\u00a0? Par attraction terrestre\u00a0? Par affinit\u00e9\u00a0? Par r\u00e9flexion\u00a0? Par habitude\u00a0? Par raison\u00a0? Pour faire une fin\u00a0? Pour commencer enfin la vraie construction de sa vie\u00a0? Pour ses cheveux blonds\u00a0? Pour ses yeux gris\u00a0? Parce qu\u2019elle est gentille\u00a0? Parce qu\u2019elle est toujours toute d\u00e9vou\u00e9e\u00a0? Par besoin d\u2019aimer\u00a0? Parce qu\u2019on a senti remuer en soi quelque chose de vivant\u00a0? Parce que. Voil\u00e0. Parce que.<\/p>\n<p style=\"text-align: justify;\">Est-ce que tu m\u2019aimes davantage \u00e0 la campagne\u00a0? Pourquoi m\u2019\u00e9cris-tu si souvent\u00a0? Cela te fait plaisir de m\u2019\u00e9crire\u00a0?<\/p>\n<p style=\"text-align: justify;\">Si je sors bient\u00f4t, tu prends le train, l\u2019avion, le bateau avec moi\u00a0? Sans conditions\u00a0?<\/p>\n<p style=\"text-align: justify;\">J\u2019ai de quoi te rendre tr\u00e8s heureuse pendant des ann\u00e9es. Je le sais bien. Tu les auras tes heures de bonheur. Moi aussi. Et la r\u00e9compense sera au bout de l\u2019\u00e9preuve.<\/p>\n<p style=\"text-align: justify;\">Depuis trois ans je te fais toujours esp\u00e9rer une solution lointaine ou proche. Il arrivera bien le jour o\u00f9 tous les tracas seront termin\u00e9s, ou nous pourrons \u00e0 nouveau envisager la vie libre dans un pays aim\u00e9. Je me sens tr\u00e8s dispos\u00e9 \u00e0 travailler \u00e0 nouveau en toute tranquillit\u00e9, dans un cadre riant, avec des gens aimables, pour un m\u00e9tier int\u00e9ressant, profitable, avec d\u2019immenses possibilit\u00e9s, et surtout avec le sentiment que notre travail r\u00e9ussit, que nous sommes dans la bonne voie, que nous sommes utiles et construisons quelque chose de solide.<\/p>\n<p style=\"text-align: justify;\">Ce serait une erreur de ne voir dans la vie de ne voir dans la vie que le pire. Ce n\u2019est parce que nous vivons dans une effroyable situation d\u2019\u00e9go\u00efsme et de luttes que tous ces maux ne peuvent \u00eatre vaincus un jour. Il est vraisemblable de penser que dans peu d\u2019ann\u00e9es (10 ans au plus) l\u2019humanit\u00e9 conna\u00eetra la plus belle p\u00e9riode de prosp\u00e9rit\u00e9 qu\u2019elle ait jamais connue. Un \u00e2ge d\u2019or <a href=\"#_ftn1\" name=\"_ftnref1\">[1]<\/a>. Tout le fait pr\u00e9voir. Mais il faut auparavant que les fausses id\u00e9ologies s\u2019effondrent et que les \u00e9quipes de politiciens soient mises \u00e0 l\u2019\u00e9cart. Nous ne souffrons que des exp\u00e9riences des intellectuels de \u00ab g\u00f4che \u00bb et des imb\u00e9cillit\u00e9s de la vieille bourgeoisie conservatrice et cl\u00e9ricale. La solution n\u2019est ni dans le renforcement de la dictature de l\u2019argent ni dans la police populaire. Un ordre na\u00eetra qui ne tiendra compte d\u2019aucune tendance de parti, ni d\u2019aucun int\u00e9r\u00eat personnel.<\/p>\n<p style=\"text-align: justify;\">Voila mamzelle pourquoi votre fils grandit. Profite grandement de ton s\u00e9jour. Roule-toi\u00a0 dans l\u2019herbe jusqu\u2019au sous le museau des ruminants. Laisse le Fr\u00e9d\u00e9ric pi\u00e9tiner toutes les fourmis, chevaucher tous les moutons, s\u2019attirer l\u2019amiti\u00e9 de tous les caniches. Et reviens-nous gonfl\u00e9e de s\u00e8ve, souriante de tout le soleil de la Creuse, br\u00fbl\u00e9e par l\u2019amour des bois. Je te prendrai comme un lutin du vieux pays gaulois, comme une d\u00e9esse druidique d\u00e8s ton retour o\u00f9 tu ne sauras plus que b\u00e9er des odes \u00e0 tous les vents de la terre. La d\u00e9tente est merveilleuse de ne plus penser \u00e0 tous les soucis de la ville, \u00e0 son m\u00e9canisme d\u2019esclave. Je te donnerai bient\u00f4t de quoi d\u00e9velopper tes ambitions maternelles et autres.<\/p>\n<p style=\"text-align: justify;\">Au revoir ch\u00e9rie. Bonne nuit. \u00c0 dans quinze jours, dans notre cage \u00e0 poules. Nous nous crierons des gentillesses et des mots secrets. On parle si fort dans ces parloirs que tout ce qu\u2019on en dit, au fond, n\u2019est qu\u2019\u00e0 voix basse. Mais bien s\u00fbr, naturellement oui, je t\u2019aime. Tu le sais bien. Mille fois. Cent mille fois.<\/p>\n<p>J.<\/p>\n<p><a href=\"#_ftnref1\" name=\"_ftn1\">[1]<\/a> Annonce pr\u00e9monitoire des \u00ab trente glorieuses \u00bb.(note de FGR)<\/p>\n","protected":false},"excerpt":{"rendered":"<p>\u00a0 Dimanche 24 ao\u00fbt 1947 Ma petite fille ch\u00e9rie, J\u2019ai bien re\u00e7u toutes tes grandes lettres contenant tous les parfums de la terre, toutes les fleurs des bois, toutes les \u00e9chapp\u00e9es immenses dans la campagne libre, tout le bonheur qu\u2019on &hellip; <a href=\"https:\/\/monperejeanmamy.fr\/?page_id=2409\">Continuer la lecture <span class=\"meta-nav\">&rarr;<\/span><\/a><\/p>\n","protected":false},"author":2,"featured_media":11,"parent":0,"menu_order":0,"comment_status":"closed","ping_status":"closed","template":"","meta":[],"folder":[],"_links":{"self":[{"href":"https:\/\/monperejeanmamy.fr\/index.php?rest_route=\/wp\/v2\/pages\/2409"}],"collection":[{"href":"https:\/\/monperejeanmamy.fr\/index.php?rest_route=\/wp\/v2\/pages"}],"about":[{"href":"https:\/\/monperejeanmamy.fr\/index.php?rest_route=\/wp\/v2\/types\/page"}],"author":[{"embeddable":true,"href":"https:\/\/monperejeanmamy.fr\/index.php?rest_route=\/wp\/v2\/users\/2"}],"replies":[{"embeddable":true,"href":"https:\/\/monperejeanmamy.fr\/index.php?rest_route=%2Fwp%2Fv2%2Fcomments&post=2409"}],"version-history":[{"count":3,"href":"https:\/\/monperejeanmamy.fr\/index.php?rest_route=\/wp\/v2\/pages\/2409\/revisions"}],"predecessor-version":[{"id":2418,"href":"https:\/\/monperejeanmamy.fr\/index.php?rest_route=\/wp\/v2\/pages\/2409\/revisions\/2418"}],"wp:featuredmedia":[{"embeddable":true,"href":"https:\/\/monperejeanmamy.fr\/index.php?rest_route=\/wp\/v2\/media\/11"}],"wp:attachment":[{"href":"https:\/\/monperejeanmamy.fr\/index.php?rest_route=%2Fwp%2Fv2%2Fmedia&parent=2409"}],"wp:term":[{"taxonomy":"folder","embeddable":true,"href":"https:\/\/monperejeanmamy.fr\/index.php?rest_route=%2Fwp%2Fv2%2Ffolder&post=2409"}],"curies":[{"name":"wp","href":"https:\/\/api.w.org\/{rel}","templated":true}]}}