{"id":2423,"date":"2021-04-25T18:08:04","date_gmt":"2021-04-25T16:08:04","guid":{"rendered":"http:\/\/monperejeanmamy.fr\/?page_id=2423"},"modified":"2024-01-22T12:04:34","modified_gmt":"2024-01-22T11:04:34","slug":"jm-a-jr-fresnes-47-09-07","status":"publish","type":"page","link":"https:\/\/monperejeanmamy.fr\/?page_id=2423","title":{"rendered":"JM \u00e0 JR (Fresnes 47\/09\/07)"},"content":{"rendered":"<p><strong>\u00a0<\/strong><a href=\"http:\/\/monperejeanmamy.fr\/?page_id=2419\"><img loading=\"lazy\" class=\"wp-image-1352 alignleft\" src=\"http:\/\/monperejeanmamy.fr\/wp-content\/uploads\/2021\/03\/Lettre-precedente.jpg\" alt=\"\" width=\"143\" height=\"78\" \/><\/a><a href=\"http:\/\/monperejeanmamy.fr\/?page_id=2428\"><img loading=\"lazy\" class=\"alignright wp-image-1353\" src=\"http:\/\/monperejeanmamy.fr\/wp-content\/uploads\/2021\/03\/Lettre-suivante.jpg\" alt=\"\" width=\"139\" height=\"76\" \/><\/a><\/p>\n<p style=\"text-align: center;\"><strong>Dimanche 7 septembre 1947<\/strong><\/p>\n<p style=\"text-align: center;\">Ma petite fille ch\u00e9rie,<\/p>\n<p style=\"text-align: justify;\">Tu \u00e9tais bien jolie, et brunie, et toute fi\u00e8re, dans la cage \u00e0 moineaux. Pleine de campagne, et de bonheur, et de chants du ciel, et toute neuve, avec des yeux o\u00f9 l\u2019on lisait clair, et un sourire \u00e0 br\u00fbler le c\u0153ur. J\u2019\u00e9tais tr\u00e8s fier de te voir si gracieuse, tr\u00e8s heureux de te sentir si aimante et sinc\u00e8re, tr\u00e8s farouchement heureux de voir sous ma tendresse une moisson pleine de toutes les gr\u00e2ces \u00e0 ch\u00e9rir, de toutes les pens\u00e9es pures \u00e0 adorer d\u00e9votement.<\/p>\n<p style=\"text-align: justify;\">Et ton petit corsage bleu clair \u00e9tait charmant. Et ton turban exquis. Tout \u00e9tait parfait.<\/p>\n<p style=\"text-align: justify;\">Je t\u2019aime beaucoup. Je t\u2019aime de mieux en mieux. Je crois que je vais tellement t\u2019aimer qu\u2019il va falloir m\u2019arr\u00eater. Serait-ce obs\u00e9dant un homme qui vous aime avec si peu de discr\u00e9tion\u00a0? Nous allons contr\u00f4ler cette passion. Ah\u00a0! Mais\u2026<\/p>\n<p style=\"text-align: justify;\">C&rsquo;est-\u00e0-dire que je pense beaucoup \u00e0 toi. Beaucoup trop. Heureusement que j\u2019ai ma Bible qui prend tout mon temps. C\u2019est formidable le travail qu\u2019on a\u00a0!<\/p>\n<p style=\"text-align: justify;\">J\u2019\u00e9cris ce soir \u00e0 Flo[riot]. J\u2019ai vu Demery hier. Lui ai confirm\u00e9 mes intentions. Toutefois, il y a un fait nouveau. Veux-tu bien lire attentivement. C\u2019est toi qui te chargeras de l\u2019avertir : si l\u2019affaire dort, ne pas la r\u00e9veiller. Compris ? Donc attendre. Si au contraire danger d\u2019\u00eatre sur le dessus de la pile : imm\u00e9diatement faire la d\u00e9marche. Simple ? On m\u2019affirme qu\u2019elle dort. V\u00e9rifier. Discr\u00e8tement. Tout cela de la plus haute importance. Tu es la plus habile de toutes les petites femmes. Je lui \u00e9cris ce soir nouvelles indications. Vu ?<\/p>\n<p style=\"text-align: justify;\">Tu es la plus aim\u00e9e de toutes les petites filles. Tu es l\u2019unique. Tu es la seule que j\u2019ai trouv\u00e9e en qui je sente la s\u00e9curit\u00e9. Tu es celle sur qui je b\u00e2tirai. Tu es celle que j\u2019emm\u00e8nerai au bout du monde, au bout de la vie. Tu es mon jardin, mon ruisseau. J\u2019allais dire ma source, mais ce ne serait pas vrai. On t\u2019expliquera, mamzelle. Tu es, madame, celle que j\u2019ai prise par la main, sans conditions.<\/p>\n<p style=\"text-align: justify;\">Sais-tu que je suis farouchement fid\u00e8le.<\/p>\n<p style=\"text-align: justify;\">Il ne faut pas que je promette trop de choses pour te laisser un peu en \u00e9veil. Tu m\u2019endormirais dans la qui\u00e9tude sans plus me regarder\u2026 Mais non, je ne suis pas taquin \u2192 Tu peux dormir tranquille. Tant que tu veux. On ne commettra pas d\u2019attentat contre ton bonheur. Donne-moi simplement tous tes yeux, et toute ta joie, et toute ta peine, et tout ton horizon. Laisse-moi t\u2019aider \u00e0 vivre \u00e0 un souffle l\u00e9ger, musical. Laisse-moi chanter en sourdine, tempe contre front. Laisse-moi vivre en silence contre tes cheveux.<\/p>\n<p style=\"text-align: justify;\">Souris. Il faut que tu sois si contente, si lib\u00e9r\u00e9e dans ta pl\u00e9nitude, que tout le ciel en croule de joie. Ne dis rien de tous ces secrets. Ils ne sont qu\u2019\u00e0 nous.<\/p>\n<p style=\"text-align: justify;\">Je crois bien que je pense \u00e0 toi avec une certitude absolue. Ce n\u2019est pas de la suggestion, c\u2019est de l\u2019intelligence et un fait.<\/p>\n<p style=\"text-align: justify;\">Je crois que jeudi dernier tu m\u2019as regard\u00e9 avec sympathie, avec int\u00e9r\u00eat. Il me semble m\u00eame que tu as d\u00e9couvert quelque chose de neuf. Impression. Pas vanit\u00e9. Impression. Me suis-je tromp\u00e9\u00a0? Non\u00a0? Oui\u00a0?<\/p>\n<p style=\"text-align: justify;\">Moi, j\u2019ai certainement vu beaucoup plus clair encore. C\u2019\u00e9tait parfait. Tout est tr\u00e8s bien. Nous pouvons envisager l\u2019avenir comme le pr\u00e9sent. Avec confiance.<\/p>\n<p style=\"text-align: justify;\">Et j\u2019ai beaucoup aim\u00e9 que tu m\u2019aies parl\u00e9 de travail. C\u2019est si rare. Je ne vis que pour cela. L\u2019activit\u00e9, l\u2019\u0153uvre, l\u2019acte, la forme de l\u2019esprit (m\u00eame sans formes).<\/p>\n<p style=\"text-align: justify;\">Et j\u2019ai beaucoup aim\u00e9 que tu me parles de tout. Et de rien. Et que tu me montres tes yeux tout grands. La photo de Fr\u00e9d\u00e9ric est charmante (pas celle du doigt, l\u2019autre). Il est sur mon mur comme le roi de tout.<\/p>\n<p style=\"text-align: justify;\">Dors vite. Dors bien. Dors sans r\u00eaver. C&rsquo;est-\u00e0-dire r\u00e9veille-toi dans la douceur intime de l\u2019amour, dans la paix sereine. Nuit sans lune. Ombre douce. Sous ma lampe je pense que tu es tr\u00e8s heureuse. Il faut savoir que je suis tr\u00e8s pr\u00e8s de toi, si pr\u00e8s \u00e0 ne plus \u00eatre qu\u2019un. Si certaine d\u2019\u00eatre aim\u00e9e. Encore plus. Toujours davantage. Et si simplement. \u00c0 mains ouvertes. \u00c0 c\u0153ur ouvert. \u00c0 yeux tr\u00e8s larges. Mets ta t\u00eate sur mon \u00e9paule. Pour toujours. C\u2019est tr\u00e8s solide une \u00e9paule de roc comme celle-l\u00e0. On y dort toute la vie. Bonsoir ch\u00e9rie.<\/p>\n<h1 style=\"text-align: justify;\"><span style=\"text-decoration: underline;\">Lundi 9 h.<\/span><\/h1>\n<p style=\"text-align: justify;\">Tout \u00e0 l\u2019heure, en d\u00e9faisant tous les menus paquets du colis je pensais combien cela repr\u00e9sentait depuis trois ans de d\u00e9vouement, de sacrifice, d\u2019efforts, d\u2019attentions, d\u2019amour, de tout ce qu\u2019un c\u0153ur de femme peut enfanter dans le bien. Tu es un tr\u00e9sor, et je ne veux point que tu te prives pour moi, mais tu as fait plus que ton devoir en m\u2019assurant pendant cette longue d\u00e9tention d\u2019une pr\u00e9sence si constante, si r\u00e9elle, en apportant ce qu\u2019il faut pour que la vie, la r\u00e9elle, continue quotidiennement, en t\u2019ing\u00e9niant \u00e0 trouver toutes les solutions utiles, en d\u00e9fendant, corps et \u00e2me, ton bien, notre bien. Tu es ma jeunesse, plus encore, mon amie, plus encore, ma compagne, plus encore, l\u2019\u00e9pouse qui sait, et qui lutte, et qui gagnera, et qui a d\u00e9j\u00e0 tout gagn\u00e9. Je t\u2019embrasse pour tout ce que tu es. Je te remercie pour tout ce que tu fais. Je te ch\u00e9ris pour tout ce que je re\u00e7ois. Et puiss\u00e9-je agrandir tout mon c\u0153ur si large, jusqu\u2019\u00e0 l\u2019infini, pour mieux te comprendre et t\u2019aimer. Tu n\u2019imagines pas \u00e0 quel point je suis touch\u00e9.<\/p>\n<p style=\"text-align: justify;\">Toute cette lumi\u00e8re m\u2019est apparue plus brillante encore ce matin. On te sent vivre comme une flamme. On pense \u00e0 toi, et c\u2019est le bruit d\u2019une source toujours pr\u00e9sente qui est l\u00e0, vivante, et qui rafra\u00eechit la terre. Tu es mon ange. Je te d\u00e9fendrai contre tout jusqu\u2019\u00e0 la pl\u00e9nitude de notre union, de notre camaraderie maritale, tout le long du sentier \u00e9troit qu\u2019il faut prendre pour aller jusqu\u2019\u00e0 la Promesse ultime. Tu m\u2019as grandi dans l\u2019Amour. Sais-tu bien que je n\u2019ai jamais \u00e9crit ces mots l\u00e0 \u00e0 personne, que je n\u2019ai jamais pens\u00e9 \u00e0 personne avec ces mots l\u00e0, que je n\u2019ai jamais regard\u00e9 personne avec ces yeux l\u00e0\u2026 des yeux ferm\u00e9s\u2026 des antennes de vie. Sais-tu qu\u2019il s\u2019est ouvert en moi non plus un d\u00e9sir, mais un don, un abandon, un sourire de confiance, un soulagement dans l\u2019accord, une note juste, tonique, si haute, si pure, qu\u2019elle fait trembler le ciel. Est-ce que tu comprends que j\u2019entre entre ton amour comme dans un paradis, que j\u2019entre dans ta pens\u00e9e comme dans une chambre famili\u00e8re o\u00f9 la lumi\u00e8re a mis en relief tous les bijoux, tous les bibelots, tous les tableaux de prix, toutes les \u00e9toffes pr\u00e9cieuses, tout le luxe de la volupt\u00e9 spirituelle. Ces qualit\u00e9s brillantes ou discr\u00e8tes qui se sont formul\u00e9es en poses hi\u00e9ratiques, elle vont et viennent, dorment et vivent, gisent et chantent, au point que le palais de nos d\u00e9sirs les plus hauts sont satisfaits habilement par ces f\u00e9es passionn\u00e9es. Nous vivons dans nos chaumi\u00e8res, dans nos \u00e9preuves comme dans nos r\u00e9jouissances, tels des princes qui sont ob\u00e9issants \u00e0 leur p\u00e8re, un si majestueux seigneur qui les a fait dignes d\u2019accomplir tout le bien qu\u2019ils portent en eux.<\/p>\n<p style=\"text-align: justify;\">Depuis une heure je n\u2019arrive point \u00e0 finir ma lettre au milieu des conversations. Il est entr\u00e9 ici plusieurs ministres qui sont venus cogiter et annoncer l\u2019avenir, d\u00e9plorer, rem\u00e2cher le pass\u00e9, supputer le lendemain. Mais tes fleurs, depuis ce matin, ont repris tout leur \u00e9clat. Nourries d\u2019eau vive, elles ont hurl\u00e9 leur splendeur douce. Je t\u2019embrasse pour elles et pour toi.<\/p>\n<p style=\"text-align: justify;\">Veux-tu veiller \u00e0 mettre dans le prochain colis des allumettes et si possible du m\u00e9ta dont je me sers conjointement avec l\u2019\u00e9lectricit\u00e9. De temps en temps une bo\u00eete me sera utile. Il parait qu\u2019il est rare. Ne te tourmente pas si tu n\u2019en trouves point.<\/p>\n<p style=\"text-align: justify;\">Merci pour le papier. Merci pour tout.<\/p>\n<p style=\"text-align: justify;\">Veux-tu aussi demander \u00e0 ma m\u00e8re si elle n\u2019a pas re\u00e7u pour moi le livre de Maurice Bard\u00e8che, <em>Lettre \u00e0 Fran\u00e7ois Mauriac<\/em>\u00a0? Si oui, d\u00e9pose-le au greffe. Ou bien qu\u2019elle l\u2019apporte le mardi l\u00e0 o\u00f9 elle va.<\/p>\n<p style=\"text-align: justify;\">C\u2019est l\u2019heure de la soupe. Je terminerai tout \u00e0 l\u2019heure quand nous serons seuls.<\/p>\n<h1 style=\"text-align: justify;\"><u>20 heures<\/u>.<\/h1>\n<p style=\"text-align: justify;\">Tes fleurs sont maintenant compl\u00e8tement \u00e9panouies. \u00c0 l\u2019image de mon c\u0153ur d\u00e9tendu qui a trouv\u00e9 sa pl\u00e9nitude \u00e0 consid\u00e9rer comme tu \u00e9tais bonne et simple. J\u2019aime ta simplicit\u00e9 comme une fleur. Nous avons discut\u00e9 tout \u00e0 l\u2019heure, mes camarades et moi, pour savoir si c\u2019\u00e9taient des dahlias\u00a0???<\/p>\n<p style=\"text-align: justify;\">Nous allons maintenant r\u00e9aliser beaucoup de choses. D\u2019abord la libert\u00e9. J\u2019ai eu tout \u00e0 l\u2019heure des pr\u00e9cisions suppl\u00e9mentaires. Suis bien les indications que je te donne. Mets-toi en rapport avec D. et n\u2019\u00e9veille pas l\u2019attention. Ce qui est dans un coin n\u2019a pas \u00e0 \u00eatre d\u00e9rang\u00e9. Quand il le faudra, intervenez. Mais prudence extr\u00eame. Et motus. Voil\u00e0 pour ce soir tout ce que j\u2019ai \u00e0 te dire. R\u00e9p\u00e9tons encore tout ce qu\u2019il faut que tu saches\u00a0: tout est bien. Pas de nuages. De la patience. Du bonheur \u00e0 attendre. Du bonheur \u00e0 savoir que tout est d\u00e9j\u00e0 arrang\u00e9 dans le meilleur des mondes. Du bonheur \u00e0 \u00eatre certaine qu\u2019on t\u2019aime, au-del\u00e0 de toute esp\u00e9rance. Du bonheur \u00e0 \u00eatre si calme que la vie paraisse limpide comme un ciel tendre, du bonheur \u00e0 esp\u00e9rer, du bonheur \u00e0 comprendre. Je ne te manquerai plus jamais. Nous sommes toujours pr\u00e9sents l\u2019un pour l\u2019autre. Tu es toute enti\u00e8re b\u00e9nie. Et le Fr\u00e9d\u00e9ric est le plus bel enfant de la terre et des cieux.<\/p>\n<p>J.<\/p>\n<p>&nbsp;<\/p>\n","protected":false},"excerpt":{"rendered":"<p>\u00a0 Dimanche 7 septembre 1947 Ma petite fille ch\u00e9rie, Tu \u00e9tais bien jolie, et brunie, et toute fi\u00e8re, dans la cage \u00e0 moineaux. Pleine de campagne, et de bonheur, et de chants du ciel, et toute neuve, avec des yeux &hellip; <a href=\"https:\/\/monperejeanmamy.fr\/?page_id=2423\">Continuer la lecture <span class=\"meta-nav\">&rarr;<\/span><\/a><\/p>\n","protected":false},"author":2,"featured_media":11,"parent":0,"menu_order":0,"comment_status":"closed","ping_status":"closed","template":"","meta":[],"folder":[],"_links":{"self":[{"href":"https:\/\/monperejeanmamy.fr\/index.php?rest_route=\/wp\/v2\/pages\/2423"}],"collection":[{"href":"https:\/\/monperejeanmamy.fr\/index.php?rest_route=\/wp\/v2\/pages"}],"about":[{"href":"https:\/\/monperejeanmamy.fr\/index.php?rest_route=\/wp\/v2\/types\/page"}],"author":[{"embeddable":true,"href":"https:\/\/monperejeanmamy.fr\/index.php?rest_route=\/wp\/v2\/users\/2"}],"replies":[{"embeddable":true,"href":"https:\/\/monperejeanmamy.fr\/index.php?rest_route=%2Fwp%2Fv2%2Fcomments&post=2423"}],"version-history":[{"count":4,"href":"https:\/\/monperejeanmamy.fr\/index.php?rest_route=\/wp\/v2\/pages\/2423\/revisions"}],"predecessor-version":[{"id":3255,"href":"https:\/\/monperejeanmamy.fr\/index.php?rest_route=\/wp\/v2\/pages\/2423\/revisions\/3255"}],"wp:featuredmedia":[{"embeddable":true,"href":"https:\/\/monperejeanmamy.fr\/index.php?rest_route=\/wp\/v2\/media\/11"}],"wp:attachment":[{"href":"https:\/\/monperejeanmamy.fr\/index.php?rest_route=%2Fwp%2Fv2%2Fmedia&parent=2423"}],"wp:term":[{"taxonomy":"folder","embeddable":true,"href":"https:\/\/monperejeanmamy.fr\/index.php?rest_route=%2Fwp%2Fv2%2Ffolder&post=2423"}],"curies":[{"name":"wp","href":"https:\/\/api.w.org\/{rel}","templated":true}]}}